{"id":31059,"date":"2019-06-04T14:56:14","date_gmt":"2019-06-04T12:56:14","guid":{"rendered":"http:\/\/136.144.181.85\/~nedzink\/informacje-techniczne\/elementy-budowlane\/opierzenia-murow\/"},"modified":"2019-06-04T14:56:14","modified_gmt":"2019-06-04T12:56:14","slug":"opierzenia-murow","status":"publish","type":"page","link":"https:\/\/www.nedzink.com\/pl\/elementy-budowlane\/opierzenia-murow\/","title":{"rendered":"Opierzenia mur\u00f3w"},"content":{"rendered":"<p>\n\tTak samo jak przy opierzenach attyk, wolnostoj\u0105ce mury nale\u017cy chroni\u0107 przed permanentnym zawilgoceniem. Je\u015bli tak nie jest, powsta\u0107 mog\u0105 niepo\u017c\u0105dane wykwity, plamy ple\u015bniowe i szkody pod wp\u0142ywem mrozu. D\u0142ugotrwa\u0142\u0105 ochron\u0119 zapewniaj\u0105 opierzenia, umieszczone na koronie muru. Umocowanie mo\u017ce by\u0107 zar&oacute;wno bezpo\u015brednie jak i po\u015brednie, analogicznie jak przy attyce. Nale\u017cy zwraca\u0107 uwag\u0119 na minimalny spadek poprzeczny wynosz\u0105cy 3&deg;.<\/p>\n<p>\n\tZalecane s\u0105 nast\u0119puj\u0105ce grubo\u015bci materia\u0142u:<\/p>\n<table align=\"middle\" border=\"1\" cellpadding=\"1\" cellspacing=\"1\" style=\"WIDTH: 500px\">\n<tbody>\n<tr>\n<td>\n\t\t\t\tDoci\u0119cie mm<\/td>\n<td>\n<p align=\"center\">\n\t\t\t\t\tPrzy mocowaniu pasami haftrowymi<\/p>\n<\/td>\n<td>\n<p align=\"center\">\n\t\t\t\t\tPrzy mocowaniu klejonym<\/p>\n<\/td>\n<\/tr>\n<tr>\n<td>\n<p align=\"center\">\n\t\t\t\t\t&le; 400<\/p>\n<\/td>\n<td>\n<p align=\"center\">\n\t\t\t\t\t0,70 mm<\/p>\n<\/td>\n<td>\n<p align=\"center\">\n\t\t\t\t\t0,80 mm<\/p>\n<\/td>\n<\/tr>\n<tr>\n<td>\n<p align=\"center\">\n\t\t\t\t\t&gt; 400<\/p>\n<\/td>\n<td>\n<p align=\"center\">\n\t\t\t\t\t0,80 mm<\/p>\n<\/td>\n<td>\n<p align=\"center\">\n\t\t\t\t\t1,00 mm<\/p>\n<\/td>\n<\/tr>\n<tr>\n<td>\n<p align=\"center\">\n\t\t\t\t\t&gt; 600<\/p>\n<\/td>\n<td>\n<p align=\"center\">\n\t\t\t\t\t1,00 mm<\/p>\n<\/td>\n<td>\n<p align=\"center\">\n\t\t\t\t\t1,00 mm<\/p>\n<\/td>\n<\/tr>\n<\/tbody>\n<\/table>\n<p>\n\tZale\u017cnie od wysoko\u015bci budynku, kraw\u0119d\u017a okapowa opierzenia muru powinna mie\u0107 minimalny odst\u0119p od muru:<\/p>\n<table align=\"middle\" border=\"1\" cellpadding=\"1\" cellspacing=\"1\" style=\"WIDTH: 500px\">\n<tbody>\n<tr>\n<td>\n<p style=\"text-align: center;\">\n\t\t\t\t\tWysoko\u015b\u0107 budynku<\/p>\n<p style=\"text-align: center;\">\n\t\t\t\t\tm<\/p>\n<\/td>\n<td>\n<p style=\"text-align: center;\">\n\t\t\t\t\tOpierzenie korony muru<\/p>\n<p style=\"text-align: center;\">\n\t\t\t\t\tw d&oacute;\u0142<\/p>\n<\/td>\n<td>\n<p style=\"text-align: center;\">\n\t\t\t\t\tOdleg\u0142o\u015b\u0107 kraw\u0119dzi okapowej<\/p>\n<p style=\"text-align: center;\">\n\t\t\t\t\tdo muru<\/p>\n<\/td>\n<\/tr>\n<tr>\n<td>\n<p align=\"center\">\n\t\t\t\t\t&le;8<\/p>\n<\/td>\n<td>\n<p align=\"center\">\n\t\t\t\t\t&ge;50 mm<\/p>\n<\/td>\n<td>\n<p align=\"center\">\n\t\t\t\t\t&ge;20 mm<\/p>\n<\/td>\n<\/tr>\n<tr>\n<td>\n<p align=\"center\">\n\t\t\t\t\t&gt;8 &#8211; &le;20<\/p>\n<\/td>\n<td>\n<p align=\"center\">\n\t\t\t\t\t&ge;80 mm<\/p>\n<\/td>\n<td>\n<p align=\"center\">\n\t\t\t\t\t&ge;30 mm<\/p>\n<\/td>\n<\/tr>\n<tr>\n<td>\n<p align=\"center\">\n\t\t\t\t\t&gt;20 &#8211; &le;100<\/p>\n<\/td>\n<td>\n<p align=\"center\">\n\t\t\t\t\t&ge;1,00 mm<\/p>\n<\/td>\n<td>\n<p align=\"center\">\n\t\t\t\t\t&ge;40 mm<\/p>\n<\/td>\n<\/tr>\n<\/tbody>\n<\/table>\n<p>\n\tPrzy monta\u017cu nale\u017cy zwraca\u0107 uwag\u0119, by zale\u017cne od temperatury zmiany d\u0142ugo\u015bci mog\u0142y by\u0107 skompensowane przez dylatacj\u0119.<br \/>\n\tDla opierze\u0144 mur&oacute;w obowi\u0105zuj\u0105 nast\u0119puj\u0105ce odst\u0119py dylatacji:<\/p>\n<ul>\n<li>\n\t\tDoci\u0119cie &le;&nbsp; 500 mm&nbsp;&#8211;&gt; max. 12 m<\/li>\n<li>\n\t\tDoci\u0119cie &gt;&nbsp; 500 mm&nbsp;&#8211;&gt; max.&nbsp;&nbsp; 9 m<\/li>\n<\/ul>\n","protected":false},"excerpt":{"rendered":"<p>Tak samo jak przy opierzenach attyk, wolnostoj\u0105ce mury nale\u017cy chroni\u0107 przed permanentnym zawilgoceniem. Je\u015bli tak nie jest, powsta\u0107 mog\u0105 niepo\u017c\u0105dane wykwity, plamy ple\u015bniowe i szkody pod wp\u0142ywem mrozu. D\u0142ugotrwa\u0142\u0105 ochron\u0119 zapewniaj\u0105 opierzenia, umieszczone na koronie muru. Umocowanie mo\u017ce by\u0107 zar&oacute;wno bezpo\u015brednie jak i po\u015brednie, analogicznie jak przy attyce. Nale\u017cy zwraca\u0107 uwag\u0119 na minimalny spadek poprzeczny [&hellip;]<\/p>\n","protected":false},"author":9,"featured_media":0,"parent":31009,"menu_order":1040,"comment_status":"closed","ping_status":"closed","template":"template-import.php","meta":{"_acf_changed":false,"footnotes":""},"class_list":["post-31059","page","type-page","status-publish","hentry"],"acf":[],"yoast_head":"<!-- This site is optimized with the Yoast SEO plugin v26.8 - https:\/\/yoast.com\/product\/yoast-seo-wordpress\/ -->\n<title>Opierzenia mur\u00f3w &#8211; NedZink<\/title>\n<meta name=\"robots\" content=\"index, follow, max-snippet:-1, max-image-preview:large, max-video-preview:-1\" \/>\n<link rel=\"canonical\" href=\"https:\/\/www.nedzink.com\/pl\/elementy-budowlane\/opierzenia-murow\/\" \/>\n<meta property=\"og:locale\" content=\"pl_PL\" \/>\n<meta property=\"og:type\" content=\"article\" \/>\n<meta property=\"og:title\" content=\"Opierzenia mur\u00f3w &#8211; NedZink\" \/>\n<meta property=\"og:description\" content=\"Tak samo jak przy opierzenach attyk, wolnostoj\u0105ce mury nale\u017cy chroni\u0107 przed permanentnym zawilgoceniem. Je\u015bli tak nie jest, powsta\u0107 mog\u0105 niepo\u017c\u0105dane wykwity, plamy ple\u015bniowe i szkody pod wp\u0142ywem mrozu. D\u0142ugotrwa\u0142\u0105 ochron\u0119 zapewniaj\u0105 opierzenia, umieszczone na koronie muru. Umocowanie mo\u017ce by\u0107 zar&oacute;wno bezpo\u015brednie jak i po\u015brednie, analogicznie jak przy attyce. Nale\u017cy zwraca\u0107 uwag\u0119 na minimalny spadek poprzeczny [&hellip;]\" \/>\n<meta property=\"og:url\" content=\"https:\/\/www.nedzink.com\/pl\/elementy-budowlane\/opierzenia-murow\/\" \/>\n<meta property=\"og:site_name\" content=\"NedZink\" \/>\n<meta name=\"twitter:card\" content=\"summary_large_image\" \/>\n<meta name=\"twitter:label1\" content=\"Szacowany czas czytania\" \/>\n\t<meta name=\"twitter:data1\" content=\"1 minuta\" \/>\n<script type=\"application\/ld+json\" class=\"yoast-schema-graph\">{\"@context\":\"https:\/\/schema.org\",\"@graph\":[{\"@type\":\"WebPage\",\"@id\":\"https:\/\/www.nedzink.com\/pl\/elementy-budowlane\/opierzenia-murow\/\",\"url\":\"https:\/\/www.nedzink.com\/pl\/elementy-budowlane\/opierzenia-murow\/\",\"name\":\"Opierzenia mur\u00f3w &#8211; NedZink\",\"isPartOf\":{\"@id\":\"https:\/\/www.nedzink.com\/pl\/#website\"},\"datePublished\":\"2019-06-04T12:56:14+00:00\",\"breadcrumb\":{\"@id\":\"https:\/\/www.nedzink.com\/pl\/elementy-budowlane\/opierzenia-murow\/#breadcrumb\"},\"inLanguage\":\"pl-PL\",\"potentialAction\":[{\"@type\":\"ReadAction\",\"target\":[\"https:\/\/www.nedzink.com\/pl\/elementy-budowlane\/opierzenia-murow\/\"]}]},{\"@type\":\"BreadcrumbList\",\"@id\":\"https:\/\/www.nedzink.com\/pl\/elementy-budowlane\/opierzenia-murow\/#breadcrumb\",\"itemListElement\":[{\"@type\":\"ListItem\",\"position\":1,\"name\":\"Home\",\"item\":\"https:\/\/www.nedzink.com\/pl\/\"},{\"@type\":\"ListItem\",\"position\":2,\"name\":\"Elementy budowlane\",\"item\":\"https:\/\/www.nedzink.com\/pl\/elementy-budowlane\/\"},{\"@type\":\"ListItem\",\"position\":3,\"name\":\"Opierzenia mur\u00f3w\"}]},{\"@type\":\"WebSite\",\"@id\":\"https:\/\/www.nedzink.com\/pl\/#website\",\"url\":\"https:\/\/www.nedzink.com\/pl\/\",\"name\":\"NedZink\",\"description\":\"Zink fabrikant\",\"publisher\":{\"@id\":\"https:\/\/www.nedzink.com\/pl\/#organization\"},\"potentialAction\":[{\"@type\":\"SearchAction\",\"target\":{\"@type\":\"EntryPoint\",\"urlTemplate\":\"https:\/\/www.nedzink.com\/pl\/?s={search_term_string}\"},\"query-input\":{\"@type\":\"PropertyValueSpecification\",\"valueRequired\":true,\"valueName\":\"search_term_string\"}}],\"inLanguage\":\"pl-PL\"},{\"@type\":\"Organization\",\"@id\":\"https:\/\/www.nedzink.com\/pl\/#organization\",\"name\":\"NedZink\",\"url\":\"https:\/\/www.nedzink.com\/pl\/\",\"logo\":{\"@type\":\"ImageObject\",\"inLanguage\":\"pl-PL\",\"@id\":\"https:\/\/www.nedzink.com\/pl\/#\/schema\/logo\/image\/\",\"url\":\"https:\/\/www.nedzink.com\/wp-content\/uploads\/2019\/08\/logo-nedzink_fc_zk.jpg\",\"contentUrl\":\"https:\/\/www.nedzink.com\/wp-content\/uploads\/2019\/08\/logo-nedzink_fc_zk.jpg\",\"width\":2160,\"height\":688,\"caption\":\"NedZink\"},\"image\":{\"@id\":\"https:\/\/www.nedzink.com\/pl\/#\/schema\/logo\/image\/\"}}]}<\/script>\n<!-- \/ Yoast SEO plugin. -->","yoast_head_json":{"title":"Opierzenia mur\u00f3w &#8211; NedZink","robots":{"index":"index","follow":"follow","max-snippet":"max-snippet:-1","max-image-preview":"max-image-preview:large","max-video-preview":"max-video-preview:-1"},"canonical":"https:\/\/www.nedzink.com\/pl\/elementy-budowlane\/opierzenia-murow\/","og_locale":"pl_PL","og_type":"article","og_title":"Opierzenia mur\u00f3w &#8211; NedZink","og_description":"Tak samo jak przy opierzenach attyk, wolnostoj\u0105ce mury nale\u017cy chroni\u0107 przed permanentnym zawilgoceniem. Je\u015bli tak nie jest, powsta\u0107 mog\u0105 niepo\u017c\u0105dane wykwity, plamy ple\u015bniowe i szkody pod wp\u0142ywem mrozu. D\u0142ugotrwa\u0142\u0105 ochron\u0119 zapewniaj\u0105 opierzenia, umieszczone na koronie muru. Umocowanie mo\u017ce by\u0107 zar&oacute;wno bezpo\u015brednie jak i po\u015brednie, analogicznie jak przy attyce. Nale\u017cy zwraca\u0107 uwag\u0119 na minimalny spadek poprzeczny [&hellip;]","og_url":"https:\/\/www.nedzink.com\/pl\/elementy-budowlane\/opierzenia-murow\/","og_site_name":"NedZink","twitter_card":"summary_large_image","twitter_misc":{"Szacowany czas czytania":"1 minuta"},"schema":{"@context":"https:\/\/schema.org","@graph":[{"@type":"WebPage","@id":"https:\/\/www.nedzink.com\/pl\/elementy-budowlane\/opierzenia-murow\/","url":"https:\/\/www.nedzink.com\/pl\/elementy-budowlane\/opierzenia-murow\/","name":"Opierzenia mur\u00f3w &#8211; NedZink","isPartOf":{"@id":"https:\/\/www.nedzink.com\/pl\/#website"},"datePublished":"2019-06-04T12:56:14+00:00","breadcrumb":{"@id":"https:\/\/www.nedzink.com\/pl\/elementy-budowlane\/opierzenia-murow\/#breadcrumb"},"inLanguage":"pl-PL","potentialAction":[{"@type":"ReadAction","target":["https:\/\/www.nedzink.com\/pl\/elementy-budowlane\/opierzenia-murow\/"]}]},{"@type":"BreadcrumbList","@id":"https:\/\/www.nedzink.com\/pl\/elementy-budowlane\/opierzenia-murow\/#breadcrumb","itemListElement":[{"@type":"ListItem","position":1,"name":"Home","item":"https:\/\/www.nedzink.com\/pl\/"},{"@type":"ListItem","position":2,"name":"Elementy budowlane","item":"https:\/\/www.nedzink.com\/pl\/elementy-budowlane\/"},{"@type":"ListItem","position":3,"name":"Opierzenia mur\u00f3w"}]},{"@type":"WebSite","@id":"https:\/\/www.nedzink.com\/pl\/#website","url":"https:\/\/www.nedzink.com\/pl\/","name":"NedZink","description":"Zink fabrikant","publisher":{"@id":"https:\/\/www.nedzink.com\/pl\/#organization"},"potentialAction":[{"@type":"SearchAction","target":{"@type":"EntryPoint","urlTemplate":"https:\/\/www.nedzink.com\/pl\/?s={search_term_string}"},"query-input":{"@type":"PropertyValueSpecification","valueRequired":true,"valueName":"search_term_string"}}],"inLanguage":"pl-PL"},{"@type":"Organization","@id":"https:\/\/www.nedzink.com\/pl\/#organization","name":"NedZink","url":"https:\/\/www.nedzink.com\/pl\/","logo":{"@type":"ImageObject","inLanguage":"pl-PL","@id":"https:\/\/www.nedzink.com\/pl\/#\/schema\/logo\/image\/","url":"https:\/\/www.nedzink.com\/wp-content\/uploads\/2019\/08\/logo-nedzink_fc_zk.jpg","contentUrl":"https:\/\/www.nedzink.com\/wp-content\/uploads\/2019\/08\/logo-nedzink_fc_zk.jpg","width":2160,"height":688,"caption":"NedZink"},"image":{"@id":"https:\/\/www.nedzink.com\/pl\/#\/schema\/logo\/image\/"}}]}},"_links":{"self":[{"href":"https:\/\/www.nedzink.com\/pl\/wp-json\/wp\/v2\/pages\/31059","targetHints":{"allow":["GET"]}}],"collection":[{"href":"https:\/\/www.nedzink.com\/pl\/wp-json\/wp\/v2\/pages"}],"about":[{"href":"https:\/\/www.nedzink.com\/pl\/wp-json\/wp\/v2\/types\/page"}],"author":[{"embeddable":true,"href":"https:\/\/www.nedzink.com\/pl\/wp-json\/wp\/v2\/users\/9"}],"replies":[{"embeddable":true,"href":"https:\/\/www.nedzink.com\/pl\/wp-json\/wp\/v2\/comments?post=31059"}],"version-history":[{"count":0,"href":"https:\/\/www.nedzink.com\/pl\/wp-json\/wp\/v2\/pages\/31059\/revisions"}],"up":[{"embeddable":true,"href":"https:\/\/www.nedzink.com\/pl\/wp-json\/wp\/v2\/pages\/31009"}],"wp:attachment":[{"href":"https:\/\/www.nedzink.com\/pl\/wp-json\/wp\/v2\/media?parent=31059"}],"curies":[{"name":"wp","href":"https:\/\/api.w.org\/{rel}","templated":true}]}}