{"id":31049,"date":"2019-06-04T14:56:09","date_gmt":"2019-06-04T12:56:09","guid":{"rendered":"http:\/\/136.144.181.85\/~nedzink\/informacje-techniczne\/elementy-budowlane\/attyki-opierzenia\/"},"modified":"2019-06-04T14:56:09","modified_gmt":"2019-06-04T12:56:09","slug":"attyki-opierzenia","status":"publish","type":"page","link":"https:\/\/www.nedzink.com\/pl\/attyki-opierzenia\/","title":{"rendered":"Attyki &#8211; Opierzenia"},"content":{"rendered":"<p>\n\tAttyka to \u015brednio wysoka nadstawka nad g\u0142&oacute;wnym gzymsem budowli. Przy dachach p\u0142askich attyk\u0105 nazywa si\u0119 obszar skraju dachu otaczaj\u0105cy swym podwy\u017cszeniem w\u0142a\u015bciw\u0105 powierzchni\u0119 dachu.&nbsp; Na attyce po\u0142\u0105czenia z powierzchni dachu wznosz\u0105 si\u0119 i zabezpieczaj\u0105 poprzez blachy opierzaj\u0105ce przeciw wnikaj\u0105cej wodzie opadowej. Mocowanie blach opierzeniowych jest po\u015brednie, albo za pomoc\u0105 odstaj\u0105cych blaszek, poprzez przykr\u0119cone do attyki uchwyty mocuj\u0105ce lub poprzez bezpo\u015brednie przyklejenie klejem bitumicznym na zimno.<\/p>\n<p>\n\t&nbsp;(Spadek poprzeczny opierzenia attyki powinien wykazywa\u0107 nachylenie minimum 3&deg; do powierzchni dachu)<\/p>\n<table border=\"0\" cellspacing=\"10\" width=\"100%\">\n<tbody>\n<tr>\n<td style=\"text-align: left; vertical-align: top\" width=\"45%\">\n\t\t\t\t<img decoding=\"async\" src=\"https:\/\/www.nedzink.com\/wp-content\/uploads\/import\/cms\/userfiles\/images\/attiken1.jpg\" style=\"border-bottom: 0px solid; border-left: 0px solid; width: 387px; height: 290px; border-top: 0px solid; border-right: 0px solid\" \/><\/td>\n<td style=\"text-align: left; vertical-align: top\" width=\"45%\">\n\t\t\t\t<img decoding=\"async\" src=\"https:\/\/www.nedzink.com\/wp-content\/uploads\/import\/cms\/userfiles\/images\/attiken2.jpg\" style=\"border-bottom: 0px solid; border-left: 0px solid; width: 386px; height: 290px; border-top: 0px solid; border-right: 0px solid\" \/><\/td>\n<\/tr>\n<\/tbody>\n<\/table>\n<p>\n\t&nbsp;<\/p>\n","protected":false},"excerpt":{"rendered":"<p>Attyka to \u015brednio wysoka nadstawka nad g\u0142&oacute;wnym gzymsem budowli. Przy dachach p\u0142askich attyk\u0105 nazywa si\u0119 obszar skraju dachu otaczaj\u0105cy swym podwy\u017cszeniem w\u0142a\u015bciw\u0105 powierzchni\u0119 dachu.&nbsp; Na attyce po\u0142\u0105czenia z powierzchni dachu wznosz\u0105 si\u0119 i zabezpieczaj\u0105 poprzez blachy opierzaj\u0105ce przeciw wnikaj\u0105cej wodzie opadowej. Mocowanie blach opierzeniowych jest po\u015brednie, albo za pomoc\u0105 odstaj\u0105cych blaszek, poprzez przykr\u0119cone do attyki [&hellip;]<\/p>\n","protected":false},"author":9,"featured_media":0,"parent":0,"menu_order":1030,"comment_status":"closed","ping_status":"closed","template":"template-import.php","meta":{"_acf_changed":false,"footnotes":""},"class_list":["post-31049","page","type-page","status-publish","hentry"],"acf":[],"yoast_head":"<!-- This site is optimized with the Yoast SEO plugin v26.8 - https:\/\/yoast.com\/product\/yoast-seo-wordpress\/ -->\n<title>Attyki - Opierzenia &#8211; NedZink<\/title>\n<meta name=\"robots\" content=\"index, follow, max-snippet:-1, max-image-preview:large, max-video-preview:-1\" \/>\n<link rel=\"canonical\" href=\"https:\/\/www.nedzink.com\/pl\/attyki-opierzenia\/\" \/>\n<meta property=\"og:locale\" content=\"pl_PL\" \/>\n<meta property=\"og:type\" content=\"article\" \/>\n<meta property=\"og:title\" content=\"Attyki - Opierzenia &#8211; NedZink\" \/>\n<meta property=\"og:description\" content=\"Attyka to \u015brednio wysoka nadstawka nad g\u0142&oacute;wnym gzymsem budowli. Przy dachach p\u0142askich attyk\u0105 nazywa si\u0119 obszar skraju dachu otaczaj\u0105cy swym podwy\u017cszeniem w\u0142a\u015bciw\u0105 powierzchni\u0119 dachu.&nbsp; Na attyce po\u0142\u0105czenia z powierzchni dachu wznosz\u0105 si\u0119 i zabezpieczaj\u0105 poprzez blachy opierzaj\u0105ce przeciw wnikaj\u0105cej wodzie opadowej. Mocowanie blach opierzeniowych jest po\u015brednie, albo za pomoc\u0105 odstaj\u0105cych blaszek, poprzez przykr\u0119cone do attyki [&hellip;]\" \/>\n<meta property=\"og:url\" content=\"https:\/\/www.nedzink.com\/pl\/attyki-opierzenia\/\" \/>\n<meta property=\"og:site_name\" content=\"NedZink\" \/>\n<meta property=\"og:image\" content=\"https:\/\/www.nedzink.com\/wp-content\/uploads\/import\/cms\/userfiles\/images\/attiken1.jpg\" \/>\n<meta name=\"twitter:card\" content=\"summary_large_image\" \/>\n<script type=\"application\/ld+json\" class=\"yoast-schema-graph\">{\"@context\":\"https:\/\/schema.org\",\"@graph\":[{\"@type\":\"WebPage\",\"@id\":\"https:\/\/www.nedzink.com\/pl\/attyki-opierzenia\/\",\"url\":\"https:\/\/www.nedzink.com\/pl\/attyki-opierzenia\/\",\"name\":\"Attyki - Opierzenia &#8211; NedZink\",\"isPartOf\":{\"@id\":\"https:\/\/www.nedzink.com\/pl\/#website\"},\"primaryImageOfPage\":{\"@id\":\"https:\/\/www.nedzink.com\/pl\/attyki-opierzenia\/#primaryimage\"},\"image\":{\"@id\":\"https:\/\/www.nedzink.com\/pl\/attyki-opierzenia\/#primaryimage\"},\"thumbnailUrl\":\"https:\/\/www.nedzink.com\/wp-content\/uploads\/import\/cms\/userfiles\/images\/attiken1.jpg\",\"datePublished\":\"2019-06-04T12:56:09+00:00\",\"breadcrumb\":{\"@id\":\"https:\/\/www.nedzink.com\/pl\/attyki-opierzenia\/#breadcrumb\"},\"inLanguage\":\"pl-PL\",\"potentialAction\":[{\"@type\":\"ReadAction\",\"target\":[\"https:\/\/www.nedzink.com\/pl\/attyki-opierzenia\/\"]}]},{\"@type\":\"ImageObject\",\"inLanguage\":\"pl-PL\",\"@id\":\"https:\/\/www.nedzink.com\/pl\/attyki-opierzenia\/#primaryimage\",\"url\":\"https:\/\/www.nedzink.com\/wp-content\/uploads\/import\/cms\/userfiles\/images\/attiken1.jpg\",\"contentUrl\":\"https:\/\/www.nedzink.com\/wp-content\/uploads\/import\/cms\/userfiles\/images\/attiken1.jpg\"},{\"@type\":\"BreadcrumbList\",\"@id\":\"https:\/\/www.nedzink.com\/pl\/attyki-opierzenia\/#breadcrumb\",\"itemListElement\":[{\"@type\":\"ListItem\",\"position\":1,\"name\":\"Home\",\"item\":\"https:\/\/www.nedzink.com\/pl\/\"},{\"@type\":\"ListItem\",\"position\":2,\"name\":\"Attyki &#8211; Opierzenia\"}]},{\"@type\":\"WebSite\",\"@id\":\"https:\/\/www.nedzink.com\/pl\/#website\",\"url\":\"https:\/\/www.nedzink.com\/pl\/\",\"name\":\"NedZink\",\"description\":\"Zink fabrikant\",\"publisher\":{\"@id\":\"https:\/\/www.nedzink.com\/pl\/#organization\"},\"potentialAction\":[{\"@type\":\"SearchAction\",\"target\":{\"@type\":\"EntryPoint\",\"urlTemplate\":\"https:\/\/www.nedzink.com\/pl\/?s={search_term_string}\"},\"query-input\":{\"@type\":\"PropertyValueSpecification\",\"valueRequired\":true,\"valueName\":\"search_term_string\"}}],\"inLanguage\":\"pl-PL\"},{\"@type\":\"Organization\",\"@id\":\"https:\/\/www.nedzink.com\/pl\/#organization\",\"name\":\"NedZink\",\"url\":\"https:\/\/www.nedzink.com\/pl\/\",\"logo\":{\"@type\":\"ImageObject\",\"inLanguage\":\"pl-PL\",\"@id\":\"https:\/\/www.nedzink.com\/pl\/#\/schema\/logo\/image\/\",\"url\":\"https:\/\/www.nedzink.com\/wp-content\/uploads\/2019\/08\/logo-nedzink_fc_zk.jpg\",\"contentUrl\":\"https:\/\/www.nedzink.com\/wp-content\/uploads\/2019\/08\/logo-nedzink_fc_zk.jpg\",\"width\":2160,\"height\":688,\"caption\":\"NedZink\"},\"image\":{\"@id\":\"https:\/\/www.nedzink.com\/pl\/#\/schema\/logo\/image\/\"}}]}<\/script>\n<!-- \/ Yoast SEO plugin. -->","yoast_head_json":{"title":"Attyki - Opierzenia &#8211; NedZink","robots":{"index":"index","follow":"follow","max-snippet":"max-snippet:-1","max-image-preview":"max-image-preview:large","max-video-preview":"max-video-preview:-1"},"canonical":"https:\/\/www.nedzink.com\/pl\/attyki-opierzenia\/","og_locale":"pl_PL","og_type":"article","og_title":"Attyki - Opierzenia &#8211; NedZink","og_description":"Attyka to \u015brednio wysoka nadstawka nad g\u0142&oacute;wnym gzymsem budowli. Przy dachach p\u0142askich attyk\u0105 nazywa si\u0119 obszar skraju dachu otaczaj\u0105cy swym podwy\u017cszeniem w\u0142a\u015bciw\u0105 powierzchni\u0119 dachu.&nbsp; Na attyce po\u0142\u0105czenia z powierzchni dachu wznosz\u0105 si\u0119 i zabezpieczaj\u0105 poprzez blachy opierzaj\u0105ce przeciw wnikaj\u0105cej wodzie opadowej. Mocowanie blach opierzeniowych jest po\u015brednie, albo za pomoc\u0105 odstaj\u0105cych blaszek, poprzez przykr\u0119cone do attyki [&hellip;]","og_url":"https:\/\/www.nedzink.com\/pl\/attyki-opierzenia\/","og_site_name":"NedZink","og_image":[{"url":"https:\/\/www.nedzink.com\/wp-content\/uploads\/import\/cms\/userfiles\/images\/attiken1.jpg","type":"","width":"","height":""}],"twitter_card":"summary_large_image","schema":{"@context":"https:\/\/schema.org","@graph":[{"@type":"WebPage","@id":"https:\/\/www.nedzink.com\/pl\/attyki-opierzenia\/","url":"https:\/\/www.nedzink.com\/pl\/attyki-opierzenia\/","name":"Attyki - Opierzenia &#8211; NedZink","isPartOf":{"@id":"https:\/\/www.nedzink.com\/pl\/#website"},"primaryImageOfPage":{"@id":"https:\/\/www.nedzink.com\/pl\/attyki-opierzenia\/#primaryimage"},"image":{"@id":"https:\/\/www.nedzink.com\/pl\/attyki-opierzenia\/#primaryimage"},"thumbnailUrl":"https:\/\/www.nedzink.com\/wp-content\/uploads\/import\/cms\/userfiles\/images\/attiken1.jpg","datePublished":"2019-06-04T12:56:09+00:00","breadcrumb":{"@id":"https:\/\/www.nedzink.com\/pl\/attyki-opierzenia\/#breadcrumb"},"inLanguage":"pl-PL","potentialAction":[{"@type":"ReadAction","target":["https:\/\/www.nedzink.com\/pl\/attyki-opierzenia\/"]}]},{"@type":"ImageObject","inLanguage":"pl-PL","@id":"https:\/\/www.nedzink.com\/pl\/attyki-opierzenia\/#primaryimage","url":"https:\/\/www.nedzink.com\/wp-content\/uploads\/import\/cms\/userfiles\/images\/attiken1.jpg","contentUrl":"https:\/\/www.nedzink.com\/wp-content\/uploads\/import\/cms\/userfiles\/images\/attiken1.jpg"},{"@type":"BreadcrumbList","@id":"https:\/\/www.nedzink.com\/pl\/attyki-opierzenia\/#breadcrumb","itemListElement":[{"@type":"ListItem","position":1,"name":"Home","item":"https:\/\/www.nedzink.com\/pl\/"},{"@type":"ListItem","position":2,"name":"Attyki &#8211; Opierzenia"}]},{"@type":"WebSite","@id":"https:\/\/www.nedzink.com\/pl\/#website","url":"https:\/\/www.nedzink.com\/pl\/","name":"NedZink","description":"Zink fabrikant","publisher":{"@id":"https:\/\/www.nedzink.com\/pl\/#organization"},"potentialAction":[{"@type":"SearchAction","target":{"@type":"EntryPoint","urlTemplate":"https:\/\/www.nedzink.com\/pl\/?s={search_term_string}"},"query-input":{"@type":"PropertyValueSpecification","valueRequired":true,"valueName":"search_term_string"}}],"inLanguage":"pl-PL"},{"@type":"Organization","@id":"https:\/\/www.nedzink.com\/pl\/#organization","name":"NedZink","url":"https:\/\/www.nedzink.com\/pl\/","logo":{"@type":"ImageObject","inLanguage":"pl-PL","@id":"https:\/\/www.nedzink.com\/pl\/#\/schema\/logo\/image\/","url":"https:\/\/www.nedzink.com\/wp-content\/uploads\/2019\/08\/logo-nedzink_fc_zk.jpg","contentUrl":"https:\/\/www.nedzink.com\/wp-content\/uploads\/2019\/08\/logo-nedzink_fc_zk.jpg","width":2160,"height":688,"caption":"NedZink"},"image":{"@id":"https:\/\/www.nedzink.com\/pl\/#\/schema\/logo\/image\/"}}]}},"_links":{"self":[{"href":"https:\/\/www.nedzink.com\/pl\/wp-json\/wp\/v2\/pages\/31049","targetHints":{"allow":["GET"]}}],"collection":[{"href":"https:\/\/www.nedzink.com\/pl\/wp-json\/wp\/v2\/pages"}],"about":[{"href":"https:\/\/www.nedzink.com\/pl\/wp-json\/wp\/v2\/types\/page"}],"author":[{"embeddable":true,"href":"https:\/\/www.nedzink.com\/pl\/wp-json\/wp\/v2\/users\/9"}],"replies":[{"embeddable":true,"href":"https:\/\/www.nedzink.com\/pl\/wp-json\/wp\/v2\/comments?post=31049"}],"version-history":[{"count":0,"href":"https:\/\/www.nedzink.com\/pl\/wp-json\/wp\/v2\/pages\/31049\/revisions"}],"wp:attachment":[{"href":"https:\/\/www.nedzink.com\/pl\/wp-json\/wp\/v2\/media?parent=31049"}],"curies":[{"name":"wp","href":"https:\/\/api.w.org\/{rel}","templated":true}]}}