{"id":31029,"date":"2019-06-04T14:56:02","date_gmt":"2019-06-04T12:56:02","guid":{"rendered":"http:\/\/136.144.181.85\/~nedzink\/informacje-techniczne\/elementy-budowlane\/lukarny-dachowe\/"},"modified":"2019-06-04T14:56:02","modified_gmt":"2019-06-04T12:56:02","slug":"lukarny-dachowe","status":"publish","type":"page","link":"https:\/\/www.nedzink.com\/pl\/lukarny-dachowe\/","title":{"rendered":"Lukarny dachowe"},"content":{"rendered":"<p>\n\tPod poj\u0119ciem lukarny rozumie si\u0119 element dachu, kt&oacute;ry jest zintegrowany z istniej\u0105c\u0105 powierzchni\u0105 dachu. Lukarny daj\u0105 cz\u0119\u015bciowo znacznie zwi\u0119kszon\u0105 przestrze\u0144 mieszkaln\u0105 pod powierzchni\u0105 dachu i zapewniaj\u0105 padanie wi\u0119kszej ilo\u015bci \u015bwiat\u0142a do pomieszcze\u0144. Przez to nie tylko poprawia si\u0119 jako\u015b\u0107 mieszkalna, ale tak\u017ce poszerza mo\u017cliwo\u015b\u0107 u\u017cytkowa mieszkania poddaszowego. Ponadto lukarny s\u0105 optycznym wabikiem, przez kt&oacute;ry mo\u017cna architektonicznie akcentowa\u0107 oraz \u0142\u0105czy\u0107 ze sob\u0105 r&oacute;\u017cnorodne materia\u0142y.<\/p>\n<table border=\"0\" cellspacing=\"10\" width=\"100%\">\n<tbody>\n<tr>\n<td style=\"VERTICAL-ALIGN: top; TEXT-ALIGN: left\" width=\"45%\">\n\t\t\t\t<img decoding=\"async\" src=\"https:\/\/www.nedzink.com\/wp-content\/uploads\/import\/cms\/userfiles\/images\/dachgauben1.jpg\" style=\"border-width: 0px; border-style: solid; width: 272px; height: 290px;\" \/><\/td>\n<td style=\"VERTICAL-ALIGN: top; TEXT-ALIGN: left\" width=\"45%\">\n\t\t\t\t<img decoding=\"async\" src=\"https:\/\/www.nedzink.com\/wp-content\/uploads\/import\/cms\/userfiles\/images\/dachgauben2.jpg\" style=\"width: 387px; height: 290px; border-width: 0px; border-style: solid;\" \/><\/td>\n<\/tr>\n<\/tbody>\n<\/table>\n<p>\n\tPokrycie i ob\u0142o\u017cenie lukarn mo\u017ce zosta\u0107 wykonane powszechnymi technikami blacharskimi w technice r\u0105bka stoj\u0105cego pojedynczego lub podw&oacute;jnego, jak r&oacute;wnie\u017c p\u0142ytek Karo, paneli i dalszych system&oacute;w fasadowych.<\/p>\n<p>\n\tIstnieje wiele wykona\u0144 i form lukarn<\/p>\n<ul>\n<li>\n\t\tlukarna z dachem dwuspadowym<\/li>\n<li>\n\t\tlukarna z dachem czterospadowym<\/li>\n<li>\n\t\tlukarna spiczasta<\/li>\n<li>\n\t\tlukarny okr\u0105g\u0142e<\/li>\n<li>\n\t\tlukarna &bdquo;wole oko&rdquo;<\/li>\n<li>\n\t\tlukarny szczytowe<\/li>\n<li>\n\t\tlukarny trapezowe<\/li>\n<li>\n\t\tlukarny tr&oacute;jk\u0105tne<\/li>\n<\/ul>\n","protected":false},"excerpt":{"rendered":"<p>Pod poj\u0119ciem lukarny rozumie si\u0119 element dachu, kt&oacute;ry jest zintegrowany z istniej\u0105c\u0105 powierzchni\u0105 dachu. Lukarny daj\u0105 cz\u0119\u015bciowo znacznie zwi\u0119kszon\u0105 przestrze\u0144 mieszkaln\u0105 pod powierzchni\u0105 dachu i zapewniaj\u0105 padanie wi\u0119kszej ilo\u015bci \u015bwiat\u0142a do pomieszcze\u0144. Przez to nie tylko poprawia si\u0119 jako\u015b\u0107 mieszkalna, ale tak\u017ce poszerza mo\u017cliwo\u015b\u0107 u\u017cytkowa mieszkania poddaszowego. Ponadto lukarny s\u0105 optycznym wabikiem, przez kt&oacute;ry mo\u017cna [&hellip;]<\/p>\n","protected":false},"author":9,"featured_media":0,"parent":0,"menu_order":1010,"comment_status":"closed","ping_status":"closed","template":"template-import.php","meta":{"_acf_changed":false,"footnotes":""},"class_list":["post-31029","page","type-page","status-publish","hentry"],"acf":[],"yoast_head":"<!-- This site is optimized with the Yoast SEO plugin v26.8 - https:\/\/yoast.com\/product\/yoast-seo-wordpress\/ -->\n<title>Lukarny dachowe &#8211; NedZink<\/title>\n<meta name=\"robots\" content=\"index, follow, max-snippet:-1, max-image-preview:large, max-video-preview:-1\" \/>\n<link rel=\"canonical\" href=\"https:\/\/www.nedzink.com\/pl\/lukarny-dachowe\/\" \/>\n<meta property=\"og:locale\" content=\"pl_PL\" \/>\n<meta property=\"og:type\" content=\"article\" \/>\n<meta property=\"og:title\" content=\"Lukarny dachowe &#8211; NedZink\" \/>\n<meta property=\"og:description\" content=\"Pod poj\u0119ciem lukarny rozumie si\u0119 element dachu, kt&oacute;ry jest zintegrowany z istniej\u0105c\u0105 powierzchni\u0105 dachu. Lukarny daj\u0105 cz\u0119\u015bciowo znacznie zwi\u0119kszon\u0105 przestrze\u0144 mieszkaln\u0105 pod powierzchni\u0105 dachu i zapewniaj\u0105 padanie wi\u0119kszej ilo\u015bci \u015bwiat\u0142a do pomieszcze\u0144. Przez to nie tylko poprawia si\u0119 jako\u015b\u0107 mieszkalna, ale tak\u017ce poszerza mo\u017cliwo\u015b\u0107 u\u017cytkowa mieszkania poddaszowego. Ponadto lukarny s\u0105 optycznym wabikiem, przez kt&oacute;ry mo\u017cna [&hellip;]\" \/>\n<meta property=\"og:url\" content=\"https:\/\/www.nedzink.com\/pl\/lukarny-dachowe\/\" \/>\n<meta property=\"og:site_name\" content=\"NedZink\" \/>\n<meta property=\"og:image\" content=\"https:\/\/www.nedzink.com\/wp-content\/uploads\/import\/cms\/userfiles\/images\/dachgauben1.jpg\" \/>\n<meta name=\"twitter:card\" content=\"summary_large_image\" \/>\n<meta name=\"twitter:label1\" content=\"Szacowany czas czytania\" \/>\n\t<meta name=\"twitter:data1\" content=\"1 minuta\" \/>\n<script type=\"application\/ld+json\" class=\"yoast-schema-graph\">{\"@context\":\"https:\/\/schema.org\",\"@graph\":[{\"@type\":\"WebPage\",\"@id\":\"https:\/\/www.nedzink.com\/pl\/lukarny-dachowe\/\",\"url\":\"https:\/\/www.nedzink.com\/pl\/lukarny-dachowe\/\",\"name\":\"Lukarny dachowe &#8211; NedZink\",\"isPartOf\":{\"@id\":\"https:\/\/www.nedzink.com\/pl\/#website\"},\"primaryImageOfPage\":{\"@id\":\"https:\/\/www.nedzink.com\/pl\/lukarny-dachowe\/#primaryimage\"},\"image\":{\"@id\":\"https:\/\/www.nedzink.com\/pl\/lukarny-dachowe\/#primaryimage\"},\"thumbnailUrl\":\"https:\/\/www.nedzink.com\/wp-content\/uploads\/import\/cms\/userfiles\/images\/dachgauben1.jpg\",\"datePublished\":\"2019-06-04T12:56:02+00:00\",\"breadcrumb\":{\"@id\":\"https:\/\/www.nedzink.com\/pl\/lukarny-dachowe\/#breadcrumb\"},\"inLanguage\":\"pl-PL\",\"potentialAction\":[{\"@type\":\"ReadAction\",\"target\":[\"https:\/\/www.nedzink.com\/pl\/lukarny-dachowe\/\"]}]},{\"@type\":\"ImageObject\",\"inLanguage\":\"pl-PL\",\"@id\":\"https:\/\/www.nedzink.com\/pl\/lukarny-dachowe\/#primaryimage\",\"url\":\"https:\/\/www.nedzink.com\/wp-content\/uploads\/import\/cms\/userfiles\/images\/dachgauben1.jpg\",\"contentUrl\":\"https:\/\/www.nedzink.com\/wp-content\/uploads\/import\/cms\/userfiles\/images\/dachgauben1.jpg\"},{\"@type\":\"BreadcrumbList\",\"@id\":\"https:\/\/www.nedzink.com\/pl\/lukarny-dachowe\/#breadcrumb\",\"itemListElement\":[{\"@type\":\"ListItem\",\"position\":1,\"name\":\"Home\",\"item\":\"https:\/\/www.nedzink.com\/pl\/\"},{\"@type\":\"ListItem\",\"position\":2,\"name\":\"Lukarny dachowe\"}]},{\"@type\":\"WebSite\",\"@id\":\"https:\/\/www.nedzink.com\/pl\/#website\",\"url\":\"https:\/\/www.nedzink.com\/pl\/\",\"name\":\"NedZink\",\"description\":\"Zink fabrikant\",\"publisher\":{\"@id\":\"https:\/\/www.nedzink.com\/pl\/#organization\"},\"potentialAction\":[{\"@type\":\"SearchAction\",\"target\":{\"@type\":\"EntryPoint\",\"urlTemplate\":\"https:\/\/www.nedzink.com\/pl\/?s={search_term_string}\"},\"query-input\":{\"@type\":\"PropertyValueSpecification\",\"valueRequired\":true,\"valueName\":\"search_term_string\"}}],\"inLanguage\":\"pl-PL\"},{\"@type\":\"Organization\",\"@id\":\"https:\/\/www.nedzink.com\/pl\/#organization\",\"name\":\"NedZink\",\"url\":\"https:\/\/www.nedzink.com\/pl\/\",\"logo\":{\"@type\":\"ImageObject\",\"inLanguage\":\"pl-PL\",\"@id\":\"https:\/\/www.nedzink.com\/pl\/#\/schema\/logo\/image\/\",\"url\":\"https:\/\/www.nedzink.com\/wp-content\/uploads\/2019\/08\/logo-nedzink_fc_zk.jpg\",\"contentUrl\":\"https:\/\/www.nedzink.com\/wp-content\/uploads\/2019\/08\/logo-nedzink_fc_zk.jpg\",\"width\":2160,\"height\":688,\"caption\":\"NedZink\"},\"image\":{\"@id\":\"https:\/\/www.nedzink.com\/pl\/#\/schema\/logo\/image\/\"}}]}<\/script>\n<!-- \/ Yoast SEO plugin. -->","yoast_head_json":{"title":"Lukarny dachowe &#8211; NedZink","robots":{"index":"index","follow":"follow","max-snippet":"max-snippet:-1","max-image-preview":"max-image-preview:large","max-video-preview":"max-video-preview:-1"},"canonical":"https:\/\/www.nedzink.com\/pl\/lukarny-dachowe\/","og_locale":"pl_PL","og_type":"article","og_title":"Lukarny dachowe &#8211; NedZink","og_description":"Pod poj\u0119ciem lukarny rozumie si\u0119 element dachu, kt&oacute;ry jest zintegrowany z istniej\u0105c\u0105 powierzchni\u0105 dachu. Lukarny daj\u0105 cz\u0119\u015bciowo znacznie zwi\u0119kszon\u0105 przestrze\u0144 mieszkaln\u0105 pod powierzchni\u0105 dachu i zapewniaj\u0105 padanie wi\u0119kszej ilo\u015bci \u015bwiat\u0142a do pomieszcze\u0144. Przez to nie tylko poprawia si\u0119 jako\u015b\u0107 mieszkalna, ale tak\u017ce poszerza mo\u017cliwo\u015b\u0107 u\u017cytkowa mieszkania poddaszowego. Ponadto lukarny s\u0105 optycznym wabikiem, przez kt&oacute;ry mo\u017cna [&hellip;]","og_url":"https:\/\/www.nedzink.com\/pl\/lukarny-dachowe\/","og_site_name":"NedZink","og_image":[{"url":"https:\/\/www.nedzink.com\/wp-content\/uploads\/import\/cms\/userfiles\/images\/dachgauben1.jpg","type":"","width":"","height":""}],"twitter_card":"summary_large_image","twitter_misc":{"Szacowany czas czytania":"1 minuta"},"schema":{"@context":"https:\/\/schema.org","@graph":[{"@type":"WebPage","@id":"https:\/\/www.nedzink.com\/pl\/lukarny-dachowe\/","url":"https:\/\/www.nedzink.com\/pl\/lukarny-dachowe\/","name":"Lukarny dachowe &#8211; NedZink","isPartOf":{"@id":"https:\/\/www.nedzink.com\/pl\/#website"},"primaryImageOfPage":{"@id":"https:\/\/www.nedzink.com\/pl\/lukarny-dachowe\/#primaryimage"},"image":{"@id":"https:\/\/www.nedzink.com\/pl\/lukarny-dachowe\/#primaryimage"},"thumbnailUrl":"https:\/\/www.nedzink.com\/wp-content\/uploads\/import\/cms\/userfiles\/images\/dachgauben1.jpg","datePublished":"2019-06-04T12:56:02+00:00","breadcrumb":{"@id":"https:\/\/www.nedzink.com\/pl\/lukarny-dachowe\/#breadcrumb"},"inLanguage":"pl-PL","potentialAction":[{"@type":"ReadAction","target":["https:\/\/www.nedzink.com\/pl\/lukarny-dachowe\/"]}]},{"@type":"ImageObject","inLanguage":"pl-PL","@id":"https:\/\/www.nedzink.com\/pl\/lukarny-dachowe\/#primaryimage","url":"https:\/\/www.nedzink.com\/wp-content\/uploads\/import\/cms\/userfiles\/images\/dachgauben1.jpg","contentUrl":"https:\/\/www.nedzink.com\/wp-content\/uploads\/import\/cms\/userfiles\/images\/dachgauben1.jpg"},{"@type":"BreadcrumbList","@id":"https:\/\/www.nedzink.com\/pl\/lukarny-dachowe\/#breadcrumb","itemListElement":[{"@type":"ListItem","position":1,"name":"Home","item":"https:\/\/www.nedzink.com\/pl\/"},{"@type":"ListItem","position":2,"name":"Lukarny dachowe"}]},{"@type":"WebSite","@id":"https:\/\/www.nedzink.com\/pl\/#website","url":"https:\/\/www.nedzink.com\/pl\/","name":"NedZink","description":"Zink fabrikant","publisher":{"@id":"https:\/\/www.nedzink.com\/pl\/#organization"},"potentialAction":[{"@type":"SearchAction","target":{"@type":"EntryPoint","urlTemplate":"https:\/\/www.nedzink.com\/pl\/?s={search_term_string}"},"query-input":{"@type":"PropertyValueSpecification","valueRequired":true,"valueName":"search_term_string"}}],"inLanguage":"pl-PL"},{"@type":"Organization","@id":"https:\/\/www.nedzink.com\/pl\/#organization","name":"NedZink","url":"https:\/\/www.nedzink.com\/pl\/","logo":{"@type":"ImageObject","inLanguage":"pl-PL","@id":"https:\/\/www.nedzink.com\/pl\/#\/schema\/logo\/image\/","url":"https:\/\/www.nedzink.com\/wp-content\/uploads\/2019\/08\/logo-nedzink_fc_zk.jpg","contentUrl":"https:\/\/www.nedzink.com\/wp-content\/uploads\/2019\/08\/logo-nedzink_fc_zk.jpg","width":2160,"height":688,"caption":"NedZink"},"image":{"@id":"https:\/\/www.nedzink.com\/pl\/#\/schema\/logo\/image\/"}}]}},"_links":{"self":[{"href":"https:\/\/www.nedzink.com\/pl\/wp-json\/wp\/v2\/pages\/31029","targetHints":{"allow":["GET"]}}],"collection":[{"href":"https:\/\/www.nedzink.com\/pl\/wp-json\/wp\/v2\/pages"}],"about":[{"href":"https:\/\/www.nedzink.com\/pl\/wp-json\/wp\/v2\/types\/page"}],"author":[{"embeddable":true,"href":"https:\/\/www.nedzink.com\/pl\/wp-json\/wp\/v2\/users\/9"}],"replies":[{"embeddable":true,"href":"https:\/\/www.nedzink.com\/pl\/wp-json\/wp\/v2\/comments?post=31029"}],"version-history":[{"count":0,"href":"https:\/\/www.nedzink.com\/pl\/wp-json\/wp\/v2\/pages\/31029\/revisions"}],"wp:attachment":[{"href":"https:\/\/www.nedzink.com\/pl\/wp-json\/wp\/v2\/media?parent=31029"}],"curies":[{"name":"wp","href":"https:\/\/api.w.org\/{rel}","templated":true}]}}