{"id":31019,"date":"2019-06-04T14:56:00","date_gmt":"2019-06-04T12:56:00","guid":{"rendered":"http:\/\/136.144.181.85\/~nedzink\/informacje-techniczne\/elementy-budowlane\/ogolnie\/"},"modified":"2019-06-04T14:56:00","modified_gmt":"2019-06-04T12:56:00","slug":"ogolnie","status":"publish","type":"page","link":"https:\/\/www.nedzink.com\/pl\/elementy-budowlane\/ogolnie\/","title":{"rendered":"Og\u00f3lnie"},"content":{"rendered":"<div class=\"contentStyle\" style=\"margin: 10px 0px 10px 0px;\">\n<p>\n\t\tZale\u017cnie od wykonania, jako\u015bci materia\u0142u budowlanego, sposobu u\u017cytkowania i piel\u0119gnacji, ka\u017cdy budynek starzeje si\u0119 z biegiem czasu wolniej lub troch\u0119 szybciej. Kiedy\u015b jednak nadchodzi moment, w kt&oacute;rym pojedyncze elementy budowlane musz\u0105 zosta\u0107 odnowione lub wymienione. Tak te\u017c pokrycie lub uszczelnienie dachowe posiada \u017cywotno\u015b\u0107 pomi\u0119dzy 20-70 lat, podczas gdy pow\u0142oka \u015bciany fasadowej wymaga odnowienia ju\u017c po ok. 5-15 latach.<\/p>\n<p>\n\t\tSzczeg&oacute;lnie nara\u017cone s\u0105 zewn\u0119trzne elementy budowlane, jak fasady, okna i pokrycia dachowe, kt&oacute;re ca\u0142orocznie wystawione s\u0105 na dzia\u0142anie s\u0142o\u0144ca, opad&oacute;w, wiatru oraz du\u017cych r&oacute;\u017cnic temperatur. Gdy zaniedbane zostanie utrzymanie zewn\u0119trznych element&oacute;w budowlanych,&nbsp; mog\u0105 one \u0142atwo ulega\u0107 szkodom i znacznie wp\u0142yn\u0105\u0107 na zewn\u0119trzny wygl\u0105d.<\/p>\n<p>\tObie kwestie obni\u017caj\u0105 warto\u015b\u0107 nieruchomo\u015bci i powoduj\u0105 cz\u0119\u015bciowo bardzo wysokie koszty, im d\u0142u\u017cej konieczna renowacja jest odraczana. Decyzja o renowacji budynku ma ponadto ekonomicznie bardzo pozytywny efekt, gdy\u017c nowoczesne materia\u0142y budowlane i produkty (jak np. okna, izolacje,&hellip;) wp\u0142ywaj\u0105 na modernizacj\u0119 efektywnie energetycznie i mog\u0105 tak zaoszcz\u0119dzi\u0107 d\u0142ugoterminowo du\u017co pieni\u0119dzy.<\/p><\/div>\n","protected":false},"excerpt":{"rendered":"<p>Zale\u017cnie od wykonania, jako\u015bci materia\u0142u budowlanego, sposobu u\u017cytkowania i piel\u0119gnacji, ka\u017cdy budynek starzeje si\u0119 z biegiem czasu wolniej lub troch\u0119 szybciej. Kiedy\u015b jednak nadchodzi moment, w kt&oacute;rym pojedyncze elementy budowlane musz\u0105 zosta\u0107 odnowione lub wymienione. Tak te\u017c pokrycie lub uszczelnienie dachowe posiada \u017cywotno\u015b\u0107 pomi\u0119dzy 20-70 lat, podczas gdy pow\u0142oka \u015bciany fasadowej wymaga odnowienia ju\u017c po [&hellip;]<\/p>\n","protected":false},"author":9,"featured_media":0,"parent":31009,"menu_order":1000,"comment_status":"closed","ping_status":"closed","template":"template-import.php","meta":{"_acf_changed":false,"footnotes":""},"class_list":["post-31019","page","type-page","status-publish","hentry"],"acf":[],"yoast_head":"<!-- This site is optimized with the Yoast SEO plugin v26.8 - https:\/\/yoast.com\/product\/yoast-seo-wordpress\/ -->\n<title>Og\u00f3lnie \u2013 NedZink<\/title>\n<meta name=\"robots\" content=\"index, follow, max-snippet:-1, max-image-preview:large, max-video-preview:-1\" \/>\n<link rel=\"canonical\" href=\"https:\/\/www.nedzink.com\/pl\/elementy-budowlane\/ogolnie\/\" \/>\n<meta property=\"og:locale\" content=\"pl_PL\" \/>\n<meta property=\"og:type\" content=\"article\" \/>\n<meta property=\"og:title\" content=\"Og\u00f3lnie \u2013 NedZink\" \/>\n<meta property=\"og:description\" content=\"Zale\u017cnie od wykonania, jako\u015bci materia\u0142u budowlanego, sposobu u\u017cytkowania i piel\u0119gnacji, ka\u017cdy budynek starzeje si\u0119 z biegiem czasu wolniej lub troch\u0119 szybciej. Kiedy\u015b jednak nadchodzi moment, w kt&oacute;rym pojedyncze elementy budowlane musz\u0105 zosta\u0107 odnowione lub wymienione. Tak te\u017c pokrycie lub uszczelnienie dachowe posiada \u017cywotno\u015b\u0107 pomi\u0119dzy 20-70 lat, podczas gdy pow\u0142oka \u015bciany fasadowej wymaga odnowienia ju\u017c po [&hellip;]\" \/>\n<meta property=\"og:url\" content=\"https:\/\/www.nedzink.com\/pl\/elementy-budowlane\/ogolnie\/\" \/>\n<meta property=\"og:site_name\" content=\"NedZink\" \/>\n<meta name=\"twitter:card\" content=\"summary_large_image\" \/>\n<meta name=\"twitter:label1\" content=\"Szacowany czas czytania\" \/>\n\t<meta name=\"twitter:data1\" content=\"1 minuta\" \/>\n<script type=\"application\/ld+json\" class=\"yoast-schema-graph\">{\"@context\":\"https:\/\/schema.org\",\"@graph\":[{\"@type\":\"WebPage\",\"@id\":\"https:\/\/www.nedzink.com\/pl\/elementy-budowlane\/ogolnie\/\",\"url\":\"https:\/\/www.nedzink.com\/pl\/elementy-budowlane\/ogolnie\/\",\"name\":\"Og\u00f3lnie \u2013 NedZink\",\"isPartOf\":{\"@id\":\"https:\/\/www.nedzink.com\/pl\/#website\"},\"datePublished\":\"2019-06-04T12:56:00+00:00\",\"breadcrumb\":{\"@id\":\"https:\/\/www.nedzink.com\/pl\/elementy-budowlane\/ogolnie\/#breadcrumb\"},\"inLanguage\":\"pl-PL\",\"potentialAction\":[{\"@type\":\"ReadAction\",\"target\":[\"https:\/\/www.nedzink.com\/pl\/elementy-budowlane\/ogolnie\/\"]}]},{\"@type\":\"BreadcrumbList\",\"@id\":\"https:\/\/www.nedzink.com\/pl\/elementy-budowlane\/ogolnie\/#breadcrumb\",\"itemListElement\":[{\"@type\":\"ListItem\",\"position\":1,\"name\":\"Home\",\"item\":\"https:\/\/www.nedzink.com\/pl\/\"},{\"@type\":\"ListItem\",\"position\":2,\"name\":\"Elementy budowlane\",\"item\":\"https:\/\/www.nedzink.com\/pl\/elementy-budowlane\/\"},{\"@type\":\"ListItem\",\"position\":3,\"name\":\"Og\u00f3lnie\"}]},{\"@type\":\"WebSite\",\"@id\":\"https:\/\/www.nedzink.com\/pl\/#website\",\"url\":\"https:\/\/www.nedzink.com\/pl\/\",\"name\":\"NedZink\",\"description\":\"Zink fabrikant\",\"publisher\":{\"@id\":\"https:\/\/www.nedzink.com\/pl\/#organization\"},\"potentialAction\":[{\"@type\":\"SearchAction\",\"target\":{\"@type\":\"EntryPoint\",\"urlTemplate\":\"https:\/\/www.nedzink.com\/pl\/?s={search_term_string}\"},\"query-input\":{\"@type\":\"PropertyValueSpecification\",\"valueRequired\":true,\"valueName\":\"search_term_string\"}}],\"inLanguage\":\"pl-PL\"},{\"@type\":\"Organization\",\"@id\":\"https:\/\/www.nedzink.com\/pl\/#organization\",\"name\":\"NedZink\",\"url\":\"https:\/\/www.nedzink.com\/pl\/\",\"logo\":{\"@type\":\"ImageObject\",\"inLanguage\":\"pl-PL\",\"@id\":\"https:\/\/www.nedzink.com\/pl\/#\/schema\/logo\/image\/\",\"url\":\"https:\/\/www.nedzink.com\/wp-content\/uploads\/2019\/08\/logo-nedzink_fc_zk.jpg\",\"contentUrl\":\"https:\/\/www.nedzink.com\/wp-content\/uploads\/2019\/08\/logo-nedzink_fc_zk.jpg\",\"width\":2160,\"height\":688,\"caption\":\"NedZink\"},\"image\":{\"@id\":\"https:\/\/www.nedzink.com\/pl\/#\/schema\/logo\/image\/\"}}]}<\/script>\n<!-- \/ Yoast SEO plugin. -->","yoast_head_json":{"title":"Og\u00f3lnie \u2013 NedZink","robots":{"index":"index","follow":"follow","max-snippet":"max-snippet:-1","max-image-preview":"max-image-preview:large","max-video-preview":"max-video-preview:-1"},"canonical":"https:\/\/www.nedzink.com\/pl\/elementy-budowlane\/ogolnie\/","og_locale":"pl_PL","og_type":"article","og_title":"Og\u00f3lnie \u2013 NedZink","og_description":"Zale\u017cnie od wykonania, jako\u015bci materia\u0142u budowlanego, sposobu u\u017cytkowania i piel\u0119gnacji, ka\u017cdy budynek starzeje si\u0119 z biegiem czasu wolniej lub troch\u0119 szybciej. Kiedy\u015b jednak nadchodzi moment, w kt&oacute;rym pojedyncze elementy budowlane musz\u0105 zosta\u0107 odnowione lub wymienione. Tak te\u017c pokrycie lub uszczelnienie dachowe posiada \u017cywotno\u015b\u0107 pomi\u0119dzy 20-70 lat, podczas gdy pow\u0142oka \u015bciany fasadowej wymaga odnowienia ju\u017c po [&hellip;]","og_url":"https:\/\/www.nedzink.com\/pl\/elementy-budowlane\/ogolnie\/","og_site_name":"NedZink","twitter_card":"summary_large_image","twitter_misc":{"Szacowany czas czytania":"1 minuta"},"schema":{"@context":"https:\/\/schema.org","@graph":[{"@type":"WebPage","@id":"https:\/\/www.nedzink.com\/pl\/elementy-budowlane\/ogolnie\/","url":"https:\/\/www.nedzink.com\/pl\/elementy-budowlane\/ogolnie\/","name":"Og\u00f3lnie \u2013 NedZink","isPartOf":{"@id":"https:\/\/www.nedzink.com\/pl\/#website"},"datePublished":"2019-06-04T12:56:00+00:00","breadcrumb":{"@id":"https:\/\/www.nedzink.com\/pl\/elementy-budowlane\/ogolnie\/#breadcrumb"},"inLanguage":"pl-PL","potentialAction":[{"@type":"ReadAction","target":["https:\/\/www.nedzink.com\/pl\/elementy-budowlane\/ogolnie\/"]}]},{"@type":"BreadcrumbList","@id":"https:\/\/www.nedzink.com\/pl\/elementy-budowlane\/ogolnie\/#breadcrumb","itemListElement":[{"@type":"ListItem","position":1,"name":"Home","item":"https:\/\/www.nedzink.com\/pl\/"},{"@type":"ListItem","position":2,"name":"Elementy budowlane","item":"https:\/\/www.nedzink.com\/pl\/elementy-budowlane\/"},{"@type":"ListItem","position":3,"name":"Og\u00f3lnie"}]},{"@type":"WebSite","@id":"https:\/\/www.nedzink.com\/pl\/#website","url":"https:\/\/www.nedzink.com\/pl\/","name":"NedZink","description":"Zink fabrikant","publisher":{"@id":"https:\/\/www.nedzink.com\/pl\/#organization"},"potentialAction":[{"@type":"SearchAction","target":{"@type":"EntryPoint","urlTemplate":"https:\/\/www.nedzink.com\/pl\/?s={search_term_string}"},"query-input":{"@type":"PropertyValueSpecification","valueRequired":true,"valueName":"search_term_string"}}],"inLanguage":"pl-PL"},{"@type":"Organization","@id":"https:\/\/www.nedzink.com\/pl\/#organization","name":"NedZink","url":"https:\/\/www.nedzink.com\/pl\/","logo":{"@type":"ImageObject","inLanguage":"pl-PL","@id":"https:\/\/www.nedzink.com\/pl\/#\/schema\/logo\/image\/","url":"https:\/\/www.nedzink.com\/wp-content\/uploads\/2019\/08\/logo-nedzink_fc_zk.jpg","contentUrl":"https:\/\/www.nedzink.com\/wp-content\/uploads\/2019\/08\/logo-nedzink_fc_zk.jpg","width":2160,"height":688,"caption":"NedZink"},"image":{"@id":"https:\/\/www.nedzink.com\/pl\/#\/schema\/logo\/image\/"}}]}},"_links":{"self":[{"href":"https:\/\/www.nedzink.com\/pl\/wp-json\/wp\/v2\/pages\/31019","targetHints":{"allow":["GET"]}}],"collection":[{"href":"https:\/\/www.nedzink.com\/pl\/wp-json\/wp\/v2\/pages"}],"about":[{"href":"https:\/\/www.nedzink.com\/pl\/wp-json\/wp\/v2\/types\/page"}],"author":[{"embeddable":true,"href":"https:\/\/www.nedzink.com\/pl\/wp-json\/wp\/v2\/users\/9"}],"replies":[{"embeddable":true,"href":"https:\/\/www.nedzink.com\/pl\/wp-json\/wp\/v2\/comments?post=31019"}],"version-history":[{"count":0,"href":"https:\/\/www.nedzink.com\/pl\/wp-json\/wp\/v2\/pages\/31019\/revisions"}],"up":[{"embeddable":true,"href":"https:\/\/www.nedzink.com\/pl\/wp-json\/wp\/v2\/pages\/31009"}],"wp:attachment":[{"href":"https:\/\/www.nedzink.com\/pl\/wp-json\/wp\/v2\/media?parent=31019"}],"curies":[{"name":"wp","href":"https:\/\/api.w.org\/{rel}","templated":true}]}}