{"id":30979,"date":"2019-06-04T14:55:45","date_gmt":"2019-06-04T12:55:45","guid":{"rendered":"http:\/\/136.144.181.85\/~nedzink\/informacje-techniczne\/okladziny-fasadowe\/panele-horyzontalne\/"},"modified":"2019-06-04T14:55:45","modified_gmt":"2019-06-04T12:55:45","slug":"panele-horyzontalne","status":"publish","type":"page","link":"https:\/\/www.nedzink.com\/pl\/okladziny-fasadowe\/panele-horyzontalne\/","title":{"rendered":"Panele horyzontalne"},"content":{"rendered":"<h2>\n\t<strong>Panel nak\u0142adkowy<\/strong><\/h2>\n<h3>\n\tOpis profilu<\/h3>\n<p>\n\tOk\u0142adzina fasadowa panelami nak\u0142adkowymi przypomina optycznie tradycyjne ok\u0142adziny jak np. deskowanie nak\u0142adkowe. Poprzez nakrycie odpowiednio ni\u017cszego profilu poziomego g&oacute;rn\u0105 kraw\u0119dziom powy\u017cszego, profile w przestrzeni pionowej montowane s\u0105 w pozycji pochy\u0142ej. Zamocowanie nast\u0119puje za pomoc\u0105 \u015brub lub nit&oacute;w do podkonstrukcji. Produkcja profili nast\u0119puje jako profil kantowany. Produkcja i dostawa nast\u0119puje wy\u0142\u0105cznie w odniesieniu do obiektu i zlecenia.<\/p>\n<h3>\n\tJako\u015b\u0107 powierzchni<\/h3>\n<p>\n\tOk\u0142adziny fasadowe profilami wykonane mog\u0105 zosta\u0107 z go\u0142owalcowanej powierzchni NATUREL. Jednak w celu uzyskania jednolitego wygl\u0105du powierzchni od samego pocz\u0105tku, zaleca si\u0119 stosowanie patynowanego NedZink NOVA z foli\u0105 ochronn\u0105. Do\u015bwiadczenie budowlane pokazuje, \u017ce pocz\u0105tkowo zr&oacute;\u017cnicowany wizualny odcie\u0144 patyny fasad z NATUREL powoduje trudno\u015bci z jego akceptacj\u0105 ze strony inwestor&oacute;w.<\/p>\n<h3>\n\tWymiary<\/h3>\n<table border=\"1\" cellpadding=\"1\" cellspacing=\"0\">\n<tbody>\n<tr>\n<td width=\"250\">\n\t\t\t\t<strong>Grubo\u015b\u0107 materia\u0142u<\/strong><\/td>\n<td width=\"250\">\n\t\t\t\t1,00 mm<\/td>\n<\/tr>\n<tr>\n<td>\n\t\t\t\t<strong>D\u0142ugo\u015b\u0107 profili<\/strong><\/td>\n<td>\n\t\t\t\t4,00 m<\/td>\n<\/tr>\n<tr>\n<td>\n\t\t\t\t<strong>Odleg\u0142o\u015b\u0107 osiowa<\/strong><\/td>\n<td>\n\t\t\t\tna zapytanie<\/td>\n<\/tr>\n<tr>\n<td>\n\t\t\t\t<strong>Szeroko\u015b\u0107 doci\u0119cia<\/strong><\/td>\n<td>\n\t\t\t\tna zapytanie<\/td>\n<\/tr>\n<tr>\n<td>\n\t\t\t\t<strong>Wysoko\u015b\u0107 profili<\/strong><\/td>\n<td>\n\t\t\t\tna zapytanie<\/td>\n<\/tr>\n<\/tbody>\n<\/table>\n<h3>\n\t<font style=\"FONT-SIZE: 8pt\">Pozosta\u0142e wymiary na zapytanie<\/font><\/h3>\n<h3>\n\tKonstrukcja no\u015bna<\/h3>\n<p>\n\tPanele nak\u0142adkowe jako konstrukcja wentylowana montowane s\u0105 na niepe\u0142no powierzchniowych konstrukcjach drewnianych lub metalowych. Zamocowanie nast\u0119puje za pomoc\u0105 \u015brub lub nit&oacute;w przez g&oacute;rne rami\u0119 profilowe do podkonstrukcji. Na rynku dost\u0119pne s\u0105 odpowiednie systemy podkonstrukcji kilku producent&oacute;w. Informacje na ten temat mo\u017cna uzyska\u0107 na zapytanie.<\/p>\n<h2>\n\tProfil tr&oacute;jk\u0105tny<\/h2>\n<p>\n\tOpis obiektu patrz punkt menu &bdquo;Kreatywno\u015b\u0107&ldquo;<\/p>\n<h3>\n\tOpis profilu<\/h3>\n<p>\n\tOk\u0142adzina fasadowa profilami tr&oacute;jk\u0105tnymi odznacza si\u0119 wystaj\u0105cymi z powierzchni fasady tr&oacute;jk\u0105tnymi strukturami poprzecznymi. Poprzez tworzenie cieni przy zmiennych po\u0142o\u017ceniach s\u0142o\u0144ca, powstaje &bdquo;\u017cywy&rdquo; wygl\u0105d elewacji. Poziome profile zamocowane zostaj\u0105 haftrami zawieszeniowymi do g&oacute;rnego przegi\u0119cia. Produkcja profili nast\u0119puje jako profil kantowany. Produkcja i dostawa nast\u0119puje wy\u0142\u0105cznie w odniesieniu do obiektu i zlecenia.<\/p>\n<h3>\n\tJako\u015b\u0107 powierzchni<\/h3>\n<p>\n\tOk\u0142adziny fasadowe profilami wykonane mog\u0105 zosta\u0107 z go\u0142owalcowanej powierzchni NATUREL. Jednak w celu uzyskania jednolitego wygl\u0105du powierzchni od samego pocz\u0105tku, zaleca si\u0119 stosowanie patynowanego NedZink NOVA z foli\u0105 ochronn\u0105. Do\u015bwiadczenie budowlane pokazuje, \u017ce pocz\u0105tkowo zr&oacute;\u017cnicowany wizualny odcie\u0144 patyny fasad z NATUREL powoduje trudno\u015bci z jego akceptacj\u0105 ze strony inwestor&oacute;w.<\/p>\n<h3>\n\tWymiary<br \/>\n\t&nbsp;<\/h3>\n<table border=\"1\">\n<tbody>\n<tr>\n<td width=\"250\">\n\t\t\t\t<strong>Grubo\u015b\u0107 materia\u0142u<\/strong><\/td>\n<td width=\"210\">\n\t\t\t\t1,00 mm<\/td>\n<\/tr>\n<tr>\n<td>\n\t\t\t\t<strong>D\u0142ugo\u015b\u0107 profili<\/strong><\/td>\n<td>\n\t\t\t\t4,00 m<\/td>\n<\/tr>\n<tr>\n<td>\n\t\t\t\t<strong>Szeroko\u015b\u0107 doci\u0119cia<\/strong><\/td>\n<td>\n\t\t\t\tvariabel<\/td>\n<\/tr>\n<tr>\n<td>\n\t\t\t\t<strong>Wysoko\u015b\u0107 profili<\/strong><\/td>\n<td>\n\t\t\t\tvariabel<\/td>\n<\/tr>\n<tr>\n<td>\n\t\t\t\t<strong>Odleg\u0142o\u015b\u0107 osiowa<\/strong><\/td>\n<td>\n\t\t\t\t150 mm 300 mm<\/td>\n<\/tr>\n<\/tbody>\n<\/table>\n<p>\n\tPozosta\u0142e wymiary na zapytanie<\/p>\n<p><\/p>\n<h3>\n\tKonstrukcja no\u015bna<\/h3>\n<p>\n\tProfile tr&oacute;jk\u0105tne jako konstrukcja wentylowana montowane s\u0105 na niepe\u0142no powierzchniowych konstrukcjach drewnianych lub metalowych. Zamocowanie nast\u0119puje za pomoc\u0105 \u015brub lub nit&oacute;w przez g&oacute;rne rami\u0119 profilowe do podkonstrukcji. Na rynku dost\u0119pne s\u0105 odpowiednie systemy podkonstrukcji kilku producent&oacute;w. Informacje na ten temat mo\u017cna uzyska\u0107 na zapytanie.<\/p>\n","protected":false},"excerpt":{"rendered":"<p>Panel nak\u0142adkowy Opis profilu Ok\u0142adzina fasadowa panelami nak\u0142adkowymi przypomina optycznie tradycyjne ok\u0142adziny jak np. deskowanie nak\u0142adkowe. Poprzez nakrycie odpowiednio ni\u017cszego profilu poziomego g&oacute;rn\u0105 kraw\u0119dziom powy\u017cszego, profile w przestrzeni pionowej montowane s\u0105 w pozycji pochy\u0142ej. Zamocowanie nast\u0119puje za pomoc\u0105 \u015brub lub nit&oacute;w do podkonstrukcji. Produkcja profili nast\u0119puje jako profil kantowany. Produkcja i dostawa nast\u0119puje wy\u0142\u0105cznie w [&hellip;]<\/p>\n","protected":false},"author":9,"featured_media":0,"parent":30906,"menu_order":950,"comment_status":"closed","ping_status":"closed","template":"template-import.php","meta":{"_acf_changed":false,"footnotes":""},"class_list":["post-30979","page","type-page","status-publish","hentry"],"acf":[],"yoast_head":"<!-- This site is optimized with the Yoast SEO plugin v26.8 - https:\/\/yoast.com\/product\/yoast-seo-wordpress\/ -->\n<title>Panele horyzontalne \u2013 NedZink<\/title>\n<meta name=\"robots\" content=\"index, follow, max-snippet:-1, max-image-preview:large, max-video-preview:-1\" \/>\n<link rel=\"canonical\" href=\"https:\/\/www.nedzink.com\/pl\/okladziny-fasadowe\/panele-horyzontalne\/\" \/>\n<meta property=\"og:locale\" content=\"pl_PL\" \/>\n<meta property=\"og:type\" content=\"article\" \/>\n<meta property=\"og:title\" content=\"Panele horyzontalne \u2013 NedZink\" \/>\n<meta property=\"og:description\" content=\"Panel nak\u0142adkowy Opis profilu Ok\u0142adzina fasadowa panelami nak\u0142adkowymi przypomina optycznie tradycyjne ok\u0142adziny jak np. deskowanie nak\u0142adkowe. Poprzez nakrycie odpowiednio ni\u017cszego profilu poziomego g&oacute;rn\u0105 kraw\u0119dziom powy\u017cszego, profile w przestrzeni pionowej montowane s\u0105 w pozycji pochy\u0142ej. Zamocowanie nast\u0119puje za pomoc\u0105 \u015brub lub nit&oacute;w do podkonstrukcji. Produkcja profili nast\u0119puje jako profil kantowany. Produkcja i dostawa nast\u0119puje wy\u0142\u0105cznie w [&hellip;]\" \/>\n<meta property=\"og:url\" content=\"https:\/\/www.nedzink.com\/pl\/okladziny-fasadowe\/panele-horyzontalne\/\" \/>\n<meta property=\"og:site_name\" content=\"NedZink\" \/>\n<meta name=\"twitter:card\" content=\"summary_large_image\" \/>\n<meta name=\"twitter:label1\" content=\"Szacowany czas czytania\" \/>\n\t<meta name=\"twitter:data1\" content=\"2 minuty\" \/>\n<script type=\"application\/ld+json\" class=\"yoast-schema-graph\">{\"@context\":\"https:\/\/schema.org\",\"@graph\":[{\"@type\":\"WebPage\",\"@id\":\"https:\/\/www.nedzink.com\/pl\/okladziny-fasadowe\/panele-horyzontalne\/\",\"url\":\"https:\/\/www.nedzink.com\/pl\/okladziny-fasadowe\/panele-horyzontalne\/\",\"name\":\"Panele horyzontalne \u2013 NedZink\",\"isPartOf\":{\"@id\":\"https:\/\/www.nedzink.com\/pl\/#website\"},\"datePublished\":\"2019-06-04T12:55:45+00:00\",\"breadcrumb\":{\"@id\":\"https:\/\/www.nedzink.com\/pl\/okladziny-fasadowe\/panele-horyzontalne\/#breadcrumb\"},\"inLanguage\":\"pl-PL\",\"potentialAction\":[{\"@type\":\"ReadAction\",\"target\":[\"https:\/\/www.nedzink.com\/pl\/okladziny-fasadowe\/panele-horyzontalne\/\"]}]},{\"@type\":\"BreadcrumbList\",\"@id\":\"https:\/\/www.nedzink.com\/pl\/okladziny-fasadowe\/panele-horyzontalne\/#breadcrumb\",\"itemListElement\":[{\"@type\":\"ListItem\",\"position\":1,\"name\":\"Home\",\"item\":\"https:\/\/www.nedzink.com\/pl\/\"},{\"@type\":\"ListItem\",\"position\":2,\"name\":\"Ok\u0142adziny fasadowe\",\"item\":\"https:\/\/www.nedzink.com\/pl\/okladziny-fasadowe\/\"},{\"@type\":\"ListItem\",\"position\":3,\"name\":\"Panele horyzontalne\"}]},{\"@type\":\"WebSite\",\"@id\":\"https:\/\/www.nedzink.com\/pl\/#website\",\"url\":\"https:\/\/www.nedzink.com\/pl\/\",\"name\":\"NedZink\",\"description\":\"Zink fabrikant\",\"publisher\":{\"@id\":\"https:\/\/www.nedzink.com\/pl\/#organization\"},\"potentialAction\":[{\"@type\":\"SearchAction\",\"target\":{\"@type\":\"EntryPoint\",\"urlTemplate\":\"https:\/\/www.nedzink.com\/pl\/?s={search_term_string}\"},\"query-input\":{\"@type\":\"PropertyValueSpecification\",\"valueRequired\":true,\"valueName\":\"search_term_string\"}}],\"inLanguage\":\"pl-PL\"},{\"@type\":\"Organization\",\"@id\":\"https:\/\/www.nedzink.com\/pl\/#organization\",\"name\":\"NedZink\",\"url\":\"https:\/\/www.nedzink.com\/pl\/\",\"logo\":{\"@type\":\"ImageObject\",\"inLanguage\":\"pl-PL\",\"@id\":\"https:\/\/www.nedzink.com\/pl\/#\/schema\/logo\/image\/\",\"url\":\"https:\/\/www.nedzink.com\/wp-content\/uploads\/2019\/08\/logo-nedzink_fc_zk.jpg\",\"contentUrl\":\"https:\/\/www.nedzink.com\/wp-content\/uploads\/2019\/08\/logo-nedzink_fc_zk.jpg\",\"width\":2160,\"height\":688,\"caption\":\"NedZink\"},\"image\":{\"@id\":\"https:\/\/www.nedzink.com\/pl\/#\/schema\/logo\/image\/\"}}]}<\/script>\n<!-- \/ Yoast SEO plugin. -->","yoast_head_json":{"title":"Panele horyzontalne \u2013 NedZink","robots":{"index":"index","follow":"follow","max-snippet":"max-snippet:-1","max-image-preview":"max-image-preview:large","max-video-preview":"max-video-preview:-1"},"canonical":"https:\/\/www.nedzink.com\/pl\/okladziny-fasadowe\/panele-horyzontalne\/","og_locale":"pl_PL","og_type":"article","og_title":"Panele horyzontalne \u2013 NedZink","og_description":"Panel nak\u0142adkowy Opis profilu Ok\u0142adzina fasadowa panelami nak\u0142adkowymi przypomina optycznie tradycyjne ok\u0142adziny jak np. deskowanie nak\u0142adkowe. Poprzez nakrycie odpowiednio ni\u017cszego profilu poziomego g&oacute;rn\u0105 kraw\u0119dziom powy\u017cszego, profile w przestrzeni pionowej montowane s\u0105 w pozycji pochy\u0142ej. Zamocowanie nast\u0119puje za pomoc\u0105 \u015brub lub nit&oacute;w do podkonstrukcji. Produkcja profili nast\u0119puje jako profil kantowany. Produkcja i dostawa nast\u0119puje wy\u0142\u0105cznie w [&hellip;]","og_url":"https:\/\/www.nedzink.com\/pl\/okladziny-fasadowe\/panele-horyzontalne\/","og_site_name":"NedZink","twitter_card":"summary_large_image","twitter_misc":{"Szacowany czas czytania":"2 minuty"},"schema":{"@context":"https:\/\/schema.org","@graph":[{"@type":"WebPage","@id":"https:\/\/www.nedzink.com\/pl\/okladziny-fasadowe\/panele-horyzontalne\/","url":"https:\/\/www.nedzink.com\/pl\/okladziny-fasadowe\/panele-horyzontalne\/","name":"Panele horyzontalne \u2013 NedZink","isPartOf":{"@id":"https:\/\/www.nedzink.com\/pl\/#website"},"datePublished":"2019-06-04T12:55:45+00:00","breadcrumb":{"@id":"https:\/\/www.nedzink.com\/pl\/okladziny-fasadowe\/panele-horyzontalne\/#breadcrumb"},"inLanguage":"pl-PL","potentialAction":[{"@type":"ReadAction","target":["https:\/\/www.nedzink.com\/pl\/okladziny-fasadowe\/panele-horyzontalne\/"]}]},{"@type":"BreadcrumbList","@id":"https:\/\/www.nedzink.com\/pl\/okladziny-fasadowe\/panele-horyzontalne\/#breadcrumb","itemListElement":[{"@type":"ListItem","position":1,"name":"Home","item":"https:\/\/www.nedzink.com\/pl\/"},{"@type":"ListItem","position":2,"name":"Ok\u0142adziny fasadowe","item":"https:\/\/www.nedzink.com\/pl\/okladziny-fasadowe\/"},{"@type":"ListItem","position":3,"name":"Panele horyzontalne"}]},{"@type":"WebSite","@id":"https:\/\/www.nedzink.com\/pl\/#website","url":"https:\/\/www.nedzink.com\/pl\/","name":"NedZink","description":"Zink fabrikant","publisher":{"@id":"https:\/\/www.nedzink.com\/pl\/#organization"},"potentialAction":[{"@type":"SearchAction","target":{"@type":"EntryPoint","urlTemplate":"https:\/\/www.nedzink.com\/pl\/?s={search_term_string}"},"query-input":{"@type":"PropertyValueSpecification","valueRequired":true,"valueName":"search_term_string"}}],"inLanguage":"pl-PL"},{"@type":"Organization","@id":"https:\/\/www.nedzink.com\/pl\/#organization","name":"NedZink","url":"https:\/\/www.nedzink.com\/pl\/","logo":{"@type":"ImageObject","inLanguage":"pl-PL","@id":"https:\/\/www.nedzink.com\/pl\/#\/schema\/logo\/image\/","url":"https:\/\/www.nedzink.com\/wp-content\/uploads\/2019\/08\/logo-nedzink_fc_zk.jpg","contentUrl":"https:\/\/www.nedzink.com\/wp-content\/uploads\/2019\/08\/logo-nedzink_fc_zk.jpg","width":2160,"height":688,"caption":"NedZink"},"image":{"@id":"https:\/\/www.nedzink.com\/pl\/#\/schema\/logo\/image\/"}}]}},"_links":{"self":[{"href":"https:\/\/www.nedzink.com\/pl\/wp-json\/wp\/v2\/pages\/30979","targetHints":{"allow":["GET"]}}],"collection":[{"href":"https:\/\/www.nedzink.com\/pl\/wp-json\/wp\/v2\/pages"}],"about":[{"href":"https:\/\/www.nedzink.com\/pl\/wp-json\/wp\/v2\/types\/page"}],"author":[{"embeddable":true,"href":"https:\/\/www.nedzink.com\/pl\/wp-json\/wp\/v2\/users\/9"}],"replies":[{"embeddable":true,"href":"https:\/\/www.nedzink.com\/pl\/wp-json\/wp\/v2\/comments?post=30979"}],"version-history":[{"count":0,"href":"https:\/\/www.nedzink.com\/pl\/wp-json\/wp\/v2\/pages\/30979\/revisions"}],"up":[{"embeddable":true,"href":"https:\/\/www.nedzink.com\/pl\/wp-json\/wp\/v2\/pages\/30906"}],"wp:attachment":[{"href":"https:\/\/www.nedzink.com\/pl\/wp-json\/wp\/v2\/media?parent=30979"}],"curies":[{"name":"wp","href":"https:\/\/api.w.org\/{rel}","templated":true}]}}