{"id":30959,"date":"2019-06-04T14:55:39","date_gmt":"2019-06-04T12:55:39","guid":{"rendered":"http:\/\/136.144.181.85\/~nedzink\/informacje-techniczne\/okladziny-fasadowe\/system-wsuwany-pioro-wpust\/"},"modified":"2019-06-04T14:55:39","modified_gmt":"2019-06-04T12:55:39","slug":"system-wsuwany-pioro-wpust","status":"publish","type":"page","link":"https:\/\/www.nedzink.com\/pl\/okladziny-fasadowe\/system-wsuwany-pioro-wpust\/","title":{"rendered":"System wsuwany pi\u00f3ro-wpust"},"content":{"rendered":"<h3>\n\tOpis profili<\/h3>\n<p>\n\tPanele wsuwane s\u0105 elementami, gdzie zastosowano prefabrykowany profil fasadowy na pi&oacute;ro i wpust celem stworzenia zawieszanej wentylowanej fasady. Stosuje si\u0119 je zar&oacute;wno w budownictwie prywatnym, jak r&oacute;wnie\u017c w budynkach przemys\u0142owych i biurowych. Panele \u0142\u0105czy si\u0119 ze sob\u0105 p\u0142aszczyznowo poprzez wk\u0142adanie wzd\u0142u\u017cne w rowek wpustowy, tworz\u0105c tym samym jednolity uk\u0142ad fasady z zas\u0142oni\u0119tym, niewidocznym monta\u017cem.<\/p>\n<p>\n\t&nbsp;<\/p>\n<p>\n\tProjektowo powstaj\u0105 mo\u017cliwo\u015bci poziomego, pionowego lub sko\u015bnego ukierunkowania paneli o d\u0142ugo\u015bci maksymalnej 6,00 m. Ponadto rowek nazywany te\u017c cieniow\u0105 fug\u0105, mo\u017ce zosta\u0107 dowolnie ustawiony w przedziale 2-30 mm.<\/p>\n<p>\t<img decoding=\"async\" src=\"https:\/\/www.nedzink.com\/wp-content\/uploads\/import\/cms\/userfiles\/images\/Bild-1_6.2.2.jpg\" style=\"border-width: 0px; border-style: solid; width: 301px; height: 225px;\" \/>&nbsp;<img decoding=\"async\" src=\"https:\/\/www.nedzink.com\/wp-content\/uploads\/import\/cms\/userfiles\/images\/Bild-2_6.2.2.jpg\" style=\"border-width: 0px; border-style: solid; width: 301px; height: 225px;\" \/><\/p>\n<p>\tPanele fasadowe NedZink dostarcza si\u0119 jako profil standardowy formowany rolkowo. Profile specjalne dla zakres&oacute;w po\u0142\u0105czeniowych czy wyko\u0144czeniowych, jak r&oacute;wnie\u017c profile naro\u017cne produkuje si\u0119 jako profile wyginane. Na \u017cyczenie dost\u0119pne s\u0105 tak\u017ce panele jako profile wyginane. Styki paneli mog\u0105 zosta\u0107 po\u0142\u0105czone \u0142\u0105cznikami stykowymi lub lizen\u0105 tworz\u0105c zamkni\u0119t\u0105 wizualnie powierzchni\u0119. Produkcja i dostawa nast\u0119puj\u0105 w odniesieniu do obiekt&oacute;w na bazie zestawienia obmiarowego.&nbsp;<br \/>\n\t&nbsp;<\/p>\n<h3>\n<style type=\"text\/css\">\n<!--{cke_protected}{C}%3C!%2D%2D%0A%20%2F*%20Font%20Definitions%20*%2F%0A%40font-face%0A%09%7Bfont-family%3A%22%EF%BC%AD%EF%BC%B3%20%E6%98%8E%E6%9C%9D%22%3B%0A%09panose-1%3A0%200%200%200%200%200%200%200%200%200%3B%0A%09mso-font-charset%3A128%3B%0A%09mso-generic-font-family%3Aroman%3B%0A%09mso-font-format%3Aother%3B%0A%09mso-font-pitch%3Afixed%3B%0A%09mso-font-signature%3A1%20134676480%2016%200%20131072%200%3B%7D%0A%40font-face%0A%09%7Bfont-family%3A%22%EF%BC%AD%EF%BC%B3%20%E3%82%B4%E3%82%B7%E3%83%83%E3%82%AF%22%3B%0A%09panose-1%3A0%200%200%200%200%200%200%200%200%200%3B%0A%09mso-font-charset%3A128%3B%0A%09mso-generic-font-family%3Amodern%3B%0A%09mso-font-format%3Aother%3B%0A%09mso-font-pitch%3Afixed%3B%0A%09mso-font-signature%3A1%20134676480%2016%200%20131072%200%3B%7D%0A%40font-face%0A%09%7Bfont-family%3A%22Cambria%20Math%22%3B%0A%09panose-1%3A2%204%205%203%205%204%206%203%202%204%3B%0A%09mso-font-charset%3A0%3B%0A%09mso-generic-font-family%3Aauto%3B%0A%09mso-font-pitch%3Avariable%3B%0A%09mso-font-signature%3A3%200%200%200%201%200%3B%7D%0A%40font-face%0A%09%7Bfont-family%3ACalibri%3B%0A%09panose-1%3A2%2015%205%202%202%202%204%203%202%204%3B%0A%09mso-font-charset%3A0%3B%0A%09mso-generic-font-family%3Aauto%3B%0A%09mso-font-pitch%3Avariable%3B%0A%09mso-font-signature%3A3%200%200%200%201%200%3B%7D%0A%40font-face%0A%09%7Bfont-family%3ACambria%3B%0A%09panose-1%3A2%204%205%203%205%204%206%203%202%204%3B%0A%09mso-font-charset%3A0%3B%0A%09mso-generic-font-family%3Aauto%3B%0A%09mso-font-pitch%3Avariable%3B%0A%09mso-font-signature%3A3%200%200%200%201%200%3B%7D%0A%20%2F*%20Style%20Definitions%20*%2F%0Ap.MsoNormal%2C%20li.MsoNormal%2C%20div.MsoNormal%0A%09%7Bmso-style-unhide%3Ano%3B%0A%09mso-style-qformat%3Ayes%3B%0A%09mso-style-parent%3A%22%22%3B%0A%09margin-top%3A0cm%3B%0A%09margin-right%3A0cm%3B%0A%09margin-bottom%3A10.0pt%3B%0A%09margin-left%3A0cm%3B%0A%09line-height%3A115%25%3B%0A%09mso-pagination%3Awidow-orphan%3B%0A%09font-size%3A11.0pt%3B%0A%09font-family%3ACalibri%3B%0A%09mso-ascii-font-family%3ACalibri%3B%0A%09mso-ascii-theme-font%3Aminor-latin%3B%0A%09mso-fareast-font-family%3A%22%EF%BC%AD%EF%BC%B3%20%E6%98%8E%E6%9C%9D%22%3B%0A%09mso-fareast-theme-font%3Aminor-fareast%3B%0A%09mso-hansi-font-family%3ACalibri%3B%0A%09mso-hansi-theme-font%3Aminor-latin%3B%0A%09mso-bidi-font-family%3A%22Times%20New%20Roman%22%3B%0A%09mso-bidi-theme-font%3Aminor-bidi%3B%0A%09mso-ansi-language%3APL%3B%0A%09mso-fareast-language%3APL%3B%7D%0Ah2%0A%09%7Bmso-style-priority%3A9%3B%0A%09mso-style-qformat%3Ayes%3B%0A%09mso-style-link%3A%22Kop%202%20Teken%22%3B%0A%09mso-style-next%3ANormaal%3B%0A%09margin-top%3A10.0pt%3B%0A%09margin-right%3A0cm%3B%0A%09margin-bottom%3A0cm%3B%0A%09margin-left%3A0cm%3B%0A%09margin-bottom%3A.0001pt%3B%0A%09line-height%3A115%25%3B%0A%09mso-pagination%3Awidow-orphan%20lines-together%3B%0A%09page-break-after%3Aavoid%3B%0A%09mso-outline-level%3A2%3B%0A%09font-size%3A13.0pt%3B%0A%09font-family%3ACambria%3B%0A%09mso-ascii-font-family%3ACambria%3B%0A%09mso-ascii-theme-font%3Amajor-latin%3B%0A%09mso-fareast-font-family%3A%22%EF%BC%AD%EF%BC%B3%20%E3%82%B4%E3%82%B7%E3%83%83%E3%82%AF%22%3B%0A%09mso-fareast-theme-font%3Amajor-fareast%3B%0A%09mso-hansi-font-family%3ACambria%3B%0A%09mso-hansi-theme-font%3Amajor-latin%3B%0A%09mso-bidi-font-family%3A%22Times%20New%20Roman%22%3B%0A%09mso-bidi-theme-font%3Amajor-bidi%3B%0A%09color%3A%234F81BD%3B%0A%09mso-themecolor%3Aaccent1%3B%0A%09mso-ansi-language%3APL%3B%0A%09mso-fareast-language%3APL%3B%7D%0Aspan.Kop2Teken%0A%09%7Bmso-style-name%3A%22Kop%202%20Teken%22%3B%0A%09mso-style-priority%3A9%3B%0A%09mso-style-unhide%3Ano%3B%0A%09mso-style-locked%3Ayes%3B%0A%09mso-style-link%3A%22Kop%202%22%3B%0A%09mso-ansi-font-size%3A13.0pt%3B%0A%09mso-bidi-font-size%3A13.0pt%3B%0A%09font-family%3ACambria%3B%0A%09mso-ascii-font-family%3ACambria%3B%0A%09mso-ascii-theme-font%3Amajor-latin%3B%0A%09mso-fareast-font-family%3A%22%EF%BC%AD%EF%BC%B3%20%E3%82%B4%E3%82%B7%E3%83%83%E3%82%AF%22%3B%0A%09mso-fareast-theme-font%3Amajor-fareast%3B%0A%09mso-hansi-font-family%3ACambria%3B%0A%09mso-hansi-theme-font%3Amajor-latin%3B%0A%09mso-bidi-font-family%3A%22Times%20New%20Roman%22%3B%0A%09mso-bidi-theme-font%3Amajor-bidi%3B%0A%09color%3A%234F81BD%3B%0A%09mso-themecolor%3Aaccent1%3B%0A%09font-weight%3Abold%3B%7D%0A.MsoChpDefault%0A%09%7Bmso-style-type%3Aexport-only%3B%0A%09mso-default-props%3Ayes%3B%0A%09font-size%3A11.0pt%3B%0A%09mso-ansi-font-size%3A11.0pt%3B%0A%09mso-bidi-font-size%3A11.0pt%3B%0A%09font-family%3ACalibri%3B%0A%09mso-ascii-font-family%3ACalibri%3B%0A%09mso-ascii-theme-font%3Aminor-latin%3B%0A%09mso-fareast-font-family%3A%22%EF%BC%AD%EF%BC%B3%20%E6%98%8E%E6%9C%9D%22%3B%0A%09mso-fareast-theme-font%3Aminor-fareast%3B%0A%09mso-hansi-font-family%3ACalibri%3B%0A%09mso-hansi-theme-font%3Aminor-latin%3B%0A%09mso-bidi-font-family%3A%22Times%20New%20Roman%22%3B%0A%09mso-bidi-theme-font%3Aminor-bidi%3B%0A%09mso-ansi-language%3APL%3B%0A%09mso-fareast-language%3APL%3B%7D%0A.MsoPapDefault%0A%09%7Bmso-style-type%3Aexport-only%3B%0A%09margin-bottom%3A10.0pt%3B%0A%09line-height%3A115%25%3B%7D%0A%40page%20WordSection1%0A%09%7Bsize%3A612.0pt%20792.0pt%3B%0A%09margin%3A70.85pt%2070.85pt%2070.85pt%2070.85pt%3B%0A%09mso-header-margin%3A35.4pt%3B%0A%09mso-footer-margin%3A35.4pt%3B%0A%09mso-paper-source%3A0%3B%7D%0Adiv.WordSection1%0A%09%7Bpage%3AWordSection1%3B%7D%0A%2D%2D%3E-->\t<\/style>\n<\/h3>\n<h2>\n\t<span lang=\"PL\" style=\"font-size:11.0pt;line-height:115%\">Jako\u015b\u0107 powierzchni<\/span><\/h2>\n<p>\n\tPanele fasadowe wykonane mog\u0105 zosta\u0107 z wszelkich powierzchni znajduj\u0105cych si\u0119 w asortymencie NedZink, m.in. NATUREL. W celu uzyskania jednolitego wygl\u0105du powierzchni od samego pocz\u0105tku, zaleca si\u0119 stosowanie patynowanych NedZink NOVA. Do\u015bwiadczenie budowlane pokazuje, \u017ce pocz\u0105tkowo zr&oacute;\u017cnicowany wizualny odcie\u0144 patyny fasad z NATUREL powoduje trudno\u015bci z jego akceptacj\u0105 ze strony inwestor&oacute;w. &nbsp;<br \/>\n\t&nbsp;<\/p>\n<table border=\"1\" cellpadding=\"1\" cellspacing=\"0\" height=\"156\" width=\"535\">\n<tbody>\n<tr>\n<td>\n\t\t\t\t&nbsp;<\/td>\n<td>\n\t\t\t\t<strong>Profil wyginany, kantowany<\/strong><\/td>\n<td>\n\t\t\t\t<strong>Profil formowany rolkowo<\/strong><\/td>\n<\/tr>\n<tr>\n<td>\n\t\t\t\t<strong>Grubo\u015b\u0107 materia\u0142u<\/strong><\/td>\n<td>\n\t\t\t\t1,0 mm<\/td>\n<td>\n\t\t\t\t1,0 mm<\/td>\n<\/tr>\n<tr>\n<td>\n\t\t\t\t<strong>D\u0142ugo\u015b\u0107 profili<\/strong><\/td>\n<td>\n\t\t\t\tzalecane max. 4,0 m<\/td>\n<td>\n\t\t\t\tzalecane max. 6,0 m<\/td>\n<\/tr>\n<tr>\n<td>\n\t\t\t\t<strong>Wymiar osiowy &#8211; standard<\/strong><\/td>\n<td align=\"center\" colspan=\"2\">\n\t\t\t\t200 \/ 250 \/ 300 \/ 333 mm<\/td>\n<\/tr>\n<tr>\n<td>\n\t\t\t\t<strong>Szeroko\u015b\u0107 doci\u0119cia<\/strong><\/td>\n<td align=\"center\">\n\t\t\t\tPowierzchnia widoczna + 130 mm<\/td>\n<td align=\"center\">\n\t\t\t\tPowierzchnia widoczna +110 mm<\/td>\n<\/tr>\n<tr>\n<td>\n\t\t\t\t<strong>Szeroko\u015b\u0107 fug<\/strong><\/td>\n<td align=\"center\" colspan=\"2\">\n\t\t\t\t2 mm &#8211; 30 mm<\/td>\n<\/tr>\n<tr>\n<td>\n\t\t\t\t<strong>Wysoko\u015b\u0107 paneli<\/strong><\/td>\n<td>\n\t\t\t\t25 mm<\/td>\n<td>\n\t\t\t\t24 mm<\/td>\n<\/tr>\n<\/tbody>\n<\/table>\n<p>\n\tDalsze wymiary na zapytanie<\/p>\n<h2>\n\tKonstrukcja no\u015bna<\/h2>\n<p>\n\tPanele fasadowe jako konstrukcja wentylowana montowane s\u0105 na niepe\u0142no-powierzchniowych konstrukcjach drewnianych lub metalowych (np. \u0142atowanie, profile trapezowe, wielocz\u0119\u015bciowe systemy itd.). Na rynku dost\u0119pne s\u0105 odpowiednie systemy podkonstrukcji kilku producent&oacute;w. Informacje na ten temat mo\u017cna uzyska\u0107 na zapytanie. Zamocowanie nast\u0119puje za pomoc\u0105 ukrytych \u015brub lub nit&oacute;w nierdzewnych. Wyd\u0142u\u017cenie wzd\u0142u\u017cne i poprzeczne musi zosta\u0107 uwzgl\u0119dnione w konstrukcji odpowiednio rozdzielaj\u0105cej technicznie wyd\u0142u\u017cenia.<\/p>\n","protected":false},"excerpt":{"rendered":"<p>Opis profili Panele wsuwane s\u0105 elementami, gdzie zastosowano prefabrykowany profil fasadowy na pi&oacute;ro i wpust celem stworzenia zawieszanej wentylowanej fasady. Stosuje si\u0119 je zar&oacute;wno w budownictwie prywatnym, jak r&oacute;wnie\u017c w budynkach przemys\u0142owych i biurowych. Panele \u0142\u0105czy si\u0119 ze sob\u0105 p\u0142aszczyznowo poprzez wk\u0142adanie wzd\u0142u\u017cne w rowek wpustowy, tworz\u0105c tym samym jednolity uk\u0142ad fasady z zas\u0142oni\u0119tym, niewidocznym [&hellip;]<\/p>\n","protected":false},"author":9,"featured_media":0,"parent":30906,"menu_order":920,"comment_status":"closed","ping_status":"closed","template":"template-import.php","meta":{"_acf_changed":false,"footnotes":""},"class_list":["post-30959","page","type-page","status-publish","hentry"],"acf":[],"yoast_head":"<!-- This site is optimized with the Yoast SEO plugin v26.8 - https:\/\/yoast.com\/product\/yoast-seo-wordpress\/ -->\n<title>System wsuwany pi\u00f3ro-wpust \u2013 NedZink<\/title>\n<meta name=\"robots\" content=\"index, follow, max-snippet:-1, max-image-preview:large, max-video-preview:-1\" \/>\n<link rel=\"canonical\" href=\"https:\/\/www.nedzink.com\/pl\/okladziny-fasadowe\/system-wsuwany-pioro-wpust\/\" \/>\n<meta property=\"og:locale\" content=\"pl_PL\" \/>\n<meta property=\"og:type\" content=\"article\" \/>\n<meta property=\"og:title\" content=\"System wsuwany pi\u00f3ro-wpust \u2013 NedZink\" \/>\n<meta property=\"og:description\" content=\"Opis profili Panele wsuwane s\u0105 elementami, gdzie zastosowano prefabrykowany profil fasadowy na pi&oacute;ro i wpust celem stworzenia zawieszanej wentylowanej fasady. Stosuje si\u0119 je zar&oacute;wno w budownictwie prywatnym, jak r&oacute;wnie\u017c w budynkach przemys\u0142owych i biurowych. Panele \u0142\u0105czy si\u0119 ze sob\u0105 p\u0142aszczyznowo poprzez wk\u0142adanie wzd\u0142u\u017cne w rowek wpustowy, tworz\u0105c tym samym jednolity uk\u0142ad fasady z zas\u0142oni\u0119tym, niewidocznym [&hellip;]\" \/>\n<meta property=\"og:url\" content=\"https:\/\/www.nedzink.com\/pl\/okladziny-fasadowe\/system-wsuwany-pioro-wpust\/\" \/>\n<meta property=\"og:site_name\" content=\"NedZink\" \/>\n<meta property=\"og:image\" content=\"https:\/\/www.nedzink.com\/wp-content\/uploads\/import\/cms\/userfiles\/images\/Bild-1_6.2.2.jpg\" \/>\n<meta name=\"twitter:card\" content=\"summary_large_image\" \/>\n<meta name=\"twitter:label1\" content=\"Szacowany czas czytania\" \/>\n\t<meta name=\"twitter:data1\" content=\"2 minuty\" \/>\n<script type=\"application\/ld+json\" class=\"yoast-schema-graph\">{\"@context\":\"https:\/\/schema.org\",\"@graph\":[{\"@type\":\"WebPage\",\"@id\":\"https:\/\/www.nedzink.com\/pl\/okladziny-fasadowe\/system-wsuwany-pioro-wpust\/\",\"url\":\"https:\/\/www.nedzink.com\/pl\/okladziny-fasadowe\/system-wsuwany-pioro-wpust\/\",\"name\":\"System wsuwany pi\u00f3ro-wpust \u2013 NedZink\",\"isPartOf\":{\"@id\":\"https:\/\/www.nedzink.com\/pl\/#website\"},\"primaryImageOfPage\":{\"@id\":\"https:\/\/www.nedzink.com\/pl\/okladziny-fasadowe\/system-wsuwany-pioro-wpust\/#primaryimage\"},\"image\":{\"@id\":\"https:\/\/www.nedzink.com\/pl\/okladziny-fasadowe\/system-wsuwany-pioro-wpust\/#primaryimage\"},\"thumbnailUrl\":\"https:\/\/www.nedzink.com\/wp-content\/uploads\/import\/cms\/userfiles\/images\/Bild-1_6.2.2.jpg\",\"datePublished\":\"2019-06-04T12:55:39+00:00\",\"breadcrumb\":{\"@id\":\"https:\/\/www.nedzink.com\/pl\/okladziny-fasadowe\/system-wsuwany-pioro-wpust\/#breadcrumb\"},\"inLanguage\":\"pl-PL\",\"potentialAction\":[{\"@type\":\"ReadAction\",\"target\":[\"https:\/\/www.nedzink.com\/pl\/okladziny-fasadowe\/system-wsuwany-pioro-wpust\/\"]}]},{\"@type\":\"ImageObject\",\"inLanguage\":\"pl-PL\",\"@id\":\"https:\/\/www.nedzink.com\/pl\/okladziny-fasadowe\/system-wsuwany-pioro-wpust\/#primaryimage\",\"url\":\"https:\/\/www.nedzink.com\/wp-content\/uploads\/import\/cms\/userfiles\/images\/Bild-1_6.2.2.jpg\",\"contentUrl\":\"https:\/\/www.nedzink.com\/wp-content\/uploads\/import\/cms\/userfiles\/images\/Bild-1_6.2.2.jpg\"},{\"@type\":\"BreadcrumbList\",\"@id\":\"https:\/\/www.nedzink.com\/pl\/okladziny-fasadowe\/system-wsuwany-pioro-wpust\/#breadcrumb\",\"itemListElement\":[{\"@type\":\"ListItem\",\"position\":1,\"name\":\"Home\",\"item\":\"https:\/\/www.nedzink.com\/pl\/\"},{\"@type\":\"ListItem\",\"position\":2,\"name\":\"Ok\u0142adziny fasadowe\",\"item\":\"https:\/\/www.nedzink.com\/pl\/okladziny-fasadowe\/\"},{\"@type\":\"ListItem\",\"position\":3,\"name\":\"System wsuwany pi\u00f3ro-wpust\"}]},{\"@type\":\"WebSite\",\"@id\":\"https:\/\/www.nedzink.com\/pl\/#website\",\"url\":\"https:\/\/www.nedzink.com\/pl\/\",\"name\":\"NedZink\",\"description\":\"Zink fabrikant\",\"publisher\":{\"@id\":\"https:\/\/www.nedzink.com\/pl\/#organization\"},\"potentialAction\":[{\"@type\":\"SearchAction\",\"target\":{\"@type\":\"EntryPoint\",\"urlTemplate\":\"https:\/\/www.nedzink.com\/pl\/?s={search_term_string}\"},\"query-input\":{\"@type\":\"PropertyValueSpecification\",\"valueRequired\":true,\"valueName\":\"search_term_string\"}}],\"inLanguage\":\"pl-PL\"},{\"@type\":\"Organization\",\"@id\":\"https:\/\/www.nedzink.com\/pl\/#organization\",\"name\":\"NedZink\",\"url\":\"https:\/\/www.nedzink.com\/pl\/\",\"logo\":{\"@type\":\"ImageObject\",\"inLanguage\":\"pl-PL\",\"@id\":\"https:\/\/www.nedzink.com\/pl\/#\/schema\/logo\/image\/\",\"url\":\"https:\/\/www.nedzink.com\/wp-content\/uploads\/2019\/08\/logo-nedzink_fc_zk.jpg\",\"contentUrl\":\"https:\/\/www.nedzink.com\/wp-content\/uploads\/2019\/08\/logo-nedzink_fc_zk.jpg\",\"width\":2160,\"height\":688,\"caption\":\"NedZink\"},\"image\":{\"@id\":\"https:\/\/www.nedzink.com\/pl\/#\/schema\/logo\/image\/\"}}]}<\/script>\n<!-- \/ Yoast SEO plugin. -->","yoast_head_json":{"title":"System wsuwany pi\u00f3ro-wpust \u2013 NedZink","robots":{"index":"index","follow":"follow","max-snippet":"max-snippet:-1","max-image-preview":"max-image-preview:large","max-video-preview":"max-video-preview:-1"},"canonical":"https:\/\/www.nedzink.com\/pl\/okladziny-fasadowe\/system-wsuwany-pioro-wpust\/","og_locale":"pl_PL","og_type":"article","og_title":"System wsuwany pi\u00f3ro-wpust \u2013 NedZink","og_description":"Opis profili Panele wsuwane s\u0105 elementami, gdzie zastosowano prefabrykowany profil fasadowy na pi&oacute;ro i wpust celem stworzenia zawieszanej wentylowanej fasady. Stosuje si\u0119 je zar&oacute;wno w budownictwie prywatnym, jak r&oacute;wnie\u017c w budynkach przemys\u0142owych i biurowych. Panele \u0142\u0105czy si\u0119 ze sob\u0105 p\u0142aszczyznowo poprzez wk\u0142adanie wzd\u0142u\u017cne w rowek wpustowy, tworz\u0105c tym samym jednolity uk\u0142ad fasady z zas\u0142oni\u0119tym, niewidocznym [&hellip;]","og_url":"https:\/\/www.nedzink.com\/pl\/okladziny-fasadowe\/system-wsuwany-pioro-wpust\/","og_site_name":"NedZink","og_image":[{"url":"https:\/\/www.nedzink.com\/wp-content\/uploads\/import\/cms\/userfiles\/images\/Bild-1_6.2.2.jpg","type":"","width":"","height":""}],"twitter_card":"summary_large_image","twitter_misc":{"Szacowany czas czytania":"2 minuty"},"schema":{"@context":"https:\/\/schema.org","@graph":[{"@type":"WebPage","@id":"https:\/\/www.nedzink.com\/pl\/okladziny-fasadowe\/system-wsuwany-pioro-wpust\/","url":"https:\/\/www.nedzink.com\/pl\/okladziny-fasadowe\/system-wsuwany-pioro-wpust\/","name":"System wsuwany pi\u00f3ro-wpust \u2013 NedZink","isPartOf":{"@id":"https:\/\/www.nedzink.com\/pl\/#website"},"primaryImageOfPage":{"@id":"https:\/\/www.nedzink.com\/pl\/okladziny-fasadowe\/system-wsuwany-pioro-wpust\/#primaryimage"},"image":{"@id":"https:\/\/www.nedzink.com\/pl\/okladziny-fasadowe\/system-wsuwany-pioro-wpust\/#primaryimage"},"thumbnailUrl":"https:\/\/www.nedzink.com\/wp-content\/uploads\/import\/cms\/userfiles\/images\/Bild-1_6.2.2.jpg","datePublished":"2019-06-04T12:55:39+00:00","breadcrumb":{"@id":"https:\/\/www.nedzink.com\/pl\/okladziny-fasadowe\/system-wsuwany-pioro-wpust\/#breadcrumb"},"inLanguage":"pl-PL","potentialAction":[{"@type":"ReadAction","target":["https:\/\/www.nedzink.com\/pl\/okladziny-fasadowe\/system-wsuwany-pioro-wpust\/"]}]},{"@type":"ImageObject","inLanguage":"pl-PL","@id":"https:\/\/www.nedzink.com\/pl\/okladziny-fasadowe\/system-wsuwany-pioro-wpust\/#primaryimage","url":"https:\/\/www.nedzink.com\/wp-content\/uploads\/import\/cms\/userfiles\/images\/Bild-1_6.2.2.jpg","contentUrl":"https:\/\/www.nedzink.com\/wp-content\/uploads\/import\/cms\/userfiles\/images\/Bild-1_6.2.2.jpg"},{"@type":"BreadcrumbList","@id":"https:\/\/www.nedzink.com\/pl\/okladziny-fasadowe\/system-wsuwany-pioro-wpust\/#breadcrumb","itemListElement":[{"@type":"ListItem","position":1,"name":"Home","item":"https:\/\/www.nedzink.com\/pl\/"},{"@type":"ListItem","position":2,"name":"Ok\u0142adziny fasadowe","item":"https:\/\/www.nedzink.com\/pl\/okladziny-fasadowe\/"},{"@type":"ListItem","position":3,"name":"System wsuwany pi\u00f3ro-wpust"}]},{"@type":"WebSite","@id":"https:\/\/www.nedzink.com\/pl\/#website","url":"https:\/\/www.nedzink.com\/pl\/","name":"NedZink","description":"Zink fabrikant","publisher":{"@id":"https:\/\/www.nedzink.com\/pl\/#organization"},"potentialAction":[{"@type":"SearchAction","target":{"@type":"EntryPoint","urlTemplate":"https:\/\/www.nedzink.com\/pl\/?s={search_term_string}"},"query-input":{"@type":"PropertyValueSpecification","valueRequired":true,"valueName":"search_term_string"}}],"inLanguage":"pl-PL"},{"@type":"Organization","@id":"https:\/\/www.nedzink.com\/pl\/#organization","name":"NedZink","url":"https:\/\/www.nedzink.com\/pl\/","logo":{"@type":"ImageObject","inLanguage":"pl-PL","@id":"https:\/\/www.nedzink.com\/pl\/#\/schema\/logo\/image\/","url":"https:\/\/www.nedzink.com\/wp-content\/uploads\/2019\/08\/logo-nedzink_fc_zk.jpg","contentUrl":"https:\/\/www.nedzink.com\/wp-content\/uploads\/2019\/08\/logo-nedzink_fc_zk.jpg","width":2160,"height":688,"caption":"NedZink"},"image":{"@id":"https:\/\/www.nedzink.com\/pl\/#\/schema\/logo\/image\/"}}]}},"_links":{"self":[{"href":"https:\/\/www.nedzink.com\/pl\/wp-json\/wp\/v2\/pages\/30959","targetHints":{"allow":["GET"]}}],"collection":[{"href":"https:\/\/www.nedzink.com\/pl\/wp-json\/wp\/v2\/pages"}],"about":[{"href":"https:\/\/www.nedzink.com\/pl\/wp-json\/wp\/v2\/types\/page"}],"author":[{"embeddable":true,"href":"https:\/\/www.nedzink.com\/pl\/wp-json\/wp\/v2\/users\/9"}],"replies":[{"embeddable":true,"href":"https:\/\/www.nedzink.com\/pl\/wp-json\/wp\/v2\/comments?post=30959"}],"version-history":[{"count":0,"href":"https:\/\/www.nedzink.com\/pl\/wp-json\/wp\/v2\/pages\/30959\/revisions"}],"up":[{"embeddable":true,"href":"https:\/\/www.nedzink.com\/pl\/wp-json\/wp\/v2\/pages\/30906"}],"wp:attachment":[{"href":"https:\/\/www.nedzink.com\/pl\/wp-json\/wp\/v2\/media?parent=30959"}],"curies":[{"name":"wp","href":"https:\/\/api.w.org\/{rel}","templated":true}]}}