{"id":30918,"date":"2019-06-04T14:55:26","date_gmt":"2019-06-04T12:55:26","guid":{"rendered":"http:\/\/136.144.181.85\/~nedzink\/informacje-techniczne\/okladziny-fasadowe\/ogolnie\/"},"modified":"2019-06-04T14:55:26","modified_gmt":"2019-06-04T12:55:26","slug":"ogolnie","status":"publish","type":"page","link":"https:\/\/www.nedzink.com\/pl\/okladziny-fasadowe\/ogolnie\/","title":{"rendered":"Og\u00f3lnie"},"content":{"rendered":"<p>\n\t<a class=\"RTE_URL_MEDIACAT_Link\" href=\"http:\/\/www.nedzink.nl\/media\/technisch_advies\/50wandsysteme.jpg\" style=\"float:left; margin-right: 10px;\" target=\"_blank\" title=\"http:\/\/www.nedzink.nl\/media\/technisch_advies\/50wandsysteme.jpg\" rel=\"noopener noreferrer\"><img decoding=\"async\" alt=\"Zoom\" src=\"https:\/\/www.nedzink.com\/wp-content\/uploads\/import\/cms\/userfiles\/images\/50wandsysteme_small.jpg\" style=\"width: 250px; height: 250px; border-width: 0px; border-style: solid; float: left;\" \/><\/a><\/p>\n<p>\n\tOk\u0142adziny \u015bcienne zasadniczo s\u0105 do wykonania w dw&oacute;ch r&oacute;\u017cnych wersjach. Stosowane s\u0105 konstrukcje wentylowane, jak r&oacute;wnie\u017c niewentylowane.<\/p>\n<p>\n\tDla produkt&oacute;w NedZink konstrukcja wentylowana jest wersj\u0105 standardow\u0105.<\/p>\n<p>\n\tOk\u0142adziny \u015bcienne s\u0105 wszechstronnymi talentami podobnie jak pokrycia dachowe. \u0141\u0105cz\u0105 wielorakie zadania w ramach partii element&oacute;w budowlanych, jak np. ochrona pogodowa, izolacja cieplna na zewn\u0105trz, ochrona przed gor\u0105cem do wewn\u0105trz, estetyczne tworzenie i wiele wi\u0119cej. NedZink stosowany jest jako zewn\u0119trzna os\u0142ona w ro\u017cnych systemach i rodzajach po\u0142\u0105cze\u0144.<\/p>\n<p>\n\tFachow\u0105 wersj\u0105 standardow\u0105 jest r\u0105bek stoj\u0105cy. Ze wzgl\u0119du na nowoczesne techniki produkcji i mo\u017cliwo\u015bci monta\u017cu w ostatnich latach uznanie zdobywaj\u0105 coraz cz\u0119\u015bciej ok\u0142adziny fasadowe z przemys\u0142owo prefabrykowanymi profilami.<\/p>\n","protected":false},"excerpt":{"rendered":"<p>Ok\u0142adziny \u015bcienne zasadniczo s\u0105 do wykonania w dw&oacute;ch r&oacute;\u017cnych wersjach. Stosowane s\u0105 konstrukcje wentylowane, jak r&oacute;wnie\u017c niewentylowane. Dla produkt&oacute;w NedZink konstrukcja wentylowana jest wersj\u0105 standardow\u0105. Ok\u0142adziny \u015bcienne s\u0105 wszechstronnymi talentami podobnie jak pokrycia dachowe. \u0141\u0105cz\u0105 wielorakie zadania w ramach partii element&oacute;w budowlanych, jak np. ochrona pogodowa, izolacja cieplna na zewn\u0105trz, ochrona przed gor\u0105cem do wewn\u0105trz, [&hellip;]<\/p>\n","protected":false},"author":9,"featured_media":0,"parent":30906,"menu_order":880,"comment_status":"closed","ping_status":"closed","template":"template-import.php","meta":{"_acf_changed":false,"footnotes":""},"class_list":["post-30918","page","type-page","status-publish","hentry"],"acf":[],"yoast_head":"<!-- This site is optimized with the Yoast SEO plugin v26.8 - https:\/\/yoast.com\/product\/yoast-seo-wordpress\/ -->\n<title>Og\u00f3lnie \u2013 NedZink<\/title>\n<meta name=\"robots\" content=\"index, follow, max-snippet:-1, max-image-preview:large, max-video-preview:-1\" \/>\n<link rel=\"canonical\" href=\"https:\/\/www.nedzink.com\/pl\/okladziny-fasadowe\/ogolnie\/\" \/>\n<meta property=\"og:locale\" content=\"pl_PL\" \/>\n<meta property=\"og:type\" content=\"article\" \/>\n<meta property=\"og:title\" content=\"Og\u00f3lnie \u2013 NedZink\" \/>\n<meta property=\"og:description\" content=\"Ok\u0142adziny \u015bcienne zasadniczo s\u0105 do wykonania w dw&oacute;ch r&oacute;\u017cnych wersjach. Stosowane s\u0105 konstrukcje wentylowane, jak r&oacute;wnie\u017c niewentylowane. Dla produkt&oacute;w NedZink konstrukcja wentylowana jest wersj\u0105 standardow\u0105. Ok\u0142adziny \u015bcienne s\u0105 wszechstronnymi talentami podobnie jak pokrycia dachowe. \u0141\u0105cz\u0105 wielorakie zadania w ramach partii element&oacute;w budowlanych, jak np. ochrona pogodowa, izolacja cieplna na zewn\u0105trz, ochrona przed gor\u0105cem do wewn\u0105trz, [&hellip;]\" \/>\n<meta property=\"og:url\" content=\"https:\/\/www.nedzink.com\/pl\/okladziny-fasadowe\/ogolnie\/\" \/>\n<meta property=\"og:site_name\" content=\"NedZink\" \/>\n<meta property=\"og:image\" content=\"https:\/\/www.nedzink.com\/wp-content\/uploads\/import\/cms\/userfiles\/images\/50wandsysteme_small.jpg\" \/>\n<meta name=\"twitter:card\" content=\"summary_large_image\" \/>\n<meta name=\"twitter:label1\" content=\"Szacowany czas czytania\" \/>\n\t<meta name=\"twitter:data1\" content=\"1 minuta\" \/>\n<script type=\"application\/ld+json\" class=\"yoast-schema-graph\">{\"@context\":\"https:\/\/schema.org\",\"@graph\":[{\"@type\":\"WebPage\",\"@id\":\"https:\/\/www.nedzink.com\/pl\/okladziny-fasadowe\/ogolnie\/\",\"url\":\"https:\/\/www.nedzink.com\/pl\/okladziny-fasadowe\/ogolnie\/\",\"name\":\"Og\u00f3lnie \u2013 NedZink\",\"isPartOf\":{\"@id\":\"https:\/\/www.nedzink.com\/pl\/#website\"},\"primaryImageOfPage\":{\"@id\":\"https:\/\/www.nedzink.com\/pl\/okladziny-fasadowe\/ogolnie\/#primaryimage\"},\"image\":{\"@id\":\"https:\/\/www.nedzink.com\/pl\/okladziny-fasadowe\/ogolnie\/#primaryimage\"},\"thumbnailUrl\":\"https:\/\/www.nedzink.com\/wp-content\/uploads\/import\/cms\/userfiles\/images\/50wandsysteme_small.jpg\",\"datePublished\":\"2019-06-04T12:55:26+00:00\",\"breadcrumb\":{\"@id\":\"https:\/\/www.nedzink.com\/pl\/okladziny-fasadowe\/ogolnie\/#breadcrumb\"},\"inLanguage\":\"pl-PL\",\"potentialAction\":[{\"@type\":\"ReadAction\",\"target\":[\"https:\/\/www.nedzink.com\/pl\/okladziny-fasadowe\/ogolnie\/\"]}]},{\"@type\":\"ImageObject\",\"inLanguage\":\"pl-PL\",\"@id\":\"https:\/\/www.nedzink.com\/pl\/okladziny-fasadowe\/ogolnie\/#primaryimage\",\"url\":\"https:\/\/www.nedzink.com\/wp-content\/uploads\/import\/cms\/userfiles\/images\/50wandsysteme_small.jpg\",\"contentUrl\":\"https:\/\/www.nedzink.com\/wp-content\/uploads\/import\/cms\/userfiles\/images\/50wandsysteme_small.jpg\"},{\"@type\":\"BreadcrumbList\",\"@id\":\"https:\/\/www.nedzink.com\/pl\/okladziny-fasadowe\/ogolnie\/#breadcrumb\",\"itemListElement\":[{\"@type\":\"ListItem\",\"position\":1,\"name\":\"Home\",\"item\":\"https:\/\/www.nedzink.com\/pl\/\"},{\"@type\":\"ListItem\",\"position\":2,\"name\":\"Ok\u0142adziny fasadowe\",\"item\":\"https:\/\/www.nedzink.com\/pl\/okladziny-fasadowe\/\"},{\"@type\":\"ListItem\",\"position\":3,\"name\":\"Og\u00f3lnie\"}]},{\"@type\":\"WebSite\",\"@id\":\"https:\/\/www.nedzink.com\/pl\/#website\",\"url\":\"https:\/\/www.nedzink.com\/pl\/\",\"name\":\"NedZink\",\"description\":\"Zink fabrikant\",\"publisher\":{\"@id\":\"https:\/\/www.nedzink.com\/pl\/#organization\"},\"potentialAction\":[{\"@type\":\"SearchAction\",\"target\":{\"@type\":\"EntryPoint\",\"urlTemplate\":\"https:\/\/www.nedzink.com\/pl\/?s={search_term_string}\"},\"query-input\":{\"@type\":\"PropertyValueSpecification\",\"valueRequired\":true,\"valueName\":\"search_term_string\"}}],\"inLanguage\":\"pl-PL\"},{\"@type\":\"Organization\",\"@id\":\"https:\/\/www.nedzink.com\/pl\/#organization\",\"name\":\"NedZink\",\"url\":\"https:\/\/www.nedzink.com\/pl\/\",\"logo\":{\"@type\":\"ImageObject\",\"inLanguage\":\"pl-PL\",\"@id\":\"https:\/\/www.nedzink.com\/pl\/#\/schema\/logo\/image\/\",\"url\":\"https:\/\/www.nedzink.com\/wp-content\/uploads\/2019\/08\/logo-nedzink_fc_zk.jpg\",\"contentUrl\":\"https:\/\/www.nedzink.com\/wp-content\/uploads\/2019\/08\/logo-nedzink_fc_zk.jpg\",\"width\":2160,\"height\":688,\"caption\":\"NedZink\"},\"image\":{\"@id\":\"https:\/\/www.nedzink.com\/pl\/#\/schema\/logo\/image\/\"}}]}<\/script>\n<!-- \/ Yoast SEO plugin. -->","yoast_head_json":{"title":"Og\u00f3lnie \u2013 NedZink","robots":{"index":"index","follow":"follow","max-snippet":"max-snippet:-1","max-image-preview":"max-image-preview:large","max-video-preview":"max-video-preview:-1"},"canonical":"https:\/\/www.nedzink.com\/pl\/okladziny-fasadowe\/ogolnie\/","og_locale":"pl_PL","og_type":"article","og_title":"Og\u00f3lnie \u2013 NedZink","og_description":"Ok\u0142adziny \u015bcienne zasadniczo s\u0105 do wykonania w dw&oacute;ch r&oacute;\u017cnych wersjach. Stosowane s\u0105 konstrukcje wentylowane, jak r&oacute;wnie\u017c niewentylowane. Dla produkt&oacute;w NedZink konstrukcja wentylowana jest wersj\u0105 standardow\u0105. Ok\u0142adziny \u015bcienne s\u0105 wszechstronnymi talentami podobnie jak pokrycia dachowe. \u0141\u0105cz\u0105 wielorakie zadania w ramach partii element&oacute;w budowlanych, jak np. ochrona pogodowa, izolacja cieplna na zewn\u0105trz, ochrona przed gor\u0105cem do wewn\u0105trz, [&hellip;]","og_url":"https:\/\/www.nedzink.com\/pl\/okladziny-fasadowe\/ogolnie\/","og_site_name":"NedZink","og_image":[{"url":"https:\/\/www.nedzink.com\/wp-content\/uploads\/import\/cms\/userfiles\/images\/50wandsysteme_small.jpg","type":"","width":"","height":""}],"twitter_card":"summary_large_image","twitter_misc":{"Szacowany czas czytania":"1 minuta"},"schema":{"@context":"https:\/\/schema.org","@graph":[{"@type":"WebPage","@id":"https:\/\/www.nedzink.com\/pl\/okladziny-fasadowe\/ogolnie\/","url":"https:\/\/www.nedzink.com\/pl\/okladziny-fasadowe\/ogolnie\/","name":"Og\u00f3lnie \u2013 NedZink","isPartOf":{"@id":"https:\/\/www.nedzink.com\/pl\/#website"},"primaryImageOfPage":{"@id":"https:\/\/www.nedzink.com\/pl\/okladziny-fasadowe\/ogolnie\/#primaryimage"},"image":{"@id":"https:\/\/www.nedzink.com\/pl\/okladziny-fasadowe\/ogolnie\/#primaryimage"},"thumbnailUrl":"https:\/\/www.nedzink.com\/wp-content\/uploads\/import\/cms\/userfiles\/images\/50wandsysteme_small.jpg","datePublished":"2019-06-04T12:55:26+00:00","breadcrumb":{"@id":"https:\/\/www.nedzink.com\/pl\/okladziny-fasadowe\/ogolnie\/#breadcrumb"},"inLanguage":"pl-PL","potentialAction":[{"@type":"ReadAction","target":["https:\/\/www.nedzink.com\/pl\/okladziny-fasadowe\/ogolnie\/"]}]},{"@type":"ImageObject","inLanguage":"pl-PL","@id":"https:\/\/www.nedzink.com\/pl\/okladziny-fasadowe\/ogolnie\/#primaryimage","url":"https:\/\/www.nedzink.com\/wp-content\/uploads\/import\/cms\/userfiles\/images\/50wandsysteme_small.jpg","contentUrl":"https:\/\/www.nedzink.com\/wp-content\/uploads\/import\/cms\/userfiles\/images\/50wandsysteme_small.jpg"},{"@type":"BreadcrumbList","@id":"https:\/\/www.nedzink.com\/pl\/okladziny-fasadowe\/ogolnie\/#breadcrumb","itemListElement":[{"@type":"ListItem","position":1,"name":"Home","item":"https:\/\/www.nedzink.com\/pl\/"},{"@type":"ListItem","position":2,"name":"Ok\u0142adziny fasadowe","item":"https:\/\/www.nedzink.com\/pl\/okladziny-fasadowe\/"},{"@type":"ListItem","position":3,"name":"Og\u00f3lnie"}]},{"@type":"WebSite","@id":"https:\/\/www.nedzink.com\/pl\/#website","url":"https:\/\/www.nedzink.com\/pl\/","name":"NedZink","description":"Zink fabrikant","publisher":{"@id":"https:\/\/www.nedzink.com\/pl\/#organization"},"potentialAction":[{"@type":"SearchAction","target":{"@type":"EntryPoint","urlTemplate":"https:\/\/www.nedzink.com\/pl\/?s={search_term_string}"},"query-input":{"@type":"PropertyValueSpecification","valueRequired":true,"valueName":"search_term_string"}}],"inLanguage":"pl-PL"},{"@type":"Organization","@id":"https:\/\/www.nedzink.com\/pl\/#organization","name":"NedZink","url":"https:\/\/www.nedzink.com\/pl\/","logo":{"@type":"ImageObject","inLanguage":"pl-PL","@id":"https:\/\/www.nedzink.com\/pl\/#\/schema\/logo\/image\/","url":"https:\/\/www.nedzink.com\/wp-content\/uploads\/2019\/08\/logo-nedzink_fc_zk.jpg","contentUrl":"https:\/\/www.nedzink.com\/wp-content\/uploads\/2019\/08\/logo-nedzink_fc_zk.jpg","width":2160,"height":688,"caption":"NedZink"},"image":{"@id":"https:\/\/www.nedzink.com\/pl\/#\/schema\/logo\/image\/"}}]}},"_links":{"self":[{"href":"https:\/\/www.nedzink.com\/pl\/wp-json\/wp\/v2\/pages\/30918","targetHints":{"allow":["GET"]}}],"collection":[{"href":"https:\/\/www.nedzink.com\/pl\/wp-json\/wp\/v2\/pages"}],"about":[{"href":"https:\/\/www.nedzink.com\/pl\/wp-json\/wp\/v2\/types\/page"}],"author":[{"embeddable":true,"href":"https:\/\/www.nedzink.com\/pl\/wp-json\/wp\/v2\/users\/9"}],"replies":[{"embeddable":true,"href":"https:\/\/www.nedzink.com\/pl\/wp-json\/wp\/v2\/comments?post=30918"}],"version-history":[{"count":0,"href":"https:\/\/www.nedzink.com\/pl\/wp-json\/wp\/v2\/pages\/30918\/revisions"}],"up":[{"embeddable":true,"href":"https:\/\/www.nedzink.com\/pl\/wp-json\/wp\/v2\/pages\/30906"}],"wp:attachment":[{"href":"https:\/\/www.nedzink.com\/pl\/wp-json\/wp\/v2\/media?parent=30918"}],"curies":[{"name":"wp","href":"https:\/\/api.w.org\/{rel}","templated":true}]}}