{"id":30823,"date":"2019-06-04T14:54:48","date_gmt":"2019-06-04T12:54:48","guid":{"rendered":"http:\/\/136.144.181.85\/~nedzink\/informacje-techniczne\/podkonstrukcje\/warstwa-oddzielajaca\/"},"modified":"2019-06-04T14:54:48","modified_gmt":"2019-06-04T12:54:48","slug":"warstwa-oddzielajaca","status":"publish","type":"page","link":"https:\/\/www.nedzink.com\/pl\/warstwa-oddzielajaca\/","title":{"rendered":"Warstwa oddzielaj\u0105ca"},"content":{"rendered":"<h2>\n\tBrak warstwy oddzielaj\u0105cej<\/h2>\n<p>\n\tW obszarach umiarkowanych pogodowo, umiarkowanych obci\u0105\u017ce\u0144 wiatru i ma\u0142ych obci\u0105\u017ce\u0144 \u015bniegu NedZink przy wentylowanych konstrukcjach mo\u017ce by\u0107 po\u0142o\u017cony bezpo\u015brednio na deskowanie. &nbsp;<\/p>\n<p>\tTrzeba zweryfikowa\u0107 konieczno\u015b\u0107 dodatkowych dzia\u0142a\u0144 zwi\u0119kszaj\u0105cych bezpiecze\u0144stwo opadowe ca\u0142ej konstrukcji jak np. obni\u017cenie napi\u0119cie, druga warstwa odprowadzaj\u0105ca wod\u0119 (pod pokryciem dachowym).<\/p>\n<p>\n\tPojedyncze deski po\u0142o\u017cone winny by\u0107 w odleg\u0142o\u015bciach 5-10 mm od siebie. G\u0142&oacute;wki element&oacute;w mocuj\u0105cych (np. sztyfty z drutu) musz\u0105 by\u0107 wystarczaj\u0105co zag\u0142\u0119bione. Szczeg&oacute;lnie stosowa\u0107 zaleca si\u0119 nierdzewne elementy mocuj\u0105ce.<\/p>\n<p>\n\t&nbsp;<\/p>\n<h2>\n<style type=\"text\/css\">\n<!--{cke_protected}{C}%3C!%2D%2D%0A%20%2F*%20Font%20Definitions%20*%2F%0A%40font-face%0A%09%7Bfont-family%3A%22%EF%BC%AD%EF%BC%B3%20%E6%98%8E%E6%9C%9D%22%3B%0A%09panose-1%3A0%200%200%200%200%200%200%200%200%200%3B%0A%09mso-font-charset%3A128%3B%0A%09mso-generic-font-family%3Aroman%3B%0A%09mso-font-format%3Aother%3B%0A%09mso-font-pitch%3Afixed%3B%0A%09mso-font-signature%3A1%20134676480%2016%200%20131072%200%3B%7D%0A%40font-face%0A%09%7Bfont-family%3A%22%EF%BC%AD%EF%BC%B3%20%E3%82%B4%E3%82%B7%E3%83%83%E3%82%AF%22%3B%0A%09panose-1%3A0%200%200%200%200%200%200%200%200%200%3B%0A%09mso-font-charset%3A128%3B%0A%09mso-generic-font-family%3Amodern%3B%0A%09mso-font-format%3Aother%3B%0A%09mso-font-pitch%3Afixed%3B%0A%09mso-font-signature%3A1%20134676480%2016%200%20131072%200%3B%7D%0A%40font-face%0A%09%7Bfont-family%3A%22%EF%BC%AD%EF%BC%B3%20%E3%82%B4%E3%82%B7%E3%83%83%E3%82%AF%22%3B%0A%09panose-1%3A0%200%200%200%200%200%200%200%200%200%3B%0A%09mso-font-charset%3A128%3B%0A%09mso-generic-font-family%3Amodern%3B%0A%09mso-font-format%3Aother%3B%0A%09mso-font-pitch%3Afixed%3B%0A%09mso-font-signature%3A1%20134676480%2016%200%20131072%200%3B%7D%0A%40font-face%0A%09%7Bfont-family%3ACalibri%3B%0A%09panose-1%3A2%2015%205%202%202%202%204%203%202%204%3B%0A%09mso-font-charset%3A0%3B%0A%09mso-generic-font-family%3Aauto%3B%0A%09mso-font-pitch%3Avariable%3B%0A%09mso-font-signature%3A3%200%200%200%201%200%3B%7D%0A%40font-face%0A%09%7Bfont-family%3ACambria%3B%0A%09panose-1%3A2%204%205%203%205%204%206%203%202%204%3B%0A%09mso-font-charset%3A0%3B%0A%09mso-generic-font-family%3Aauto%3B%0A%09mso-font-pitch%3Avariable%3B%0A%09mso-font-signature%3A3%200%200%200%201%200%3B%7D%0A%20%2F*%20Style%20Definitions%20*%2F%0Ap.MsoNormal%2C%20li.MsoNormal%2C%20div.MsoNormal%0A%09%7Bmso-style-unhide%3Ano%3B%0A%09mso-style-qformat%3Ayes%3B%0A%09mso-style-parent%3A%22%22%3B%0A%09margin-top%3A0cm%3B%0A%09margin-right%3A0cm%3B%0A%09margin-bottom%3A10.0pt%3B%0A%09margin-left%3A0cm%3B%0A%09line-height%3A115%25%3B%0A%09mso-pagination%3Awidow-orphan%3B%0A%09font-size%3A11.0pt%3B%0A%09font-family%3ACalibri%3B%0A%09mso-ascii-font-family%3ACalibri%3B%0A%09mso-ascii-theme-font%3Aminor-latin%3B%0A%09mso-fareast-font-family%3A%22%EF%BC%AD%EF%BC%B3%20%E6%98%8E%E6%9C%9D%22%3B%0A%09mso-fareast-theme-font%3Aminor-fareast%3B%0A%09mso-hansi-font-family%3ACalibri%3B%0A%09mso-hansi-theme-font%3Aminor-latin%3B%0A%09mso-bidi-font-family%3A%22Times%20New%20Roman%22%3B%0A%09mso-bidi-theme-font%3Aminor-bidi%3B%0A%09mso-ansi-language%3APL%3B%0A%09mso-fareast-language%3APL%3B%7D%0Ah2%0A%09%7Bmso-style-priority%3A9%3B%0A%09mso-style-qformat%3Ayes%3B%0A%09mso-style-link%3A%22Kop%202%20Teken%22%3B%0A%09mso-style-next%3ANormaal%3B%0A%09margin-top%3A10.0pt%3B%0A%09margin-right%3A0cm%3B%0A%09margin-bottom%3A0cm%3B%0A%09margin-left%3A0cm%3B%0A%09margin-bottom%3A.0001pt%3B%0A%09line-height%3A115%25%3B%0A%09mso-pagination%3Awidow-orphan%20lines-together%3B%0A%09page-break-after%3Aavoid%3B%0A%09mso-outline-level%3A2%3B%0A%09font-size%3A13.0pt%3B%0A%09font-family%3ACambria%3B%0A%09mso-ascii-font-family%3ACambria%3B%0A%09mso-ascii-theme-font%3Amajor-latin%3B%0A%09mso-fareast-font-family%3A%22%EF%BC%AD%EF%BC%B3%20%E3%82%B4%E3%82%B7%E3%83%83%E3%82%AF%22%3B%0A%09mso-fareast-theme-font%3Amajor-fareast%3B%0A%09mso-hansi-font-family%3ACambria%3B%0A%09mso-hansi-theme-font%3Amajor-latin%3B%0A%09mso-bidi-font-family%3A%22Times%20New%20Roman%22%3B%0A%09mso-bidi-theme-font%3Amajor-bidi%3B%0A%09color%3A%234F81BD%3B%0A%09mso-themecolor%3Aaccent1%3B%0A%09mso-ansi-language%3APL%3B%0A%09mso-fareast-language%3APL%3B%7D%0Aspan.Kop2Teken%0A%09%7Bmso-style-name%3A%22Kop%202%20Teken%22%3B%0A%09mso-style-priority%3A9%3B%0A%09mso-style-unhide%3Ano%3B%0A%09mso-style-locked%3Ayes%3B%0A%09mso-style-link%3A%22Kop%202%22%3B%0A%09mso-ansi-font-size%3A13.0pt%3B%0A%09mso-bidi-font-size%3A13.0pt%3B%0A%09font-family%3ACambria%3B%0A%09mso-ascii-font-family%3ACambria%3B%0A%09mso-ascii-theme-font%3Amajor-latin%3B%0A%09mso-fareast-font-family%3A%22%EF%BC%AD%EF%BC%B3%20%E3%82%B4%E3%82%B7%E3%83%83%E3%82%AF%22%3B%0A%09mso-fareast-theme-font%3Amajor-fareast%3B%0A%09mso-hansi-font-family%3ACambria%3B%0A%09mso-hansi-theme-font%3Amajor-latin%3B%0A%09mso-bidi-font-family%3A%22Times%20New%20Roman%22%3B%0A%09mso-bidi-theme-font%3Amajor-bidi%3B%0A%09color%3A%234F81BD%3B%0A%09mso-themecolor%3Aaccent1%3B%0A%09font-weight%3Abold%3B%7D%0A.MsoChpDefault%0A%09%7Bmso-style-type%3Aexport-only%3B%0A%09mso-default-props%3Ayes%3B%0A%09font-size%3A11.0pt%3B%0A%09mso-ansi-font-size%3A11.0pt%3B%0A%09mso-bidi-font-size%3A11.0pt%3B%0A%09font-family%3ACalibri%3B%0A%09mso-ascii-font-family%3ACalibri%3B%0A%09mso-ascii-theme-font%3Aminor-latin%3B%0A%09mso-fareast-font-family%3A%22%EF%BC%AD%EF%BC%B3%20%E6%98%8E%E6%9C%9D%22%3B%0A%09mso-fareast-theme-font%3Aminor-fareast%3B%0A%09mso-hansi-font-family%3ACalibri%3B%0A%09mso-hansi-theme-font%3Aminor-latin%3B%0A%09mso-bidi-font-family%3A%22Times%20New%20Roman%22%3B%0A%09mso-bidi-theme-font%3Aminor-bidi%3B%0A%09mso-ansi-language%3APL%3B%0A%09mso-fareast-language%3APL%3B%7D%0A.MsoPapDefault%0A%09%7Bmso-style-type%3Aexport-only%3B%0A%09margin-bottom%3A10.0pt%3B%0A%09line-height%3A115%25%3B%7D%0A%40page%20WordSection1%0A%09%7Bsize%3A612.0pt%20792.0pt%3B%0A%09margin%3A70.85pt%2070.85pt%2070.85pt%2070.85pt%3B%0A%09mso-header-margin%3A35.4pt%3B%0A%09mso-footer-margin%3A35.4pt%3B%0A%09mso-paper-source%3A0%3B%7D%0Adiv.WordSection1%0A%09%7Bpage%3AWordSection1%3B%7D%0A%2D%2D%3E-->\t<\/style>\n<\/h2>\n<h2>\n\t<span lang=\"PL\">Strukturalne, utrzymuj\u0105ce dystans warstwy dystansowe <\/span><\/h2>\n<h3>\n\t<strong>Maty strukturalne bez kaszerowania<\/strong><\/h3>\n<p>\n\tJe\u015bli istnieje ju\u017c warstwa oddzielaj\u0105ca powy\u017cej podk\u0142adu pokrycia (np. nadbudowa dachowa ze szk\u0142a piankowego) i potrzebna jest jedynie p\u0142aszczyzna wyr&oacute;wnuj\u0105co-rozpr\u0119\u017cna dla ewentualnej wilgoci pod metalowym pokryciem, to zamontowa\u0107 mo\u017cna mat\u0119 strukturaln\u0105. Powoduje on rozdzia\u0142 mi\u0119dzy doln\u0105 stron\u0105 metalu a podk\u0142adem pokrycia. Powstaj\u0105ca przestrze\u0144 powietrzna s\u0142u\u017cy ekspansji i stopniowemu wyschni\u0119ciu wilgoci z okresu budowy albo wilgoci spi\u0119trzaj\u0105cej si\u0119 podczas tworzenia si\u0119 nawiew&oacute;w \u015bnie\u017cnych.<\/p>\n<p>\n\tMonta\u017c kombinowany mat strukturalnych z warstw\u0105 odprowadzaj\u0105c\u0105 wod\u0119, jak np. istniej\u0105ca membrana V 13 lub podobne spe\u0142nia wymaganie znormalizowanych warunk&oacute;w wykonywania rob&oacute;t budowlanych DIN 18339 monta\u017cu warstwy oddzielaj\u0105cej&nbsp; funkcj\u0105 drena\u017cu przy nachyleniach dachu N = 15&ordm;.<\/p>\n<p>\tMonta\u017c mat strukturalnych s\u0142u\u017cy wy\u0142\u0105cznie podwy\u017cszonemu zabezpieczeniu przeciw korozji tylnej strony materia\u0142u tytan-cynkowego.<\/p>\n<p>\n\tNie chodzi tutaj o wentylacj\u0119 oddoln\u0105 w sensie normy DIN 4108 i nie mo\u017cna jej tak\u017ce w \u017cadnym wypadku zast\u0119powa\u0107.<\/p>\n<p>\tAktualna lista mat strukturalnych stosowanych z NedZink mo\u017ce zosta\u0107 sprawdzona w naszym dziale technik zastosowa\u0144 (tel.: +49 (0) 2 08 &#8211; 8 57 98 &#8211; 28).<\/p>\n<p>\tW\u0142a\u015bciwo\u015bci t\u0142umi\u0105ce&nbsp; i izoluj\u0105ce d\u017awi\u0119ki stosowanego materia\u0142u pozna\u0107 mo\u017cna wnikliwie u konkretnego producenta.<\/p>\n<p>\n\t&nbsp;<\/p>\n<h3>\n\t<strong>Maty strukturalne z kaszerowaniem (warstwa oddzielaj\u0105ca zapewniaj\u0105ca dystans)<\/strong><\/h3>\n<p>\n\tWarstwa oddzielaj\u0105ca zapewniaj\u0105ca dystansmo\u017ce zosta\u0107 zamontowana, gdy dodatkowo do zalecanej funkcji maty strukturalnej wymagana jest tak\u017ce funkcja os\u0142ony przedmonta\u017cowej.<\/p>\n<p>\n\tJe\u015bli wykonanie odbywa si\u0119 zgodnie z znormalizowanymi warunkami wykonywania rob&oacute;t budowlanych DIN 18339, wtedy monta\u017c takiej warstwy oddzielaj\u0105cej jest konieczny przy nachyleniach dachu N &le;15&ordm;.<\/p>\n<p>\tTak\u017ce przy u\u017cyciu p\u0142yt tworzywowo-drewnianych jako podk\u0142adu pokrycia konieczna jest taka warstwa oddzielaj\u0105ca, gdy\u017c du\u017ca i g\u0119sta powierzchnia pokrycia p\u0142yt w po\u0142\u0105czeniu z ma\u0142ym udzia\u0142em fug nie umo\u017cliwiaj\u0105 wystarczaj\u0105cego transportu wilgoci.<\/p>\n<p>\n\tPrzy tych warstwach oddzielaj\u0105cych mamy do czynienia z kombinacj\u0105 opisanych w punkcie 3.3.2.1 matach strukturalnych z odpowiednimi foliami paro-szczelnymi lub &ndash;przepuszczalnymi. Aby osi\u0105gn\u0105\u0107 bezpieczn\u0105 funkcjonalno\u015b\u0107 tych barier, nie nale\u017cy ze sob\u0105 skleja\u0107 ewentualnych obszar&oacute;w spoin pas&oacute;w.<\/p>\n<p>\n\tNie chodzi tu jednak o wentylacj\u0119 tyln\u0105 w rozumieniu DIN 4108 i nie mo\u017cna jej tym samym zast\u0119powa\u0107.<\/p>\n<p>\tNa rynku znajduj\u0105 si\u0119 produkty wielu producent&oacute;w, mog\u0105ce by\u0107 stosowane z NedZink. Aktualn\u0105 list\u0119 mo\u017cna otrzyma\u0107 w naszym dziale porad technicznych i zastosowa\u0144 (tel.: +49 (0) 2 08 &#8211; 8 57 98 &#8211; 28).<\/p>\n<p>\tPrzy podkonstrukcjach niejasnych pod wzgl\u0119dem fizyczno-budowlanym, bariery takie mog\u0105 by\u0107 stosowane jako &bdquo;dodatkowe bezpiecze\u0144stwo&ldquo; przeciw oddolnym objawom korozyjnym. Decyzja na ten temat musi jednak wynika\u0107 z weryfikacji pojedynczych przypadk&oacute;w.<\/p>\n<p>\tW\u0142a\u015bciwo\u015bci izoluj\u0105ce oraz zmniejszaj\u0105ce d\u017awi\u0119ki stosowanych materia\u0142&oacute;w otrzyma\u0107 mo\u017cna u poszczeg&oacute;lnych producent&oacute;w.<\/p>\n<h3>\n\t<br \/>\n\t<strong>Wskaz&oacute;wka<\/strong><\/h3>\n<p>\n\tJako warstwa oddzielaj\u0105ca wraz z materia\u0142ami NedZink stosowane mog\u0105 by\u0107 tak\u017ce inne materia\u0142y poza tu wymienionymi. W tym celu nast\u0105pi\u0107 powinna weryfikacja jednostkowa wsp&oacute;lnie z naszym dzia\u0142em technicznym.<\/p>\n<p>\n\tJako warstwa oddzielaj\u0105ca wraz z NedZink nieodpowiednie s\u0105 wszelkie materia\u0142y ch\u0142on\u0105ce i utrzymuj\u0105ce wilgo\u0107.<\/p>\n<h2>\n<style type=\"text\/css\">\n<!--{cke_protected}{C}%3C!%2D%2D%0A%20%2F*%20Font%20Definitions%20*%2F%0A%40font-face%0A%09%7Bfont-family%3A%22%EF%BC%AD%EF%BC%B3%20%E6%98%8E%E6%9C%9D%22%3B%0A%09panose-1%3A0%200%200%200%200%200%200%200%200%200%3B%0A%09mso-font-charset%3A128%3B%0A%09mso-generic-font-family%3Aroman%3B%0A%09mso-font-format%3Aother%3B%0A%09mso-font-pitch%3Afixed%3B%0A%09mso-font-signature%3A1%20134676480%2016%200%20131072%200%3B%7D%0A%40font-face%0A%09%7Bfont-family%3A%22%EF%BC%AD%EF%BC%B3%20%E3%82%B4%E3%82%B7%E3%83%83%E3%82%AF%22%3B%0A%09panose-1%3A0%200%200%200%200%200%200%200%200%200%3B%0A%09mso-font-charset%3A128%3B%0A%09mso-generic-font-family%3Amodern%3B%0A%09mso-font-format%3Aother%3B%0A%09mso-font-pitch%3Afixed%3B%0A%09mso-font-signature%3A1%20134676480%2016%200%20131072%200%3B%7D%0A%40font-face%0A%09%7Bfont-family%3A%22Cambria%20Math%22%3B%0A%09panose-1%3A2%204%205%203%205%204%206%203%202%204%3B%0A%09mso-font-charset%3A0%3B%0A%09mso-generic-font-family%3Aauto%3B%0A%09mso-font-pitch%3Avariable%3B%0A%09mso-font-signature%3A3%200%200%200%201%200%3B%7D%0A%40font-face%0A%09%7Bfont-family%3ACalibri%3B%0A%09panose-1%3A2%2015%205%202%202%202%204%203%202%204%3B%0A%09mso-font-charset%3A0%3B%0A%09mso-generic-font-family%3Aauto%3B%0A%09mso-font-pitch%3Avariable%3B%0A%09mso-font-signature%3A3%200%200%200%201%200%3B%7D%0A%40font-face%0A%09%7Bfont-family%3ACambria%3B%0A%09panose-1%3A2%204%205%203%205%204%206%203%202%204%3B%0A%09mso-font-charset%3A0%3B%0A%09mso-generic-font-family%3Aauto%3B%0A%09mso-font-pitch%3Avariable%3B%0A%09mso-font-signature%3A3%200%200%200%201%200%3B%7D%0A%20%2F*%20Style%20Definitions%20*%2F%0Ap.MsoNormal%2C%20li.MsoNormal%2C%20div.MsoNormal%0A%09%7Bmso-style-unhide%3Ano%3B%0A%09mso-style-qformat%3Ayes%3B%0A%09mso-style-parent%3A%22%22%3B%0A%09margin-top%3A0cm%3B%0A%09margin-right%3A0cm%3B%0A%09margin-bottom%3A10.0pt%3B%0A%09margin-left%3A0cm%3B%0A%09line-height%3A115%25%3B%0A%09mso-pagination%3Awidow-orphan%3B%0A%09font-size%3A11.0pt%3B%0A%09font-family%3ACalibri%3B%0A%09mso-ascii-font-family%3ACalibri%3B%0A%09mso-ascii-theme-font%3Aminor-latin%3B%0A%09mso-fareast-font-family%3A%22%EF%BC%AD%EF%BC%B3%20%E6%98%8E%E6%9C%9D%22%3B%0A%09mso-fareast-theme-font%3Aminor-fareast%3B%0A%09mso-hansi-font-family%3ACalibri%3B%0A%09mso-hansi-theme-font%3Aminor-latin%3B%0A%09mso-bidi-font-family%3A%22Times%20New%20Roman%22%3B%0A%09mso-bidi-theme-font%3Aminor-bidi%3B%0A%09mso-ansi-language%3APL%3B%0A%09mso-fareast-language%3APL%3B%7D%0Ah2%0A%09%7Bmso-style-priority%3A9%3B%0A%09mso-style-qformat%3Ayes%3B%0A%09mso-style-link%3A%22Kop%202%20Teken%22%3B%0A%09mso-style-next%3ANormaal%3B%0A%09margin-top%3A10.0pt%3B%0A%09margin-right%3A0cm%3B%0A%09margin-bottom%3A0cm%3B%0A%09margin-left%3A0cm%3B%0A%09margin-bottom%3A.0001pt%3B%0A%09line-height%3A115%25%3B%0A%09mso-pagination%3Awidow-orphan%20lines-together%3B%0A%09page-break-after%3Aavoid%3B%0A%09mso-outline-level%3A2%3B%0A%09font-size%3A13.0pt%3B%0A%09font-family%3ACambria%3B%0A%09mso-ascii-font-family%3ACambria%3B%0A%09mso-ascii-theme-font%3Amajor-latin%3B%0A%09mso-fareast-font-family%3A%22%EF%BC%AD%EF%BC%B3%20%E3%82%B4%E3%82%B7%E3%83%83%E3%82%AF%22%3B%0A%09mso-fareast-theme-font%3Amajor-fareast%3B%0A%09mso-hansi-font-family%3ACambria%3B%0A%09mso-hansi-theme-font%3Amajor-latin%3B%0A%09mso-bidi-font-family%3A%22Times%20New%20Roman%22%3B%0A%09mso-bidi-theme-font%3Amajor-bidi%3B%0A%09color%3A%234F81BD%3B%0A%09mso-themecolor%3Aaccent1%3B%0A%09mso-ansi-language%3APL%3B%0A%09mso-fareast-language%3APL%3B%7D%0Aspan.Kop2Teken%0A%09%7Bmso-style-name%3A%22Kop%202%20Teken%22%3B%0A%09mso-style-priority%3A9%3B%0A%09mso-style-unhide%3Ano%3B%0A%09mso-style-locked%3Ayes%3B%0A%09mso-style-link%3A%22Kop%202%22%3B%0A%09mso-ansi-font-size%3A13.0pt%3B%0A%09mso-bidi-font-size%3A13.0pt%3B%0A%09font-family%3ACambria%3B%0A%09mso-ascii-font-family%3ACambria%3B%0A%09mso-ascii-theme-font%3Amajor-latin%3B%0A%09mso-fareast-font-family%3A%22%EF%BC%AD%EF%BC%B3%20%E3%82%B4%E3%82%B7%E3%83%83%E3%82%AF%22%3B%0A%09mso-fareast-theme-font%3Amajor-fareast%3B%0A%09mso-hansi-font-family%3ACambria%3B%0A%09mso-hansi-theme-font%3Amajor-latin%3B%0A%09mso-bidi-font-family%3A%22Times%20New%20Roman%22%3B%0A%09mso-bidi-theme-font%3Amajor-bidi%3B%0A%09color%3A%234F81BD%3B%0A%09mso-themecolor%3Aaccent1%3B%0A%09font-weight%3Abold%3B%7D%0A.MsoChpDefault%0A%09%7Bmso-style-type%3Aexport-only%3B%0A%09mso-default-props%3Ayes%3B%0A%09font-size%3A11.0pt%3B%0A%09mso-ansi-font-size%3A11.0pt%3B%0A%09mso-bidi-font-size%3A11.0pt%3B%0A%09font-family%3ACalibri%3B%0A%09mso-ascii-font-family%3ACalibri%3B%0A%09mso-ascii-theme-font%3Aminor-latin%3B%0A%09mso-fareast-font-family%3A%22%EF%BC%AD%EF%BC%B3%20%E6%98%8E%E6%9C%9D%22%3B%0A%09mso-fareast-theme-font%3Aminor-fareast%3B%0A%09mso-hansi-font-family%3ACalibri%3B%0A%09mso-hansi-theme-font%3Aminor-latin%3B%0A%09mso-bidi-font-family%3A%22Times%20New%20Roman%22%3B%0A%09mso-bidi-theme-font%3Aminor-bidi%3B%0A%09mso-ansi-language%3APL%3B%0A%09mso-fareast-language%3APL%3B%7D%0A.MsoPapDefault%0A%09%7Bmso-style-type%3Aexport-only%3B%0A%09margin-bottom%3A10.0pt%3B%0A%09line-height%3A115%25%3B%7D%0A%40page%20WordSection1%0A%09%7Bsize%3A612.0pt%20792.0pt%3B%0A%09margin%3A70.85pt%2070.85pt%2070.85pt%2070.85pt%3B%0A%09mso-header-margin%3A35.4pt%3B%0A%09mso-footer-margin%3A35.4pt%3B%0A%09mso-paper-source%3A0%3B%7D%0Adiv.WordSection1%0A%09%7Bpage%3AWordSection1%3B%7D%0A%2D%2D%3E-->\t<\/style>\n<\/h2>\n<h2>\n\t<span lang=\"PL\">Warstwy ochronne <\/span><\/h2>\n<div class=\"contentStyle\" style=\"margin: 10px 0px 10px 0px;\">\n<p>\n\t\tZ regu\u0142y dzisiejsze \u015brodki impregnuj\u0105ce deski stosowane w budownictwie nie maj\u0105 szkodliwego wp\u0142ywu na tytan-cynk. Dlatego kryterium to nie dotyczy warstw oddzielaj\u0105cych.<\/p>\n<p>\tKolejnym kryterium jest ochrona gotowego deskowania przed przemoczeniem wskutek opad&oacute;w w czasie budowy a\u017c do zako\u0144czenia dachu cynkowego.<\/p>\n<p>\tProblem ten mo\u017cna rozwi\u0105za\u0107 u\u017cyciem tymczasowych warstw zabezpieczaj\u0105cych. Plandeki wielokrotnego u\u017cytku odporne na promieniowanie UV mog\u0105 by\u0107 nak\u0142adane wraz z post\u0119pem budowy deskowania a nast\u0119pnie zn&oacute;w krokowo zdejmowane podczas finalnego krycia.<\/p>\n<p>\tZaleca si\u0119 zabezpieczy\u0107 odpowiednio plandeki przed unosz\u0105cymi si\u0142ami wiatru.<\/p><\/div>\n","protected":false},"excerpt":{"rendered":"<p>Brak warstwy oddzielaj\u0105cej W obszarach umiarkowanych pogodowo, umiarkowanych obci\u0105\u017ce\u0144 wiatru i ma\u0142ych obci\u0105\u017ce\u0144 \u015bniegu NedZink przy wentylowanych konstrukcjach mo\u017ce by\u0107 po\u0142o\u017cony bezpo\u015brednio na deskowanie. &nbsp; Trzeba zweryfikowa\u0107 konieczno\u015b\u0107 dodatkowych dzia\u0142a\u0144 zwi\u0119kszaj\u0105cych bezpiecze\u0144stwo opadowe ca\u0142ej konstrukcji jak np. obni\u017cenie napi\u0119cie, druga warstwa odprowadzaj\u0105ca wod\u0119 (pod pokryciem dachowym). Pojedyncze deski po\u0142o\u017cone winny by\u0107 w odleg\u0142o\u015bciach 5-10 mm [&hellip;]<\/p>\n","protected":false},"author":9,"featured_media":0,"parent":0,"menu_order":760,"comment_status":"closed","ping_status":"closed","template":"template-import.php","meta":{"_acf_changed":false,"footnotes":""},"class_list":["post-30823","page","type-page","status-publish","hentry"],"acf":[],"yoast_head":"<!-- This site is optimized with the Yoast SEO plugin v26.8 - https:\/\/yoast.com\/product\/yoast-seo-wordpress\/ -->\n<title>Warstwa oddzielaj\u0105ca \u2013 NedZink<\/title>\n<meta name=\"robots\" content=\"index, follow, max-snippet:-1, max-image-preview:large, max-video-preview:-1\" \/>\n<link rel=\"canonical\" href=\"https:\/\/www.nedzink.com\/pl\/warstwa-oddzielajaca\/\" \/>\n<meta property=\"og:locale\" content=\"pl_PL\" \/>\n<meta property=\"og:type\" content=\"article\" \/>\n<meta property=\"og:title\" content=\"Warstwa oddzielaj\u0105ca \u2013 NedZink\" \/>\n<meta property=\"og:description\" content=\"Brak warstwy oddzielaj\u0105cej W obszarach umiarkowanych pogodowo, umiarkowanych obci\u0105\u017ce\u0144 wiatru i ma\u0142ych obci\u0105\u017ce\u0144 \u015bniegu NedZink przy wentylowanych konstrukcjach mo\u017ce by\u0107 po\u0142o\u017cony bezpo\u015brednio na deskowanie. &nbsp; Trzeba zweryfikowa\u0107 konieczno\u015b\u0107 dodatkowych dzia\u0142a\u0144 zwi\u0119kszaj\u0105cych bezpiecze\u0144stwo opadowe ca\u0142ej konstrukcji jak np. obni\u017cenie napi\u0119cie, druga warstwa odprowadzaj\u0105ca wod\u0119 (pod pokryciem dachowym). Pojedyncze deski po\u0142o\u017cone winny by\u0107 w odleg\u0142o\u015bciach 5-10 mm [&hellip;]\" \/>\n<meta property=\"og:url\" content=\"https:\/\/www.nedzink.com\/pl\/warstwa-oddzielajaca\/\" \/>\n<meta property=\"og:site_name\" content=\"NedZink\" \/>\n<meta name=\"twitter:card\" content=\"summary_large_image\" \/>\n<meta name=\"twitter:label1\" content=\"Szacowany czas czytania\" \/>\n\t<meta name=\"twitter:data1\" content=\"4 minuty\" \/>\n<script type=\"application\/ld+json\" class=\"yoast-schema-graph\">{\"@context\":\"https:\/\/schema.org\",\"@graph\":[{\"@type\":\"WebPage\",\"@id\":\"https:\/\/www.nedzink.com\/pl\/warstwa-oddzielajaca\/\",\"url\":\"https:\/\/www.nedzink.com\/pl\/warstwa-oddzielajaca\/\",\"name\":\"Warstwa oddzielaj\u0105ca \u2013 NedZink\",\"isPartOf\":{\"@id\":\"https:\/\/www.nedzink.com\/pl\/#website\"},\"datePublished\":\"2019-06-04T12:54:48+00:00\",\"breadcrumb\":{\"@id\":\"https:\/\/www.nedzink.com\/pl\/warstwa-oddzielajaca\/#breadcrumb\"},\"inLanguage\":\"pl-PL\",\"potentialAction\":[{\"@type\":\"ReadAction\",\"target\":[\"https:\/\/www.nedzink.com\/pl\/warstwa-oddzielajaca\/\"]}]},{\"@type\":\"BreadcrumbList\",\"@id\":\"https:\/\/www.nedzink.com\/pl\/warstwa-oddzielajaca\/#breadcrumb\",\"itemListElement\":[{\"@type\":\"ListItem\",\"position\":1,\"name\":\"Home\",\"item\":\"https:\/\/www.nedzink.com\/pl\/\"},{\"@type\":\"ListItem\",\"position\":2,\"name\":\"Warstwa oddzielaj\u0105ca\"}]},{\"@type\":\"WebSite\",\"@id\":\"https:\/\/www.nedzink.com\/pl\/#website\",\"url\":\"https:\/\/www.nedzink.com\/pl\/\",\"name\":\"NedZink\",\"description\":\"Zink fabrikant\",\"publisher\":{\"@id\":\"https:\/\/www.nedzink.com\/pl\/#organization\"},\"potentialAction\":[{\"@type\":\"SearchAction\",\"target\":{\"@type\":\"EntryPoint\",\"urlTemplate\":\"https:\/\/www.nedzink.com\/pl\/?s={search_term_string}\"},\"query-input\":{\"@type\":\"PropertyValueSpecification\",\"valueRequired\":true,\"valueName\":\"search_term_string\"}}],\"inLanguage\":\"pl-PL\"},{\"@type\":\"Organization\",\"@id\":\"https:\/\/www.nedzink.com\/pl\/#organization\",\"name\":\"NedZink\",\"url\":\"https:\/\/www.nedzink.com\/pl\/\",\"logo\":{\"@type\":\"ImageObject\",\"inLanguage\":\"pl-PL\",\"@id\":\"https:\/\/www.nedzink.com\/pl\/#\/schema\/logo\/image\/\",\"url\":\"https:\/\/www.nedzink.com\/wp-content\/uploads\/2019\/08\/logo-nedzink_fc_zk.jpg\",\"contentUrl\":\"https:\/\/www.nedzink.com\/wp-content\/uploads\/2019\/08\/logo-nedzink_fc_zk.jpg\",\"width\":2160,\"height\":688,\"caption\":\"NedZink\"},\"image\":{\"@id\":\"https:\/\/www.nedzink.com\/pl\/#\/schema\/logo\/image\/\"}}]}<\/script>\n<!-- \/ Yoast SEO plugin. -->","yoast_head_json":{"title":"Warstwa oddzielaj\u0105ca \u2013 NedZink","robots":{"index":"index","follow":"follow","max-snippet":"max-snippet:-1","max-image-preview":"max-image-preview:large","max-video-preview":"max-video-preview:-1"},"canonical":"https:\/\/www.nedzink.com\/pl\/warstwa-oddzielajaca\/","og_locale":"pl_PL","og_type":"article","og_title":"Warstwa oddzielaj\u0105ca \u2013 NedZink","og_description":"Brak warstwy oddzielaj\u0105cej W obszarach umiarkowanych pogodowo, umiarkowanych obci\u0105\u017ce\u0144 wiatru i ma\u0142ych obci\u0105\u017ce\u0144 \u015bniegu NedZink przy wentylowanych konstrukcjach mo\u017ce by\u0107 po\u0142o\u017cony bezpo\u015brednio na deskowanie. &nbsp; Trzeba zweryfikowa\u0107 konieczno\u015b\u0107 dodatkowych dzia\u0142a\u0144 zwi\u0119kszaj\u0105cych bezpiecze\u0144stwo opadowe ca\u0142ej konstrukcji jak np. obni\u017cenie napi\u0119cie, druga warstwa odprowadzaj\u0105ca wod\u0119 (pod pokryciem dachowym). Pojedyncze deski po\u0142o\u017cone winny by\u0107 w odleg\u0142o\u015bciach 5-10 mm [&hellip;]","og_url":"https:\/\/www.nedzink.com\/pl\/warstwa-oddzielajaca\/","og_site_name":"NedZink","twitter_card":"summary_large_image","twitter_misc":{"Szacowany czas czytania":"4 minuty"},"schema":{"@context":"https:\/\/schema.org","@graph":[{"@type":"WebPage","@id":"https:\/\/www.nedzink.com\/pl\/warstwa-oddzielajaca\/","url":"https:\/\/www.nedzink.com\/pl\/warstwa-oddzielajaca\/","name":"Warstwa oddzielaj\u0105ca \u2013 NedZink","isPartOf":{"@id":"https:\/\/www.nedzink.com\/pl\/#website"},"datePublished":"2019-06-04T12:54:48+00:00","breadcrumb":{"@id":"https:\/\/www.nedzink.com\/pl\/warstwa-oddzielajaca\/#breadcrumb"},"inLanguage":"pl-PL","potentialAction":[{"@type":"ReadAction","target":["https:\/\/www.nedzink.com\/pl\/warstwa-oddzielajaca\/"]}]},{"@type":"BreadcrumbList","@id":"https:\/\/www.nedzink.com\/pl\/warstwa-oddzielajaca\/#breadcrumb","itemListElement":[{"@type":"ListItem","position":1,"name":"Home","item":"https:\/\/www.nedzink.com\/pl\/"},{"@type":"ListItem","position":2,"name":"Warstwa oddzielaj\u0105ca"}]},{"@type":"WebSite","@id":"https:\/\/www.nedzink.com\/pl\/#website","url":"https:\/\/www.nedzink.com\/pl\/","name":"NedZink","description":"Zink fabrikant","publisher":{"@id":"https:\/\/www.nedzink.com\/pl\/#organization"},"potentialAction":[{"@type":"SearchAction","target":{"@type":"EntryPoint","urlTemplate":"https:\/\/www.nedzink.com\/pl\/?s={search_term_string}"},"query-input":{"@type":"PropertyValueSpecification","valueRequired":true,"valueName":"search_term_string"}}],"inLanguage":"pl-PL"},{"@type":"Organization","@id":"https:\/\/www.nedzink.com\/pl\/#organization","name":"NedZink","url":"https:\/\/www.nedzink.com\/pl\/","logo":{"@type":"ImageObject","inLanguage":"pl-PL","@id":"https:\/\/www.nedzink.com\/pl\/#\/schema\/logo\/image\/","url":"https:\/\/www.nedzink.com\/wp-content\/uploads\/2019\/08\/logo-nedzink_fc_zk.jpg","contentUrl":"https:\/\/www.nedzink.com\/wp-content\/uploads\/2019\/08\/logo-nedzink_fc_zk.jpg","width":2160,"height":688,"caption":"NedZink"},"image":{"@id":"https:\/\/www.nedzink.com\/pl\/#\/schema\/logo\/image\/"}}]}},"_links":{"self":[{"href":"https:\/\/www.nedzink.com\/pl\/wp-json\/wp\/v2\/pages\/30823","targetHints":{"allow":["GET"]}}],"collection":[{"href":"https:\/\/www.nedzink.com\/pl\/wp-json\/wp\/v2\/pages"}],"about":[{"href":"https:\/\/www.nedzink.com\/pl\/wp-json\/wp\/v2\/types\/page"}],"author":[{"embeddable":true,"href":"https:\/\/www.nedzink.com\/pl\/wp-json\/wp\/v2\/users\/9"}],"replies":[{"embeddable":true,"href":"https:\/\/www.nedzink.com\/pl\/wp-json\/wp\/v2\/comments?post=30823"}],"version-history":[{"count":0,"href":"https:\/\/www.nedzink.com\/pl\/wp-json\/wp\/v2\/pages\/30823\/revisions"}],"wp:attachment":[{"href":"https:\/\/www.nedzink.com\/pl\/wp-json\/wp\/v2\/media?parent=30823"}],"curies":[{"name":"wp","href":"https:\/\/api.w.org\/{rel}","templated":true}]}}