{"id":30813,"date":"2019-06-04T14:54:46","date_gmt":"2019-06-04T12:54:46","guid":{"rendered":"http:\/\/136.144.181.85\/~nedzink\/informacje-techniczne\/podkonstrukcje\/izolacja-cieplna\/"},"modified":"2019-06-04T14:54:46","modified_gmt":"2019-06-04T12:54:46","slug":"izolacja-cieplna","status":"publish","type":"page","link":"https:\/\/www.nedzink.com\/pl\/izolacja-cieplna\/","title":{"rendered":"Izolacja cieplna"},"content":{"rendered":"<div class=\"contentStyle\" style=\"margin: 10px 0px\">\n<p>\n\t\tMateria\u0142y izolacyjne w po\u0142\u0105czeniu z NedZink stosowane w konstrukcjach dachowych i \u015bciennych s\u0142u\u017c\u0105 z regu\u0142y izolacji cieplnej. Pod okre\u015blonymi warunkami kolejnym zakresem zastosowa\u0144 jest ochrona czy te\u017c izolacja d\u017awi\u0119kowa. Poza klasyczn\u0105 zabudow\u0105 izolacji poni\u017cej podk\u0142adu pokrycia, dzi\u015b do dyspozycji s\u0105 systemy, w kt&oacute;rych funkcja podk\u0142adu pokrycia przy nie wentylowanych konstrukcjach zostaje przej\u0119ta przez materia\u0142 izolacyjny. Je\u015bli takie konstrukcje z NedZink &ndash; po doradztwie obiektowym ze strony NedZink &ndash; b\u0119d\u0105 realizowane, to wymagany jest monta\u017c trwale funkcjonuj\u0105cej bariery pary wodnej poni\u017cej izolacji oraz warstwy dystansowej powy\u017cej izolacji.<\/p>\n<h2>\n\t\t<span lang=\"PL\">Izolacje z w\u0142&oacute;kien mineralnych<\/span><\/h2>\n<p>\n\t\tZazwyczaj stosowane s\u0105 odporne na nacisk p\u0142yty z we\u0142ny skalnej. Musz\u0105 one by\u0107 niepodatne na gnicie, utrzymywa\u0107 sta\u0142e wymiary i kszta\u0142t i by\u0107 odporne temperaturowo. Wymaga si\u0119 przynajmniej klasy B1 o ochronie przeciwpo\u017carowej. Zwymiarowanie i wyb&oacute;r zdolno\u015bci przewodzenia ciep\u0142a zbada\u0107 nale\u017cy wg Rozporz\u0105dzenia ochrony cieplnej i normy DIN 4108. P\u0142yty s\u0105 odporne na nacisk i absorbuj\u0105ce wod\u0119. W trakcie trwania prac ewentualnie profilaktycznie przeciw wnikaniu wilgoci zastosowa\u0107 mo\u017cna tymczasowe plandeki ochronne lub folie.<\/p>\n<p>\n\t\tDla umocowania haftr&oacute;w pokrycia na r\u0105bek stoj\u0105cy dost\u0119pnych jest kilka mo\u017cliwo\u015bci.<br \/>\n\t\tStosowane wykonanie winno by\u0107 wybrane zale\u017cnie od obiektu:<\/p>\n<ul>\n<li>\n\t\t\tMocowanie haftr&oacute;w z wysokim pionowym ramieniem bezpo\u015brednio do podkonstrukcji. Pozycje haft&oacute;w umiejscowi\u0107 nale\u017cy w fugach p\u0142ytowych (np. sm-System specjalne haftry przesuwne SM-Sos)<\/li>\n<li>\n\t\t\tUmocowa\u0107 haftry ich p\u0142yt\u0105 podstawy na izolacji cieplnej d\u0142ugimi przebijaj\u0105cymi elementami mocuj\u0105cymi (np. system Krabban; sm-System haftry p\u0142ytowe SM-GP)<\/li>\n<li>\n\t\t\tHaftry dolegaj\u0105co na metalowych lub drewnianych profilach wkomponowanych w izolacji cieplnej. Mocowanie profili odbywa si\u0119 d\u0142ugimi przebijaj\u0105cymi elementami mocuj\u0105cymi do podkonstrukcji. Mocowanie haftr&oacute;w odbywa si\u0119 bezpo\u015brednio do profili (np. Rockwool-Prodach)<\/li>\n<li>\n\t\t\tWielowarstwowe u\u0142o\u017cenie izolacji cieplnej z zintegrowanymi profilami (np. kontr\u0142aty\/\u0142aty); odst\u0119py \u0142atowania nale\u017cy dobra\u0107 tak, by nast\u0105pi\u0107 mog\u0142o poprawne zamocowanie haftr&oacute;w<\/li>\n<\/ul>\n<p>\n\t\tUwzgl\u0119dnia\u0107 nale\u017cy wskaz&oacute;wki przetwarzania producent&oacute;w.<\/p>\n<h2>\n\t\tSzk\u0142o piankowe<\/h2>\n<p>\n\t\tStosowane p\u0142yty ze szk\u0142a piankowego wykazuj\u0105 kilka pozytywnych aspekt&oacute;w jako podk\u0142ad pokrycia NedZink:<\/p>\n<ul>\n<li>\n\t\t\todporne na \u015bciskanie<\/li>\n<li>\n\t\t\tniepalne<\/li>\n<li>\n\t\t\tniepodatne na gnicie<\/li>\n<li>\n\t\t\tzachowuj\u0105ce kszta\u0142t<\/li>\n<li>\n\t\t\tpraktycznie szczelne dyfuzyjnie<\/li>\n<\/ul>\n<p>\n\t\tP\u0142yty klejone s\u0105 bitumicznie (w klejeniu na ciep\u0142o lub zimno) do podkonstrukcji i pomi\u0119dzy sob\u0105. Po rozmazaniu na gor\u0105co bitumenu, oznaczeniu pozycji haftr&oacute;w, wbiciu p\u0142yt pazurowych, przytwierdza si\u0119 jednowarstwow\u0105 ta\u015bm\u0119 uszczelniaj\u0105c\u0105 z polimerobitumenu. Na tym jako warstwa oddzielaj\u0105c\u0105 poni\u017cej materia\u0142u NedZink montuje si\u0119 dystansow\u0105 i strukturaln\u0105 mat\u0119 z w\u0142&oacute;kien rozproszonych.<\/p>\n<p>\t\tUwzgl\u0119dnia\u0107 nale\u017cy wskaz&oacute;wki przetwarzania producent&oacute;w.<br \/>\n\t\t&nbsp;<\/p>\n<h2>\n<style type=\"text\/css\">\n<!--{cke_protected}{C}%3C!%2D%2D%0A%20%2F*%20Font%20Definitions%20*%2F%0A%40font-face%0A%09%7Bfont-family%3A%22%EF%BC%AD%EF%BC%B3%20%E6%98%8E%E6%9C%9D%22%3B%0A%09panose-1%3A0%200%200%200%200%200%200%200%200%200%3B%0A%09mso-font-charset%3A128%3B%0A%09mso-generic-font-family%3Aroman%3B%0A%09mso-font-format%3Aother%3B%0A%09mso-font-pitch%3Afixed%3B%0A%09mso-font-signature%3A1%20134676480%2016%200%20131072%200%3B%7D%0A%40font-face%0A%09%7Bfont-family%3A%22%EF%BC%AD%EF%BC%B3%20%E3%82%B4%E3%82%B7%E3%83%83%E3%82%AF%22%3B%0A%09panose-1%3A0%200%200%200%200%200%200%200%200%200%3B%0A%09mso-font-charset%3A128%3B%0A%09mso-generic-font-family%3Amodern%3B%0A%09mso-font-format%3Aother%3B%0A%09mso-font-pitch%3Afixed%3B%0A%09mso-font-signature%3A1%20134676480%2016%200%20131072%200%3B%7D%0A%40font-face%0A%09%7Bfont-family%3A%22Cambria%20Math%22%3B%0A%09panose-1%3A2%204%205%203%205%204%206%203%202%204%3B%0A%09mso-font-charset%3A0%3B%0A%09mso-generic-font-family%3Aauto%3B%0A%09mso-font-pitch%3Avariable%3B%0A%09mso-font-signature%3A3%200%200%200%201%200%3B%7D%0A%40font-face%0A%09%7Bfont-family%3ACalibri%3B%0A%09panose-1%3A2%2015%205%202%202%202%204%203%202%204%3B%0A%09mso-font-charset%3A0%3B%0A%09mso-generic-font-family%3Aauto%3B%0A%09mso-font-pitch%3Avariable%3B%0A%09mso-font-signature%3A3%200%200%200%201%200%3B%7D%0A%40font-face%0A%09%7Bfont-family%3ACambria%3B%0A%09panose-1%3A2%204%205%203%205%204%206%203%202%204%3B%0A%09mso-font-charset%3A0%3B%0A%09mso-generic-font-family%3Aauto%3B%0A%09mso-font-pitch%3Avariable%3B%0A%09mso-font-signature%3A3%200%200%200%201%200%3B%7D%0A%20%2F*%20Style%20Definitions%20*%2F%0Ap.MsoNormal%2C%20li.MsoNormal%2C%20div.MsoNormal%0A%09%7Bmso-style-unhide%3Ano%3B%0A%09mso-style-qformat%3Ayes%3B%0A%09mso-style-parent%3A%22%22%3B%0A%09margin-top%3A0cm%3B%0A%09margin-right%3A0cm%3B%0A%09margin-bottom%3A10.0pt%3B%0A%09margin-left%3A0cm%3B%0A%09line-height%3A115%25%3B%0A%09mso-pagination%3Awidow-orphan%3B%0A%09font-size%3A11.0pt%3B%0A%09font-family%3ACalibri%3B%0A%09mso-ascii-font-family%3ACalibri%3B%0A%09mso-ascii-theme-font%3Aminor-latin%3B%0A%09mso-fareast-font-family%3A%22%EF%BC%AD%EF%BC%B3%20%E6%98%8E%E6%9C%9D%22%3B%0A%09mso-fareast-theme-font%3Aminor-fareast%3B%0A%09mso-hansi-font-family%3ACalibri%3B%0A%09mso-hansi-theme-font%3Aminor-latin%3B%0A%09mso-bidi-font-family%3A%22Times%20New%20Roman%22%3B%0A%09mso-bidi-theme-font%3Aminor-bidi%3B%0A%09mso-ansi-language%3APL%3B%0A%09mso-fareast-language%3APL%3B%7D%0Ah2%0A%09%7Bmso-style-priority%3A9%3B%0A%09mso-style-qformat%3Ayes%3B%0A%09mso-style-link%3A%22Kop%202%20Teken%22%3B%0A%09mso-style-next%3ANormaal%3B%0A%09margin-top%3A10.0pt%3B%0A%09margin-right%3A0cm%3B%0A%09margin-bottom%3A0cm%3B%0A%09margin-left%3A0cm%3B%0A%09margin-bottom%3A.0001pt%3B%0A%09line-height%3A115%25%3B%0A%09mso-pagination%3Awidow-orphan%20lines-together%3B%0A%09page-break-after%3Aavoid%3B%0A%09mso-outline-level%3A2%3B%0A%09font-size%3A13.0pt%3B%0A%09font-family%3ACambria%3B%0A%09mso-ascii-font-family%3ACambria%3B%0A%09mso-ascii-theme-font%3Amajor-latin%3B%0A%09mso-fareast-font-family%3A%22%EF%BC%AD%EF%BC%B3%20%E3%82%B4%E3%82%B7%E3%83%83%E3%82%AF%22%3B%0A%09mso-fareast-theme-font%3Amajor-fareast%3B%0A%09mso-hansi-font-family%3ACambria%3B%0A%09mso-hansi-theme-font%3Amajor-latin%3B%0A%09mso-bidi-font-family%3A%22Times%20New%20Roman%22%3B%0A%09mso-bidi-theme-font%3Amajor-bidi%3B%0A%09color%3A%234F81BD%3B%0A%09mso-themecolor%3Aaccent1%3B%0A%09mso-ansi-language%3APL%3B%0A%09mso-fareast-language%3APL%3B%7D%0Aspan.Kop2Teken%0A%09%7Bmso-style-name%3A%22Kop%202%20Teken%22%3B%0A%09mso-style-priority%3A9%3B%0A%09mso-style-unhide%3Ano%3B%0A%09mso-style-locked%3Ayes%3B%0A%09mso-style-link%3A%22Kop%202%22%3B%0A%09mso-ansi-font-size%3A13.0pt%3B%0A%09mso-bidi-font-size%3A13.0pt%3B%0A%09font-family%3ACambria%3B%0A%09mso-ascii-font-family%3ACambria%3B%0A%09mso-ascii-theme-font%3Amajor-latin%3B%0A%09mso-fareast-font-family%3A%22%EF%BC%AD%EF%BC%B3%20%E3%82%B4%E3%82%B7%E3%83%83%E3%82%AF%22%3B%0A%09mso-fareast-theme-font%3Amajor-fareast%3B%0A%09mso-hansi-font-family%3ACambria%3B%0A%09mso-hansi-theme-font%3Amajor-latin%3B%0A%09mso-bidi-font-family%3A%22Times%20New%20Roman%22%3B%0A%09mso-bidi-theme-font%3Amajor-bidi%3B%0A%09color%3A%234F81BD%3B%0A%09mso-themecolor%3Aaccent1%3B%0A%09font-weight%3Abold%3B%7D%0A.MsoChpDefault%0A%09%7Bmso-style-type%3Aexport-only%3B%0A%09mso-default-props%3Ayes%3B%0A%09font-size%3A11.0pt%3B%0A%09mso-ansi-font-size%3A11.0pt%3B%0A%09mso-bidi-font-size%3A11.0pt%3B%0A%09font-family%3ACalibri%3B%0A%09mso-ascii-font-family%3ACalibri%3B%0A%09mso-ascii-theme-font%3Aminor-latin%3B%0A%09mso-fareast-font-family%3A%22%EF%BC%AD%EF%BC%B3%20%E6%98%8E%E6%9C%9D%22%3B%0A%09mso-fareast-theme-font%3Aminor-fareast%3B%0A%09mso-hansi-font-family%3ACalibri%3B%0A%09mso-hansi-theme-font%3Aminor-latin%3B%0A%09mso-bidi-font-family%3A%22Times%20New%20Roman%22%3B%0A%09mso-bidi-theme-font%3Aminor-bidi%3B%0A%09mso-ansi-language%3APL%3B%0A%09mso-fareast-language%3APL%3B%7D%0A.MsoPapDefault%0A%09%7Bmso-style-type%3Aexport-only%3B%0A%09margin-bottom%3A10.0pt%3B%0A%09line-height%3A115%25%3B%7D%0A%40page%20WordSection1%0A%09%7Bsize%3A612.0pt%20792.0pt%3B%0A%09margin%3A70.85pt%2070.85pt%2070.85pt%2070.85pt%3B%0A%09mso-header-margin%3A35.4pt%3B%0A%09mso-footer-margin%3A35.4pt%3B%0A%09mso-paper-source%3A0%3B%7D%0Adiv.WordSection1%0A%09%7Bpage%3AWordSection1%3B%7D%0A%2D%2D%3E-->\t\t<\/style>\n<\/h2>\n<h2>\n\t\t<span lang=\"PL\">Materia\u0142y izolacyjne z twardych pianek <\/span><\/h2>\n<p>\n\t\tMateria\u0142y izolacyjne z twardych pianek tak\u017ce s\u0105 oferowane jako podk\u0142ad pokryciowy. Zasadniczo s\u0105 one tak\u017ce mo\u017cliwe do zastosowania z NedZink. Decyzja na ten temat zapa\u015b\u0107 mo\u017ce po weryfikacji odniesionej do obiektu<\/p>\n<p>\n\t\tUwzgl\u0119dnia\u0107 nale\u017cy wskaz&oacute;wki przetwarzania producent&oacute;w<\/p>\n<\/div>\n","protected":false},"excerpt":{"rendered":"<p>Materia\u0142y izolacyjne w po\u0142\u0105czeniu z NedZink stosowane w konstrukcjach dachowych i \u015bciennych s\u0142u\u017c\u0105 z regu\u0142y izolacji cieplnej. Pod okre\u015blonymi warunkami kolejnym zakresem zastosowa\u0144 jest ochrona czy te\u017c izolacja d\u017awi\u0119kowa. Poza klasyczn\u0105 zabudow\u0105 izolacji poni\u017cej podk\u0142adu pokrycia, dzi\u015b do dyspozycji s\u0105 systemy, w kt&oacute;rych funkcja podk\u0142adu pokrycia przy nie wentylowanych konstrukcjach zostaje przej\u0119ta przez materia\u0142 izolacyjny. [&hellip;]<\/p>\n","protected":false},"author":9,"featured_media":0,"parent":0,"menu_order":750,"comment_status":"closed","ping_status":"closed","template":"template-import.php","meta":{"_acf_changed":false,"footnotes":""},"class_list":["post-30813","page","type-page","status-publish","hentry"],"acf":[],"yoast_head":"<!-- This site is optimized with the Yoast SEO plugin v26.8 - https:\/\/yoast.com\/product\/yoast-seo-wordpress\/ -->\n<title>Izolacja cieplna \u2013 NedZink<\/title>\n<meta name=\"robots\" content=\"index, follow, max-snippet:-1, max-image-preview:large, max-video-preview:-1\" \/>\n<link rel=\"canonical\" href=\"https:\/\/www.nedzink.com\/pl\/izolacja-cieplna\/\" \/>\n<meta property=\"og:locale\" content=\"pl_PL\" \/>\n<meta property=\"og:type\" content=\"article\" \/>\n<meta property=\"og:title\" content=\"Izolacja cieplna \u2013 NedZink\" \/>\n<meta property=\"og:description\" content=\"Materia\u0142y izolacyjne w po\u0142\u0105czeniu z NedZink stosowane w konstrukcjach dachowych i \u015bciennych s\u0142u\u017c\u0105 z regu\u0142y izolacji cieplnej. Pod okre\u015blonymi warunkami kolejnym zakresem zastosowa\u0144 jest ochrona czy te\u017c izolacja d\u017awi\u0119kowa. Poza klasyczn\u0105 zabudow\u0105 izolacji poni\u017cej podk\u0142adu pokrycia, dzi\u015b do dyspozycji s\u0105 systemy, w kt&oacute;rych funkcja podk\u0142adu pokrycia przy nie wentylowanych konstrukcjach zostaje przej\u0119ta przez materia\u0142 izolacyjny. [&hellip;]\" \/>\n<meta property=\"og:url\" content=\"https:\/\/www.nedzink.com\/pl\/izolacja-cieplna\/\" \/>\n<meta property=\"og:site_name\" content=\"NedZink\" \/>\n<meta name=\"twitter:card\" content=\"summary_large_image\" \/>\n<meta name=\"twitter:label1\" content=\"Szacowany czas czytania\" \/>\n\t<meta name=\"twitter:data1\" content=\"3 minuty\" \/>\n<script type=\"application\/ld+json\" class=\"yoast-schema-graph\">{\"@context\":\"https:\/\/schema.org\",\"@graph\":[{\"@type\":\"WebPage\",\"@id\":\"https:\/\/www.nedzink.com\/pl\/izolacja-cieplna\/\",\"url\":\"https:\/\/www.nedzink.com\/pl\/izolacja-cieplna\/\",\"name\":\"Izolacja cieplna \u2013 NedZink\",\"isPartOf\":{\"@id\":\"https:\/\/www.nedzink.com\/pl\/#website\"},\"datePublished\":\"2019-06-04T12:54:46+00:00\",\"breadcrumb\":{\"@id\":\"https:\/\/www.nedzink.com\/pl\/izolacja-cieplna\/#breadcrumb\"},\"inLanguage\":\"pl-PL\",\"potentialAction\":[{\"@type\":\"ReadAction\",\"target\":[\"https:\/\/www.nedzink.com\/pl\/izolacja-cieplna\/\"]}]},{\"@type\":\"BreadcrumbList\",\"@id\":\"https:\/\/www.nedzink.com\/pl\/izolacja-cieplna\/#breadcrumb\",\"itemListElement\":[{\"@type\":\"ListItem\",\"position\":1,\"name\":\"Home\",\"item\":\"https:\/\/www.nedzink.com\/pl\/\"},{\"@type\":\"ListItem\",\"position\":2,\"name\":\"Izolacja cieplna\"}]},{\"@type\":\"WebSite\",\"@id\":\"https:\/\/www.nedzink.com\/pl\/#website\",\"url\":\"https:\/\/www.nedzink.com\/pl\/\",\"name\":\"NedZink\",\"description\":\"Zink fabrikant\",\"publisher\":{\"@id\":\"https:\/\/www.nedzink.com\/pl\/#organization\"},\"potentialAction\":[{\"@type\":\"SearchAction\",\"target\":{\"@type\":\"EntryPoint\",\"urlTemplate\":\"https:\/\/www.nedzink.com\/pl\/?s={search_term_string}\"},\"query-input\":{\"@type\":\"PropertyValueSpecification\",\"valueRequired\":true,\"valueName\":\"search_term_string\"}}],\"inLanguage\":\"pl-PL\"},{\"@type\":\"Organization\",\"@id\":\"https:\/\/www.nedzink.com\/pl\/#organization\",\"name\":\"NedZink\",\"url\":\"https:\/\/www.nedzink.com\/pl\/\",\"logo\":{\"@type\":\"ImageObject\",\"inLanguage\":\"pl-PL\",\"@id\":\"https:\/\/www.nedzink.com\/pl\/#\/schema\/logo\/image\/\",\"url\":\"https:\/\/www.nedzink.com\/wp-content\/uploads\/2019\/08\/logo-nedzink_fc_zk.jpg\",\"contentUrl\":\"https:\/\/www.nedzink.com\/wp-content\/uploads\/2019\/08\/logo-nedzink_fc_zk.jpg\",\"width\":2160,\"height\":688,\"caption\":\"NedZink\"},\"image\":{\"@id\":\"https:\/\/www.nedzink.com\/pl\/#\/schema\/logo\/image\/\"}}]}<\/script>\n<!-- \/ Yoast SEO plugin. -->","yoast_head_json":{"title":"Izolacja cieplna \u2013 NedZink","robots":{"index":"index","follow":"follow","max-snippet":"max-snippet:-1","max-image-preview":"max-image-preview:large","max-video-preview":"max-video-preview:-1"},"canonical":"https:\/\/www.nedzink.com\/pl\/izolacja-cieplna\/","og_locale":"pl_PL","og_type":"article","og_title":"Izolacja cieplna \u2013 NedZink","og_description":"Materia\u0142y izolacyjne w po\u0142\u0105czeniu z NedZink stosowane w konstrukcjach dachowych i \u015bciennych s\u0142u\u017c\u0105 z regu\u0142y izolacji cieplnej. Pod okre\u015blonymi warunkami kolejnym zakresem zastosowa\u0144 jest ochrona czy te\u017c izolacja d\u017awi\u0119kowa. Poza klasyczn\u0105 zabudow\u0105 izolacji poni\u017cej podk\u0142adu pokrycia, dzi\u015b do dyspozycji s\u0105 systemy, w kt&oacute;rych funkcja podk\u0142adu pokrycia przy nie wentylowanych konstrukcjach zostaje przej\u0119ta przez materia\u0142 izolacyjny. [&hellip;]","og_url":"https:\/\/www.nedzink.com\/pl\/izolacja-cieplna\/","og_site_name":"NedZink","twitter_card":"summary_large_image","twitter_misc":{"Szacowany czas czytania":"3 minuty"},"schema":{"@context":"https:\/\/schema.org","@graph":[{"@type":"WebPage","@id":"https:\/\/www.nedzink.com\/pl\/izolacja-cieplna\/","url":"https:\/\/www.nedzink.com\/pl\/izolacja-cieplna\/","name":"Izolacja cieplna \u2013 NedZink","isPartOf":{"@id":"https:\/\/www.nedzink.com\/pl\/#website"},"datePublished":"2019-06-04T12:54:46+00:00","breadcrumb":{"@id":"https:\/\/www.nedzink.com\/pl\/izolacja-cieplna\/#breadcrumb"},"inLanguage":"pl-PL","potentialAction":[{"@type":"ReadAction","target":["https:\/\/www.nedzink.com\/pl\/izolacja-cieplna\/"]}]},{"@type":"BreadcrumbList","@id":"https:\/\/www.nedzink.com\/pl\/izolacja-cieplna\/#breadcrumb","itemListElement":[{"@type":"ListItem","position":1,"name":"Home","item":"https:\/\/www.nedzink.com\/pl\/"},{"@type":"ListItem","position":2,"name":"Izolacja cieplna"}]},{"@type":"WebSite","@id":"https:\/\/www.nedzink.com\/pl\/#website","url":"https:\/\/www.nedzink.com\/pl\/","name":"NedZink","description":"Zink fabrikant","publisher":{"@id":"https:\/\/www.nedzink.com\/pl\/#organization"},"potentialAction":[{"@type":"SearchAction","target":{"@type":"EntryPoint","urlTemplate":"https:\/\/www.nedzink.com\/pl\/?s={search_term_string}"},"query-input":{"@type":"PropertyValueSpecification","valueRequired":true,"valueName":"search_term_string"}}],"inLanguage":"pl-PL"},{"@type":"Organization","@id":"https:\/\/www.nedzink.com\/pl\/#organization","name":"NedZink","url":"https:\/\/www.nedzink.com\/pl\/","logo":{"@type":"ImageObject","inLanguage":"pl-PL","@id":"https:\/\/www.nedzink.com\/pl\/#\/schema\/logo\/image\/","url":"https:\/\/www.nedzink.com\/wp-content\/uploads\/2019\/08\/logo-nedzink_fc_zk.jpg","contentUrl":"https:\/\/www.nedzink.com\/wp-content\/uploads\/2019\/08\/logo-nedzink_fc_zk.jpg","width":2160,"height":688,"caption":"NedZink"},"image":{"@id":"https:\/\/www.nedzink.com\/pl\/#\/schema\/logo\/image\/"}}]}},"_links":{"self":[{"href":"https:\/\/www.nedzink.com\/pl\/wp-json\/wp\/v2\/pages\/30813","targetHints":{"allow":["GET"]}}],"collection":[{"href":"https:\/\/www.nedzink.com\/pl\/wp-json\/wp\/v2\/pages"}],"about":[{"href":"https:\/\/www.nedzink.com\/pl\/wp-json\/wp\/v2\/types\/page"}],"author":[{"embeddable":true,"href":"https:\/\/www.nedzink.com\/pl\/wp-json\/wp\/v2\/users\/9"}],"replies":[{"embeddable":true,"href":"https:\/\/www.nedzink.com\/pl\/wp-json\/wp\/v2\/comments?post=30813"}],"version-history":[{"count":0,"href":"https:\/\/www.nedzink.com\/pl\/wp-json\/wp\/v2\/pages\/30813\/revisions"}],"wp:attachment":[{"href":"https:\/\/www.nedzink.com\/pl\/wp-json\/wp\/v2\/media?parent=30813"}],"curies":[{"name":"wp","href":"https:\/\/api.w.org\/{rel}","templated":true}]}}