{"id":30763,"date":"2019-06-04T14:54:32","date_gmt":"2019-06-04T12:54:32","guid":{"rendered":"http:\/\/136.144.181.85\/~nedzink\/informacje-techniczne\/fizyka-budowlana\/dzwiek\/"},"modified":"2019-06-04T14:54:32","modified_gmt":"2019-06-04T12:54:32","slug":"dzwiek","status":"publish","type":"page","link":"https:\/\/www.nedzink.com\/pl\/dzwiek\/","title":{"rendered":"D\u017awi\u0119k"},"content":{"rendered":"<p>\n\tNorma DIN 4109 <em>Ochrona d\u017awi\u0119kowa w budownictwie nadziemnym, Wymogi i Dowody <\/em>reguluje ochron\u0119 d\u017awi\u0119kow\u0105 w budynkach. Stosowane w kryciu metalem systemy monta\u017cowe zasadniczo odpowiadaj\u0105 podanym tam wymogom.<\/p>\n<p>\tTak\u017ce w d\u0142ugoletniej praktyce opisane systemy monta\u017cowe wystarczaj\u0105 &ndash; tak\u017ce bez u\u017cycia membrany &ndash; w odniesieniu do wymog&oacute;w ochrony d\u017awi\u0119kowej. Ekstremalne odg\u0142osy przy gradzie lub silnym deszczu, mog\u0105ce wyst\u0119powa\u0107 przy konstrukcjach nie podpartych ca\u0142o powierzchniowo, przy odpowiadaj\u0105cym zasadom systemom NedZink s\u0105 wykluczone.<\/p>\n<p>\tPrzy zwi\u0119kszonych wymogach, jak np. w obszarze chorych lub opieki, podj\u0119te mog\u0105 zosta\u0107 dodatkowe dzia\u0142ania.<\/p>\n<p>\n\tMembrany zapewniaj\u0105ce utrzymanie dystansu mog\u0105 zoptymalizowa\u0107&nbsp; systemy budowy. Czy zoptymalizuje to d\u017awi\u0119koszczelno\u015b\u0107 i jak du\u017ca ona b\u0119dzie, mo\u017cna si\u0119 dowiedzie\u0107 u producent&oacute;w. W \u017cadnym wypadku jednak nie powinno si\u0119 stosowa\u0107 zdolnych do&nbsp; kumulowania &bdquo;materia\u0142&oacute;w antyadhezyjnych&rdquo;, gdy\u017c zatrzymuj\u0105 one wilgo\u0107, kt&oacute;ra dosta\u0142a si\u0119 pod metal.<\/p>\n<p>\n\tPonadto ca\u0142o\u015b\u0107 konstrukcji dachy mo\u017ce zosta\u0107 zoptymalizowana przez projektanta pod wzgl\u0119dem w\u0142a\u015bciwo\u015bci d\u017awi\u0119ko-technicznych.<\/p>\n","protected":false},"excerpt":{"rendered":"<p>Norma DIN 4109 Ochrona d\u017awi\u0119kowa w budownictwie nadziemnym, Wymogi i Dowody reguluje ochron\u0119 d\u017awi\u0119kow\u0105 w budynkach. Stosowane w kryciu metalem systemy monta\u017cowe zasadniczo odpowiadaj\u0105 podanym tam wymogom. Tak\u017ce w d\u0142ugoletniej praktyce opisane systemy monta\u017cowe wystarczaj\u0105 &ndash; tak\u017ce bez u\u017cycia membrany &ndash; w odniesieniu do wymog&oacute;w ochrony d\u017awi\u0119kowej. Ekstremalne odg\u0142osy przy gradzie lub silnym deszczu, mog\u0105ce [&hellip;]<\/p>\n","protected":false},"author":9,"featured_media":0,"parent":0,"menu_order":700,"comment_status":"closed","ping_status":"closed","template":"template-import.php","meta":{"_acf_changed":false,"footnotes":""},"class_list":["post-30763","page","type-page","status-publish","hentry"],"acf":[],"yoast_head":"<!-- This site is optimized with the Yoast SEO plugin v26.8 - https:\/\/yoast.com\/product\/yoast-seo-wordpress\/ -->\n<title>D\u017awi\u0119k \u2013 NedZink<\/title>\n<meta name=\"robots\" content=\"index, follow, max-snippet:-1, max-image-preview:large, max-video-preview:-1\" \/>\n<link rel=\"canonical\" href=\"https:\/\/www.nedzink.com\/pl\/dzwiek\/\" \/>\n<meta property=\"og:locale\" content=\"pl_PL\" \/>\n<meta property=\"og:type\" content=\"article\" \/>\n<meta property=\"og:title\" content=\"D\u017awi\u0119k \u2013 NedZink\" \/>\n<meta property=\"og:description\" content=\"Norma DIN 4109 Ochrona d\u017awi\u0119kowa w budownictwie nadziemnym, Wymogi i Dowody reguluje ochron\u0119 d\u017awi\u0119kow\u0105 w budynkach. Stosowane w kryciu metalem systemy monta\u017cowe zasadniczo odpowiadaj\u0105 podanym tam wymogom. Tak\u017ce w d\u0142ugoletniej praktyce opisane systemy monta\u017cowe wystarczaj\u0105 &ndash; tak\u017ce bez u\u017cycia membrany &ndash; w odniesieniu do wymog&oacute;w ochrony d\u017awi\u0119kowej. Ekstremalne odg\u0142osy przy gradzie lub silnym deszczu, mog\u0105ce [&hellip;]\" \/>\n<meta property=\"og:url\" content=\"https:\/\/www.nedzink.com\/pl\/dzwiek\/\" \/>\n<meta property=\"og:site_name\" content=\"NedZink\" \/>\n<meta name=\"twitter:card\" content=\"summary_large_image\" \/>\n<meta name=\"twitter:label1\" content=\"Szacowany czas czytania\" \/>\n\t<meta name=\"twitter:data1\" content=\"1 minuta\" \/>\n<script type=\"application\/ld+json\" class=\"yoast-schema-graph\">{\"@context\":\"https:\/\/schema.org\",\"@graph\":[{\"@type\":\"WebPage\",\"@id\":\"https:\/\/www.nedzink.com\/pl\/dzwiek\/\",\"url\":\"https:\/\/www.nedzink.com\/pl\/dzwiek\/\",\"name\":\"D\u017awi\u0119k \u2013 NedZink\",\"isPartOf\":{\"@id\":\"https:\/\/www.nedzink.com\/pl\/#website\"},\"datePublished\":\"2019-06-04T12:54:32+00:00\",\"breadcrumb\":{\"@id\":\"https:\/\/www.nedzink.com\/pl\/dzwiek\/#breadcrumb\"},\"inLanguage\":\"pl-PL\",\"potentialAction\":[{\"@type\":\"ReadAction\",\"target\":[\"https:\/\/www.nedzink.com\/pl\/dzwiek\/\"]}]},{\"@type\":\"BreadcrumbList\",\"@id\":\"https:\/\/www.nedzink.com\/pl\/dzwiek\/#breadcrumb\",\"itemListElement\":[{\"@type\":\"ListItem\",\"position\":1,\"name\":\"Home\",\"item\":\"https:\/\/www.nedzink.com\/pl\/\"},{\"@type\":\"ListItem\",\"position\":2,\"name\":\"D\u017awi\u0119k\"}]},{\"@type\":\"WebSite\",\"@id\":\"https:\/\/www.nedzink.com\/pl\/#website\",\"url\":\"https:\/\/www.nedzink.com\/pl\/\",\"name\":\"NedZink\",\"description\":\"Zink fabrikant\",\"publisher\":{\"@id\":\"https:\/\/www.nedzink.com\/pl\/#organization\"},\"potentialAction\":[{\"@type\":\"SearchAction\",\"target\":{\"@type\":\"EntryPoint\",\"urlTemplate\":\"https:\/\/www.nedzink.com\/pl\/?s={search_term_string}\"},\"query-input\":{\"@type\":\"PropertyValueSpecification\",\"valueRequired\":true,\"valueName\":\"search_term_string\"}}],\"inLanguage\":\"pl-PL\"},{\"@type\":\"Organization\",\"@id\":\"https:\/\/www.nedzink.com\/pl\/#organization\",\"name\":\"NedZink\",\"url\":\"https:\/\/www.nedzink.com\/pl\/\",\"logo\":{\"@type\":\"ImageObject\",\"inLanguage\":\"pl-PL\",\"@id\":\"https:\/\/www.nedzink.com\/pl\/#\/schema\/logo\/image\/\",\"url\":\"https:\/\/www.nedzink.com\/wp-content\/uploads\/2019\/08\/logo-nedzink_fc_zk.jpg\",\"contentUrl\":\"https:\/\/www.nedzink.com\/wp-content\/uploads\/2019\/08\/logo-nedzink_fc_zk.jpg\",\"width\":2160,\"height\":688,\"caption\":\"NedZink\"},\"image\":{\"@id\":\"https:\/\/www.nedzink.com\/pl\/#\/schema\/logo\/image\/\"}}]}<\/script>\n<!-- \/ Yoast SEO plugin. -->","yoast_head_json":{"title":"D\u017awi\u0119k \u2013 NedZink","robots":{"index":"index","follow":"follow","max-snippet":"max-snippet:-1","max-image-preview":"max-image-preview:large","max-video-preview":"max-video-preview:-1"},"canonical":"https:\/\/www.nedzink.com\/pl\/dzwiek\/","og_locale":"pl_PL","og_type":"article","og_title":"D\u017awi\u0119k \u2013 NedZink","og_description":"Norma DIN 4109 Ochrona d\u017awi\u0119kowa w budownictwie nadziemnym, Wymogi i Dowody reguluje ochron\u0119 d\u017awi\u0119kow\u0105 w budynkach. Stosowane w kryciu metalem systemy monta\u017cowe zasadniczo odpowiadaj\u0105 podanym tam wymogom. Tak\u017ce w d\u0142ugoletniej praktyce opisane systemy monta\u017cowe wystarczaj\u0105 &ndash; tak\u017ce bez u\u017cycia membrany &ndash; w odniesieniu do wymog&oacute;w ochrony d\u017awi\u0119kowej. Ekstremalne odg\u0142osy przy gradzie lub silnym deszczu, mog\u0105ce [&hellip;]","og_url":"https:\/\/www.nedzink.com\/pl\/dzwiek\/","og_site_name":"NedZink","twitter_card":"summary_large_image","twitter_misc":{"Szacowany czas czytania":"1 minuta"},"schema":{"@context":"https:\/\/schema.org","@graph":[{"@type":"WebPage","@id":"https:\/\/www.nedzink.com\/pl\/dzwiek\/","url":"https:\/\/www.nedzink.com\/pl\/dzwiek\/","name":"D\u017awi\u0119k \u2013 NedZink","isPartOf":{"@id":"https:\/\/www.nedzink.com\/pl\/#website"},"datePublished":"2019-06-04T12:54:32+00:00","breadcrumb":{"@id":"https:\/\/www.nedzink.com\/pl\/dzwiek\/#breadcrumb"},"inLanguage":"pl-PL","potentialAction":[{"@type":"ReadAction","target":["https:\/\/www.nedzink.com\/pl\/dzwiek\/"]}]},{"@type":"BreadcrumbList","@id":"https:\/\/www.nedzink.com\/pl\/dzwiek\/#breadcrumb","itemListElement":[{"@type":"ListItem","position":1,"name":"Home","item":"https:\/\/www.nedzink.com\/pl\/"},{"@type":"ListItem","position":2,"name":"D\u017awi\u0119k"}]},{"@type":"WebSite","@id":"https:\/\/www.nedzink.com\/pl\/#website","url":"https:\/\/www.nedzink.com\/pl\/","name":"NedZink","description":"Zink fabrikant","publisher":{"@id":"https:\/\/www.nedzink.com\/pl\/#organization"},"potentialAction":[{"@type":"SearchAction","target":{"@type":"EntryPoint","urlTemplate":"https:\/\/www.nedzink.com\/pl\/?s={search_term_string}"},"query-input":{"@type":"PropertyValueSpecification","valueRequired":true,"valueName":"search_term_string"}}],"inLanguage":"pl-PL"},{"@type":"Organization","@id":"https:\/\/www.nedzink.com\/pl\/#organization","name":"NedZink","url":"https:\/\/www.nedzink.com\/pl\/","logo":{"@type":"ImageObject","inLanguage":"pl-PL","@id":"https:\/\/www.nedzink.com\/pl\/#\/schema\/logo\/image\/","url":"https:\/\/www.nedzink.com\/wp-content\/uploads\/2019\/08\/logo-nedzink_fc_zk.jpg","contentUrl":"https:\/\/www.nedzink.com\/wp-content\/uploads\/2019\/08\/logo-nedzink_fc_zk.jpg","width":2160,"height":688,"caption":"NedZink"},"image":{"@id":"https:\/\/www.nedzink.com\/pl\/#\/schema\/logo\/image\/"}}]}},"_links":{"self":[{"href":"https:\/\/www.nedzink.com\/pl\/wp-json\/wp\/v2\/pages\/30763","targetHints":{"allow":["GET"]}}],"collection":[{"href":"https:\/\/www.nedzink.com\/pl\/wp-json\/wp\/v2\/pages"}],"about":[{"href":"https:\/\/www.nedzink.com\/pl\/wp-json\/wp\/v2\/types\/page"}],"author":[{"embeddable":true,"href":"https:\/\/www.nedzink.com\/pl\/wp-json\/wp\/v2\/users\/9"}],"replies":[{"embeddable":true,"href":"https:\/\/www.nedzink.com\/pl\/wp-json\/wp\/v2\/comments?post=30763"}],"version-history":[{"count":0,"href":"https:\/\/www.nedzink.com\/pl\/wp-json\/wp\/v2\/pages\/30763\/revisions"}],"wp:attachment":[{"href":"https:\/\/www.nedzink.com\/pl\/wp-json\/wp\/v2\/media?parent=30763"}],"curies":[{"name":"wp","href":"https:\/\/api.w.org\/{rel}","templated":true}]}}