{"id":30750,"date":"2019-06-04T14:54:28","date_gmt":"2019-06-04T12:54:28","guid":{"rendered":"http:\/\/136.144.181.85\/~nedzink\/informacje-techniczne\/fizyka-budowlana\/konstrukcje-bez-wentylacji\/"},"modified":"2019-06-04T14:54:28","modified_gmt":"2019-06-04T12:54:28","slug":"konstrukcje-bez-wentylacji","status":"publish","type":"page","link":"https:\/\/www.nedzink.com\/pl\/konstrukcje-bez-wentylacji\/","title":{"rendered":"Konstrukcje bez wentylacji"},"content":{"rendered":"<p>\n\tKonstrukcje bez wentylacji realizowane mog\u0105 by\u0107 jedynie po indywidualnym dla obiektu sprawdzeniu, zaplanowaniu i uszczeg&oacute;\u0142owieniu z NedZink. Zale\u017cnie od typu dachu (np. p\u0142aski spad; zmiany nachylenia; poprzecinane po\u0142acie dachu) zasadnym mo\u017ce by\u0107 preferowanie konstrukcji bez wentylacji. W takim przypadku stawia si\u0119 wysokie wymagania dok\u0142adnego planowania i wykonania wszelkich szczeg&oacute;\u0142&oacute;w.<\/p>\n<p>\n\t<strong>Transport wilgoci <\/strong><br \/>\n\tNie wentylowana konstrukcja NedZink jest w stanie tylko w ma\u0142ym stopniu odprowadzi\u0107 na zewn\u0105trz wilgo\u0107, kt&oacute;ra si\u0119 dosta\u0142a pod metal. Z regu\u0142y doj\u015b\u0107 do tego mo\u017ce jedynie w ciep\u0142ych porach roku przez przej\u015bcie pary poprzez r\u0105bek stoj\u0105cy. Je\u015bli jednak istnieje przesadne wci\u0105gni\u0119cie wilgoci, to dokonuje si\u0119 to zbyt powoli, by unikn\u0105\u0107 wyst\u0105pienia korozji metalu po tylnej jego stronie, szk&oacute;d korozyjnych podkonstrukcji no\u015bnej lub zmniejszenia oporu cieplnego.<\/p>\n<p>\n\tW zwi\u0105zku z tym nale\u017cy wykluczy\u0107 wci\u0105ganie wilgoci poprzez:<\/p>\n<ul>\n<li>\n\t\twilgo\u0107 budowlan\u0105 materia\u0142&oacute;w budowlanych<\/li>\n<li>\n\t\twci\u0105ganie wilgoci podczas budowania<\/li>\n<li>\n\t\tdyfuzj\u0119 pary<\/li>\n<li>\n\t\tmostki cieplne<\/li>\n<li>\n\t\tfachowe wykonanie<\/li>\n<\/ul>\n<p>\n\tNieunikniona wilgo\u0107 z czasem musi m&oacute;c bezszkodowo zosta\u0107 odprowadzona na zewn\u0105trz.<\/p>\n<p>\n\t<strong>Wilgotno\u015b\u0107 budowlana materia\u0142&oacute;w budowlanych<\/strong><br \/>\n\tZastosowane materia\u0142y budowlane w ich stanie zabudowy musz\u0105 by\u0107 suche i chronione podczas magazynowania, transportu i instalacji przed zawilgoceniem pogodowym. Stosowa\u0107 nale\u017cy normowane, trwa\u0142e kszta\u0142towo i temperaturowo materia\u0142y budowlane.<\/p>\n<p>\t<strong>Odprowadzenie wilgoci podczas budowy <\/strong><br \/>\n\tPodczas prac u\u017cywane materia\u0142y budowlane, w szczeg&oacute;lno\u015bci ch\u0142onne materia\u0142y jak drewno i materia\u0142y z w\u0142&oacute;kien mineralnych, nale\u017cy chroni\u0107 odpowiednimi sposobami przeciw zawilgoceniu. Osi\u0105gn\u0105\u0107 to mo\u017cna np. tymczasowymi warstwami ochronnymi folii i plandek.<\/p>\n<p>\n\t<strong>Dyfuzja pary<\/strong><br \/>\n\tUdaremnienie wci\u0105gania wilgoci poprzez dyfuzj\u0119 z wn\u0119trza budynku jest kolejn\u0105 istotn\u0105 przes\u0142ank\u0105 do fizyko-budowlanego bezpiecze\u0144stwa funkcyjnego. Przewiduje si\u0119 wbudowan\u0105 i za\u0142o\u017con\u0105 wiatroszczelnie i paroszczelnie barier\u0119 pary z warto\u015bci\u0105 Sd &ge;100 m wg DIN 4108. Ponadto przestrzega\u0107 nale\u017cy informacji DIN 4108,&nbsp;rozporz\u0105dzenia o oszcz\u0119dzaniu energii i&nbsp; &nbsp;rozporz\u0105dzenia o ochronie cieplnej w ich obecnie obowi\u0105zuj\u0105cej formie.<\/p>\n<p>\t<strong>Mostki cieplne<\/strong><br \/>\n\tMostki cieplne mog\u0105 mie\u0107 r&oacute;\u017cnorakie przyczyny i powodowa\u0107 swym dzia\u0142aniem wykraplanie si\u0119 wody w konstrukcji. Szczeg&oacute;ln\u0105 uwag\u0119 nale\u017cy zwr&oacute;ci\u0107 na bezfugowe i wolne od przenikania u\u0142o\u017cenie izolacji cieplnej. Przenikliwe \u015brodki mocuj\u0105ce nale\u017cy tak dobra\u0107 i zamocowa\u0107, by zapewnione by\u0142o bezszkodowe spe\u0142nianie ich funkcji.<\/p>\n<p>\t<strong>Fachowe wykonanie<\/strong><br \/>\n\tZgodne z zasadami i staranne wykonanie prac monta\u017cowych, w szczeg&oacute;lno\u015bci detali po\u0142\u0105czeniowych, jest niezb\u0119dne dla funkcjonuj\u0105cej konstrukcji, gdy\u017c przenikaj\u0105ca wilgo\u0107 pod metalowym pokryciem mo\u017ce zosta\u0107 odprowadzona jedynie bardzo powoli i w ma\u0142ym stopniu.&nbsp;&nbsp;<br \/>\n\t&nbsp;<\/p>\n<p>\n\t<strong>Warstwa oddzielaj\u0105ca (membrana)<\/strong><br \/>\n\tPrzy wykonaniu nie wentylowanych konstrukcji z NedZink-u umie\u015bci\u0107 nale\u017cy bezpo\u015brednio pod metalem otwarte dyfuzyjnie membrany jednocze\u015bnie utrzymuj\u0105ce odst\u0119p. W ten spos&oacute;b wilgo\u0107 kt&oacute;ra dosta\u0142a si\u0119 pod metal zostaje rozdzielona i z biegiem czasu bezszkodowo odprowadzona.<\/p>\n<p>\t<strong>Pow\u0142oka dolnostronna <\/strong><br \/>\n\tPrzy konstrukcjach o podwy\u017cszonych wymaganiach (np. baseny; du\u017ce kuchnie) do dyspozycji s\u0105 Produkty NedZink NATUREL Pro-Tec i&nbsp;NedZink NOVA Pro-Tec z pow\u0142ok\u0105 zabezpieczaj\u0105c\u0105 na dolnej stronie.<\/p>\n","protected":false},"excerpt":{"rendered":"<p>Konstrukcje bez wentylacji realizowane mog\u0105 by\u0107 jedynie po indywidualnym dla obiektu sprawdzeniu, zaplanowaniu i uszczeg&oacute;\u0142owieniu z NedZink. Zale\u017cnie od typu dachu (np. p\u0142aski spad; zmiany nachylenia; poprzecinane po\u0142acie dachu) zasadnym mo\u017ce by\u0107 preferowanie konstrukcji bez wentylacji. W takim przypadku stawia si\u0119 wysokie wymagania dok\u0142adnego planowania i wykonania wszelkich szczeg&oacute;\u0142&oacute;w. Transport wilgoci Nie wentylowana konstrukcja NedZink [&hellip;]<\/p>\n","protected":false},"author":9,"featured_media":0,"parent":0,"menu_order":690,"comment_status":"closed","ping_status":"closed","template":"template-import.php","meta":{"_acf_changed":false,"footnotes":""},"class_list":["post-30750","page","type-page","status-publish","hentry"],"acf":[],"yoast_head":"<!-- This site is optimized with the Yoast SEO plugin v26.8 - https:\/\/yoast.com\/product\/yoast-seo-wordpress\/ -->\n<title>Konstrukcje bez wentylacji \u2013 NedZink<\/title>\n<meta name=\"robots\" content=\"index, follow, max-snippet:-1, max-image-preview:large, max-video-preview:-1\" \/>\n<link rel=\"canonical\" href=\"https:\/\/www.nedzink.com\/pl\/konstrukcje-bez-wentylacji\/\" \/>\n<meta property=\"og:locale\" content=\"pl_PL\" \/>\n<meta property=\"og:type\" content=\"article\" \/>\n<meta property=\"og:title\" content=\"Konstrukcje bez wentylacji \u2013 NedZink\" \/>\n<meta property=\"og:description\" content=\"Konstrukcje bez wentylacji realizowane mog\u0105 by\u0107 jedynie po indywidualnym dla obiektu sprawdzeniu, zaplanowaniu i uszczeg&oacute;\u0142owieniu z NedZink. Zale\u017cnie od typu dachu (np. p\u0142aski spad; zmiany nachylenia; poprzecinane po\u0142acie dachu) zasadnym mo\u017ce by\u0107 preferowanie konstrukcji bez wentylacji. W takim przypadku stawia si\u0119 wysokie wymagania dok\u0142adnego planowania i wykonania wszelkich szczeg&oacute;\u0142&oacute;w. Transport wilgoci Nie wentylowana konstrukcja NedZink [&hellip;]\" \/>\n<meta property=\"og:url\" content=\"https:\/\/www.nedzink.com\/pl\/konstrukcje-bez-wentylacji\/\" \/>\n<meta property=\"og:site_name\" content=\"NedZink\" \/>\n<meta name=\"twitter:card\" content=\"summary_large_image\" \/>\n<meta name=\"twitter:label1\" content=\"Szacowany czas czytania\" \/>\n\t<meta name=\"twitter:data1\" content=\"3 minuty\" \/>\n<script type=\"application\/ld+json\" class=\"yoast-schema-graph\">{\"@context\":\"https:\/\/schema.org\",\"@graph\":[{\"@type\":\"WebPage\",\"@id\":\"https:\/\/www.nedzink.com\/pl\/konstrukcje-bez-wentylacji\/\",\"url\":\"https:\/\/www.nedzink.com\/pl\/konstrukcje-bez-wentylacji\/\",\"name\":\"Konstrukcje bez wentylacji \u2013 NedZink\",\"isPartOf\":{\"@id\":\"https:\/\/www.nedzink.com\/pl\/#website\"},\"datePublished\":\"2019-06-04T12:54:28+00:00\",\"breadcrumb\":{\"@id\":\"https:\/\/www.nedzink.com\/pl\/konstrukcje-bez-wentylacji\/#breadcrumb\"},\"inLanguage\":\"pl-PL\",\"potentialAction\":[{\"@type\":\"ReadAction\",\"target\":[\"https:\/\/www.nedzink.com\/pl\/konstrukcje-bez-wentylacji\/\"]}]},{\"@type\":\"BreadcrumbList\",\"@id\":\"https:\/\/www.nedzink.com\/pl\/konstrukcje-bez-wentylacji\/#breadcrumb\",\"itemListElement\":[{\"@type\":\"ListItem\",\"position\":1,\"name\":\"Home\",\"item\":\"https:\/\/www.nedzink.com\/pl\/\"},{\"@type\":\"ListItem\",\"position\":2,\"name\":\"Konstrukcje bez wentylacji\"}]},{\"@type\":\"WebSite\",\"@id\":\"https:\/\/www.nedzink.com\/pl\/#website\",\"url\":\"https:\/\/www.nedzink.com\/pl\/\",\"name\":\"NedZink\",\"description\":\"Zink fabrikant\",\"publisher\":{\"@id\":\"https:\/\/www.nedzink.com\/pl\/#organization\"},\"potentialAction\":[{\"@type\":\"SearchAction\",\"target\":{\"@type\":\"EntryPoint\",\"urlTemplate\":\"https:\/\/www.nedzink.com\/pl\/?s={search_term_string}\"},\"query-input\":{\"@type\":\"PropertyValueSpecification\",\"valueRequired\":true,\"valueName\":\"search_term_string\"}}],\"inLanguage\":\"pl-PL\"},{\"@type\":\"Organization\",\"@id\":\"https:\/\/www.nedzink.com\/pl\/#organization\",\"name\":\"NedZink\",\"url\":\"https:\/\/www.nedzink.com\/pl\/\",\"logo\":{\"@type\":\"ImageObject\",\"inLanguage\":\"pl-PL\",\"@id\":\"https:\/\/www.nedzink.com\/pl\/#\/schema\/logo\/image\/\",\"url\":\"https:\/\/www.nedzink.com\/wp-content\/uploads\/2019\/08\/logo-nedzink_fc_zk.jpg\",\"contentUrl\":\"https:\/\/www.nedzink.com\/wp-content\/uploads\/2019\/08\/logo-nedzink_fc_zk.jpg\",\"width\":2160,\"height\":688,\"caption\":\"NedZink\"},\"image\":{\"@id\":\"https:\/\/www.nedzink.com\/pl\/#\/schema\/logo\/image\/\"}}]}<\/script>\n<!-- \/ Yoast SEO plugin. -->","yoast_head_json":{"title":"Konstrukcje bez wentylacji \u2013 NedZink","robots":{"index":"index","follow":"follow","max-snippet":"max-snippet:-1","max-image-preview":"max-image-preview:large","max-video-preview":"max-video-preview:-1"},"canonical":"https:\/\/www.nedzink.com\/pl\/konstrukcje-bez-wentylacji\/","og_locale":"pl_PL","og_type":"article","og_title":"Konstrukcje bez wentylacji \u2013 NedZink","og_description":"Konstrukcje bez wentylacji realizowane mog\u0105 by\u0107 jedynie po indywidualnym dla obiektu sprawdzeniu, zaplanowaniu i uszczeg&oacute;\u0142owieniu z NedZink. Zale\u017cnie od typu dachu (np. p\u0142aski spad; zmiany nachylenia; poprzecinane po\u0142acie dachu) zasadnym mo\u017ce by\u0107 preferowanie konstrukcji bez wentylacji. W takim przypadku stawia si\u0119 wysokie wymagania dok\u0142adnego planowania i wykonania wszelkich szczeg&oacute;\u0142&oacute;w. Transport wilgoci Nie wentylowana konstrukcja NedZink [&hellip;]","og_url":"https:\/\/www.nedzink.com\/pl\/konstrukcje-bez-wentylacji\/","og_site_name":"NedZink","twitter_card":"summary_large_image","twitter_misc":{"Szacowany czas czytania":"3 minuty"},"schema":{"@context":"https:\/\/schema.org","@graph":[{"@type":"WebPage","@id":"https:\/\/www.nedzink.com\/pl\/konstrukcje-bez-wentylacji\/","url":"https:\/\/www.nedzink.com\/pl\/konstrukcje-bez-wentylacji\/","name":"Konstrukcje bez wentylacji \u2013 NedZink","isPartOf":{"@id":"https:\/\/www.nedzink.com\/pl\/#website"},"datePublished":"2019-06-04T12:54:28+00:00","breadcrumb":{"@id":"https:\/\/www.nedzink.com\/pl\/konstrukcje-bez-wentylacji\/#breadcrumb"},"inLanguage":"pl-PL","potentialAction":[{"@type":"ReadAction","target":["https:\/\/www.nedzink.com\/pl\/konstrukcje-bez-wentylacji\/"]}]},{"@type":"BreadcrumbList","@id":"https:\/\/www.nedzink.com\/pl\/konstrukcje-bez-wentylacji\/#breadcrumb","itemListElement":[{"@type":"ListItem","position":1,"name":"Home","item":"https:\/\/www.nedzink.com\/pl\/"},{"@type":"ListItem","position":2,"name":"Konstrukcje bez wentylacji"}]},{"@type":"WebSite","@id":"https:\/\/www.nedzink.com\/pl\/#website","url":"https:\/\/www.nedzink.com\/pl\/","name":"NedZink","description":"Zink fabrikant","publisher":{"@id":"https:\/\/www.nedzink.com\/pl\/#organization"},"potentialAction":[{"@type":"SearchAction","target":{"@type":"EntryPoint","urlTemplate":"https:\/\/www.nedzink.com\/pl\/?s={search_term_string}"},"query-input":{"@type":"PropertyValueSpecification","valueRequired":true,"valueName":"search_term_string"}}],"inLanguage":"pl-PL"},{"@type":"Organization","@id":"https:\/\/www.nedzink.com\/pl\/#organization","name":"NedZink","url":"https:\/\/www.nedzink.com\/pl\/","logo":{"@type":"ImageObject","inLanguage":"pl-PL","@id":"https:\/\/www.nedzink.com\/pl\/#\/schema\/logo\/image\/","url":"https:\/\/www.nedzink.com\/wp-content\/uploads\/2019\/08\/logo-nedzink_fc_zk.jpg","contentUrl":"https:\/\/www.nedzink.com\/wp-content\/uploads\/2019\/08\/logo-nedzink_fc_zk.jpg","width":2160,"height":688,"caption":"NedZink"},"image":{"@id":"https:\/\/www.nedzink.com\/pl\/#\/schema\/logo\/image\/"}}]}},"_links":{"self":[{"href":"https:\/\/www.nedzink.com\/pl\/wp-json\/wp\/v2\/pages\/30750","targetHints":{"allow":["GET"]}}],"collection":[{"href":"https:\/\/www.nedzink.com\/pl\/wp-json\/wp\/v2\/pages"}],"about":[{"href":"https:\/\/www.nedzink.com\/pl\/wp-json\/wp\/v2\/types\/page"}],"author":[{"embeddable":true,"href":"https:\/\/www.nedzink.com\/pl\/wp-json\/wp\/v2\/users\/9"}],"replies":[{"embeddable":true,"href":"https:\/\/www.nedzink.com\/pl\/wp-json\/wp\/v2\/comments?post=30750"}],"version-history":[{"count":0,"href":"https:\/\/www.nedzink.com\/pl\/wp-json\/wp\/v2\/pages\/30750\/revisions"}],"wp:attachment":[{"href":"https:\/\/www.nedzink.com\/pl\/wp-json\/wp\/v2\/media?parent=30750"}],"curies":[{"name":"wp","href":"https:\/\/api.w.org\/{rel}","templated":true}]}}