{"id":30739,"date":"2019-06-04T14:54:24","date_gmt":"2019-06-04T12:54:24","guid":{"rendered":"http:\/\/136.144.181.85\/~nedzink\/informacje-techniczne\/fizyka-budowlana\/konstrukcja-wentylowana\/"},"modified":"2019-06-04T14:54:24","modified_gmt":"2019-06-04T12:54:24","slug":"konstrukcja-wentylowana","status":"publish","type":"page","link":"https:\/\/www.nedzink.com\/pl\/konstrukcja-wentylowana\/","title":{"rendered":"Konstrukcja wentylowana"},"content":{"rendered":"<p>\n\tKonstrukcje dachowe i \u015bcienne z przestrzeni\u0105 wentylacyjn\u0105 umiejscowion\u0105 poni\u017cej konstrukcji pokrycia, powinny odprowadza\u0107 powsta\u0142\u0105 w konstrukcji wilgo\u0107 poprzez dokonuj\u0105ce si\u0119 ruchy powietrza mi\u0119dzy otworami wlotowymi i wylotowymi.<\/p>\n<p>\n\tCelem zapewnienia bezpiecznej i niezawodnej funkcji wentylowanej konstrukcji, uwzgl\u0119dnione winny by\u0107 pewne za\u0142o\u017cenia:<\/p>\n<ul>\n<li>\n\t\tWentylacja nie poprawi b\u0142\u0119d&oacute;w i niedoci\u0105gni\u0119\u0107 szczelno\u015bci powietrznej i wiatrowej ca\u0142ej konstrukcji.<\/li>\n<li>\n\t\tNale\u017cy zamontowa\u0107 odpowiednie bariery powietrzne (para) i wiatrowe, i szczelnie po\u0142\u0105czy\u0107 je z stykaj\u0105cymi lub za\u0142o\u017conymi elementami.<\/li>\n<li>\n\t\tProwadzenie powietrza zapewnia\u0107 musi ci\u0105g\u0142y jego przep\u0142yw.<\/li>\n<li>\n\t\tStosowane materia\u0142y budowlane musz\u0105 by\u0107 w du\u017cej mierze suche.<\/li>\n<li>\n\t\tPodczas budowy chroni\u0107 nale\u017cy otwarte po\u0142\u0105czenia i fugi przed wnikaj\u0105c\u0105 wilgoci\u0105 opadow\u0105.<\/li>\n<li>\n\t\tMateria\u0142y izolacyjne powinny by\u0107 przetwarzane z szczelnymi fugami.<\/li>\n<\/ul>\n<p>\n\t<strong>G\u0142&oacute;wne aspekty <\/strong>funkcjonowania wentylacji:<\/p>\n<p>\t<strong>Zawarto\u015b\u0107 wilgoci w powietrzu zewn\u0119trznym <\/strong><br \/>\n\tZale\u017cnie od zawarto\u015bci wilgoci we wp\u0142ywaj\u0105cym powietrzu zewn\u0119trznym nast\u0119powa\u0107 mo\u017ce mniejszy lub wi\u0119kszy transport wilgoci z konstrukcji przy tej samej ilo\u015bci powietrza.<\/p>\n<p>\n\t<strong>Prowadzenie ci\u0105gu powietrza<\/strong><br \/>\n\tD\u0105\u017cy\u0107 nale\u017cy mo\u017cliwie do prostoliniowych dr&oacute;g powietrza bez dodatkowych utrudnie\u0144.<\/p>\n<p>\t<strong>Ogrzanie pr\u0105du powietrza przez reszt\u0119 ciep\u0142a z wn\u0119trza budynku<\/strong><br \/>\n\tWraz z popraw\u0105 jako\u015bci materia\u0142&oacute;w izolacyjnych, ich coraz wi\u0119kszych wymiarach oraz wynikaj\u0105cej z tego lepszej ochronie cieplnej, coraz mniej &bdquo;traconego ciep\u0142a&rdquo; dostaje si\u0119 do przestrzeni wentylacyjnej. W ten spos&oacute;b odpada faktor, kt&oacute;ry w przesz\u0142o\u015bci wspiera\u0142 termik\u0119 wentylacyjn\u0105.<\/p>\n<p>\n\t<strong>Wysoko\u015b\u0107 przestrzeni wentylacyjnej <\/strong><br \/>\n\tZale\u017cnie od nachylenia konstrukcji nale\u017cy utrzyma\u0107 minimalne wysoko\u015bci przestrzeni wentylacyjnej.<\/p>\n<p>\n\t<br \/>\n\t<strong>Tabela 1:<\/strong><\/p>\n<table border=\"1\" cellpadding=\"0\" cellspacing=\"0\" style=\"width: 600px\">\n<tbody>\n<tr>\n<td>\n\t\t\t\tNachylenie<\/td>\n<td>\n\t\t\t\tWolna wysoko\u015b\u0107 wentylowanej powierzchni<\/td>\n<td>\n\t\t\t\tWolny otw&oacute;r wlotu powietrza powierzchni dachu<\/td>\n<td>\n<p>\n\t\t\t\t\tPowierzchnia dachu<br \/>\n\t\t\t\t\tWolny otw&oacute;r wylotowy powietrza powierzchni dachu<\/p>\n<\/td>\n<\/tr>\n<tr>\n<td>\n\t\t\t\t&nbsp;<\/td>\n<td>\n\t\t\t\t&nbsp;<\/td>\n<td>\n\t\t\t\t&nbsp;<\/td>\n<td>\n\t\t\t\t&nbsp;<\/td>\n<\/tr>\n<tr>\n<td>\n\t\t\t\t&ge;3&deg; &le;20&deg;<\/td>\n<td>\n\t\t\t\t100 mm<\/td>\n<td>\n\t\t\t\t1\/500<\/td>\n<td>\n\t\t\t\t1\/400<\/td>\n<\/tr>\n<tr>\n<td>\n\t\t\t\t&gt;20&deg;<\/td>\n<td>\n\t\t\t\t50 mm<\/td>\n<td>\n\t\t\t\t1\/500<\/td>\n<td>\n\t\t\t\t1\/400<\/td>\n<\/tr>\n<tr>\n<td>\n\t\t\t\t&ge;3&deg; &le;10&deg;<\/td>\n<td>\n\t\t\t\t100 mm Querl&uuml;ftung<\/td>\n<td>\n\t\t\t\t&nbsp;<\/td>\n<td>\n\t\t\t\t&nbsp;<\/td>\n<\/tr>\n<tr>\n<td>\n\t\t\t\tFassade 90&deg;<\/td>\n<td>\n\t\t\t\t20 mm<\/td>\n<td>\n\t\t\t\t1\/1000<\/td>\n<td>\n\t\t\t\t1\/800<\/td>\n<\/tr>\n<\/tbody>\n<\/table>\n<p>\n\t&nbsp;<\/p>\n<p>\n\t<strong>D\u0142ugo\u015b\u0107 przestrzeni wentylacyjnej&nbsp; <\/strong><br \/>\n\tJe\u015bli d\u0142ugo\u015b\u0107 przestrzeni wentylacyjnejprzekraczaok. 15 m, pr\u0105d wentylacyjny w skutek tarcia z przyleg\u0142ymi warstwami element&oacute;w budowlanych mo\u017ce si\u0119 zatrzyma\u0107. Je\u015bli zaplanowano tak du\u017ce d\u0142ugo\u015bci krokwi, ca\u0142a d\u0142ugo\u015b\u0107 powinna zosta\u0107 podzielona w oddzielne odcinki z funkcj\u0105 wentylacyjn\u0105. Nadaj\u0105 si\u0119 do tego np. wentylowane uskoki po\u0142aciowe.<\/p>\n<p>\n\t<strong>Nachylenie konstrukcji <\/strong><br \/>\n\tJak przedstawiono w <em>Tabeli 1<\/em>, nachylenie dachu zaplanowanej konstrukcji ma decyduj\u0105cy wp\u0142yw na zapewnienie funkcji wentylacji. Dodatkowo nale\u017cy zwraca\u0107 uwag\u0119, by zmiany nachylenia przestrzeni wentylacyjnej uwzgl\u0119dnione zosta\u0142y w dzia\u0142aniach konstrukcyjnych.<\/p>\n<p>\n\t<strong>Otwory nawiewne i wywiewne<\/strong><br \/>\n\tOtwory wywiewne umie\u015bci\u0107 nale\u017cy odpowiednio w g&oacute;rnym a otwory nawiewne w dolnym punkcie ko\u0144cowym przestrzeni wentylacyjnej, by osi\u0105gn\u0105\u0107 mo\u017cliwie du\u017c\u0105, termicznie skuteczn\u0105 wysoko\u015b\u0107. Otwory powinny by\u0107 wykonane jako ci\u0105gn\u0105ce si\u0119 naci\u0119cia, gdy\u017c ca\u0142o\u015bciowe otwory przy identycznym przekroju poprzecznym wykazuj\u0105 gorsze dzia\u0142anie termiczne. Je\u015bli ze wzgl\u0119du na ochron\u0119 przed owadami lub \u015bniegiem stosuje si\u0119 kratki wentylacyjne, nale\u017cy uwzgl\u0119dni\u0107, by pozosta\u0142y wolny wentylacyjny przekr&oacute;j poprzeczny zachowa\u0142 wymagan\u0105 wielko\u015b\u0107. W innym przypadku wymiary rowk&oacute;w wentylacyjnych nale\u017cy zwi\u0119kszy\u0107.<\/p>\n","protected":false},"excerpt":{"rendered":"<p>Konstrukcje dachowe i \u015bcienne z przestrzeni\u0105 wentylacyjn\u0105 umiejscowion\u0105 poni\u017cej konstrukcji pokrycia, powinny odprowadza\u0107 powsta\u0142\u0105 w konstrukcji wilgo\u0107 poprzez dokonuj\u0105ce si\u0119 ruchy powietrza mi\u0119dzy otworami wlotowymi i wylotowymi. Celem zapewnienia bezpiecznej i niezawodnej funkcji wentylowanej konstrukcji, uwzgl\u0119dnione winny by\u0107 pewne za\u0142o\u017cenia: Wentylacja nie poprawi b\u0142\u0119d&oacute;w i niedoci\u0105gni\u0119\u0107 szczelno\u015bci powietrznej i wiatrowej ca\u0142ej konstrukcji. Nale\u017cy zamontowa\u0107 odpowiednie [&hellip;]<\/p>\n","protected":false},"author":9,"featured_media":0,"parent":0,"menu_order":680,"comment_status":"closed","ping_status":"closed","template":"template-import.php","meta":{"_acf_changed":false,"footnotes":""},"class_list":["post-30739","page","type-page","status-publish","hentry"],"acf":[],"yoast_head":"<!-- This site is optimized with the Yoast SEO plugin v26.8 - https:\/\/yoast.com\/product\/yoast-seo-wordpress\/ -->\n<title>Konstrukcja wentylowana \u2013 NedZink<\/title>\n<meta name=\"robots\" content=\"index, follow, max-snippet:-1, max-image-preview:large, max-video-preview:-1\" \/>\n<link rel=\"canonical\" href=\"https:\/\/www.nedzink.com\/pl\/konstrukcja-wentylowana\/\" \/>\n<meta property=\"og:locale\" content=\"pl_PL\" \/>\n<meta property=\"og:type\" content=\"article\" \/>\n<meta property=\"og:title\" content=\"Konstrukcja wentylowana \u2013 NedZink\" \/>\n<meta property=\"og:description\" content=\"Konstrukcje dachowe i \u015bcienne z przestrzeni\u0105 wentylacyjn\u0105 umiejscowion\u0105 poni\u017cej konstrukcji pokrycia, powinny odprowadza\u0107 powsta\u0142\u0105 w konstrukcji wilgo\u0107 poprzez dokonuj\u0105ce si\u0119 ruchy powietrza mi\u0119dzy otworami wlotowymi i wylotowymi. Celem zapewnienia bezpiecznej i niezawodnej funkcji wentylowanej konstrukcji, uwzgl\u0119dnione winny by\u0107 pewne za\u0142o\u017cenia: Wentylacja nie poprawi b\u0142\u0119d&oacute;w i niedoci\u0105gni\u0119\u0107 szczelno\u015bci powietrznej i wiatrowej ca\u0142ej konstrukcji. Nale\u017cy zamontowa\u0107 odpowiednie [&hellip;]\" \/>\n<meta property=\"og:url\" content=\"https:\/\/www.nedzink.com\/pl\/konstrukcja-wentylowana\/\" \/>\n<meta property=\"og:site_name\" content=\"NedZink\" \/>\n<meta name=\"twitter:card\" content=\"summary_large_image\" \/>\n<meta name=\"twitter:label1\" content=\"Szacowany czas czytania\" \/>\n\t<meta name=\"twitter:data1\" content=\"3 minuty\" \/>\n<script type=\"application\/ld+json\" class=\"yoast-schema-graph\">{\"@context\":\"https:\/\/schema.org\",\"@graph\":[{\"@type\":\"WebPage\",\"@id\":\"https:\/\/www.nedzink.com\/pl\/konstrukcja-wentylowana\/\",\"url\":\"https:\/\/www.nedzink.com\/pl\/konstrukcja-wentylowana\/\",\"name\":\"Konstrukcja wentylowana \u2013 NedZink\",\"isPartOf\":{\"@id\":\"https:\/\/www.nedzink.com\/pl\/#website\"},\"datePublished\":\"2019-06-04T12:54:24+00:00\",\"breadcrumb\":{\"@id\":\"https:\/\/www.nedzink.com\/pl\/konstrukcja-wentylowana\/#breadcrumb\"},\"inLanguage\":\"pl-PL\",\"potentialAction\":[{\"@type\":\"ReadAction\",\"target\":[\"https:\/\/www.nedzink.com\/pl\/konstrukcja-wentylowana\/\"]}]},{\"@type\":\"BreadcrumbList\",\"@id\":\"https:\/\/www.nedzink.com\/pl\/konstrukcja-wentylowana\/#breadcrumb\",\"itemListElement\":[{\"@type\":\"ListItem\",\"position\":1,\"name\":\"Home\",\"item\":\"https:\/\/www.nedzink.com\/pl\/\"},{\"@type\":\"ListItem\",\"position\":2,\"name\":\"Konstrukcja wentylowana\"}]},{\"@type\":\"WebSite\",\"@id\":\"https:\/\/www.nedzink.com\/pl\/#website\",\"url\":\"https:\/\/www.nedzink.com\/pl\/\",\"name\":\"NedZink\",\"description\":\"Zink fabrikant\",\"publisher\":{\"@id\":\"https:\/\/www.nedzink.com\/pl\/#organization\"},\"potentialAction\":[{\"@type\":\"SearchAction\",\"target\":{\"@type\":\"EntryPoint\",\"urlTemplate\":\"https:\/\/www.nedzink.com\/pl\/?s={search_term_string}\"},\"query-input\":{\"@type\":\"PropertyValueSpecification\",\"valueRequired\":true,\"valueName\":\"search_term_string\"}}],\"inLanguage\":\"pl-PL\"},{\"@type\":\"Organization\",\"@id\":\"https:\/\/www.nedzink.com\/pl\/#organization\",\"name\":\"NedZink\",\"url\":\"https:\/\/www.nedzink.com\/pl\/\",\"logo\":{\"@type\":\"ImageObject\",\"inLanguage\":\"pl-PL\",\"@id\":\"https:\/\/www.nedzink.com\/pl\/#\/schema\/logo\/image\/\",\"url\":\"https:\/\/www.nedzink.com\/wp-content\/uploads\/2019\/08\/logo-nedzink_fc_zk.jpg\",\"contentUrl\":\"https:\/\/www.nedzink.com\/wp-content\/uploads\/2019\/08\/logo-nedzink_fc_zk.jpg\",\"width\":2160,\"height\":688,\"caption\":\"NedZink\"},\"image\":{\"@id\":\"https:\/\/www.nedzink.com\/pl\/#\/schema\/logo\/image\/\"}}]}<\/script>\n<!-- \/ Yoast SEO plugin. -->","yoast_head_json":{"title":"Konstrukcja wentylowana \u2013 NedZink","robots":{"index":"index","follow":"follow","max-snippet":"max-snippet:-1","max-image-preview":"max-image-preview:large","max-video-preview":"max-video-preview:-1"},"canonical":"https:\/\/www.nedzink.com\/pl\/konstrukcja-wentylowana\/","og_locale":"pl_PL","og_type":"article","og_title":"Konstrukcja wentylowana \u2013 NedZink","og_description":"Konstrukcje dachowe i \u015bcienne z przestrzeni\u0105 wentylacyjn\u0105 umiejscowion\u0105 poni\u017cej konstrukcji pokrycia, powinny odprowadza\u0107 powsta\u0142\u0105 w konstrukcji wilgo\u0107 poprzez dokonuj\u0105ce si\u0119 ruchy powietrza mi\u0119dzy otworami wlotowymi i wylotowymi. Celem zapewnienia bezpiecznej i niezawodnej funkcji wentylowanej konstrukcji, uwzgl\u0119dnione winny by\u0107 pewne za\u0142o\u017cenia: Wentylacja nie poprawi b\u0142\u0119d&oacute;w i niedoci\u0105gni\u0119\u0107 szczelno\u015bci powietrznej i wiatrowej ca\u0142ej konstrukcji. Nale\u017cy zamontowa\u0107 odpowiednie [&hellip;]","og_url":"https:\/\/www.nedzink.com\/pl\/konstrukcja-wentylowana\/","og_site_name":"NedZink","twitter_card":"summary_large_image","twitter_misc":{"Szacowany czas czytania":"3 minuty"},"schema":{"@context":"https:\/\/schema.org","@graph":[{"@type":"WebPage","@id":"https:\/\/www.nedzink.com\/pl\/konstrukcja-wentylowana\/","url":"https:\/\/www.nedzink.com\/pl\/konstrukcja-wentylowana\/","name":"Konstrukcja wentylowana \u2013 NedZink","isPartOf":{"@id":"https:\/\/www.nedzink.com\/pl\/#website"},"datePublished":"2019-06-04T12:54:24+00:00","breadcrumb":{"@id":"https:\/\/www.nedzink.com\/pl\/konstrukcja-wentylowana\/#breadcrumb"},"inLanguage":"pl-PL","potentialAction":[{"@type":"ReadAction","target":["https:\/\/www.nedzink.com\/pl\/konstrukcja-wentylowana\/"]}]},{"@type":"BreadcrumbList","@id":"https:\/\/www.nedzink.com\/pl\/konstrukcja-wentylowana\/#breadcrumb","itemListElement":[{"@type":"ListItem","position":1,"name":"Home","item":"https:\/\/www.nedzink.com\/pl\/"},{"@type":"ListItem","position":2,"name":"Konstrukcja wentylowana"}]},{"@type":"WebSite","@id":"https:\/\/www.nedzink.com\/pl\/#website","url":"https:\/\/www.nedzink.com\/pl\/","name":"NedZink","description":"Zink fabrikant","publisher":{"@id":"https:\/\/www.nedzink.com\/pl\/#organization"},"potentialAction":[{"@type":"SearchAction","target":{"@type":"EntryPoint","urlTemplate":"https:\/\/www.nedzink.com\/pl\/?s={search_term_string}"},"query-input":{"@type":"PropertyValueSpecification","valueRequired":true,"valueName":"search_term_string"}}],"inLanguage":"pl-PL"},{"@type":"Organization","@id":"https:\/\/www.nedzink.com\/pl\/#organization","name":"NedZink","url":"https:\/\/www.nedzink.com\/pl\/","logo":{"@type":"ImageObject","inLanguage":"pl-PL","@id":"https:\/\/www.nedzink.com\/pl\/#\/schema\/logo\/image\/","url":"https:\/\/www.nedzink.com\/wp-content\/uploads\/2019\/08\/logo-nedzink_fc_zk.jpg","contentUrl":"https:\/\/www.nedzink.com\/wp-content\/uploads\/2019\/08\/logo-nedzink_fc_zk.jpg","width":2160,"height":688,"caption":"NedZink"},"image":{"@id":"https:\/\/www.nedzink.com\/pl\/#\/schema\/logo\/image\/"}}]}},"_links":{"self":[{"href":"https:\/\/www.nedzink.com\/pl\/wp-json\/wp\/v2\/pages\/30739","targetHints":{"allow":["GET"]}}],"collection":[{"href":"https:\/\/www.nedzink.com\/pl\/wp-json\/wp\/v2\/pages"}],"about":[{"href":"https:\/\/www.nedzink.com\/pl\/wp-json\/wp\/v2\/types\/page"}],"author":[{"embeddable":true,"href":"https:\/\/www.nedzink.com\/pl\/wp-json\/wp\/v2\/users\/9"}],"replies":[{"embeddable":true,"href":"https:\/\/www.nedzink.com\/pl\/wp-json\/wp\/v2\/comments?post=30739"}],"version-history":[{"count":0,"href":"https:\/\/www.nedzink.com\/pl\/wp-json\/wp\/v2\/pages\/30739\/revisions"}],"wp:attachment":[{"href":"https:\/\/www.nedzink.com\/pl\/wp-json\/wp\/v2\/media?parent=30739"}],"curies":[{"name":"wp","href":"https:\/\/api.w.org\/{rel}","templated":true}]}}