{"id":30729,"date":"2019-06-04T14:54:21","date_gmt":"2019-06-04T12:54:21","guid":{"rendered":"http:\/\/136.144.181.85\/~nedzink\/informacje-techniczne\/fizyka-budowlana\/dyfuzja-pary\/"},"modified":"2019-06-04T14:54:21","modified_gmt":"2019-06-04T12:54:21","slug":"dyfuzja-pary","status":"publish","type":"page","link":"https:\/\/www.nedzink.com\/pl\/dyfuzja-pary\/","title":{"rendered":"Dyfuzja pary"},"content":{"rendered":"<p>\n\tIstniej\u0105ce r&oacute;\u017cnice temperatur w konstrukcjach dachowych i \u015bciennych ze spadkami temperatur odpowiednio:<\/p>\n<ul>\n<li>\n\t\tw lecie: z zewn\u0105trz do wewn\u0105trz<\/li>\n<li>\n\t\tw zimie: od wewn\u0105trz na zewn\u0105trz<\/li>\n<\/ul>\n<p>\n\tpowoduj\u0105 samoczynne d\u0105\u017cenie do wyr&oacute;wnywania temperatury od wy\u017cszego do ni\u017cszego poziomu.<\/p>\n<p>\tW \u015brodkowej Europie oznacza to, \u017ce w wi\u0119kszo\u015bci miesi\u0119cy w roku ciep\u0142o odp\u0142ywa z wn\u0119trz budynk&oacute;w na zewn\u0105trz.<\/p>\n<p>\n\tMateria\u0142y budowlane sk\u0142adaj\u0105ce si\u0119 na warstwy budowlane konstrukcji dachowej lub \u015bciennej stanowi\u0105 dla tego odp\u0142ywu energii w formie ciep\u0142a i dyfuzji powietrza oraz wilgoci r&oacute;\u017cne opory. Odp\u0142yw ciep\u0142a podawany jest warto\u015bci\u0105 wyliczeniow\u0105 &lambda;&lambda; (W\/m x K). Oznacza on ilo\u015b\u0107 ciep\u0142a, kt&oacute;ra przep\u0142ywa w ci\u0105gu godziny przez 1 m&sup2; warstwy materia\u0142u o grubo\u015bci 1m, gdy r&oacute;\u017cnica temperatur mi\u0119dzy oboma powierzchniami wynosi 1 &ordm;K. Szczeg&oacute;\u0142owe dane zawiera norma DIN 4108 i rozporz\u0105dzenie o oszcz\u0119dzaniu energii w aktualnie obowi\u0105zuj\u0105cej formie.<\/p>\n<p>\tTowarzysz\u0105co do opisanego przej\u015bcia ciep\u0142a przez elementy budowlane dokonuje si\u0119 dyfuzja powietrza i wilgoci, je\u015bli nie zapobiegnie si\u0119 jej poprzez dzia\u0142ania konstrukcyjne. Przez fakt, \u017ce powietrze zale\u017cnie od temperatury zawiera\u0107 i transportowa\u0107 mo\u017ce wi\u0119cej lub mniej wilgoci w formie pary wodnej, wyst\u0119puje w naszych budynkach przez wi\u0119ksz\u0105 cz\u0119\u015b\u0107 roku fenomen wy\u017cszej temperatury wn\u0119trz z wy\u017cszym ci\u015bnieniem pary wodnej oraz ni\u017cszej temperatury zewn\u0119trznej z ni\u017cszym ci\u015bnieniem pary wodnej na zewn\u0105trz. Ta r&oacute;\u017cnica ci\u015bnie\u0144 wyzwala samoczynne d\u0105\u017cenie do wyr&oacute;wnywania si\u0119 z wn\u0119trza na zewn\u0105trz podobnie jak ma to miejsce w przypadku temperatury. Do przej\u015bcie dyfuzyjne wody w formie gazowej przez warstwy budowlane daje zagro\u017cenie zbyt mocnego wych\u0142odzenia si\u0119 w zewn\u0119trznych warstwach budowlanych \u015brodka transportu, kt&oacute;rym jest powietrze. Poci\u0105ga to za sob\u0105 wydzielanie si\u0119 rosy wodnej oraz zawilgocenia cz\u0119\u015bci budowli. Problematyk\u0119 nale\u017cy podejmowa\u0107 poprzez odpowiednie konstruktywne rozwi\u0105zania. Szczeg&oacute;\u0142owe dane zawarte s\u0105 w normie DIN 4108 oraz w rozporz\u0105dzeniu o oszcz\u0119dzaniu energii w aktualnie obowi\u0105zuj\u0105cej formie.<\/p>\n","protected":false},"excerpt":{"rendered":"<p>Istniej\u0105ce r&oacute;\u017cnice temperatur w konstrukcjach dachowych i \u015bciennych ze spadkami temperatur odpowiednio: w lecie: z zewn\u0105trz do wewn\u0105trz w zimie: od wewn\u0105trz na zewn\u0105trz powoduj\u0105 samoczynne d\u0105\u017cenie do wyr&oacute;wnywania temperatury od wy\u017cszego do ni\u017cszego poziomu. W \u015brodkowej Europie oznacza to, \u017ce w wi\u0119kszo\u015bci miesi\u0119cy w roku ciep\u0142o odp\u0142ywa z wn\u0119trz budynk&oacute;w na zewn\u0105trz. Materia\u0142y budowlane [&hellip;]<\/p>\n","protected":false},"author":9,"featured_media":0,"parent":0,"menu_order":670,"comment_status":"closed","ping_status":"closed","template":"template-import.php","meta":{"_acf_changed":false,"footnotes":""},"class_list":["post-30729","page","type-page","status-publish","hentry"],"acf":[],"yoast_head":"<!-- This site is optimized with the Yoast SEO plugin v26.8 - https:\/\/yoast.com\/product\/yoast-seo-wordpress\/ -->\n<title>Dyfuzja pary &#8211; NedZink<\/title>\n<meta name=\"robots\" content=\"index, follow, max-snippet:-1, max-image-preview:large, max-video-preview:-1\" \/>\n<link rel=\"canonical\" href=\"https:\/\/www.nedzink.com\/pl\/dyfuzja-pary\/\" \/>\n<meta property=\"og:locale\" content=\"pl_PL\" \/>\n<meta property=\"og:type\" content=\"article\" \/>\n<meta property=\"og:title\" content=\"Dyfuzja pary &#8211; NedZink\" \/>\n<meta property=\"og:description\" content=\"Istniej\u0105ce r&oacute;\u017cnice temperatur w konstrukcjach dachowych i \u015bciennych ze spadkami temperatur odpowiednio: w lecie: z zewn\u0105trz do wewn\u0105trz w zimie: od wewn\u0105trz na zewn\u0105trz powoduj\u0105 samoczynne d\u0105\u017cenie do wyr&oacute;wnywania temperatury od wy\u017cszego do ni\u017cszego poziomu. W \u015brodkowej Europie oznacza to, \u017ce w wi\u0119kszo\u015bci miesi\u0119cy w roku ciep\u0142o odp\u0142ywa z wn\u0119trz budynk&oacute;w na zewn\u0105trz. Materia\u0142y budowlane [&hellip;]\" \/>\n<meta property=\"og:url\" content=\"https:\/\/www.nedzink.com\/pl\/dyfuzja-pary\/\" \/>\n<meta property=\"og:site_name\" content=\"NedZink\" \/>\n<meta name=\"twitter:card\" content=\"summary_large_image\" \/>\n<meta name=\"twitter:label1\" content=\"Szacowany czas czytania\" \/>\n\t<meta name=\"twitter:data1\" content=\"2 minuty\" \/>\n<script type=\"application\/ld+json\" class=\"yoast-schema-graph\">{\"@context\":\"https:\/\/schema.org\",\"@graph\":[{\"@type\":\"WebPage\",\"@id\":\"https:\/\/www.nedzink.com\/pl\/dyfuzja-pary\/\",\"url\":\"https:\/\/www.nedzink.com\/pl\/dyfuzja-pary\/\",\"name\":\"Dyfuzja pary &#8211; NedZink\",\"isPartOf\":{\"@id\":\"https:\/\/www.nedzink.com\/pl\/#website\"},\"datePublished\":\"2019-06-04T12:54:21+00:00\",\"breadcrumb\":{\"@id\":\"https:\/\/www.nedzink.com\/pl\/dyfuzja-pary\/#breadcrumb\"},\"inLanguage\":\"pl-PL\",\"potentialAction\":[{\"@type\":\"ReadAction\",\"target\":[\"https:\/\/www.nedzink.com\/pl\/dyfuzja-pary\/\"]}]},{\"@type\":\"BreadcrumbList\",\"@id\":\"https:\/\/www.nedzink.com\/pl\/dyfuzja-pary\/#breadcrumb\",\"itemListElement\":[{\"@type\":\"ListItem\",\"position\":1,\"name\":\"Home\",\"item\":\"https:\/\/www.nedzink.com\/pl\/\"},{\"@type\":\"ListItem\",\"position\":2,\"name\":\"Dyfuzja pary\"}]},{\"@type\":\"WebSite\",\"@id\":\"https:\/\/www.nedzink.com\/pl\/#website\",\"url\":\"https:\/\/www.nedzink.com\/pl\/\",\"name\":\"NedZink\",\"description\":\"Zink fabrikant\",\"publisher\":{\"@id\":\"https:\/\/www.nedzink.com\/pl\/#organization\"},\"potentialAction\":[{\"@type\":\"SearchAction\",\"target\":{\"@type\":\"EntryPoint\",\"urlTemplate\":\"https:\/\/www.nedzink.com\/pl\/?s={search_term_string}\"},\"query-input\":{\"@type\":\"PropertyValueSpecification\",\"valueRequired\":true,\"valueName\":\"search_term_string\"}}],\"inLanguage\":\"pl-PL\"},{\"@type\":\"Organization\",\"@id\":\"https:\/\/www.nedzink.com\/pl\/#organization\",\"name\":\"NedZink\",\"url\":\"https:\/\/www.nedzink.com\/pl\/\",\"logo\":{\"@type\":\"ImageObject\",\"inLanguage\":\"pl-PL\",\"@id\":\"https:\/\/www.nedzink.com\/pl\/#\/schema\/logo\/image\/\",\"url\":\"https:\/\/www.nedzink.com\/wp-content\/uploads\/2019\/08\/logo-nedzink_fc_zk.jpg\",\"contentUrl\":\"https:\/\/www.nedzink.com\/wp-content\/uploads\/2019\/08\/logo-nedzink_fc_zk.jpg\",\"width\":2160,\"height\":688,\"caption\":\"NedZink\"},\"image\":{\"@id\":\"https:\/\/www.nedzink.com\/pl\/#\/schema\/logo\/image\/\"}}]}<\/script>\n<!-- \/ Yoast SEO plugin. -->","yoast_head_json":{"title":"Dyfuzja pary &#8211; NedZink","robots":{"index":"index","follow":"follow","max-snippet":"max-snippet:-1","max-image-preview":"max-image-preview:large","max-video-preview":"max-video-preview:-1"},"canonical":"https:\/\/www.nedzink.com\/pl\/dyfuzja-pary\/","og_locale":"pl_PL","og_type":"article","og_title":"Dyfuzja pary &#8211; NedZink","og_description":"Istniej\u0105ce r&oacute;\u017cnice temperatur w konstrukcjach dachowych i \u015bciennych ze spadkami temperatur odpowiednio: w lecie: z zewn\u0105trz do wewn\u0105trz w zimie: od wewn\u0105trz na zewn\u0105trz powoduj\u0105 samoczynne d\u0105\u017cenie do wyr&oacute;wnywania temperatury od wy\u017cszego do ni\u017cszego poziomu. W \u015brodkowej Europie oznacza to, \u017ce w wi\u0119kszo\u015bci miesi\u0119cy w roku ciep\u0142o odp\u0142ywa z wn\u0119trz budynk&oacute;w na zewn\u0105trz. Materia\u0142y budowlane [&hellip;]","og_url":"https:\/\/www.nedzink.com\/pl\/dyfuzja-pary\/","og_site_name":"NedZink","twitter_card":"summary_large_image","twitter_misc":{"Szacowany czas czytania":"2 minuty"},"schema":{"@context":"https:\/\/schema.org","@graph":[{"@type":"WebPage","@id":"https:\/\/www.nedzink.com\/pl\/dyfuzja-pary\/","url":"https:\/\/www.nedzink.com\/pl\/dyfuzja-pary\/","name":"Dyfuzja pary &#8211; NedZink","isPartOf":{"@id":"https:\/\/www.nedzink.com\/pl\/#website"},"datePublished":"2019-06-04T12:54:21+00:00","breadcrumb":{"@id":"https:\/\/www.nedzink.com\/pl\/dyfuzja-pary\/#breadcrumb"},"inLanguage":"pl-PL","potentialAction":[{"@type":"ReadAction","target":["https:\/\/www.nedzink.com\/pl\/dyfuzja-pary\/"]}]},{"@type":"BreadcrumbList","@id":"https:\/\/www.nedzink.com\/pl\/dyfuzja-pary\/#breadcrumb","itemListElement":[{"@type":"ListItem","position":1,"name":"Home","item":"https:\/\/www.nedzink.com\/pl\/"},{"@type":"ListItem","position":2,"name":"Dyfuzja pary"}]},{"@type":"WebSite","@id":"https:\/\/www.nedzink.com\/pl\/#website","url":"https:\/\/www.nedzink.com\/pl\/","name":"NedZink","description":"Zink fabrikant","publisher":{"@id":"https:\/\/www.nedzink.com\/pl\/#organization"},"potentialAction":[{"@type":"SearchAction","target":{"@type":"EntryPoint","urlTemplate":"https:\/\/www.nedzink.com\/pl\/?s={search_term_string}"},"query-input":{"@type":"PropertyValueSpecification","valueRequired":true,"valueName":"search_term_string"}}],"inLanguage":"pl-PL"},{"@type":"Organization","@id":"https:\/\/www.nedzink.com\/pl\/#organization","name":"NedZink","url":"https:\/\/www.nedzink.com\/pl\/","logo":{"@type":"ImageObject","inLanguage":"pl-PL","@id":"https:\/\/www.nedzink.com\/pl\/#\/schema\/logo\/image\/","url":"https:\/\/www.nedzink.com\/wp-content\/uploads\/2019\/08\/logo-nedzink_fc_zk.jpg","contentUrl":"https:\/\/www.nedzink.com\/wp-content\/uploads\/2019\/08\/logo-nedzink_fc_zk.jpg","width":2160,"height":688,"caption":"NedZink"},"image":{"@id":"https:\/\/www.nedzink.com\/pl\/#\/schema\/logo\/image\/"}}]}},"_links":{"self":[{"href":"https:\/\/www.nedzink.com\/pl\/wp-json\/wp\/v2\/pages\/30729","targetHints":{"allow":["GET"]}}],"collection":[{"href":"https:\/\/www.nedzink.com\/pl\/wp-json\/wp\/v2\/pages"}],"about":[{"href":"https:\/\/www.nedzink.com\/pl\/wp-json\/wp\/v2\/types\/page"}],"author":[{"embeddable":true,"href":"https:\/\/www.nedzink.com\/pl\/wp-json\/wp\/v2\/users\/9"}],"replies":[{"embeddable":true,"href":"https:\/\/www.nedzink.com\/pl\/wp-json\/wp\/v2\/comments?post=30729"}],"version-history":[{"count":0,"href":"https:\/\/www.nedzink.com\/pl\/wp-json\/wp\/v2\/pages\/30729\/revisions"}],"wp:attachment":[{"href":"https:\/\/www.nedzink.com\/pl\/wp-json\/wp\/v2\/media?parent=30729"}],"curies":[{"name":"wp","href":"https:\/\/api.w.org\/{rel}","templated":true}]}}