{"id":30699,"date":"2019-06-04T14:54:14","date_gmt":"2019-06-04T12:54:14","guid":{"rendered":"http:\/\/136.144.181.85\/~nedzink\/informacje-techniczne\/wytyczne-przetwarzania-i-montazu\/narzedzia-i-maszyny\/maszyny\/"},"modified":"2019-06-04T14:54:14","modified_gmt":"2019-06-04T12:54:14","slug":"maszyny","status":"publish","type":"page","link":"https:\/\/www.nedzink.com\/pl\/maszyny\/","title":{"rendered":"Maszyny"},"content":{"rendered":"<p>\n\tZastosowanie maszyn zaczyna si\u0119 od elektronicznych urz\u0105dze\u0144 r\u0119cznych w formie no\u017cycy do blachy, wykrawarek i automat&oacute;w do zamykania falc&oacute;w i r\u0105bka, kt&oacute;re znacz\u0105co u\u0142atwiaj\u0105 prac\u0119 rzemie\u015blnika szczeg&oacute;lnie przy wi\u0119kszych powierzchniach.<\/p>\n<p>\n\tNajpopularniejsze maszyny, posortowane wg. r&oacute;\u017cnorodnych zastosowa\u0144, przedstawiamy poni\u017cej:<\/p>\n<p>\n\tPrzygotowanie kr\u0119g&oacute;w<\/p>\n<ul>\n<li>\n\t\tW&oacute;zek\/Odwijarka kr\u0119g&oacute;w z r\u0119cznym odcinaniem a\u017c do w pe\u0142ni automatycznych urz\u0105dze\u0144 do kr\u0119g&oacute;w<\/li>\n<\/ul>\n<p>\n\tCi\u0119cie i oddzielanie<\/p>\n<ul>\n<li>\n\t\telektroniczne no\u017cyce do blachy m.in. tak\u017ce do u\u017cycia na budowie<\/li>\n<li>\n\t\tmobilne r\u0119czne wykrawarki i niblownice dla dowolnych wyci\u0119\u0107 w blasze<\/li>\n<li>\n\t\tno\u017cyce<\/li>\n<li>\n\t\tgilotyny o d\u0142ugo\u015bciach a\u017c do ok. 12m<\/li>\n<li>\n\t\tmaszyny do ci\u0119cia poprzecznego ta\u015bm w kr\u0119gach<\/li>\n<li>\n\t\tpi\u0142y r\u0119czne do metalu dla np. fabrykowanych profili, rur spustowych i rynien dachowych<\/li>\n<li>\n\t\tci\u0119cie technik\u0105 laserow\u0105<\/li>\n<\/ul>\n<p>\n\tFormowanie przez kantowanie, gi\u0119cie i profilowanie<br \/>\n\t(przy formowaniu nale\u017cy uwa\u017ca\u0107 na minimalny promie\u0144 gi\u0119cia wynosz\u0105cy 2,0 mm, jak r&oacute;wnie\u017c na minimaln\u0105 temperatur\u0119 metalu wynosz\u0105c\u0105 10&deg;C!)<\/p>\n<ul>\n<li>\n\t\tPrasy i sto\u0142y kraw\u0119dziowe o szeroko\u015bciach pracy 1,0 &ndash; 12 m. Zawieraj\u0105 one zar&oacute;wno ma\u0142e sto\u0142y segmentowe do gi\u0119cia, jak r&oacute;wnie\u017c w pe\u0142ni automatyczne centra gn\u0105ce.<\/li>\n<li>\n\t\tProfilarki do produkcji szar falcowanych, profili budowlanych oraz system&oacute;w panelowych&nbsp;<\/li>\n<li>\n\t\tMaszyny do walcowania do dodatkowego zaokr\u0105glania wst\u0119pnie wyprofilowanych szar na r\u0105bek<\/li>\n<li>\n\t\tAutomaty odczepiaj\u0105ce przygotowuj\u0105ce poprzez kolejne kroki <em>odczepienie &ndash; posuw do przodu &ndash; wygi\u0119cie zwrotne<\/em> zako\u0144czenie r\u0105bka w wst\u0119pnie wyprofilowanych szarach falcowych (na r\u0105bek)<\/li>\n<li>\n\t\tUrz\u0105dzenia rozci\u0105gaj\u0105ce, sp\u0119czaj\u0105ce oraz \u015bciskaj\u0105ce do stworzenia promieni<\/li>\n<li>\n\t\tMaszyny zamykaj\u0105ce r\u0105bek do tworzenia po\u0142\u0105cze\u0144 r\u0105bkowych (r\u0105bek stoj\u0105cy oraz podw&oacute;jny r\u0105bek stoj\u0105cy)<\/li>\n<\/ul>\n","protected":false},"excerpt":{"rendered":"<p>Zastosowanie maszyn zaczyna si\u0119 od elektronicznych urz\u0105dze\u0144 r\u0119cznych w formie no\u017cycy do blachy, wykrawarek i automat&oacute;w do zamykania falc&oacute;w i r\u0105bka, kt&oacute;re znacz\u0105co u\u0142atwiaj\u0105 prac\u0119 rzemie\u015blnika szczeg&oacute;lnie przy wi\u0119kszych powierzchniach. Najpopularniejsze maszyny, posortowane wg. r&oacute;\u017cnorodnych zastosowa\u0144, przedstawiamy poni\u017cej: Przygotowanie kr\u0119g&oacute;w W&oacute;zek\/Odwijarka kr\u0119g&oacute;w z r\u0119cznym odcinaniem a\u017c do w pe\u0142ni automatycznych urz\u0105dze\u0144 do kr\u0119g&oacute;w Ci\u0119cie i [&hellip;]<\/p>\n","protected":false},"author":9,"featured_media":0,"parent":0,"menu_order":640,"comment_status":"closed","ping_status":"closed","template":"template-import.php","meta":{"_acf_changed":false,"footnotes":""},"class_list":["post-30699","page","type-page","status-publish","hentry"],"acf":[],"yoast_head":"<!-- This site is optimized with the Yoast SEO plugin v26.8 - https:\/\/yoast.com\/product\/yoast-seo-wordpress\/ -->\n<title>Maszyny \u2013 NedZink<\/title>\n<meta name=\"robots\" content=\"index, follow, max-snippet:-1, max-image-preview:large, max-video-preview:-1\" \/>\n<link rel=\"canonical\" href=\"https:\/\/www.nedzink.com\/pl\/maszyny\/\" \/>\n<meta property=\"og:locale\" content=\"pl_PL\" \/>\n<meta property=\"og:type\" content=\"article\" \/>\n<meta property=\"og:title\" content=\"Maszyny \u2013 NedZink\" \/>\n<meta property=\"og:description\" content=\"Zastosowanie maszyn zaczyna si\u0119 od elektronicznych urz\u0105dze\u0144 r\u0119cznych w formie no\u017cycy do blachy, wykrawarek i automat&oacute;w do zamykania falc&oacute;w i r\u0105bka, kt&oacute;re znacz\u0105co u\u0142atwiaj\u0105 prac\u0119 rzemie\u015blnika szczeg&oacute;lnie przy wi\u0119kszych powierzchniach. Najpopularniejsze maszyny, posortowane wg. r&oacute;\u017cnorodnych zastosowa\u0144, przedstawiamy poni\u017cej: Przygotowanie kr\u0119g&oacute;w W&oacute;zek\/Odwijarka kr\u0119g&oacute;w z r\u0119cznym odcinaniem a\u017c do w pe\u0142ni automatycznych urz\u0105dze\u0144 do kr\u0119g&oacute;w Ci\u0119cie i [&hellip;]\" \/>\n<meta property=\"og:url\" content=\"https:\/\/www.nedzink.com\/pl\/maszyny\/\" \/>\n<meta property=\"og:site_name\" content=\"NedZink\" \/>\n<meta name=\"twitter:card\" content=\"summary_large_image\" \/>\n<meta name=\"twitter:label1\" content=\"Szacowany czas czytania\" \/>\n\t<meta name=\"twitter:data1\" content=\"2 minuty\" \/>\n<script type=\"application\/ld+json\" class=\"yoast-schema-graph\">{\"@context\":\"https:\/\/schema.org\",\"@graph\":[{\"@type\":\"WebPage\",\"@id\":\"https:\/\/www.nedzink.com\/pl\/maszyny\/\",\"url\":\"https:\/\/www.nedzink.com\/pl\/maszyny\/\",\"name\":\"Maszyny \u2013 NedZink\",\"isPartOf\":{\"@id\":\"https:\/\/www.nedzink.com\/pl\/#website\"},\"datePublished\":\"2019-06-04T12:54:14+00:00\",\"breadcrumb\":{\"@id\":\"https:\/\/www.nedzink.com\/pl\/maszyny\/#breadcrumb\"},\"inLanguage\":\"pl-PL\",\"potentialAction\":[{\"@type\":\"ReadAction\",\"target\":[\"https:\/\/www.nedzink.com\/pl\/maszyny\/\"]}]},{\"@type\":\"BreadcrumbList\",\"@id\":\"https:\/\/www.nedzink.com\/pl\/maszyny\/#breadcrumb\",\"itemListElement\":[{\"@type\":\"ListItem\",\"position\":1,\"name\":\"Home\",\"item\":\"https:\/\/www.nedzink.com\/pl\/\"},{\"@type\":\"ListItem\",\"position\":2,\"name\":\"Maszyny\"}]},{\"@type\":\"WebSite\",\"@id\":\"https:\/\/www.nedzink.com\/pl\/#website\",\"url\":\"https:\/\/www.nedzink.com\/pl\/\",\"name\":\"NedZink\",\"description\":\"Zink fabrikant\",\"publisher\":{\"@id\":\"https:\/\/www.nedzink.com\/pl\/#organization\"},\"potentialAction\":[{\"@type\":\"SearchAction\",\"target\":{\"@type\":\"EntryPoint\",\"urlTemplate\":\"https:\/\/www.nedzink.com\/pl\/?s={search_term_string}\"},\"query-input\":{\"@type\":\"PropertyValueSpecification\",\"valueRequired\":true,\"valueName\":\"search_term_string\"}}],\"inLanguage\":\"pl-PL\"},{\"@type\":\"Organization\",\"@id\":\"https:\/\/www.nedzink.com\/pl\/#organization\",\"name\":\"NedZink\",\"url\":\"https:\/\/www.nedzink.com\/pl\/\",\"logo\":{\"@type\":\"ImageObject\",\"inLanguage\":\"pl-PL\",\"@id\":\"https:\/\/www.nedzink.com\/pl\/#\/schema\/logo\/image\/\",\"url\":\"https:\/\/www.nedzink.com\/wp-content\/uploads\/2019\/08\/logo-nedzink_fc_zk.jpg\",\"contentUrl\":\"https:\/\/www.nedzink.com\/wp-content\/uploads\/2019\/08\/logo-nedzink_fc_zk.jpg\",\"width\":2160,\"height\":688,\"caption\":\"NedZink\"},\"image\":{\"@id\":\"https:\/\/www.nedzink.com\/pl\/#\/schema\/logo\/image\/\"}}]}<\/script>\n<!-- \/ Yoast SEO plugin. -->","yoast_head_json":{"title":"Maszyny \u2013 NedZink","robots":{"index":"index","follow":"follow","max-snippet":"max-snippet:-1","max-image-preview":"max-image-preview:large","max-video-preview":"max-video-preview:-1"},"canonical":"https:\/\/www.nedzink.com\/pl\/maszyny\/","og_locale":"pl_PL","og_type":"article","og_title":"Maszyny \u2013 NedZink","og_description":"Zastosowanie maszyn zaczyna si\u0119 od elektronicznych urz\u0105dze\u0144 r\u0119cznych w formie no\u017cycy do blachy, wykrawarek i automat&oacute;w do zamykania falc&oacute;w i r\u0105bka, kt&oacute;re znacz\u0105co u\u0142atwiaj\u0105 prac\u0119 rzemie\u015blnika szczeg&oacute;lnie przy wi\u0119kszych powierzchniach. Najpopularniejsze maszyny, posortowane wg. r&oacute;\u017cnorodnych zastosowa\u0144, przedstawiamy poni\u017cej: Przygotowanie kr\u0119g&oacute;w W&oacute;zek\/Odwijarka kr\u0119g&oacute;w z r\u0119cznym odcinaniem a\u017c do w pe\u0142ni automatycznych urz\u0105dze\u0144 do kr\u0119g&oacute;w Ci\u0119cie i [&hellip;]","og_url":"https:\/\/www.nedzink.com\/pl\/maszyny\/","og_site_name":"NedZink","twitter_card":"summary_large_image","twitter_misc":{"Szacowany czas czytania":"2 minuty"},"schema":{"@context":"https:\/\/schema.org","@graph":[{"@type":"WebPage","@id":"https:\/\/www.nedzink.com\/pl\/maszyny\/","url":"https:\/\/www.nedzink.com\/pl\/maszyny\/","name":"Maszyny \u2013 NedZink","isPartOf":{"@id":"https:\/\/www.nedzink.com\/pl\/#website"},"datePublished":"2019-06-04T12:54:14+00:00","breadcrumb":{"@id":"https:\/\/www.nedzink.com\/pl\/maszyny\/#breadcrumb"},"inLanguage":"pl-PL","potentialAction":[{"@type":"ReadAction","target":["https:\/\/www.nedzink.com\/pl\/maszyny\/"]}]},{"@type":"BreadcrumbList","@id":"https:\/\/www.nedzink.com\/pl\/maszyny\/#breadcrumb","itemListElement":[{"@type":"ListItem","position":1,"name":"Home","item":"https:\/\/www.nedzink.com\/pl\/"},{"@type":"ListItem","position":2,"name":"Maszyny"}]},{"@type":"WebSite","@id":"https:\/\/www.nedzink.com\/pl\/#website","url":"https:\/\/www.nedzink.com\/pl\/","name":"NedZink","description":"Zink fabrikant","publisher":{"@id":"https:\/\/www.nedzink.com\/pl\/#organization"},"potentialAction":[{"@type":"SearchAction","target":{"@type":"EntryPoint","urlTemplate":"https:\/\/www.nedzink.com\/pl\/?s={search_term_string}"},"query-input":{"@type":"PropertyValueSpecification","valueRequired":true,"valueName":"search_term_string"}}],"inLanguage":"pl-PL"},{"@type":"Organization","@id":"https:\/\/www.nedzink.com\/pl\/#organization","name":"NedZink","url":"https:\/\/www.nedzink.com\/pl\/","logo":{"@type":"ImageObject","inLanguage":"pl-PL","@id":"https:\/\/www.nedzink.com\/pl\/#\/schema\/logo\/image\/","url":"https:\/\/www.nedzink.com\/wp-content\/uploads\/2019\/08\/logo-nedzink_fc_zk.jpg","contentUrl":"https:\/\/www.nedzink.com\/wp-content\/uploads\/2019\/08\/logo-nedzink_fc_zk.jpg","width":2160,"height":688,"caption":"NedZink"},"image":{"@id":"https:\/\/www.nedzink.com\/pl\/#\/schema\/logo\/image\/"}}]}},"_links":{"self":[{"href":"https:\/\/www.nedzink.com\/pl\/wp-json\/wp\/v2\/pages\/30699","targetHints":{"allow":["GET"]}}],"collection":[{"href":"https:\/\/www.nedzink.com\/pl\/wp-json\/wp\/v2\/pages"}],"about":[{"href":"https:\/\/www.nedzink.com\/pl\/wp-json\/wp\/v2\/types\/page"}],"author":[{"embeddable":true,"href":"https:\/\/www.nedzink.com\/pl\/wp-json\/wp\/v2\/users\/9"}],"replies":[{"embeddable":true,"href":"https:\/\/www.nedzink.com\/pl\/wp-json\/wp\/v2\/comments?post=30699"}],"version-history":[{"count":0,"href":"https:\/\/www.nedzink.com\/pl\/wp-json\/wp\/v2\/pages\/30699\/revisions"}],"wp:attachment":[{"href":"https:\/\/www.nedzink.com\/pl\/wp-json\/wp\/v2\/media?parent=30699"}],"curies":[{"name":"wp","href":"https:\/\/api.w.org\/{rel}","templated":true}]}}