{"id":30689,"date":"2019-06-04T14:54:11","date_gmt":"2019-06-04T12:54:11","guid":{"rendered":"http:\/\/136.144.181.85\/~nedzink\/informacje-techniczne\/wytyczne-przetwarzania-i-montazu\/narzedzia-i-maszyny\/narzedzia\/"},"modified":"2019-06-04T14:54:11","modified_gmt":"2019-06-04T12:54:11","slug":"narzedzia","status":"publish","type":"page","link":"https:\/\/www.nedzink.com\/pl\/narzedzia\/","title":{"rendered":"Narz\u0119dzia"},"content":{"rendered":"<div class=\"contentStyle\" style=\"margin: 10px 0px 10px 0px;\">\n<p>\n\t\tR&oacute;wnie\u017c dzi\u015b jeszcze w szczeg&oacute;lnie wa\u017cnym, rzemie\u015blniczym przetw&oacute;rstwie tytan-cynku na budowie, stosuje si\u0119 narz\u0119dzia wywodz\u0105ce si\u0119 z tradycji.<\/p>\n<p>\n\t\tNale\u017c\u0105 do nich klasyczne no\u017cyce do blach odpowiednie dla r&oacute;\u017cnych potrzeb:<\/p>\n<p align=\"center\">\n\t\t&nbsp;<\/p>\n<table align=\"middle\" border=\"0\" cellpadding=\"1\" cellspacing=\"1\" style=\"WIDTH: 600px\">\n<tbody>\n<tr>\n<td>\n<p align=\"center\">\n\t\t\t\t\t\t<strong>No\u017cyce proste<\/strong><\/p>\n<\/td>\n<td>\n<p align=\"center\">\n\t\t\t\t\t\t<strong>No\u017cyce do ci\u0119cia przelotowego<\/strong><\/p>\n<\/td>\n<td>\n<p align=\"center\">\n\t\t\t\t\t\t<strong>No\u017cyce do ci\u0119cia otwor&oacute;w okr\u0105g\u0142ych<\/strong><\/p>\n<\/td>\n<td>\n<p align=\"center\">\n\t\t\t\t\t\t<strong>No\u017cyce k\u0105towe<\/strong><\/p>\n<\/td>\n<td>\n<p align=\"center\">\n\t\t\t\t\t\t<strong>No\u017cyce figurowe<\/strong><\/p>\n<\/td>\n<\/tr>\n<tr>\n<td>\n\t\t\t\t\t<img decoding=\"async\" alt=\"\" src=\"https:\/\/www.nedzink.com\/wp-content\/uploads\/import\/cms\/userfiles\/images\/schaar1.jpg\" style=\"width: 100px; height: 100px; border-width: 0px; border-style: solid; margin: 10px;\" \/><\/td>\n<td>\n\t\t\t\t\t<img decoding=\"async\" alt=\"\" src=\"https:\/\/www.nedzink.com\/wp-content\/uploads\/import\/cms\/userfiles\/images\/schaar2.jpg\" style=\"width: 100px; height: 100px; border-width: 0px; border-style: solid; margin: 10px;\" \/><\/td>\n<td>\n\t\t\t\t\t<img decoding=\"async\" alt=\"\" src=\"https:\/\/www.nedzink.com\/wp-content\/uploads\/import\/cms\/userfiles\/images\/schaar_3.jpg\" style=\"width: 100px; height: 100px; border-width: 0px; border-style: solid; margin: 10px;\" \/><\/td>\n<td>\n\t\t\t\t\t<img decoding=\"async\" alt=\"\" src=\"https:\/\/www.nedzink.com\/wp-content\/uploads\/import\/cms\/userfiles\/images\/schaar4.jpg\" style=\"width: 100px; height: 100px; border-width: 0px; border-style: solid; margin: 10px;\" \/><\/td>\n<td>\n\t\t\t\t\t<img decoding=\"async\" alt=\"\" src=\"https:\/\/www.nedzink.com\/wp-content\/uploads\/import\/cms\/userfiles\/images\/schaar5.jpg\" style=\"width: 100px; height: 100px; border-width: 0px; border-style: solid; margin: 10px;\" \/><\/td>\n<\/tr>\n<tr>\n<td style=\"VERTICAL-ALIGN: top\">\n<p>\n\t\t\t\t\t\tdla du\u017cych promieni, do odczepiania oraz dla prostych przelotowych ci\u0119\u0107<\/p>\n<\/td>\n<td style=\"VERTICAL-ALIGN: top\">\n<p>\n\t\t\t\t\t\tdla d\u0142ugich prostych przelotowych ci\u0119\u0107<\/p>\n<\/td>\n<td style=\"VERTICAL-ALIGN: top\">\n\t\t\t\t\tdla ci\u0119\u0107 w kszta\u0142cie ko\u0142a<\/td>\n<td style=\"VERTICAL-ALIGN: top\">\n\t\t\t\t\tdla wyci\u0119\u0107 k\u0105towych<\/td>\n<td style=\"VERTICAL-ALIGN: top\">\n\t\t\t\t\tfdla ma\u0142ych i du\u017cych promieni, do odczepiania<\/td>\n<\/tr>\n<\/tbody>\n<\/table>\n<p>\n\t\t&nbsp;<\/p>\n<p>\n\t\tPonadto istnieje wyb&oacute;r stosowanych narz\u0119dzi do gi\u0119cia, jak przedstawiono na poni\u017cszej grafice.<\/p>\n<table border=\"0\" cellpadding=\"0\" cellspacing=\"0\" style=\"WIDTH: 100%\">\n<tbody>\n<tr>\n<td>\n\t\t\t\t\t<img decoding=\"async\" src=\"https:\/\/www.nedzink.com\/wp-content\/uploads\/import\/cms\/userfiles\/images\/werktuigen.jpg\" style=\"border-width: 0px; border-style: solid; width: 532px; height: 1259px;\" \/><\/td>\n<td style=\"VERTICAL-ALIGN: top\">\n<ol>\n<li>\n\t\t\t\t\t\t\tZaginad\u0142o, szelajza pojedyncza<\/li>\n<li>\n\t\t\t\t\t\t\tZaginad\u0142o podw&oacute;jne, szelajza podw&oacute;jna<\/li>\n<li>\n\t\t\t\t\t\t\tKowade\u0142ko p&oacute;\u0142okr\u0105g\u0142e, szelajza<\/li>\n<li>\n\t\t\t\t\t\t\tFa\u0142downik, szelajza<\/li>\n<li>\n\t\t\t\t\t\t\tKantownik<\/li>\n<li>\n\t\t\t\t\t\t\tC\u0119gi spiczaste<\/li>\n<li>\n\t\t\t\t\t\t\tC\u0119gi p\u0142askie<\/li>\n<li>\n\t\t\t\t\t\t\tNarz\u0119dzie do zaginania<\/li>\n<li>\n\t\t\t\t\t\t\tKleszcze d\u017awigniowe<\/li>\n<li>\n\t\t\t\t\t\t\tKleszcze d\u017awigniowe, wygi\u0119te<\/li>\n<li>\n\t\t\t\t\t\t\tC\u0119gi do r\u0105bka (do blachy)<\/li>\n<li>\n\t\t\t\t\t\t\tAparat do r\u0105bka podw&oacute;jnego<\/li>\n<li>\n\t\t\t\t\t\t\tAparat do zaginania hak&oacute;w rynnowych<\/li>\n<\/ol>\n<p>\n\t\t\t\t\t\t&nbsp;<\/p>\n<\/td>\n<\/tr>\n<\/tbody>\n<\/table>\n<p>\n\t\tTechniki po\u0142\u0105cze\u0144<br \/>\n\t\tDla po\u0142\u0105cze\u0144 r&oacute;\u017cnorodnych element&oacute;w budowlanych z tytan-cynku z regu\u0142y stosuje si\u0119 po\u0142\u0105czenie falcowane (realizowane powy\u017cszymi narz\u0119dziami do gi\u0119cia) oraz po\u0142\u0105czenie lutowane w formie lutowania mi\u0119kkiego. (patrz 8.0 Lutowanie)<\/p>\n<p>\tNitowanie jest po\u0142\u0105czeniem, kt&oacute;re bez dodatkowych krok&oacute;w nie jest wodoszczelne. Z regu\u0142y realizowane jest przy u\u017cyciu nitownicy oraz nit&oacute;w zrywalnych.&nbsp; Ponadto od 2003 do zasad&nbsp; ZVSHK (niemiecki Zwi\u0105zek Sanitaria Ogrzewanie Klimatyzacje) dodano &bdquo;Klejenie metali w technice blacharskiej&ldquo; uznaj\u0105c je jako technika po\u0142\u0105cze\u0144.<\/p><\/div>\n","protected":false},"excerpt":{"rendered":"<p>R&oacute;wnie\u017c dzi\u015b jeszcze w szczeg&oacute;lnie wa\u017cnym, rzemie\u015blniczym przetw&oacute;rstwie tytan-cynku na budowie, stosuje si\u0119 narz\u0119dzia wywodz\u0105ce si\u0119 z tradycji. Nale\u017c\u0105 do nich klasyczne no\u017cyce do blach odpowiednie dla r&oacute;\u017cnych potrzeb: &nbsp; No\u017cyce proste No\u017cyce do ci\u0119cia przelotowego No\u017cyce do ci\u0119cia otwor&oacute;w okr\u0105g\u0142ych No\u017cyce k\u0105towe No\u017cyce figurowe dla du\u017cych promieni, do odczepiania oraz dla prostych przelotowych ci\u0119\u0107 [&hellip;]<\/p>\n","protected":false},"author":9,"featured_media":0,"parent":0,"menu_order":630,"comment_status":"closed","ping_status":"closed","template":"template-import.php","meta":{"_acf_changed":false,"footnotes":""},"class_list":["post-30689","page","type-page","status-publish","hentry"],"acf":[],"yoast_head":"<!-- This site is optimized with the Yoast SEO plugin v26.8 - https:\/\/yoast.com\/product\/yoast-seo-wordpress\/ -->\n<title>Narz\u0119dzia \u2013 NedZink<\/title>\n<meta name=\"robots\" content=\"index, follow, max-snippet:-1, max-image-preview:large, max-video-preview:-1\" \/>\n<link rel=\"canonical\" href=\"https:\/\/www.nedzink.com\/pl\/narzedzia\/\" \/>\n<meta property=\"og:locale\" content=\"pl_PL\" \/>\n<meta property=\"og:type\" content=\"article\" \/>\n<meta property=\"og:title\" content=\"Narz\u0119dzia \u2013 NedZink\" \/>\n<meta property=\"og:description\" content=\"R&oacute;wnie\u017c dzi\u015b jeszcze w szczeg&oacute;lnie wa\u017cnym, rzemie\u015blniczym przetw&oacute;rstwie tytan-cynku na budowie, stosuje si\u0119 narz\u0119dzia wywodz\u0105ce si\u0119 z tradycji. Nale\u017c\u0105 do nich klasyczne no\u017cyce do blach odpowiednie dla r&oacute;\u017cnych potrzeb: &nbsp; No\u017cyce proste No\u017cyce do ci\u0119cia przelotowego No\u017cyce do ci\u0119cia otwor&oacute;w okr\u0105g\u0142ych No\u017cyce k\u0105towe No\u017cyce figurowe dla du\u017cych promieni, do odczepiania oraz dla prostych przelotowych ci\u0119\u0107 [&hellip;]\" \/>\n<meta property=\"og:url\" content=\"https:\/\/www.nedzink.com\/pl\/narzedzia\/\" \/>\n<meta property=\"og:site_name\" content=\"NedZink\" \/>\n<meta property=\"og:image\" content=\"https:\/\/www.nedzink.com\/wp-content\/uploads\/import\/cms\/userfiles\/images\/schaar1.jpg\" \/>\n<meta name=\"twitter:card\" content=\"summary_large_image\" \/>\n<meta name=\"twitter:label1\" content=\"Szacowany czas czytania\" \/>\n\t<meta name=\"twitter:data1\" content=\"1 minuta\" \/>\n<script type=\"application\/ld+json\" class=\"yoast-schema-graph\">{\"@context\":\"https:\/\/schema.org\",\"@graph\":[{\"@type\":\"WebPage\",\"@id\":\"https:\/\/www.nedzink.com\/pl\/narzedzia\/\",\"url\":\"https:\/\/www.nedzink.com\/pl\/narzedzia\/\",\"name\":\"Narz\u0119dzia \u2013 NedZink\",\"isPartOf\":{\"@id\":\"https:\/\/www.nedzink.com\/pl\/#website\"},\"primaryImageOfPage\":{\"@id\":\"https:\/\/www.nedzink.com\/pl\/narzedzia\/#primaryimage\"},\"image\":{\"@id\":\"https:\/\/www.nedzink.com\/pl\/narzedzia\/#primaryimage\"},\"thumbnailUrl\":\"https:\/\/www.nedzink.com\/wp-content\/uploads\/import\/cms\/userfiles\/images\/schaar1.jpg\",\"datePublished\":\"2019-06-04T12:54:11+00:00\",\"breadcrumb\":{\"@id\":\"https:\/\/www.nedzink.com\/pl\/narzedzia\/#breadcrumb\"},\"inLanguage\":\"pl-PL\",\"potentialAction\":[{\"@type\":\"ReadAction\",\"target\":[\"https:\/\/www.nedzink.com\/pl\/narzedzia\/\"]}]},{\"@type\":\"ImageObject\",\"inLanguage\":\"pl-PL\",\"@id\":\"https:\/\/www.nedzink.com\/pl\/narzedzia\/#primaryimage\",\"url\":\"https:\/\/www.nedzink.com\/wp-content\/uploads\/import\/cms\/userfiles\/images\/schaar1.jpg\",\"contentUrl\":\"https:\/\/www.nedzink.com\/wp-content\/uploads\/import\/cms\/userfiles\/images\/schaar1.jpg\"},{\"@type\":\"BreadcrumbList\",\"@id\":\"https:\/\/www.nedzink.com\/pl\/narzedzia\/#breadcrumb\",\"itemListElement\":[{\"@type\":\"ListItem\",\"position\":1,\"name\":\"Home\",\"item\":\"https:\/\/www.nedzink.com\/pl\/\"},{\"@type\":\"ListItem\",\"position\":2,\"name\":\"Narz\u0119dzia\"}]},{\"@type\":\"WebSite\",\"@id\":\"https:\/\/www.nedzink.com\/pl\/#website\",\"url\":\"https:\/\/www.nedzink.com\/pl\/\",\"name\":\"NedZink\",\"description\":\"Zink fabrikant\",\"publisher\":{\"@id\":\"https:\/\/www.nedzink.com\/pl\/#organization\"},\"potentialAction\":[{\"@type\":\"SearchAction\",\"target\":{\"@type\":\"EntryPoint\",\"urlTemplate\":\"https:\/\/www.nedzink.com\/pl\/?s={search_term_string}\"},\"query-input\":{\"@type\":\"PropertyValueSpecification\",\"valueRequired\":true,\"valueName\":\"search_term_string\"}}],\"inLanguage\":\"pl-PL\"},{\"@type\":\"Organization\",\"@id\":\"https:\/\/www.nedzink.com\/pl\/#organization\",\"name\":\"NedZink\",\"url\":\"https:\/\/www.nedzink.com\/pl\/\",\"logo\":{\"@type\":\"ImageObject\",\"inLanguage\":\"pl-PL\",\"@id\":\"https:\/\/www.nedzink.com\/pl\/#\/schema\/logo\/image\/\",\"url\":\"https:\/\/www.nedzink.com\/wp-content\/uploads\/2019\/08\/logo-nedzink_fc_zk.jpg\",\"contentUrl\":\"https:\/\/www.nedzink.com\/wp-content\/uploads\/2019\/08\/logo-nedzink_fc_zk.jpg\",\"width\":2160,\"height\":688,\"caption\":\"NedZink\"},\"image\":{\"@id\":\"https:\/\/www.nedzink.com\/pl\/#\/schema\/logo\/image\/\"}}]}<\/script>\n<!-- \/ Yoast SEO plugin. -->","yoast_head_json":{"title":"Narz\u0119dzia \u2013 NedZink","robots":{"index":"index","follow":"follow","max-snippet":"max-snippet:-1","max-image-preview":"max-image-preview:large","max-video-preview":"max-video-preview:-1"},"canonical":"https:\/\/www.nedzink.com\/pl\/narzedzia\/","og_locale":"pl_PL","og_type":"article","og_title":"Narz\u0119dzia \u2013 NedZink","og_description":"R&oacute;wnie\u017c dzi\u015b jeszcze w szczeg&oacute;lnie wa\u017cnym, rzemie\u015blniczym przetw&oacute;rstwie tytan-cynku na budowie, stosuje si\u0119 narz\u0119dzia wywodz\u0105ce si\u0119 z tradycji. Nale\u017c\u0105 do nich klasyczne no\u017cyce do blach odpowiednie dla r&oacute;\u017cnych potrzeb: &nbsp; No\u017cyce proste No\u017cyce do ci\u0119cia przelotowego No\u017cyce do ci\u0119cia otwor&oacute;w okr\u0105g\u0142ych No\u017cyce k\u0105towe No\u017cyce figurowe dla du\u017cych promieni, do odczepiania oraz dla prostych przelotowych ci\u0119\u0107 [&hellip;]","og_url":"https:\/\/www.nedzink.com\/pl\/narzedzia\/","og_site_name":"NedZink","og_image":[{"url":"https:\/\/www.nedzink.com\/wp-content\/uploads\/import\/cms\/userfiles\/images\/schaar1.jpg","type":"","width":"","height":""}],"twitter_card":"summary_large_image","twitter_misc":{"Szacowany czas czytania":"1 minuta"},"schema":{"@context":"https:\/\/schema.org","@graph":[{"@type":"WebPage","@id":"https:\/\/www.nedzink.com\/pl\/narzedzia\/","url":"https:\/\/www.nedzink.com\/pl\/narzedzia\/","name":"Narz\u0119dzia \u2013 NedZink","isPartOf":{"@id":"https:\/\/www.nedzink.com\/pl\/#website"},"primaryImageOfPage":{"@id":"https:\/\/www.nedzink.com\/pl\/narzedzia\/#primaryimage"},"image":{"@id":"https:\/\/www.nedzink.com\/pl\/narzedzia\/#primaryimage"},"thumbnailUrl":"https:\/\/www.nedzink.com\/wp-content\/uploads\/import\/cms\/userfiles\/images\/schaar1.jpg","datePublished":"2019-06-04T12:54:11+00:00","breadcrumb":{"@id":"https:\/\/www.nedzink.com\/pl\/narzedzia\/#breadcrumb"},"inLanguage":"pl-PL","potentialAction":[{"@type":"ReadAction","target":["https:\/\/www.nedzink.com\/pl\/narzedzia\/"]}]},{"@type":"ImageObject","inLanguage":"pl-PL","@id":"https:\/\/www.nedzink.com\/pl\/narzedzia\/#primaryimage","url":"https:\/\/www.nedzink.com\/wp-content\/uploads\/import\/cms\/userfiles\/images\/schaar1.jpg","contentUrl":"https:\/\/www.nedzink.com\/wp-content\/uploads\/import\/cms\/userfiles\/images\/schaar1.jpg"},{"@type":"BreadcrumbList","@id":"https:\/\/www.nedzink.com\/pl\/narzedzia\/#breadcrumb","itemListElement":[{"@type":"ListItem","position":1,"name":"Home","item":"https:\/\/www.nedzink.com\/pl\/"},{"@type":"ListItem","position":2,"name":"Narz\u0119dzia"}]},{"@type":"WebSite","@id":"https:\/\/www.nedzink.com\/pl\/#website","url":"https:\/\/www.nedzink.com\/pl\/","name":"NedZink","description":"Zink fabrikant","publisher":{"@id":"https:\/\/www.nedzink.com\/pl\/#organization"},"potentialAction":[{"@type":"SearchAction","target":{"@type":"EntryPoint","urlTemplate":"https:\/\/www.nedzink.com\/pl\/?s={search_term_string}"},"query-input":{"@type":"PropertyValueSpecification","valueRequired":true,"valueName":"search_term_string"}}],"inLanguage":"pl-PL"},{"@type":"Organization","@id":"https:\/\/www.nedzink.com\/pl\/#organization","name":"NedZink","url":"https:\/\/www.nedzink.com\/pl\/","logo":{"@type":"ImageObject","inLanguage":"pl-PL","@id":"https:\/\/www.nedzink.com\/pl\/#\/schema\/logo\/image\/","url":"https:\/\/www.nedzink.com\/wp-content\/uploads\/2019\/08\/logo-nedzink_fc_zk.jpg","contentUrl":"https:\/\/www.nedzink.com\/wp-content\/uploads\/2019\/08\/logo-nedzink_fc_zk.jpg","width":2160,"height":688,"caption":"NedZink"},"image":{"@id":"https:\/\/www.nedzink.com\/pl\/#\/schema\/logo\/image\/"}}]}},"_links":{"self":[{"href":"https:\/\/www.nedzink.com\/pl\/wp-json\/wp\/v2\/pages\/30689","targetHints":{"allow":["GET"]}}],"collection":[{"href":"https:\/\/www.nedzink.com\/pl\/wp-json\/wp\/v2\/pages"}],"about":[{"href":"https:\/\/www.nedzink.com\/pl\/wp-json\/wp\/v2\/types\/page"}],"author":[{"embeddable":true,"href":"https:\/\/www.nedzink.com\/pl\/wp-json\/wp\/v2\/users\/9"}],"replies":[{"embeddable":true,"href":"https:\/\/www.nedzink.com\/pl\/wp-json\/wp\/v2\/comments?post=30689"}],"version-history":[{"count":0,"href":"https:\/\/www.nedzink.com\/pl\/wp-json\/wp\/v2\/pages\/30689\/revisions"}],"wp:attachment":[{"href":"https:\/\/www.nedzink.com\/pl\/wp-json\/wp\/v2\/media?parent=30689"}],"curies":[{"name":"wp","href":"https:\/\/api.w.org\/{rel}","templated":true}]}}