{"id":30659,"date":"2019-06-04T14:54:04","date_gmt":"2019-06-04T12:54:04","guid":{"rendered":"http:\/\/136.144.181.85\/~nedzink\/informacje-techniczne\/wytyczne-przetwarzania-i-montazu\/lutowanie\/"},"modified":"2019-06-04T14:54:04","modified_gmt":"2019-06-04T12:54:04","slug":"lutowanie","status":"publish","type":"page","link":"https:\/\/www.nedzink.com\/pl\/lutowanie\/","title":{"rendered":"Lutowanie"},"content":{"rendered":"<div class=\"contentStyle\" style=\"margin: 10px 0px 10px 0px;\">\n<p>\n\t\tZnaczn\u0105 zalet\u0105 materia\u0142u NedZink jest mo\u017cliwo\u015b\u0107 zastosowania lutowania mi\u0119kkiego jako techniki po\u0142\u0105cze\u0144. W miejscach gdzie wymagane s\u0105 solidne, wodoszczelne po\u0142\u0105czenia (przyk\u0142adowo w rynnach dachowych) lutuje si\u0119 przy u\u017cyciu miedzianej lutownicy, lutu o\u0142owiano-cynowego oraz odpowiedniego p\u0142ynu do lutowania.<\/p>\n<p>\n\tLutowanie mi\u0119kkie materia\u0142&oacute;w NedZink specyfikowane jest dla trzech wyst\u0119puj\u0105cych powierzchni:<\/p>\n<ul>\n<li>\n\t\t\t<strong>NedZink NATUREL<\/strong> &ndash; go\u0142owalcowany<\/li>\n<li>\n\t\t\t<strong>NedZink NOVA<\/strong> &ndash; patynowany<\/li>\n<li>\n\t\t\t<strong>Spatynowane powierzchnie NedZink <\/strong>&ndash; naprawa<\/li>\n<\/ul>\n<p>\n\t\t<strong>Lut<\/strong>:<\/p>\n<p>\n\t\tLut o\u0142owiano-cynowy: S &ndash; Pb60 Sn40 (Sb) wg DIN EN 29453<br \/>\n\t\tZakres topnienia: 183 &deg;C &#8211; 235 &deg;C<\/p>\n<p>\t<strong>Topniki:<br \/>\n\tGo\u0142owalcowany\/Naprawa:<\/strong><br \/>\n\tWszystkie topniki do cynku F-SW 11 wg DIN EN 29454.1 3.2.2 A<br \/>\n\t<strong>Patynowany:<\/strong><br \/>\n\tFelder &bdquo;ZD &ndash; pro&ldquo;, firmy Felder \/ Oberhausen; F-SW 11 wg DIN EN 29454.1 2.2.2 A<\/p>\n<p>\t<strong>Przygotowanie spoiny:<br \/>\n\t<\/strong><strong>Go\u0142owalcowany<\/strong> &ndash; dla NedZink NATUREL nie wymagane jest \u017cadne specjalne przygotowanie spoiny. Wystarczy przetrze\u0107 obszar spoiny tr&oacute;jstronnie p\u0142ynem do lutowania.<br \/>\n\t<strong>Patynowany<\/strong> &ndash; przy NedZink NOVA nale\u017cy usun\u0105\u0107 chemicznie zar&oacute;wno tymczasow\u0105 przejrzyst\u0105 warstw\u0119 ochronn\u0105, jak r&oacute;wnie\u017c patyn\u0119:<br \/>\n\tp\u0142yn do lutowania &quot;ZD-pro&quot; nak\u0142ada\u0107 tr&oacute;jstronnie (g&oacute;ra podk\u0142adu\/ g&oacute;ra zak\u0142adu \/ d&oacute;\u0142 zak\u0142adu). Odczeka\u0107 ok. 30 sekund umo\u017cliwiaj\u0105c dzia\u0142anie.<br \/>\n\t<strong>Naprawa<\/strong> Zaleca si\u0119 zawsze usuni\u0119cie istniej\u0105cych warstw tlenk&oacute;w i brudu abrazyjnie np. skrobakiem. Surow\u0105 stref\u0119 spoiny nale\u017cy nast\u0119pnie gruntownie oczy\u015bci\u0107 z brudu\/kurzu. Nast\u0119pnie wytrze\u0107 spoin\u0119 tr&oacute;jstronnie p\u0142ynem do lutowania.<\/p>\n<p>\n\t\t&nbsp;<\/p>\n<p>\n\t\t<strong>Szeroko\u015b\u0107 spoiny\/Zak\u0142adka:<\/strong><\/p>\n<table border=\"0\" cellpadding=\"0\" cellspacing=\"0\" style=\"WIDTH: 200px\">\n<tbody>\n<tr>\n<td>\n\t\t\t\t\tPoziomo<\/td>\n<td>\n\t\t\t\t\t10 mm<\/td>\n<\/tr>\n<tr>\n<td>\n\t\t\t\t\tPionowo<\/td>\n<td>\n\t\t\t\t\t5 mm<\/td>\n<\/tr>\n<\/tbody>\n<\/table>\n<p>\n\t\t&nbsp;<\/p>\n<p>\n\t\t<strong>Szczelina lutownicza:<\/strong><\/p>\n<p>\n\t\t<u>&lt;<\/u>&nbsp;0,5 mm<\/p>\n<p>\n\t\t&nbsp;<\/p>\n<p>\n\t\t<strong>Kolba lutownicza:<\/strong><\/p>\n<p>\n\t\tKolba lutowniczaz miedzi.<br \/>\n\t\tWaga &ge;350 g<\/p>\n<p>\n\t\t<br \/>\n\t\t<strong>Proces lutowania:<\/strong><\/p>\n<ul>\n<li>\n\t\t\t<strong>Go\u0142owalcowany:<\/strong>Spoin\u0119 nale\u017cy lutowa\u0107 w jednym przebiegu lutowniczym. Szeroko\u015b\u0107 spoiny wype\u0142ni\u0107 nale\u017cy ca\u0142kowicie lutem. &bdquo;Obszycie lutem&rdquo; na powierzchni spoiny nie daje dodatkowej wytrzyma\u0142o\u015bci.<\/li>\n<li>\n\t\t\t<strong>Patynowany \/Naprawa:<\/strong>Dodatkowo do powy\u017cszego, nale\u017cy na spoin\u0119 raz jeszcze na\u0142o\u017cy\u0107 p\u0142yn lutowniczy. Temperatura kolby powinna by\u0107 nieznacznie wy\u017csza ni\u017c przy go\u0142owalcowanych powierzchniach.<\/li>\n<\/ul>\n<p>\n\t\t<strong>Czyszczenie spoiny:<\/strong><\/p>\n<p>\tNale\u017cy zwraca\u0107 uwag\u0119 by powierzchnie nie by\u0142y optycznie naruszone przez rozmazane lub sp\u0142ywaj\u0105ce resztki topnika. Pozosta\u0142o\u015bci p\u0142ynu do lutowanie lub topnika nale\u017cy usun\u0105\u0107 od razu po zako\u0144czeniu operacji lutowania za pomoc\u0105 wody i ch\u0142onnej szmatki.<\/p><\/div>\n","protected":false},"excerpt":{"rendered":"<p>Znaczn\u0105 zalet\u0105 materia\u0142u NedZink jest mo\u017cliwo\u015b\u0107 zastosowania lutowania mi\u0119kkiego jako techniki po\u0142\u0105cze\u0144. W miejscach gdzie wymagane s\u0105 solidne, wodoszczelne po\u0142\u0105czenia (przyk\u0142adowo w rynnach dachowych) lutuje si\u0119 przy u\u017cyciu miedzianej lutownicy, lutu o\u0142owiano-cynowego oraz odpowiedniego p\u0142ynu do lutowania. Lutowanie mi\u0119kkie materia\u0142&oacute;w NedZink specyfikowane jest dla trzech wyst\u0119puj\u0105cych powierzchni: NedZink NATUREL &ndash; go\u0142owalcowany NedZink NOVA &ndash; patynowany [&hellip;]<\/p>\n","protected":false},"author":9,"featured_media":0,"parent":0,"menu_order":600,"comment_status":"closed","ping_status":"closed","template":"template-import.php","meta":{"_acf_changed":false,"footnotes":""},"class_list":["post-30659","page","type-page","status-publish","hentry"],"acf":[],"yoast_head":"<!-- This site is optimized with the Yoast SEO plugin v26.8 - https:\/\/yoast.com\/product\/yoast-seo-wordpress\/ -->\n<title>Lutowanie \u2013 NedZink<\/title>\n<meta name=\"robots\" content=\"index, follow, max-snippet:-1, max-image-preview:large, max-video-preview:-1\" \/>\n<link rel=\"canonical\" href=\"https:\/\/www.nedzink.com\/pl\/lutowanie\/\" \/>\n<meta property=\"og:locale\" content=\"pl_PL\" \/>\n<meta property=\"og:type\" content=\"article\" \/>\n<meta property=\"og:title\" content=\"Lutowanie \u2013 NedZink\" \/>\n<meta property=\"og:description\" content=\"Znaczn\u0105 zalet\u0105 materia\u0142u NedZink jest mo\u017cliwo\u015b\u0107 zastosowania lutowania mi\u0119kkiego jako techniki po\u0142\u0105cze\u0144. W miejscach gdzie wymagane s\u0105 solidne, wodoszczelne po\u0142\u0105czenia (przyk\u0142adowo w rynnach dachowych) lutuje si\u0119 przy u\u017cyciu miedzianej lutownicy, lutu o\u0142owiano-cynowego oraz odpowiedniego p\u0142ynu do lutowania. Lutowanie mi\u0119kkie materia\u0142&oacute;w NedZink specyfikowane jest dla trzech wyst\u0119puj\u0105cych powierzchni: NedZink NATUREL &ndash; go\u0142owalcowany NedZink NOVA &ndash; patynowany [&hellip;]\" \/>\n<meta property=\"og:url\" content=\"https:\/\/www.nedzink.com\/pl\/lutowanie\/\" \/>\n<meta property=\"og:site_name\" content=\"NedZink\" \/>\n<meta name=\"twitter:card\" content=\"summary_large_image\" \/>\n<meta name=\"twitter:label1\" content=\"Szacowany czas czytania\" \/>\n\t<meta name=\"twitter:data1\" content=\"2 minuty\" \/>\n<script type=\"application\/ld+json\" class=\"yoast-schema-graph\">{\"@context\":\"https:\/\/schema.org\",\"@graph\":[{\"@type\":\"WebPage\",\"@id\":\"https:\/\/www.nedzink.com\/pl\/lutowanie\/\",\"url\":\"https:\/\/www.nedzink.com\/pl\/lutowanie\/\",\"name\":\"Lutowanie \u2013 NedZink\",\"isPartOf\":{\"@id\":\"https:\/\/www.nedzink.com\/pl\/#website\"},\"datePublished\":\"2019-06-04T12:54:04+00:00\",\"breadcrumb\":{\"@id\":\"https:\/\/www.nedzink.com\/pl\/lutowanie\/#breadcrumb\"},\"inLanguage\":\"pl-PL\",\"potentialAction\":[{\"@type\":\"ReadAction\",\"target\":[\"https:\/\/www.nedzink.com\/pl\/lutowanie\/\"]}]},{\"@type\":\"BreadcrumbList\",\"@id\":\"https:\/\/www.nedzink.com\/pl\/lutowanie\/#breadcrumb\",\"itemListElement\":[{\"@type\":\"ListItem\",\"position\":1,\"name\":\"Home\",\"item\":\"https:\/\/www.nedzink.com\/pl\/\"},{\"@type\":\"ListItem\",\"position\":2,\"name\":\"Lutowanie\"}]},{\"@type\":\"WebSite\",\"@id\":\"https:\/\/www.nedzink.com\/pl\/#website\",\"url\":\"https:\/\/www.nedzink.com\/pl\/\",\"name\":\"NedZink\",\"description\":\"Zink fabrikant\",\"publisher\":{\"@id\":\"https:\/\/www.nedzink.com\/pl\/#organization\"},\"potentialAction\":[{\"@type\":\"SearchAction\",\"target\":{\"@type\":\"EntryPoint\",\"urlTemplate\":\"https:\/\/www.nedzink.com\/pl\/?s={search_term_string}\"},\"query-input\":{\"@type\":\"PropertyValueSpecification\",\"valueRequired\":true,\"valueName\":\"search_term_string\"}}],\"inLanguage\":\"pl-PL\"},{\"@type\":\"Organization\",\"@id\":\"https:\/\/www.nedzink.com\/pl\/#organization\",\"name\":\"NedZink\",\"url\":\"https:\/\/www.nedzink.com\/pl\/\",\"logo\":{\"@type\":\"ImageObject\",\"inLanguage\":\"pl-PL\",\"@id\":\"https:\/\/www.nedzink.com\/pl\/#\/schema\/logo\/image\/\",\"url\":\"https:\/\/www.nedzink.com\/wp-content\/uploads\/2019\/08\/logo-nedzink_fc_zk.jpg\",\"contentUrl\":\"https:\/\/www.nedzink.com\/wp-content\/uploads\/2019\/08\/logo-nedzink_fc_zk.jpg\",\"width\":2160,\"height\":688,\"caption\":\"NedZink\"},\"image\":{\"@id\":\"https:\/\/www.nedzink.com\/pl\/#\/schema\/logo\/image\/\"}}]}<\/script>\n<!-- \/ Yoast SEO plugin. -->","yoast_head_json":{"title":"Lutowanie \u2013 NedZink","robots":{"index":"index","follow":"follow","max-snippet":"max-snippet:-1","max-image-preview":"max-image-preview:large","max-video-preview":"max-video-preview:-1"},"canonical":"https:\/\/www.nedzink.com\/pl\/lutowanie\/","og_locale":"pl_PL","og_type":"article","og_title":"Lutowanie \u2013 NedZink","og_description":"Znaczn\u0105 zalet\u0105 materia\u0142u NedZink jest mo\u017cliwo\u015b\u0107 zastosowania lutowania mi\u0119kkiego jako techniki po\u0142\u0105cze\u0144. W miejscach gdzie wymagane s\u0105 solidne, wodoszczelne po\u0142\u0105czenia (przyk\u0142adowo w rynnach dachowych) lutuje si\u0119 przy u\u017cyciu miedzianej lutownicy, lutu o\u0142owiano-cynowego oraz odpowiedniego p\u0142ynu do lutowania. Lutowanie mi\u0119kkie materia\u0142&oacute;w NedZink specyfikowane jest dla trzech wyst\u0119puj\u0105cych powierzchni: NedZink NATUREL &ndash; go\u0142owalcowany NedZink NOVA &ndash; patynowany [&hellip;]","og_url":"https:\/\/www.nedzink.com\/pl\/lutowanie\/","og_site_name":"NedZink","twitter_card":"summary_large_image","twitter_misc":{"Szacowany czas czytania":"2 minuty"},"schema":{"@context":"https:\/\/schema.org","@graph":[{"@type":"WebPage","@id":"https:\/\/www.nedzink.com\/pl\/lutowanie\/","url":"https:\/\/www.nedzink.com\/pl\/lutowanie\/","name":"Lutowanie \u2013 NedZink","isPartOf":{"@id":"https:\/\/www.nedzink.com\/pl\/#website"},"datePublished":"2019-06-04T12:54:04+00:00","breadcrumb":{"@id":"https:\/\/www.nedzink.com\/pl\/lutowanie\/#breadcrumb"},"inLanguage":"pl-PL","potentialAction":[{"@type":"ReadAction","target":["https:\/\/www.nedzink.com\/pl\/lutowanie\/"]}]},{"@type":"BreadcrumbList","@id":"https:\/\/www.nedzink.com\/pl\/lutowanie\/#breadcrumb","itemListElement":[{"@type":"ListItem","position":1,"name":"Home","item":"https:\/\/www.nedzink.com\/pl\/"},{"@type":"ListItem","position":2,"name":"Lutowanie"}]},{"@type":"WebSite","@id":"https:\/\/www.nedzink.com\/pl\/#website","url":"https:\/\/www.nedzink.com\/pl\/","name":"NedZink","description":"Zink fabrikant","publisher":{"@id":"https:\/\/www.nedzink.com\/pl\/#organization"},"potentialAction":[{"@type":"SearchAction","target":{"@type":"EntryPoint","urlTemplate":"https:\/\/www.nedzink.com\/pl\/?s={search_term_string}"},"query-input":{"@type":"PropertyValueSpecification","valueRequired":true,"valueName":"search_term_string"}}],"inLanguage":"pl-PL"},{"@type":"Organization","@id":"https:\/\/www.nedzink.com\/pl\/#organization","name":"NedZink","url":"https:\/\/www.nedzink.com\/pl\/","logo":{"@type":"ImageObject","inLanguage":"pl-PL","@id":"https:\/\/www.nedzink.com\/pl\/#\/schema\/logo\/image\/","url":"https:\/\/www.nedzink.com\/wp-content\/uploads\/2019\/08\/logo-nedzink_fc_zk.jpg","contentUrl":"https:\/\/www.nedzink.com\/wp-content\/uploads\/2019\/08\/logo-nedzink_fc_zk.jpg","width":2160,"height":688,"caption":"NedZink"},"image":{"@id":"https:\/\/www.nedzink.com\/pl\/#\/schema\/logo\/image\/"}}]}},"_links":{"self":[{"href":"https:\/\/www.nedzink.com\/pl\/wp-json\/wp\/v2\/pages\/30659","targetHints":{"allow":["GET"]}}],"collection":[{"href":"https:\/\/www.nedzink.com\/pl\/wp-json\/wp\/v2\/pages"}],"about":[{"href":"https:\/\/www.nedzink.com\/pl\/wp-json\/wp\/v2\/types\/page"}],"author":[{"embeddable":true,"href":"https:\/\/www.nedzink.com\/pl\/wp-json\/wp\/v2\/users\/9"}],"replies":[{"embeddable":true,"href":"https:\/\/www.nedzink.com\/pl\/wp-json\/wp\/v2\/comments?post=30659"}],"version-history":[{"count":0,"href":"https:\/\/www.nedzink.com\/pl\/wp-json\/wp\/v2\/pages\/30659\/revisions"}],"wp:attachment":[{"href":"https:\/\/www.nedzink.com\/pl\/wp-json\/wp\/v2\/media?parent=30659"}],"curies":[{"name":"wp","href":"https:\/\/api.w.org\/{rel}","templated":true}]}}