{"id":30649,"date":"2019-06-04T14:54:02","date_gmt":"2019-06-04T12:54:02","guid":{"rendered":"http:\/\/136.144.181.85\/~nedzink\/informacje-techniczne\/wytyczne-przetwarzania-i-montazu\/mocowanie\/"},"modified":"2019-06-04T14:54:02","modified_gmt":"2019-06-04T12:54:02","slug":"mocowanie","status":"publish","type":"page","link":"https:\/\/www.nedzink.com\/pl\/mocowanie\/","title":{"rendered":"Mocowanie"},"content":{"rendered":"<div class=\"contentStyle\" style=\"margin: 10px 0px\">\n<h2>\n<style type=\"text\/css\">\n<!--{cke_protected}{C}%3C!%2D%2D%0A%20%2F*%20Font%20Definitions%20*%2F%0A%40font-face%0A%09%7Bfont-family%3A%22%EF%BC%AD%EF%BC%B3%20%E6%98%8E%E6%9C%9D%22%3B%0A%09panose-1%3A0%200%200%200%200%200%200%200%200%200%3B%0A%09mso-font-charset%3A128%3B%0A%09mso-generic-font-family%3Aroman%3B%0A%09mso-font-format%3Aother%3B%0A%09mso-font-pitch%3Afixed%3B%0A%09mso-font-signature%3A1%20134676480%2016%200%20131072%200%3B%7D%0A%40font-face%0A%09%7Bfont-family%3A%22%EF%BC%AD%EF%BC%B3%20%E3%82%B4%E3%82%B7%E3%83%83%E3%82%AF%22%3B%0A%09panose-1%3A0%200%200%200%200%200%200%200%200%200%3B%0A%09mso-font-charset%3A128%3B%0A%09mso-generic-font-family%3Amodern%3B%0A%09mso-font-format%3Aother%3B%0A%09mso-font-pitch%3Afixed%3B%0A%09mso-font-signature%3A1%20134676480%2016%200%20131072%200%3B%7D%0A%40font-face%0A%09%7Bfont-family%3A%22Cambria%20Math%22%3B%0A%09panose-1%3A2%204%205%203%205%204%206%203%202%204%3B%0A%09mso-font-charset%3A0%3B%0A%09mso-generic-font-family%3Aauto%3B%0A%09mso-font-pitch%3Avariable%3B%0A%09mso-font-signature%3A3%200%200%200%201%200%3B%7D%0A%40font-face%0A%09%7Bfont-family%3ACalibri%3B%0A%09panose-1%3A2%2015%205%202%202%202%204%203%202%204%3B%0A%09mso-font-charset%3A0%3B%0A%09mso-generic-font-family%3Aauto%3B%0A%09mso-font-pitch%3Avariable%3B%0A%09mso-font-signature%3A3%200%200%200%201%200%3B%7D%0A%40font-face%0A%09%7Bfont-family%3ACambria%3B%0A%09panose-1%3A2%204%205%203%205%204%206%203%202%204%3B%0A%09mso-font-charset%3A0%3B%0A%09mso-generic-font-family%3Aauto%3B%0A%09mso-font-pitch%3Avariable%3B%0A%09mso-font-signature%3A3%200%200%200%201%200%3B%7D%0A%20%2F*%20Style%20Definitions%20*%2F%0Ap.MsoNormal%2C%20li.MsoNormal%2C%20div.MsoNormal%0A%09%7Bmso-style-unhide%3Ano%3B%0A%09mso-style-qformat%3Ayes%3B%0A%09mso-style-parent%3A%22%22%3B%0A%09margin-top%3A0cm%3B%0A%09margin-right%3A0cm%3B%0A%09margin-bottom%3A10.0pt%3B%0A%09margin-left%3A0cm%3B%0A%09line-height%3A115%25%3B%0A%09mso-pagination%3Awidow-orphan%3B%0A%09font-size%3A11.0pt%3B%0A%09font-family%3ACalibri%3B%0A%09mso-ascii-font-family%3ACalibri%3B%0A%09mso-ascii-theme-font%3Aminor-latin%3B%0A%09mso-fareast-font-family%3A%22%EF%BC%AD%EF%BC%B3%20%E6%98%8E%E6%9C%9D%22%3B%0A%09mso-fareast-theme-font%3Aminor-fareast%3B%0A%09mso-hansi-font-family%3ACalibri%3B%0A%09mso-hansi-theme-font%3Aminor-latin%3B%0A%09mso-bidi-font-family%3A%22Times%20New%20Roman%22%3B%0A%09mso-bidi-theme-font%3Aminor-bidi%3B%0A%09mso-ansi-language%3APL%3B%0A%09mso-fareast-language%3APL%3B%7D%0Ah2%0A%09%7Bmso-style-priority%3A9%3B%0A%09mso-style-qformat%3Ayes%3B%0A%09mso-style-link%3A%22Kop%202%20Teken%22%3B%0A%09mso-style-next%3ANormaal%3B%0A%09margin-top%3A10.0pt%3B%0A%09margin-right%3A0cm%3B%0A%09margin-bottom%3A0cm%3B%0A%09margin-left%3A0cm%3B%0A%09margin-bottom%3A.0001pt%3B%0A%09line-height%3A115%25%3B%0A%09mso-pagination%3Awidow-orphan%20lines-together%3B%0A%09page-break-after%3Aavoid%3B%0A%09mso-outline-level%3A2%3B%0A%09font-size%3A13.0pt%3B%0A%09font-family%3ACambria%3B%0A%09mso-ascii-font-family%3ACambria%3B%0A%09mso-ascii-theme-font%3Amajor-latin%3B%0A%09mso-fareast-font-family%3A%22%EF%BC%AD%EF%BC%B3%20%E3%82%B4%E3%82%B7%E3%83%83%E3%82%AF%22%3B%0A%09mso-fareast-theme-font%3Amajor-fareast%3B%0A%09mso-hansi-font-family%3ACambria%3B%0A%09mso-hansi-theme-font%3Amajor-latin%3B%0A%09mso-bidi-font-family%3A%22Times%20New%20Roman%22%3B%0A%09mso-bidi-theme-font%3Amajor-bidi%3B%0A%09color%3A%234F81BD%3B%0A%09mso-themecolor%3Aaccent1%3B%0A%09mso-ansi-language%3APL%3B%0A%09mso-fareast-language%3APL%3B%7D%0Aspan.Kop2Teken%0A%09%7Bmso-style-name%3A%22Kop%202%20Teken%22%3B%0A%09mso-style-priority%3A9%3B%0A%09mso-style-unhide%3Ano%3B%0A%09mso-style-locked%3Ayes%3B%0A%09mso-style-link%3A%22Kop%202%22%3B%0A%09mso-ansi-font-size%3A13.0pt%3B%0A%09mso-bidi-font-size%3A13.0pt%3B%0A%09font-family%3ACambria%3B%0A%09mso-ascii-font-family%3ACambria%3B%0A%09mso-ascii-theme-font%3Amajor-latin%3B%0A%09mso-fareast-font-family%3A%22%EF%BC%AD%EF%BC%B3%20%E3%82%B4%E3%82%B7%E3%83%83%E3%82%AF%22%3B%0A%09mso-fareast-theme-font%3Amajor-fareast%3B%0A%09mso-hansi-font-family%3ACambria%3B%0A%09mso-hansi-theme-font%3Amajor-latin%3B%0A%09mso-bidi-font-family%3A%22Times%20New%20Roman%22%3B%0A%09mso-bidi-theme-font%3Amajor-bidi%3B%0A%09color%3A%234F81BD%3B%0A%09mso-themecolor%3Aaccent1%3B%0A%09font-weight%3Abold%3B%7D%0A.MsoChpDefault%0A%09%7Bmso-style-type%3Aexport-only%3B%0A%09mso-default-props%3Ayes%3B%0A%09font-size%3A11.0pt%3B%0A%09mso-ansi-font-size%3A11.0pt%3B%0A%09mso-bidi-font-size%3A11.0pt%3B%0A%09font-family%3ACalibri%3B%0A%09mso-ascii-font-family%3ACalibri%3B%0A%09mso-ascii-theme-font%3Aminor-latin%3B%0A%09mso-fareast-font-family%3A%22%EF%BC%AD%EF%BC%B3%20%E6%98%8E%E6%9C%9D%22%3B%0A%09mso-fareast-theme-font%3Aminor-fareast%3B%0A%09mso-hansi-font-family%3ACalibri%3B%0A%09mso-hansi-theme-font%3Aminor-latin%3B%0A%09mso-bidi-font-family%3A%22Times%20New%20Roman%22%3B%0A%09mso-bidi-theme-font%3Aminor-bidi%3B%0A%09mso-ansi-language%3APL%3B%0A%09mso-fareast-language%3APL%3B%7D%0A.MsoPapDefault%0A%09%7Bmso-style-type%3Aexport-only%3B%0A%09margin-bottom%3A10.0pt%3B%0A%09line-height%3A115%25%3B%7D%0A%40page%20WordSection1%0A%09%7Bsize%3A612.0pt%20792.0pt%3B%0A%09margin%3A70.85pt%2070.85pt%2070.85pt%2070.85pt%3B%0A%09mso-header-margin%3A35.4pt%3B%0A%09mso-footer-margin%3A35.4pt%3B%0A%09mso-paper-source%3A0%3B%7D%0Adiv.WordSection1%0A%09%7Bpage%3AWordSection1%3B%7D%0A%2D%2D%3E-->\t\t<\/style>\n<\/h2>\n<h2>\n\t\t<span lang=\"PL\">Mocowanie bezpo\u015brednie <\/span><\/h2>\n<p>\n\t\tBezpo\u015brednie mocowanie element&oacute;w budowlanych z NedZink (np. przy sztancowaniu okr\u0105g\u0142ych otwor&oacute;w) powinno by\u0107 stosowane jednostkowo oraz przy ma\u0142ych d\u0142ugo\u015bciach. D\u0142ugo\u015bci s\u0105 ograniczone do max. 3 m ze wzgl\u0119du na ograniczenie mo\u017cliwo\u015bci rozszerzalno\u015bci wzd\u0142u\u017cnej element&oacute;w&nbsp; poprzez mocowanie gwo\u017adziami, sztyftami z drutu, \u015brubami lub nitami. Uwzgl\u0119dni\u0107 nale\u017cy tak\u017ce tendencj\u0119 do falowania element&oacute;w budowlanych mocowanych bezpo\u015brednio w\u0142a\u015bnie wskutek rozszerzania cieplnego.<\/p>\n<h2>\n\t\tMocowanie po\u015brednie<\/h2>\n<p>\n\t\tMonta\u017c po\u015bredni element&oacute;w budowlanych jest predysponowany ze wzgl\u0119du na bezpieczne kompensowanie uwarunkowanych temperaturowo zmian d\u0142ugo\u015bci. Do tego celu dost\u0119pne s\u0105 r&oacute;\u017cne rodzaje haftr&oacute;w zale\u017cnie od wymog&oacute;w sytuacji:<\/p>\n<ul>\n<li>\n\t\t\tHaftry do zabezpieczenia po\u0142\u0105cze\u0144 falc&oacute;w: haftry mocuj\u0105ce i przesuwne<\/li>\n<li>\n\t\t\tHaftry zawieszane w przegi\u0119cie zabezpieczanego elementu: pas haftowy i haftry le\u017c\u0105ce<\/li>\n<li>\n\t\t\tHaftry do zabezpieczenia po\u0142o\u017cenia: haftry z\u0119bowe oraz haftry p\u0142ytowe<\/li>\n<\/ul>\n<p>\n\t\tJako materia\u0142y na haftry stosowane s\u0105 tytan-cynk, stal nierdzewna oraz stal ocynkowana<\/p>\n<p>\n\t\tMocowanie haftr&oacute;w z podk\u0142adem pokrycia jest zale\u017cne od jego w\u0142asno\u015bci i nast\u0105pi\u0107 mo\u017ce nast\u0119puj\u0105cymi \u015brodkami:<br \/>\n\t\t&nbsp;<\/p>\n<table border=\"0\" style=\"line-height: 13px; margin-left: -3px\">\n<tbody>\n<tr>\n<td width=\"255\">\n\t\t\t\t\tSztyfty druciane z szerok\u0105 g\u0142&oacute;wk\u0105 zabezpieczone przeciwkorozyjnie:<\/td>\n<td width=\"250\">\n\t\t\t\t\t2,8 x 25 mm<\/td>\n<\/tr>\n<tr>\n<td>\n\t\t\t\t\t\u015aruby zabezpieczone przeciwkorozyjnie:<\/td>\n<td>\n\t\t\t\t\t4 x 24 mm<\/td>\n<\/tr>\n<tr>\n<td>\n\t\t\t\t\tNity ze stali nierdzewnej:<\/td>\n<td>\n\t\t\t\t\t4 mm \/ 5 mm<\/td>\n<\/tr>\n<\/tbody>\n<\/table>\n<h2>\n\t\t<br \/>\n\t\tMocowanie klejone<\/h2>\n<p>\n\t\tDo mocowania element&oacute;w budowlanych w technice klejenia stosowane mog\u0105 by\u0107 odpowiednie masy klej\u0105ce na bazie bitumicznej i inne. Zalety tego rodzaju mocowania le\u017c\u0105 w ca\u0142kowitej wolno\u015bci od przenikania mocowania oraz zmniejszonym przenoszeniu d\u017awi\u0119kowym pod\u0142o\u017ca pokrycia. Przy zabudowie pochy\u0142ej konieczne mo\u017ce by\u0107 dodatkowe mechaniczne mocowanie. Podczas zastosowania nale\u017cy uwzgl\u0119dni\u0107 wskaz&oacute;wki u\u017cytkowania producent&oacute;w.<\/p>\n<\/div>\n","protected":false},"excerpt":{"rendered":"<p>Mocowanie bezpo\u015brednie Bezpo\u015brednie mocowanie element&oacute;w budowlanych z NedZink (np. przy sztancowaniu okr\u0105g\u0142ych otwor&oacute;w) powinno by\u0107 stosowane jednostkowo oraz przy ma\u0142ych d\u0142ugo\u015bciach. D\u0142ugo\u015bci s\u0105 ograniczone do max. 3 m ze wzgl\u0119du na ograniczenie mo\u017cliwo\u015bci rozszerzalno\u015bci wzd\u0142u\u017cnej element&oacute;w&nbsp; poprzez mocowanie gwo\u017adziami, sztyftami z drutu, \u015brubami lub nitami. Uwzgl\u0119dni\u0107 nale\u017cy tak\u017ce tendencj\u0119 do falowania element&oacute;w budowlanych mocowanych bezpo\u015brednio [&hellip;]<\/p>\n","protected":false},"author":9,"featured_media":0,"parent":0,"menu_order":590,"comment_status":"closed","ping_status":"closed","template":"template-import.php","meta":{"_acf_changed":false,"footnotes":""},"class_list":["post-30649","page","type-page","status-publish","hentry"],"acf":[],"yoast_head":"<!-- This site is optimized with the Yoast SEO plugin v26.8 - https:\/\/yoast.com\/product\/yoast-seo-wordpress\/ -->\n<title>Mocowanie \u2013 NedZink<\/title>\n<meta name=\"robots\" content=\"index, follow, max-snippet:-1, max-image-preview:large, max-video-preview:-1\" \/>\n<link rel=\"canonical\" href=\"https:\/\/www.nedzink.com\/pl\/mocowanie\/\" \/>\n<meta property=\"og:locale\" content=\"pl_PL\" \/>\n<meta property=\"og:type\" content=\"article\" \/>\n<meta property=\"og:title\" content=\"Mocowanie \u2013 NedZink\" \/>\n<meta property=\"og:description\" content=\"Mocowanie bezpo\u015brednie Bezpo\u015brednie mocowanie element&oacute;w budowlanych z NedZink (np. przy sztancowaniu okr\u0105g\u0142ych otwor&oacute;w) powinno by\u0107 stosowane jednostkowo oraz przy ma\u0142ych d\u0142ugo\u015bciach. D\u0142ugo\u015bci s\u0105 ograniczone do max. 3 m ze wzgl\u0119du na ograniczenie mo\u017cliwo\u015bci rozszerzalno\u015bci wzd\u0142u\u017cnej element&oacute;w&nbsp; poprzez mocowanie gwo\u017adziami, sztyftami z drutu, \u015brubami lub nitami. Uwzgl\u0119dni\u0107 nale\u017cy tak\u017ce tendencj\u0119 do falowania element&oacute;w budowlanych mocowanych bezpo\u015brednio [&hellip;]\" \/>\n<meta property=\"og:url\" content=\"https:\/\/www.nedzink.com\/pl\/mocowanie\/\" \/>\n<meta property=\"og:site_name\" content=\"NedZink\" \/>\n<meta name=\"twitter:card\" content=\"summary_large_image\" \/>\n<meta name=\"twitter:label1\" content=\"Szacowany czas czytania\" \/>\n\t<meta name=\"twitter:data1\" content=\"2 minuty\" \/>\n<script type=\"application\/ld+json\" class=\"yoast-schema-graph\">{\"@context\":\"https:\/\/schema.org\",\"@graph\":[{\"@type\":\"WebPage\",\"@id\":\"https:\/\/www.nedzink.com\/pl\/mocowanie\/\",\"url\":\"https:\/\/www.nedzink.com\/pl\/mocowanie\/\",\"name\":\"Mocowanie \u2013 NedZink\",\"isPartOf\":{\"@id\":\"https:\/\/www.nedzink.com\/pl\/#website\"},\"datePublished\":\"2019-06-04T12:54:02+00:00\",\"breadcrumb\":{\"@id\":\"https:\/\/www.nedzink.com\/pl\/mocowanie\/#breadcrumb\"},\"inLanguage\":\"pl-PL\",\"potentialAction\":[{\"@type\":\"ReadAction\",\"target\":[\"https:\/\/www.nedzink.com\/pl\/mocowanie\/\"]}]},{\"@type\":\"BreadcrumbList\",\"@id\":\"https:\/\/www.nedzink.com\/pl\/mocowanie\/#breadcrumb\",\"itemListElement\":[{\"@type\":\"ListItem\",\"position\":1,\"name\":\"Home\",\"item\":\"https:\/\/www.nedzink.com\/pl\/\"},{\"@type\":\"ListItem\",\"position\":2,\"name\":\"Mocowanie\"}]},{\"@type\":\"WebSite\",\"@id\":\"https:\/\/www.nedzink.com\/pl\/#website\",\"url\":\"https:\/\/www.nedzink.com\/pl\/\",\"name\":\"NedZink\",\"description\":\"Zink fabrikant\",\"publisher\":{\"@id\":\"https:\/\/www.nedzink.com\/pl\/#organization\"},\"potentialAction\":[{\"@type\":\"SearchAction\",\"target\":{\"@type\":\"EntryPoint\",\"urlTemplate\":\"https:\/\/www.nedzink.com\/pl\/?s={search_term_string}\"},\"query-input\":{\"@type\":\"PropertyValueSpecification\",\"valueRequired\":true,\"valueName\":\"search_term_string\"}}],\"inLanguage\":\"pl-PL\"},{\"@type\":\"Organization\",\"@id\":\"https:\/\/www.nedzink.com\/pl\/#organization\",\"name\":\"NedZink\",\"url\":\"https:\/\/www.nedzink.com\/pl\/\",\"logo\":{\"@type\":\"ImageObject\",\"inLanguage\":\"pl-PL\",\"@id\":\"https:\/\/www.nedzink.com\/pl\/#\/schema\/logo\/image\/\",\"url\":\"https:\/\/www.nedzink.com\/wp-content\/uploads\/2019\/08\/logo-nedzink_fc_zk.jpg\",\"contentUrl\":\"https:\/\/www.nedzink.com\/wp-content\/uploads\/2019\/08\/logo-nedzink_fc_zk.jpg\",\"width\":2160,\"height\":688,\"caption\":\"NedZink\"},\"image\":{\"@id\":\"https:\/\/www.nedzink.com\/pl\/#\/schema\/logo\/image\/\"}}]}<\/script>\n<!-- \/ Yoast SEO plugin. -->","yoast_head_json":{"title":"Mocowanie \u2013 NedZink","robots":{"index":"index","follow":"follow","max-snippet":"max-snippet:-1","max-image-preview":"max-image-preview:large","max-video-preview":"max-video-preview:-1"},"canonical":"https:\/\/www.nedzink.com\/pl\/mocowanie\/","og_locale":"pl_PL","og_type":"article","og_title":"Mocowanie \u2013 NedZink","og_description":"Mocowanie bezpo\u015brednie Bezpo\u015brednie mocowanie element&oacute;w budowlanych z NedZink (np. przy sztancowaniu okr\u0105g\u0142ych otwor&oacute;w) powinno by\u0107 stosowane jednostkowo oraz przy ma\u0142ych d\u0142ugo\u015bciach. D\u0142ugo\u015bci s\u0105 ograniczone do max. 3 m ze wzgl\u0119du na ograniczenie mo\u017cliwo\u015bci rozszerzalno\u015bci wzd\u0142u\u017cnej element&oacute;w&nbsp; poprzez mocowanie gwo\u017adziami, sztyftami z drutu, \u015brubami lub nitami. Uwzgl\u0119dni\u0107 nale\u017cy tak\u017ce tendencj\u0119 do falowania element&oacute;w budowlanych mocowanych bezpo\u015brednio [&hellip;]","og_url":"https:\/\/www.nedzink.com\/pl\/mocowanie\/","og_site_name":"NedZink","twitter_card":"summary_large_image","twitter_misc":{"Szacowany czas czytania":"2 minuty"},"schema":{"@context":"https:\/\/schema.org","@graph":[{"@type":"WebPage","@id":"https:\/\/www.nedzink.com\/pl\/mocowanie\/","url":"https:\/\/www.nedzink.com\/pl\/mocowanie\/","name":"Mocowanie \u2013 NedZink","isPartOf":{"@id":"https:\/\/www.nedzink.com\/pl\/#website"},"datePublished":"2019-06-04T12:54:02+00:00","breadcrumb":{"@id":"https:\/\/www.nedzink.com\/pl\/mocowanie\/#breadcrumb"},"inLanguage":"pl-PL","potentialAction":[{"@type":"ReadAction","target":["https:\/\/www.nedzink.com\/pl\/mocowanie\/"]}]},{"@type":"BreadcrumbList","@id":"https:\/\/www.nedzink.com\/pl\/mocowanie\/#breadcrumb","itemListElement":[{"@type":"ListItem","position":1,"name":"Home","item":"https:\/\/www.nedzink.com\/pl\/"},{"@type":"ListItem","position":2,"name":"Mocowanie"}]},{"@type":"WebSite","@id":"https:\/\/www.nedzink.com\/pl\/#website","url":"https:\/\/www.nedzink.com\/pl\/","name":"NedZink","description":"Zink fabrikant","publisher":{"@id":"https:\/\/www.nedzink.com\/pl\/#organization"},"potentialAction":[{"@type":"SearchAction","target":{"@type":"EntryPoint","urlTemplate":"https:\/\/www.nedzink.com\/pl\/?s={search_term_string}"},"query-input":{"@type":"PropertyValueSpecification","valueRequired":true,"valueName":"search_term_string"}}],"inLanguage":"pl-PL"},{"@type":"Organization","@id":"https:\/\/www.nedzink.com\/pl\/#organization","name":"NedZink","url":"https:\/\/www.nedzink.com\/pl\/","logo":{"@type":"ImageObject","inLanguage":"pl-PL","@id":"https:\/\/www.nedzink.com\/pl\/#\/schema\/logo\/image\/","url":"https:\/\/www.nedzink.com\/wp-content\/uploads\/2019\/08\/logo-nedzink_fc_zk.jpg","contentUrl":"https:\/\/www.nedzink.com\/wp-content\/uploads\/2019\/08\/logo-nedzink_fc_zk.jpg","width":2160,"height":688,"caption":"NedZink"},"image":{"@id":"https:\/\/www.nedzink.com\/pl\/#\/schema\/logo\/image\/"}}]}},"_links":{"self":[{"href":"https:\/\/www.nedzink.com\/pl\/wp-json\/wp\/v2\/pages\/30649","targetHints":{"allow":["GET"]}}],"collection":[{"href":"https:\/\/www.nedzink.com\/pl\/wp-json\/wp\/v2\/pages"}],"about":[{"href":"https:\/\/www.nedzink.com\/pl\/wp-json\/wp\/v2\/types\/page"}],"author":[{"embeddable":true,"href":"https:\/\/www.nedzink.com\/pl\/wp-json\/wp\/v2\/users\/9"}],"replies":[{"embeddable":true,"href":"https:\/\/www.nedzink.com\/pl\/wp-json\/wp\/v2\/comments?post=30649"}],"version-history":[{"count":0,"href":"https:\/\/www.nedzink.com\/pl\/wp-json\/wp\/v2\/pages\/30649\/revisions"}],"wp:attachment":[{"href":"https:\/\/www.nedzink.com\/pl\/wp-json\/wp\/v2\/media?parent=30649"}],"curies":[{"name":"wp","href":"https:\/\/api.w.org\/{rel}","templated":true}]}}