{"id":30629,"date":"2019-06-04T14:53:57","date_gmt":"2019-06-04T12:53:57","guid":{"rendered":"http:\/\/136.144.181.85\/~nedzink\/informacje-techniczne\/wytyczne-przetwarzania-i-montazu\/wytyczne-przetwarzania\/nedzink-nuance\/"},"modified":"2019-06-04T14:53:57","modified_gmt":"2019-06-04T12:53:57","slug":"nedzink-nuance","status":"publish","type":"page","link":"https:\/\/www.nedzink.com\/pl\/nedzink-nuance\/","title":{"rendered":"NedZink NUANCE"},"content":{"rendered":"<p>Dla NedZink NUANCE przestrzega\u0107 nale\u017cy nast\u0119puj\u0105cych specjalnych wytycznych technicznych, poza og&oacute;lnymi wytycznymi przetwarzania dla NedZink NATUREL, NOVA i NOIR:<\/p>\n<h2><strong>W\u0142a\u015bciwo\u015bci materia\u0142owe<\/strong><\/h2>\n<p>NedZink NATUREL to go\u0142owalcowany tytan-cynk, produkowany wg normy EN 988 i certyfikowany przez Lloyd&#39;s Register. NedZink NATUREL ma naturaln\u0105, l\u015bni\u0105co walcowan\u0105 powierzchni\u0119.<\/p>\n<p>NedZink NOVA i NedZink NOIR to patynowane powierzchnie cynku, powstaj\u0105ce w procesie fosfatyzacji. Jako materia\u0142 bazowy stosuje si\u0119 go\u0142owalcowany tytan-cynk NedZink NATUREL. Poprzez proces fosfatyzacji powstaje powierzchnia bardzo zbli\u017cona do normalnej, powstaj\u0105cej naturalnie patyny.<\/p>\n<p>NedZink NUANCE jest fabrycznie patynowanym tytan-cynkiem wzbogaconym pigmentacj\u0105. To nadanie koloru&nbsp; wynika z wyboru dodawanych do pow\u0142oki patynuj\u0105cej pigment&oacute;w &ndash; barwy niebieskiej, czerwonej lub zielonej. W\u0142a\u015bciwo\u015bci cynku pozostaj\u0105 przy tym w pe\u0142ni zachowane.<\/p>\n<p>Ka\u017cdy walcowany metal, wi\u0119c tak\u017ce materia\u0142 NedZink wykazuje w pewnym stopniu napi\u0119cia wynikaj\u0105ce z walcowania. Wynika to z procesu produkcyjnego i jest nieuniknione. Nowoczesna technika niweluje w du\u017cym stopniu te napi\u0119cia. Mimo tego, mo\u017ce si\u0119 zdarzy\u0107, \u017ce po przetworzeniu materia\u0142u NedZink przez osoby trzecie, ponownie wyst\u0105pi\u0105 w ma\u0142ym stopniu napi\u0119cia walcownicze<span class=\"hps\"><span lang=\"DE\" style=\"color: rgb(34, 34, 34); line-height: 115%; font-family: &quot;Arial&quot;,&quot;sans-serif&quot;; font-size: 10pt; -ms-layout-grid-mode: line; mso-fareast-font-family: &quot;Times New Roman&quot;; mso-ansi-language: DE; mso-fareast-language: NL; mso-bidi-language: AR-SA; mso-bidi-font-family: &quot;Times New Roman&quot;; mso-bidi-font-size: 12.0pt;\">.<\/span><\/span><\/p>\n<h2><strong>Ochrona powierzchni<\/strong><\/h2>\n<p><span lang=\"DE\" style=\"color: rgb(34, 34, 34); line-height: 115%; font-family: &quot;Arial&quot;,&quot;sans-serif&quot;; font-size: 10pt; -ms-layout-grid-mode: line; mso-fareast-font-family: &quot;Times New Roman&quot;; mso-ansi-language: DE; mso-fareast-language: NL; mso-bidi-language: AR-SA; mso-bidi-font-family: &quot;Times New Roman&quot;; mso-bidi-font-size: 12.0pt;\">NedZink NATUREL dostarczany jest z l\u015bni\u0105co walcowan\u0105 powierzchni\u0105. Przy kontakcie z powietrzem zewn\u0119trznym oraz pod wp\u0142ywem wilgoci z powietrza lub opad&oacute;w tworzy si\u0119 ochronna warstwa w\u0119glanu cynku, tak zwana patyna. Proces ten rozpoczyna si\u0119 natychmiast po monta\u017cu i trwa a\u017c do jednolicie wytworzonej warstwy ochronnej. Pocz\u0105tkowo poprzez dopiero tworz\u0105c\u0105 si\u0119 warstw\u0119 patyny powstaje nier&oacute;wnomierny wygl\u0105d powierzchni. Inne czynniki, kt&oacute;re odgrywaj\u0105 rol\u0119 w tym procesie patynowania to: geometria budynku, warunki pogodowe podczas monta\u017cu, a tak\u017ce przechowywanie cynku tytanowego przed monta\u017cem.<\/span><\/p>\n<p><span lang=\"DE\" style=\"color: rgb(34, 34, 34); line-height: 115%; font-family: &quot;Arial&quot;,&quot;sans-serif&quot;; font-size: 10pt; -ms-layout-grid-mode: line; mso-fareast-font-family: &quot;Times New Roman&quot;; mso-ansi-language: DE; mso-fareast-language: NL; mso-bidi-language: AR-SA; mso-bidi-font-family: &quot;Times New Roman&quot;; mso-bidi-font-size: 12.0pt;\">NedZink NUANCE jest produktem naturalnym, wi\u0119c wyst\u0105pi\u0107 mog\u0105 nieznaczne r&oacute;\u017cnice odcieni kolor&oacute;w. Poprzez specjalny proces produkcji kolor jest szczeg&oacute;lnie stabilny, jednak zawsze powi\u0105zany z parti\u0105 produkcyjn\u0105. Nale\u017cy stosowa\u0107 zawsze materia\u0142 tej samej partii na potrzeby konkretnych projekt&oacute;w, celem unikni\u0119cia r&oacute;\u017cnic kolorystycznych. Oznaczenie partii produkcyjnych znajd\u0105 Pa\u0144stwo na odwrotnej (tylnej) stronie materia\u0142u.<\/span><\/p>\n<p><span lang=\"DE\" style=\"color: rgb(34, 34, 34); line-height: 115%; font-family: &quot;Arial&quot;,&quot;sans-serif&quot;; font-size: 10pt; -ms-layout-grid-mode: line; mso-fareast-font-family: &quot;Times New Roman&quot;; mso-ansi-language: DE; mso-fareast-language: NL; mso-bidi-language: AR-SA; mso-bidi-font-family: &quot;Times New Roman&quot;; mso-bidi-font-size: 12.0pt;\">Prosz\u0119 przetwarza\u0107 NedZink NUANCE zawsze w tym samym kierunku walcowania celem unikni\u0119cia r&oacute;\u017cnic kolor&oacute;w. Na odwrotnej stronie oznaczono strza\u0142kami kierunek walcowania. Prosz\u0119 przed monta\u017cem skontrolowa\u0107 kierunek walcowania.<\/span><\/p>\n<h2><strong>Osadzanie si\u0119 soli<\/strong><\/h2>\n<p><span style=\"font-size: 12px;\">W klimacie morskim oraz w pobli\u017cu wybrze\u017ca s&oacute;l w powietrzu lub w wodzie mo\u017ce reagowa\u0107 z cynkiem tworz\u0105c na powierzchniach chlorek cynku, kt&oacute;ry nie jest zmywany przez wod\u0119 opadow\u0105. Ujawnia si\u0119 to poprzez nieodwracalne bia\u0142e plamy. Plamy te nie maj\u0105 wp\u0142ywu na funkcjonalno\u015b\u0107 i nie prowadz\u0105 do korozji. (Przy braku deszczu lub na powierzchniach os\u0142oni\u0119tych przed deszczem powinno si\u0119 regularnie obmywa\u0107 (ciep\u0142\u0105) wod\u0105.) NedZink nie odpowiada za efekty odk\u0142adania si\u0119 soli.<\/span><\/p>\n<h2><strong>Anti-Fingerprint (AFP)<\/strong><\/h2>\n<p><span lang=\"DE\" style=\"line-height: 115%; font-family: &quot;Arial&quot;,&quot;sans-serif&quot;; font-size: 10pt; -ms-layout-grid-mode: line; mso-fareast-font-family: &quot;Times New Roman&quot;; mso-ansi-language: DE; mso-fareast-language: NL; mso-bidi-language: AR-SA; mso-bidi-font-family: &quot;Times New Roman&quot;; mso-bidi-font-size: 12.0pt;\">By unikn\u0105\u0107 odcisk&oacute;w palc&oacute;w przy monta\u017cu i zoptymalizowa\u0107 przetwarzanie maszynowe, wprowadzono pow\u0142ok\u0119 Anti-Fingerprint, kt&oacute;ra daje lekko b\u0142yszcz\u0105c\u0105 powierzchni\u0119. Po\u0142ysk ten zmniejsza si\u0119 z biegiem czasu.<\/span><\/p>\n<h2><strong>Folia ochronna<\/strong><\/h2>\n<p><span lang=\"DE\" style=\"line-height: 115%; font-family: &quot;Arial&quot;,&quot;sans-serif&quot;; font-size: 10pt; -ms-layout-grid-mode: line; mso-fareast-font-family: &quot;Times New Roman&quot;; mso-ansi-language: DE; mso-fareast-language: NL; mso-bidi-language: AR-SA; mso-bidi-font-family: &quot;Times New Roman&quot;; mso-bidi-font-size: 12.0pt;\">Na \u017cyczenie NedZink NOVA mo\u017ce by\u0107 dostarczane z tymczasow\u0105 foli\u0105 ochronn\u0105, zmniejszaj\u0105c\u0105 ryzyko uszkodze\u0144 podczas przetwarzania. NedZink NOIR standardowo jest dostarczany z t\u0105 tymczasow\u0105 foli\u0105 ochronn\u0105. Folia nie jest trwale odporna na promienie ultrafioletowe i s\u0142u\u017cy jedynie jako przej\u015bciowa ochrona. Dlatego folia bezpo\u015brednio po monta\u017cu na budowie musi zosta\u0107 usuni\u0119ta. Dla bezproblemowego zdejmowania foli, temperatura materia\u0142u powinna wynosi\u0107 min. 7&deg; C. Folia nie mo\u017ce by\u0107 przetwarzana w po\u0142\u0105czeniach, przyk\u0142adowo w po\u0142\u0105czeniu falcowanym. Ponadto nale\u017cy unika\u0107 dostania si\u0119 wody pomi\u0119dzy cynk a foli\u0119. Je\u015bli NedZink NOVA lub NedZink NOIR zam&oacute;wione zostan\u0105 bez foli, materia\u0142y te w wyniku tego b\u0119d\u0105 wra\u017cliwsze na zadrapania przy przetwarzaniu.<\/span><\/p>\n<h2><strong>Monta\u017c<\/strong><\/h2>\n<p>Tytan-cynk NedZink mo\u017ce by\u0107 stosowany na wentylowanych konstrukcjach, jak r&oacute;wnie\u017c na takich bez wentylacji tylnej. We wszystkich przypadkach nale\u017cy przestrzega\u0107 odpowiednich zbior&oacute;w regu\u0142 jak np. znormalizowanych warunk&oacute;w wykonywania rob&oacute;t budowlanych, sztuki zawodowej etc., jak r&oacute;wnie\u017c zalece\u0144 ze strony www.nedzink.com lub technicznych wytycznych NedZink.<\/p>\n<p>Cynk to metal, kt&oacute;ry pod wp\u0142ywem temperatury si\u0119 rozszerza lub kurczy. We wszystkich przypadkach monta\u017c musi umo\u017cliwia\u0107 wolne termiczne rozszerzanie materia\u0142u.<\/p>\n<h2><strong>Tytan-cynk i inne materia\u0142y<\/strong><\/h2>\n<ul>\n<li>\n<p>W nawi\u0105zaniu do r&oacute;\u017cnic w potencjale elektrolitycznym tytan-cynk nie mo\u017ce by\u0107 stosowany z nast\u0119puj\u0105cymi metalami: z\u0142oto &ndash; platyna &ndash; srebro &ndash; nikiel &ndash; kobalt &ndash; kadm &ndash; chrom &ndash; pallad &ndash; rt\u0119\u0107. Przy po\u0142\u0105czeniu z metalami budowlanymi takimi jak np. mied\u017a &ndash; o\u0142&oacute;w &ndash; \u017celazo i aluminium nale\u017cy przestrzega\u0107 bran\u017cowych regu\u0142.<\/p>\n<\/li>\n<li>\n<p>Bezpo\u015bredni kontakt z betonem, wapnem, bitumem, zapraw\u0105 (i innymi alkalicznych produktami) powinien by\u0107 unikany.<\/p>\n<\/li>\n<li>\n<p>W powi\u0105zaniu z wy\u0142ugowywaniem si\u0119 drewna tytan-cynk nie mo\u017ce by\u0107 stosowany w kombinacji z dachem trzcinowym i niekt&oacute;rymi deskami z drzew li\u015bciastych jak np. d\u0105b, buk, cedr czerwony itd. Dla pozosta\u0142ych rodzaj&oacute;w drewna odsy\u0142amy na stron\u0119 internetow\u0105 www.nedzink.com lub do wskaz&oacute;wek technicznych NedZink.<\/p>\n<\/li>\n<li>\n<p>Odradzamy od kombinacji cynku z nast\u0119puj\u0105cymi rodzajami klej&oacute;w: silikony zawieraj\u0105ce kwasy i \u017cywice epoksydowe, kleje melaminowe, kleje fenolowo-formaldehydowe.<\/p>\n<\/li>\n<\/ul>\n<h2><strong>Lutowanie<\/strong><\/h2>\n<p>Znaczn\u0105 zalet\u0105 materia\u0142u NedZink jest mo\u017cliwo\u015b\u0107 zastosowania lutowania mi\u0119kkiego jako techniki po\u0142\u0105cze\u0144. W miejscach gdzie wymagane s\u0105 solidne, wodoszczelne po\u0142\u0105czenia (przyk\u0142adowo w rynnach dachowych) lutuje si\u0119 przy u\u017cyciu kolby lutowniczej, lutu o\u0142owiano-cynowego oraz odpowiedniego p\u0142ynu do lutowania.<\/p>\n<p>Lutowanie NedZink NUANCE odpowiada lutowaniu nowego go\u0142owalcowanego cynku, wymaga jednak dodatkowej uwagi. Dla dobrego po\u0142\u0105czenia lutowanego wpierw powierzchnie, kt&oacute;re b\u0119d\u0105 lutowane musz\u0105 by\u0107 ca\u0142kowicie oczyszczone a\u017c do bazowego metalu. W tym celu mo\u017cna szlifowa\u0107 lub przeciera\u0107 warstw\u0119 patyny p\u0142ynem lutowniczym, wycieraj\u0105c po kilku sekundach jego dzia\u0142ania such\u0105 szmatk\u0105. Istniej\u0105 r&oacute;\u017cne marki p\u0142yn&oacute;w lutowniczych &bdquo;do tytan-cynku&rdquo;, kt&oacute;re daj\u0105 dobre efekty lutowania. Dalsze zalecenia lutownicze znajd\u0105 Pa\u0144stwo na www.nedzink.com.<\/p>\n<h2><strong>Obr&oacute;bka mechaniczna<\/strong><\/h2>\n<p><span lang=\"DE\" style=\"line-height: 115%; font-family: &quot;Arial&quot;,&quot;sans-serif&quot;; font-size: 10pt; -ms-layout-grid-mode: line; mso-fareast-font-family: &quot;Times New Roman&quot;; mso-ansi-language: DE; mso-fareast-language: NL; mso-bidi-language: AR-SA; mso-bidi-font-family: &quot;Times New Roman&quot;; mso-bidi-font-size: 12.0pt;\">Przy temperaturze materia\u0142u poni\u017cej 7 &deg;C zalecamy nie formowa\u0107 istotnie cynku, by unikn\u0105\u0107 uszkodze\u0144 cynku (np. mikrop\u0119kni\u0119\u0107). Tak\u017ce przy dalszej rzemie\u015blniczej czy maszynowej obr&oacute;bce zwracamy uwag\u0119 na przestrzeganie wszelkich wytycznych przetwarzania fach&oacute;w rzemie\u015blniczych blacharza i dekarza oraz uznanych zasad techniki. Szczeg&oacute;lnie \u015bci\u015ble przestrzega\u0107 nale\u017cy wymaganego minimalnego promienia przy gi\u0119ciu i kantowaniu zaokr\u0105glonymi narz\u0119dziami i szynami wynosz\u0105cego 2mm.<\/span><\/p>\n<h2><strong>Transport i magazynowanie<\/strong><\/h2>\n<p>Przy transporcie nale\u017cy koniecznie zadba\u0107 o solidne pakowanie, celem unikni\u0119cia uszkodze\u0144 cynku. Produkty NedZink zawsze musz\u0105 by\u0107 w transporcie suche i wentylowane. Ta\u015bmy i arkusze musz\u0105 by\u0107 zabezpieczone przed uszkodzeniami w transporcie (rysy, wgniecenia).<\/p>\n<p>Magazynowanie materia\u0142u NedZink musi zapewnia\u0107 warunki suche i wentylowane oraz chroni\u0107 przed uszkodzeniami oraz w szczeg&oacute;lno\u015bci przed wysok\u0105 wilgotno\u015bci\u0105 powietrza. Odradza si\u0119 magazynowanie na zewn\u0105trz.<\/p>\n<p>NedZink GmbH<\/p>\n<p><span style=\"font-size: 10px;\"><em>Dalsze informacje o produktach NedZink mo\u017cna uzyska\u0107 w wytycznych technicznych NedZink, dost\u0119pnych do pobrania na niniejszej stronie internetowej. Istnieje tak\u017ce mo\u017cliwo\u015b\u0107 ich przes\u0142ania do Pa\u0144stwa w formie papierowej.<\/em><\/span><\/p>\n<p><span style=\"font-size: 10px;\"><em>Niniejsze informacje stworzono z najwi\u0119ksz\u0105 staranno\u015bci\u0105. Dane w nich zawarte odpowiadaj\u0105 naszemu dzisiejszemu stanowi wiedzy oraz daj\u0105 informacje o naszych produktach i ich mo\u017cliwo\u015bciach zastosowa\u0144. Na podstawie tre\u015bci tych instrukcji nie mo\u017cna dochodzi\u0107 \u017cadnych praw<\/em><\/span><em>.<\/em><\/p>\n<p><a href=\"https:\/\/www.nedzink.com\/wp-content\/uploads\/import\/cms\/userfiles\/files\/downloads\/pl\/2017\/Wytyczne-przetwarzania-NedZink-NUANCE.pdf\"><u><font color=\"#0066cc\">Pobierz Wytyczne przetwarzania NedZink&nbsp;NUANCE<\/font><\/u><\/a><\/p>\n<p>&nbsp;&nbsp;<\/p>\n","protected":false},"excerpt":{"rendered":"<p>Dla NedZink NUANCE przestrzega\u0107 nale\u017cy nast\u0119puj\u0105cych specjalnych wytycznych technicznych, poza og&oacute;lnymi wytycznymi przetwarzania dla NedZink NATUREL, NOVA i NOIR: W\u0142a\u015bciwo\u015bci materia\u0142owe NedZink NATUREL to go\u0142owalcowany tytan-cynk, produkowany wg normy EN 988 i certyfikowany przez Lloyd&#39;s Register. NedZink NATUREL ma naturaln\u0105, l\u015bni\u0105co walcowan\u0105 powierzchni\u0119. NedZink NOVA i NedZink NOIR to patynowane powierzchnie cynku, powstaj\u0105ce w procesie [&hellip;]<\/p>\n","protected":false},"author":9,"featured_media":0,"parent":0,"menu_order":990,"comment_status":"closed","ping_status":"closed","template":"template-import.php","meta":{"_acf_changed":false,"footnotes":""},"class_list":["post-30629","page","type-page","status-publish","hentry"],"acf":[],"yoast_head":"<!-- This site is optimized with the Yoast SEO plugin v26.8 - https:\/\/yoast.com\/product\/yoast-seo-wordpress\/ -->\n<title>NedZink NUANCE \u2013 NedZink<\/title>\n<meta name=\"robots\" content=\"index, follow, max-snippet:-1, max-image-preview:large, max-video-preview:-1\" \/>\n<link rel=\"canonical\" href=\"https:\/\/www.nedzink.com\/pl\/nedzink-nuance\/\" \/>\n<meta property=\"og:locale\" content=\"pl_PL\" \/>\n<meta property=\"og:type\" content=\"article\" \/>\n<meta property=\"og:title\" content=\"NedZink NUANCE \u2013 NedZink\" \/>\n<meta property=\"og:description\" content=\"Dla NedZink NUANCE przestrzega\u0107 nale\u017cy nast\u0119puj\u0105cych specjalnych wytycznych technicznych, poza og&oacute;lnymi wytycznymi przetwarzania dla NedZink NATUREL, NOVA i NOIR: W\u0142a\u015bciwo\u015bci materia\u0142owe NedZink NATUREL to go\u0142owalcowany tytan-cynk, produkowany wg normy EN 988 i certyfikowany przez Lloyd&#039;s Register. NedZink NATUREL ma naturaln\u0105, l\u015bni\u0105co walcowan\u0105 powierzchni\u0119. NedZink NOVA i NedZink NOIR to patynowane powierzchnie cynku, powstaj\u0105ce w procesie [&hellip;]\" \/>\n<meta property=\"og:url\" content=\"https:\/\/www.nedzink.com\/pl\/nedzink-nuance\/\" \/>\n<meta property=\"og:site_name\" content=\"NedZink\" \/>\n<meta name=\"twitter:card\" content=\"summary_large_image\" \/>\n<meta name=\"twitter:label1\" content=\"Szacowany czas czytania\" \/>\n\t<meta name=\"twitter:data1\" content=\"6 minut\" \/>\n<script type=\"application\/ld+json\" class=\"yoast-schema-graph\">{\"@context\":\"https:\/\/schema.org\",\"@graph\":[{\"@type\":\"WebPage\",\"@id\":\"https:\/\/www.nedzink.com\/pl\/nedzink-nuance\/\",\"url\":\"https:\/\/www.nedzink.com\/pl\/nedzink-nuance\/\",\"name\":\"NedZink NUANCE \u2013 NedZink\",\"isPartOf\":{\"@id\":\"https:\/\/www.nedzink.com\/pl\/#website\"},\"datePublished\":\"2019-06-04T12:53:57+00:00\",\"breadcrumb\":{\"@id\":\"https:\/\/www.nedzink.com\/pl\/nedzink-nuance\/#breadcrumb\"},\"inLanguage\":\"pl-PL\",\"potentialAction\":[{\"@type\":\"ReadAction\",\"target\":[\"https:\/\/www.nedzink.com\/pl\/nedzink-nuance\/\"]}]},{\"@type\":\"BreadcrumbList\",\"@id\":\"https:\/\/www.nedzink.com\/pl\/nedzink-nuance\/#breadcrumb\",\"itemListElement\":[{\"@type\":\"ListItem\",\"position\":1,\"name\":\"Home\",\"item\":\"https:\/\/www.nedzink.com\/pl\/\"},{\"@type\":\"ListItem\",\"position\":2,\"name\":\"NedZink NUANCE\"}]},{\"@type\":\"WebSite\",\"@id\":\"https:\/\/www.nedzink.com\/pl\/#website\",\"url\":\"https:\/\/www.nedzink.com\/pl\/\",\"name\":\"NedZink\",\"description\":\"Zink fabrikant\",\"publisher\":{\"@id\":\"https:\/\/www.nedzink.com\/pl\/#organization\"},\"potentialAction\":[{\"@type\":\"SearchAction\",\"target\":{\"@type\":\"EntryPoint\",\"urlTemplate\":\"https:\/\/www.nedzink.com\/pl\/?s={search_term_string}\"},\"query-input\":{\"@type\":\"PropertyValueSpecification\",\"valueRequired\":true,\"valueName\":\"search_term_string\"}}],\"inLanguage\":\"pl-PL\"},{\"@type\":\"Organization\",\"@id\":\"https:\/\/www.nedzink.com\/pl\/#organization\",\"name\":\"NedZink\",\"url\":\"https:\/\/www.nedzink.com\/pl\/\",\"logo\":{\"@type\":\"ImageObject\",\"inLanguage\":\"pl-PL\",\"@id\":\"https:\/\/www.nedzink.com\/pl\/#\/schema\/logo\/image\/\",\"url\":\"https:\/\/www.nedzink.com\/wp-content\/uploads\/2019\/08\/logo-nedzink_fc_zk.jpg\",\"contentUrl\":\"https:\/\/www.nedzink.com\/wp-content\/uploads\/2019\/08\/logo-nedzink_fc_zk.jpg\",\"width\":2160,\"height\":688,\"caption\":\"NedZink\"},\"image\":{\"@id\":\"https:\/\/www.nedzink.com\/pl\/#\/schema\/logo\/image\/\"}}]}<\/script>\n<!-- \/ Yoast SEO plugin. -->","yoast_head_json":{"title":"NedZink NUANCE \u2013 NedZink","robots":{"index":"index","follow":"follow","max-snippet":"max-snippet:-1","max-image-preview":"max-image-preview:large","max-video-preview":"max-video-preview:-1"},"canonical":"https:\/\/www.nedzink.com\/pl\/nedzink-nuance\/","og_locale":"pl_PL","og_type":"article","og_title":"NedZink NUANCE \u2013 NedZink","og_description":"Dla NedZink NUANCE przestrzega\u0107 nale\u017cy nast\u0119puj\u0105cych specjalnych wytycznych technicznych, poza og&oacute;lnymi wytycznymi przetwarzania dla NedZink NATUREL, NOVA i NOIR: W\u0142a\u015bciwo\u015bci materia\u0142owe NedZink NATUREL to go\u0142owalcowany tytan-cynk, produkowany wg normy EN 988 i certyfikowany przez Lloyd&#39;s Register. NedZink NATUREL ma naturaln\u0105, l\u015bni\u0105co walcowan\u0105 powierzchni\u0119. NedZink NOVA i NedZink NOIR to patynowane powierzchnie cynku, powstaj\u0105ce w procesie [&hellip;]","og_url":"https:\/\/www.nedzink.com\/pl\/nedzink-nuance\/","og_site_name":"NedZink","twitter_card":"summary_large_image","twitter_misc":{"Szacowany czas czytania":"6 minut"},"schema":{"@context":"https:\/\/schema.org","@graph":[{"@type":"WebPage","@id":"https:\/\/www.nedzink.com\/pl\/nedzink-nuance\/","url":"https:\/\/www.nedzink.com\/pl\/nedzink-nuance\/","name":"NedZink NUANCE \u2013 NedZink","isPartOf":{"@id":"https:\/\/www.nedzink.com\/pl\/#website"},"datePublished":"2019-06-04T12:53:57+00:00","breadcrumb":{"@id":"https:\/\/www.nedzink.com\/pl\/nedzink-nuance\/#breadcrumb"},"inLanguage":"pl-PL","potentialAction":[{"@type":"ReadAction","target":["https:\/\/www.nedzink.com\/pl\/nedzink-nuance\/"]}]},{"@type":"BreadcrumbList","@id":"https:\/\/www.nedzink.com\/pl\/nedzink-nuance\/#breadcrumb","itemListElement":[{"@type":"ListItem","position":1,"name":"Home","item":"https:\/\/www.nedzink.com\/pl\/"},{"@type":"ListItem","position":2,"name":"NedZink NUANCE"}]},{"@type":"WebSite","@id":"https:\/\/www.nedzink.com\/pl\/#website","url":"https:\/\/www.nedzink.com\/pl\/","name":"NedZink","description":"Zink fabrikant","publisher":{"@id":"https:\/\/www.nedzink.com\/pl\/#organization"},"potentialAction":[{"@type":"SearchAction","target":{"@type":"EntryPoint","urlTemplate":"https:\/\/www.nedzink.com\/pl\/?s={search_term_string}"},"query-input":{"@type":"PropertyValueSpecification","valueRequired":true,"valueName":"search_term_string"}}],"inLanguage":"pl-PL"},{"@type":"Organization","@id":"https:\/\/www.nedzink.com\/pl\/#organization","name":"NedZink","url":"https:\/\/www.nedzink.com\/pl\/","logo":{"@type":"ImageObject","inLanguage":"pl-PL","@id":"https:\/\/www.nedzink.com\/pl\/#\/schema\/logo\/image\/","url":"https:\/\/www.nedzink.com\/wp-content\/uploads\/2019\/08\/logo-nedzink_fc_zk.jpg","contentUrl":"https:\/\/www.nedzink.com\/wp-content\/uploads\/2019\/08\/logo-nedzink_fc_zk.jpg","width":2160,"height":688,"caption":"NedZink"},"image":{"@id":"https:\/\/www.nedzink.com\/pl\/#\/schema\/logo\/image\/"}}]}},"_links":{"self":[{"href":"https:\/\/www.nedzink.com\/pl\/wp-json\/wp\/v2\/pages\/30629","targetHints":{"allow":["GET"]}}],"collection":[{"href":"https:\/\/www.nedzink.com\/pl\/wp-json\/wp\/v2\/pages"}],"about":[{"href":"https:\/\/www.nedzink.com\/pl\/wp-json\/wp\/v2\/types\/page"}],"author":[{"embeddable":true,"href":"https:\/\/www.nedzink.com\/pl\/wp-json\/wp\/v2\/users\/9"}],"replies":[{"embeddable":true,"href":"https:\/\/www.nedzink.com\/pl\/wp-json\/wp\/v2\/comments?post=30629"}],"version-history":[{"count":0,"href":"https:\/\/www.nedzink.com\/pl\/wp-json\/wp\/v2\/pages\/30629\/revisions"}],"wp:attachment":[{"href":"https:\/\/www.nedzink.com\/pl\/wp-json\/wp\/v2\/media?parent=30629"}],"curies":[{"name":"wp","href":"https:\/\/api.w.org\/{rel}","templated":true}]}}