{"id":30579,"date":"2019-06-04T14:53:42","date_gmt":"2019-06-04T12:53:42","guid":{"rendered":"http:\/\/136.144.181.85\/~nedzink\/informacje-techniczne\/wytyczne-przetwarzania-i-montazu\/wytyczne-przetwarzania\/nedzink-nova\/"},"modified":"2022-02-22T11:27:18","modified_gmt":"2022-02-22T10:27:18","slug":"nedzink-nova-2","status":"publish","type":"page","link":"https:\/\/www.nedzink.com\/pl\/nedzink-nova-2\/","title":{"rendered":"NedZink NOVA"},"content":{"rendered":"<p>Przy pomocy niniejszej karty produktowej chcemy Pa\u0144stwu przekaza\u0107 dodatkowe istotne informacje oraz wytyczne przetwarzania naszych produkt\u00f3w NedZink NATUREL, -NOVA i \u2013NOIR.<\/p>\n<h2><strong>W\u0142a\u015bciwo\u015bci materia\u0142owe<\/strong><\/h2>\n<p>NedZinkNATUREL to go\u0142owalcowany tytan-cynk, produkowany wg. normy EN 988 i certyfikowany przez LRQA. NedZink NATUREL ma naturaln\u0105, l\u015bni\u0105co walcowan\u0105 powierzchni\u0119. NedZink NOVA i NedZink NOIR to patynowane powierzchnie cynku, powstaj\u0105ce w procesie fosfatyzacji. Jako materia\u0142 bazowy stosuje si\u0119 go\u0142owalcowany tytan-cynk NedZink NATUREL. Poprzez proces fosfatyzacji powstaje powierzchnia bardzo zbli\u017cona do normalnej, powstaj\u0105cej naturalnie patyny. W\u0142a\u015bciwo\u015bci cynku pozostaj\u0105 przy tym w pe\u0142ni zachowane.<\/p>\n<p>Ka\u017cdy walcowany metal, wi\u0119c tak\u017ce materia\u0142 NedZink wykazuje w pewnym stopniu napi\u0119cia wynikaj\u0105ce z walcowania. Wynika to z procesu produkcyjnego i jest nieuniknione. Nowoczesna technika niweluje w du\u017cym stopniu te napi\u0119cia. Mimo tego, mo\u017ce si\u0119 zdarzy\u0107, \u017ce po przetworzeniu materia\u0142u NedZink przez osoby trzecie, napi\u0119cia walcownicze ponownie wyst\u0105pi\u0105 w ma\u0142ym stopniu.<\/p>\n<h2><strong>Ochrona powierzchni<\/strong><\/h2>\n<p>NedZink NATUREL dostarczany jest z l\u015bni\u0105co walcowan\u0105 powierzchni\u0105. Przy kontakcie z powietrzem zewn\u0119trznym oraz pod wp\u0142ywem wilgoci z powietrza lub opad\u00f3w tworzy si\u0119 ochronna warstwa w\u0119glanu cynku, tak zwana patyna. Proces ten rozpoczyna si\u0119 natychmiast po monta\u017cu i trwa a\u017c do jednolicie wytworzonej warstwy ochronnej. Pocz\u0105tkowo poprzez dopiero tworz\u0105c\u0105 si\u0119 warstw\u0119 patyny powstaje nier\u00f3wnomierny wygl\u0105d powierzchni. Inne czynniki, kt\u00f3re odgrywaj\u0105 rol\u0119 w tym procesie patynowania to: geometria budynku, warunki pogodowe podczas monta\u017cu, a tak\u017ce przechowywanie cynku tytanowego przed monta\u017cem.<\/p>\n<p>NedZink NOVA i NedZink NOIR zachowuj\u0105 naturalne w\u0142a\u015bciwo\u015bci cynku, wi\u0119c wyst\u0105pi\u0107 mog\u0105 nieznaczne r\u00f3\u017cnice odcieni kolor\u00f3w. Poprzez specjalny proces produkcji kolor jest szczeg\u00f3lnie stabilny, jednak zawsze podlega partiom produkcyjnym. Nale\u017cy stosowa\u0107 zawsze materia\u0142 tej samej partii na potrzeby konkretnych projekt\u00f3w, celem unikni\u0119cia r\u00f3\u017cnic kolorystycznych. Oznaczenie partii produkcyjnych znajd\u0105 Pa\u0144stwo na odwrotnej (tylnej) stronie materia\u0142u.<\/p>\n<p>Prosz\u0119 przetwarza\u0107 NedZink NOVA i NedZink NOIR zawsze w tym samym kierunku walcowania celem unikni\u0119cia r\u00f3\u017cnic kolor\u00f3w. Na odwrotnej stronie oznaczono strza\u0142kami kierunek walcowania. Prosz\u0119 przed monta\u017cem skontrolowa\u0107 kierunek walcowania.<\/p>\n<h2><strong>Osadzanie si\u0119 soli<\/strong><\/h2>\n<p>W klimacie morskim oraz w pobli\u017cu wybrze\u017ca s\u00f3l w powietrzu lub w wodzie mo\u017ce reagowa\u0107 z cynkiem tworz\u0105c na powierzchniach chlorek cynku, kt\u00f3ry nie jest zmywany przez wod\u0119 opadow\u0105. Ujawnia si\u0119 to poprzez nieodwracalne bia\u0142e plamy. Plamy te nie maj\u0105 wp\u0142ywu na funkcjonalno\u015b\u0107 i nie prowadz\u0105 do korozji. (Przy braku deszczu lub na powierzchniach os\u0142oni\u0119tych przed deszczem powinno si\u0119 regularnie obmywa\u0107 (ciep\u0142\u0105) wod\u0105.) NedZink nie odpowiada za efekty odk\u0142adania si\u0119 soli.<\/p>\n<h2><strong>Anti-Fingerprint (AFP)<\/strong><\/h2>\n<p>By unikn\u0105\u0107 odcisk\u00f3w palc\u00f3w przy monta\u017cu i zoptymalizowa\u0107 przetwarzanie maszynowe, wprowadzono pow\u0142ok\u0119 Anti-Fingerprint, kt\u00f3ra daje lekko b\u0142yszcz\u0105c\u0105 powierzchni\u0119. Po\u0142ysk ten zmniejsza si\u0119 z biegiem czasu.<\/p>\n<h2><strong>Folia ochronna<\/strong><\/h2>\n<p>Na \u017cyczenie NedZink NOVA mo\u017ce by\u0107 dostarczane z tymczasow\u0105 foli\u0105 ochronn\u0105, zmniejszaj\u0105c\u0105 ryzyko uszkodze\u0144 podczas przetwarzania. NedZink NOIR standardowo jest dostarczany z t\u0105 tymczasow\u0105 foli\u0105 ochronn\u0105. Folia nie jest trwale odporna na promienie ultrafioletowe i s\u0142u\u017cy jedynie jako przej\u015bciowa ochrona. Dlatego folia bezpo\u015brednio po monta\u017cu na budowie musi zosta\u0107 usuni\u0119ta. Dla bezproblemowego zdejmowania foli, temperatura materia\u0142u powinna wynosi\u0107 min. 7\u00b0 C. Folia nie mo\u017ce by\u0107 przetwarzana w po\u0142\u0105czeniach, przyk\u0142adowo w po\u0142\u0105czeniu falcowanym. Ponadto nale\u017cy unika\u0107 dostania si\u0119 wody pomi\u0119dzy cynk a foli\u0119. Je\u015bli NedZink NOVA lub NedZink NOIR zam\u00f3wione zostan\u0105 bez foli, materia\u0142y te w wyniku tego b\u0119d\u0105 wra\u017cliwsze na zadrapania przy przetwarzaniu.<\/p>\n<h2><strong>Monta\u017c<\/strong><\/h2>\n<p>Tytan-cynk NedZink mo\u017ce by\u0107 stosowany na wentylowanych konstrukcjach, jak r\u00f3wnie\u017c na takich bez wentylacji tylnej. We wszystkich przypadkach nale\u017cy przestrzega\u0107 odpowiednich zbior\u00f3w regu\u0142 jak np. znormalizowanych warunk\u00f3w wykonywania rob\u00f3t budowlanych, sztuki zawodowej etc., jak r\u00f3wnie\u017c zalece\u0144 ze strony <a href=\"https:\/\/www.nedzink.com\">www.nedzink.com<\/a>lub technicznych wytycznych NedZink.<\/p>\n<p>Cynk to metal kt\u00f3ry pod wp\u0142ywem temperatury si\u0119 rozszerza lub kurczy. We wszystkich przypadkach monta\u017c musi umo\u017cliwia\u0107 wolne termiczne rozszerzanie materia\u0142u.<\/p>\n<h2><strong>Tytan-cynk i inne materia\u0142y<\/strong><\/h2>\n<ul>\n<li>\n<p style=\"margin-left: 18.0pt;\">Bezpo\u015bredni kontakt z betonem, wapnem, bitumem, zapraw\u0105 (i innymi alkalicznych produktami) powinien by\u0107 unikany.<\/p>\n<\/li>\n<li>\n<p style=\"margin-left: 18.0pt;\">W powi\u0105zaniu z wy\u0142ugowywaniem si\u0119 drewna tytan-cynk nie mo\u017ce by\u0107 stosowany w kombinacji z dachem trzcinowym i niekt\u00f3rymi deskami z drzew li\u015bciastych jak np. d\u0105b, buk, cedr czerwony itd. Dla pozosta\u0142ych rodzaj\u00f3w drewna odsy\u0142amy na stron\u0119 internetow\u0105 www.nedzink.com lub do wskaz\u00f3wek technicznych NedZink.<\/p>\n<\/li>\n<li>\n<p style=\"margin-left: 18.0pt;\">Odradzamy od kombinacji cynku z nast\u0119puj\u0105cymi rodzajami klej\u00f3w: silikony zawieraj\u0105ce kwasy i \u017cywice epoksydowe, kleje melaminowe, kleje<br \/>\nfenolowo- formaldehydowe<\/p>\n<\/li>\n<\/ul>\n<h2><strong>Lutowanie<\/strong><\/h2>\n<p>Znaczn\u0105 zalet\u0105 materia\u0142u NedZink jest mo\u017cliwo\u015b\u0107 zastosowania lutowania mi\u0119kkiego jako techniki po\u0142\u0105cze\u0144. W miejscach gdzie wymagane s\u0105 solidne, wodoszczelne po\u0142\u0105czenia (przyk\u0142adowo w rynnach dachowych) lutuje si\u0119 przy u\u017cyciu miedzianej lutownicy, lutu o\u0142owiano-cynowego oraz odpowiedniego p\u0142ynu do lutowania.<\/p>\n<p>Lutowanie NedZink NOVA oraz NOIR odpowiada lutowaniu nowego go\u0142owalcowanego cynku, wymaga jednak dodatkowej uwagi. Dla dobrego po\u0142\u0105czenia lutowanego wpierw powierzchnie kt\u00f3re b\u0119d\u0105 lutowane musz\u0105 by\u0107 ca\u0142kowicie oczyszczone a\u017c do bazowego metalu. W tym celu mo\u017cna szlifowa\u0107 lub wciera\u0107 warstw\u0119 patyny p\u0142ynem lutowniczym, wycieraj\u0105c po kilku sekundach jego dzia\u0142ania such\u0105 szmatk\u0105. Istniej\u0105 r\u00f3\u017cne marki p\u0142yn\u00f3w lutowniczych \u201enadaj\u0105cych si\u0119 do tytan-cynku\u201d, kt\u00f3re daj\u0105 dobre efekty lutowania. Dalsze zalecenia lutownicze znajd\u0105 Pa\u0144stwo na <a href=\"https:\/\/www.nedzink.com\">www.nedzink.com<\/a>.<\/p>\n<h2><strong>Obr\u00f3bka mechaniczna<\/strong><\/h2>\n<p>Przy temperaturze materia\u0142u poni\u017cej 7 \u00b0C zalecamy, nie formowa\u0107 istotnie cynku, by unikn\u0105\u0107 uszkodze\u0144 cynku (np. mikrop\u0119kni\u0119\u0107).<\/p>\n<h2><strong>Transport i magazynowanie<\/strong><\/h2>\n<p>Przy transporcie nale\u017cy koniecznie zadba\u0107 o solidne pakowanie, celem unikni\u0119cia uszkodze\u0144 cynku. Produkty NedZink zawsze musz\u0105 by\u0107 w transporcie suche i wentylowane. Ta\u015bmy i arkusze musz\u0105 by\u0107 zabezpieczone przed uszkodzeniami w transporcie (rysy, wgniecenia).<\/p>\n<p>Magazynowanie materia\u0142u NedZink musi zapewnia\u0107 warunki suche i wentylowane oraz chroni\u0107 przed uszkodzeniami oraz w szczeg\u00f3lno\u015bci przed wysok\u0105 wilgotno\u015bci\u0105 powietrza. Odradza si\u0119 magazynowanie na zewn\u0105trz.<\/p>\n<p>NedZink GmbH<\/p>\n<p><em>Dalsze informacje o produktach NedZink mo\u017cna uzyska\u0107 w wytycznych technicznych NedZink, dost\u0119pne do pobranie na niniejszej stronie internetowej. Istnieje tak\u017ce mo\u017cliwo\u015b\u0107 ich przes\u0142ania do Pa\u0144stwa w formie papierowej.<\/em><\/p>\n<p><em>Niniejsze informacje stworzono z najwi\u0119ksz\u0105 staranno\u015bci\u0105. Dane w nich zawarte odpowiadaj\u0105 naszemu dzisiejszemu stanowi wiedzy oraz daj\u0105 informacje o naszych produktach i ich mo\u017cliwo\u015bciach zastosowa\u0144. Na podstawie tre\u015bci tych instrukcji nie mo\u017cna dochodzi\u0107 \u017cadnych praw.<\/em><\/p>\n<p><a href=\"https:\/\/www.nedzink.com\/wp-content\/uploads\/import\/cms\/userfiles\/files\/downloads\/pl\/2017\/Verwerkingsvoorschriften-NedZink-Pools-def.pdf\">Pobierz Wytyczne przetwarzania NedZink NATUREL, NOVA i NOIR<\/a><\/p>\n<p>&nbsp;<\/p>\n","protected":false},"excerpt":{"rendered":"<p>Przy pomocy niniejszej karty produktowej chcemy Pa\u0144stwu przekaza\u0107 dodatkowe istotne informacje oraz wytyczne przetwarzania naszych produkt\u00f3w NedZink NATUREL, -NOVA i \u2013NOIR. W\u0142a\u015bciwo\u015bci materia\u0142owe NedZinkNATUREL to go\u0142owalcowany tytan-cynk, produkowany wg. normy EN 988 i certyfikowany przez LRQA. NedZink NATUREL ma naturaln\u0105, l\u015bni\u0105co walcowan\u0105 powierzchni\u0119. NedZink NOVA i NedZink NOIR to patynowane powierzchnie cynku, powstaj\u0105ce w procesie [&hellip;]<\/p>\n","protected":false},"author":9,"featured_media":0,"parent":0,"menu_order":530,"comment_status":"closed","ping_status":"closed","template":"template-import.php","meta":{"_acf_changed":false,"footnotes":""},"class_list":["post-30579","page","type-page","status-publish","hentry"],"acf":[],"yoast_head":"<!-- This site is optimized with the Yoast SEO plugin v26.8 - https:\/\/yoast.com\/product\/yoast-seo-wordpress\/ -->\n<title>NedZink NOVA \u2013 NedZink<\/title>\n<meta name=\"robots\" content=\"index, follow, max-snippet:-1, max-image-preview:large, max-video-preview:-1\" \/>\n<link rel=\"canonical\" href=\"https:\/\/www.nedzink.com\/pl\/nedzink-nova-2\/\" \/>\n<meta property=\"og:locale\" content=\"pl_PL\" \/>\n<meta property=\"og:type\" content=\"article\" \/>\n<meta property=\"og:title\" content=\"NedZink NOVA \u2013 NedZink\" \/>\n<meta property=\"og:description\" content=\"Przy pomocy niniejszej karty produktowej chcemy Pa\u0144stwu przekaza\u0107 dodatkowe istotne informacje oraz wytyczne przetwarzania naszych produkt\u00f3w NedZink NATUREL, -NOVA i \u2013NOIR. W\u0142a\u015bciwo\u015bci materia\u0142owe NedZinkNATUREL to go\u0142owalcowany tytan-cynk, produkowany wg. normy EN 988 i certyfikowany przez LRQA. NedZink NATUREL ma naturaln\u0105, l\u015bni\u0105co walcowan\u0105 powierzchni\u0119. NedZink NOVA i NedZink NOIR to patynowane powierzchnie cynku, powstaj\u0105ce w procesie [&hellip;]\" \/>\n<meta property=\"og:url\" content=\"https:\/\/www.nedzink.com\/pl\/nedzink-nova-2\/\" \/>\n<meta property=\"og:site_name\" content=\"NedZink\" \/>\n<meta property=\"article:modified_time\" content=\"2022-02-22T10:27:18+00:00\" \/>\n<meta name=\"twitter:card\" content=\"summary_large_image\" \/>\n<meta name=\"twitter:label1\" content=\"Szacowany czas czytania\" \/>\n\t<meta name=\"twitter:data1\" content=\"5 minut\" \/>\n<script type=\"application\/ld+json\" class=\"yoast-schema-graph\">{\"@context\":\"https:\/\/schema.org\",\"@graph\":[{\"@type\":\"WebPage\",\"@id\":\"https:\/\/www.nedzink.com\/pl\/nedzink-nova-2\/\",\"url\":\"https:\/\/www.nedzink.com\/pl\/nedzink-nova-2\/\",\"name\":\"NedZink NOVA \u2013 NedZink\",\"isPartOf\":{\"@id\":\"https:\/\/www.nedzink.com\/pl\/#website\"},\"datePublished\":\"2019-06-04T12:53:42+00:00\",\"dateModified\":\"2022-02-22T10:27:18+00:00\",\"breadcrumb\":{\"@id\":\"https:\/\/www.nedzink.com\/pl\/nedzink-nova-2\/#breadcrumb\"},\"inLanguage\":\"pl-PL\",\"potentialAction\":[{\"@type\":\"ReadAction\",\"target\":[\"https:\/\/www.nedzink.com\/pl\/nedzink-nova-2\/\"]}]},{\"@type\":\"BreadcrumbList\",\"@id\":\"https:\/\/www.nedzink.com\/pl\/nedzink-nova-2\/#breadcrumb\",\"itemListElement\":[{\"@type\":\"ListItem\",\"position\":1,\"name\":\"Home\",\"item\":\"https:\/\/www.nedzink.com\/pl\/\"},{\"@type\":\"ListItem\",\"position\":2,\"name\":\"NedZink NOVA\"}]},{\"@type\":\"WebSite\",\"@id\":\"https:\/\/www.nedzink.com\/pl\/#website\",\"url\":\"https:\/\/www.nedzink.com\/pl\/\",\"name\":\"NedZink\",\"description\":\"Zink fabrikant\",\"publisher\":{\"@id\":\"https:\/\/www.nedzink.com\/pl\/#organization\"},\"potentialAction\":[{\"@type\":\"SearchAction\",\"target\":{\"@type\":\"EntryPoint\",\"urlTemplate\":\"https:\/\/www.nedzink.com\/pl\/?s={search_term_string}\"},\"query-input\":{\"@type\":\"PropertyValueSpecification\",\"valueRequired\":true,\"valueName\":\"search_term_string\"}}],\"inLanguage\":\"pl-PL\"},{\"@type\":\"Organization\",\"@id\":\"https:\/\/www.nedzink.com\/pl\/#organization\",\"name\":\"NedZink\",\"url\":\"https:\/\/www.nedzink.com\/pl\/\",\"logo\":{\"@type\":\"ImageObject\",\"inLanguage\":\"pl-PL\",\"@id\":\"https:\/\/www.nedzink.com\/pl\/#\/schema\/logo\/image\/\",\"url\":\"https:\/\/www.nedzink.com\/wp-content\/uploads\/2019\/08\/logo-nedzink_fc_zk.jpg\",\"contentUrl\":\"https:\/\/www.nedzink.com\/wp-content\/uploads\/2019\/08\/logo-nedzink_fc_zk.jpg\",\"width\":2160,\"height\":688,\"caption\":\"NedZink\"},\"image\":{\"@id\":\"https:\/\/www.nedzink.com\/pl\/#\/schema\/logo\/image\/\"}}]}<\/script>\n<!-- \/ Yoast SEO plugin. -->","yoast_head_json":{"title":"NedZink NOVA \u2013 NedZink","robots":{"index":"index","follow":"follow","max-snippet":"max-snippet:-1","max-image-preview":"max-image-preview:large","max-video-preview":"max-video-preview:-1"},"canonical":"https:\/\/www.nedzink.com\/pl\/nedzink-nova-2\/","og_locale":"pl_PL","og_type":"article","og_title":"NedZink NOVA \u2013 NedZink","og_description":"Przy pomocy niniejszej karty produktowej chcemy Pa\u0144stwu przekaza\u0107 dodatkowe istotne informacje oraz wytyczne przetwarzania naszych produkt\u00f3w NedZink NATUREL, -NOVA i \u2013NOIR. W\u0142a\u015bciwo\u015bci materia\u0142owe NedZinkNATUREL to go\u0142owalcowany tytan-cynk, produkowany wg. normy EN 988 i certyfikowany przez LRQA. NedZink NATUREL ma naturaln\u0105, l\u015bni\u0105co walcowan\u0105 powierzchni\u0119. NedZink NOVA i NedZink NOIR to patynowane powierzchnie cynku, powstaj\u0105ce w procesie [&hellip;]","og_url":"https:\/\/www.nedzink.com\/pl\/nedzink-nova-2\/","og_site_name":"NedZink","article_modified_time":"2022-02-22T10:27:18+00:00","twitter_card":"summary_large_image","twitter_misc":{"Szacowany czas czytania":"5 minut"},"schema":{"@context":"https:\/\/schema.org","@graph":[{"@type":"WebPage","@id":"https:\/\/www.nedzink.com\/pl\/nedzink-nova-2\/","url":"https:\/\/www.nedzink.com\/pl\/nedzink-nova-2\/","name":"NedZink NOVA \u2013 NedZink","isPartOf":{"@id":"https:\/\/www.nedzink.com\/pl\/#website"},"datePublished":"2019-06-04T12:53:42+00:00","dateModified":"2022-02-22T10:27:18+00:00","breadcrumb":{"@id":"https:\/\/www.nedzink.com\/pl\/nedzink-nova-2\/#breadcrumb"},"inLanguage":"pl-PL","potentialAction":[{"@type":"ReadAction","target":["https:\/\/www.nedzink.com\/pl\/nedzink-nova-2\/"]}]},{"@type":"BreadcrumbList","@id":"https:\/\/www.nedzink.com\/pl\/nedzink-nova-2\/#breadcrumb","itemListElement":[{"@type":"ListItem","position":1,"name":"Home","item":"https:\/\/www.nedzink.com\/pl\/"},{"@type":"ListItem","position":2,"name":"NedZink NOVA"}]},{"@type":"WebSite","@id":"https:\/\/www.nedzink.com\/pl\/#website","url":"https:\/\/www.nedzink.com\/pl\/","name":"NedZink","description":"Zink fabrikant","publisher":{"@id":"https:\/\/www.nedzink.com\/pl\/#organization"},"potentialAction":[{"@type":"SearchAction","target":{"@type":"EntryPoint","urlTemplate":"https:\/\/www.nedzink.com\/pl\/?s={search_term_string}"},"query-input":{"@type":"PropertyValueSpecification","valueRequired":true,"valueName":"search_term_string"}}],"inLanguage":"pl-PL"},{"@type":"Organization","@id":"https:\/\/www.nedzink.com\/pl\/#organization","name":"NedZink","url":"https:\/\/www.nedzink.com\/pl\/","logo":{"@type":"ImageObject","inLanguage":"pl-PL","@id":"https:\/\/www.nedzink.com\/pl\/#\/schema\/logo\/image\/","url":"https:\/\/www.nedzink.com\/wp-content\/uploads\/2019\/08\/logo-nedzink_fc_zk.jpg","contentUrl":"https:\/\/www.nedzink.com\/wp-content\/uploads\/2019\/08\/logo-nedzink_fc_zk.jpg","width":2160,"height":688,"caption":"NedZink"},"image":{"@id":"https:\/\/www.nedzink.com\/pl\/#\/schema\/logo\/image\/"}}]}},"_links":{"self":[{"href":"https:\/\/www.nedzink.com\/pl\/wp-json\/wp\/v2\/pages\/30579","targetHints":{"allow":["GET"]}}],"collection":[{"href":"https:\/\/www.nedzink.com\/pl\/wp-json\/wp\/v2\/pages"}],"about":[{"href":"https:\/\/www.nedzink.com\/pl\/wp-json\/wp\/v2\/types\/page"}],"author":[{"embeddable":true,"href":"https:\/\/www.nedzink.com\/pl\/wp-json\/wp\/v2\/users\/9"}],"replies":[{"embeddable":true,"href":"https:\/\/www.nedzink.com\/pl\/wp-json\/wp\/v2\/comments?post=30579"}],"version-history":[{"count":0,"href":"https:\/\/www.nedzink.com\/pl\/wp-json\/wp\/v2\/pages\/30579\/revisions"}],"wp:attachment":[{"href":"https:\/\/www.nedzink.com\/pl\/wp-json\/wp\/v2\/media?parent=30579"}],"curies":[{"name":"wp","href":"https:\/\/api.w.org\/{rel}","templated":true}]}}