{"id":30550,"date":"2019-06-04T14:53:34","date_gmt":"2019-06-04T12:53:34","guid":{"rendered":"http:\/\/136.144.181.85\/~nedzink\/informacje-techniczne\/wytyczne-przetwarzania-i-montazu\/wytyczne-przetwarzania-i-normy\/"},"modified":"2019-06-04T14:53:34","modified_gmt":"2019-06-04T12:53:34","slug":"wytyczne-przetwarzania-i-normy","status":"publish","type":"page","link":"https:\/\/www.nedzink.com\/pl\/wytyczne-przetwarzania-i-normy\/","title":{"rendered":"Wytyczne przetwarzania i normy"},"content":{"rendered":"<p>\n\tWszystkie prace z produktami NedZink nale\u017cy wykonywa\u0107 wed\u0142ug uznanych regu\u0142 technicznych.<\/p>\n<p>\n\tTechniczn\u0105 i prawn\u0105 baz\u0119 dla prac z produktami NedZink stanowi\u0105 obowi\u0105zuj\u0105ce krajowe i mi\u0119dzynarodowe normy, ustawy budowlane, regu\u0142y sztuki zawodowej oraz znormalizowane warunki wykonywania rob&oacute;t budowlanych.<\/p>\n<p>\n\tUzupe\u0142niaj\u0105co mog\u0105 istnie\u0107 ze strony NedZink dla wybranych zastosowa\u0144 regu\u0142y techniczne oraz wskaz&oacute;wki przetwarzania.&nbsp;<\/p>\n<h2>\n<style type=\"text\/css\">\n<!--{cke_protected}{C}%3C!%2D%2D%0A%20%2F*%20Font%20Definitions%20*%2F%0A%40font-face%0A%09%7Bfont-family%3A%22%EF%BC%AD%EF%BC%B3%20%E6%98%8E%E6%9C%9D%22%3B%0A%09panose-1%3A0%200%200%200%200%200%200%200%200%200%3B%0A%09mso-font-charset%3A128%3B%0A%09mso-generic-font-family%3Aroman%3B%0A%09mso-font-format%3Aother%3B%0A%09mso-font-pitch%3Afixed%3B%0A%09mso-font-signature%3A1%20134676480%2016%200%20131072%200%3B%7D%0A%40font-face%0A%09%7Bfont-family%3A%22%EF%BC%AD%EF%BC%B3%20%E3%82%B4%E3%82%B7%E3%83%83%E3%82%AF%22%3B%0A%09panose-1%3A0%200%200%200%200%200%200%200%200%200%3B%0A%09mso-font-charset%3A128%3B%0A%09mso-generic-font-family%3Amodern%3B%0A%09mso-font-format%3Aother%3B%0A%09mso-font-pitch%3Afixed%3B%0A%09mso-font-signature%3A1%20134676480%2016%200%20131072%200%3B%7D%0A%40font-face%0A%09%7Bfont-family%3A%22Cambria%20Math%22%3B%0A%09panose-1%3A2%204%205%203%205%204%206%203%202%204%3B%0A%09mso-font-charset%3A0%3B%0A%09mso-generic-font-family%3Aauto%3B%0A%09mso-font-pitch%3Avariable%3B%0A%09mso-font-signature%3A3%200%200%200%201%200%3B%7D%0A%40font-face%0A%09%7Bfont-family%3ACalibri%3B%0A%09panose-1%3A2%2015%205%202%202%202%204%203%202%204%3B%0A%09mso-font-charset%3A0%3B%0A%09mso-generic-font-family%3Aauto%3B%0A%09mso-font-pitch%3Avariable%3B%0A%09mso-font-signature%3A3%200%200%200%201%200%3B%7D%0A%40font-face%0A%09%7Bfont-family%3ACambria%3B%0A%09panose-1%3A2%204%205%203%205%204%206%203%202%204%3B%0A%09mso-font-charset%3A0%3B%0A%09mso-generic-font-family%3Aauto%3B%0A%09mso-font-pitch%3Avariable%3B%0A%09mso-font-signature%3A3%200%200%200%201%200%3B%7D%0A%20%2F*%20Style%20Definitions%20*%2F%0Ap.MsoNormal%2C%20li.MsoNormal%2C%20div.MsoNormal%0A%09%7Bmso-style-unhide%3Ano%3B%0A%09mso-style-qformat%3Ayes%3B%0A%09mso-style-parent%3A%22%22%3B%0A%09margin-top%3A0cm%3B%0A%09margin-right%3A0cm%3B%0A%09margin-bottom%3A10.0pt%3B%0A%09margin-left%3A0cm%3B%0A%09line-height%3A115%25%3B%0A%09mso-pagination%3Awidow-orphan%3B%0A%09font-size%3A11.0pt%3B%0A%09font-family%3ACalibri%3B%0A%09mso-ascii-font-family%3ACalibri%3B%0A%09mso-ascii-theme-font%3Aminor-latin%3B%0A%09mso-fareast-font-family%3A%22%EF%BC%AD%EF%BC%B3%20%E6%98%8E%E6%9C%9D%22%3B%0A%09mso-fareast-theme-font%3Aminor-fareast%3B%0A%09mso-hansi-font-family%3ACalibri%3B%0A%09mso-hansi-theme-font%3Aminor-latin%3B%0A%09mso-bidi-font-family%3A%22Times%20New%20Roman%22%3B%0A%09mso-bidi-theme-font%3Aminor-bidi%3B%0A%09mso-ansi-language%3APL%3B%0A%09mso-fareast-language%3APL%3B%7D%0Ah2%0A%09%7Bmso-style-priority%3A9%3B%0A%09mso-style-qformat%3Ayes%3B%0A%09mso-style-link%3A%22Kop%202%20Teken%22%3B%0A%09mso-style-next%3ANormaal%3B%0A%09margin-top%3A10.0pt%3B%0A%09margin-right%3A0cm%3B%0A%09margin-bottom%3A0cm%3B%0A%09margin-left%3A0cm%3B%0A%09margin-bottom%3A.0001pt%3B%0A%09line-height%3A115%25%3B%0A%09mso-pagination%3Awidow-orphan%20lines-together%3B%0A%09page-break-after%3Aavoid%3B%0A%09mso-outline-level%3A2%3B%0A%09font-size%3A13.0pt%3B%0A%09font-family%3ACambria%3B%0A%09mso-ascii-font-family%3ACambria%3B%0A%09mso-ascii-theme-font%3Amajor-latin%3B%0A%09mso-fareast-font-family%3A%22%EF%BC%AD%EF%BC%B3%20%E3%82%B4%E3%82%B7%E3%83%83%E3%82%AF%22%3B%0A%09mso-fareast-theme-font%3Amajor-fareast%3B%0A%09mso-hansi-font-family%3ACambria%3B%0A%09mso-hansi-theme-font%3Amajor-latin%3B%0A%09mso-bidi-font-family%3A%22Times%20New%20Roman%22%3B%0A%09mso-bidi-theme-font%3Amajor-bidi%3B%0A%09color%3A%234F81BD%3B%0A%09mso-themecolor%3Aaccent1%3B%0A%09mso-ansi-language%3APL%3B%0A%09mso-fareast-language%3APL%3B%7D%0Aspan.Kop2Teken%0A%09%7Bmso-style-name%3A%22Kop%202%20Teken%22%3B%0A%09mso-style-priority%3A9%3B%0A%09mso-style-unhide%3Ano%3B%0A%09mso-style-locked%3Ayes%3B%0A%09mso-style-link%3A%22Kop%202%22%3B%0A%09mso-ansi-font-size%3A13.0pt%3B%0A%09mso-bidi-font-size%3A13.0pt%3B%0A%09font-family%3ACambria%3B%0A%09mso-ascii-font-family%3ACambria%3B%0A%09mso-ascii-theme-font%3Amajor-latin%3B%0A%09mso-fareast-font-family%3A%22%EF%BC%AD%EF%BC%B3%20%E3%82%B4%E3%82%B7%E3%83%83%E3%82%AF%22%3B%0A%09mso-fareast-theme-font%3Amajor-fareast%3B%0A%09mso-hansi-font-family%3ACambria%3B%0A%09mso-hansi-theme-font%3Amajor-latin%3B%0A%09mso-bidi-font-family%3A%22Times%20New%20Roman%22%3B%0A%09mso-bidi-theme-font%3Amajor-bidi%3B%0A%09color%3A%234F81BD%3B%0A%09mso-themecolor%3Aaccent1%3B%0A%09font-weight%3Abold%3B%7D%0A.MsoChpDefault%0A%09%7Bmso-style-type%3Aexport-only%3B%0A%09mso-default-props%3Ayes%3B%0A%09font-size%3A11.0pt%3B%0A%09mso-ansi-font-size%3A11.0pt%3B%0A%09mso-bidi-font-size%3A11.0pt%3B%0A%09font-family%3ACalibri%3B%0A%09mso-ascii-font-family%3ACalibri%3B%0A%09mso-ascii-theme-font%3Aminor-latin%3B%0A%09mso-fareast-font-family%3A%22%EF%BC%AD%EF%BC%B3%20%E6%98%8E%E6%9C%9D%22%3B%0A%09mso-fareast-theme-font%3Aminor-fareast%3B%0A%09mso-hansi-font-family%3ACalibri%3B%0A%09mso-hansi-theme-font%3Aminor-latin%3B%0A%09mso-bidi-font-family%3A%22Times%20New%20Roman%22%3B%0A%09mso-bidi-theme-font%3Aminor-bidi%3B%0A%09mso-ansi-language%3APL%3B%0A%09mso-fareast-language%3APL%3B%7D%0A.MsoPapDefault%0A%09%7Bmso-style-type%3Aexport-only%3B%0A%09margin-bottom%3A10.0pt%3B%0A%09line-height%3A115%25%3B%7D%0A%40page%20WordSection1%0A%09%7Bsize%3A612.0pt%20792.0pt%3B%0A%09margin%3A70.85pt%2070.85pt%2070.85pt%2070.85pt%3B%0A%09mso-header-margin%3A35.4pt%3B%0A%09mso-footer-margin%3A35.4pt%3B%0A%09mso-paper-source%3A0%3B%7D%0Adiv.WordSection1%0A%09%7Bpage%3AWordSection1%3B%7D%0A%2D%2D%3E-->\t<\/style>\n<\/h2>\n<h2>\n\t<span lang=\"PL\">Temperatura metalu<\/span><\/h2>\n<p>\n\tPodczas maszynowego lub manualnego przetwarzania p\u0142askiego materia\u0142u NedZink nale\u017cy uwzgl\u0119dnia\u0107 minimaln\u0105 temperatur\u0119 metalu wynosz\u0105c\u0105 10 &ordm;C. Dotyczy to przede wszystkim nag\u0142ych technik formowania jak przyk\u0142adowo przy u\u017cyciu m\u0142otka i zaginaka. Nale\u017cy zwr&oacute;ci\u0107 uwag\u0119, i\u017c temperatura metalu zale\u017cnie od warunk&oacute;w klimatycznych mo\u017ce znacz\u0105co odbiega\u0107 od przewa\u017caj\u0105cej temperatury otoczenia. W przypadku w\u0105tpliwo\u015bci pewno\u015b\u0107 przynie\u015b\u0107 mo\u017ce bezpo\u015bredni pomiar temperatury metalu. Dokona\u0107 tego mo\u017cna przyk\u0142adowo za pomoc\u0105 cyfrowych miernik&oacute;w, kt&oacute;re obecnie s\u0105 niedrogo dost\u0119pne.<\/p>\n<p>\n\t<strong>Podgrzewanie:<\/strong><br \/>\n\tJe\u015bli powy\u017cej podana temperatura minimalna zdecydowanie nie zostanie osi\u0105gni\u0119ta, przy jednoczesnej konieczno\u015bci znacznych formowa\u0144 podczas przetwarzania, mo\u017cna materia\u0142 wst\u0119pnie podgrza\u0107 odpowiednimi urz\u0105dzeniami (np. dmuchawa ciep\u0142ego powietrza). Metoda ta jednak ma swoje granice, je\u015bli temperatura metalu zdecydowanie jest w ujemnym zakresie Celsjusza (~ -10 &ordm;C). Je\u015bli podgrzewanie b\u0119dzie konieczne (zimowy okres budowlany), uwzgl\u0119dni\u0107 nale\u017cy dodatkowy nak\u0142ad w kalkulacji oraz ofercie.<\/p>\n","protected":false},"excerpt":{"rendered":"<p>Wszystkie prace z produktami NedZink nale\u017cy wykonywa\u0107 wed\u0142ug uznanych regu\u0142 technicznych. Techniczn\u0105 i prawn\u0105 baz\u0119 dla prac z produktami NedZink stanowi\u0105 obowi\u0105zuj\u0105ce krajowe i mi\u0119dzynarodowe normy, ustawy budowlane, regu\u0142y sztuki zawodowej oraz znormalizowane warunki wykonywania rob&oacute;t budowlanych. Uzupe\u0142niaj\u0105co mog\u0105 istnie\u0107 ze strony NedZink dla wybranych zastosowa\u0144 regu\u0142y techniczne oraz wskaz&oacute;wki przetwarzania.&nbsp; Temperatura metalu Podczas maszynowego [&hellip;]<\/p>\n","protected":false},"author":9,"featured_media":0,"parent":0,"menu_order":510,"comment_status":"closed","ping_status":"closed","template":"template-import.php","meta":{"_acf_changed":false,"footnotes":""},"class_list":["post-30550","page","type-page","status-publish","hentry"],"acf":[],"yoast_head":"<!-- This site is optimized with the Yoast SEO plugin v26.8 - https:\/\/yoast.com\/product\/yoast-seo-wordpress\/ -->\n<title>Wytyczne przetwarzania i normy \u2013 NedZink<\/title>\n<meta name=\"robots\" content=\"index, follow, max-snippet:-1, max-image-preview:large, max-video-preview:-1\" \/>\n<link rel=\"canonical\" href=\"https:\/\/www.nedzink.com\/pl\/wytyczne-przetwarzania-i-normy\/\" \/>\n<meta property=\"og:locale\" content=\"pl_PL\" \/>\n<meta property=\"og:type\" content=\"article\" \/>\n<meta property=\"og:title\" content=\"Wytyczne przetwarzania i normy \u2013 NedZink\" \/>\n<meta property=\"og:description\" content=\"Wszystkie prace z produktami NedZink nale\u017cy wykonywa\u0107 wed\u0142ug uznanych regu\u0142 technicznych. Techniczn\u0105 i prawn\u0105 baz\u0119 dla prac z produktami NedZink stanowi\u0105 obowi\u0105zuj\u0105ce krajowe i mi\u0119dzynarodowe normy, ustawy budowlane, regu\u0142y sztuki zawodowej oraz znormalizowane warunki wykonywania rob&oacute;t budowlanych. Uzupe\u0142niaj\u0105co mog\u0105 istnie\u0107 ze strony NedZink dla wybranych zastosowa\u0144 regu\u0142y techniczne oraz wskaz&oacute;wki przetwarzania.&nbsp; Temperatura metalu Podczas maszynowego [&hellip;]\" \/>\n<meta property=\"og:url\" content=\"https:\/\/www.nedzink.com\/pl\/wytyczne-przetwarzania-i-normy\/\" \/>\n<meta property=\"og:site_name\" content=\"NedZink\" \/>\n<meta name=\"twitter:card\" content=\"summary_large_image\" \/>\n<meta name=\"twitter:label1\" content=\"Szacowany czas czytania\" \/>\n\t<meta name=\"twitter:data1\" content=\"1 minuta\" \/>\n<script type=\"application\/ld+json\" class=\"yoast-schema-graph\">{\"@context\":\"https:\/\/schema.org\",\"@graph\":[{\"@type\":\"WebPage\",\"@id\":\"https:\/\/www.nedzink.com\/pl\/wytyczne-przetwarzania-i-normy\/\",\"url\":\"https:\/\/www.nedzink.com\/pl\/wytyczne-przetwarzania-i-normy\/\",\"name\":\"Wytyczne przetwarzania i normy \u2013 NedZink\",\"isPartOf\":{\"@id\":\"https:\/\/www.nedzink.com\/pl\/#website\"},\"datePublished\":\"2019-06-04T12:53:34+00:00\",\"breadcrumb\":{\"@id\":\"https:\/\/www.nedzink.com\/pl\/wytyczne-przetwarzania-i-normy\/#breadcrumb\"},\"inLanguage\":\"pl-PL\",\"potentialAction\":[{\"@type\":\"ReadAction\",\"target\":[\"https:\/\/www.nedzink.com\/pl\/wytyczne-przetwarzania-i-normy\/\"]}]},{\"@type\":\"BreadcrumbList\",\"@id\":\"https:\/\/www.nedzink.com\/pl\/wytyczne-przetwarzania-i-normy\/#breadcrumb\",\"itemListElement\":[{\"@type\":\"ListItem\",\"position\":1,\"name\":\"Home\",\"item\":\"https:\/\/www.nedzink.com\/pl\/\"},{\"@type\":\"ListItem\",\"position\":2,\"name\":\"Wytyczne przetwarzania i normy\"}]},{\"@type\":\"WebSite\",\"@id\":\"https:\/\/www.nedzink.com\/pl\/#website\",\"url\":\"https:\/\/www.nedzink.com\/pl\/\",\"name\":\"NedZink\",\"description\":\"Zink fabrikant\",\"publisher\":{\"@id\":\"https:\/\/www.nedzink.com\/pl\/#organization\"},\"potentialAction\":[{\"@type\":\"SearchAction\",\"target\":{\"@type\":\"EntryPoint\",\"urlTemplate\":\"https:\/\/www.nedzink.com\/pl\/?s={search_term_string}\"},\"query-input\":{\"@type\":\"PropertyValueSpecification\",\"valueRequired\":true,\"valueName\":\"search_term_string\"}}],\"inLanguage\":\"pl-PL\"},{\"@type\":\"Organization\",\"@id\":\"https:\/\/www.nedzink.com\/pl\/#organization\",\"name\":\"NedZink\",\"url\":\"https:\/\/www.nedzink.com\/pl\/\",\"logo\":{\"@type\":\"ImageObject\",\"inLanguage\":\"pl-PL\",\"@id\":\"https:\/\/www.nedzink.com\/pl\/#\/schema\/logo\/image\/\",\"url\":\"https:\/\/www.nedzink.com\/wp-content\/uploads\/2019\/08\/logo-nedzink_fc_zk.jpg\",\"contentUrl\":\"https:\/\/www.nedzink.com\/wp-content\/uploads\/2019\/08\/logo-nedzink_fc_zk.jpg\",\"width\":2160,\"height\":688,\"caption\":\"NedZink\"},\"image\":{\"@id\":\"https:\/\/www.nedzink.com\/pl\/#\/schema\/logo\/image\/\"}}]}<\/script>\n<!-- \/ Yoast SEO plugin. -->","yoast_head_json":{"title":"Wytyczne przetwarzania i normy \u2013 NedZink","robots":{"index":"index","follow":"follow","max-snippet":"max-snippet:-1","max-image-preview":"max-image-preview:large","max-video-preview":"max-video-preview:-1"},"canonical":"https:\/\/www.nedzink.com\/pl\/wytyczne-przetwarzania-i-normy\/","og_locale":"pl_PL","og_type":"article","og_title":"Wytyczne przetwarzania i normy \u2013 NedZink","og_description":"Wszystkie prace z produktami NedZink nale\u017cy wykonywa\u0107 wed\u0142ug uznanych regu\u0142 technicznych. Techniczn\u0105 i prawn\u0105 baz\u0119 dla prac z produktami NedZink stanowi\u0105 obowi\u0105zuj\u0105ce krajowe i mi\u0119dzynarodowe normy, ustawy budowlane, regu\u0142y sztuki zawodowej oraz znormalizowane warunki wykonywania rob&oacute;t budowlanych. Uzupe\u0142niaj\u0105co mog\u0105 istnie\u0107 ze strony NedZink dla wybranych zastosowa\u0144 regu\u0142y techniczne oraz wskaz&oacute;wki przetwarzania.&nbsp; Temperatura metalu Podczas maszynowego [&hellip;]","og_url":"https:\/\/www.nedzink.com\/pl\/wytyczne-przetwarzania-i-normy\/","og_site_name":"NedZink","twitter_card":"summary_large_image","twitter_misc":{"Szacowany czas czytania":"1 minuta"},"schema":{"@context":"https:\/\/schema.org","@graph":[{"@type":"WebPage","@id":"https:\/\/www.nedzink.com\/pl\/wytyczne-przetwarzania-i-normy\/","url":"https:\/\/www.nedzink.com\/pl\/wytyczne-przetwarzania-i-normy\/","name":"Wytyczne przetwarzania i normy \u2013 NedZink","isPartOf":{"@id":"https:\/\/www.nedzink.com\/pl\/#website"},"datePublished":"2019-06-04T12:53:34+00:00","breadcrumb":{"@id":"https:\/\/www.nedzink.com\/pl\/wytyczne-przetwarzania-i-normy\/#breadcrumb"},"inLanguage":"pl-PL","potentialAction":[{"@type":"ReadAction","target":["https:\/\/www.nedzink.com\/pl\/wytyczne-przetwarzania-i-normy\/"]}]},{"@type":"BreadcrumbList","@id":"https:\/\/www.nedzink.com\/pl\/wytyczne-przetwarzania-i-normy\/#breadcrumb","itemListElement":[{"@type":"ListItem","position":1,"name":"Home","item":"https:\/\/www.nedzink.com\/pl\/"},{"@type":"ListItem","position":2,"name":"Wytyczne przetwarzania i normy"}]},{"@type":"WebSite","@id":"https:\/\/www.nedzink.com\/pl\/#website","url":"https:\/\/www.nedzink.com\/pl\/","name":"NedZink","description":"Zink fabrikant","publisher":{"@id":"https:\/\/www.nedzink.com\/pl\/#organization"},"potentialAction":[{"@type":"SearchAction","target":{"@type":"EntryPoint","urlTemplate":"https:\/\/www.nedzink.com\/pl\/?s={search_term_string}"},"query-input":{"@type":"PropertyValueSpecification","valueRequired":true,"valueName":"search_term_string"}}],"inLanguage":"pl-PL"},{"@type":"Organization","@id":"https:\/\/www.nedzink.com\/pl\/#organization","name":"NedZink","url":"https:\/\/www.nedzink.com\/pl\/","logo":{"@type":"ImageObject","inLanguage":"pl-PL","@id":"https:\/\/www.nedzink.com\/pl\/#\/schema\/logo\/image\/","url":"https:\/\/www.nedzink.com\/wp-content\/uploads\/2019\/08\/logo-nedzink_fc_zk.jpg","contentUrl":"https:\/\/www.nedzink.com\/wp-content\/uploads\/2019\/08\/logo-nedzink_fc_zk.jpg","width":2160,"height":688,"caption":"NedZink"},"image":{"@id":"https:\/\/www.nedzink.com\/pl\/#\/schema\/logo\/image\/"}}]}},"_links":{"self":[{"href":"https:\/\/www.nedzink.com\/pl\/wp-json\/wp\/v2\/pages\/30550","targetHints":{"allow":["GET"]}}],"collection":[{"href":"https:\/\/www.nedzink.com\/pl\/wp-json\/wp\/v2\/pages"}],"about":[{"href":"https:\/\/www.nedzink.com\/pl\/wp-json\/wp\/v2\/types\/page"}],"author":[{"embeddable":true,"href":"https:\/\/www.nedzink.com\/pl\/wp-json\/wp\/v2\/users\/9"}],"replies":[{"embeddable":true,"href":"https:\/\/www.nedzink.com\/pl\/wp-json\/wp\/v2\/comments?post=30550"}],"version-history":[{"count":0,"href":"https:\/\/www.nedzink.com\/pl\/wp-json\/wp\/v2\/pages\/30550\/revisions"}],"wp:attachment":[{"href":"https:\/\/www.nedzink.com\/pl\/wp-json\/wp\/v2\/media?parent=30550"}],"curies":[{"name":"wp","href":"https:\/\/api.w.org\/{rel}","templated":true}]}}