{"id":27930,"date":"2019-05-07T15:56:55","date_gmt":"2019-05-07T13:56:55","guid":{"rendered":"http:\/\/136.144.181.85\/~nedzink\/transport-i-magazynowanie\/"},"modified":"2023-05-23T10:41:16","modified_gmt":"2023-05-23T08:41:16","slug":"transport-i-magazynowanie","status":"publish","type":"page","link":"https:\/\/www.nedzink.com\/pl\/transport-i-magazynowanie\/","title":{"rendered":"Transport i magazynowanie"},"content":{"rendered":"<h2>Transport<\/h2>\n<ul>\n<li>Produkty NedZink transportowa\u0107 nale\u017cy jedynie stosownymi \u015brodkami.<\/li>\n<li>Ka\u017cdy transport realizowany winien by\u0107 w warunkach suchych i wentylowanych.<\/li>\n<li>Za\u0142adunek oraz roz\u0142adunek pojazd\u00f3w nast\u0119puje w suchych warunkach lub pod dachem<\/li>\n<li>Unika\u0107 nale\u017cy transportu na wilgotnych paletach.<\/li>\n<li>Nale\u017cy zwraca\u0107 uwag\u0119 na wystarczaj\u0105c\u0105 ochron\u0119 przeciwko uszkodzeniom.<\/li>\n<li>Przy pi\u0119trowaniu istotna jest stabilna pozycja i wystarczaj\u0105ca przestrze\u0144 mi\u0119dzy jednostkami, tak by unikn\u0105\u0107 uszkodze\u0144.<\/li>\n<\/ul>\n<h2><img decoding=\"async\" style=\"width: 277px; float: left; height: 266px; margin-right: 10px; border: 0px solid;\" src=\"https:\/\/www.nedzink.com\/wp-content\/uploads\/import\/cms\/userfiles\/images\/laden_vrachtwagen_.jpg\" alt=\"\" \/>Magazynowanie<\/h2>\n<ul>\n<li>Produkty NedZink nale\u017cy magazynowa\u0107 sucho, zapewniaj\u0105c wentylowanie.<\/li>\n<li>Zabezpieczy\u0107 przed wznosz\u0105c\u0105 si\u0119 wilgoci\u0105.<\/li>\n<li>Zapasy materia\u0142u nale\u017cy przykry\u0107 zabezpieczaj\u0105c przed wilgoci\u0105.<\/li>\n<li>Unika\u0107 otwartego magazynowania na zewn\u0105trz.<\/li>\n<li>Unika\u0107 nale\u017cy bezpo\u015bredniego okrywania kr\u0119g\u00f3w lub profili bez wentylowanych przestrzeni mi\u0119dzy jednostkami.<\/li>\n<li>Zapobiega\u0107 nale\u017cy skraplaniu si\u0119 pary wodnej wskutek osi\u0105gania punktu rosy w magazynach.<\/li>\n<\/ul>\n<p>Nale\u017cy zwr\u00f3ci\u0107 uwag\u0119, \u017ce przy nie suchym transporcie i magazynowaniu NedZink NOVA, -NEO i -NOIR wyst\u0119puje zagro\u017cenie dostawania si\u0119 wilgoci mi\u0119dzy foli\u0119 ochronn\u0105 a metal i wynikaj\u0105cej z tego korozji. Folia ochronna powinna zosta\u0107 usuni\u0119ta bezpo\u015brednio po monta\u017cu. Temperatura metalu musi przy tym wynosi\u0107 minimum 7\u00b0 C. Gdy temperatura metalu wynosi poni\u017cej 7\u00b0 C folii nie nale\u017cy zdejmowa\u0107.<\/p>\n<p>&nbsp;<\/p>\n","protected":false},"excerpt":{"rendered":"<p>Transport Produkty NedZink transportowa\u0107 nale\u017cy jedynie stosownymi \u015brodkami. Ka\u017cdy transport realizowany winien by\u0107 w warunkach suchych i wentylowanych. Za\u0142adunek oraz roz\u0142adunek pojazd\u00f3w nast\u0119puje w suchych warunkach lub pod dachem Unika\u0107 nale\u017cy transportu na wilgotnych paletach. Nale\u017cy zwraca\u0107 uwag\u0119 na wystarczaj\u0105c\u0105 ochron\u0119 przeciwko uszkodzeniom. Przy pi\u0119trowaniu istotna jest stabilna pozycja i wystarczaj\u0105ca przestrze\u0144 mi\u0119dzy jednostkami, tak [&hellip;]<\/p>\n","protected":false},"author":9,"featured_media":0,"parent":0,"menu_order":1180,"comment_status":"closed","ping_status":"closed","template":"template-import.php","meta":{"_acf_changed":false,"footnotes":""},"class_list":["post-27930","page","type-page","status-publish","hentry"],"acf":[],"yoast_head":"<!-- This site is optimized with the Yoast SEO plugin v26.8 - https:\/\/yoast.com\/product\/yoast-seo-wordpress\/ -->\n<title>Transport i magazynowanie \u2013 NedZink<\/title>\n<meta name=\"description\" content=\"Het transport en de opslag van zink moet altijd droog en belucht plaatsvinden. Afdekking en verpakking die condens veroorzaken moet u vermijden. Lees meer!\" \/>\n<meta name=\"robots\" content=\"index, follow, max-snippet:-1, max-image-preview:large, max-video-preview:-1\" \/>\n<link rel=\"canonical\" href=\"https:\/\/www.nedzink.com\/pl\/transport-i-magazynowanie\/\" \/>\n<meta property=\"og:locale\" content=\"pl_PL\" \/>\n<meta property=\"og:type\" content=\"article\" \/>\n<meta property=\"og:title\" content=\"Transport i magazynowanie \u2013 NedZink\" \/>\n<meta property=\"og:description\" content=\"Het transport en de opslag van zink moet altijd droog en belucht plaatsvinden. Afdekking en verpakking die condens veroorzaken moet u vermijden. Lees meer!\" \/>\n<meta property=\"og:url\" content=\"https:\/\/www.nedzink.com\/pl\/transport-i-magazynowanie\/\" \/>\n<meta property=\"og:site_name\" content=\"NedZink\" \/>\n<meta property=\"article:modified_time\" content=\"2023-05-23T08:41:16+00:00\" \/>\n<meta property=\"og:image\" content=\"https:\/\/www.nedzink.com\/wp-content\/uploads\/import\/cms\/userfiles\/images\/laden_vrachtwagen_.jpg\" \/>\n<meta name=\"twitter:card\" content=\"summary_large_image\" \/>\n<meta name=\"twitter:label1\" content=\"Szacowany czas czytania\" \/>\n\t<meta name=\"twitter:data1\" content=\"2 minuty\" \/>\n<script type=\"application\/ld+json\" class=\"yoast-schema-graph\">{\"@context\":\"https:\/\/schema.org\",\"@graph\":[{\"@type\":\"WebPage\",\"@id\":\"https:\/\/www.nedzink.com\/pl\/transport-i-magazynowanie\/\",\"url\":\"https:\/\/www.nedzink.com\/pl\/transport-i-magazynowanie\/\",\"name\":\"Transport i magazynowanie \u2013 NedZink\",\"isPartOf\":{\"@id\":\"https:\/\/www.nedzink.com\/pl\/#website\"},\"primaryImageOfPage\":{\"@id\":\"https:\/\/www.nedzink.com\/pl\/transport-i-magazynowanie\/#primaryimage\"},\"image\":{\"@id\":\"https:\/\/www.nedzink.com\/pl\/transport-i-magazynowanie\/#primaryimage\"},\"thumbnailUrl\":\"https:\/\/www.nedzink.com\/wp-content\/uploads\/import\/cms\/userfiles\/images\/laden_vrachtwagen_.jpg\",\"datePublished\":\"2019-05-07T13:56:55+00:00\",\"dateModified\":\"2023-05-23T08:41:16+00:00\",\"description\":\"Het transport en de opslag van zink moet altijd droog en belucht plaatsvinden. Afdekking en verpakking die condens veroorzaken moet u vermijden. Lees meer!\",\"breadcrumb\":{\"@id\":\"https:\/\/www.nedzink.com\/pl\/transport-i-magazynowanie\/#breadcrumb\"},\"inLanguage\":\"pl-PL\",\"potentialAction\":[{\"@type\":\"ReadAction\",\"target\":[\"https:\/\/www.nedzink.com\/pl\/transport-i-magazynowanie\/\"]}]},{\"@type\":\"ImageObject\",\"inLanguage\":\"pl-PL\",\"@id\":\"https:\/\/www.nedzink.com\/pl\/transport-i-magazynowanie\/#primaryimage\",\"url\":\"https:\/\/www.nedzink.com\/wp-content\/uploads\/import\/cms\/userfiles\/images\/laden_vrachtwagen_.jpg\",\"contentUrl\":\"https:\/\/www.nedzink.com\/wp-content\/uploads\/import\/cms\/userfiles\/images\/laden_vrachtwagen_.jpg\"},{\"@type\":\"BreadcrumbList\",\"@id\":\"https:\/\/www.nedzink.com\/pl\/transport-i-magazynowanie\/#breadcrumb\",\"itemListElement\":[{\"@type\":\"ListItem\",\"position\":1,\"name\":\"Home\",\"item\":\"https:\/\/www.nedzink.com\/pl\/\"},{\"@type\":\"ListItem\",\"position\":2,\"name\":\"Transport i magazynowanie\"}]},{\"@type\":\"WebSite\",\"@id\":\"https:\/\/www.nedzink.com\/pl\/#website\",\"url\":\"https:\/\/www.nedzink.com\/pl\/\",\"name\":\"NedZink\",\"description\":\"Zink fabrikant\",\"publisher\":{\"@id\":\"https:\/\/www.nedzink.com\/pl\/#organization\"},\"potentialAction\":[{\"@type\":\"SearchAction\",\"target\":{\"@type\":\"EntryPoint\",\"urlTemplate\":\"https:\/\/www.nedzink.com\/pl\/?s={search_term_string}\"},\"query-input\":{\"@type\":\"PropertyValueSpecification\",\"valueRequired\":true,\"valueName\":\"search_term_string\"}}],\"inLanguage\":\"pl-PL\"},{\"@type\":\"Organization\",\"@id\":\"https:\/\/www.nedzink.com\/pl\/#organization\",\"name\":\"NedZink\",\"url\":\"https:\/\/www.nedzink.com\/pl\/\",\"logo\":{\"@type\":\"ImageObject\",\"inLanguage\":\"pl-PL\",\"@id\":\"https:\/\/www.nedzink.com\/pl\/#\/schema\/logo\/image\/\",\"url\":\"https:\/\/www.nedzink.com\/wp-content\/uploads\/2019\/08\/logo-nedzink_fc_zk.jpg\",\"contentUrl\":\"https:\/\/www.nedzink.com\/wp-content\/uploads\/2019\/08\/logo-nedzink_fc_zk.jpg\",\"width\":2160,\"height\":688,\"caption\":\"NedZink\"},\"image\":{\"@id\":\"https:\/\/www.nedzink.com\/pl\/#\/schema\/logo\/image\/\"}}]}<\/script>\n<!-- \/ Yoast SEO plugin. -->","yoast_head_json":{"title":"Transport i magazynowanie \u2013 NedZink","description":"Het transport en de opslag van zink moet altijd droog en belucht plaatsvinden. Afdekking en verpakking die condens veroorzaken moet u vermijden. Lees meer!","robots":{"index":"index","follow":"follow","max-snippet":"max-snippet:-1","max-image-preview":"max-image-preview:large","max-video-preview":"max-video-preview:-1"},"canonical":"https:\/\/www.nedzink.com\/pl\/transport-i-magazynowanie\/","og_locale":"pl_PL","og_type":"article","og_title":"Transport i magazynowanie \u2013 NedZink","og_description":"Het transport en de opslag van zink moet altijd droog en belucht plaatsvinden. Afdekking en verpakking die condens veroorzaken moet u vermijden. Lees meer!","og_url":"https:\/\/www.nedzink.com\/pl\/transport-i-magazynowanie\/","og_site_name":"NedZink","article_modified_time":"2023-05-23T08:41:16+00:00","og_image":[{"url":"https:\/\/www.nedzink.com\/wp-content\/uploads\/import\/cms\/userfiles\/images\/laden_vrachtwagen_.jpg","type":"","width":"","height":""}],"twitter_card":"summary_large_image","twitter_misc":{"Szacowany czas czytania":"2 minuty"},"schema":{"@context":"https:\/\/schema.org","@graph":[{"@type":"WebPage","@id":"https:\/\/www.nedzink.com\/pl\/transport-i-magazynowanie\/","url":"https:\/\/www.nedzink.com\/pl\/transport-i-magazynowanie\/","name":"Transport i magazynowanie \u2013 NedZink","isPartOf":{"@id":"https:\/\/www.nedzink.com\/pl\/#website"},"primaryImageOfPage":{"@id":"https:\/\/www.nedzink.com\/pl\/transport-i-magazynowanie\/#primaryimage"},"image":{"@id":"https:\/\/www.nedzink.com\/pl\/transport-i-magazynowanie\/#primaryimage"},"thumbnailUrl":"https:\/\/www.nedzink.com\/wp-content\/uploads\/import\/cms\/userfiles\/images\/laden_vrachtwagen_.jpg","datePublished":"2019-05-07T13:56:55+00:00","dateModified":"2023-05-23T08:41:16+00:00","description":"Het transport en de opslag van zink moet altijd droog en belucht plaatsvinden. Afdekking en verpakking die condens veroorzaken moet u vermijden. Lees meer!","breadcrumb":{"@id":"https:\/\/www.nedzink.com\/pl\/transport-i-magazynowanie\/#breadcrumb"},"inLanguage":"pl-PL","potentialAction":[{"@type":"ReadAction","target":["https:\/\/www.nedzink.com\/pl\/transport-i-magazynowanie\/"]}]},{"@type":"ImageObject","inLanguage":"pl-PL","@id":"https:\/\/www.nedzink.com\/pl\/transport-i-magazynowanie\/#primaryimage","url":"https:\/\/www.nedzink.com\/wp-content\/uploads\/import\/cms\/userfiles\/images\/laden_vrachtwagen_.jpg","contentUrl":"https:\/\/www.nedzink.com\/wp-content\/uploads\/import\/cms\/userfiles\/images\/laden_vrachtwagen_.jpg"},{"@type":"BreadcrumbList","@id":"https:\/\/www.nedzink.com\/pl\/transport-i-magazynowanie\/#breadcrumb","itemListElement":[{"@type":"ListItem","position":1,"name":"Home","item":"https:\/\/www.nedzink.com\/pl\/"},{"@type":"ListItem","position":2,"name":"Transport i magazynowanie"}]},{"@type":"WebSite","@id":"https:\/\/www.nedzink.com\/pl\/#website","url":"https:\/\/www.nedzink.com\/pl\/","name":"NedZink","description":"Zink fabrikant","publisher":{"@id":"https:\/\/www.nedzink.com\/pl\/#organization"},"potentialAction":[{"@type":"SearchAction","target":{"@type":"EntryPoint","urlTemplate":"https:\/\/www.nedzink.com\/pl\/?s={search_term_string}"},"query-input":{"@type":"PropertyValueSpecification","valueRequired":true,"valueName":"search_term_string"}}],"inLanguage":"pl-PL"},{"@type":"Organization","@id":"https:\/\/www.nedzink.com\/pl\/#organization","name":"NedZink","url":"https:\/\/www.nedzink.com\/pl\/","logo":{"@type":"ImageObject","inLanguage":"pl-PL","@id":"https:\/\/www.nedzink.com\/pl\/#\/schema\/logo\/image\/","url":"https:\/\/www.nedzink.com\/wp-content\/uploads\/2019\/08\/logo-nedzink_fc_zk.jpg","contentUrl":"https:\/\/www.nedzink.com\/wp-content\/uploads\/2019\/08\/logo-nedzink_fc_zk.jpg","width":2160,"height":688,"caption":"NedZink"},"image":{"@id":"https:\/\/www.nedzink.com\/pl\/#\/schema\/logo\/image\/"}}]}},"_links":{"self":[{"href":"https:\/\/www.nedzink.com\/pl\/wp-json\/wp\/v2\/pages\/27930","targetHints":{"allow":["GET"]}}],"collection":[{"href":"https:\/\/www.nedzink.com\/pl\/wp-json\/wp\/v2\/pages"}],"about":[{"href":"https:\/\/www.nedzink.com\/pl\/wp-json\/wp\/v2\/types\/page"}],"author":[{"embeddable":true,"href":"https:\/\/www.nedzink.com\/pl\/wp-json\/wp\/v2\/users\/9"}],"replies":[{"embeddable":true,"href":"https:\/\/www.nedzink.com\/pl\/wp-json\/wp\/v2\/comments?post=27930"}],"version-history":[{"count":2,"href":"https:\/\/www.nedzink.com\/pl\/wp-json\/wp\/v2\/pages\/27930\/revisions"}],"predecessor-version":[{"id":126624,"href":"https:\/\/www.nedzink.com\/pl\/wp-json\/wp\/v2\/pages\/27930\/revisions\/126624"}],"wp:attachment":[{"href":"https:\/\/www.nedzink.com\/pl\/wp-json\/wp\/v2\/media?parent=27930"}],"curies":[{"name":"wp","href":"https:\/\/api.w.org\/{rel}","templated":true}]}}