{"id":27920,"date":"2019-05-07T15:56:53","date_gmt":"2019-05-07T13:56:53","guid":{"rendered":"http:\/\/136.144.181.85\/~nedzink\/gwarancja\/"},"modified":"2019-08-05T15:16:30","modified_gmt":"2019-08-05T13:16:30","slug":"gwarancja","status":"publish","type":"page","link":"https:\/\/www.nedzink.com\/pl\/gwarancja\/","title":{"rendered":"Gwarancja"},"content":{"rendered":"<h2>\n\tINSTRUKCJE PRZETWARZANIA I MONTA\u017bU<\/h2>\n<p>\n\tPrzetwarzanie odbywa si\u0119 wed\u0142ug fachowych regu\u0142 ZVSHK (niemiecki Zwi\u0105zek Sanitaria Ogrzewanie Klimatyzacje) oraz ZVDH (niemiecki Zwi\u0105zek Dekarzy), jak r&oacute;wnie\u017c technicznych wytycznych NedZink. Celem uzyskania dalszych informacji o przetwarzaniu produkt&oacute;w NedZink prosz\u0119 odwiedzi\u0107 nasz\u0105 stron\u0119 internetow\u0105 <a href=\"http:\/\/www.nedzink.pl\">www.nedzink.pl<\/a>lub <a href=\"https:\/\/www.nedzink.com\/\">www.nedzink.com<\/a>.<\/p>\n<h3>\n\tGwarancja<\/h3>\n<p>\n\tTechniczne Know-how i do\u015bwiadczone zarz\u0105dzanie jako\u015bci\u0105 NedZink B.V. w po\u0142\u0105czeniu z regularnymi kontrolami jako\u015bciowymi przez niezale\u017cne instytuty kontrolne r\u0119cz\u0105 za stale wysok\u0105 jako\u015b\u0107 produkowanych p&oacute;\u0142produkt&oacute;w i prefabrykowanych wyrob&oacute;w. NedZink oferuje swoim klientom z handlu, rzemios\u0142a, planowania budowlanego pewno\u015b\u0107 bezpo\u015bredniego prawa gwarancyjnego do szybkiej i fachowej regulacji szk&oacute;d w czasookresie 10 lat.<\/p>\n<h3>\n\tProdukty<\/h3>\n<p>\n\tPod t\u0105 deklaracj\u0119 gwarancji podlegaj\u0105 arkusze, ta\u015bmy i pasy z NedZink, prefabrykowane przez NedZink elementy dachowe i fasadowe z NedZink i produkowane przez NedZink profile blacharsko-budowlane z NedZink, w wykonaniu z NedZink NATUREL (go\u0142owalcowany) lub NedZink NOVA (prefabrykowanie patynowane). NedZink B.V. w Budel &#8211; Dorplein \/ Holandia zapewnia dla produkt&oacute;w okre\u015blonych wcze\u015bniej, dostarczanych i oznaczanych znakiem firmowym NedZink jako w\u0142a\u015bciwo\u015b\u0107, \u017ce produkty te odpowiadaj\u0105 obowi\u0105zuj\u0105cym normom DIN i EN, jak r&oacute;wnie\u017c certyfikatowi produktowemu NedZink z jego wymogami. Przy utrzymaniu obowi\u0105zuj\u0105cych w momencie monta\u017cu wytycznych przetwarzania NedZink i fachowych regu\u0142 realizuj\u0105cego rzemios\u0142a produkty b\u0119d\u0105 trwale i w pe\u0142nym zakresie sprawne na okres gwarancji.<\/p>\n<h3>\n\tCzas gwarancji<\/h3>\n<p>\n\tCzas gwarancji wynosi 10 lat od 1 lipca roku produkcji. Rok produkcji jest podany na stemplu na wymienionych wcze\u015bniej produktach.<\/p>\n<h3>\n\tOdpowiedzialno\u015b\u0107<\/h3>\n<p>\n\tJe\u015bli podczas u\u017cytkowania wymienionych wcze\u015bniej produkt&oacute;w wyst\u0105pi\u0105 szkody z:<\/p>\n<ul>\n<li>\n\t\tb\u0142\u0119d&oacute;w konstrukcyjnych za kt&oacute;re odpowiada NedZink B.V.<\/li>\n<li>\n\t\tb\u0142\u0119d&oacute;w fabrycznych<\/li>\n<li>\n\t\tb\u0142\u0119d&oacute;w materia\u0142owych<\/li>\n<li>\n\t\twad instrukcyjnych poprzez b\u0142\u0119dne instrukcje po\u0142o\u017cenia i monta\u017cu<\/li>\n<li>\n\t\tbrak&oacute;w w\u0142a\u015bciwo\u015bci zapewnianych przez NedZink B.V. w certyfikacie produktowym<\/li>\n<li>\n\t\todst\u0119pstw od obowi\u0105zuj\u0105cych norm EN i DIN lub og&oacute;lnie obowi\u0105zuj\u0105cych urz\u0119dowych wytycznych, podstaw budowlanych i sprawdzania, urz\u0119dowych \u015bwiadectw kontrolnych i orzecze\u0144 dopuszczaj\u0105cych to NedZink B.V. przejmie wynikaj\u0105ce z tego zobowi\u0105zania.<\/li>\n<\/ul>\n<p>\n\tW przypadku poprawek darmowa dostawa zast\u0119pcza na miejsce u\u017cytkowania element&oacute;w koniecznych do usuni\u0119cia szkody i przej\u0119cie koniecznych koszt&oacute;w demonta\u017cu i zabudowy wraz z kosztami odtworzenia pierwotnego stanu budynku a\u017c do sumy maksymalnej szk&oacute;d rzeczowych i osobowych dla ka\u017cdego zaj\u015bcia szkodowego do max. 1.250.000 &euro;. Przej\u0119cie szk&oacute;d bazuje na cenach rynkowych w miejscu i czasie prac odtworzeniowych. W przypadku zmniejszenia warto\u015bci rekompensata warto\u015bci rachunku poprzez uzasadnione i stosowne zmniejszenie warto\u015bci a\u017c do najwy\u017cszej sumy zaj\u015bcia szkody w wysoko\u015bci &nbsp;300.000&euro;. Po stwierdzeniu szkody NedZink B.V. zastrzega sobie, mo\u017cliwo\u015b\u0107 samodzielnego usuni\u0119cia szkody lub zleci\u0107 to wybranym na w\u0142asny koszt. Realizacja tego prawa powinna by\u0107 niezw\u0142ocznie przekazana stawiaj\u0105cemu roszczenie. O redukcj\u0119 wnioskowa\u0107 mo\u017cna tylko wtedy , gdy NedZink B.V. odrzuci napraw\u0119. Je\u015bli z kolei koszty poprawy sta\u0107 b\u0119d\u0105 w obiektywnej rozbie\u017cno\u015bci do istoty usterki, NedZink B.V. mo\u017ce wskaza\u0107 sk\u0142adaj\u0105cemu roszczenie jego prawo do obni\u017cenia ceny zakupu. Wyja\u015bnienie gwarancyjne obowi\u0105zuje tak\u017ce dla szk&oacute;d, kt&oacute;re podano wcze\u015bniej wi\u0105\u017c\u0105co, o ile powstan\u0105 one w okresie mi\u0119dzy zabudow\u0105, a odbiorem.<\/p>\n<h3>\n\tPowinno\u015b\u0107 wnosz\u0105cego roszczenie<\/h3>\n<p>\n\tWnosz\u0105cy roszczenie jest zobowi\u0105zany<\/p>\n<ol>\n<li>\n\t\tPrzestrzega\u0107 obowi\u0105zuj\u0105cych w momencie monta\u017cu instrukcji pokrycia i monta\u017cu oraz podania pisemnie zakresu zastosowania podanych produkt&oacute;w<\/li>\n<li>\n\t\tMonta\u017c zgodny z przeznaczeniem przy zachowaniu regu\u0142 techniki obowi\u0105zuj\u0105cych przyj\u0119tych w momencie pokrywania lub zabudowy<\/li>\n<li>\n\t\tNatychmiastowe przedsi\u0119wzi\u0119cie wszelkich koniecznych dzia\u0142a\u0144 celem minimalizacji szkody<\/li>\n<li>\n\t\tNatychmiastowe zg\u0142oszenie wst\u0105pionych szk&oacute;d na NedZink. Zg\u0142oszenie musi mie\u0107 miejsce w obr\u0119bie pi\u0119ciu dni roboczych od momentu, w kt&oacute;rym zg\u0142aszaj\u0105cy roszczenie stwierdzi\u0142 lub powinien stwierdzi\u0107, \u017ce szkoda wielce prawdopodobnie przypisana by\u0107 powinna produktowi NedZink. Na wniosek NedZink zg\u0142aszaj\u0105cy roszczenie jest zobowi\u0105zany do pisemnego przedstawienia przypadku szkody w okresie odpowiedniego terminu.<\/li>\n<li>\n\t\tNedZink musi mie\u0107 mo\u017cliwo\u015b\u0107, stwierdzenia i oszacowania przed pracami naprawczymi szk&oacute;d samodzielnie lub poprzez rzeczoznawc&oacute;w. W tym celu NedZink jest zobowi\u0105zany niezw\u0142ocznie po zg\u0142oszeniu szkody zwr&oacute;ci\u0107 si\u0119 do stawiaj\u0105cego roszczenie. Na \u017cyczenie NedZink nale\u017cy przed rozpocz\u0119ciem prac gwarancyjnych przed\u0142o\u017cy\u0107 kosztorys.<\/li>\n<li>\n\t\tElementy przyczynowe dla szkody nale\u017cy w ka\u017cdym przypadku zachowa\u0107 a\u017c do ostatecznego zako\u0144czenia sprawy szkodowej i udost\u0119pni\u0107 NedZink w razie wymagania.<\/li>\n<li>\n\t\tJe\u015bli kt&oacute;ra\u015b z wymienionych wcze\u015bniej powinno\u015bci zostanie naruszona, NedZink zwolniony jest z odpowiedzialno\u015bci. To samo dotyczy szk&oacute;d, kt&oacute;re nie powsta\u0142yby przy wystarczaj\u0105co wczesnej reklamacji. Odpowiedzialno\u015b\u0107 utrzymana jest wi\u0119c nadal, o ile naruszenia pozostaj\u0105 bez wp\u0142ywu na ustalenie wysoko\u015bci szkody.<\/li>\n<\/ol>\n<h3>\n\tUgoda i arbitra\u017c<\/h3>\n<p>\n\tW przypadku spor&oacute;w wynikaj\u0105cych z gwarancji, zanim strony zwr&oacute;c\u0105 si\u0119 do nale\u017cytych s\u0105d&oacute;w, prowadzone b\u0119d\u0105 rozmowy maj\u0105ce na celu zako\u0144czenie sporu na drodze polubownej ugody. Strony sporu porozumiej\u0105 si\u0119 na udzia\u0142 neutralnego rzeczoznawc\u0119, kt&oacute;ry przygotuje techniczn\u0105 opini\u0119. Koszty ekspertyzy arbitra\u017cowej przydzielone zostan\u0105 stronom zgodnie ze stopniem orzeczonego spowodowania szkody (ewentualnie jednej stronie). Droga s\u0105dowa pozostaje nienaruszona od niniejszej klauzuli rozjemczej. S\u0105dem w\u0142a\u015bciwym jest s\u0105d w miejscu dzia\u0142alno\u015bci strony korzystaj\u0105cej z gwarancji.<\/p>\n<h3>\n\tCzas trwania<\/h3>\n<p>\n\tNiniejsza deklaracja gwarancyjna wchodzi z \u017cycie ze skutkiem od 1. stycznia 2001.<\/p>\n","protected":false},"excerpt":{"rendered":"<p>INSTRUKCJE PRZETWARZANIA I MONTA\u017bU Przetwarzanie odbywa si\u0119 wed\u0142ug fachowych regu\u0142 ZVSHK (niemiecki Zwi\u0105zek Sanitaria Ogrzewanie Klimatyzacje) oraz ZVDH (niemiecki Zwi\u0105zek Dekarzy), jak r&oacute;wnie\u017c technicznych wytycznych NedZink. Celem uzyskania dalszych informacji o przetwarzaniu produkt&oacute;w NedZink prosz\u0119 odwiedzi\u0107 nasz\u0105 stron\u0119 internetow\u0105 www.nedzink.pllub www.nedzink.com. Gwarancja Techniczne Know-how i do\u015bwiadczone zarz\u0105dzanie jako\u015bci\u0105 NedZink B.V. w po\u0142\u0105czeniu z regularnymi kontrolami [&hellip;]<\/p>\n","protected":false},"author":9,"featured_media":0,"parent":0,"menu_order":1170,"comment_status":"closed","ping_status":"closed","template":"template-import.php","meta":{"_acf_changed":false,"footnotes":""},"class_list":["post-27920","page","type-page","status-publish","hentry"],"acf":[],"yoast_head":"<!-- This site is optimized with the Yoast SEO plugin v26.8 - https:\/\/yoast.com\/product\/yoast-seo-wordpress\/ -->\n<title>Gwarancja \u2013 NedZink<\/title>\n<meta name=\"description\" content=\"NedZink biedt zijn klanten 10 jaar garantie op geproduceerde halffabricaten en afgewerkte producten van zink. Wij lossen het probleem graag samen met u op!\" \/>\n<meta name=\"robots\" content=\"index, follow, max-snippet:-1, max-image-preview:large, max-video-preview:-1\" \/>\n<link rel=\"canonical\" href=\"https:\/\/www.nedzink.com\/pl\/gwarancja\/\" \/>\n<meta property=\"og:locale\" content=\"pl_PL\" \/>\n<meta property=\"og:type\" content=\"article\" \/>\n<meta property=\"og:title\" content=\"Gwarancja \u2013 NedZink\" \/>\n<meta property=\"og:description\" content=\"NedZink biedt zijn klanten 10 jaar garantie op geproduceerde halffabricaten en afgewerkte producten van zink. Wij lossen het probleem graag samen met u op!\" \/>\n<meta property=\"og:url\" content=\"https:\/\/www.nedzink.com\/pl\/gwarancja\/\" \/>\n<meta property=\"og:site_name\" content=\"NedZink\" \/>\n<meta property=\"article:modified_time\" content=\"2019-08-05T13:16:30+00:00\" \/>\n<meta name=\"twitter:card\" content=\"summary_large_image\" \/>\n<meta name=\"twitter:label1\" content=\"Szacowany czas czytania\" \/>\n\t<meta name=\"twitter:data1\" content=\"5 minut\" \/>\n<script type=\"application\/ld+json\" class=\"yoast-schema-graph\">{\"@context\":\"https:\/\/schema.org\",\"@graph\":[{\"@type\":\"WebPage\",\"@id\":\"https:\/\/www.nedzink.com\/pl\/gwarancja\/\",\"url\":\"https:\/\/www.nedzink.com\/pl\/gwarancja\/\",\"name\":\"Gwarancja \u2013 NedZink\",\"isPartOf\":{\"@id\":\"https:\/\/www.nedzink.com\/pl\/#website\"},\"datePublished\":\"2019-05-07T13:56:53+00:00\",\"dateModified\":\"2019-08-05T13:16:30+00:00\",\"description\":\"NedZink biedt zijn klanten 10 jaar garantie op geproduceerde halffabricaten en afgewerkte producten van zink. Wij lossen het probleem graag samen met u op!\",\"breadcrumb\":{\"@id\":\"https:\/\/www.nedzink.com\/pl\/gwarancja\/#breadcrumb\"},\"inLanguage\":\"pl-PL\",\"potentialAction\":[{\"@type\":\"ReadAction\",\"target\":[\"https:\/\/www.nedzink.com\/pl\/gwarancja\/\"]}]},{\"@type\":\"BreadcrumbList\",\"@id\":\"https:\/\/www.nedzink.com\/pl\/gwarancja\/#breadcrumb\",\"itemListElement\":[{\"@type\":\"ListItem\",\"position\":1,\"name\":\"Home\",\"item\":\"https:\/\/www.nedzink.com\/pl\/\"},{\"@type\":\"ListItem\",\"position\":2,\"name\":\"Gwarancja\"}]},{\"@type\":\"WebSite\",\"@id\":\"https:\/\/www.nedzink.com\/pl\/#website\",\"url\":\"https:\/\/www.nedzink.com\/pl\/\",\"name\":\"NedZink\",\"description\":\"Zink fabrikant\",\"publisher\":{\"@id\":\"https:\/\/www.nedzink.com\/pl\/#organization\"},\"potentialAction\":[{\"@type\":\"SearchAction\",\"target\":{\"@type\":\"EntryPoint\",\"urlTemplate\":\"https:\/\/www.nedzink.com\/pl\/?s={search_term_string}\"},\"query-input\":{\"@type\":\"PropertyValueSpecification\",\"valueRequired\":true,\"valueName\":\"search_term_string\"}}],\"inLanguage\":\"pl-PL\"},{\"@type\":\"Organization\",\"@id\":\"https:\/\/www.nedzink.com\/pl\/#organization\",\"name\":\"NedZink\",\"url\":\"https:\/\/www.nedzink.com\/pl\/\",\"logo\":{\"@type\":\"ImageObject\",\"inLanguage\":\"pl-PL\",\"@id\":\"https:\/\/www.nedzink.com\/pl\/#\/schema\/logo\/image\/\",\"url\":\"https:\/\/www.nedzink.com\/wp-content\/uploads\/2019\/08\/logo-nedzink_fc_zk.jpg\",\"contentUrl\":\"https:\/\/www.nedzink.com\/wp-content\/uploads\/2019\/08\/logo-nedzink_fc_zk.jpg\",\"width\":2160,\"height\":688,\"caption\":\"NedZink\"},\"image\":{\"@id\":\"https:\/\/www.nedzink.com\/pl\/#\/schema\/logo\/image\/\"}}]}<\/script>\n<!-- \/ Yoast SEO plugin. -->","yoast_head_json":{"title":"Gwarancja \u2013 NedZink","description":"NedZink biedt zijn klanten 10 jaar garantie op geproduceerde halffabricaten en afgewerkte producten van zink. Wij lossen het probleem graag samen met u op!","robots":{"index":"index","follow":"follow","max-snippet":"max-snippet:-1","max-image-preview":"max-image-preview:large","max-video-preview":"max-video-preview:-1"},"canonical":"https:\/\/www.nedzink.com\/pl\/gwarancja\/","og_locale":"pl_PL","og_type":"article","og_title":"Gwarancja \u2013 NedZink","og_description":"NedZink biedt zijn klanten 10 jaar garantie op geproduceerde halffabricaten en afgewerkte producten van zink. Wij lossen het probleem graag samen met u op!","og_url":"https:\/\/www.nedzink.com\/pl\/gwarancja\/","og_site_name":"NedZink","article_modified_time":"2019-08-05T13:16:30+00:00","twitter_card":"summary_large_image","twitter_misc":{"Szacowany czas czytania":"5 minut"},"schema":{"@context":"https:\/\/schema.org","@graph":[{"@type":"WebPage","@id":"https:\/\/www.nedzink.com\/pl\/gwarancja\/","url":"https:\/\/www.nedzink.com\/pl\/gwarancja\/","name":"Gwarancja \u2013 NedZink","isPartOf":{"@id":"https:\/\/www.nedzink.com\/pl\/#website"},"datePublished":"2019-05-07T13:56:53+00:00","dateModified":"2019-08-05T13:16:30+00:00","description":"NedZink biedt zijn klanten 10 jaar garantie op geproduceerde halffabricaten en afgewerkte producten van zink. Wij lossen het probleem graag samen met u op!","breadcrumb":{"@id":"https:\/\/www.nedzink.com\/pl\/gwarancja\/#breadcrumb"},"inLanguage":"pl-PL","potentialAction":[{"@type":"ReadAction","target":["https:\/\/www.nedzink.com\/pl\/gwarancja\/"]}]},{"@type":"BreadcrumbList","@id":"https:\/\/www.nedzink.com\/pl\/gwarancja\/#breadcrumb","itemListElement":[{"@type":"ListItem","position":1,"name":"Home","item":"https:\/\/www.nedzink.com\/pl\/"},{"@type":"ListItem","position":2,"name":"Gwarancja"}]},{"@type":"WebSite","@id":"https:\/\/www.nedzink.com\/pl\/#website","url":"https:\/\/www.nedzink.com\/pl\/","name":"NedZink","description":"Zink fabrikant","publisher":{"@id":"https:\/\/www.nedzink.com\/pl\/#organization"},"potentialAction":[{"@type":"SearchAction","target":{"@type":"EntryPoint","urlTemplate":"https:\/\/www.nedzink.com\/pl\/?s={search_term_string}"},"query-input":{"@type":"PropertyValueSpecification","valueRequired":true,"valueName":"search_term_string"}}],"inLanguage":"pl-PL"},{"@type":"Organization","@id":"https:\/\/www.nedzink.com\/pl\/#organization","name":"NedZink","url":"https:\/\/www.nedzink.com\/pl\/","logo":{"@type":"ImageObject","inLanguage":"pl-PL","@id":"https:\/\/www.nedzink.com\/pl\/#\/schema\/logo\/image\/","url":"https:\/\/www.nedzink.com\/wp-content\/uploads\/2019\/08\/logo-nedzink_fc_zk.jpg","contentUrl":"https:\/\/www.nedzink.com\/wp-content\/uploads\/2019\/08\/logo-nedzink_fc_zk.jpg","width":2160,"height":688,"caption":"NedZink"},"image":{"@id":"https:\/\/www.nedzink.com\/pl\/#\/schema\/logo\/image\/"}}]}},"_links":{"self":[{"href":"https:\/\/www.nedzink.com\/pl\/wp-json\/wp\/v2\/pages\/27920","targetHints":{"allow":["GET"]}}],"collection":[{"href":"https:\/\/www.nedzink.com\/pl\/wp-json\/wp\/v2\/pages"}],"about":[{"href":"https:\/\/www.nedzink.com\/pl\/wp-json\/wp\/v2\/types\/page"}],"author":[{"embeddable":true,"href":"https:\/\/www.nedzink.com\/pl\/wp-json\/wp\/v2\/users\/9"}],"replies":[{"embeddable":true,"href":"https:\/\/www.nedzink.com\/pl\/wp-json\/wp\/v2\/comments?post=27920"}],"version-history":[{"count":0,"href":"https:\/\/www.nedzink.com\/pl\/wp-json\/wp\/v2\/pages\/27920\/revisions"}],"wp:attachment":[{"href":"https:\/\/www.nedzink.com\/pl\/wp-json\/wp\/v2\/media?parent=27920"}],"curies":[{"name":"wp","href":"https:\/\/api.w.org\/{rel}","templated":true}]}}