{"id":24923,"date":"2019-05-06T16:26:16","date_gmt":"2019-05-06T14:26:16","guid":{"rendered":"http:\/\/136.144.181.85\/~nedzink\/wlasciwosci-produktu\/wplyw-warunkow-atmosferycznych-wykraplanie-sie-wody\/"},"modified":"2019-08-05T15:13:30","modified_gmt":"2019-08-05T13:13:30","slug":"wplyw-warunkow-atmosferycznych-wykraplanie-sie-wody","status":"publish","type":"page","link":"https:\/\/www.nedzink.com\/pl\/wlasciwosci-produktu\/wplyw-warunkow-atmosferycznych-wykraplanie-sie-wody\/","title":{"rendered":"Wp\u0142yw warunk\u00f3w atmosferycznych\/ Wykraplanie si\u0119 wody"},"content":{"rendered":"<h2>\n\tNedZink NATUREL<\/h2>\n<p>\n\t<img decoding=\"async\" alt=\"\" src=\"https:\/\/www.nedzink.com\/wp-content\/uploads\/import\/cms\/userfiles\/images\/amsterdam_whale_2.jpg\" style=\"border-bottom: 0px solid; border-left: 0px solid; width: 250px; float: left; height: 250px; border-top: 0px solid; margin-right: 10px; border-right: 0px solid\" \/><\/p>\n<p>\n\tTytan-cynk zawdzi\u0119cza sw\u0105 wyj\u0105tkow\u0105 odporno\u015b\u0107 korozyjn\u0105 typowej dla cynku w\u0142asno\u015bci, czyli stworzenia samodzielnie na atmosferze grubej i mocno przylegaj\u0105cej warstwy ochronnej.<\/p>\n<p>\n\tNa powierzchni walcowanej przy pomocy tlenu z powietrza wpierw tworzy si\u0119 tlenek cynku: Zn + O2 &rarr; ZnO<\/p>\n<p>\n\tPoprzez wp\u0142yw wilgoci otoczenia nast\u0119pnie sukcesywnie tworzy si\u0119 wodorotlenek cynku: ZnO + H2O &rarr; Zn(OH)2<\/p>\n<p>\n\tKt&oacute;ry poprzez reakcj\u0119 z dwutlenkiem w\u0119gla z powietrza przekszta\u0142cony zostaje w mocno przylegaj\u0105c\u0105 i nierozpuszczaln\u0105 wodnie warstw\u0119 ochronn\u0105 zasadowego w\u0119glanu cynku: Zn(OH)2 + Co2 &rarr; ZnCO3<\/p>\n<p>\n\tBardzo g\u0119sta warstwa ochronna&nbsp; &#8211; powszechnie nazywana tak\u017ce &bdquo;patyn\u0105&ldquo; &ndash; przy uszkodzeniu jest &bdquo;samogoj\u0105ca si\u0119&rdquo;; tzn. mniejsze uszkodzenia samodzielnie zostaj\u0105 wype\u0142nione.<\/p>\n<p>\n\tW zwi\u0105zku z tym, i\u017c procesy chemiczne odbywaj\u0105 si\u0119 cz\u0119\u015bciowo jednocze\u015bnie i nast\u0119puj\u0105co po sobie, zale\u017cnie od traktowania wilgoci\u0105 oraz opad&oacute;w, w pocz\u0105tkowym czasie od monta\u017cu nie do unikni\u0119cia jest cz\u0119\u015bciowo plamiasty wygl\u0105d powierzchni. Czas trwania tego procesu jest r&oacute;\u017cny zale\u017cnie od wielu faktor&oacute;w i mo\u017ce trwa\u0107 od kilku miesi\u0119cy, a\u017c do kilku lat.<\/p>\n<p>\n\tKonkretny dok\u0142adny sk\u0142ad warstwy ochronnej jest zale\u017cny od sk\u0142adu powietrza w miejscu monta\u017cu, np. obszaru czystego powietrza, atmosfery przemys\u0142owej, klimatu morskiego itd..<\/p>\n<p>\n\tNa obszarach czystego powietrza oraz tak\u017ce coraz mocniej na obszarach miejskich decyduj\u0105ce s\u0105 naturalne warunki atmosferyczne takie jak:<\/p>\n<p>\n\t&#8211; opady jako deszcz, \u015bnieg, grad, mg\u0142a oraz wilgo\u0107 w powietrzu.<\/p>\n<p>\n\tNa mocniej obci\u0105\u017conych obszarach dodatkowo dzia\u0142aj\u0105 zanieczyszczenia powietrza jak np.:<\/p>\n<p>\n\t&#8211; emisje chemiczne wywo\u0142ane przez transport, przemys\u0142, opa\u0142 itd.<\/p>\n<p>\n\t&#8211; powietrze zawieraj\u0105ce s&oacute;l w rejonach nadbrze\u017cnych<\/p>\n<p>\n\t&#8211; cz\u0105stki jak np. piasek, rozprzestrzeniane przez silne wiatry<\/p>\n<p>\n\tWszystkie te r&oacute;\u017cne czynniki w r&oacute;\u017cnych lokalizacji budynk&oacute;w wp\u0142ywaj\u0105 na tworzenie si\u0119 warstwy ochronnej i maj\u0105 wp\u0142yw na jej wygl\u0105d, grubo\u015b\u0107 warstwy oraz trwa\u0142o\u015b\u0107. Przez to tak\u017ce bezpo\u015brednio na \u017cywotno\u015b\u0107 zamontowanych blach tytan-cynkowych.<\/p>\n<p>\n\tNiemal\u017ce niemierzalne nier&oacute;wno\u015bci powierzchniowe (tworzenie si\u0119 fal), kt&oacute;re s\u0105 nie do unikni\u0119cia przy pracy z cienkimi blachami materia\u0142u go\u0142owalcowanego mog\u0105 si\u0119 uwidacznia\u0107 optycznie. Jednak wraz z narastaj\u0105cym tworzeniem si\u0119 patyny s\u0105 mniej spostrzegalne, a\u017c do ca\u0142kowitego zaniku przy &bdquo;gotowej&rdquo; patynie.<\/p>\n<p>\n\tJe\u015bli od samego pocz\u0105tku u\u017cytku po\u017c\u0105dane s\u0105 jednolity wygl\u0105d i struktura powierzchni, nale\u017cy zastosowa\u0107 &bdquo;patynowany&rdquo;&nbsp; NedZink NOVA.<\/p>\n<p>\n\t<strong>Klimat morski, wybrze\u017ce<\/strong><\/p>\n<p>\n\tPo monta\u017cu tytan-cynku w klimacie morskim i na wybrze\u017cu otaczaj\u0105ce s\u0142one powietrze wp\u0142ywa na go\u0142owalcowan\u0105 powierzchni\u0119. Je\u015bli w miejscu zamocowania wyst\u0119puj\u0105 normalne warunki opadowe, jak opisano we wcze\u015bniejszym rozdziale, czyli deszcz, \u015bnieg itd., warstwa ochronna wytworzy si\u0119 jak zwykle.<\/p>\n<p>\n\tNa elementach, kt&oacute;re nie s\u0105 wystawione na bezpo\u015brednie dzia\u0142anie deszczu i kt&oacute;re zraszane s\u0105 jedynie wilgoci\u0105 z powietrza, proces ten mo\u017ce zosta\u0107 spowolniony. Zauwa\u017calne jest to pocz\u0105tkowo nier&oacute;wnomiernym wygl\u0105dem powierzchni, kt&oacute;ry nast\u0119pnie stopniowo przechodzi w r&oacute;wnomiernie matowo-\u015brednioszar\u0105 powierzchni\u0119 gotowej patyny.<\/p>\n<p>\n\tW przeciwie\u0144stwie do tego jednak powierzchnia przy bezpo\u015brednim kontakcie z zasolon\u0105 wod\u0105, ale tak\u017ce mocno s\u0142onym powietrzem bez zwil\u017cania deszczem mo\u017ce wykaza\u0107 przebarwienia warstwy ochronnej. Takie zmiany s\u0105 wtedy nieuniknione&nbsp; i nieodwo\u0142alne.<\/p>\n<h2>\n\tNedZink NOVA<\/h2>\n<p>\n\t<strong><strong>W\u0142a\u015bciwo\u015bci powierzchni<\/strong> <img decoding=\"async\" align=\"right\" alt=\"\" border=\"0\" hspace=\"10\" src=\"http:\/\/www.nedzink.nl\/\/media\/vierkant_250x250\/gmbh_3.jpg\" vspace=\"10\" \/><\/strong><br \/>\n\tJako materia\u0142 bazowy dla NedZink NOVA s\u0142u\u017cy NedZink NATUREL. Jednolita, jedwabisto-b\u0142yszcz\u0105ca, tytanowo-szara powierzchnia NedZink NOVA powstaje poprzez chemiczne dzia\u0142anie na powierzchni\u0119 na w\u0142asnej, wysoce nowoczesnej linii patynuj\u0105cej po procesie walcowania. Tam na bazie go\u0142owalcowanego tytan-cynku w procesie chemicznym symulowana jest pow\u0142oka ochronna (patyna), normalnie powstaj\u0105ca pod wp\u0142ywem dzia\u0142ania naturalnych warunk&oacute;w atmosferycznych. Nie odbywa si\u0119 lakierowanie ani powlekanie, wi\u0119c naturalne w\u0142a\u015bciwo\u015bci tytan-cynku pozostaj\u0105 ca\u0142kowicie zachowane. Drobne zarysowania patynowanej powierzchni, np. podczas monta\u017cu, znikaj\u0105 pod wp\u0142ywem warunk&oacute;w atmosferycznych w wyniku tworzenia si\u0119 naturalnej patyny (&bdquo;proces samogoj\u0105cy&rdquo;). \u017bywa powierzchnia determinuje ma\u0142e r&oacute;\u017cnice w tonie i jasno\u015bci koloru, kt&oacute;re przy czasowym wp\u0142ywie pogodowym si\u0119 wyr&oacute;wnuj\u0105. Celem unikni\u0119cia r&oacute;\u017cnic zalecamy zamawianie z jednej serii produkcyjnej<\/p>\n<p>\t<strong>Kierunek monta\u017cu<\/strong><br \/>\n\tDla u\u015bwiadomienia kierunku przej\u015bcia przez urz\u0105dzenie patynuj\u0105ce, arkusze\/ta\u015bmy oznaczone s\u0105 po dolnej stronie strza\u0142k\u0105 kierunku. arkusze\/ta\u015bmy nale\u017cy uk\u0142ada\u0107 zawsze w tym samym kierunku celem unikni\u0119cia r&oacute;\u017cnic jasno\u015bci!<\/p>\n<p>\t<strong>Nowa ochrona powierzchni<\/strong><br \/>\n\tNedZink NOVA stosowane jest zw\u0142aszcza w estetycznie wymagaj\u0105cych zastosowaniach, jak np. fasad, st\u0105d produkty zaopatrzone s\u0105&nbsp; w czasow\u0105 ochron\u0119 powierzchni. Ochrona ta zapobiega mniejszym uszkodzeniom i zanieczyszczeniom, jak r&oacute;wnie\u017c odciskom palc&oacute;w podczas dalszego przetwarzania i monta\u017cu i zapewnia optymaln\u0105 prezencj\u0119 po zako\u0144czeniu prac.<\/p>\n<p>\t<strong>Ochrona przy ekstremalnych obci\u0105\u017ceniach <\/strong><br \/>\n\tPrzy silnym obci\u0105\u017ceniu mechanicznym materia\u0142u poprzez dalsze przetwarzanie i monta\u017c NedZink NOVA mo\u017ce zosta\u0107 zamawiany z dodatkow\u0105 prze\u017aroczyst\u0105, samoprzylepn\u0105 foli\u0105-PE. Chroni ona pewnie powierzchni\u0119 przed uszkodzeniami i silnymi zabrudzeniami np. w skutek dodatkowych przer&oacute;bek. Folia s\u0142u\u017cy czasowej ochronie powierzchni a\u017c do zako\u0144czenia prac monta\u017cowych i powinna nast\u0119pnie zosta\u0107 jak najszybciej usuni\u0119ta. Istotne jest to w szczeg&oacute;lno\u015bci przy wysokich temperaturach i silnym nas\u0142onecznieniu. Przy ch\u0142odnej pogodzie przywieranie folii na zewn\u0119trznej stronie blachy mo\u017ce by\u0107 wi\u0119ksze. Folia ochronna powinna zosta\u0107 usuni\u0119ta bezpo\u015brednio po monta\u017cu. Temperatura metalu musi przy tym wynosi\u0107 minimum 7&deg; C. Gdy temperatura metalu wynosi poni\u017cej 7&deg; C folii nie nale\u017cy zdejmowa\u0107. Folia nie powinna by\u0107 za\u0142\u0105czana w po\u0142\u0105czenia, jak np. w falce. Nale\u017cy uwzgl\u0119dni\u0107 kalkulacyjne dodatkowy wysi\u0142ek na usuni\u0119cie folii.<\/p>\n<p>\t<strong>Przetwarzanie<\/strong><br \/>\n\tNedZink NOVA mo\u017ce by\u0107 przetwarzany powszechnymi technikami rzemie\u015blniczymi, gdy\u017c w\u0142a\u015bciwo\u015bci materia\u0142owe tytan-cynku s\u0105 zachowane. Zatem tak\u017ce technika lutowania mo\u017ce by\u0107 stosowana przy u\u017cyciu odpowiedniego topnika.<\/p>\n<h2>\n<style type=\"text\/css\">\n<!--{cke_protected}{C}%3C!%2D%2D%0A%20%2F*%20Font%20Definitions%20*%2F%0A%40font-face%0A%09%7Bfont-family%3A%22%EF%BC%AD%EF%BC%B3%20%E6%98%8E%E6%9C%9D%22%3B%0A%09panose-1%3A0%200%200%200%200%200%200%200%200%200%3B%0A%09mso-font-charset%3A128%3B%0A%09mso-generic-font-family%3Aroman%3B%0A%09mso-font-format%3Aother%3B%0A%09mso-font-pitch%3Afixed%3B%0A%09mso-font-signature%3A1%20134676480%2016%200%20131072%200%3B%7D%0A%40font-face%0A%09%7Bfont-family%3A%22%EF%BC%AD%EF%BC%B3%20%E3%82%B4%E3%82%B7%E3%83%83%E3%82%AF%22%3B%0A%09panose-1%3A0%200%200%200%200%200%200%200%200%200%3B%0A%09mso-font-charset%3A128%3B%0A%09mso-generic-font-family%3Amodern%3B%0A%09mso-font-format%3Aother%3B%0A%09mso-font-pitch%3Afixed%3B%0A%09mso-font-signature%3A1%20134676480%2016%200%20131072%200%3B%7D%0A%40font-face%0A%09%7Bfont-family%3A%22Cambria%20Math%22%3B%0A%09panose-1%3A2%204%205%203%205%204%206%203%202%204%3B%0A%09mso-font-charset%3A0%3B%0A%09mso-generic-font-family%3Aauto%3B%0A%09mso-font-pitch%3Avariable%3B%0A%09mso-font-signature%3A3%200%200%200%201%200%3B%7D%0A%40font-face%0A%09%7Bfont-family%3ACalibri%3B%0A%09panose-1%3A2%2015%205%202%202%202%204%203%202%204%3B%0A%09mso-font-charset%3A0%3B%0A%09mso-generic-font-family%3Aauto%3B%0A%09mso-font-pitch%3Avariable%3B%0A%09mso-font-signature%3A3%200%200%200%201%200%3B%7D%0A%40font-face%0A%09%7Bfont-family%3ACambria%3B%0A%09panose-1%3A2%204%205%203%205%204%206%203%202%204%3B%0A%09mso-font-charset%3A0%3B%0A%09mso-generic-font-family%3Aauto%3B%0A%09mso-font-pitch%3Avariable%3B%0A%09mso-font-signature%3A3%200%200%200%201%200%3B%7D%0A%20%2F*%20Style%20Definitions%20*%2F%0Ap.MsoNormal%2C%20li.MsoNormal%2C%20div.MsoNormal%0A%09%7Bmso-style-unhide%3Ano%3B%0A%09mso-style-qformat%3Ayes%3B%0A%09mso-style-parent%3A%22%22%3B%0A%09margin-top%3A0cm%3B%0A%09margin-right%3A0cm%3B%0A%09margin-bottom%3A10.0pt%3B%0A%09margin-left%3A0cm%3B%0A%09line-height%3A115%25%3B%0A%09mso-pagination%3Awidow-orphan%3B%0A%09font-size%3A11.0pt%3B%0A%09font-family%3ACalibri%3B%0A%09mso-ascii-font-family%3ACalibri%3B%0A%09mso-ascii-theme-font%3Aminor-latin%3B%0A%09mso-fareast-font-family%3A%22%EF%BC%AD%EF%BC%B3%20%E6%98%8E%E6%9C%9D%22%3B%0A%09mso-fareast-theme-font%3Aminor-fareast%3B%0A%09mso-hansi-font-family%3ACalibri%3B%0A%09mso-hansi-theme-font%3Aminor-latin%3B%0A%09mso-bidi-font-family%3A%22Times%20New%20Roman%22%3B%0A%09mso-bidi-theme-font%3Aminor-bidi%3B%0A%09mso-ansi-language%3APL%3B%0A%09mso-fareast-language%3APL%3B%7D%0Ah2%0A%09%7Bmso-style-priority%3A9%3B%0A%09mso-style-qformat%3Ayes%3B%0A%09mso-style-link%3A%22Kop%202%20Teken%22%3B%0A%09mso-style-next%3ANormaal%3B%0A%09margin-top%3A10.0pt%3B%0A%09margin-right%3A0cm%3B%0A%09margin-bottom%3A0cm%3B%0A%09margin-left%3A0cm%3B%0A%09margin-bottom%3A.0001pt%3B%0A%09line-height%3A115%25%3B%0A%09mso-pagination%3Awidow-orphan%20lines-together%3B%0A%09page-break-after%3Aavoid%3B%0A%09mso-outline-level%3A2%3B%0A%09font-size%3A13.0pt%3B%0A%09font-family%3ACambria%3B%0A%09mso-ascii-font-family%3ACambria%3B%0A%09mso-ascii-theme-font%3Amajor-latin%3B%0A%09mso-fareast-font-family%3A%22%EF%BC%AD%EF%BC%B3%20%E3%82%B4%E3%82%B7%E3%83%83%E3%82%AF%22%3B%0A%09mso-fareast-theme-font%3Amajor-fareast%3B%0A%09mso-hansi-font-family%3ACambria%3B%0A%09mso-hansi-theme-font%3Amajor-latin%3B%0A%09mso-bidi-font-family%3A%22Times%20New%20Roman%22%3B%0A%09mso-bidi-theme-font%3Amajor-bidi%3B%0A%09color%3A%234F81BD%3B%0A%09mso-themecolor%3Aaccent1%3B%0A%09mso-ansi-language%3APL%3B%0A%09mso-fareast-language%3APL%3B%7D%0Aspan.Kop2Teken%0A%09%7Bmso-style-name%3A%22Kop%202%20Teken%22%3B%0A%09mso-style-priority%3A9%3B%0A%09mso-style-unhide%3Ano%3B%0A%09mso-style-locked%3Ayes%3B%0A%09mso-style-link%3A%22Kop%202%22%3B%0A%09mso-ansi-font-size%3A13.0pt%3B%0A%09mso-bidi-font-size%3A13.0pt%3B%0A%09font-family%3ACambria%3B%0A%09mso-ascii-font-family%3ACambria%3B%0A%09mso-ascii-theme-font%3Amajor-latin%3B%0A%09mso-fareast-font-family%3A%22%EF%BC%AD%EF%BC%B3%20%E3%82%B4%E3%82%B7%E3%83%83%E3%82%AF%22%3B%0A%09mso-fareast-theme-font%3Amajor-fareast%3B%0A%09mso-hansi-font-family%3ACambria%3B%0A%09mso-hansi-theme-font%3Amajor-latin%3B%0A%09mso-bidi-font-family%3A%22Times%20New%20Roman%22%3B%0A%09mso-bidi-theme-font%3Amajor-bidi%3B%0A%09color%3A%234F81BD%3B%0A%09mso-themecolor%3Aaccent1%3B%0A%09font-weight%3Abold%3B%7D%0A.MsoChpDefault%0A%09%7Bmso-style-type%3Aexport-only%3B%0A%09mso-default-props%3Ayes%3B%0A%09font-size%3A11.0pt%3B%0A%09mso-ansi-font-size%3A11.0pt%3B%0A%09mso-bidi-font-size%3A11.0pt%3B%0A%09font-family%3ACalibri%3B%0A%09mso-ascii-font-family%3ACalibri%3B%0A%09mso-ascii-theme-font%3Aminor-latin%3B%0A%09mso-fareast-font-family%3A%22%EF%BC%AD%EF%BC%B3%20%E6%98%8E%E6%9C%9D%22%3B%0A%09mso-fareast-theme-font%3Aminor-fareast%3B%0A%09mso-hansi-font-family%3ACalibri%3B%0A%09mso-hansi-theme-font%3Aminor-latin%3B%0A%09mso-bidi-font-family%3A%22Times%20New%20Roman%22%3B%0A%09mso-bidi-theme-font%3Aminor-bidi%3B%0A%09mso-ansi-language%3APL%3B%0A%09mso-fareast-language%3APL%3B%7D%0A.MsoPapDefault%0A%09%7Bmso-style-type%3Aexport-only%3B%0A%09margin-bottom%3A10.0pt%3B%0A%09line-height%3A115%25%3B%7D%0A%40page%20WordSection1%0A%09%7Bsize%3A612.0pt%20792.0pt%3B%0A%09margin%3A70.85pt%2070.85pt%2070.85pt%2070.85pt%3B%0A%09mso-header-margin%3A35.4pt%3B%0A%09mso-footer-margin%3A35.4pt%3B%0A%09mso-paper-source%3A0%3B%7D%0Adiv.WordSection1%0A%09%7Bpage%3AWordSection1%3B%7D%0A%2D%2D%3E-->\t<\/style>\n<\/h2>\n<h2>\n\t<span lang=\"PL\">Intensywne tworzenie si\u0119 rosy \/ Dzia\u0142anie wilgoci<\/span><\/h2>\n<p>\n\tPrzy nowo montowanych elementach budowlanych NedZink mog\u0105 wyst\u0119powa\u0107 bia\u0142e przebarwienia, jako efekt d\u0142ugiego ci\u0105g\u0142ego wp\u0142ywu wilgoci i intensywnego skraplania si\u0119 wody. Wyst\u0119powa\u0107 to mo\u017ce po nieodpowiednim magazynowaniu, okrywaniu nieprzepuszczalnymi foliami lub wp\u0142ywami pogodowymi. Wytwarza si\u0119 wodorotlenek cynku lu\u017any, porowaty produkt korozji. Uwidacznia si\u0119 to jako lekko bia\u0142awe przebarwienie, jednak w toku patynowania zmieni si\u0119 ona bez pozosta\u0142o\u015bci w warstw\u0119 ochronn\u0105. Je\u015bli tworzenie si\u0119 wodorotlenku cynku nie jest zaawansowane, efekt korozji mo\u017ce zosta\u0107 usuni\u0119ty bez ingerencji w grubo\u015b\u0107 blachy poprzez szczotkowanie, a nast\u0119pnie zmycie. Pozosta\u0142e ciemniejsze miejsca z czasem poprzez patynowanie dopasuj\u0105 si\u0119 do otaczaj\u0105cego materia\u0142u i nie b\u0119d\u0105 zauwa\u017calne.<\/p>\n","protected":false},"excerpt":{"rendered":"<p>NedZink NATUREL Tytan-cynk zawdzi\u0119cza sw\u0105 wyj\u0105tkow\u0105 odporno\u015b\u0107 korozyjn\u0105 typowej dla cynku w\u0142asno\u015bci, czyli stworzenia samodzielnie na atmosferze grubej i mocno przylegaj\u0105cej warstwy ochronnej. Na powierzchni walcowanej przy pomocy tlenu z powietrza wpierw tworzy si\u0119 tlenek cynku: Zn + O2 &rarr; ZnO Poprzez wp\u0142yw wilgoci otoczenia nast\u0119pnie sukcesywnie tworzy si\u0119 wodorotlenek cynku: ZnO + H2O &rarr; [&hellip;]<\/p>\n","protected":false},"author":9,"featured_media":0,"parent":24863,"menu_order":480,"comment_status":"closed","ping_status":"closed","template":"template-import.php","meta":{"_acf_changed":false,"footnotes":""},"class_list":["post-24923","page","type-page","status-publish","hentry"],"acf":[],"yoast_head":"<!-- This site is optimized with the Yoast SEO plugin v26.8 - https:\/\/yoast.com\/product\/yoast-seo-wordpress\/ -->\n<title>Wp\u0142yw warunk\u00f3w atmosferycznych\/ Wykraplanie si\u0119 wody \u2013 NedZink<\/title>\n<meta name=\"description\" content=\"Titaanzink dankt zijn uitstekende corrosiebestendigheid aan de spontane vorming van een onoplosbare laag op het oppervlak. Lees meer op onze website!\" \/>\n<meta name=\"robots\" content=\"index, follow, max-snippet:-1, max-image-preview:large, max-video-preview:-1\" \/>\n<link rel=\"canonical\" href=\"https:\/\/www.nedzink.com\/pl\/wlasciwosci-produktu\/wplyw-warunkow-atmosferycznych-wykraplanie-sie-wody\/\" \/>\n<meta property=\"og:locale\" content=\"pl_PL\" \/>\n<meta property=\"og:type\" content=\"article\" \/>\n<meta property=\"og:title\" content=\"Wp\u0142yw warunk\u00f3w atmosferycznych\/ Wykraplanie si\u0119 wody \u2013 NedZink\" \/>\n<meta property=\"og:description\" content=\"Titaanzink dankt zijn uitstekende corrosiebestendigheid aan de spontane vorming van een onoplosbare laag op het oppervlak. Lees meer op onze website!\" \/>\n<meta property=\"og:url\" content=\"https:\/\/www.nedzink.com\/pl\/wlasciwosci-produktu\/wplyw-warunkow-atmosferycznych-wykraplanie-sie-wody\/\" \/>\n<meta property=\"og:site_name\" content=\"NedZink\" \/>\n<meta property=\"article:modified_time\" content=\"2019-08-05T13:13:30+00:00\" \/>\n<meta property=\"og:image\" content=\"https:\/\/www.nedzink.com\/wp-content\/uploads\/import\/cms\/userfiles\/images\/amsterdam_whale_2.jpg\" \/>\n<meta name=\"twitter:card\" content=\"summary_large_image\" \/>\n<meta name=\"twitter:label1\" content=\"Szacowany czas czytania\" \/>\n\t<meta name=\"twitter:data1\" content=\"6 minut\" \/>\n<script type=\"application\/ld+json\" class=\"yoast-schema-graph\">{\"@context\":\"https:\/\/schema.org\",\"@graph\":[{\"@type\":\"WebPage\",\"@id\":\"https:\/\/www.nedzink.com\/pl\/wlasciwosci-produktu\/wplyw-warunkow-atmosferycznych-wykraplanie-sie-wody\/\",\"url\":\"https:\/\/www.nedzink.com\/pl\/wlasciwosci-produktu\/wplyw-warunkow-atmosferycznych-wykraplanie-sie-wody\/\",\"name\":\"Wp\u0142yw warunk\u00f3w atmosferycznych\/ Wykraplanie si\u0119 wody \u2013 NedZink\",\"isPartOf\":{\"@id\":\"https:\/\/www.nedzink.com\/pl\/#website\"},\"primaryImageOfPage\":{\"@id\":\"https:\/\/www.nedzink.com\/pl\/wlasciwosci-produktu\/wplyw-warunkow-atmosferycznych-wykraplanie-sie-wody\/#primaryimage\"},\"image\":{\"@id\":\"https:\/\/www.nedzink.com\/pl\/wlasciwosci-produktu\/wplyw-warunkow-atmosferycznych-wykraplanie-sie-wody\/#primaryimage\"},\"thumbnailUrl\":\"https:\/\/www.nedzink.com\/wp-content\/uploads\/import\/cms\/userfiles\/images\/amsterdam_whale_2.jpg\",\"datePublished\":\"2019-05-06T14:26:16+00:00\",\"dateModified\":\"2019-08-05T13:13:30+00:00\",\"description\":\"Titaanzink dankt zijn uitstekende corrosiebestendigheid aan de spontane vorming van een onoplosbare laag op het oppervlak. Lees meer op onze website!\",\"breadcrumb\":{\"@id\":\"https:\/\/www.nedzink.com\/pl\/wlasciwosci-produktu\/wplyw-warunkow-atmosferycznych-wykraplanie-sie-wody\/#breadcrumb\"},\"inLanguage\":\"pl-PL\",\"potentialAction\":[{\"@type\":\"ReadAction\",\"target\":[\"https:\/\/www.nedzink.com\/pl\/wlasciwosci-produktu\/wplyw-warunkow-atmosferycznych-wykraplanie-sie-wody\/\"]}]},{\"@type\":\"ImageObject\",\"inLanguage\":\"pl-PL\",\"@id\":\"https:\/\/www.nedzink.com\/pl\/wlasciwosci-produktu\/wplyw-warunkow-atmosferycznych-wykraplanie-sie-wody\/#primaryimage\",\"url\":\"https:\/\/www.nedzink.com\/wp-content\/uploads\/import\/cms\/userfiles\/images\/amsterdam_whale_2.jpg\",\"contentUrl\":\"https:\/\/www.nedzink.com\/wp-content\/uploads\/import\/cms\/userfiles\/images\/amsterdam_whale_2.jpg\"},{\"@type\":\"BreadcrumbList\",\"@id\":\"https:\/\/www.nedzink.com\/pl\/wlasciwosci-produktu\/wplyw-warunkow-atmosferycznych-wykraplanie-sie-wody\/#breadcrumb\",\"itemListElement\":[{\"@type\":\"ListItem\",\"position\":1,\"name\":\"Home\",\"item\":\"https:\/\/www.nedzink.com\/pl\/\"},{\"@type\":\"ListItem\",\"position\":2,\"name\":\"W\u0142a\u015bciwo\u015bci produktu\",\"item\":\"https:\/\/www.nedzink.com\/pl\/wlasciwosci-produktu\/\"},{\"@type\":\"ListItem\",\"position\":3,\"name\":\"Wp\u0142yw warunk\u00f3w atmosferycznych\/ Wykraplanie si\u0119 wody\"}]},{\"@type\":\"WebSite\",\"@id\":\"https:\/\/www.nedzink.com\/pl\/#website\",\"url\":\"https:\/\/www.nedzink.com\/pl\/\",\"name\":\"NedZink\",\"description\":\"Zink fabrikant\",\"publisher\":{\"@id\":\"https:\/\/www.nedzink.com\/pl\/#organization\"},\"potentialAction\":[{\"@type\":\"SearchAction\",\"target\":{\"@type\":\"EntryPoint\",\"urlTemplate\":\"https:\/\/www.nedzink.com\/pl\/?s={search_term_string}\"},\"query-input\":{\"@type\":\"PropertyValueSpecification\",\"valueRequired\":true,\"valueName\":\"search_term_string\"}}],\"inLanguage\":\"pl-PL\"},{\"@type\":\"Organization\",\"@id\":\"https:\/\/www.nedzink.com\/pl\/#organization\",\"name\":\"NedZink\",\"url\":\"https:\/\/www.nedzink.com\/pl\/\",\"logo\":{\"@type\":\"ImageObject\",\"inLanguage\":\"pl-PL\",\"@id\":\"https:\/\/www.nedzink.com\/pl\/#\/schema\/logo\/image\/\",\"url\":\"https:\/\/www.nedzink.com\/wp-content\/uploads\/2019\/08\/logo-nedzink_fc_zk.jpg\",\"contentUrl\":\"https:\/\/www.nedzink.com\/wp-content\/uploads\/2019\/08\/logo-nedzink_fc_zk.jpg\",\"width\":2160,\"height\":688,\"caption\":\"NedZink\"},\"image\":{\"@id\":\"https:\/\/www.nedzink.com\/pl\/#\/schema\/logo\/image\/\"}}]}<\/script>\n<!-- \/ Yoast SEO plugin. -->","yoast_head_json":{"title":"Wp\u0142yw warunk\u00f3w atmosferycznych\/ Wykraplanie si\u0119 wody \u2013 NedZink","description":"Titaanzink dankt zijn uitstekende corrosiebestendigheid aan de spontane vorming van een onoplosbare laag op het oppervlak. Lees meer op onze website!","robots":{"index":"index","follow":"follow","max-snippet":"max-snippet:-1","max-image-preview":"max-image-preview:large","max-video-preview":"max-video-preview:-1"},"canonical":"https:\/\/www.nedzink.com\/pl\/wlasciwosci-produktu\/wplyw-warunkow-atmosferycznych-wykraplanie-sie-wody\/","og_locale":"pl_PL","og_type":"article","og_title":"Wp\u0142yw warunk\u00f3w atmosferycznych\/ Wykraplanie si\u0119 wody \u2013 NedZink","og_description":"Titaanzink dankt zijn uitstekende corrosiebestendigheid aan de spontane vorming van een onoplosbare laag op het oppervlak. Lees meer op onze website!","og_url":"https:\/\/www.nedzink.com\/pl\/wlasciwosci-produktu\/wplyw-warunkow-atmosferycznych-wykraplanie-sie-wody\/","og_site_name":"NedZink","article_modified_time":"2019-08-05T13:13:30+00:00","og_image":[{"url":"https:\/\/www.nedzink.com\/wp-content\/uploads\/import\/cms\/userfiles\/images\/amsterdam_whale_2.jpg","type":"","width":"","height":""}],"twitter_card":"summary_large_image","twitter_misc":{"Szacowany czas czytania":"6 minut"},"schema":{"@context":"https:\/\/schema.org","@graph":[{"@type":"WebPage","@id":"https:\/\/www.nedzink.com\/pl\/wlasciwosci-produktu\/wplyw-warunkow-atmosferycznych-wykraplanie-sie-wody\/","url":"https:\/\/www.nedzink.com\/pl\/wlasciwosci-produktu\/wplyw-warunkow-atmosferycznych-wykraplanie-sie-wody\/","name":"Wp\u0142yw warunk\u00f3w atmosferycznych\/ Wykraplanie si\u0119 wody \u2013 NedZink","isPartOf":{"@id":"https:\/\/www.nedzink.com\/pl\/#website"},"primaryImageOfPage":{"@id":"https:\/\/www.nedzink.com\/pl\/wlasciwosci-produktu\/wplyw-warunkow-atmosferycznych-wykraplanie-sie-wody\/#primaryimage"},"image":{"@id":"https:\/\/www.nedzink.com\/pl\/wlasciwosci-produktu\/wplyw-warunkow-atmosferycznych-wykraplanie-sie-wody\/#primaryimage"},"thumbnailUrl":"https:\/\/www.nedzink.com\/wp-content\/uploads\/import\/cms\/userfiles\/images\/amsterdam_whale_2.jpg","datePublished":"2019-05-06T14:26:16+00:00","dateModified":"2019-08-05T13:13:30+00:00","description":"Titaanzink dankt zijn uitstekende corrosiebestendigheid aan de spontane vorming van een onoplosbare laag op het oppervlak. Lees meer op onze website!","breadcrumb":{"@id":"https:\/\/www.nedzink.com\/pl\/wlasciwosci-produktu\/wplyw-warunkow-atmosferycznych-wykraplanie-sie-wody\/#breadcrumb"},"inLanguage":"pl-PL","potentialAction":[{"@type":"ReadAction","target":["https:\/\/www.nedzink.com\/pl\/wlasciwosci-produktu\/wplyw-warunkow-atmosferycznych-wykraplanie-sie-wody\/"]}]},{"@type":"ImageObject","inLanguage":"pl-PL","@id":"https:\/\/www.nedzink.com\/pl\/wlasciwosci-produktu\/wplyw-warunkow-atmosferycznych-wykraplanie-sie-wody\/#primaryimage","url":"https:\/\/www.nedzink.com\/wp-content\/uploads\/import\/cms\/userfiles\/images\/amsterdam_whale_2.jpg","contentUrl":"https:\/\/www.nedzink.com\/wp-content\/uploads\/import\/cms\/userfiles\/images\/amsterdam_whale_2.jpg"},{"@type":"BreadcrumbList","@id":"https:\/\/www.nedzink.com\/pl\/wlasciwosci-produktu\/wplyw-warunkow-atmosferycznych-wykraplanie-sie-wody\/#breadcrumb","itemListElement":[{"@type":"ListItem","position":1,"name":"Home","item":"https:\/\/www.nedzink.com\/pl\/"},{"@type":"ListItem","position":2,"name":"W\u0142a\u015bciwo\u015bci produktu","item":"https:\/\/www.nedzink.com\/pl\/wlasciwosci-produktu\/"},{"@type":"ListItem","position":3,"name":"Wp\u0142yw warunk\u00f3w atmosferycznych\/ Wykraplanie si\u0119 wody"}]},{"@type":"WebSite","@id":"https:\/\/www.nedzink.com\/pl\/#website","url":"https:\/\/www.nedzink.com\/pl\/","name":"NedZink","description":"Zink fabrikant","publisher":{"@id":"https:\/\/www.nedzink.com\/pl\/#organization"},"potentialAction":[{"@type":"SearchAction","target":{"@type":"EntryPoint","urlTemplate":"https:\/\/www.nedzink.com\/pl\/?s={search_term_string}"},"query-input":{"@type":"PropertyValueSpecification","valueRequired":true,"valueName":"search_term_string"}}],"inLanguage":"pl-PL"},{"@type":"Organization","@id":"https:\/\/www.nedzink.com\/pl\/#organization","name":"NedZink","url":"https:\/\/www.nedzink.com\/pl\/","logo":{"@type":"ImageObject","inLanguage":"pl-PL","@id":"https:\/\/www.nedzink.com\/pl\/#\/schema\/logo\/image\/","url":"https:\/\/www.nedzink.com\/wp-content\/uploads\/2019\/08\/logo-nedzink_fc_zk.jpg","contentUrl":"https:\/\/www.nedzink.com\/wp-content\/uploads\/2019\/08\/logo-nedzink_fc_zk.jpg","width":2160,"height":688,"caption":"NedZink"},"image":{"@id":"https:\/\/www.nedzink.com\/pl\/#\/schema\/logo\/image\/"}}]}},"_links":{"self":[{"href":"https:\/\/www.nedzink.com\/pl\/wp-json\/wp\/v2\/pages\/24923","targetHints":{"allow":["GET"]}}],"collection":[{"href":"https:\/\/www.nedzink.com\/pl\/wp-json\/wp\/v2\/pages"}],"about":[{"href":"https:\/\/www.nedzink.com\/pl\/wp-json\/wp\/v2\/types\/page"}],"author":[{"embeddable":true,"href":"https:\/\/www.nedzink.com\/pl\/wp-json\/wp\/v2\/users\/9"}],"replies":[{"embeddable":true,"href":"https:\/\/www.nedzink.com\/pl\/wp-json\/wp\/v2\/comments?post=24923"}],"version-history":[{"count":0,"href":"https:\/\/www.nedzink.com\/pl\/wp-json\/wp\/v2\/pages\/24923\/revisions"}],"up":[{"embeddable":true,"href":"https:\/\/www.nedzink.com\/pl\/wp-json\/wp\/v2\/pages\/24863"}],"wp:attachment":[{"href":"https:\/\/www.nedzink.com\/pl\/wp-json\/wp\/v2\/media?parent=24923"}],"curies":[{"name":"wp","href":"https:\/\/api.w.org\/{rel}","templated":true}]}}