{"id":24863,"date":"2019-05-06T16:26:04","date_gmt":"2019-05-06T14:26:04","guid":{"rendered":"http:\/\/136.144.181.85\/~nedzink\/wlasciwosci-produktu\/"},"modified":"2022-02-22T10:34:32","modified_gmt":"2022-02-22T09:34:32","slug":"wlasciwosci-produktu","status":"publish","type":"page","link":"https:\/\/www.nedzink.com\/pl\/wlasciwosci-produktu\/","title":{"rendered":"W\u0142a\u015bciwo\u015bci produktu"},"content":{"rendered":"[vc_row][vc_column width=&#8221;2\/3&#8243;][vc_column_text css=&#8221;.vc_custom_1645522463908{margin-bottom: 0px !important;}&#8221;]\n<h2>Opis produktu<\/h2>\n<p>NedZink produkuje tytan-cynk wg DIN EN 988, stop na bazie elektrolitycznego cynku o stopniu czysto\u015bci min. 99,995 % cynku (Z1 wg DIN EN 1179) z ma\u0142ymi ilo\u015bciami domieszek miedzi, tytanu i aluminium.Sk\u0142ad chemiczny, w\u0142a\u015bciwo\u015bci mechaniczno-technologiczne jak r\u00f3wnie\u017c maksymalnie dopuszczalne tolerancje wymiar\u00f3w NedZink NATUREL wyznaczone s\u0105 w certyfikacie produktu NedZink.Przestrzeganie tych w\u0142a\u015bciwo\u015bci materia\u0142owych nadzorowane jest w regularnych odst\u0119pach czasu (6 x do roku) przez niezale\u017cny, neutralny instytut badawczy LRQA (Industrial Quality Scheme for Product Certification by Surveillance of Quality Systems Approval-No. QIS 122).[\/vc_column_text][\/vc_column][vc_column width=&#8221;1\/3&#8243;][vc_single_image image=&#8221;4826&#8243; img_size=&#8221;full&#8221; alignment=&#8221;center&#8221;][\/vc_column][\/vc_row]\n","protected":false},"excerpt":{"rendered":"<p>[vc_row][vc_column width=&#8221;2\/3&#8243;][vc_column_text css=&#8221;.vc_custom_1645522463908{margin-bottom: 0px !important;}&#8221;] Opis produktu NedZink produkuje tytan-cynk wg DIN EN 988, stop na bazie elektrolitycznego cynku o stopniu czysto\u015bci min. 99,995 % cynku (Z1 wg DIN EN 1179) z ma\u0142ymi ilo\u015bciami domieszek miedzi, tytanu i aluminium.Sk\u0142ad chemiczny, w\u0142a\u015bciwo\u015bci mechaniczno-technologiczne jak r\u00f3wnie\u017c maksymalnie dopuszczalne tolerancje wymiar\u00f3w NedZink NATUREL wyznaczone s\u0105 w certyfikacie produktu [&hellip;]<\/p>\n","protected":false},"author":9,"featured_media":0,"parent":0,"menu_order":410,"comment_status":"closed","ping_status":"closed","template":"template-import.php","meta":{"_acf_changed":false,"footnotes":""},"class_list":["post-24863","page","type-page","status-publish","hentry"],"acf":[],"yoast_head":"<!-- This site is optimized with the Yoast SEO plugin v26.8 - https:\/\/yoast.com\/product\/yoast-seo-wordpress\/ -->\n<title>W\u0142a\u015bciwo\u015bci produktu \u2013 NedZink<\/title>\n<meta name=\"description\" content=\"De producteigenschappen van NedZink Titaanzink wordt omschreven in EN 988, KOMO-productcertificaat en het productcertificaat van Lloyd\u2019s Register\" \/>\n<meta name=\"robots\" content=\"index, follow, max-snippet:-1, max-image-preview:large, max-video-preview:-1\" \/>\n<link rel=\"canonical\" href=\"https:\/\/www.nedzink.com\/pl\/wlasciwosci-produktu\/\" \/>\n<meta property=\"og:locale\" content=\"pl_PL\" \/>\n<meta property=\"og:type\" content=\"article\" \/>\n<meta property=\"og:title\" content=\"W\u0142a\u015bciwo\u015bci produktu \u2013 NedZink\" \/>\n<meta property=\"og:description\" content=\"De producteigenschappen van NedZink Titaanzink wordt omschreven in EN 988, KOMO-productcertificaat en het productcertificaat van Lloyd\u2019s Register\" \/>\n<meta property=\"og:url\" content=\"https:\/\/www.nedzink.com\/pl\/wlasciwosci-produktu\/\" \/>\n<meta property=\"og:site_name\" content=\"NedZink\" \/>\n<meta property=\"article:modified_time\" content=\"2022-02-22T09:34:32+00:00\" \/>\n<meta name=\"twitter:card\" content=\"summary_large_image\" \/>\n<meta name=\"twitter:label1\" content=\"Szacowany czas czytania\" \/>\n\t<meta name=\"twitter:data1\" content=\"1 minuta\" \/>\n<script type=\"application\/ld+json\" class=\"yoast-schema-graph\">{\"@context\":\"https:\/\/schema.org\",\"@graph\":[{\"@type\":\"WebPage\",\"@id\":\"https:\/\/www.nedzink.com\/pl\/wlasciwosci-produktu\/\",\"url\":\"https:\/\/www.nedzink.com\/pl\/wlasciwosci-produktu\/\",\"name\":\"W\u0142a\u015bciwo\u015bci produktu \u2013 NedZink\",\"isPartOf\":{\"@id\":\"https:\/\/www.nedzink.com\/pl\/#website\"},\"datePublished\":\"2019-05-06T14:26:04+00:00\",\"dateModified\":\"2022-02-22T09:34:32+00:00\",\"description\":\"De producteigenschappen van NedZink Titaanzink wordt omschreven in EN 988, KOMO-productcertificaat en het productcertificaat van Lloyd\u2019s Register\",\"breadcrumb\":{\"@id\":\"https:\/\/www.nedzink.com\/pl\/wlasciwosci-produktu\/#breadcrumb\"},\"inLanguage\":\"pl-PL\",\"potentialAction\":[{\"@type\":\"ReadAction\",\"target\":[\"https:\/\/www.nedzink.com\/pl\/wlasciwosci-produktu\/\"]}]},{\"@type\":\"BreadcrumbList\",\"@id\":\"https:\/\/www.nedzink.com\/pl\/wlasciwosci-produktu\/#breadcrumb\",\"itemListElement\":[{\"@type\":\"ListItem\",\"position\":1,\"name\":\"Home\",\"item\":\"https:\/\/www.nedzink.com\/pl\/\"},{\"@type\":\"ListItem\",\"position\":2,\"name\":\"W\u0142a\u015bciwo\u015bci produktu\"}]},{\"@type\":\"WebSite\",\"@id\":\"https:\/\/www.nedzink.com\/pl\/#website\",\"url\":\"https:\/\/www.nedzink.com\/pl\/\",\"name\":\"NedZink\",\"description\":\"Zink fabrikant\",\"publisher\":{\"@id\":\"https:\/\/www.nedzink.com\/pl\/#organization\"},\"potentialAction\":[{\"@type\":\"SearchAction\",\"target\":{\"@type\":\"EntryPoint\",\"urlTemplate\":\"https:\/\/www.nedzink.com\/pl\/?s={search_term_string}\"},\"query-input\":{\"@type\":\"PropertyValueSpecification\",\"valueRequired\":true,\"valueName\":\"search_term_string\"}}],\"inLanguage\":\"pl-PL\"},{\"@type\":\"Organization\",\"@id\":\"https:\/\/www.nedzink.com\/pl\/#organization\",\"name\":\"NedZink\",\"url\":\"https:\/\/www.nedzink.com\/pl\/\",\"logo\":{\"@type\":\"ImageObject\",\"inLanguage\":\"pl-PL\",\"@id\":\"https:\/\/www.nedzink.com\/pl\/#\/schema\/logo\/image\/\",\"url\":\"https:\/\/www.nedzink.com\/wp-content\/uploads\/2019\/08\/logo-nedzink_fc_zk.jpg\",\"contentUrl\":\"https:\/\/www.nedzink.com\/wp-content\/uploads\/2019\/08\/logo-nedzink_fc_zk.jpg\",\"width\":2160,\"height\":688,\"caption\":\"NedZink\"},\"image\":{\"@id\":\"https:\/\/www.nedzink.com\/pl\/#\/schema\/logo\/image\/\"}}]}<\/script>\n<!-- \/ Yoast SEO plugin. -->","yoast_head_json":{"title":"W\u0142a\u015bciwo\u015bci produktu \u2013 NedZink","description":"De producteigenschappen van NedZink Titaanzink wordt omschreven in EN 988, KOMO-productcertificaat en het productcertificaat van Lloyd\u2019s Register","robots":{"index":"index","follow":"follow","max-snippet":"max-snippet:-1","max-image-preview":"max-image-preview:large","max-video-preview":"max-video-preview:-1"},"canonical":"https:\/\/www.nedzink.com\/pl\/wlasciwosci-produktu\/","og_locale":"pl_PL","og_type":"article","og_title":"W\u0142a\u015bciwo\u015bci produktu \u2013 NedZink","og_description":"De producteigenschappen van NedZink Titaanzink wordt omschreven in EN 988, KOMO-productcertificaat en het productcertificaat van Lloyd\u2019s Register","og_url":"https:\/\/www.nedzink.com\/pl\/wlasciwosci-produktu\/","og_site_name":"NedZink","article_modified_time":"2022-02-22T09:34:32+00:00","twitter_card":"summary_large_image","twitter_misc":{"Szacowany czas czytania":"1 minuta"},"schema":{"@context":"https:\/\/schema.org","@graph":[{"@type":"WebPage","@id":"https:\/\/www.nedzink.com\/pl\/wlasciwosci-produktu\/","url":"https:\/\/www.nedzink.com\/pl\/wlasciwosci-produktu\/","name":"W\u0142a\u015bciwo\u015bci produktu \u2013 NedZink","isPartOf":{"@id":"https:\/\/www.nedzink.com\/pl\/#website"},"datePublished":"2019-05-06T14:26:04+00:00","dateModified":"2022-02-22T09:34:32+00:00","description":"De producteigenschappen van NedZink Titaanzink wordt omschreven in EN 988, KOMO-productcertificaat en het productcertificaat van Lloyd\u2019s Register","breadcrumb":{"@id":"https:\/\/www.nedzink.com\/pl\/wlasciwosci-produktu\/#breadcrumb"},"inLanguage":"pl-PL","potentialAction":[{"@type":"ReadAction","target":["https:\/\/www.nedzink.com\/pl\/wlasciwosci-produktu\/"]}]},{"@type":"BreadcrumbList","@id":"https:\/\/www.nedzink.com\/pl\/wlasciwosci-produktu\/#breadcrumb","itemListElement":[{"@type":"ListItem","position":1,"name":"Home","item":"https:\/\/www.nedzink.com\/pl\/"},{"@type":"ListItem","position":2,"name":"W\u0142a\u015bciwo\u015bci produktu"}]},{"@type":"WebSite","@id":"https:\/\/www.nedzink.com\/pl\/#website","url":"https:\/\/www.nedzink.com\/pl\/","name":"NedZink","description":"Zink fabrikant","publisher":{"@id":"https:\/\/www.nedzink.com\/pl\/#organization"},"potentialAction":[{"@type":"SearchAction","target":{"@type":"EntryPoint","urlTemplate":"https:\/\/www.nedzink.com\/pl\/?s={search_term_string}"},"query-input":{"@type":"PropertyValueSpecification","valueRequired":true,"valueName":"search_term_string"}}],"inLanguage":"pl-PL"},{"@type":"Organization","@id":"https:\/\/www.nedzink.com\/pl\/#organization","name":"NedZink","url":"https:\/\/www.nedzink.com\/pl\/","logo":{"@type":"ImageObject","inLanguage":"pl-PL","@id":"https:\/\/www.nedzink.com\/pl\/#\/schema\/logo\/image\/","url":"https:\/\/www.nedzink.com\/wp-content\/uploads\/2019\/08\/logo-nedzink_fc_zk.jpg","contentUrl":"https:\/\/www.nedzink.com\/wp-content\/uploads\/2019\/08\/logo-nedzink_fc_zk.jpg","width":2160,"height":688,"caption":"NedZink"},"image":{"@id":"https:\/\/www.nedzink.com\/pl\/#\/schema\/logo\/image\/"}}]}},"_links":{"self":[{"href":"https:\/\/www.nedzink.com\/pl\/wp-json\/wp\/v2\/pages\/24863","targetHints":{"allow":["GET"]}}],"collection":[{"href":"https:\/\/www.nedzink.com\/pl\/wp-json\/wp\/v2\/pages"}],"about":[{"href":"https:\/\/www.nedzink.com\/pl\/wp-json\/wp\/v2\/types\/page"}],"author":[{"embeddable":true,"href":"https:\/\/www.nedzink.com\/pl\/wp-json\/wp\/v2\/users\/9"}],"replies":[{"embeddable":true,"href":"https:\/\/www.nedzink.com\/pl\/wp-json\/wp\/v2\/comments?post=24863"}],"version-history":[{"count":0,"href":"https:\/\/www.nedzink.com\/pl\/wp-json\/wp\/v2\/pages\/24863\/revisions"}],"wp:attachment":[{"href":"https:\/\/www.nedzink.com\/pl\/wp-json\/wp\/v2\/media?parent=24863"}],"curies":[{"name":"wp","href":"https:\/\/api.w.org\/{rel}","templated":true}]}}