{"id":12404,"date":"2019-04-10T11:36:49","date_gmt":"2019-04-10T09:36:49","guid":{"rendered":"http:\/\/136.144.181.85\/~nedzink\/contact\/dystrybucja\/"},"modified":"2019-07-25T10:46:50","modified_gmt":"2019-07-25T08:46:50","slug":"dystrybucja","status":"publish","type":"page","link":"https:\/\/www.nedzink.com\/pl\/contact\/dystrybucja\/","title":{"rendered":"Dystrybucja"},"content":{"rendered":"<p>\n\tNedZink obs\u0142uguje niemiecki rynek od wielu lat tradycyjnym kana\u0142em dystrybucyjnym przemys\u0142 &ndash; handel &ndash; rzemios\u0142o.&nbsp; Zaopatrujemy hurtowy handel bran\u017cowy w obszarze pokry\u0107 dachowych, ogrzewania sanitarnego lub materia\u0142&oacute;w budowlanych, jak i naszych partner&oacute;w z bran\u017cy odwadniania dach&oacute;w oraz osprz\u0119tu. Czynimy to albo bezpo\u015brednio z naszego zak\u0142adu w Budel-Dorplein albo z naszego zak\u0142adu w Oberhausen.<\/p>\n<p>\n\t&nbsp;Kolejne magazyny znajduj\u0105 si\u0119 w Bambergu, Berlinie oraz Ulm i umo\u017cliwiaj\u0105 nam bezproblemow\u0105 dostaw\u0119 r&oacute;wnie\u017c i mniejszych dostaw&nbsp; w kr&oacute;tkich czasach realizacji.<\/p>\n<p>\n\tWypr&oacute;bujcie nas Pa\u0144stwo, cieszymy si\u0119 na Pa\u0144stwa zapytania.<\/p>\n<p>\n\t<font face=\"Arial\" size=\"2\"><span class=\"253274511-20092011\"><span style=\"display: none\">&nbsp;<\/span><\/span><\/font><\/p>\n","protected":false},"excerpt":{"rendered":"<p>NedZink obs\u0142uguje niemiecki rynek od wielu lat tradycyjnym kana\u0142em dystrybucyjnym przemys\u0142 &ndash; handel &ndash; rzemios\u0142o.&nbsp; Zaopatrujemy hurtowy handel bran\u017cowy w obszarze pokry\u0107 dachowych, ogrzewania sanitarnego lub materia\u0142&oacute;w budowlanych, jak i naszych partner&oacute;w z bran\u017cy odwadniania dach&oacute;w oraz osprz\u0119tu. Czynimy to albo bezpo\u015brednio z naszego zak\u0142adu w Budel-Dorplein albo z naszego zak\u0142adu w Oberhausen. &nbsp;Kolejne magazyny [&hellip;]<\/p>\n","protected":false},"author":9,"featured_media":0,"parent":12382,"menu_order":110,"comment_status":"closed","ping_status":"closed","template":"template-import.php","meta":{"_acf_changed":false,"footnotes":""},"class_list":["post-12404","page","type-page","status-publish","hentry"],"acf":[],"yoast_head":"<!-- This site is optimized with the Yoast SEO plugin v26.8 - https:\/\/yoast.com\/product\/yoast-seo-wordpress\/ -->\n<title>Dystrybucja \u2013 NedZink<\/title>\n<meta name=\"robots\" content=\"index, follow, max-snippet:-1, max-image-preview:large, max-video-preview:-1\" \/>\n<link rel=\"canonical\" href=\"https:\/\/www.nedzink.com\/pl\/contact\/dystrybucja\/\" \/>\n<meta property=\"og:locale\" content=\"pl_PL\" \/>\n<meta property=\"og:type\" content=\"article\" \/>\n<meta property=\"og:title\" content=\"Dystrybucja \u2013 NedZink\" \/>\n<meta property=\"og:description\" content=\"NedZink obs\u0142uguje niemiecki rynek od wielu lat tradycyjnym kana\u0142em dystrybucyjnym przemys\u0142 &ndash; handel &ndash; rzemios\u0142o.&nbsp; Zaopatrujemy hurtowy handel bran\u017cowy w obszarze pokry\u0107 dachowych, ogrzewania sanitarnego lub materia\u0142&oacute;w budowlanych, jak i naszych partner&oacute;w z bran\u017cy odwadniania dach&oacute;w oraz osprz\u0119tu. Czynimy to albo bezpo\u015brednio z naszego zak\u0142adu w Budel-Dorplein albo z naszego zak\u0142adu w Oberhausen. &nbsp;Kolejne magazyny [&hellip;]\" \/>\n<meta property=\"og:url\" content=\"https:\/\/www.nedzink.com\/pl\/contact\/dystrybucja\/\" \/>\n<meta property=\"og:site_name\" content=\"NedZink\" \/>\n<meta property=\"article:modified_time\" content=\"2019-07-25T08:46:50+00:00\" \/>\n<meta name=\"twitter:card\" content=\"summary_large_image\" \/>\n<meta name=\"twitter:label1\" content=\"Szacowany czas czytania\" \/>\n\t<meta name=\"twitter:data1\" content=\"1 minuta\" \/>\n<script type=\"application\/ld+json\" class=\"yoast-schema-graph\">{\"@context\":\"https:\/\/schema.org\",\"@graph\":[{\"@type\":\"WebPage\",\"@id\":\"https:\/\/www.nedzink.com\/pl\/contact\/dystrybucja\/\",\"url\":\"https:\/\/www.nedzink.com\/pl\/contact\/dystrybucja\/\",\"name\":\"Dystrybucja \u2013 NedZink\",\"isPartOf\":{\"@id\":\"https:\/\/www.nedzink.com\/pl\/#website\"},\"datePublished\":\"2019-04-10T09:36:49+00:00\",\"dateModified\":\"2019-07-25T08:46:50+00:00\",\"breadcrumb\":{\"@id\":\"https:\/\/www.nedzink.com\/pl\/contact\/dystrybucja\/#breadcrumb\"},\"inLanguage\":\"pl-PL\",\"potentialAction\":[{\"@type\":\"ReadAction\",\"target\":[\"https:\/\/www.nedzink.com\/pl\/contact\/dystrybucja\/\"]}]},{\"@type\":\"BreadcrumbList\",\"@id\":\"https:\/\/www.nedzink.com\/pl\/contact\/dystrybucja\/#breadcrumb\",\"itemListElement\":[{\"@type\":\"ListItem\",\"position\":1,\"name\":\"Home\",\"item\":\"https:\/\/www.nedzink.com\/pl\/\"},{\"@type\":\"ListItem\",\"position\":2,\"name\":\"Contact\",\"item\":\"https:\/\/www.nedzink.com\/pl\/contact\/\"},{\"@type\":\"ListItem\",\"position\":3,\"name\":\"Dystrybucja\"}]},{\"@type\":\"WebSite\",\"@id\":\"https:\/\/www.nedzink.com\/pl\/#website\",\"url\":\"https:\/\/www.nedzink.com\/pl\/\",\"name\":\"NedZink\",\"description\":\"Zink fabrikant\",\"publisher\":{\"@id\":\"https:\/\/www.nedzink.com\/pl\/#organization\"},\"potentialAction\":[{\"@type\":\"SearchAction\",\"target\":{\"@type\":\"EntryPoint\",\"urlTemplate\":\"https:\/\/www.nedzink.com\/pl\/?s={search_term_string}\"},\"query-input\":{\"@type\":\"PropertyValueSpecification\",\"valueRequired\":true,\"valueName\":\"search_term_string\"}}],\"inLanguage\":\"pl-PL\"},{\"@type\":\"Organization\",\"@id\":\"https:\/\/www.nedzink.com\/pl\/#organization\",\"name\":\"NedZink\",\"url\":\"https:\/\/www.nedzink.com\/pl\/\",\"logo\":{\"@type\":\"ImageObject\",\"inLanguage\":\"pl-PL\",\"@id\":\"https:\/\/www.nedzink.com\/pl\/#\/schema\/logo\/image\/\",\"url\":\"https:\/\/www.nedzink.com\/wp-content\/uploads\/2019\/08\/logo-nedzink_fc_zk.jpg\",\"contentUrl\":\"https:\/\/www.nedzink.com\/wp-content\/uploads\/2019\/08\/logo-nedzink_fc_zk.jpg\",\"width\":2160,\"height\":688,\"caption\":\"NedZink\"},\"image\":{\"@id\":\"https:\/\/www.nedzink.com\/pl\/#\/schema\/logo\/image\/\"}}]}<\/script>\n<!-- \/ Yoast SEO plugin. -->","yoast_head_json":{"title":"Dystrybucja \u2013 NedZink","robots":{"index":"index","follow":"follow","max-snippet":"max-snippet:-1","max-image-preview":"max-image-preview:large","max-video-preview":"max-video-preview:-1"},"canonical":"https:\/\/www.nedzink.com\/pl\/contact\/dystrybucja\/","og_locale":"pl_PL","og_type":"article","og_title":"Dystrybucja \u2013 NedZink","og_description":"NedZink obs\u0142uguje niemiecki rynek od wielu lat tradycyjnym kana\u0142em dystrybucyjnym przemys\u0142 &ndash; handel &ndash; rzemios\u0142o.&nbsp; Zaopatrujemy hurtowy handel bran\u017cowy w obszarze pokry\u0107 dachowych, ogrzewania sanitarnego lub materia\u0142&oacute;w budowlanych, jak i naszych partner&oacute;w z bran\u017cy odwadniania dach&oacute;w oraz osprz\u0119tu. Czynimy to albo bezpo\u015brednio z naszego zak\u0142adu w Budel-Dorplein albo z naszego zak\u0142adu w Oberhausen. &nbsp;Kolejne magazyny [&hellip;]","og_url":"https:\/\/www.nedzink.com\/pl\/contact\/dystrybucja\/","og_site_name":"NedZink","article_modified_time":"2019-07-25T08:46:50+00:00","twitter_card":"summary_large_image","twitter_misc":{"Szacowany czas czytania":"1 minuta"},"schema":{"@context":"https:\/\/schema.org","@graph":[{"@type":"WebPage","@id":"https:\/\/www.nedzink.com\/pl\/contact\/dystrybucja\/","url":"https:\/\/www.nedzink.com\/pl\/contact\/dystrybucja\/","name":"Dystrybucja \u2013 NedZink","isPartOf":{"@id":"https:\/\/www.nedzink.com\/pl\/#website"},"datePublished":"2019-04-10T09:36:49+00:00","dateModified":"2019-07-25T08:46:50+00:00","breadcrumb":{"@id":"https:\/\/www.nedzink.com\/pl\/contact\/dystrybucja\/#breadcrumb"},"inLanguage":"pl-PL","potentialAction":[{"@type":"ReadAction","target":["https:\/\/www.nedzink.com\/pl\/contact\/dystrybucja\/"]}]},{"@type":"BreadcrumbList","@id":"https:\/\/www.nedzink.com\/pl\/contact\/dystrybucja\/#breadcrumb","itemListElement":[{"@type":"ListItem","position":1,"name":"Home","item":"https:\/\/www.nedzink.com\/pl\/"},{"@type":"ListItem","position":2,"name":"Contact","item":"https:\/\/www.nedzink.com\/pl\/contact\/"},{"@type":"ListItem","position":3,"name":"Dystrybucja"}]},{"@type":"WebSite","@id":"https:\/\/www.nedzink.com\/pl\/#website","url":"https:\/\/www.nedzink.com\/pl\/","name":"NedZink","description":"Zink fabrikant","publisher":{"@id":"https:\/\/www.nedzink.com\/pl\/#organization"},"potentialAction":[{"@type":"SearchAction","target":{"@type":"EntryPoint","urlTemplate":"https:\/\/www.nedzink.com\/pl\/?s={search_term_string}"},"query-input":{"@type":"PropertyValueSpecification","valueRequired":true,"valueName":"search_term_string"}}],"inLanguage":"pl-PL"},{"@type":"Organization","@id":"https:\/\/www.nedzink.com\/pl\/#organization","name":"NedZink","url":"https:\/\/www.nedzink.com\/pl\/","logo":{"@type":"ImageObject","inLanguage":"pl-PL","@id":"https:\/\/www.nedzink.com\/pl\/#\/schema\/logo\/image\/","url":"https:\/\/www.nedzink.com\/wp-content\/uploads\/2019\/08\/logo-nedzink_fc_zk.jpg","contentUrl":"https:\/\/www.nedzink.com\/wp-content\/uploads\/2019\/08\/logo-nedzink_fc_zk.jpg","width":2160,"height":688,"caption":"NedZink"},"image":{"@id":"https:\/\/www.nedzink.com\/pl\/#\/schema\/logo\/image\/"}}]}},"_links":{"self":[{"href":"https:\/\/www.nedzink.com\/pl\/wp-json\/wp\/v2\/pages\/12404","targetHints":{"allow":["GET"]}}],"collection":[{"href":"https:\/\/www.nedzink.com\/pl\/wp-json\/wp\/v2\/pages"}],"about":[{"href":"https:\/\/www.nedzink.com\/pl\/wp-json\/wp\/v2\/types\/page"}],"author":[{"embeddable":true,"href":"https:\/\/www.nedzink.com\/pl\/wp-json\/wp\/v2\/users\/9"}],"replies":[{"embeddable":true,"href":"https:\/\/www.nedzink.com\/pl\/wp-json\/wp\/v2\/comments?post=12404"}],"version-history":[{"count":0,"href":"https:\/\/www.nedzink.com\/pl\/wp-json\/wp\/v2\/pages\/12404\/revisions"}],"up":[{"embeddable":true,"href":"https:\/\/www.nedzink.com\/pl\/wp-json\/wp\/v2\/pages\/12382"}],"wp:attachment":[{"href":"https:\/\/www.nedzink.com\/pl\/wp-json\/wp\/v2\/media?parent=12404"}],"curies":[{"name":"wp","href":"https:\/\/api.w.org\/{rel}","templated":true}]}}