{"id":12374,"date":"2019-04-10T09:29:47","date_gmt":"2019-04-10T07:29:47","guid":{"rendered":"http:\/\/136.144.181.85\/~nedzink\/over-nedzink-2\/newsletter-e-mail\/"},"modified":"2019-07-25T10:47:22","modified_gmt":"2019-07-25T08:47:22","slug":"newsletter-e-mail","status":"publish","type":"page","link":"https:\/\/www.nedzink.com\/pl\/o-nedzink\/newsletter-e-mail\/","title":{"rendered":"Newsletter E-Mail"},"content":{"rendered":"<p>\n\t&nbsp;Z naszym Newsletterem b\u0119d\u0105 Pa\u0144stwo zawsze na bie\u017c\u0105co je\u015bli chodzi o nasze produkty, zastosowania i projekty. W poni\u017cszym formularzu mog\u0105 Pa\u0144stwo zarejestrowa\u0107 si\u0119 do naszego cyfrowego Newslettera:<\/p>\n","protected":false},"excerpt":{"rendered":"<p>&nbsp;Z naszym Newsletterem b\u0119d\u0105 Pa\u0144stwo zawsze na bie\u017c\u0105co je\u015bli chodzi o nasze produkty, zastosowania i projekty. W poni\u017cszym formularzu mog\u0105 Pa\u0144stwo zarejestrowa\u0107 si\u0119 do naszego cyfrowego Newslettera:<\/p>\n","protected":false},"author":9,"featured_media":0,"parent":12345,"menu_order":300,"comment_status":"closed","ping_status":"closed","template":"template-import.php","meta":{"_acf_changed":false,"footnotes":""},"class_list":["post-12374","page","type-page","status-publish","hentry"],"acf":[],"yoast_head":"<!-- This site is optimized with the Yoast SEO plugin v27.5 - https:\/\/yoast.com\/product\/yoast-seo-wordpress\/ -->\n<title>Newsletter E-Mail \u2013 NedZink<\/title>\n<meta name=\"robots\" content=\"index, follow, max-snippet:-1, max-image-preview:large, max-video-preview:-1\" \/>\n<link rel=\"canonical\" href=\"https:\/\/www.nedzink.com\/pl\/o-nedzink\/newsletter-e-mail\/\" \/>\n<meta property=\"og:locale\" content=\"pl_PL\" \/>\n<meta property=\"og:type\" content=\"article\" \/>\n<meta property=\"og:title\" content=\"Newsletter E-Mail \u2013 NedZink\" \/>\n<meta property=\"og:description\" content=\"&nbsp;Z naszym Newsletterem b\u0119d\u0105 Pa\u0144stwo zawsze na bie\u017c\u0105co je\u015bli chodzi o nasze produkty, zastosowania i projekty. W poni\u017cszym formularzu mog\u0105 Pa\u0144stwo zarejestrowa\u0107 si\u0119 do naszego cyfrowego Newslettera:\" \/>\n<meta property=\"og:url\" content=\"https:\/\/www.nedzink.com\/pl\/o-nedzink\/newsletter-e-mail\/\" \/>\n<meta property=\"og:site_name\" content=\"NedZink\" \/>\n<meta property=\"article:modified_time\" content=\"2019-07-25T08:47:22+00:00\" \/>\n<meta name=\"twitter:card\" content=\"summary_large_image\" \/>\n<script type=\"application\/ld+json\" class=\"yoast-schema-graph\">{\"@context\":\"https:\\\/\\\/schema.org\",\"@graph\":[{\"@type\":\"WebPage\",\"@id\":\"https:\\\/\\\/www.nedzink.com\\\/pl\\\/o-nedzink\\\/newsletter-e-mail\\\/\",\"url\":\"https:\\\/\\\/www.nedzink.com\\\/pl\\\/o-nedzink\\\/newsletter-e-mail\\\/\",\"name\":\"Newsletter E-Mail \u2013 NedZink\",\"isPartOf\":{\"@id\":\"https:\\\/\\\/www.nedzink.com\\\/pl\\\/#website\"},\"datePublished\":\"2019-04-10T07:29:47+00:00\",\"dateModified\":\"2019-07-25T08:47:22+00:00\",\"breadcrumb\":{\"@id\":\"https:\\\/\\\/www.nedzink.com\\\/pl\\\/o-nedzink\\\/newsletter-e-mail\\\/#breadcrumb\"},\"inLanguage\":\"pl-PL\",\"potentialAction\":[{\"@type\":\"ReadAction\",\"target\":[\"https:\\\/\\\/www.nedzink.com\\\/pl\\\/o-nedzink\\\/newsletter-e-mail\\\/\"]}]},{\"@type\":\"BreadcrumbList\",\"@id\":\"https:\\\/\\\/www.nedzink.com\\\/pl\\\/o-nedzink\\\/newsletter-e-mail\\\/#breadcrumb\",\"itemListElement\":[{\"@type\":\"ListItem\",\"position\":1,\"name\":\"Home\",\"item\":\"https:\\\/\\\/www.nedzink.com\\\/pl\\\/\"},{\"@type\":\"ListItem\",\"position\":2,\"name\":\"O Nedzink\",\"item\":\"https:\\\/\\\/www.nedzink.com\\\/pl\\\/o-nedzink\\\/\"},{\"@type\":\"ListItem\",\"position\":3,\"name\":\"Newsletter E-Mail\"}]},{\"@type\":\"WebSite\",\"@id\":\"https:\\\/\\\/www.nedzink.com\\\/pl\\\/#website\",\"url\":\"https:\\\/\\\/www.nedzink.com\\\/pl\\\/\",\"name\":\"NedZink\",\"description\":\"Zink fabrikant\",\"publisher\":{\"@id\":\"https:\\\/\\\/www.nedzink.com\\\/pl\\\/#organization\"},\"potentialAction\":[{\"@type\":\"SearchAction\",\"target\":{\"@type\":\"EntryPoint\",\"urlTemplate\":\"https:\\\/\\\/www.nedzink.com\\\/pl\\\/?s={search_term_string}\"},\"query-input\":{\"@type\":\"PropertyValueSpecification\",\"valueRequired\":true,\"valueName\":\"search_term_string\"}}],\"inLanguage\":\"pl-PL\"},{\"@type\":\"Organization\",\"@id\":\"https:\\\/\\\/www.nedzink.com\\\/pl\\\/#organization\",\"name\":\"NedZink\",\"url\":\"https:\\\/\\\/www.nedzink.com\\\/pl\\\/\",\"logo\":{\"@type\":\"ImageObject\",\"inLanguage\":\"pl-PL\",\"@id\":\"https:\\\/\\\/www.nedzink.com\\\/pl\\\/#\\\/schema\\\/logo\\\/image\\\/\",\"url\":\"https:\\\/\\\/www.nedzink.com\\\/wp-content\\\/uploads\\\/2019\\\/08\\\/logo-nedzink_fc_zk.jpg\",\"contentUrl\":\"https:\\\/\\\/www.nedzink.com\\\/wp-content\\\/uploads\\\/2019\\\/08\\\/logo-nedzink_fc_zk.jpg\",\"width\":2160,\"height\":688,\"caption\":\"NedZink\"},\"image\":{\"@id\":\"https:\\\/\\\/www.nedzink.com\\\/pl\\\/#\\\/schema\\\/logo\\\/image\\\/\"}}]}<\/script>\n<!-- \/ Yoast SEO plugin. -->","yoast_head_json":{"title":"Newsletter E-Mail \u2013 NedZink","robots":{"index":"index","follow":"follow","max-snippet":"max-snippet:-1","max-image-preview":"max-image-preview:large","max-video-preview":"max-video-preview:-1"},"canonical":"https:\/\/www.nedzink.com\/pl\/o-nedzink\/newsletter-e-mail\/","og_locale":"pl_PL","og_type":"article","og_title":"Newsletter E-Mail \u2013 NedZink","og_description":"&nbsp;Z naszym Newsletterem b\u0119d\u0105 Pa\u0144stwo zawsze na bie\u017c\u0105co je\u015bli chodzi o nasze produkty, zastosowania i projekty. W poni\u017cszym formularzu mog\u0105 Pa\u0144stwo zarejestrowa\u0107 si\u0119 do naszego cyfrowego Newslettera:","og_url":"https:\/\/www.nedzink.com\/pl\/o-nedzink\/newsletter-e-mail\/","og_site_name":"NedZink","article_modified_time":"2019-07-25T08:47:22+00:00","twitter_card":"summary_large_image","schema":{"@context":"https:\/\/schema.org","@graph":[{"@type":"WebPage","@id":"https:\/\/www.nedzink.com\/pl\/o-nedzink\/newsletter-e-mail\/","url":"https:\/\/www.nedzink.com\/pl\/o-nedzink\/newsletter-e-mail\/","name":"Newsletter E-Mail \u2013 NedZink","isPartOf":{"@id":"https:\/\/www.nedzink.com\/pl\/#website"},"datePublished":"2019-04-10T07:29:47+00:00","dateModified":"2019-07-25T08:47:22+00:00","breadcrumb":{"@id":"https:\/\/www.nedzink.com\/pl\/o-nedzink\/newsletter-e-mail\/#breadcrumb"},"inLanguage":"pl-PL","potentialAction":[{"@type":"ReadAction","target":["https:\/\/www.nedzink.com\/pl\/o-nedzink\/newsletter-e-mail\/"]}]},{"@type":"BreadcrumbList","@id":"https:\/\/www.nedzink.com\/pl\/o-nedzink\/newsletter-e-mail\/#breadcrumb","itemListElement":[{"@type":"ListItem","position":1,"name":"Home","item":"https:\/\/www.nedzink.com\/pl\/"},{"@type":"ListItem","position":2,"name":"O Nedzink","item":"https:\/\/www.nedzink.com\/pl\/o-nedzink\/"},{"@type":"ListItem","position":3,"name":"Newsletter E-Mail"}]},{"@type":"WebSite","@id":"https:\/\/www.nedzink.com\/pl\/#website","url":"https:\/\/www.nedzink.com\/pl\/","name":"NedZink","description":"Zink fabrikant","publisher":{"@id":"https:\/\/www.nedzink.com\/pl\/#organization"},"potentialAction":[{"@type":"SearchAction","target":{"@type":"EntryPoint","urlTemplate":"https:\/\/www.nedzink.com\/pl\/?s={search_term_string}"},"query-input":{"@type":"PropertyValueSpecification","valueRequired":true,"valueName":"search_term_string"}}],"inLanguage":"pl-PL"},{"@type":"Organization","@id":"https:\/\/www.nedzink.com\/pl\/#organization","name":"NedZink","url":"https:\/\/www.nedzink.com\/pl\/","logo":{"@type":"ImageObject","inLanguage":"pl-PL","@id":"https:\/\/www.nedzink.com\/pl\/#\/schema\/logo\/image\/","url":"https:\/\/www.nedzink.com\/wp-content\/uploads\/2019\/08\/logo-nedzink_fc_zk.jpg","contentUrl":"https:\/\/www.nedzink.com\/wp-content\/uploads\/2019\/08\/logo-nedzink_fc_zk.jpg","width":2160,"height":688,"caption":"NedZink"},"image":{"@id":"https:\/\/www.nedzink.com\/pl\/#\/schema\/logo\/image\/"}}]}},"_links":{"self":[{"href":"https:\/\/www.nedzink.com\/pl\/wp-json\/wp\/v2\/pages\/12374","targetHints":{"allow":["GET"]}}],"collection":[{"href":"https:\/\/www.nedzink.com\/pl\/wp-json\/wp\/v2\/pages"}],"about":[{"href":"https:\/\/www.nedzink.com\/pl\/wp-json\/wp\/v2\/types\/page"}],"author":[{"embeddable":true,"href":"https:\/\/www.nedzink.com\/pl\/wp-json\/wp\/v2\/users\/9"}],"replies":[{"embeddable":true,"href":"https:\/\/www.nedzink.com\/pl\/wp-json\/wp\/v2\/comments?post=12374"}],"version-history":[{"count":0,"href":"https:\/\/www.nedzink.com\/pl\/wp-json\/wp\/v2\/pages\/12374\/revisions"}],"up":[{"embeddable":true,"href":"https:\/\/www.nedzink.com\/pl\/wp-json\/wp\/v2\/pages\/12345"}],"wp:attachment":[{"href":"https:\/\/www.nedzink.com\/pl\/wp-json\/wp\/v2\/media?parent=12374"}],"curies":[{"name":"wp","href":"https:\/\/api.w.org\/{rel}","templated":true}]}}