{"id":12355,"date":"2019-04-10T09:29:44","date_gmt":"2019-04-10T07:29:44","guid":{"rendered":"http:\/\/136.144.181.85\/~nedzink\/over-nedzink-2\/praca-w-nedzink\/"},"modified":"2019-07-25T10:47:03","modified_gmt":"2019-07-25T08:47:03","slug":"praca-w-nedzink","status":"publish","type":"page","link":"https:\/\/www.nedzink.com\/pl\/o-nedzink\/praca-w-nedzink\/","title":{"rendered":"Praca w NedZink"},"content":{"rendered":"<h1>\n\t<img decoding=\"async\" alt=\"\" src=\"https:\/\/www.nedzink.com\/wp-content\/uploads\/import\/cms\/userfiles\/images\/foto1.jpg\" style=\"border-top: 0px solid;height: 180px;border-right: 0px solid;width: 269px;border-bottom: 0px solid;float: right;margin: 10px 30px;border-left: 0px solid\" \/><\/h1>\n<p>\n\tNedZink nale\u017cy do najbardziej zaanga\u017cowanych uczestnik&oacute;w europejskiego rynku walcowanego tytan-cynku. Nasza aktywna wsp&oacute;\u0142praca z architektami, projektantami i przedsi\u0119biorstwami przetwarzaj\u0105cymi inspiruje nas codziennie by poprawia\u0107 istniej\u0105ce zastosowania i odnajdywa\u0107 nowe rozwi\u0105zania.<\/p>\n<p>\n\tNedZink wspiera planowanie i realizacj\u0119 d\u0142ugowiecznych inwestycji budowlanych wysokiej jako\u015bci z zastosowaniem go\u0142owalcowanego, patynowanego i strukturyzowanego tytan-cynku. Jako partner bran\u017cowego rynku hurtowego NedZink zapewnia godne zaufanie zaopatrzenie, fachow\u0105 kompetencj\u0119, wysok\u0105 jako\u015b\u0107 i szeroki zakres us\u0142ug serwisowych. Jako wiod\u0105cy gracz rynkowy w Holandii NedZink jest znacz\u0105cym popularyzatorem kreatywnych form zastosowa\u0144 cynku.<\/p>\n<p>\n\tNedZink jest \u015bwiadom swojej odpowiedzialno\u015bci w stosunku do ludzi i \u015brodowiska. Perspektywiczne kierowanie przedsi\u0119biorstwem oraz inwestycje w najnowsze techniki produkcyjne wzmacniaj\u0105 zarazem nasz\u0105 pozycj\u0119 na rynku i tworz\u0105 przestrze\u0144 dla nowych rozwi\u0105za\u0144.<\/p>\n<h2>\n<p><!--{cke_protected}{C}%3C!%2D%2D%0A%20%2F*%20Font%20Definitions%20*%2F%0A%40font-face%0A%09%7Bfont-family%3A%22%EF%BC%AD%EF%BC%B3%20%E6%98%8E%E6%9C%9D%22%3B%0A%09panose-1%3A0%200%200%200%200%200%200%200%200%200%3B%0A%09mso-font-charset%3A128%3B%0A%09mso-generic-font-family%3Aroman%3B%0A%09mso-font-format%3Aother%3B%0A%09mso-font-pitch%3Afixed%3B%0A%09mso-font-signature%3A1%20134676480%2016%200%20131072%200%3B%7D%0A%40font-face%0A%09%7Bfont-family%3A%22%EF%BC%AD%EF%BC%B3%20%E3%82%B4%E3%82%B7%E3%83%83%E3%82%AF%22%3B%0A%09panose-1%3A0%200%200%200%200%200%200%200%200%200%3B%0A%09mso-font-charset%3A128%3B%0A%09mso-generic-font-family%3Amodern%3B%0A%09mso-font-format%3Aother%3B%0A%09mso-font-pitch%3Afixed%3B%0A%09mso-font-signature%3A1%20134676480%2016%200%20131072%200%3B%7D%0A%40font-face%0A%09%7Bfont-family%3A%22Cambria%20Math%22%3B%0A%09panose-1%3A2%204%205%203%205%204%206%203%202%204%3B%0A%09mso-font-charset%3A0%3B%0A%09mso-generic-font-family%3Aauto%3B%0A%09mso-font-pitch%3Avariable%3B%0A%09mso-font-signature%3A3%200%200%200%201%200%3B%7D%0A%40font-face%0A%09%7Bfont-family%3ACalibri%3B%0A%09panose-1%3A2%2015%205%202%202%202%204%203%202%204%3B%0A%09mso-font-charset%3A0%3B%0A%09mso-generic-font-family%3Aauto%3B%0A%09mso-font-pitch%3Avariable%3B%0A%09mso-font-signature%3A3%200%200%200%201%200%3B%7D%0A%40font-face%0A%09%7Bfont-family%3ACambria%3B%0A%09panose-1%3A2%204%205%203%205%204%206%203%202%204%3B%0A%09mso-font-charset%3A0%3B%0A%09mso-generic-font-family%3Aauto%3B%0A%09mso-font-pitch%3Avariable%3B%0A%09mso-font-signature%3A3%200%200%200%201%200%3B%7D%0A%20%2F*%20Style%20Definitions%20*%2F%0Ap.MsoNormal%2C%20li.MsoNormal%2C%20div.MsoNormal%0A%09%7Bmso-style-unhide%3Ano%3B%0A%09mso-style-qformat%3Ayes%3B%0A%09mso-style-parent%3A%22%22%3B%0A%09margin-top%3A0cm%3B%0A%09margin-right%3A0cm%3B%0A%09margin-bottom%3A10.0pt%3B%0A%09margin-left%3A0cm%3B%0A%09line-height%3A115%25%3B%0A%09mso-pagination%3Awidow-orphan%3B%0A%09font-size%3A11.0pt%3B%0A%09font-family%3ACalibri%3B%0A%09mso-ascii-font-family%3ACalibri%3B%0A%09mso-ascii-theme-font%3Aminor-latin%3B%0A%09mso-fareast-font-family%3A%22%EF%BC%AD%EF%BC%B3%20%E6%98%8E%E6%9C%9D%22%3B%0A%09mso-fareast-theme-font%3Aminor-fareast%3B%0A%09mso-hansi-font-family%3ACalibri%3B%0A%09mso-hansi-theme-font%3Aminor-latin%3B%0A%09mso-bidi-font-family%3A%22Times%20New%20Roman%22%3B%0A%09mso-bidi-theme-font%3Aminor-bidi%3B%0A%09mso-ansi-language%3APL%3B%0A%09mso-fareast-language%3APL%3B%7D%0Ah2%0A%09%7Bmso-style-priority%3A9%3B%0A%09mso-style-qformat%3Ayes%3B%0A%09mso-style-link%3A%22Kop%202%20Teken%22%3B%0A%09mso-style-next%3ANormaal%3B%0A%09margin-top%3A10.0pt%3B%0A%09margin-right%3A0cm%3B%0A%09margin-bottom%3A0cm%3B%0A%09margin-left%3A0cm%3B%0A%09margin-bottom%3A.0001pt%3B%0A%09line-height%3A115%25%3B%0A%09mso-pagination%3Awidow-orphan%20lines-together%3B%0A%09page-break-after%3Aavoid%3B%0A%09mso-outline-level%3A2%3B%0A%09font-size%3A13.0pt%3B%0A%09font-family%3ACambria%3B%0A%09mso-ascii-font-family%3ACambria%3B%0A%09mso-ascii-theme-font%3Amajor-latin%3B%0A%09mso-fareast-font-family%3A%22%EF%BC%AD%EF%BC%B3%20%E3%82%B4%E3%82%B7%E3%83%83%E3%82%AF%22%3B%0A%09mso-fareast-theme-font%3Amajor-fareast%3B%0A%09mso-hansi-font-family%3ACambria%3B%0A%09mso-hansi-theme-font%3Amajor-latin%3B%0A%09mso-bidi-font-family%3A%22Times%20New%20Roman%22%3B%0A%09mso-bidi-theme-font%3Amajor-bidi%3B%0A%09color%3A%234F81BD%3B%0A%09mso-themecolor%3Aaccent1%3B%0A%09mso-ansi-language%3APL%3B%0A%09mso-fareast-language%3APL%3B%7D%0Aspan.Kop2Teken%0A%09%7Bmso-style-name%3A%22Kop%202%20Teken%22%3B%0A%09mso-style-priority%3A9%3B%0A%09mso-style-unhide%3Ano%3B%0A%09mso-style-locked%3Ayes%3B%0A%09mso-style-link%3A%22Kop%202%22%3B%0A%09mso-ansi-font-size%3A13.0pt%3B%0A%09mso-bidi-font-size%3A13.0pt%3B%0A%09font-family%3ACambria%3B%0A%09mso-ascii-font-family%3ACambria%3B%0A%09mso-ascii-theme-font%3Amajor-latin%3B%0A%09mso-fareast-font-family%3A%22%EF%BC%AD%EF%BC%B3%20%E3%82%B4%E3%82%B7%E3%83%83%E3%82%AF%22%3B%0A%09mso-fareast-theme-font%3Amajor-fareast%3B%0A%09mso-hansi-font-family%3ACambria%3B%0A%09mso-hansi-theme-font%3Amajor-latin%3B%0A%09mso-bidi-font-family%3A%22Times%20New%20Roman%22%3B%0A%09mso-bidi-theme-font%3Amajor-bidi%3B%0A%09color%3A%234F81BD%3B%0A%09mso-themecolor%3Aaccent1%3B%0A%09font-weight%3Abold%3B%7D%0A.MsoChpDefault%0A%09%7Bmso-style-type%3Aexport-only%3B%0A%09mso-default-props%3Ayes%3B%0A%09font-size%3A11.0pt%3B%0A%09mso-ansi-font-size%3A11.0pt%3B%0A%09mso-bidi-font-size%3A11.0pt%3B%0A%09font-family%3ACalibri%3B%0A%09mso-ascii-font-family%3ACalibri%3B%0A%09mso-ascii-theme-font%3Aminor-latin%3B%0A%09mso-fareast-font-family%3A%22%EF%BC%AD%EF%BC%B3%20%E6%98%8E%E6%9C%9D%22%3B%0A%09mso-fareast-theme-font%3Aminor-fareast%3B%0A%09mso-hansi-font-family%3ACalibri%3B%0A%09mso-hansi-theme-font%3Aminor-latin%3B%0A%09mso-bidi-font-family%3A%22Times%20New%20Roman%22%3B%0A%09mso-bidi-theme-font%3Aminor-bidi%3B%0A%09mso-ansi-language%3APL%3B%0A%09mso-fareast-language%3APL%3B%7D%0A.MsoPapDefault%0A%09%7Bmso-style-type%3Aexport-only%3B%0A%09margin-bottom%3A10.0pt%3B%0A%09line-height%3A115%25%3B%7D%0A%40page%20WordSection1%0A%09%7Bsize%3A612.0pt%20792.0pt%3B%0A%09margin%3A70.85pt%2070.85pt%2070.85pt%2070.85pt%3B%0A%09mso-header-margin%3A35.4pt%3B%0A%09mso-footer-margin%3A35.4pt%3B%0A%09mso-paper-source%3A0%3B%7D%0Adiv.WordSection1%0A%09%7Bpage%3AWordSection1%3B%7D%0A%2D%2D%3E--><br \/>\n<\/h2>\n<h2>\n\t<span lang=\"PL\">Oferty pracy<\/span><\/h2>\n<p>\n\tObecnie nie ma wolnych miejsc do obsadzenia w naszej firmie.<\/p>\n<p>\n\t&nbsp;<\/p>\n","protected":false},"excerpt":{"rendered":"<p>NedZink nale\u017cy do najbardziej zaanga\u017cowanych uczestnik&oacute;w europejskiego rynku walcowanego tytan-cynku. Nasza aktywna wsp&oacute;\u0142praca z architektami, projektantami i przedsi\u0119biorstwami przetwarzaj\u0105cymi inspiruje nas codziennie by poprawia\u0107 istniej\u0105ce zastosowania i odnajdywa\u0107 nowe rozwi\u0105zania. NedZink wspiera planowanie i realizacj\u0119 d\u0142ugowiecznych inwestycji budowlanych wysokiej jako\u015bci z zastosowaniem go\u0142owalcowanego, patynowanego i strukturyzowanego tytan-cynku. Jako partner bran\u017cowego rynku hurtowego NedZink zapewnia godne [&hellip;]<\/p>\n","protected":false},"author":9,"featured_media":0,"parent":12345,"menu_order":120,"comment_status":"closed","ping_status":"closed","template":"template-import.php","meta":{"_acf_changed":false,"footnotes":""},"class_list":["post-12355","page","type-page","status-publish","hentry"],"acf":[],"yoast_head":"<!-- This site is optimized with the Yoast SEO plugin v26.8 - https:\/\/yoast.com\/product\/yoast-seo-wordpress\/ -->\n<title>Praca w NedZink \u2013 NedZink<\/title>\n<meta name=\"description\" content=\"Vacatures bij NedZink. Kom werken bij NedZink. Wij bieden een goed salaris, pensioenregelingen, een eindejaarsuitkering en goede studiefaciliteiten\" \/>\n<meta name=\"robots\" content=\"index, follow, max-snippet:-1, max-image-preview:large, max-video-preview:-1\" \/>\n<link rel=\"canonical\" href=\"https:\/\/www.nedzink.com\/pl\/o-nedzink\/praca-w-nedzink\/\" \/>\n<meta property=\"og:locale\" content=\"pl_PL\" \/>\n<meta property=\"og:type\" content=\"article\" \/>\n<meta property=\"og:title\" content=\"Praca w NedZink \u2013 NedZink\" \/>\n<meta property=\"og:description\" content=\"Vacatures bij NedZink. Kom werken bij NedZink. Wij bieden een goed salaris, pensioenregelingen, een eindejaarsuitkering en goede studiefaciliteiten\" \/>\n<meta property=\"og:url\" content=\"https:\/\/www.nedzink.com\/pl\/o-nedzink\/praca-w-nedzink\/\" \/>\n<meta property=\"og:site_name\" content=\"NedZink\" \/>\n<meta property=\"article:modified_time\" content=\"2019-07-25T08:47:03+00:00\" \/>\n<meta property=\"og:image\" content=\"https:\/\/www.nedzink.com\/wp-content\/uploads\/import\/cms\/userfiles\/images\/foto1.jpg\" \/>\n<meta name=\"twitter:card\" content=\"summary_large_image\" \/>\n<meta name=\"twitter:label1\" content=\"Szacowany czas czytania\" \/>\n\t<meta name=\"twitter:data1\" content=\"1 minuta\" \/>\n<script type=\"application\/ld+json\" class=\"yoast-schema-graph\">{\"@context\":\"https:\/\/schema.org\",\"@graph\":[{\"@type\":\"WebPage\",\"@id\":\"https:\/\/www.nedzink.com\/pl\/o-nedzink\/praca-w-nedzink\/\",\"url\":\"https:\/\/www.nedzink.com\/pl\/o-nedzink\/praca-w-nedzink\/\",\"name\":\"Praca w NedZink \u2013 NedZink\",\"isPartOf\":{\"@id\":\"https:\/\/www.nedzink.com\/pl\/#website\"},\"primaryImageOfPage\":{\"@id\":\"https:\/\/www.nedzink.com\/pl\/o-nedzink\/praca-w-nedzink\/#primaryimage\"},\"image\":{\"@id\":\"https:\/\/www.nedzink.com\/pl\/o-nedzink\/praca-w-nedzink\/#primaryimage\"},\"thumbnailUrl\":\"https:\/\/www.nedzink.com\/wp-content\/uploads\/import\/cms\/userfiles\/images\/foto1.jpg\",\"datePublished\":\"2019-04-10T07:29:44+00:00\",\"dateModified\":\"2019-07-25T08:47:03+00:00\",\"description\":\"Vacatures bij NedZink. Kom werken bij NedZink. Wij bieden een goed salaris, pensioenregelingen, een eindejaarsuitkering en goede studiefaciliteiten\",\"breadcrumb\":{\"@id\":\"https:\/\/www.nedzink.com\/pl\/o-nedzink\/praca-w-nedzink\/#breadcrumb\"},\"inLanguage\":\"pl-PL\",\"potentialAction\":[{\"@type\":\"ReadAction\",\"target\":[\"https:\/\/www.nedzink.com\/pl\/o-nedzink\/praca-w-nedzink\/\"]}]},{\"@type\":\"ImageObject\",\"inLanguage\":\"pl-PL\",\"@id\":\"https:\/\/www.nedzink.com\/pl\/o-nedzink\/praca-w-nedzink\/#primaryimage\",\"url\":\"https:\/\/www.nedzink.com\/wp-content\/uploads\/import\/cms\/userfiles\/images\/foto1.jpg\",\"contentUrl\":\"https:\/\/www.nedzink.com\/wp-content\/uploads\/import\/cms\/userfiles\/images\/foto1.jpg\"},{\"@type\":\"BreadcrumbList\",\"@id\":\"https:\/\/www.nedzink.com\/pl\/o-nedzink\/praca-w-nedzink\/#breadcrumb\",\"itemListElement\":[{\"@type\":\"ListItem\",\"position\":1,\"name\":\"Home\",\"item\":\"https:\/\/www.nedzink.com\/pl\/\"},{\"@type\":\"ListItem\",\"position\":2,\"name\":\"O Nedzink\",\"item\":\"https:\/\/www.nedzink.com\/pl\/o-nedzink\/\"},{\"@type\":\"ListItem\",\"position\":3,\"name\":\"Praca w NedZink\"}]},{\"@type\":\"WebSite\",\"@id\":\"https:\/\/www.nedzink.com\/pl\/#website\",\"url\":\"https:\/\/www.nedzink.com\/pl\/\",\"name\":\"NedZink\",\"description\":\"Zink fabrikant\",\"publisher\":{\"@id\":\"https:\/\/www.nedzink.com\/pl\/#organization\"},\"potentialAction\":[{\"@type\":\"SearchAction\",\"target\":{\"@type\":\"EntryPoint\",\"urlTemplate\":\"https:\/\/www.nedzink.com\/pl\/?s={search_term_string}\"},\"query-input\":{\"@type\":\"PropertyValueSpecification\",\"valueRequired\":true,\"valueName\":\"search_term_string\"}}],\"inLanguage\":\"pl-PL\"},{\"@type\":\"Organization\",\"@id\":\"https:\/\/www.nedzink.com\/pl\/#organization\",\"name\":\"NedZink\",\"url\":\"https:\/\/www.nedzink.com\/pl\/\",\"logo\":{\"@type\":\"ImageObject\",\"inLanguage\":\"pl-PL\",\"@id\":\"https:\/\/www.nedzink.com\/pl\/#\/schema\/logo\/image\/\",\"url\":\"https:\/\/www.nedzink.com\/wp-content\/uploads\/2019\/08\/logo-nedzink_fc_zk.jpg\",\"contentUrl\":\"https:\/\/www.nedzink.com\/wp-content\/uploads\/2019\/08\/logo-nedzink_fc_zk.jpg\",\"width\":2160,\"height\":688,\"caption\":\"NedZink\"},\"image\":{\"@id\":\"https:\/\/www.nedzink.com\/pl\/#\/schema\/logo\/image\/\"}}]}<\/script>\n<!-- \/ Yoast SEO plugin. -->","yoast_head_json":{"title":"Praca w NedZink \u2013 NedZink","description":"Vacatures bij NedZink. Kom werken bij NedZink. Wij bieden een goed salaris, pensioenregelingen, een eindejaarsuitkering en goede studiefaciliteiten","robots":{"index":"index","follow":"follow","max-snippet":"max-snippet:-1","max-image-preview":"max-image-preview:large","max-video-preview":"max-video-preview:-1"},"canonical":"https:\/\/www.nedzink.com\/pl\/o-nedzink\/praca-w-nedzink\/","og_locale":"pl_PL","og_type":"article","og_title":"Praca w NedZink \u2013 NedZink","og_description":"Vacatures bij NedZink. Kom werken bij NedZink. Wij bieden een goed salaris, pensioenregelingen, een eindejaarsuitkering en goede studiefaciliteiten","og_url":"https:\/\/www.nedzink.com\/pl\/o-nedzink\/praca-w-nedzink\/","og_site_name":"NedZink","article_modified_time":"2019-07-25T08:47:03+00:00","og_image":[{"url":"https:\/\/www.nedzink.com\/wp-content\/uploads\/import\/cms\/userfiles\/images\/foto1.jpg","type":"","width":"","height":""}],"twitter_card":"summary_large_image","twitter_misc":{"Szacowany czas czytania":"1 minuta"},"schema":{"@context":"https:\/\/schema.org","@graph":[{"@type":"WebPage","@id":"https:\/\/www.nedzink.com\/pl\/o-nedzink\/praca-w-nedzink\/","url":"https:\/\/www.nedzink.com\/pl\/o-nedzink\/praca-w-nedzink\/","name":"Praca w NedZink \u2013 NedZink","isPartOf":{"@id":"https:\/\/www.nedzink.com\/pl\/#website"},"primaryImageOfPage":{"@id":"https:\/\/www.nedzink.com\/pl\/o-nedzink\/praca-w-nedzink\/#primaryimage"},"image":{"@id":"https:\/\/www.nedzink.com\/pl\/o-nedzink\/praca-w-nedzink\/#primaryimage"},"thumbnailUrl":"https:\/\/www.nedzink.com\/wp-content\/uploads\/import\/cms\/userfiles\/images\/foto1.jpg","datePublished":"2019-04-10T07:29:44+00:00","dateModified":"2019-07-25T08:47:03+00:00","description":"Vacatures bij NedZink. Kom werken bij NedZink. Wij bieden een goed salaris, pensioenregelingen, een eindejaarsuitkering en goede studiefaciliteiten","breadcrumb":{"@id":"https:\/\/www.nedzink.com\/pl\/o-nedzink\/praca-w-nedzink\/#breadcrumb"},"inLanguage":"pl-PL","potentialAction":[{"@type":"ReadAction","target":["https:\/\/www.nedzink.com\/pl\/o-nedzink\/praca-w-nedzink\/"]}]},{"@type":"ImageObject","inLanguage":"pl-PL","@id":"https:\/\/www.nedzink.com\/pl\/o-nedzink\/praca-w-nedzink\/#primaryimage","url":"https:\/\/www.nedzink.com\/wp-content\/uploads\/import\/cms\/userfiles\/images\/foto1.jpg","contentUrl":"https:\/\/www.nedzink.com\/wp-content\/uploads\/import\/cms\/userfiles\/images\/foto1.jpg"},{"@type":"BreadcrumbList","@id":"https:\/\/www.nedzink.com\/pl\/o-nedzink\/praca-w-nedzink\/#breadcrumb","itemListElement":[{"@type":"ListItem","position":1,"name":"Home","item":"https:\/\/www.nedzink.com\/pl\/"},{"@type":"ListItem","position":2,"name":"O Nedzink","item":"https:\/\/www.nedzink.com\/pl\/o-nedzink\/"},{"@type":"ListItem","position":3,"name":"Praca w NedZink"}]},{"@type":"WebSite","@id":"https:\/\/www.nedzink.com\/pl\/#website","url":"https:\/\/www.nedzink.com\/pl\/","name":"NedZink","description":"Zink fabrikant","publisher":{"@id":"https:\/\/www.nedzink.com\/pl\/#organization"},"potentialAction":[{"@type":"SearchAction","target":{"@type":"EntryPoint","urlTemplate":"https:\/\/www.nedzink.com\/pl\/?s={search_term_string}"},"query-input":{"@type":"PropertyValueSpecification","valueRequired":true,"valueName":"search_term_string"}}],"inLanguage":"pl-PL"},{"@type":"Organization","@id":"https:\/\/www.nedzink.com\/pl\/#organization","name":"NedZink","url":"https:\/\/www.nedzink.com\/pl\/","logo":{"@type":"ImageObject","inLanguage":"pl-PL","@id":"https:\/\/www.nedzink.com\/pl\/#\/schema\/logo\/image\/","url":"https:\/\/www.nedzink.com\/wp-content\/uploads\/2019\/08\/logo-nedzink_fc_zk.jpg","contentUrl":"https:\/\/www.nedzink.com\/wp-content\/uploads\/2019\/08\/logo-nedzink_fc_zk.jpg","width":2160,"height":688,"caption":"NedZink"},"image":{"@id":"https:\/\/www.nedzink.com\/pl\/#\/schema\/logo\/image\/"}}]}},"_links":{"self":[{"href":"https:\/\/www.nedzink.com\/pl\/wp-json\/wp\/v2\/pages\/12355","targetHints":{"allow":["GET"]}}],"collection":[{"href":"https:\/\/www.nedzink.com\/pl\/wp-json\/wp\/v2\/pages"}],"about":[{"href":"https:\/\/www.nedzink.com\/pl\/wp-json\/wp\/v2\/types\/page"}],"author":[{"embeddable":true,"href":"https:\/\/www.nedzink.com\/pl\/wp-json\/wp\/v2\/users\/9"}],"replies":[{"embeddable":true,"href":"https:\/\/www.nedzink.com\/pl\/wp-json\/wp\/v2\/comments?post=12355"}],"version-history":[{"count":0,"href":"https:\/\/www.nedzink.com\/pl\/wp-json\/wp\/v2\/pages\/12355\/revisions"}],"up":[{"embeddable":true,"href":"https:\/\/www.nedzink.com\/pl\/wp-json\/wp\/v2\/pages\/12345"}],"wp:attachment":[{"href":"https:\/\/www.nedzink.com\/pl\/wp-json\/wp\/v2\/media?parent=12355"}],"curies":[{"name":"wp","href":"https:\/\/api.w.org\/{rel}","templated":true}]}}