{"id":12313,"date":"2019-04-09T14:30:42","date_gmt":"2019-04-09T12:30:42","guid":{"rendered":"http:\/\/136.144.181.85\/~nedzink\/srodowisko\/certyfikacja-srodowiskowa-epd\/"},"modified":"2021-06-16T15:03:04","modified_gmt":"2021-06-16T13:03:04","slug":"certyfikacja-srodowiskowa-epd","status":"publish","type":"page","link":"https:\/\/www.nedzink.com\/pl\/srodowisko\/certyfikacja-srodowiskowa-epd\/","title":{"rendered":"Certyfikacja \u015brodowiskowa EPD"},"content":{"rendered":"<h3>\u0141atwiejszy, zr\u00f3wnowa\u017cony wyb\u00f3r produktowy dzi\u0119ki aktualnym deklaracjom EPD<\/h3>\n<p>NedZink dla produkt\u00f3w NedZink NATUREL, NedZink NOVA, NedZink NEO i NedZink NOIR \u00a0zosta\u0142 odznaczony certyfikatami EPD (Environmental Product Declaration \u2013 produktowa deklaracja \u015brodowiskowa) przez niezale\u017cny niemiecki Instytut Budowa i \u015arodowisko (IBU <a href=\"http:\/\/pl.bab.la\/slownik\/polski-niemiecki\/stowarzyszenie-zarejestrowane\">stowarzyszenie zarejestrowane<\/a>) <a href=\"http:\/\/www.bau-umwelt.de\/\">www.bau-umwelt.de<\/a>. Te EPD, kt\u00f3re otrzyma\u0142y r\u00f3wnie\u017c oznaczenie Platformy ECO*, oferuj\u0105 informacje dotycz\u0105ce danych \u015brodowiskowych produkt\u00f3w na bazie analizy cyklu \u017cywotno\u015bci LCA \u00a0lub te\u017c bilansowania ekologicznego. Por\u00f3wnanie r\u00f3\u017cnych EPD u\u0142atwia ukierunkowany \u015brodowiskowo wyb\u00f3r produktowy. Poprzez to istotne oznakowanie NedZink poczyni\u0142 znacz\u0105cy krok w kierunku d\u0142ugotrwa\u0142o\u015bci i jako\u015bci.<\/p>\n<p><span style=\"font-size: 10pt; font-family: 'Arial',sans-serif; mso-fareast-font-family: Cambria; mso-ansi-language: NL; mso-fareast-language: EN-US; mso-bidi-language: AR-SA;\">\u00a0 \u00a0 \u00a0 <a href=\"https:\/\/www.nedzink.com\/wp-content\/uploads\/2021\/06\/nedzink-epd-2021-samen-min.jpg\"><img loading=\"lazy\" decoding=\"async\" class=\"alignleft size-medium wp-image-64125\" src=\"https:\/\/www.nedzink.com\/wp-content\/uploads\/2021\/06\/nedzink-epd-2021-samen-min-300x228.jpg\" alt=\"\" width=\"300\" height=\"228\" srcset=\"https:\/\/www.nedzink.com\/wp-content\/uploads\/2021\/06\/nedzink-epd-2021-samen-min-300x228.jpg 300w, https:\/\/www.nedzink.com\/wp-content\/uploads\/2021\/06\/nedzink-epd-2021-samen-min-1024x778.jpg 1024w, https:\/\/www.nedzink.com\/wp-content\/uploads\/2021\/06\/nedzink-epd-2021-samen-min-1536x1167.jpg 1536w, https:\/\/www.nedzink.com\/wp-content\/uploads\/2021\/06\/nedzink-epd-2021-samen-min-2048x1556.jpg 2048w, https:\/\/www.nedzink.com\/wp-content\/uploads\/2021\/06\/nedzink-epd-2021-samen-min-114x87.jpg 114w, https:\/\/www.nedzink.com\/wp-content\/uploads\/2021\/06\/nedzink-epd-2021-samen-min-47x36.jpg 47w, https:\/\/www.nedzink.com\/wp-content\/uploads\/2021\/06\/nedzink-epd-2021-samen-min-212x161.jpg 212w\" sizes=\"auto, (max-width: 300px) 100vw, 300px\" \/><\/a>\u00a0 \u00a0\u00a0<a href=\"http:\/\/construction-environment.com\/hp426\/Metals-for-buildings.htm\"><img decoding=\"async\" style=\"height: 143px; width: 300px;\" src=\"https:\/\/www.nedzink.com\/wp-content\/uploads\/import\/cms\/userfiles\/images\/news\/2014\/EPD_BV_RGB.jpg\" alt=\"\" \/><\/a><\/span><\/p>\n<p>&nbsp;<\/p>\n<p>&nbsp;<\/p>\n<p>&nbsp;<\/p>\n<p>&nbsp;<\/p>\n<p><strong>Analiza cyklu \u017cywotno\u015bci (LZA\/LCA)<\/strong><\/p>\n<p>Deklaracje EPD stanowi\u0105 podstaw\u0119 dla ekologicznej oceny budynk\u00f3w, jak zdefiniowano w nowym europejskim projekcie \u201eZr\u00f3wnowa\u017cone budynki\u201d. Dla zachowania obiektywnej i por\u00f3wnywalnej bazy niezale\u017cne IBU sprawdzi\u0142o, a nast\u0119pnie walidowa\u0142o wp\u0142ywy \u015brodowiskowe NedZink NATUREL, NedZink NOVA, NedZink NEO i NedZink NOIR bazuj\u0105c na wymaganiach norm ISO 14025, 14040 i 15804. Do tego wykorzystana zosta\u0142a analiza cyklu u\u017cytkowania (LCA) tych trzech produkt\u00f3w. LCA jest sprawdzon\u0105 metod\u0105 naukow\u0105, umo\u017cliwiaj\u0105c\u0105 ocen\u0119 i wyliczenie wszelkich efekt\u00f3w \u015brodowiskowych w ka\u017cdej fazie u\u017cytkowania produktu, jak przyk\u0142adowo wytwarzanie CO<sub>2<\/sub>, zu\u017cycie energii i wody, jak r\u00f3wnie\u017c zanieczyszczenie powietrza. Na bazie liczb znamionowych deklaracje EPD mog\u0105 by\u0107 mi\u0119dzy sob\u0105 por\u00f3wnywane i u\u0142atwiony jest \u015bwiadomy \u015brodowiskowy wyb\u00f3r produktowy.<\/p>\n<p style=\"text-align: justify;\">*\u00a0 Platforma ECO: <a href=\"http:\/\/www.eco-platform.org\/\">www.eco-platform.org<\/a>; mi\u0119dzynarodowa platforma walidacji certyfikowania EPD<\/p>\n","protected":false},"excerpt":{"rendered":"<p>\u0141atwiejszy, zr\u00f3wnowa\u017cony wyb\u00f3r produktowy dzi\u0119ki aktualnym deklaracjom EPD NedZink dla produkt\u00f3w NedZink NATUREL, NedZink NOVA, NedZink NEO i NedZink NOIR \u00a0zosta\u0142 odznaczony certyfikatami EPD (Environmental Product Declaration \u2013 produktowa deklaracja \u015brodowiskowa) przez niezale\u017cny niemiecki Instytut Budowa i \u015arodowisko (IBU stowarzyszenie zarejestrowane) www.bau-umwelt.de. Te EPD, kt\u00f3re otrzyma\u0142y r\u00f3wnie\u017c oznaczenie Platformy ECO*, oferuj\u0105 informacje dotycz\u0105ce danych \u015brodowiskowych [&hellip;]<\/p>\n","protected":false},"author":9,"featured_media":0,"parent":12304,"menu_order":10,"comment_status":"closed","ping_status":"closed","template":"template-import.php","meta":{"_acf_changed":false,"footnotes":""},"class_list":["post-12313","page","type-page","status-publish","hentry"],"acf":[],"yoast_head":"<!-- This site is optimized with the Yoast SEO plugin v26.8 - https:\/\/yoast.com\/product\/yoast-seo-wordpress\/ -->\n<title>Certyfikacja \u015brodowiskowa EPD &#8211; NedZink<\/title>\n<meta name=\"robots\" content=\"index, follow, max-snippet:-1, max-image-preview:large, max-video-preview:-1\" \/>\n<link rel=\"canonical\" href=\"https:\/\/www.nedzink.com\/pl\/srodowisko\/certyfikacja-srodowiskowa-epd\/\" \/>\n<meta property=\"og:locale\" content=\"pl_PL\" \/>\n<meta property=\"og:type\" content=\"article\" \/>\n<meta property=\"og:title\" content=\"Certyfikacja \u015brodowiskowa EPD &#8211; NedZink\" \/>\n<meta property=\"og:description\" content=\"\u0141atwiejszy, zr\u00f3wnowa\u017cony wyb\u00f3r produktowy dzi\u0119ki aktualnym deklaracjom EPD NedZink dla produkt\u00f3w NedZink NATUREL, NedZink NOVA, NedZink NEO i NedZink NOIR \u00a0zosta\u0142 odznaczony certyfikatami EPD (Environmental Product Declaration \u2013 produktowa deklaracja \u015brodowiskowa) przez niezale\u017cny niemiecki Instytut Budowa i \u015arodowisko (IBU stowarzyszenie zarejestrowane) www.bau-umwelt.de. Te EPD, kt\u00f3re otrzyma\u0142y r\u00f3wnie\u017c oznaczenie Platformy ECO*, oferuj\u0105 informacje dotycz\u0105ce danych \u015brodowiskowych [&hellip;]\" \/>\n<meta property=\"og:url\" content=\"https:\/\/www.nedzink.com\/pl\/srodowisko\/certyfikacja-srodowiskowa-epd\/\" \/>\n<meta property=\"og:site_name\" content=\"NedZink\" \/>\n<meta property=\"article:modified_time\" content=\"2021-06-16T13:03:04+00:00\" \/>\n<meta property=\"og:image\" content=\"https:\/\/www.nedzink.com\/wp-content\/uploads\/2021\/06\/nedzink-epd-2021-samen-min-300x228.jpg\" \/>\n<meta name=\"twitter:card\" content=\"summary_large_image\" \/>\n<meta name=\"twitter:label1\" content=\"Szacowany czas czytania\" \/>\n\t<meta name=\"twitter:data1\" content=\"2 minuty\" \/>\n<script type=\"application\/ld+json\" class=\"yoast-schema-graph\">{\"@context\":\"https:\/\/schema.org\",\"@graph\":[{\"@type\":\"WebPage\",\"@id\":\"https:\/\/www.nedzink.com\/pl\/srodowisko\/certyfikacja-srodowiskowa-epd\/\",\"url\":\"https:\/\/www.nedzink.com\/pl\/srodowisko\/certyfikacja-srodowiskowa-epd\/\",\"name\":\"Certyfikacja \u015brodowiskowa EPD &#8211; NedZink\",\"isPartOf\":{\"@id\":\"https:\/\/www.nedzink.com\/pl\/#website\"},\"primaryImageOfPage\":{\"@id\":\"https:\/\/www.nedzink.com\/pl\/srodowisko\/certyfikacja-srodowiskowa-epd\/#primaryimage\"},\"image\":{\"@id\":\"https:\/\/www.nedzink.com\/pl\/srodowisko\/certyfikacja-srodowiskowa-epd\/#primaryimage\"},\"thumbnailUrl\":\"https:\/\/www.nedzink.com\/wp-content\/uploads\/2021\/06\/nedzink-epd-2021-samen-min-300x228.jpg\",\"datePublished\":\"2019-04-09T12:30:42+00:00\",\"dateModified\":\"2021-06-16T13:03:04+00:00\",\"breadcrumb\":{\"@id\":\"https:\/\/www.nedzink.com\/pl\/srodowisko\/certyfikacja-srodowiskowa-epd\/#breadcrumb\"},\"inLanguage\":\"pl-PL\",\"potentialAction\":[{\"@type\":\"ReadAction\",\"target\":[\"https:\/\/www.nedzink.com\/pl\/srodowisko\/certyfikacja-srodowiskowa-epd\/\"]}]},{\"@type\":\"ImageObject\",\"inLanguage\":\"pl-PL\",\"@id\":\"https:\/\/www.nedzink.com\/pl\/srodowisko\/certyfikacja-srodowiskowa-epd\/#primaryimage\",\"url\":\"https:\/\/www.nedzink.com\/wp-content\/uploads\/2021\/06\/nedzink-epd-2021-samen-min-300x228.jpg\",\"contentUrl\":\"https:\/\/www.nedzink.com\/wp-content\/uploads\/2021\/06\/nedzink-epd-2021-samen-min-300x228.jpg\"},{\"@type\":\"BreadcrumbList\",\"@id\":\"https:\/\/www.nedzink.com\/pl\/srodowisko\/certyfikacja-srodowiskowa-epd\/#breadcrumb\",\"itemListElement\":[{\"@type\":\"ListItem\",\"position\":1,\"name\":\"Home\",\"item\":\"https:\/\/www.nedzink.com\/pl\/\"},{\"@type\":\"ListItem\",\"position\":2,\"name\":\"\u015arodowisko\",\"item\":\"https:\/\/www.nedzink.com\/pl\/srodowisko\/\"},{\"@type\":\"ListItem\",\"position\":3,\"name\":\"Certyfikacja \u015brodowiskowa EPD\"}]},{\"@type\":\"WebSite\",\"@id\":\"https:\/\/www.nedzink.com\/pl\/#website\",\"url\":\"https:\/\/www.nedzink.com\/pl\/\",\"name\":\"NedZink\",\"description\":\"Zink fabrikant\",\"publisher\":{\"@id\":\"https:\/\/www.nedzink.com\/pl\/#organization\"},\"potentialAction\":[{\"@type\":\"SearchAction\",\"target\":{\"@type\":\"EntryPoint\",\"urlTemplate\":\"https:\/\/www.nedzink.com\/pl\/?s={search_term_string}\"},\"query-input\":{\"@type\":\"PropertyValueSpecification\",\"valueRequired\":true,\"valueName\":\"search_term_string\"}}],\"inLanguage\":\"pl-PL\"},{\"@type\":\"Organization\",\"@id\":\"https:\/\/www.nedzink.com\/pl\/#organization\",\"name\":\"NedZink\",\"url\":\"https:\/\/www.nedzink.com\/pl\/\",\"logo\":{\"@type\":\"ImageObject\",\"inLanguage\":\"pl-PL\",\"@id\":\"https:\/\/www.nedzink.com\/pl\/#\/schema\/logo\/image\/\",\"url\":\"https:\/\/www.nedzink.com\/wp-content\/uploads\/2019\/08\/logo-nedzink_fc_zk.jpg\",\"contentUrl\":\"https:\/\/www.nedzink.com\/wp-content\/uploads\/2019\/08\/logo-nedzink_fc_zk.jpg\",\"width\":2160,\"height\":688,\"caption\":\"NedZink\"},\"image\":{\"@id\":\"https:\/\/www.nedzink.com\/pl\/#\/schema\/logo\/image\/\"}}]}<\/script>\n<!-- \/ Yoast SEO plugin. -->","yoast_head_json":{"title":"Certyfikacja \u015brodowiskowa EPD &#8211; NedZink","robots":{"index":"index","follow":"follow","max-snippet":"max-snippet:-1","max-image-preview":"max-image-preview:large","max-video-preview":"max-video-preview:-1"},"canonical":"https:\/\/www.nedzink.com\/pl\/srodowisko\/certyfikacja-srodowiskowa-epd\/","og_locale":"pl_PL","og_type":"article","og_title":"Certyfikacja \u015brodowiskowa EPD &#8211; NedZink","og_description":"\u0141atwiejszy, zr\u00f3wnowa\u017cony wyb\u00f3r produktowy dzi\u0119ki aktualnym deklaracjom EPD NedZink dla produkt\u00f3w NedZink NATUREL, NedZink NOVA, NedZink NEO i NedZink NOIR \u00a0zosta\u0142 odznaczony certyfikatami EPD (Environmental Product Declaration \u2013 produktowa deklaracja \u015brodowiskowa) przez niezale\u017cny niemiecki Instytut Budowa i \u015arodowisko (IBU stowarzyszenie zarejestrowane) www.bau-umwelt.de. Te EPD, kt\u00f3re otrzyma\u0142y r\u00f3wnie\u017c oznaczenie Platformy ECO*, oferuj\u0105 informacje dotycz\u0105ce danych \u015brodowiskowych [&hellip;]","og_url":"https:\/\/www.nedzink.com\/pl\/srodowisko\/certyfikacja-srodowiskowa-epd\/","og_site_name":"NedZink","article_modified_time":"2021-06-16T13:03:04+00:00","og_image":[{"url":"https:\/\/www.nedzink.com\/wp-content\/uploads\/2021\/06\/nedzink-epd-2021-samen-min-300x228.jpg","type":"","width":"","height":""}],"twitter_card":"summary_large_image","twitter_misc":{"Szacowany czas czytania":"2 minuty"},"schema":{"@context":"https:\/\/schema.org","@graph":[{"@type":"WebPage","@id":"https:\/\/www.nedzink.com\/pl\/srodowisko\/certyfikacja-srodowiskowa-epd\/","url":"https:\/\/www.nedzink.com\/pl\/srodowisko\/certyfikacja-srodowiskowa-epd\/","name":"Certyfikacja \u015brodowiskowa EPD &#8211; NedZink","isPartOf":{"@id":"https:\/\/www.nedzink.com\/pl\/#website"},"primaryImageOfPage":{"@id":"https:\/\/www.nedzink.com\/pl\/srodowisko\/certyfikacja-srodowiskowa-epd\/#primaryimage"},"image":{"@id":"https:\/\/www.nedzink.com\/pl\/srodowisko\/certyfikacja-srodowiskowa-epd\/#primaryimage"},"thumbnailUrl":"https:\/\/www.nedzink.com\/wp-content\/uploads\/2021\/06\/nedzink-epd-2021-samen-min-300x228.jpg","datePublished":"2019-04-09T12:30:42+00:00","dateModified":"2021-06-16T13:03:04+00:00","breadcrumb":{"@id":"https:\/\/www.nedzink.com\/pl\/srodowisko\/certyfikacja-srodowiskowa-epd\/#breadcrumb"},"inLanguage":"pl-PL","potentialAction":[{"@type":"ReadAction","target":["https:\/\/www.nedzink.com\/pl\/srodowisko\/certyfikacja-srodowiskowa-epd\/"]}]},{"@type":"ImageObject","inLanguage":"pl-PL","@id":"https:\/\/www.nedzink.com\/pl\/srodowisko\/certyfikacja-srodowiskowa-epd\/#primaryimage","url":"https:\/\/www.nedzink.com\/wp-content\/uploads\/2021\/06\/nedzink-epd-2021-samen-min-300x228.jpg","contentUrl":"https:\/\/www.nedzink.com\/wp-content\/uploads\/2021\/06\/nedzink-epd-2021-samen-min-300x228.jpg"},{"@type":"BreadcrumbList","@id":"https:\/\/www.nedzink.com\/pl\/srodowisko\/certyfikacja-srodowiskowa-epd\/#breadcrumb","itemListElement":[{"@type":"ListItem","position":1,"name":"Home","item":"https:\/\/www.nedzink.com\/pl\/"},{"@type":"ListItem","position":2,"name":"\u015arodowisko","item":"https:\/\/www.nedzink.com\/pl\/srodowisko\/"},{"@type":"ListItem","position":3,"name":"Certyfikacja \u015brodowiskowa EPD"}]},{"@type":"WebSite","@id":"https:\/\/www.nedzink.com\/pl\/#website","url":"https:\/\/www.nedzink.com\/pl\/","name":"NedZink","description":"Zink fabrikant","publisher":{"@id":"https:\/\/www.nedzink.com\/pl\/#organization"},"potentialAction":[{"@type":"SearchAction","target":{"@type":"EntryPoint","urlTemplate":"https:\/\/www.nedzink.com\/pl\/?s={search_term_string}"},"query-input":{"@type":"PropertyValueSpecification","valueRequired":true,"valueName":"search_term_string"}}],"inLanguage":"pl-PL"},{"@type":"Organization","@id":"https:\/\/www.nedzink.com\/pl\/#organization","name":"NedZink","url":"https:\/\/www.nedzink.com\/pl\/","logo":{"@type":"ImageObject","inLanguage":"pl-PL","@id":"https:\/\/www.nedzink.com\/pl\/#\/schema\/logo\/image\/","url":"https:\/\/www.nedzink.com\/wp-content\/uploads\/2019\/08\/logo-nedzink_fc_zk.jpg","contentUrl":"https:\/\/www.nedzink.com\/wp-content\/uploads\/2019\/08\/logo-nedzink_fc_zk.jpg","width":2160,"height":688,"caption":"NedZink"},"image":{"@id":"https:\/\/www.nedzink.com\/pl\/#\/schema\/logo\/image\/"}}]}},"_links":{"self":[{"href":"https:\/\/www.nedzink.com\/pl\/wp-json\/wp\/v2\/pages\/12313","targetHints":{"allow":["GET"]}}],"collection":[{"href":"https:\/\/www.nedzink.com\/pl\/wp-json\/wp\/v2\/pages"}],"about":[{"href":"https:\/\/www.nedzink.com\/pl\/wp-json\/wp\/v2\/types\/page"}],"author":[{"embeddable":true,"href":"https:\/\/www.nedzink.com\/pl\/wp-json\/wp\/v2\/users\/9"}],"replies":[{"embeddable":true,"href":"https:\/\/www.nedzink.com\/pl\/wp-json\/wp\/v2\/comments?post=12313"}],"version-history":[{"count":0,"href":"https:\/\/www.nedzink.com\/pl\/wp-json\/wp\/v2\/pages\/12313\/revisions"}],"up":[{"embeddable":true,"href":"https:\/\/www.nedzink.com\/pl\/wp-json\/wp\/v2\/pages\/12304"}],"wp:attachment":[{"href":"https:\/\/www.nedzink.com\/pl\/wp-json\/wp\/v2\/media?parent=12313"}],"curies":[{"name":"wp","href":"https:\/\/api.w.org\/{rel}","templated":true}]}}