{"id":12304,"date":"2019-04-09T14:30:41","date_gmt":"2019-04-09T12:30:41","guid":{"rendered":"http:\/\/136.144.181.85\/~nedzink\/srodowisko\/"},"modified":"2020-02-27T13:18:30","modified_gmt":"2020-02-27T12:18:30","slug":"srodowisko","status":"publish","type":"page","link":"https:\/\/www.nedzink.com\/pl\/srodowisko\/","title":{"rendered":"\u015arodowisko"},"content":{"rendered":"<h2><strong>Esencjonalny, d\u0142ugotrwa\u0142y i doskonale UTYLIZOWALNY<\/strong><\/h2>\n<p>Cynk jako pierwiastek metaliczny jest jednym z najwa\u017cniejszych pierwiastk\u00f3w \u015bladowych i znacz\u0105co uczestniczy w prawie wszystkich niezb\u0119dnych do \u017cycia funkcjach przemiany materii w naszym ludzkim ciele. To oznacza, \u017ce musi mie\u0107 miejsce nieprzerwane dostarczanie cynku; brak cynku mo\u017ce z kolei wywo\u0142ywa\u0107 problemy zdrowotne. R\u00f3wnie\u017c w innych wa\u017cnych obszarach zr\u00f3wnowa\u017conego rozwoju substancji takich jak np. bilans ekologiczny, ochrona klimatu, \u015brodowiska i zasob\u00f3w naturalnych cynk odgrywa wa\u017cn\u0105 rol\u0119.<\/p>\n<h2><strong>Istotny dla \u017cycia i zdrowia<\/strong><\/h2>\n<p>Wszystko co \u017cyje na ziemi, w takiej formie jak znamy to dzi\u015b, rozwija\u0142o si\u0119 w obecno\u015bci naturalnego udzia\u0142u cynku. Obok pozosta\u0142ych funkcji przemiany materii, dostateczne dostarczanie cynku wp\u0142ywa pozytywnie na gojenie ran oraz wa\u017cne procesy rozwojowe u dzieci w pierwszych latach \u017cycia, w okresie dojrzewania i podczas ci\u0105\u017cy. W Europie \u015arodkowej to zosta\u0107 zapewnione poprzez zr\u00f3wnowa\u017cone od\u017cywianie. W ludzkim ciele utrzymuje si\u0119 wzgl\u0119dnie sta\u0142y poziom cynku w ilo\u015bci ok. 2,5 g. Poniewa\u017c nadmiar cynku nie jest magazynowany, lecz wydalany, konieczne jest ustawiczne przyjmowanie cynku. U doros\u0142ych wynosi ono ok. 10-15 mg na dzie\u0144. To zapewnia funkcjonowanie np. 200 enzym\u00f3w, stabilizacj\u0119 DNA i transfer bod\u017ac\u00f3w.<\/p>\n<h2><strong>Ochronnie dla ludzi i techniki<\/strong><\/h2>\n<p>Powszechnie wiadomo, \u017ce techniczne produkty mog\u0105 by\u0107 doskonale chronione poprzez cynk. W ten spos\u00f3b wszelkie rodzaje budowli poprzez ochron\u0119 pogodow\u0105 z blach cynkowych, konstrukcje stalowe poprzez ocynkowanie a wiele powierzchni przez pokrycie zawieraj\u0105cymi cynk materia\u0142ami osi\u0105gaj\u0105 wielokrotnie wy\u017cszy czas u\u017cytkowania ni\u017c w normalnych okoliczno\u015bciach. Co najmniej tak samo wa\u017cna jest doskona\u0142a ochrona sk\u00f3ry za pomoc\u0105 preparat\u00f3w piel\u0119gnacyjnych do zewn\u0119trznego u\u017cytku zawieraj\u0105cych cynk s\u0142u\u017c\u0105cych regeneracji oraz ochronie UV.<\/p>\n<h2><strong>Odpowiedzialno\u015b\u0107 w\u0142asna<\/strong><\/h2>\n<p>W roku 2001 \u015bwiatowy przemys\u0142 cynkowy zawar\u0142 Sustainability Charter w International Zinc Association. Wyznaczono za cel, \u017ce zar\u00f3wno wytwarzanie cynku jak i dalsza obr\u00f3bka i zastosowanie musi odbywa\u0107 si\u0119 w zgodzie ze \u015brodowiskiem naturalnym jak i spo\u0142ecznymi potrzebami, tak by nie powstawa\u0142y zagro\u017cenia dla ludzi i \u015brodowiska naturalnego.<\/p>\n<h2><strong>Certyfikaty<\/strong><\/h2>\n<p><a href=\"https:\/\/www.nedzink.com\/downloads\/pdf\/17\/Lloyd's%20certificaat%20GmbH%20Duits%20tm%20mrt%202016.pdf\"><img decoding=\"async\" style=\"border: 0px solid currentColor; width: 200px; height: 283px;\" src=\"https:\/\/www.nedzink.com\/wp-content\/uploads\/import\/cms\/userfiles\/images\/iso.jpg\" \/><\/a><\/p>\n<p><a href=\"https:\/\/www.nedzink.com\/downloads\/pdf\/17\/Lloyd's%20certificaat%20GmbH%20Duits%20tm%20mrt%202016.pdf\">Certifikat ISO 9001:2008<\/a><\/p>\n<h2><strong>Bilansy ekologiczne \u2013Life Cycle Analysys (LCA)<\/strong><\/h2>\n<p>Dla obszar\u00f3w pozyskiwania cynku, recyklingu i przetwarzania istniej\u0105 obszerne dane. Dla licznych produkt\u00f3w cynkowych stworzono LCA. Urz\u0105d ochrony \u015brodowiska(UBA \u2013 skr\u00f3t) opublikowa\u0142 w 2005 roku w serii opracowa\u0144 bilans ekologiczny dotycz\u0105cy metalowych materia\u0142\u00f3w pokry\u0107 dachowych. Przy tym nale\u017cy uwzgl\u0119dni\u0107, \u017ce sprawdzone pod k\u0105tem efekt\u00f3w dzia\u0142ania warunk\u00f3w atmosferycznych, nie powlekane metale, z powodu swej \u017cywotno\u015bci i braku konieczno\u015bci konserwacji w odr\u00f3\u017cnieniu do innych materia\u0142\u00f3w pokry\u0107 dachowych wykazuj\u0105 przewag\u0119 w zakresie ochrony \u015brodowiska. W bilansach ekologicznych UBA cynk wypada pozytywnie z powodu swych niskich warto\u015bci emisyjnych zanieczyszcze\u0144. Dotyczy to r\u00f3wnie\u017c tzw. potencja\u0142u cieplarnianego. Do podobnych rezultat\u00f3w doszed\u0142 w 1996 roku Tauw Milieu B.V. Integrated Environmental Projects Department w swych badaniach \u201eLife Cycle Assessment of zinc gutters, review and update\u201c dotycz\u0105cych rynien z r\u00f3\u017cnych materia\u0142\u00f3w.<\/p>\n<h2><strong>Ochrona klimatu<\/strong><\/h2>\n<p>Ochrona klimatu poprzez zmniejszone emisje CO2 \u2013 cynk sprosta\u0142 r\u00f3wnie\u017c temu wymogowi. Z powodu ich du\u017cej ilo\u015bci oraz z\u0142o\u017cono\u015bci wszystkie dane s\u0105 podsumowane w \u201eZinc-for-life-program\u201c organizacji International Zinc Association IZA.<\/p>\n<h2><strong>Ochrona \u015brodowiska<\/strong><\/h2>\n<p>Poprzez pozyskiwanie cynku z rudy a\u017c po produkcj\u0119 blachy cynkowej, cz\u0142owiek przesuwa naturalnie wyst\u0119puj\u0105ce zbiory cynku i je \u0142\u0105czy. Te procesy oddzia\u0142uj\u0105 na \u015brodowisko. Cynk jest pod tym wzgl\u0119dem jednym z najlepiej przebadanych materia\u0142\u00f3w. Z powodu du\u017cej ilo\u015bci fakt\u00f3w dotycz\u0105cych tego tematu, jest niemo\u017cliwe by w tym miejscu przedstawi\u0107 obszern\u0105 prezentacj\u0119. W celu uzyskania dalszych informacji odsy\u0142amy pa\u0144stwa do poni\u017cej wymienionych instytucji oraz na nasz\u0105 stron\u0119 internetow\u0105: <a href=\"http:\/\/www.nedzink.pl\">www.nedzink.pl<\/a>.<\/p>\n<h2><strong>Ochrona zasob\u00f3w<\/strong><\/h2>\n<p>Pod kontek\u015bcie d\u0142ugowiecznych materia\u0142\u00f3w budowlanych ochrona zasob\u00f3w jest jedn\u0105 z wa\u017cniejszych warto\u015bci. Najwa\u017cniejszymi aspektami s\u0105: *d\u0142ugotrwa\u0142o\u015b\u0107: dachy oraz fasady wykonane z cynku maj\u0105 w dzisiejszych warunkach\u00a0 czas u\u017cytkowania ponad 100 lat. *Niewymagalno\u015b\u0107 konserwacji: produkty NedZink nie wymagaj\u0105 konserwacji. *Recykling: cynk budowlany zachowuje swoj\u0105 wysok\u0105 warto\u015b\u0107 materia\u0142u poprzez fakt, \u017ce ok. 80% mo\u017ce zosta\u0107 poddane utylizacji oraz poprzez ubogi energetycznie (ok. 5% pierwotnego zapotrzebowania na energi\u0119) proces przetwarzania surowc\u00f3w wt\u00f3rnych. Z tego wzgl\u0119du \u017ce warto\u015b\u0107 starego cynku wynosi ok. 65% ceny gie\u0142dowej, recykling jest nie tylko ekonomicznie racjonalnym post\u0119powaniem, lecz sprzyja r\u00f3wnie\u017c w wielkiej mierze ochronie zasob\u00f3w naturalnych.<\/p>\n<h2><strong>W celu uzyskania dalszych informacji:<\/strong><\/h2>\n<p>Inicjatywa cynk- <a href=\"http:\/\/www.initiative-zink.de\/\">www.initiative-zink.de<\/a><\/p>\n<p>International Zinc Association &#8211; <a href=\"http:\/\/www.iza.com\/\">www.iza.com<\/a><\/p>\n<p>Dodatkowo do link\u00f3w do stron internetowych oferujemy Pa\u0144stwu do pobrania broszur\u0119 IZA &#8222;<a href=\"https:\/\/www.nedzink.com\/wp-content\/uploads\/importhttps:\/\/www.nedzink.com\/wp-content\/uploads\/import\/cms\/userfiles\/files\/downloads\/en\/Zinc_in_the_Environment_-_Understanding_the_Issues_2014.pdf\">Zinc in the environment<\/a>&#8221;\u00a0 jak r\u00f3wnie\u017c i broszur\u0119\u00a0 Initiative Zink &#8222;<a href=\"https:\/\/www.nedzink.com\/wp-content\/uploads\/importhttps:\/\/www.nedzink.com\/wp-content\/uploads\/import\/cms\/userfiles\/files\/downloads\/de\/2014\/iz_imagebroschuere_2014_140127_hv.pdf\">Zink ist pures Leben<\/a>\u201d (InicjatywaCynk \u201eCynk jest czystym \u017cyciem\u201d), w kt\u00f3rych to znajdziecie Pa\u0144stwo daleko id\u0105ce informacje o surowcu jakim jest cynk.<\/p>\n<p><a href=\"https:\/\/www.nedzink.com\/wp-content\/uploads\/import\/cms\/userfiles\/files\/downloads\/en\/Zinc_in_the_Environment_-_Understanding_the_Issues_2014.pdf\"><img decoding=\"async\" style=\"width: 161px; height: 210px; margin-right: 10px; margin-left: 10px;\" src=\"https:\/\/www.nedzink.com\/wp-content\/uploads\/import\/cms\/userfiles\/images\/divers\/cover-zinc-in-the-environment.jpg\" alt=\"\" \/><\/a>\u00a0\u00a0\u00a0\u00a0 <a href=\"https:\/\/www.nedzink.com\/wp-content\/uploads\/import\/cms\/userfiles\/files\/downloads\/de\/2014\/iz_imagebroschuere_2014_140127_hv.pdf\"><img decoding=\"async\" style=\"width: 151px; height: 210px; margin-right: 10px; margin-left: 10px;\" src=\"https:\/\/www.nedzink.com\/wp-content\/uploads\/import\/cms\/userfiles\/images\/divers\/Zink-ist-pures-Leben.jpg\" alt=\"\" \/><\/a><\/p>\n<h1><strong>Najlepszy wyb\u00f3r dla d\u0142ugiej \u017cywotno\u015bci budowli<\/strong><\/h1>\n<p><img decoding=\"async\" style=\"border: 0px solid currentColor; width: 250px; height: 250px; margin-left: 10px; float: right;\" src=\"https:\/\/www.nedzink.com\/wp-content\/uploads\/import\/cms\/userfiles\/images\/zinkviooltje.jpg\" alt=\"\" \/><\/p>\n<p>Jako materia\u0142 na pokrycia dachowe, ok\u0142adziny fasadowe, system rynnowy cynk jest ze wzgl\u0119du na swoj\u0105 d\u0142ugotrwa\u0142o\u015b\u0107 oraz mo\u017cliwo\u015b\u0107 recyklingu bardzo popularny. Architekci kt\u00f3rzy projektuj\u0105 z zastosowaniem cynku, ceni\u0105 jego wszechstronno\u015b\u0107 oraz jego urok.<\/p>\n<p>Inwestorzy budowlani oraz wykonawcy decyduj\u0105 si\u0119 na t\u0119 warto\u015b\u0107 dodan\u0105 inwestuj\u0105c w nieruchomo\u015bci, szczeg\u00f3lnie z tego powodu, \u017ce materia\u0142 ten nie wymaga konserwacji. Dobry wyb\u00f3r, kt\u00f3ry przyczynia si\u0119 do ochrony i upi\u0119kszenia naszej przestrzeni \u017cyciowej.<\/p>\n<p>&nbsp;<\/p>\n","protected":false},"excerpt":{"rendered":"<p>Esencjonalny, d\u0142ugotrwa\u0142y i doskonale UTYLIZOWALNY Cynk jako pierwiastek metaliczny jest jednym z najwa\u017cniejszych pierwiastk\u00f3w \u015bladowych i znacz\u0105co uczestniczy w prawie wszystkich niezb\u0119dnych do \u017cycia funkcjach przemiany materii w naszym ludzkim ciele. To oznacza, \u017ce musi mie\u0107 miejsce nieprzerwane dostarczanie cynku; brak cynku mo\u017ce z kolei wywo\u0142ywa\u0107 problemy zdrowotne. R\u00f3wnie\u017c w innych wa\u017cnych obszarach zr\u00f3wnowa\u017conego rozwoju [&hellip;]<\/p>\n","protected":false},"author":9,"featured_media":0,"parent":0,"menu_order":60,"comment_status":"closed","ping_status":"closed","template":"template-import.php","meta":{"_acf_changed":false,"footnotes":""},"class_list":["post-12304","page","type-page","status-publish","hentry"],"acf":[],"yoast_head":"<!-- This site is optimized with the Yoast SEO plugin v26.8 - https:\/\/yoast.com\/product\/yoast-seo-wordpress\/ -->\n<title>\u015arodowisko \u2013 NedZink<\/title>\n<meta name=\"description\" content=\"Zink heeft een natuurlijke plaats in onze kringloop en helpt substantieel bij de verduurzaming van ons leefklimaat. Zink is 100% recyclebaar.\" \/>\n<meta name=\"robots\" content=\"index, follow, max-snippet:-1, max-image-preview:large, max-video-preview:-1\" \/>\n<link rel=\"canonical\" href=\"https:\/\/www.nedzink.com\/pl\/srodowisko\/\" \/>\n<meta property=\"og:locale\" content=\"pl_PL\" \/>\n<meta property=\"og:type\" content=\"article\" \/>\n<meta property=\"og:title\" content=\"\u015arodowisko \u2013 NedZink\" \/>\n<meta property=\"og:description\" content=\"Zink heeft een natuurlijke plaats in onze kringloop en helpt substantieel bij de verduurzaming van ons leefklimaat. Zink is 100% recyclebaar.\" \/>\n<meta property=\"og:url\" content=\"https:\/\/www.nedzink.com\/pl\/srodowisko\/\" \/>\n<meta property=\"og:site_name\" content=\"NedZink\" \/>\n<meta property=\"article:modified_time\" content=\"2020-02-27T12:18:30+00:00\" \/>\n<meta property=\"og:image\" content=\"https:\/\/www.nedzink.com\/wp-content\/uploads\/import\/cms\/userfiles\/images\/iso.jpg\" \/>\n<meta name=\"twitter:card\" content=\"summary_large_image\" \/>\n<meta name=\"twitter:label1\" content=\"Szacowany czas czytania\" \/>\n\t<meta name=\"twitter:data1\" content=\"5 minut\" \/>\n<script type=\"application\/ld+json\" class=\"yoast-schema-graph\">{\"@context\":\"https:\/\/schema.org\",\"@graph\":[{\"@type\":\"WebPage\",\"@id\":\"https:\/\/www.nedzink.com\/pl\/srodowisko\/\",\"url\":\"https:\/\/www.nedzink.com\/pl\/srodowisko\/\",\"name\":\"\u015arodowisko \u2013 NedZink\",\"isPartOf\":{\"@id\":\"https:\/\/www.nedzink.com\/pl\/#website\"},\"primaryImageOfPage\":{\"@id\":\"https:\/\/www.nedzink.com\/pl\/srodowisko\/#primaryimage\"},\"image\":{\"@id\":\"https:\/\/www.nedzink.com\/pl\/srodowisko\/#primaryimage\"},\"thumbnailUrl\":\"https:\/\/www.nedzink.com\/wp-content\/uploads\/import\/cms\/userfiles\/images\/iso.jpg\",\"datePublished\":\"2019-04-09T12:30:41+00:00\",\"dateModified\":\"2020-02-27T12:18:30+00:00\",\"description\":\"Zink heeft een natuurlijke plaats in onze kringloop en helpt substantieel bij de verduurzaming van ons leefklimaat. Zink is 100% recyclebaar.\",\"breadcrumb\":{\"@id\":\"https:\/\/www.nedzink.com\/pl\/srodowisko\/#breadcrumb\"},\"inLanguage\":\"pl-PL\",\"potentialAction\":[{\"@type\":\"ReadAction\",\"target\":[\"https:\/\/www.nedzink.com\/pl\/srodowisko\/\"]}]},{\"@type\":\"ImageObject\",\"inLanguage\":\"pl-PL\",\"@id\":\"https:\/\/www.nedzink.com\/pl\/srodowisko\/#primaryimage\",\"url\":\"https:\/\/www.nedzink.com\/wp-content\/uploads\/import\/cms\/userfiles\/images\/iso.jpg\",\"contentUrl\":\"https:\/\/www.nedzink.com\/wp-content\/uploads\/import\/cms\/userfiles\/images\/iso.jpg\"},{\"@type\":\"BreadcrumbList\",\"@id\":\"https:\/\/www.nedzink.com\/pl\/srodowisko\/#breadcrumb\",\"itemListElement\":[{\"@type\":\"ListItem\",\"position\":1,\"name\":\"Home\",\"item\":\"https:\/\/www.nedzink.com\/pl\/\"},{\"@type\":\"ListItem\",\"position\":2,\"name\":\"\u015arodowisko\"}]},{\"@type\":\"WebSite\",\"@id\":\"https:\/\/www.nedzink.com\/pl\/#website\",\"url\":\"https:\/\/www.nedzink.com\/pl\/\",\"name\":\"NedZink\",\"description\":\"Zink fabrikant\",\"publisher\":{\"@id\":\"https:\/\/www.nedzink.com\/pl\/#organization\"},\"potentialAction\":[{\"@type\":\"SearchAction\",\"target\":{\"@type\":\"EntryPoint\",\"urlTemplate\":\"https:\/\/www.nedzink.com\/pl\/?s={search_term_string}\"},\"query-input\":{\"@type\":\"PropertyValueSpecification\",\"valueRequired\":true,\"valueName\":\"search_term_string\"}}],\"inLanguage\":\"pl-PL\"},{\"@type\":\"Organization\",\"@id\":\"https:\/\/www.nedzink.com\/pl\/#organization\",\"name\":\"NedZink\",\"url\":\"https:\/\/www.nedzink.com\/pl\/\",\"logo\":{\"@type\":\"ImageObject\",\"inLanguage\":\"pl-PL\",\"@id\":\"https:\/\/www.nedzink.com\/pl\/#\/schema\/logo\/image\/\",\"url\":\"https:\/\/www.nedzink.com\/wp-content\/uploads\/2019\/08\/logo-nedzink_fc_zk.jpg\",\"contentUrl\":\"https:\/\/www.nedzink.com\/wp-content\/uploads\/2019\/08\/logo-nedzink_fc_zk.jpg\",\"width\":2160,\"height\":688,\"caption\":\"NedZink\"},\"image\":{\"@id\":\"https:\/\/www.nedzink.com\/pl\/#\/schema\/logo\/image\/\"}}]}<\/script>\n<!-- \/ Yoast SEO plugin. -->","yoast_head_json":{"title":"\u015arodowisko \u2013 NedZink","description":"Zink heeft een natuurlijke plaats in onze kringloop en helpt substantieel bij de verduurzaming van ons leefklimaat. Zink is 100% recyclebaar.","robots":{"index":"index","follow":"follow","max-snippet":"max-snippet:-1","max-image-preview":"max-image-preview:large","max-video-preview":"max-video-preview:-1"},"canonical":"https:\/\/www.nedzink.com\/pl\/srodowisko\/","og_locale":"pl_PL","og_type":"article","og_title":"\u015arodowisko \u2013 NedZink","og_description":"Zink heeft een natuurlijke plaats in onze kringloop en helpt substantieel bij de verduurzaming van ons leefklimaat. Zink is 100% recyclebaar.","og_url":"https:\/\/www.nedzink.com\/pl\/srodowisko\/","og_site_name":"NedZink","article_modified_time":"2020-02-27T12:18:30+00:00","og_image":[{"url":"https:\/\/www.nedzink.com\/wp-content\/uploads\/import\/cms\/userfiles\/images\/iso.jpg","type":"","width":"","height":""}],"twitter_card":"summary_large_image","twitter_misc":{"Szacowany czas czytania":"5 minut"},"schema":{"@context":"https:\/\/schema.org","@graph":[{"@type":"WebPage","@id":"https:\/\/www.nedzink.com\/pl\/srodowisko\/","url":"https:\/\/www.nedzink.com\/pl\/srodowisko\/","name":"\u015arodowisko \u2013 NedZink","isPartOf":{"@id":"https:\/\/www.nedzink.com\/pl\/#website"},"primaryImageOfPage":{"@id":"https:\/\/www.nedzink.com\/pl\/srodowisko\/#primaryimage"},"image":{"@id":"https:\/\/www.nedzink.com\/pl\/srodowisko\/#primaryimage"},"thumbnailUrl":"https:\/\/www.nedzink.com\/wp-content\/uploads\/import\/cms\/userfiles\/images\/iso.jpg","datePublished":"2019-04-09T12:30:41+00:00","dateModified":"2020-02-27T12:18:30+00:00","description":"Zink heeft een natuurlijke plaats in onze kringloop en helpt substantieel bij de verduurzaming van ons leefklimaat. Zink is 100% recyclebaar.","breadcrumb":{"@id":"https:\/\/www.nedzink.com\/pl\/srodowisko\/#breadcrumb"},"inLanguage":"pl-PL","potentialAction":[{"@type":"ReadAction","target":["https:\/\/www.nedzink.com\/pl\/srodowisko\/"]}]},{"@type":"ImageObject","inLanguage":"pl-PL","@id":"https:\/\/www.nedzink.com\/pl\/srodowisko\/#primaryimage","url":"https:\/\/www.nedzink.com\/wp-content\/uploads\/import\/cms\/userfiles\/images\/iso.jpg","contentUrl":"https:\/\/www.nedzink.com\/wp-content\/uploads\/import\/cms\/userfiles\/images\/iso.jpg"},{"@type":"BreadcrumbList","@id":"https:\/\/www.nedzink.com\/pl\/srodowisko\/#breadcrumb","itemListElement":[{"@type":"ListItem","position":1,"name":"Home","item":"https:\/\/www.nedzink.com\/pl\/"},{"@type":"ListItem","position":2,"name":"\u015arodowisko"}]},{"@type":"WebSite","@id":"https:\/\/www.nedzink.com\/pl\/#website","url":"https:\/\/www.nedzink.com\/pl\/","name":"NedZink","description":"Zink fabrikant","publisher":{"@id":"https:\/\/www.nedzink.com\/pl\/#organization"},"potentialAction":[{"@type":"SearchAction","target":{"@type":"EntryPoint","urlTemplate":"https:\/\/www.nedzink.com\/pl\/?s={search_term_string}"},"query-input":{"@type":"PropertyValueSpecification","valueRequired":true,"valueName":"search_term_string"}}],"inLanguage":"pl-PL"},{"@type":"Organization","@id":"https:\/\/www.nedzink.com\/pl\/#organization","name":"NedZink","url":"https:\/\/www.nedzink.com\/pl\/","logo":{"@type":"ImageObject","inLanguage":"pl-PL","@id":"https:\/\/www.nedzink.com\/pl\/#\/schema\/logo\/image\/","url":"https:\/\/www.nedzink.com\/wp-content\/uploads\/2019\/08\/logo-nedzink_fc_zk.jpg","contentUrl":"https:\/\/www.nedzink.com\/wp-content\/uploads\/2019\/08\/logo-nedzink_fc_zk.jpg","width":2160,"height":688,"caption":"NedZink"},"image":{"@id":"https:\/\/www.nedzink.com\/pl\/#\/schema\/logo\/image\/"}}]}},"_links":{"self":[{"href":"https:\/\/www.nedzink.com\/pl\/wp-json\/wp\/v2\/pages\/12304","targetHints":{"allow":["GET"]}}],"collection":[{"href":"https:\/\/www.nedzink.com\/pl\/wp-json\/wp\/v2\/pages"}],"about":[{"href":"https:\/\/www.nedzink.com\/pl\/wp-json\/wp\/v2\/types\/page"}],"author":[{"embeddable":true,"href":"https:\/\/www.nedzink.com\/pl\/wp-json\/wp\/v2\/users\/9"}],"replies":[{"embeddable":true,"href":"https:\/\/www.nedzink.com\/pl\/wp-json\/wp\/v2\/comments?post=12304"}],"version-history":[{"count":0,"href":"https:\/\/www.nedzink.com\/pl\/wp-json\/wp\/v2\/pages\/12304\/revisions"}],"wp:attachment":[{"href":"https:\/\/www.nedzink.com\/pl\/wp-json\/wp\/v2\/media?parent=12304"}],"curies":[{"name":"wp","href":"https:\/\/api.w.org\/{rel}","templated":true}]}}