{"id":12143,"date":"2019-04-09T14:28:00","date_gmt":"2019-04-09T12:28:00","guid":{"rendered":"http:\/\/136.144.181.85\/~nedzink\/rodzaje-powierzchni\/nedzink-nuance-green\/"},"modified":"2019-04-09T14:28:00","modified_gmt":"2019-04-09T12:28:00","slug":"nedzink-nuance-green","status":"publish","type":"page","link":"https:\/\/www.nedzink.com\/pl\/nedzink-nuance-green\/","title":{"rendered":"NedZink NUANCE Green"},"content":{"rendered":"<h2><img decoding=\"async\" alt=\"\" src=\"https:\/\/www.nedzink.com\/wp-content\/uploads\/import\/cms\/userfiles\/images\/products\/nuance-green-hv.jpg\" style=\"width: 121px; height: 121px; float: right;\" \/><\/h2>\n<p style=\"background: white; margin: 6pt 0cm; line-height: 13.5pt;\"><strong><span lang=\"PL\" style=\"color: rgb(68, 68, 68); font-family: &quot;Arial&quot;,sans-serif; font-size: 9.5pt;\">NedZink NUANCE&nbsp;<\/span><\/strong><span lang=\"PL\" style=\"color: rgb(68, 68, 68); font-family: &quot;Arial&quot;,sans-serif; font-size: 9.5pt;\">to patynowany tytan-cynk z dodatkiem niebieskich, czerwonych i zielonych barwnik&oacute;w. Wynikiem s\u0105 optycznie delikatne kolorystyczne cieniowanie oraz dodatkowe zabezpieczenie w postaci patyny, powstaj\u0105cej w skutek chemicznej obr&oacute;bki powierzchniowej.<\/span><\/p>\n<p><strong><span lang=\"PL\" style=\"color: rgb(68, 68, 68); line-height: 115%; font-family: &quot;Arial&quot;,sans-serif; font-size: 9.5pt; mso-fareast-font-family: Calibri; mso-fareast-theme-font: minor-latin; mso-ansi-language: PL; mso-fareast-language: EN-US; mso-bidi-language: AR-SA;\">NedZink NUANCE Green&nbsp;<\/span><\/strong><span lang=\"PL\" style=\"color: rgb(68, 68, 68); line-height: 115%; font-family: &quot;Arial&quot;,sans-serif; font-size: 9.5pt; mso-fareast-font-family: Calibri; mso-fareast-theme-font: minor-latin; mso-ansi-language: PL; mso-fareast-language: EN-US; mso-bidi-language: AR-SA;\">to patynowany tytan-cynk o zielonym odcieniu koloru<\/span>.<\/p>\n<h3>&nbsp;<\/h3>\n<h3>Odcienie daj\u0105 indywidualn\u0105 r&oacute;\u017cnic\u0119!<\/h3>\n<p>NedZink NUANCE podchwytuje aktualne trendy architektoniczne i umo\u017cliwia sw\u0105 subteln\u0105 kolorystyczn\u0105 zjawiskowo\u015bci\u0105 harmonijne po\u0142\u0105czenie lub akcentowane podkre\u015blenie wybranych element&oacute;w budowlanych projektu. Ca\u0142kowicie zgodnie z \u017cyczeniem projektanta! W ten spos&oacute;b zupe\u0142nie \u015bwiadomie przyk\u0142adowo okna, drzwi, elementy fasady, dach&oacute;wki itd. mog\u0105 zosta\u0107 przedstawione w kolorystycznym kontek\u015bcie. Jest to ponowne poszerzenie zakresu realizacji z zastosowaniem produkt&oacute;w NedZink na dachu i fasadzie.<\/p>\n<p><img decoding=\"async\" alt=\"\" src=\"https:\/\/www.nedzink.com\/wp-content\/uploads\/import\/cms\/userfiles\/images\/divers\/2016\/project-blue.jpg\" style=\"width: 283px; height: 121px;\" \/>&nbsp; <img decoding=\"async\" alt=\"\" src=\"https:\/\/www.nedzink.com\/wp-content\/uploads\/import\/cms\/userfiles\/images\/divers\/2016\/project-red.jpg\" style=\"width: 226px; height: 121px;\" \/>&nbsp;&nbsp;<img decoding=\"async\" alt=\"\" src=\"https:\/\/www.nedzink.com\/wp-content\/uploads\/import\/cms\/userfiles\/images\/divers\/2016\/project-green.jpg\" style=\"width: 157px; height: 121px;\" \/><\/p>\n<h3>Opis produktu<\/h3>\n<p>NedZink NUANCE to fabrycznie patynowany NedZink NATUREL, tytan-cynk wg DIN EN 988, stop na bazie elektrolitycznego cynku o stopniu czysto\u015bci min. 99,995 % cynku (Z1 wg DIN EN 1179) z ma\u0142ymi ilo\u015bciami domieszek miedzi, tytanu i aluminium. Przy patynowaniu symuluje si\u0119 w z\u0142o\u017conym chemicznym procesie obr&oacute;bczym tworz\u0105c\u0105 si\u0119 naturalnie w wyniku warunk&oacute;w atmosferycznych patyn\u0119 cynkow\u0105 w zakresie kolorystyki i w\u0142a\u015bciwo\u015bci. Poprzez dodanie barwi\u0105cych pigment&oacute;w powstaj\u0105 trzy powierzchnie: NUANCE Blue, NUANCE Red oraz NUANCE Green. Nie odbywa si\u0119 nak\u0142adanie pow\u0142oki lub lakierowanie. Typowe dla cynku w\u0142a\u015bciwo\u015bci powierzchni pozostaj\u0105 ca\u0142kowicie zachowane. Dodatkowo na\u0142o\u017cona zostaje cienka, tymczasowa warstwa ochronna, chroni\u0105ca optyk\u0119 a\u017c do zako\u0144czenia monta\u017cu przed lekkimi zabrudzeniami jak np. odciskami palc&oacute;w. Pod wp\u0142ywem warunk&oacute;w zewn\u0119trznych warstwa ta zostaje r&oacute;wnomiernie zniesiona. Na \u017cyczenie klienta za dodatkow\u0105 op\u0142at\u0105 na wierzchniej warstwie na\u0142o\u017cona mo\u017ce zosta\u0107 ochronna folia PE zabezpieczaj\u0105ca przed oraz w trakcie monta\u017cu.<\/p>\n<h3>Jako\u015b\u0107 produktu i oznaczenie<\/h3>\n<p>Certyfikacja produktowa i zewn\u0119trzna certyfikacja zarz\u0105dzania jako\u015bci\u0105&nbsp; NedZink wg DIN EN ISO 9001:2008 gwarantuj\u0105 stabilnie wysoki poziom jako\u015bci, kt&oacute;ry w decyduj\u0105cych punktach znacznie przewy\u017csza wymagania normy DIN EN 988.<\/p>\n<p>Sk\u0142ad chemiczny, w\u0142a\u015bciwo\u015bci mechaniczno-technologiczne jak r&oacute;wnie\u017c maksymalnie dopuszczalne tolerancje wymiar&oacute;w NedZink NUANCE wyznaczone s\u0105 w certyfikacie produktu NedZink (LRIQS Approval QIS 122). Przestrzeganie tych w\u0142a\u015bciwo\u015bci materia\u0142owych nadzorowane jest w regularnych odst\u0119pach czasu przez niezale\u017cny, neutralny instytut badawczy Lloyd&rsquo;s Register.<\/p>\n<p>Wszystkie produkty podlegaj\u0105 ci\u0105g\u0142emu ostemplowaniu na ich odwrocie zgodnie z wymogami normy DIN EN 988. Oznaczenie to posiada strza\u0142k\u0119 kierunkow\u0105. Produkty NUANCE powinny by\u0107 zawsze odpowiednio montowane t\u0105 sam\u0105 widoczn\u0105 stron\u0105 na zewn\u0105trz.<\/p>\n<h3>Program dostaw<\/h3>\n<p><img decoding=\"async\" alt=\"\" src=\"https:\/\/www.nedzink.com\/wp-content\/uploads\/import\/cms\/userfiles\/images\/divers\/2016\/tabel-NUANCE-Pools.jpg\" style=\"width: 628px; height: 137px;\" \/><\/p>\n<h3>Mo\u017cliwo\u015bci zastosowa\u0144 i przetwarzanie<\/h3>\n<p>NedZink NUANCE u\u017cywane jest w obszarze wewn\u0119trznym i zewn\u0119trznym we wszelkich estetycznie wymagaj\u0105cych zastosowaniach budowlanych. Nale\u017c\u0105 do nich m.in. ok\u0142adziny fasad, pokrycia dachowe, opierzenia mur&oacute;w oraz ornamenty. R&oacute;\u017cnorodno\u015b\u0107 zastosowa\u0144 niemal\u017ce nie ma granic ze wzgl\u0119du na doskona\u0142e w\u0142a\u015bciwo\u015bci przetwarzania NedZink-u. Wszelkie prace mog\u0105 zosta\u0107 zrealizowane powszechnie stosowanymi narz\u0119dziami i maszynami przez fachowych wykonawc&oacute;w.<\/p>\n<p>NedZink NUANCE jest chemicznie patynowan\u0105 powierzchni\u0105 tytanowo-cynkow\u0105, dlatego te\u017c mo\u017ce si\u0119 ona nieznacznie r&oacute;\u017cni\u0107 zale\u017cnie od partii produkcyjnej. W zwi\u0105zku z tym dla powi\u0105zanych powierzchni nale\u017cy zamawia\u0107 produkty z jednej partii produkcyjnej.<\/p>\n<p>Celem zapewnienia klientowi wysokiej jako\u015bci produktowej NedZink-u przez dziesi\u0119ciolecia od monta\u017cu, konieczne s\u0105 suchy i wentylowany transport i magazynowanie. Folie ochronne nale\u017cy zdj\u0105\u0107 bezpo\u015brednio po monta\u017cu.<\/p>\n<p>Dalsze informacje dotycz\u0105ce programu dostaw i przetwarzania produkt&oacute;w NedZink znajd\u0105 Pa\u0144stwo na naszej stronie internetowej www.nedzink.com.<\/p>\n","protected":false},"excerpt":{"rendered":"<p>NedZink NUANCE&nbsp;to patynowany tytan-cynk z dodatkiem niebieskich, czerwonych i zielonych barwnik&oacute;w. Wynikiem s\u0105 optycznie delikatne kolorystyczne cieniowanie oraz dodatkowe zabezpieczenie w postaci patyny, powstaj\u0105cej w skutek chemicznej obr&oacute;bki powierzchniowej. NedZink NUANCE Green&nbsp;to patynowany tytan-cynk o zielonym odcieniu koloru. &nbsp; Odcienie daj\u0105 indywidualn\u0105 r&oacute;\u017cnic\u0119! NedZink NUANCE podchwytuje aktualne trendy architektoniczne i umo\u017cliwia sw\u0105 subteln\u0105 kolorystyczn\u0105 zjawiskowo\u015bci\u0105 [&hellip;]<\/p>\n","protected":false},"author":9,"featured_media":0,"parent":0,"menu_order":60,"comment_status":"closed","ping_status":"closed","template":"template-import.php","meta":{"_acf_changed":false,"footnotes":""},"class_list":["post-12143","page","type-page","status-publish","hentry"],"acf":[],"yoast_head":"<!-- This site is optimized with the Yoast SEO plugin v26.8 - https:\/\/yoast.com\/product\/yoast-seo-wordpress\/ -->\n<title>NedZink NUANCE Green \u2013 NedZink<\/title>\n<meta name=\"robots\" content=\"index, follow, max-snippet:-1, max-image-preview:large, max-video-preview:-1\" \/>\n<link rel=\"canonical\" href=\"https:\/\/www.nedzink.com\/pl\/nedzink-nuance-green\/\" \/>\n<meta property=\"og:locale\" content=\"pl_PL\" \/>\n<meta property=\"og:type\" content=\"article\" \/>\n<meta property=\"og:title\" content=\"NedZink NUANCE Green \u2013 NedZink\" \/>\n<meta property=\"og:description\" content=\"NedZink NUANCE&nbsp;to patynowany tytan-cynk z dodatkiem niebieskich, czerwonych i zielonych barwnik&oacute;w. Wynikiem s\u0105 optycznie delikatne kolorystyczne cieniowanie oraz dodatkowe zabezpieczenie w postaci patyny, powstaj\u0105cej w skutek chemicznej obr&oacute;bki powierzchniowej. NedZink NUANCE Green&nbsp;to patynowany tytan-cynk o zielonym odcieniu koloru. &nbsp; Odcienie daj\u0105 indywidualn\u0105 r&oacute;\u017cnic\u0119! NedZink NUANCE podchwytuje aktualne trendy architektoniczne i umo\u017cliwia sw\u0105 subteln\u0105 kolorystyczn\u0105 zjawiskowo\u015bci\u0105 [&hellip;]\" \/>\n<meta property=\"og:url\" content=\"https:\/\/www.nedzink.com\/pl\/nedzink-nuance-green\/\" \/>\n<meta property=\"og:site_name\" content=\"NedZink\" \/>\n<meta property=\"og:image\" content=\"https:\/\/www.nedzink.com\/wp-content\/uploads\/import\/cms\/userfiles\/images\/products\/nuance-green-hv.jpg\" \/>\n<meta name=\"twitter:card\" content=\"summary_large_image\" \/>\n<meta name=\"twitter:label1\" content=\"Szacowany czas czytania\" \/>\n\t<meta name=\"twitter:data1\" content=\"3 minuty\" \/>\n<script type=\"application\/ld+json\" class=\"yoast-schema-graph\">{\"@context\":\"https:\/\/schema.org\",\"@graph\":[{\"@type\":\"WebPage\",\"@id\":\"https:\/\/www.nedzink.com\/pl\/nedzink-nuance-green\/\",\"url\":\"https:\/\/www.nedzink.com\/pl\/nedzink-nuance-green\/\",\"name\":\"NedZink NUANCE Green \u2013 NedZink\",\"isPartOf\":{\"@id\":\"https:\/\/www.nedzink.com\/pl\/#website\"},\"primaryImageOfPage\":{\"@id\":\"https:\/\/www.nedzink.com\/pl\/nedzink-nuance-green\/#primaryimage\"},\"image\":{\"@id\":\"https:\/\/www.nedzink.com\/pl\/nedzink-nuance-green\/#primaryimage\"},\"thumbnailUrl\":\"https:\/\/www.nedzink.com\/wp-content\/uploads\/import\/cms\/userfiles\/images\/products\/nuance-green-hv.jpg\",\"datePublished\":\"2019-04-09T12:28:00+00:00\",\"breadcrumb\":{\"@id\":\"https:\/\/www.nedzink.com\/pl\/nedzink-nuance-green\/#breadcrumb\"},\"inLanguage\":\"pl-PL\",\"potentialAction\":[{\"@type\":\"ReadAction\",\"target\":[\"https:\/\/www.nedzink.com\/pl\/nedzink-nuance-green\/\"]}]},{\"@type\":\"ImageObject\",\"inLanguage\":\"pl-PL\",\"@id\":\"https:\/\/www.nedzink.com\/pl\/nedzink-nuance-green\/#primaryimage\",\"url\":\"https:\/\/www.nedzink.com\/wp-content\/uploads\/import\/cms\/userfiles\/images\/products\/nuance-green-hv.jpg\",\"contentUrl\":\"https:\/\/www.nedzink.com\/wp-content\/uploads\/import\/cms\/userfiles\/images\/products\/nuance-green-hv.jpg\"},{\"@type\":\"BreadcrumbList\",\"@id\":\"https:\/\/www.nedzink.com\/pl\/nedzink-nuance-green\/#breadcrumb\",\"itemListElement\":[{\"@type\":\"ListItem\",\"position\":1,\"name\":\"Home\",\"item\":\"https:\/\/www.nedzink.com\/pl\/\"},{\"@type\":\"ListItem\",\"position\":2,\"name\":\"NedZink NUANCE Green\"}]},{\"@type\":\"WebSite\",\"@id\":\"https:\/\/www.nedzink.com\/pl\/#website\",\"url\":\"https:\/\/www.nedzink.com\/pl\/\",\"name\":\"NedZink\",\"description\":\"Zink fabrikant\",\"publisher\":{\"@id\":\"https:\/\/www.nedzink.com\/pl\/#organization\"},\"potentialAction\":[{\"@type\":\"SearchAction\",\"target\":{\"@type\":\"EntryPoint\",\"urlTemplate\":\"https:\/\/www.nedzink.com\/pl\/?s={search_term_string}\"},\"query-input\":{\"@type\":\"PropertyValueSpecification\",\"valueRequired\":true,\"valueName\":\"search_term_string\"}}],\"inLanguage\":\"pl-PL\"},{\"@type\":\"Organization\",\"@id\":\"https:\/\/www.nedzink.com\/pl\/#organization\",\"name\":\"NedZink\",\"url\":\"https:\/\/www.nedzink.com\/pl\/\",\"logo\":{\"@type\":\"ImageObject\",\"inLanguage\":\"pl-PL\",\"@id\":\"https:\/\/www.nedzink.com\/pl\/#\/schema\/logo\/image\/\",\"url\":\"https:\/\/www.nedzink.com\/wp-content\/uploads\/2019\/08\/logo-nedzink_fc_zk.jpg\",\"contentUrl\":\"https:\/\/www.nedzink.com\/wp-content\/uploads\/2019\/08\/logo-nedzink_fc_zk.jpg\",\"width\":2160,\"height\":688,\"caption\":\"NedZink\"},\"image\":{\"@id\":\"https:\/\/www.nedzink.com\/pl\/#\/schema\/logo\/image\/\"}}]}<\/script>\n<!-- \/ Yoast SEO plugin. -->","yoast_head_json":{"title":"NedZink NUANCE Green \u2013 NedZink","robots":{"index":"index","follow":"follow","max-snippet":"max-snippet:-1","max-image-preview":"max-image-preview:large","max-video-preview":"max-video-preview:-1"},"canonical":"https:\/\/www.nedzink.com\/pl\/nedzink-nuance-green\/","og_locale":"pl_PL","og_type":"article","og_title":"NedZink NUANCE Green \u2013 NedZink","og_description":"NedZink NUANCE&nbsp;to patynowany tytan-cynk z dodatkiem niebieskich, czerwonych i zielonych barwnik&oacute;w. Wynikiem s\u0105 optycznie delikatne kolorystyczne cieniowanie oraz dodatkowe zabezpieczenie w postaci patyny, powstaj\u0105cej w skutek chemicznej obr&oacute;bki powierzchniowej. NedZink NUANCE Green&nbsp;to patynowany tytan-cynk o zielonym odcieniu koloru. &nbsp; Odcienie daj\u0105 indywidualn\u0105 r&oacute;\u017cnic\u0119! NedZink NUANCE podchwytuje aktualne trendy architektoniczne i umo\u017cliwia sw\u0105 subteln\u0105 kolorystyczn\u0105 zjawiskowo\u015bci\u0105 [&hellip;]","og_url":"https:\/\/www.nedzink.com\/pl\/nedzink-nuance-green\/","og_site_name":"NedZink","og_image":[{"url":"https:\/\/www.nedzink.com\/wp-content\/uploads\/import\/cms\/userfiles\/images\/products\/nuance-green-hv.jpg","type":"","width":"","height":""}],"twitter_card":"summary_large_image","twitter_misc":{"Szacowany czas czytania":"3 minuty"},"schema":{"@context":"https:\/\/schema.org","@graph":[{"@type":"WebPage","@id":"https:\/\/www.nedzink.com\/pl\/nedzink-nuance-green\/","url":"https:\/\/www.nedzink.com\/pl\/nedzink-nuance-green\/","name":"NedZink NUANCE Green \u2013 NedZink","isPartOf":{"@id":"https:\/\/www.nedzink.com\/pl\/#website"},"primaryImageOfPage":{"@id":"https:\/\/www.nedzink.com\/pl\/nedzink-nuance-green\/#primaryimage"},"image":{"@id":"https:\/\/www.nedzink.com\/pl\/nedzink-nuance-green\/#primaryimage"},"thumbnailUrl":"https:\/\/www.nedzink.com\/wp-content\/uploads\/import\/cms\/userfiles\/images\/products\/nuance-green-hv.jpg","datePublished":"2019-04-09T12:28:00+00:00","breadcrumb":{"@id":"https:\/\/www.nedzink.com\/pl\/nedzink-nuance-green\/#breadcrumb"},"inLanguage":"pl-PL","potentialAction":[{"@type":"ReadAction","target":["https:\/\/www.nedzink.com\/pl\/nedzink-nuance-green\/"]}]},{"@type":"ImageObject","inLanguage":"pl-PL","@id":"https:\/\/www.nedzink.com\/pl\/nedzink-nuance-green\/#primaryimage","url":"https:\/\/www.nedzink.com\/wp-content\/uploads\/import\/cms\/userfiles\/images\/products\/nuance-green-hv.jpg","contentUrl":"https:\/\/www.nedzink.com\/wp-content\/uploads\/import\/cms\/userfiles\/images\/products\/nuance-green-hv.jpg"},{"@type":"BreadcrumbList","@id":"https:\/\/www.nedzink.com\/pl\/nedzink-nuance-green\/#breadcrumb","itemListElement":[{"@type":"ListItem","position":1,"name":"Home","item":"https:\/\/www.nedzink.com\/pl\/"},{"@type":"ListItem","position":2,"name":"NedZink NUANCE Green"}]},{"@type":"WebSite","@id":"https:\/\/www.nedzink.com\/pl\/#website","url":"https:\/\/www.nedzink.com\/pl\/","name":"NedZink","description":"Zink fabrikant","publisher":{"@id":"https:\/\/www.nedzink.com\/pl\/#organization"},"potentialAction":[{"@type":"SearchAction","target":{"@type":"EntryPoint","urlTemplate":"https:\/\/www.nedzink.com\/pl\/?s={search_term_string}"},"query-input":{"@type":"PropertyValueSpecification","valueRequired":true,"valueName":"search_term_string"}}],"inLanguage":"pl-PL"},{"@type":"Organization","@id":"https:\/\/www.nedzink.com\/pl\/#organization","name":"NedZink","url":"https:\/\/www.nedzink.com\/pl\/","logo":{"@type":"ImageObject","inLanguage":"pl-PL","@id":"https:\/\/www.nedzink.com\/pl\/#\/schema\/logo\/image\/","url":"https:\/\/www.nedzink.com\/wp-content\/uploads\/2019\/08\/logo-nedzink_fc_zk.jpg","contentUrl":"https:\/\/www.nedzink.com\/wp-content\/uploads\/2019\/08\/logo-nedzink_fc_zk.jpg","width":2160,"height":688,"caption":"NedZink"},"image":{"@id":"https:\/\/www.nedzink.com\/pl\/#\/schema\/logo\/image\/"}}]}},"_links":{"self":[{"href":"https:\/\/www.nedzink.com\/pl\/wp-json\/wp\/v2\/pages\/12143","targetHints":{"allow":["GET"]}}],"collection":[{"href":"https:\/\/www.nedzink.com\/pl\/wp-json\/wp\/v2\/pages"}],"about":[{"href":"https:\/\/www.nedzink.com\/pl\/wp-json\/wp\/v2\/types\/page"}],"author":[{"embeddable":true,"href":"https:\/\/www.nedzink.com\/pl\/wp-json\/wp\/v2\/users\/9"}],"replies":[{"embeddable":true,"href":"https:\/\/www.nedzink.com\/pl\/wp-json\/wp\/v2\/comments?post=12143"}],"version-history":[{"count":0,"href":"https:\/\/www.nedzink.com\/pl\/wp-json\/wp\/v2\/pages\/12143\/revisions"}],"wp:attachment":[{"href":"https:\/\/www.nedzink.com\/pl\/wp-json\/wp\/v2\/media?parent=12143"}],"curies":[{"name":"wp","href":"https:\/\/api.w.org\/{rel}","templated":true}]}}