{"id":24925,"date":"2019-05-06T16:26:17","date_gmt":"2019-05-06T14:26:17","guid":{"rendered":"http:\/\/136.144.181.85\/~nedzink\/producteigenschappen-titaanzink-2\/lengteverandering-door-temperatuursverschillen\/"},"modified":"2019-08-02T11:34:19","modified_gmt":"2019-08-02T09:34:19","slug":"lengteverandering-door-temperatuurverschillen","status":"publish","type":"page","link":"https:\/\/www.nedzink.com\/nl\/producteigenschappen-titaanzink\/lengteverandering-door-temperatuurverschillen\/","title":{"rendered":"Lengteverandering door temperatuursverschillen"},"content":{"rendered":"[vc_row][vc_column][vc_column_text css=&#8221;.vc_custom_1563535556672{margin-bottom: 0px !important;}&#8221;]<strong>Uitzettingsco\u00ebffici\u00ebnt<\/strong><br \/>\nTitaanzink heeft een vrij grote lineaire uitzettingsco\u00ebffici\u00ebnt namelijk: 22\u00d710-6 m\/mK<\/p>\n<p>Tot op heden werd in de vakliteratuur steeds gesproken over het uitzetten van zink. Beter is het om te spreken van een thermisch werkgebied. Het zink zal immers uitzetten en krimpen.<\/p>\n<p>Voorbeeld:<br \/>\nEen goot met een lengte van 8 meter wordt bij kamertemperatuur van 15\u00b0 C aangebracht. De T bedraagt 100 K. De maximale uitzetting in de zomer bedraagt 11,44 mm. De maximale krimp in de winter bedraagt 6,16 mm Het totale thermische werkgebied voor deze goot is 17,6 mm.<\/p>\n<p>De totale grootte van het thermisch werkgebied mag niet meer dan 20 mm bedragen. Bij een groter werkgebied moet in de constructie een expansiemogelijkheid worden ingebouwd.<\/p>\n<p>&nbsp;<\/p>\n<p><strong>Expansievoorziening<\/strong><br \/>\nTitaanzink heeft een lineaire uitzettingsco\u00ebffici\u00ebnt van 22\u00d710-6 m\/mK. Bij het bepalen of een expansievoorziening noodzakelijk is, wordt uitgegaan van een temperatuursverschil van 100 K. Men rekent hierbij op een temperatuur van minimaal -20\u00b0C in de winter en maximaal +80\u00b0C in de zomer. Bij een verwerkingstemperatuur van bijvoorbeeld 20\u00b0C heeft dan 60\u00b0C betrekking op het uitzetten en 40\u00b0C betrekking op het krimpen van het materiaal.<\/p>\n<p>De te nemen maatregelen kunnen dan worden bepaald middels de berekeningen. Om een onbelemmerde verlenging\/verkorting te garanderen is een expansievoorziening soms noodzakelijk.<\/p>\n<p>Bij goten worden geheel zinken expansievoorzieningen toegepast of rubberexpansies. Bij een geheel zinken expansiestuk worden expansieschotten in de goot geplaatst en afgedekt met een expansieschot. Een rubber expansiestuk bestaat uit een rubber expansiegedeelte met aan weerszijde een zinken deel. De zinken delen worden in de goot gesoldeerd. Waar en wanneer een expansiestuk moet worden toegepast is opgenomen in onderstaande tabel.<\/p>\n[\/vc_column_text][\/vc_column][\/vc_row][vc_row][vc_column][vc_column_text css=&#8221;.vc_custom_1563535472141{margin-bottom: 0px !important;}&#8221;]\n<table class=\"overzicht\" style=\"table-layout: fixed; border-collapse: collapse;\">\n<tbody>\n<tr>\n<th style=\"background-color: #b6b6b6 !important;\" colspan=\"6\">GOOT IN BAK<\/th>\n<\/tr>\n<tr>\n<td colspan=\"2\"><\/td>\n<th style=\"text-align: center !important;\" colspan=\"4\">MAX. AFSTAND IN METERS TUSSEN 2 EXPANSIE STUKKEN<\/th>\n<\/tr>\n<tr>\n<td><\/td>\n<th>Max. gootlengte in meters zonder expansiestuk<\/th>\n<th style=\"text-align: center !important;\" colspan=\"2\">ONTWIKKELDE BREEDTE VAN DE GOOT &lt; 550MM<\/th>\n<th style=\"text-align: center !important;\" colspan=\"2\">ONTWIKKELDE BREEDTE VAN DE GOOT &gt; 550MM<\/th>\n<\/tr>\n<tr>\n<td>2 vrije uiteinden<\/td>\n<td style=\"text-align: center !important;\">12<\/td>\n<td style=\"text-align: center !important;\">12<\/td>\n<td style=\"text-align: center !important;\">9<\/td>\n<td style=\"text-align: center !important;\">9<\/td>\n<td style=\"text-align: center !important;\">6<\/td>\n<\/tr>\n<tr>\n<td>1 vrij uiteinde<\/td>\n<td style=\"text-align: center !important;\">6<\/td>\n<td style=\"text-align: center !important;\">6<\/td>\n<td style=\"text-align: center !important;\">4,5<\/td>\n<td style=\"text-align: center !important;\">4,5<\/td>\n<td style=\"text-align: center !important;\">3<\/td>\n<\/tr>\n<\/tbody>\n<\/table>\n<table class=\"overzicht\" style=\"table-layout: fixed; border-collapse: collapse;\">\n<tbody>\n<tr>\n<th style=\"background-color: #b6b6b6 !important;\" colspan=\"6\">GOOT IN BEUGEL<\/th>\n<\/tr>\n<tr>\n<td colspan=\"2\"><\/td>\n<th style=\"text-align: center !important;\" colspan=\"4\">MAX. AFSTAND IN METERS TUSSEN 2 EXPANSIE STUKKEN<\/th>\n<\/tr>\n<tr>\n<td><\/td>\n<th>Max. gootlengte in meters zonder expansiestuk<\/th>\n<th style=\"text-align: center !important;\" colspan=\"2\">ONTWIKKELDE BREEDTE VAN DE GOOT &lt; 550MM<\/th>\n<th style=\"text-align: center !important;\" colspan=\"2\">ONTWIKKELDE BREEDTE VAN DE GOOT &gt; 550MM<\/th>\n<\/tr>\n<tr>\n<td>2 vrije uiteinden<\/td>\n<td style=\"text-align: center !important;\">18<\/td>\n<td style=\"text-align: center !important;\">18<\/td>\n<td style=\"text-align: center !important;\">12<\/td>\n<td style=\"text-align: center !important;\">12<\/td>\n<td style=\"text-align: center !important;\">9<\/td>\n<\/tr>\n<tr>\n<td>1 vrij uiteinde<\/td>\n<td style=\"text-align: center !important;\">9<\/td>\n<td style=\"text-align: center !important;\">9<\/td>\n<td style=\"text-align: center !important;\">6<\/td>\n<td style=\"text-align: center !important;\">6<\/td>\n<td style=\"text-align: center !important;\">4,5<\/td>\n<\/tr>\n<\/tbody>\n<\/table>\n[\/vc_column_text][\/vc_column][\/vc_row]\n","protected":false},"excerpt":{"rendered":"<p>[vc_row][vc_column][vc_column_text css=&#8221;.vc_custom_1563535556672{margin-bottom: 0px !important;}&#8221;]Uitzettingsco\u00ebffici\u00ebnt Titaanzink heeft een vrij grote lineaire uitzettingsco\u00ebffici\u00ebnt namelijk: 22\u00d710-6 m\/mK Tot op heden werd in de vakliteratuur steeds gesproken over het uitzetten van zink. Beter is het om te spreken van een thermisch werkgebied. Het zink zal immers uitzetten en krimpen. Voorbeeld: Een goot met een lengte van 8 meter wordt [&hellip;]<\/p>\n","protected":false},"author":9,"featured_media":0,"parent":24855,"menu_order":490,"comment_status":"closed","ping_status":"closed","template":"template-import.php","meta":{"_acf_changed":false,"footnotes":""},"class_list":["post-24925","page","type-page","status-publish","hentry"],"acf":[],"yoast_head":"<!-- This site is optimized with the Yoast SEO plugin v26.8 - https:\/\/yoast.com\/product\/yoast-seo-wordpress\/ -->\n<title>Lengteverandering door temperatuurverschillen - NedZink<\/title>\n<meta name=\"description\" content=\"Uitzettingsco\u00ebffici\u00ebnt van titaanzink en het (eventueel) gebruiken van een expansievoorziening, lees er meer over op onze website.\" \/>\n<meta name=\"robots\" content=\"index, follow, max-snippet:-1, max-image-preview:large, max-video-preview:-1\" \/>\n<link rel=\"canonical\" href=\"https:\/\/www.nedzink.com\/nl\/producteigenschappen-titaanzink\/lengteverandering-door-temperatuurverschillen\/\" \/>\n<meta property=\"og:locale\" content=\"nl_NL\" \/>\n<meta property=\"og:type\" content=\"article\" \/>\n<meta property=\"og:title\" content=\"Lengteverandering door temperatuurverschillen - NedZink\" \/>\n<meta property=\"og:description\" content=\"Uitzettingsco\u00ebffici\u00ebnt van titaanzink en het (eventueel) gebruiken van een expansievoorziening, lees er meer over op onze website.\" \/>\n<meta property=\"og:url\" content=\"https:\/\/www.nedzink.com\/nl\/producteigenschappen-titaanzink\/lengteverandering-door-temperatuurverschillen\/\" \/>\n<meta property=\"og:site_name\" content=\"NedZink\" \/>\n<meta property=\"article:modified_time\" content=\"2019-08-02T09:34:19+00:00\" \/>\n<meta name=\"twitter:card\" content=\"summary_large_image\" \/>\n<meta name=\"twitter:label1\" content=\"Geschatte leestijd\" \/>\n\t<meta name=\"twitter:data1\" content=\"2 minuten\" \/>\n<script type=\"application\/ld+json\" class=\"yoast-schema-graph\">{\"@context\":\"https:\/\/schema.org\",\"@graph\":[{\"@type\":\"WebPage\",\"@id\":\"https:\/\/www.nedzink.com\/nl\/producteigenschappen-titaanzink\/lengteverandering-door-temperatuurverschillen\/\",\"url\":\"https:\/\/www.nedzink.com\/nl\/producteigenschappen-titaanzink\/lengteverandering-door-temperatuurverschillen\/\",\"name\":\"Lengteverandering door temperatuurverschillen - NedZink\",\"isPartOf\":{\"@id\":\"https:\/\/www.nedzink.com\/nl\/#website\"},\"datePublished\":\"2019-05-06T14:26:17+00:00\",\"dateModified\":\"2019-08-02T09:34:19+00:00\",\"description\":\"Uitzettingsco\u00ebffici\u00ebnt van titaanzink en het (eventueel) gebruiken van een expansievoorziening, lees er meer over op onze website.\",\"breadcrumb\":{\"@id\":\"https:\/\/www.nedzink.com\/nl\/producteigenschappen-titaanzink\/lengteverandering-door-temperatuurverschillen\/#breadcrumb\"},\"inLanguage\":\"nl-NL\",\"potentialAction\":[{\"@type\":\"ReadAction\",\"target\":[\"https:\/\/www.nedzink.com\/nl\/producteigenschappen-titaanzink\/lengteverandering-door-temperatuurverschillen\/\"]}]},{\"@type\":\"BreadcrumbList\",\"@id\":\"https:\/\/www.nedzink.com\/nl\/producteigenschappen-titaanzink\/lengteverandering-door-temperatuurverschillen\/#breadcrumb\",\"itemListElement\":[{\"@type\":\"ListItem\",\"position\":1,\"name\":\"Home\",\"item\":\"https:\/\/www.nedzink.com\/nl\/\"},{\"@type\":\"ListItem\",\"position\":2,\"name\":\"Producteigenschappen Titaanzink\",\"item\":\"https:\/\/www.nedzink.com\/nl\/producteigenschappen-titaanzink\/\"},{\"@type\":\"ListItem\",\"position\":3,\"name\":\"Lengteverandering door temperatuursverschillen\"}]},{\"@type\":\"WebSite\",\"@id\":\"https:\/\/www.nedzink.com\/nl\/#website\",\"url\":\"https:\/\/www.nedzink.com\/nl\/\",\"name\":\"NedZink\",\"description\":\"Zink fabrikant\",\"publisher\":{\"@id\":\"https:\/\/www.nedzink.com\/nl\/#organization\"},\"potentialAction\":[{\"@type\":\"SearchAction\",\"target\":{\"@type\":\"EntryPoint\",\"urlTemplate\":\"https:\/\/www.nedzink.com\/nl\/?s={search_term_string}\"},\"query-input\":{\"@type\":\"PropertyValueSpecification\",\"valueRequired\":true,\"valueName\":\"search_term_string\"}}],\"inLanguage\":\"nl-NL\"},{\"@type\":\"Organization\",\"@id\":\"https:\/\/www.nedzink.com\/nl\/#organization\",\"name\":\"NedZink\",\"url\":\"https:\/\/www.nedzink.com\/nl\/\",\"logo\":{\"@type\":\"ImageObject\",\"inLanguage\":\"nl-NL\",\"@id\":\"https:\/\/www.nedzink.com\/nl\/#\/schema\/logo\/image\/\",\"url\":\"https:\/\/www.nedzink.com\/wp-content\/uploads\/2019\/08\/logo-nedzink_fc_zk.jpg\",\"contentUrl\":\"https:\/\/www.nedzink.com\/wp-content\/uploads\/2019\/08\/logo-nedzink_fc_zk.jpg\",\"width\":2160,\"height\":688,\"caption\":\"NedZink\"},\"image\":{\"@id\":\"https:\/\/www.nedzink.com\/nl\/#\/schema\/logo\/image\/\"}}]}<\/script>\n<!-- \/ Yoast SEO plugin. -->","yoast_head_json":{"title":"Lengteverandering door temperatuurverschillen - NedZink","description":"Uitzettingsco\u00ebffici\u00ebnt van titaanzink en het (eventueel) gebruiken van een expansievoorziening, lees er meer over op onze website.","robots":{"index":"index","follow":"follow","max-snippet":"max-snippet:-1","max-image-preview":"max-image-preview:large","max-video-preview":"max-video-preview:-1"},"canonical":"https:\/\/www.nedzink.com\/nl\/producteigenschappen-titaanzink\/lengteverandering-door-temperatuurverschillen\/","og_locale":"nl_NL","og_type":"article","og_title":"Lengteverandering door temperatuurverschillen - NedZink","og_description":"Uitzettingsco\u00ebffici\u00ebnt van titaanzink en het (eventueel) gebruiken van een expansievoorziening, lees er meer over op onze website.","og_url":"https:\/\/www.nedzink.com\/nl\/producteigenschappen-titaanzink\/lengteverandering-door-temperatuurverschillen\/","og_site_name":"NedZink","article_modified_time":"2019-08-02T09:34:19+00:00","twitter_card":"summary_large_image","twitter_misc":{"Geschatte leestijd":"2 minuten"},"schema":{"@context":"https:\/\/schema.org","@graph":[{"@type":"WebPage","@id":"https:\/\/www.nedzink.com\/nl\/producteigenschappen-titaanzink\/lengteverandering-door-temperatuurverschillen\/","url":"https:\/\/www.nedzink.com\/nl\/producteigenschappen-titaanzink\/lengteverandering-door-temperatuurverschillen\/","name":"Lengteverandering door temperatuurverschillen - NedZink","isPartOf":{"@id":"https:\/\/www.nedzink.com\/nl\/#website"},"datePublished":"2019-05-06T14:26:17+00:00","dateModified":"2019-08-02T09:34:19+00:00","description":"Uitzettingsco\u00ebffici\u00ebnt van titaanzink en het (eventueel) gebruiken van een expansievoorziening, lees er meer over op onze website.","breadcrumb":{"@id":"https:\/\/www.nedzink.com\/nl\/producteigenschappen-titaanzink\/lengteverandering-door-temperatuurverschillen\/#breadcrumb"},"inLanguage":"nl-NL","potentialAction":[{"@type":"ReadAction","target":["https:\/\/www.nedzink.com\/nl\/producteigenschappen-titaanzink\/lengteverandering-door-temperatuurverschillen\/"]}]},{"@type":"BreadcrumbList","@id":"https:\/\/www.nedzink.com\/nl\/producteigenschappen-titaanzink\/lengteverandering-door-temperatuurverschillen\/#breadcrumb","itemListElement":[{"@type":"ListItem","position":1,"name":"Home","item":"https:\/\/www.nedzink.com\/nl\/"},{"@type":"ListItem","position":2,"name":"Producteigenschappen Titaanzink","item":"https:\/\/www.nedzink.com\/nl\/producteigenschappen-titaanzink\/"},{"@type":"ListItem","position":3,"name":"Lengteverandering door temperatuursverschillen"}]},{"@type":"WebSite","@id":"https:\/\/www.nedzink.com\/nl\/#website","url":"https:\/\/www.nedzink.com\/nl\/","name":"NedZink","description":"Zink fabrikant","publisher":{"@id":"https:\/\/www.nedzink.com\/nl\/#organization"},"potentialAction":[{"@type":"SearchAction","target":{"@type":"EntryPoint","urlTemplate":"https:\/\/www.nedzink.com\/nl\/?s={search_term_string}"},"query-input":{"@type":"PropertyValueSpecification","valueRequired":true,"valueName":"search_term_string"}}],"inLanguage":"nl-NL"},{"@type":"Organization","@id":"https:\/\/www.nedzink.com\/nl\/#organization","name":"NedZink","url":"https:\/\/www.nedzink.com\/nl\/","logo":{"@type":"ImageObject","inLanguage":"nl-NL","@id":"https:\/\/www.nedzink.com\/nl\/#\/schema\/logo\/image\/","url":"https:\/\/www.nedzink.com\/wp-content\/uploads\/2019\/08\/logo-nedzink_fc_zk.jpg","contentUrl":"https:\/\/www.nedzink.com\/wp-content\/uploads\/2019\/08\/logo-nedzink_fc_zk.jpg","width":2160,"height":688,"caption":"NedZink"},"image":{"@id":"https:\/\/www.nedzink.com\/nl\/#\/schema\/logo\/image\/"}}]}},"_links":{"self":[{"href":"https:\/\/www.nedzink.com\/nl\/wp-json\/wp\/v2\/pages\/24925","targetHints":{"allow":["GET"]}}],"collection":[{"href":"https:\/\/www.nedzink.com\/nl\/wp-json\/wp\/v2\/pages"}],"about":[{"href":"https:\/\/www.nedzink.com\/nl\/wp-json\/wp\/v2\/types\/page"}],"author":[{"embeddable":true,"href":"https:\/\/www.nedzink.com\/nl\/wp-json\/wp\/v2\/users\/9"}],"replies":[{"embeddable":true,"href":"https:\/\/www.nedzink.com\/nl\/wp-json\/wp\/v2\/comments?post=24925"}],"version-history":[{"count":0,"href":"https:\/\/www.nedzink.com\/nl\/wp-json\/wp\/v2\/pages\/24925\/revisions"}],"up":[{"embeddable":true,"href":"https:\/\/www.nedzink.com\/nl\/wp-json\/wp\/v2\/pages\/24855"}],"wp:attachment":[{"href":"https:\/\/www.nedzink.com\/nl\/wp-json\/wp\/v2\/media?parent=24925"}],"curies":[{"name":"wp","href":"https:\/\/api.w.org\/{rel}","templated":true}]}}