{"id":12286,"date":"2019-04-09T14:30:04","date_gmt":"2019-04-09T12:30:04","guid":{"rendered":"http:\/\/136.144.181.85\/~nedzink\/producten\/buizen\/"},"modified":"2021-08-30T14:57:20","modified_gmt":"2021-08-30T12:57:20","slug":"buizen","status":"publish","type":"page","link":"https:\/\/www.nedzink.com\/nl\/producten\/buizen\/","title":{"rendered":"NedZink Buizen"},"content":{"rendered":"[vc_row][vc_column width=&#8221;2\/3&#8243;][vc_column_text css=&#8221;.vc_custom_1612874668999{margin-bottom: 0px !important;}&#8221;]\n<table class=\"table table-striped\">\n<thead>\n<tr>\n<th style=\"min-width: 120px;\">Omschrijving<\/th>\n<th style=\"width: 80px;\">Verpakkings-<br \/>\naantal<\/th>\n<th style=\"width: 80px;\">Verpakkings-<br \/>\neenheid<\/th>\n<\/tr>\n<\/thead>\n<tbody>\n<tr>\n<td>Zn Buis \u00d8 60 mm 2000 x 0,65 mm, NATUREL<\/td>\n<td>740<\/td>\n<td>m<\/td>\n<\/tr>\n<tr>\n<td>Zn Buis \u00d8 80 mm 3000 x 0,65 mm, NATUREL<\/td>\n<td>450<\/td>\n<td>m<\/td>\n<\/tr>\n<tr>\n<td>Zn Buis \u00d8 80 mm 2000 x 0,65 mm, NATUREL<\/td>\n<td>300<\/td>\n<td>m<\/td>\n<\/tr>\n<tr>\n<td>Zn Buis \u00d8 80 mm 1000 x 0,65 mm, NATUREL<\/td>\n<td>300<\/td>\n<td>m<\/td>\n<\/tr>\n<tr>\n<td>Zn Buis \u00d8 100 mm 3000 x 0,65 mm, NATUREL<\/td>\n<td>300<\/td>\n<td>m<\/td>\n<\/tr>\n<tr>\n<td>Zn Buis \u00d8 100 mm 2000 x 0,65 mm, NATUREL<\/td>\n<td>200<\/td>\n<td>m<\/td>\n<\/tr>\n<tr>\n<td>Zn Buis \u00d8 100 mm 1000 x 0,65 mm, NATUREL<\/td>\n<td>200<\/td>\n<td>m<\/td>\n<\/tr>\n<tr>\n<td>Zn Buis \u00d8 80 mm 3000 x 0,65 mm, NATUREL<\/td>\n<td>429<\/td>\n<td>m<\/td>\n<\/tr>\n<tr>\n<td>Zn Buis \u00d8 80 mm 2000 x 0,65 mm, NATUREL<\/td>\n<td>286<\/td>\n<td>m<\/td>\n<\/tr>\n<tr>\n<td>Zn Buis \u00d8 80 mm 3000 x 0,70 mm, NATUREL<\/td>\n<td>429<\/td>\n<td>m<\/td>\n<\/tr>\n<tr>\n<td>Zn Buis \u00d8 80 mm 2000 x 0,70 mm, NATUREL<\/td>\n<td>286<\/td>\n<td>m<\/td>\n<\/tr>\n<tr>\n<td>Zn Buis \u00d8 80 mm 1000 x 0,70 mm, NATUREL<\/td>\n<td>143<\/td>\n<td>m<\/td>\n<\/tr>\n<\/tbody>\n<\/table>\n[\/vc_column_text][\/vc_column][vc_column width=&#8221;1\/3&#8243;][vc_single_image image=&#8221;36133&#8243; img_size=&#8221;full&#8221;][\/vc_column][\/vc_row][vc_row][vc_column width=&#8221;2\/3&#8243;][vc_column_text css=&#8221;.vc_custom_1612874741624{margin-bottom: 0px !important;}&#8221;]\n<table class=\"table table-striped\" style=\"height: 192px;\">\n<thead>\n<tr style=\"height: 48px;\">\n<th style=\"min-width: 120px; height: 48px;\">Omschrijving<\/th>\n<th style=\"width: 80px; height: 48px;\">Verpakkings-<br \/>\naantal<\/th>\n<th style=\"width: 80px; height: 48px;\">Verpakkings-<br \/>\neenheid<\/th>\n<\/tr>\n<\/thead>\n<tbody>\n<tr style=\"height: 24px;\">\n<td style=\"height: 24px;\">Zn Buis \u00d8 80 mm 3000 x 0,70\u00a0mm, NOVA<\/td>\n<td style=\"height: 24px;\">450<\/td>\n<td style=\"height: 24px;\">m<\/td>\n<\/tr>\n<tr style=\"height: 24px;\">\n<td style=\"height: 24px;\">Zn Buis \u00d8 80 mm 2000 x 0,70\u00a0mm, NOVA<\/td>\n<td style=\"height: 24px;\">300<\/td>\n<td style=\"height: 24px;\">m<\/td>\n<\/tr>\n<tr style=\"height: 24px;\">\n<td style=\"height: 24px;\">Zn Buis \u00d8 100 mm 3000 x 0,70\u00a0mm, NOVA<\/td>\n<td style=\"height: 24px;\">300<\/td>\n<td style=\"height: 24px;\">m<\/td>\n<\/tr>\n<tr style=\"height: 24px;\">\n<td style=\"height: 24px;\">\u00a0Zn Buis \u00d8 100 mm 2000 x 0,70 mm, NOVA<\/td>\n<td style=\"height: 24px;\">200<\/td>\n<td style=\"height: 24px;\">m<\/td>\n<\/tr>\n<tr style=\"height: 24px;\">\n<td style=\"height: 24px;\">\u00a0Zn Buis \u00d8 80 mm 2000 x 0,70 mm, NOVA<\/td>\n<td style=\"height: 24px;\">286<\/td>\n<td style=\"height: 24px;\">m<\/td>\n<\/tr>\n<tr style=\"height: 24px;\">\n<td style=\"height: 24px;\">\u00a0Zn Buis \u00d8 100 mm 2000 x 0,70 mm, NOVA<\/td>\n<td style=\"height: 24px;\">220<\/td>\n<td style=\"height: 24px;\">m<\/td>\n<\/tr>\n<\/tbody>\n<\/table>\n[\/vc_column_text][vc_column_text css=&#8221;.vc_custom_1612874805410{margin-bottom: 0px !important;}&#8221;]\n<table class=\"table table-striped\" style=\"height: 120px;\">\n<thead>\n<tr style=\"height: 48px;\">\n<th style=\"min-width: 120px; height: 48px;\">Omschrijving<\/th>\n<th style=\"width: 80px; height: 48px;\">Verpakkings-<br \/>\naantal<\/th>\n<th style=\"width: 80px; height: 48px;\">Verpakkings-<br \/>\neenheid<\/th>\n<\/tr>\n<\/thead>\n<tbody>\n<tr style=\"height: 24px;\">\n<td style=\"height: 24px;\">Zn Buis \u00d8 80 mm 2000 x 0,70\u00a0mm, NOIR<\/td>\n<td style=\"height: 24px;\">300<\/td>\n<td style=\"height: 24px;\">m<\/td>\n<\/tr>\n<tr style=\"height: 24px;\">\n<td style=\"height: 24px;\">Zn Buis \u00d8 100 mm 2000 x 0,70\u00a0mm, NOIR<\/td>\n<td style=\"height: 24px;\">200<\/td>\n<td style=\"height: 24px;\">m<\/td>\n<\/tr>\n<tr style=\"height: 24px;\">\n<td style=\"height: 24px;\">Zn Buis \u00d8 100 mm 2000 x 0,70 mm, NOIR<\/td>\n<td style=\"height: 24px;\">220<\/td>\n<td style=\"height: 24px;\">m<\/td>\n<\/tr>\n<\/tbody>\n<\/table>\n[\/vc_column_text][vc_column_text css=&#8221;.vc_custom_1630328235135{margin-bottom: 0px !important;}&#8221;]Bekijk meer informatie over <a href=\"https:\/\/www.nedzink.com\/nl\/hemelwaterafvoer\/afvoerbuizen\/\">HWA buizen<\/a>[\/vc_column_text][\/vc_column][\/vc_row]\n","protected":false},"excerpt":{"rendered":"<p>[vc_row][vc_column width=&#8221;2\/3&#8243;][vc_column_text css=&#8221;.vc_custom_1612874668999{margin-bottom: 0px !important;}&#8221;] Omschrijving Verpakkings- aantal Verpakkings- eenheid Zn Buis \u00d8 60 mm 2000 x 0,65 mm, NATUREL 740 m Zn Buis \u00d8 80 mm 3000 x 0,65 mm, NATUREL 450 m Zn Buis \u00d8 80 mm 2000 x 0,65 mm, NATUREL 300 m Zn Buis \u00d8 80 mm 1000 x 0,65 mm, [&hellip;]<\/p>\n","protected":false},"author":9,"featured_media":0,"parent":12429,"menu_order":901700,"comment_status":"closed","ping_status":"closed","template":"template-import.php","meta":{"_acf_changed":false,"footnotes":""},"class_list":["post-12286","page","type-page","status-publish","hentry"],"acf":[],"yoast_head":"<!-- This site is optimized with the Yoast SEO plugin v26.8 - https:\/\/yoast.com\/product\/yoast-seo-wordpress\/ -->\n<title>Zinken buizen, bekijk alle specificaties online - NedZink<\/title>\n<meta name=\"description\" content=\"Zinken buizen zijn verkrijgbaar in diverse kleuren, maten en uitvoeringen. Bekijk ons gehele assortiment op onze website.\" \/>\n<meta name=\"robots\" content=\"index, follow, max-snippet:-1, max-image-preview:large, max-video-preview:-1\" \/>\n<link rel=\"canonical\" href=\"https:\/\/www.nedzink.com\/nl\/producten\/buizen\/\" \/>\n<meta property=\"og:locale\" content=\"nl_NL\" \/>\n<meta property=\"og:type\" content=\"article\" \/>\n<meta property=\"og:title\" content=\"Zinken buizen, bekijk alle specificaties online - NedZink\" \/>\n<meta property=\"og:description\" content=\"Zinken buizen zijn verkrijgbaar in diverse kleuren, maten en uitvoeringen. Bekijk ons gehele assortiment op onze website.\" \/>\n<meta property=\"og:url\" content=\"https:\/\/www.nedzink.com\/nl\/producten\/buizen\/\" \/>\n<meta property=\"og:site_name\" content=\"NedZink\" \/>\n<meta property=\"article:modified_time\" content=\"2021-08-30T12:57:20+00:00\" \/>\n<meta name=\"twitter:card\" content=\"summary_large_image\" \/>\n<meta name=\"twitter:label1\" content=\"Geschatte leestijd\" \/>\n\t<meta name=\"twitter:data1\" content=\"2 minuten\" \/>\n<script type=\"application\/ld+json\" class=\"yoast-schema-graph\">{\"@context\":\"https:\/\/schema.org\",\"@graph\":[{\"@type\":\"WebPage\",\"@id\":\"https:\/\/www.nedzink.com\/nl\/producten\/buizen\/\",\"url\":\"https:\/\/www.nedzink.com\/nl\/producten\/buizen\/\",\"name\":\"Zinken buizen, bekijk alle specificaties online - NedZink\",\"isPartOf\":{\"@id\":\"https:\/\/www.nedzink.com\/nl\/#website\"},\"datePublished\":\"2019-04-09T12:30:04+00:00\",\"dateModified\":\"2021-08-30T12:57:20+00:00\",\"description\":\"Zinken buizen zijn verkrijgbaar in diverse kleuren, maten en uitvoeringen. Bekijk ons gehele assortiment op onze website.\",\"breadcrumb\":{\"@id\":\"https:\/\/www.nedzink.com\/nl\/producten\/buizen\/#breadcrumb\"},\"inLanguage\":\"nl-NL\",\"potentialAction\":[{\"@type\":\"ReadAction\",\"target\":[\"https:\/\/www.nedzink.com\/nl\/producten\/buizen\/\"]}]},{\"@type\":\"BreadcrumbList\",\"@id\":\"https:\/\/www.nedzink.com\/nl\/producten\/buizen\/#breadcrumb\",\"itemListElement\":[{\"@type\":\"ListItem\",\"position\":1,\"name\":\"Home\",\"item\":\"https:\/\/www.nedzink.com\/nl\/\"},{\"@type\":\"ListItem\",\"position\":2,\"name\":\"Producten\",\"item\":\"https:\/\/www.nedzink.com\/nl\/producten\/\"},{\"@type\":\"ListItem\",\"position\":3,\"name\":\"NedZink Buizen\"}]},{\"@type\":\"WebSite\",\"@id\":\"https:\/\/www.nedzink.com\/nl\/#website\",\"url\":\"https:\/\/www.nedzink.com\/nl\/\",\"name\":\"NedZink\",\"description\":\"Zink fabrikant\",\"publisher\":{\"@id\":\"https:\/\/www.nedzink.com\/nl\/#organization\"},\"potentialAction\":[{\"@type\":\"SearchAction\",\"target\":{\"@type\":\"EntryPoint\",\"urlTemplate\":\"https:\/\/www.nedzink.com\/nl\/?s={search_term_string}\"},\"query-input\":{\"@type\":\"PropertyValueSpecification\",\"valueRequired\":true,\"valueName\":\"search_term_string\"}}],\"inLanguage\":\"nl-NL\"},{\"@type\":\"Organization\",\"@id\":\"https:\/\/www.nedzink.com\/nl\/#organization\",\"name\":\"NedZink\",\"url\":\"https:\/\/www.nedzink.com\/nl\/\",\"logo\":{\"@type\":\"ImageObject\",\"inLanguage\":\"nl-NL\",\"@id\":\"https:\/\/www.nedzink.com\/nl\/#\/schema\/logo\/image\/\",\"url\":\"https:\/\/www.nedzink.com\/wp-content\/uploads\/2019\/08\/logo-nedzink_fc_zk.jpg\",\"contentUrl\":\"https:\/\/www.nedzink.com\/wp-content\/uploads\/2019\/08\/logo-nedzink_fc_zk.jpg\",\"width\":2160,\"height\":688,\"caption\":\"NedZink\"},\"image\":{\"@id\":\"https:\/\/www.nedzink.com\/nl\/#\/schema\/logo\/image\/\"}}]}<\/script>\n<!-- \/ Yoast SEO plugin. -->","yoast_head_json":{"title":"Zinken buizen, bekijk alle specificaties online - NedZink","description":"Zinken buizen zijn verkrijgbaar in diverse kleuren, maten en uitvoeringen. Bekijk ons gehele assortiment op onze website.","robots":{"index":"index","follow":"follow","max-snippet":"max-snippet:-1","max-image-preview":"max-image-preview:large","max-video-preview":"max-video-preview:-1"},"canonical":"https:\/\/www.nedzink.com\/nl\/producten\/buizen\/","og_locale":"nl_NL","og_type":"article","og_title":"Zinken buizen, bekijk alle specificaties online - NedZink","og_description":"Zinken buizen zijn verkrijgbaar in diverse kleuren, maten en uitvoeringen. Bekijk ons gehele assortiment op onze website.","og_url":"https:\/\/www.nedzink.com\/nl\/producten\/buizen\/","og_site_name":"NedZink","article_modified_time":"2021-08-30T12:57:20+00:00","twitter_card":"summary_large_image","twitter_misc":{"Geschatte leestijd":"2 minuten"},"schema":{"@context":"https:\/\/schema.org","@graph":[{"@type":"WebPage","@id":"https:\/\/www.nedzink.com\/nl\/producten\/buizen\/","url":"https:\/\/www.nedzink.com\/nl\/producten\/buizen\/","name":"Zinken buizen, bekijk alle specificaties online - NedZink","isPartOf":{"@id":"https:\/\/www.nedzink.com\/nl\/#website"},"datePublished":"2019-04-09T12:30:04+00:00","dateModified":"2021-08-30T12:57:20+00:00","description":"Zinken buizen zijn verkrijgbaar in diverse kleuren, maten en uitvoeringen. Bekijk ons gehele assortiment op onze website.","breadcrumb":{"@id":"https:\/\/www.nedzink.com\/nl\/producten\/buizen\/#breadcrumb"},"inLanguage":"nl-NL","potentialAction":[{"@type":"ReadAction","target":["https:\/\/www.nedzink.com\/nl\/producten\/buizen\/"]}]},{"@type":"BreadcrumbList","@id":"https:\/\/www.nedzink.com\/nl\/producten\/buizen\/#breadcrumb","itemListElement":[{"@type":"ListItem","position":1,"name":"Home","item":"https:\/\/www.nedzink.com\/nl\/"},{"@type":"ListItem","position":2,"name":"Producten","item":"https:\/\/www.nedzink.com\/nl\/producten\/"},{"@type":"ListItem","position":3,"name":"NedZink Buizen"}]},{"@type":"WebSite","@id":"https:\/\/www.nedzink.com\/nl\/#website","url":"https:\/\/www.nedzink.com\/nl\/","name":"NedZink","description":"Zink fabrikant","publisher":{"@id":"https:\/\/www.nedzink.com\/nl\/#organization"},"potentialAction":[{"@type":"SearchAction","target":{"@type":"EntryPoint","urlTemplate":"https:\/\/www.nedzink.com\/nl\/?s={search_term_string}"},"query-input":{"@type":"PropertyValueSpecification","valueRequired":true,"valueName":"search_term_string"}}],"inLanguage":"nl-NL"},{"@type":"Organization","@id":"https:\/\/www.nedzink.com\/nl\/#organization","name":"NedZink","url":"https:\/\/www.nedzink.com\/nl\/","logo":{"@type":"ImageObject","inLanguage":"nl-NL","@id":"https:\/\/www.nedzink.com\/nl\/#\/schema\/logo\/image\/","url":"https:\/\/www.nedzink.com\/wp-content\/uploads\/2019\/08\/logo-nedzink_fc_zk.jpg","contentUrl":"https:\/\/www.nedzink.com\/wp-content\/uploads\/2019\/08\/logo-nedzink_fc_zk.jpg","width":2160,"height":688,"caption":"NedZink"},"image":{"@id":"https:\/\/www.nedzink.com\/nl\/#\/schema\/logo\/image\/"}}]}},"_links":{"self":[{"href":"https:\/\/www.nedzink.com\/nl\/wp-json\/wp\/v2\/pages\/12286","targetHints":{"allow":["GET"]}}],"collection":[{"href":"https:\/\/www.nedzink.com\/nl\/wp-json\/wp\/v2\/pages"}],"about":[{"href":"https:\/\/www.nedzink.com\/nl\/wp-json\/wp\/v2\/types\/page"}],"author":[{"embeddable":true,"href":"https:\/\/www.nedzink.com\/nl\/wp-json\/wp\/v2\/users\/9"}],"replies":[{"embeddable":true,"href":"https:\/\/www.nedzink.com\/nl\/wp-json\/wp\/v2\/comments?post=12286"}],"version-history":[{"count":0,"href":"https:\/\/www.nedzink.com\/nl\/wp-json\/wp\/v2\/pages\/12286\/revisions"}],"up":[{"embeddable":true,"href":"https:\/\/www.nedzink.com\/nl\/wp-json\/wp\/v2\/pages\/12429"}],"wp:attachment":[{"href":"https:\/\/www.nedzink.com\/nl\/wp-json\/wp\/v2\/media?parent=12286"}],"curies":[{"name":"wp","href":"https:\/\/api.w.org\/{rel}","templated":true}]}}