{"id":24930,"date":"2019-05-06T16:26:18","date_gmt":"2019-05-06T14:26:18","guid":{"rendered":"http:\/\/136.144.181.85\/~nedzink\/producteigenschappen-titaanzink-3\/lengteverandering-door-temperatuursverschillen\/"},"modified":"2020-02-27T11:09:00","modified_gmt":"2020-02-27T10:09:00","slug":"lengteverandering-door-temperatuursverschillen","status":"publish","type":"page","link":"https:\/\/www.nedzink.com\/nl-be\/producteigenschappen-titaanzink-3\/lengteverandering-door-temperatuursverschillen\/","title":{"rendered":"Lengteverandering door temperatuursverschillen"},"content":{"rendered":"[vc_row][vc_column][vc_column_text css=&#8221;.vc_custom_1582798125390{margin-bottom: 0px !important;}&#8221;]\n<div>\n<div class=\"contentStyle\" style=\"margin: 10px 0px 10px 0px;\">\n<h3>1.6.1 Uitzettingsco\u00ebffici\u00ebnt<\/h3>\n<p>Titaanzink heeft een vrij grote lineaire uitzettingsco\u00ebffici\u00ebnt namelijk: 22&#215;10-6 m\/mK<\/p>\n<p>Tot op heden werd in de vakliteratuur steeds gesproken over het uitzetten van zink. Beter is het om te spreken van een thermisch werkgebied. Het zink zal immers uitzetten en krimpen.<\/p>\n<p>Voorbeeld:<br \/>\nEen goot met een lengte van 8 meter wordt bij kamertemperatuur van 15\u00b0 C aangebracht.<br \/>\nDe\u00a0 T bedraagt 100 K. De maximale uitzetting in de zomer bedraagt 11,44 mm.<br \/>\nDe maximale krimp in de winter bedraagt 6,16 mm.<br \/>\nHet totale thermische werkgebied voor deze goot is 17,6 mm.<\/p>\n<p>De totale grootte van het thermisch werkgebied mag niet meer dan 20 mm bedragen. Bij een groter werkgebied moet in de constructie een expansiemogelijkheid worden ingebouwd.<\/p>\n<h3>1.6.2 Expansievoorziening<\/h3>\n<p>Titaanzink heeft een lineaire uitzettingsco\u00ebffici\u00ebnt van 22&#215;10-6 m\/mK. Bij het bepalen of een expansie-voorziening noodzakelijk is, wordt uitgegaan van een temperatuursverschil van 100 K. Men rekent hierbij op een temperatuur van minimaal -20\u00b0C in de winter en maximaal +80\u00b0C in de zomer. Bij een verwerkingstemperatuur van bijvoorbeeld 20\u00b0C heeft dan 60\u00b0C betrekking op het uitzetten en 40\u00b0C betrekking op het krimpen van het materiaal.<\/p>\n<p>De te nemen maatregelen kunnen dan worden bepaald middels de berekeningen. Om een onbelemmerde verlenging\/verkorting\u00a0 te garanderen is een expansievoorziening soms noodzakelijk.<\/p>\n<p>Bij goten worden geheel zinken expansievoorzieningen toegepast of rubberexpansies. Bij een geheel zinken expansiestuk worden expansieschotten in de goot geplaatst en afgedekt met een expansieschot. Een rubber expansiestuk bestaat uit een rubber expansiegedeelte met aan weerszijde een zinken deel. De zinken delen worden in de goot gesoldeerd. Waar en wanneer een expansiestuk moet worden toegepast is opgenomen in onderstaande tabel.<\/p>\n<p>Tabel:<\/p>\n<table style=\"width: 95%;\" border=\"0\" cellspacing=\"1\" cellpadding=\"1\" align=\"middle\">\n<tbody>\n<tr>\n<th>Gootuitvoering<\/th>\n<th>Max. gootlengte<br \/>\nin meters zonder<br \/>\nexpansiestuk<\/th>\n<th colspan=\"4\">Max. afstand<br \/>\nin meters tussen<br \/>\n2 expansie stukken<\/th>\n<\/tr>\n<tr>\n<td><\/td>\n<td><\/td>\n<th colspan=\"2\">Ontwikkelde breedte van<br \/>\nde goot <u>&lt;<\/u> 550mm<\/th>\n<th colspan=\"2\">Ontwikkelde breedte van<br \/>\nde goot &gt;\u00a0550mm<\/th>\n<\/tr>\n<tr>\n<th><u>Goot in bak<\/u><\/th>\n<td><\/td>\n<td><span class=\" h4r\">mechanische expansie<\/span><\/td>\n<td><span class=\" h4r\">rubberen expansie<\/span><\/td>\n<td><span class=\" h4r\">mechanische expansie<\/span><\/td>\n<td><span class=\" h4r\">rubberen expansie<\/span><\/td>\n<\/tr>\n<tr>\n<td>2 vrije uiteinden<\/td>\n<td>\n<p align=\"center\">12<\/p>\n<\/td>\n<td>\n<p align=\"center\">12<\/p>\n<\/td>\n<td>\n<p align=\"center\">9<\/p>\n<\/td>\n<td>\n<p align=\"center\">9<\/p>\n<\/td>\n<td>\n<p align=\"center\">6<\/p>\n<\/td>\n<\/tr>\n<tr>\n<td>1 vrij uiteinde<\/td>\n<td>\n<p align=\"center\">6<\/p>\n<\/td>\n<td>\n<p align=\"center\">6<\/p>\n<\/td>\n<td>\n<p align=\"center\">4,5<\/p>\n<\/td>\n<td>\n<p align=\"center\">4,5<\/p>\n<\/td>\n<td>\n<p align=\"center\">3<\/p>\n<\/td>\n<\/tr>\n<tr>\n<th><u>Goot in beugel<\/u><\/th>\n<td><\/td>\n<td><\/td>\n<td><\/td>\n<td><\/td>\n<td><\/td>\n<\/tr>\n<tr>\n<td>2 vrije uiteinden<\/td>\n<td>\n<p align=\"center\">18<\/p>\n<\/td>\n<td>\n<p align=\"center\">18<\/p>\n<\/td>\n<td>\n<p align=\"center\">12<\/p>\n<\/td>\n<td>\n<p align=\"center\">12<\/p>\n<\/td>\n<td>\n<p align=\"center\">9<\/p>\n<\/td>\n<\/tr>\n<tr>\n<td>1 vrij uiteinde<\/td>\n<td>\n<p align=\"center\">9<\/p>\n<\/td>\n<td>\n<p align=\"center\">9<\/p>\n<\/td>\n<td>\n<p align=\"center\">6<\/p>\n<\/td>\n<td>\n<p align=\"center\">6<\/p>\n<\/td>\n<td>\n<p align=\"center\">4,5<\/p>\n<\/td>\n<\/tr>\n<\/tbody>\n<\/table>\n<\/div>\n<\/div>\n[\/vc_column_text][\/vc_column][\/vc_row]\n","protected":false},"excerpt":{"rendered":"<p>[vc_row][vc_column][vc_column_text css=&#8221;.vc_custom_1582798125390{margin-bottom: 0px !important;}&#8221;] 1.6.1 Uitzettingsco\u00ebffici\u00ebnt Titaanzink heeft een vrij grote lineaire uitzettingsco\u00ebffici\u00ebnt namelijk: 22&#215;10-6 m\/mK Tot op heden werd in de vakliteratuur steeds gesproken over het uitzetten van zink. Beter is het om te spreken van een thermisch werkgebied. Het zink zal immers uitzetten en krimpen. Voorbeeld: Een goot met een lengte van 8 [&hellip;]<\/p>\n","protected":false},"author":9,"featured_media":0,"parent":24860,"menu_order":490,"comment_status":"closed","ping_status":"closed","template":"template-import.php","meta":{"_acf_changed":false,"footnotes":""},"class_list":["post-24930","page","type-page","status-publish","hentry"],"acf":[],"yoast_head":"<!-- This site is optimized with the Yoast SEO plugin v26.8 - https:\/\/yoast.com\/product\/yoast-seo-wordpress\/ -->\n<title>Lengteverandering door temperatuursverschillen - NedZink<\/title>\n<meta name=\"description\" content=\"Lees op onze website meer over het uitzettingsco\u00ebffici\u00ebnt van titaanzink en het (eventueel) gebruiken van een expansievoorziening.\" \/>\n<meta name=\"robots\" content=\"index, follow, max-snippet:-1, max-image-preview:large, max-video-preview:-1\" \/>\n<link rel=\"canonical\" href=\"https:\/\/www.nedzink.com\/nl-be\/producteigenschappen-titaanzink-3\/lengteverandering-door-temperatuursverschillen\/\" \/>\n<meta property=\"og:locale\" content=\"nl_BE\" \/>\n<meta property=\"og:type\" content=\"article\" \/>\n<meta property=\"og:title\" content=\"Lengteverandering door temperatuursverschillen - NedZink\" \/>\n<meta property=\"og:description\" content=\"Lees op onze website meer over het uitzettingsco\u00ebffici\u00ebnt van titaanzink en het (eventueel) gebruiken van een expansievoorziening.\" \/>\n<meta property=\"og:url\" content=\"https:\/\/www.nedzink.com\/nl-be\/producteigenschappen-titaanzink-3\/lengteverandering-door-temperatuursverschillen\/\" \/>\n<meta property=\"og:site_name\" content=\"NedZink\" \/>\n<meta property=\"article:modified_time\" content=\"2020-02-27T10:09:00+00:00\" \/>\n<meta name=\"twitter:card\" content=\"summary_large_image\" \/>\n<meta name=\"twitter:label1\" content=\"Geschatte leestijd\" \/>\n\t<meta name=\"twitter:data1\" content=\"2 minuten\" \/>\n<script type=\"application\/ld+json\" class=\"yoast-schema-graph\">{\"@context\":\"https:\/\/schema.org\",\"@graph\":[{\"@type\":\"WebPage\",\"@id\":\"https:\/\/www.nedzink.com\/nl-be\/producteigenschappen-titaanzink-3\/lengteverandering-door-temperatuursverschillen\/\",\"url\":\"https:\/\/www.nedzink.com\/nl-be\/producteigenschappen-titaanzink-3\/lengteverandering-door-temperatuursverschillen\/\",\"name\":\"Lengteverandering door temperatuursverschillen - NedZink\",\"isPartOf\":{\"@id\":\"https:\/\/www.nedzink.com\/nl-be\/#website\"},\"datePublished\":\"2019-05-06T14:26:18+00:00\",\"dateModified\":\"2020-02-27T10:09:00+00:00\",\"description\":\"Lees op onze website meer over het uitzettingsco\u00ebffici\u00ebnt van titaanzink en het (eventueel) gebruiken van een expansievoorziening.\",\"breadcrumb\":{\"@id\":\"https:\/\/www.nedzink.com\/nl-be\/producteigenschappen-titaanzink-3\/lengteverandering-door-temperatuursverschillen\/#breadcrumb\"},\"inLanguage\":\"nl-BE\",\"potentialAction\":[{\"@type\":\"ReadAction\",\"target\":[\"https:\/\/www.nedzink.com\/nl-be\/producteigenschappen-titaanzink-3\/lengteverandering-door-temperatuursverschillen\/\"]}]},{\"@type\":\"BreadcrumbList\",\"@id\":\"https:\/\/www.nedzink.com\/nl-be\/producteigenschappen-titaanzink-3\/lengteverandering-door-temperatuursverschillen\/#breadcrumb\",\"itemListElement\":[{\"@type\":\"ListItem\",\"position\":1,\"name\":\"Home\",\"item\":\"https:\/\/www.nedzink.com\/nl-be\/\"},{\"@type\":\"ListItem\",\"position\":2,\"name\":\"Producteigenschappen Titaanzink\",\"item\":\"https:\/\/www.nedzink.com\/nl-be\/producteigenschappen-titaanzink-3\/\"},{\"@type\":\"ListItem\",\"position\":3,\"name\":\"Lengteverandering door temperatuursverschillen\"}]},{\"@type\":\"WebSite\",\"@id\":\"https:\/\/www.nedzink.com\/nl-be\/#website\",\"url\":\"https:\/\/www.nedzink.com\/nl-be\/\",\"name\":\"NedZink\",\"description\":\"Zink fabrikant\",\"publisher\":{\"@id\":\"https:\/\/www.nedzink.com\/nl-be\/#organization\"},\"potentialAction\":[{\"@type\":\"SearchAction\",\"target\":{\"@type\":\"EntryPoint\",\"urlTemplate\":\"https:\/\/www.nedzink.com\/nl-be\/?s={search_term_string}\"},\"query-input\":{\"@type\":\"PropertyValueSpecification\",\"valueRequired\":true,\"valueName\":\"search_term_string\"}}],\"inLanguage\":\"nl-BE\"},{\"@type\":\"Organization\",\"@id\":\"https:\/\/www.nedzink.com\/nl-be\/#organization\",\"name\":\"NedZink\",\"url\":\"https:\/\/www.nedzink.com\/nl-be\/\",\"logo\":{\"@type\":\"ImageObject\",\"inLanguage\":\"nl-BE\",\"@id\":\"https:\/\/www.nedzink.com\/nl-be\/#\/schema\/logo\/image\/\",\"url\":\"https:\/\/www.nedzink.com\/wp-content\/uploads\/2019\/08\/logo-nedzink_fc_zk.jpg\",\"contentUrl\":\"https:\/\/www.nedzink.com\/wp-content\/uploads\/2019\/08\/logo-nedzink_fc_zk.jpg\",\"width\":2160,\"height\":688,\"caption\":\"NedZink\"},\"image\":{\"@id\":\"https:\/\/www.nedzink.com\/nl-be\/#\/schema\/logo\/image\/\"}}]}<\/script>\n<!-- \/ Yoast SEO plugin. -->","yoast_head_json":{"title":"Lengteverandering door temperatuursverschillen - NedZink","description":"Lees op onze website meer over het uitzettingsco\u00ebffici\u00ebnt van titaanzink en het (eventueel) gebruiken van een expansievoorziening.","robots":{"index":"index","follow":"follow","max-snippet":"max-snippet:-1","max-image-preview":"max-image-preview:large","max-video-preview":"max-video-preview:-1"},"canonical":"https:\/\/www.nedzink.com\/nl-be\/producteigenschappen-titaanzink-3\/lengteverandering-door-temperatuursverschillen\/","og_locale":"nl_BE","og_type":"article","og_title":"Lengteverandering door temperatuursverschillen - NedZink","og_description":"Lees op onze website meer over het uitzettingsco\u00ebffici\u00ebnt van titaanzink en het (eventueel) gebruiken van een expansievoorziening.","og_url":"https:\/\/www.nedzink.com\/nl-be\/producteigenschappen-titaanzink-3\/lengteverandering-door-temperatuursverschillen\/","og_site_name":"NedZink","article_modified_time":"2020-02-27T10:09:00+00:00","twitter_card":"summary_large_image","twitter_misc":{"Geschatte leestijd":"2 minuten"},"schema":{"@context":"https:\/\/schema.org","@graph":[{"@type":"WebPage","@id":"https:\/\/www.nedzink.com\/nl-be\/producteigenschappen-titaanzink-3\/lengteverandering-door-temperatuursverschillen\/","url":"https:\/\/www.nedzink.com\/nl-be\/producteigenschappen-titaanzink-3\/lengteverandering-door-temperatuursverschillen\/","name":"Lengteverandering door temperatuursverschillen - NedZink","isPartOf":{"@id":"https:\/\/www.nedzink.com\/nl-be\/#website"},"datePublished":"2019-05-06T14:26:18+00:00","dateModified":"2020-02-27T10:09:00+00:00","description":"Lees op onze website meer over het uitzettingsco\u00ebffici\u00ebnt van titaanzink en het (eventueel) gebruiken van een expansievoorziening.","breadcrumb":{"@id":"https:\/\/www.nedzink.com\/nl-be\/producteigenschappen-titaanzink-3\/lengteverandering-door-temperatuursverschillen\/#breadcrumb"},"inLanguage":"nl-BE","potentialAction":[{"@type":"ReadAction","target":["https:\/\/www.nedzink.com\/nl-be\/producteigenschappen-titaanzink-3\/lengteverandering-door-temperatuursverschillen\/"]}]},{"@type":"BreadcrumbList","@id":"https:\/\/www.nedzink.com\/nl-be\/producteigenschappen-titaanzink-3\/lengteverandering-door-temperatuursverschillen\/#breadcrumb","itemListElement":[{"@type":"ListItem","position":1,"name":"Home","item":"https:\/\/www.nedzink.com\/nl-be\/"},{"@type":"ListItem","position":2,"name":"Producteigenschappen Titaanzink","item":"https:\/\/www.nedzink.com\/nl-be\/producteigenschappen-titaanzink-3\/"},{"@type":"ListItem","position":3,"name":"Lengteverandering door temperatuursverschillen"}]},{"@type":"WebSite","@id":"https:\/\/www.nedzink.com\/nl-be\/#website","url":"https:\/\/www.nedzink.com\/nl-be\/","name":"NedZink","description":"Zink fabrikant","publisher":{"@id":"https:\/\/www.nedzink.com\/nl-be\/#organization"},"potentialAction":[{"@type":"SearchAction","target":{"@type":"EntryPoint","urlTemplate":"https:\/\/www.nedzink.com\/nl-be\/?s={search_term_string}"},"query-input":{"@type":"PropertyValueSpecification","valueRequired":true,"valueName":"search_term_string"}}],"inLanguage":"nl-BE"},{"@type":"Organization","@id":"https:\/\/www.nedzink.com\/nl-be\/#organization","name":"NedZink","url":"https:\/\/www.nedzink.com\/nl-be\/","logo":{"@type":"ImageObject","inLanguage":"nl-BE","@id":"https:\/\/www.nedzink.com\/nl-be\/#\/schema\/logo\/image\/","url":"https:\/\/www.nedzink.com\/wp-content\/uploads\/2019\/08\/logo-nedzink_fc_zk.jpg","contentUrl":"https:\/\/www.nedzink.com\/wp-content\/uploads\/2019\/08\/logo-nedzink_fc_zk.jpg","width":2160,"height":688,"caption":"NedZink"},"image":{"@id":"https:\/\/www.nedzink.com\/nl-be\/#\/schema\/logo\/image\/"}}]}},"_links":{"self":[{"href":"https:\/\/www.nedzink.com\/nl-be\/wp-json\/wp\/v2\/pages\/24930","targetHints":{"allow":["GET"]}}],"collection":[{"href":"https:\/\/www.nedzink.com\/nl-be\/wp-json\/wp\/v2\/pages"}],"about":[{"href":"https:\/\/www.nedzink.com\/nl-be\/wp-json\/wp\/v2\/types\/page"}],"author":[{"embeddable":true,"href":"https:\/\/www.nedzink.com\/nl-be\/wp-json\/wp\/v2\/users\/9"}],"replies":[{"embeddable":true,"href":"https:\/\/www.nedzink.com\/nl-be\/wp-json\/wp\/v2\/comments?post=24930"}],"version-history":[{"count":0,"href":"https:\/\/www.nedzink.com\/nl-be\/wp-json\/wp\/v2\/pages\/24930\/revisions"}],"up":[{"embeddable":true,"href":"https:\/\/www.nedzink.com\/nl-be\/wp-json\/wp\/v2\/pages\/24860"}],"wp:attachment":[{"href":"https:\/\/www.nedzink.com\/nl-be\/wp-json\/wp\/v2\/media?parent=24930"}],"curies":[{"name":"wp","href":"https:\/\/api.w.org\/{rel}","templated":true}]}}