{"id":12222,"date":"2019-04-09T14:29:57","date_gmt":"2019-04-09T12:29:57","guid":{"rendered":"http:\/\/136.144.181.85\/~nedzink\/%ec%a0%9c%ed%92%88\/%ec%8b%9c%ed%8a%b8\/"},"modified":"2024-03-04T15:27:42","modified_gmt":"2024-03-04T14:27:42","slug":"%ec%8b%9c%ed%8a%b8","status":"publish","type":"page","link":"https:\/\/www.nedzink.com\/ko\/%ec%a0%9c%ed%92%88\/%ec%8b%9c%ed%8a%b8\/","title":{"rendered":"\uc2dc\ud2b8"},"content":{"rendered":"[vc_row][vc_column][vc_column_text css=&#8221;.vc_custom_1709562434657{margin-bottom: 0px !important;}&#8221;]<img decoding=\"async\" style=\"width: 300px; float: right; height: 109px;\" src=\"https:\/\/www.nedzink.com\/wp-content\/uploads\/import\/cms\/userfiles\/images\/products\/blad%201.jpg\" alt=\"\" \/><\/p>\n<table border=\"0\" cellspacing=\"0\" cellpadding=\"0\">\n<tbody>\n<tr>\n<td style=\"width: 95px; height: 20px;\">\ud45c\uc900\ud06c\uae30:<\/td>\n<td style=\"width: 294px; height: 20px;\">1000&#215;2000 mm<\/p>\n<p>1000&#215;2250 mm<\/p>\n<p>1000&#215;3000 mm<\/td>\n<\/tr>\n<tr>\n<td style=\"width: 95px; height: 20px;\">\uc7ac\ub8cc\ub450\uaed8:<\/td>\n<td style=\"width: 294px; height: 20px;\">0,60 &#8211; 0,65 \u2013 0,70 \u2013 0,80 \u2013 1,00 mm<\/td>\n<\/tr>\n<tr>\n<td style=\"width: 95px; height: 20px;\">\ud3ec\uc7a5:<\/td>\n<td style=\"width: 294px; height: 20px;\">\uc57d. 1000 kg\uc758 \ud314\ub808\ud2b8\uc5d0 \ud3ec\uc7a5<\/td>\n<\/tr>\n<\/tbody>\n<\/table>\n<p><span style=\"font-size: 10px;\"><em>\uae30\ud0c0\uc0ac\uc774\uc988\uc640\ub450\uaed8\ub294\uc694\uccad\ud55c\ub300\ub85c<\/em><\/span>[\/vc_column_text][\/vc_column][\/vc_row]\n","protected":false},"excerpt":{"rendered":"<p>[vc_row][vc_column][vc_column_text css=&#8221;.vc_custom_1709562434657{margin-bottom: 0px !important;}&#8221;] \ud45c\uc900\ud06c\uae30: 1000&#215;2000 mm 1000&#215;2250 mm 1000&#215;3000 mm \uc7ac\ub8cc\ub450\uaed8: 0,60 &#8211; 0,65 \u2013 0,70 \u2013 0,80 \u2013 1,00 mm \ud3ec\uc7a5: \uc57d. 1000 kg\uc758 \ud314\ub808\ud2b8\uc5d0 \ud3ec\uc7a5 \uae30\ud0c0\uc0ac\uc774\uc988\uc640\ub450\uaed8\ub294\uc694\uccad\ud55c\ub300\ub85c[\/vc_column_text][\/vc_column][\/vc_row]<\/p>\n","protected":false},"author":9,"featured_media":0,"parent":12202,"menu_order":270,"comment_status":"closed","ping_status":"closed","template":"template-import.php","meta":{"_acf_changed":false,"footnotes":""},"class_list":["post-12222","page","type-page","status-publish","hentry"],"acf":[],"yoast_head":"<!-- This site is optimized with the Yoast SEO plugin v26.8 - https:\/\/yoast.com\/product\/yoast-seo-wordpress\/ -->\n<title>\uc2dc\ud2b8 \u2013 NedZink<\/title>\n<meta name=\"description\" content=\"\u2022 Handelsafmetingen: 1000\u00d72000 mm - 1000\u00d72250 mm - 1000\u00d73000 mm \u2022 Materiaaldikte: 0,65 \u2013 0,70 \u2013 0,80 \u2013 1,00 mm \u2022 Overige maten en diktes zijn op aanvraag.\" \/>\n<meta name=\"robots\" content=\"index, follow, max-snippet:-1, max-image-preview:large, max-video-preview:-1\" \/>\n<link rel=\"canonical\" href=\"https:\/\/www.nedzink.com\/ko\/%ec%a0%9c%ed%92%88\/%ec%8b%9c%ed%8a%b8\/\" \/>\n<meta property=\"og:locale\" content=\"ko_KR\" \/>\n<meta property=\"og:type\" content=\"article\" \/>\n<meta property=\"og:title\" content=\"\uc2dc\ud2b8 \u2013 NedZink\" \/>\n<meta property=\"og:description\" content=\"\u2022 Handelsafmetingen: 1000\u00d72000 mm - 1000\u00d72250 mm - 1000\u00d73000 mm \u2022 Materiaaldikte: 0,65 \u2013 0,70 \u2013 0,80 \u2013 1,00 mm \u2022 Overige maten en diktes zijn op aanvraag.\" \/>\n<meta property=\"og:url\" content=\"https:\/\/www.nedzink.com\/ko\/%ec%a0%9c%ed%92%88\/%ec%8b%9c%ed%8a%b8\/\" \/>\n<meta property=\"og:site_name\" content=\"NedZink\" \/>\n<meta property=\"article:modified_time\" content=\"2024-03-04T14:27:42+00:00\" \/>\n<meta property=\"og:image\" content=\"https:\/\/www.nedzink.com\/wp-content\/uploads\/import\/cms\/userfiles\/images\/products\/blad%201.jpg\" \/>\n<meta name=\"twitter:card\" content=\"summary_large_image\" \/>\n<meta name=\"twitter:label1\" content=\"\uc608\uc0c1 \ub418\ub294 \ud310\ub3c5 \uc2dc\uac04\" \/>\n\t<meta name=\"twitter:data1\" content=\"1\ubd84\" \/>\n<script type=\"application\/ld+json\" class=\"yoast-schema-graph\">{\"@context\":\"https:\/\/schema.org\",\"@graph\":[{\"@type\":\"WebPage\",\"@id\":\"https:\/\/www.nedzink.com\/ko\/%ec%a0%9c%ed%92%88\/%ec%8b%9c%ed%8a%b8\/\",\"url\":\"https:\/\/www.nedzink.com\/ko\/%ec%a0%9c%ed%92%88\/%ec%8b%9c%ed%8a%b8\/\",\"name\":\"\uc2dc\ud2b8 \u2013 NedZink\",\"isPartOf\":{\"@id\":\"https:\/\/www.nedzink.com\/ko\/#website\"},\"primaryImageOfPage\":{\"@id\":\"https:\/\/www.nedzink.com\/ko\/%ec%a0%9c%ed%92%88\/%ec%8b%9c%ed%8a%b8\/#primaryimage\"},\"image\":{\"@id\":\"https:\/\/www.nedzink.com\/ko\/%ec%a0%9c%ed%92%88\/%ec%8b%9c%ed%8a%b8\/#primaryimage\"},\"thumbnailUrl\":\"https:\/\/www.nedzink.com\/wp-content\/uploads\/import\/cms\/userfiles\/images\/products\/blad%201.jpg\",\"datePublished\":\"2019-04-09T12:29:57+00:00\",\"dateModified\":\"2024-03-04T14:27:42+00:00\",\"description\":\"\u2022 Handelsafmetingen: 1000\u00d72000 mm - 1000\u00d72250 mm - 1000\u00d73000 mm \u2022 Materiaaldikte: 0,65 \u2013 0,70 \u2013 0,80 \u2013 1,00 mm \u2022 Overige maten en diktes zijn op aanvraag.\",\"breadcrumb\":{\"@id\":\"https:\/\/www.nedzink.com\/ko\/%ec%a0%9c%ed%92%88\/%ec%8b%9c%ed%8a%b8\/#breadcrumb\"},\"inLanguage\":\"ko-KR\",\"potentialAction\":[{\"@type\":\"ReadAction\",\"target\":[\"https:\/\/www.nedzink.com\/ko\/%ec%a0%9c%ed%92%88\/%ec%8b%9c%ed%8a%b8\/\"]}]},{\"@type\":\"ImageObject\",\"inLanguage\":\"ko-KR\",\"@id\":\"https:\/\/www.nedzink.com\/ko\/%ec%a0%9c%ed%92%88\/%ec%8b%9c%ed%8a%b8\/#primaryimage\",\"url\":\"https:\/\/www.nedzink.com\/wp-content\/uploads\/import\/cms\/userfiles\/images\/products\/blad%201.jpg\",\"contentUrl\":\"https:\/\/www.nedzink.com\/wp-content\/uploads\/import\/cms\/userfiles\/images\/products\/blad%201.jpg\"},{\"@type\":\"BreadcrumbList\",\"@id\":\"https:\/\/www.nedzink.com\/ko\/%ec%a0%9c%ed%92%88\/%ec%8b%9c%ed%8a%b8\/#breadcrumb\",\"itemListElement\":[{\"@type\":\"ListItem\",\"position\":1,\"name\":\"Home\",\"item\":\"https:\/\/www.nedzink.com\/ko\/\"},{\"@type\":\"ListItem\",\"position\":2,\"name\":\"\uc81c\ud488\",\"item\":\"https:\/\/www.nedzink.com\/ko\/%ec%a0%9c%ed%92%88\/\"},{\"@type\":\"ListItem\",\"position\":3,\"name\":\"\uc2dc\ud2b8\"}]},{\"@type\":\"WebSite\",\"@id\":\"https:\/\/www.nedzink.com\/ko\/#website\",\"url\":\"https:\/\/www.nedzink.com\/ko\/\",\"name\":\"NedZink\",\"description\":\"Zink fabrikant\",\"publisher\":{\"@id\":\"https:\/\/www.nedzink.com\/ko\/#organization\"},\"potentialAction\":[{\"@type\":\"SearchAction\",\"target\":{\"@type\":\"EntryPoint\",\"urlTemplate\":\"https:\/\/www.nedzink.com\/ko\/?s={search_term_string}\"},\"query-input\":{\"@type\":\"PropertyValueSpecification\",\"valueRequired\":true,\"valueName\":\"search_term_string\"}}],\"inLanguage\":\"ko-KR\"},{\"@type\":\"Organization\",\"@id\":\"https:\/\/www.nedzink.com\/ko\/#organization\",\"name\":\"NedZink\",\"url\":\"https:\/\/www.nedzink.com\/ko\/\",\"logo\":{\"@type\":\"ImageObject\",\"inLanguage\":\"ko-KR\",\"@id\":\"https:\/\/www.nedzink.com\/ko\/#\/schema\/logo\/image\/\",\"url\":\"https:\/\/www.nedzink.com\/wp-content\/uploads\/2019\/08\/logo-nedzink_fc_zk.jpg\",\"contentUrl\":\"https:\/\/www.nedzink.com\/wp-content\/uploads\/2019\/08\/logo-nedzink_fc_zk.jpg\",\"width\":2160,\"height\":688,\"caption\":\"NedZink\"},\"image\":{\"@id\":\"https:\/\/www.nedzink.com\/ko\/#\/schema\/logo\/image\/\"}}]}<\/script>\n<!-- \/ Yoast SEO plugin. -->","yoast_head_json":{"title":"\uc2dc\ud2b8 \u2013 NedZink","description":"\u2022 Handelsafmetingen: 1000\u00d72000 mm - 1000\u00d72250 mm - 1000\u00d73000 mm \u2022 Materiaaldikte: 0,65 \u2013 0,70 \u2013 0,80 \u2013 1,00 mm \u2022 Overige maten en diktes zijn op aanvraag.","robots":{"index":"index","follow":"follow","max-snippet":"max-snippet:-1","max-image-preview":"max-image-preview:large","max-video-preview":"max-video-preview:-1"},"canonical":"https:\/\/www.nedzink.com\/ko\/%ec%a0%9c%ed%92%88\/%ec%8b%9c%ed%8a%b8\/","og_locale":"ko_KR","og_type":"article","og_title":"\uc2dc\ud2b8 \u2013 NedZink","og_description":"\u2022 Handelsafmetingen: 1000\u00d72000 mm - 1000\u00d72250 mm - 1000\u00d73000 mm \u2022 Materiaaldikte: 0,65 \u2013 0,70 \u2013 0,80 \u2013 1,00 mm \u2022 Overige maten en diktes zijn op aanvraag.","og_url":"https:\/\/www.nedzink.com\/ko\/%ec%a0%9c%ed%92%88\/%ec%8b%9c%ed%8a%b8\/","og_site_name":"NedZink","article_modified_time":"2024-03-04T14:27:42+00:00","og_image":[{"url":"https:\/\/www.nedzink.com\/wp-content\/uploads\/import\/cms\/userfiles\/images\/products\/blad%201.jpg","type":"","width":"","height":""}],"twitter_card":"summary_large_image","twitter_misc":{"\uc608\uc0c1 \ub418\ub294 \ud310\ub3c5 \uc2dc\uac04":"1\ubd84"},"schema":{"@context":"https:\/\/schema.org","@graph":[{"@type":"WebPage","@id":"https:\/\/www.nedzink.com\/ko\/%ec%a0%9c%ed%92%88\/%ec%8b%9c%ed%8a%b8\/","url":"https:\/\/www.nedzink.com\/ko\/%ec%a0%9c%ed%92%88\/%ec%8b%9c%ed%8a%b8\/","name":"\uc2dc\ud2b8 \u2013 NedZink","isPartOf":{"@id":"https:\/\/www.nedzink.com\/ko\/#website"},"primaryImageOfPage":{"@id":"https:\/\/www.nedzink.com\/ko\/%ec%a0%9c%ed%92%88\/%ec%8b%9c%ed%8a%b8\/#primaryimage"},"image":{"@id":"https:\/\/www.nedzink.com\/ko\/%ec%a0%9c%ed%92%88\/%ec%8b%9c%ed%8a%b8\/#primaryimage"},"thumbnailUrl":"https:\/\/www.nedzink.com\/wp-content\/uploads\/import\/cms\/userfiles\/images\/products\/blad%201.jpg","datePublished":"2019-04-09T12:29:57+00:00","dateModified":"2024-03-04T14:27:42+00:00","description":"\u2022 Handelsafmetingen: 1000\u00d72000 mm - 1000\u00d72250 mm - 1000\u00d73000 mm \u2022 Materiaaldikte: 0,65 \u2013 0,70 \u2013 0,80 \u2013 1,00 mm \u2022 Overige maten en diktes zijn op aanvraag.","breadcrumb":{"@id":"https:\/\/www.nedzink.com\/ko\/%ec%a0%9c%ed%92%88\/%ec%8b%9c%ed%8a%b8\/#breadcrumb"},"inLanguage":"ko-KR","potentialAction":[{"@type":"ReadAction","target":["https:\/\/www.nedzink.com\/ko\/%ec%a0%9c%ed%92%88\/%ec%8b%9c%ed%8a%b8\/"]}]},{"@type":"ImageObject","inLanguage":"ko-KR","@id":"https:\/\/www.nedzink.com\/ko\/%ec%a0%9c%ed%92%88\/%ec%8b%9c%ed%8a%b8\/#primaryimage","url":"https:\/\/www.nedzink.com\/wp-content\/uploads\/import\/cms\/userfiles\/images\/products\/blad%201.jpg","contentUrl":"https:\/\/www.nedzink.com\/wp-content\/uploads\/import\/cms\/userfiles\/images\/products\/blad%201.jpg"},{"@type":"BreadcrumbList","@id":"https:\/\/www.nedzink.com\/ko\/%ec%a0%9c%ed%92%88\/%ec%8b%9c%ed%8a%b8\/#breadcrumb","itemListElement":[{"@type":"ListItem","position":1,"name":"Home","item":"https:\/\/www.nedzink.com\/ko\/"},{"@type":"ListItem","position":2,"name":"\uc81c\ud488","item":"https:\/\/www.nedzink.com\/ko\/%ec%a0%9c%ed%92%88\/"},{"@type":"ListItem","position":3,"name":"\uc2dc\ud2b8"}]},{"@type":"WebSite","@id":"https:\/\/www.nedzink.com\/ko\/#website","url":"https:\/\/www.nedzink.com\/ko\/","name":"NedZink","description":"Zink fabrikant","publisher":{"@id":"https:\/\/www.nedzink.com\/ko\/#organization"},"potentialAction":[{"@type":"SearchAction","target":{"@type":"EntryPoint","urlTemplate":"https:\/\/www.nedzink.com\/ko\/?s={search_term_string}"},"query-input":{"@type":"PropertyValueSpecification","valueRequired":true,"valueName":"search_term_string"}}],"inLanguage":"ko-KR"},{"@type":"Organization","@id":"https:\/\/www.nedzink.com\/ko\/#organization","name":"NedZink","url":"https:\/\/www.nedzink.com\/ko\/","logo":{"@type":"ImageObject","inLanguage":"ko-KR","@id":"https:\/\/www.nedzink.com\/ko\/#\/schema\/logo\/image\/","url":"https:\/\/www.nedzink.com\/wp-content\/uploads\/2019\/08\/logo-nedzink_fc_zk.jpg","contentUrl":"https:\/\/www.nedzink.com\/wp-content\/uploads\/2019\/08\/logo-nedzink_fc_zk.jpg","width":2160,"height":688,"caption":"NedZink"},"image":{"@id":"https:\/\/www.nedzink.com\/ko\/#\/schema\/logo\/image\/"}}]}},"_links":{"self":[{"href":"https:\/\/www.nedzink.com\/ko\/wp-json\/wp\/v2\/pages\/12222","targetHints":{"allow":["GET"]}}],"collection":[{"href":"https:\/\/www.nedzink.com\/ko\/wp-json\/wp\/v2\/pages"}],"about":[{"href":"https:\/\/www.nedzink.com\/ko\/wp-json\/wp\/v2\/types\/page"}],"author":[{"embeddable":true,"href":"https:\/\/www.nedzink.com\/ko\/wp-json\/wp\/v2\/users\/9"}],"replies":[{"embeddable":true,"href":"https:\/\/www.nedzink.com\/ko\/wp-json\/wp\/v2\/comments?post=12222"}],"version-history":[{"count":2,"href":"https:\/\/www.nedzink.com\/ko\/wp-json\/wp\/v2\/pages\/12222\/revisions"}],"predecessor-version":[{"id":129671,"href":"https:\/\/www.nedzink.com\/ko\/wp-json\/wp\/v2\/pages\/12222\/revisions\/129671"}],"up":[{"embeddable":true,"href":"https:\/\/www.nedzink.com\/ko\/wp-json\/wp\/v2\/pages\/12202"}],"wp:attachment":[{"href":"https:\/\/www.nedzink.com\/ko\/wp-json\/wp\/v2\/media?parent=12222"}],"curies":[{"name":"wp","href":"https:\/\/api.w.org\/{rel}","templated":true}]}}