{"id":31138,"date":"2019-06-04T14:58:30","date_gmt":"2019-06-04T12:58:30","guid":{"rendered":"http:\/\/136.144.181.85\/~nedzink\/infos-conseils\/evacution-des-eaux-pluviales\/gouttieres\/"},"modified":"2022-02-22T12:34:48","modified_gmt":"2022-02-22T11:34:48","slug":"gouttieres","status":"publish","type":"page","link":"https:\/\/www.nedzink.com\/fr\/evacuation-des-eaux-pluviales\/gouttieres\/","title":{"rendered":"Goutti\u00e8res d&rsquo;\u00e9vier"},"content":{"rendered":"[vc_row][vc_column][vc_column_text css=\u00a0\u00bb.vc_custom_1645529667499{margin-bottom: 0px !important;}\u00a0\u00bb]\n<h2><strong><em>Sections des goutti\u00e8res et ch\u00e9neaux<\/em><\/strong><\/h2>\n<p>Les sections utiles de goutti\u00e8res et ch\u00e9neaux sont calcul\u00e9es en fonction :<br \/>\n&#8211; de la surface de la projection horizontale de la couverture,<br \/>\n&#8211; de la pente de la goutti\u00e8re ou du ch\u00e9neau.<\/p>\n<p>Pour assurer un \u00e9coulement rapide des eaux pluviales, la pente minimale des goutti\u00e8res et ch\u00e9neaux est de 5mm\/m\u00e8tre.<\/p>\n<p>D\u2019apr\u00e8s la formule de Bazin, le DTU 60.11 indique les sections minimales en cm\u00b2 pour les goutti\u00e8res demi-circulaires et pour un d\u00e9bit de 3 litres\/min\/m\u00b2.<\/p>\n<p><a href=\"https:\/\/www.nedzink.com\/wp-content\/uploads\/2022\/02\/fr-evavuation-eaux-de-pluie1.png\"><img loading=\"lazy\" decoding=\"async\" class=\"alignnone size-full wp-image-104370\" src=\"https:\/\/www.nedzink.com\/wp-content\/uploads\/2022\/02\/fr-evavuation-eaux-de-pluie1.png\" alt=\"\" width=\"968\" height=\"733\" srcset=\"https:\/\/www.nedzink.com\/wp-content\/uploads\/2022\/02\/fr-evavuation-eaux-de-pluie1.png 968w, https:\/\/www.nedzink.com\/wp-content\/uploads\/2022\/02\/fr-evavuation-eaux-de-pluie1-300x227.png 300w, https:\/\/www.nedzink.com\/wp-content\/uploads\/2022\/02\/fr-evavuation-eaux-de-pluie1-115x87.png 115w, https:\/\/www.nedzink.com\/wp-content\/uploads\/2022\/02\/fr-evavuation-eaux-de-pluie1-48x36.png 48w, https:\/\/www.nedzink.com\/wp-content\/uploads\/2022\/02\/fr-evavuation-eaux-de-pluie1-212x161.png 212w\" sizes=\"auto, (max-width: 968px) 100vw, 968px\" \/><\/a><\/p>\n<p>A noter : Majorer la section de 10% pour les ch\u00e9neaux rectangulaires ou trap\u00e9zo\u00efdaux.<br \/>\n&#8211; Majorer la section de 20% pour les ch\u00e9neaux triangulaires.[\/vc_column_text][\/vc_column][\/vc_row][vc_row][vc_column][mk_padding_divider][\/vc_column][\/vc_row]\n","protected":false},"excerpt":{"rendered":"<p>[vc_row][vc_column][vc_column_text css=\u00a0\u00bb.vc_custom_1645529667499{margin-bottom: 0px !important;}\u00a0\u00bb] Sections des goutti\u00e8res et ch\u00e9neaux Les sections utiles de goutti\u00e8res et ch\u00e9neaux sont calcul\u00e9es en fonction : &#8211; de la surface de la projection horizontale de la couverture, &#8211; de la pente de la goutti\u00e8re ou du ch\u00e9neau. Pour assurer un \u00e9coulement rapide des eaux pluviales, la pente minimale des goutti\u00e8res [&hellip;]<\/p>\n","protected":false},"author":9,"featured_media":0,"parent":31104,"menu_order":1130,"comment_status":"closed","ping_status":"closed","template":"template-import.php","meta":{"_acf_changed":false,"footnotes":""},"class_list":["post-31138","page","type-page","status-publish","hentry"],"acf":[],"yoast_head":"<!-- This site is optimized with the Yoast SEO plugin v26.8 - https:\/\/yoast.com\/product\/yoast-seo-wordpress\/ -->\n<title>Goutti\u00e8res d&#039;\u00e9vier &#8211; NedZink<\/title>\n<meta name=\"robots\" content=\"index, follow, max-snippet:-1, max-image-preview:large, max-video-preview:-1\" \/>\n<link rel=\"canonical\" href=\"https:\/\/www.nedzink.com\/fr\/evacuation-des-eaux-pluviales\/gouttieres\/\" \/>\n<meta property=\"og:locale\" content=\"fr_FR\" \/>\n<meta property=\"og:type\" content=\"article\" \/>\n<meta property=\"og:title\" content=\"Goutti\u00e8res d&#039;\u00e9vier &#8211; NedZink\" \/>\n<meta property=\"og:description\" content=\"[vc_row][vc_column][vc_column_text css=\u00a0\u00bb.vc_custom_1645529667499{margin-bottom: 0px !important;}\u00a0\u00bb] Sections des goutti\u00e8res et ch\u00e9neaux Les sections utiles de goutti\u00e8res et ch\u00e9neaux sont calcul\u00e9es en fonction : &#8211; de la surface de la projection horizontale de la couverture, &#8211; de la pente de la goutti\u00e8re ou du ch\u00e9neau. Pour assurer un \u00e9coulement rapide des eaux pluviales, la pente minimale des goutti\u00e8res [&hellip;]\" \/>\n<meta property=\"og:url\" content=\"https:\/\/www.nedzink.com\/fr\/evacuation-des-eaux-pluviales\/gouttieres\/\" \/>\n<meta property=\"og:site_name\" content=\"NedZink\" \/>\n<meta property=\"article:modified_time\" content=\"2022-02-22T11:34:48+00:00\" \/>\n<meta property=\"og:image\" content=\"https:\/\/www.nedzink.com\/wp-content\/uploads\/2022\/02\/fr-evavuation-eaux-de-pluie1.png\" \/>\n<meta name=\"twitter:card\" content=\"summary_large_image\" \/>\n<meta name=\"twitter:label1\" content=\"Dur\u00e9e de lecture estim\u00e9e\" \/>\n\t<meta name=\"twitter:data1\" content=\"1 minute\" \/>\n<script type=\"application\/ld+json\" class=\"yoast-schema-graph\">{\"@context\":\"https:\/\/schema.org\",\"@graph\":[{\"@type\":\"WebPage\",\"@id\":\"https:\/\/www.nedzink.com\/fr\/evacuation-des-eaux-pluviales\/gouttieres\/\",\"url\":\"https:\/\/www.nedzink.com\/fr\/evacuation-des-eaux-pluviales\/gouttieres\/\",\"name\":\"Goutti\u00e8res d'\u00e9vier &#8211; NedZink\",\"isPartOf\":{\"@id\":\"https:\/\/www.nedzink.com\/fr\/#website\"},\"primaryImageOfPage\":{\"@id\":\"https:\/\/www.nedzink.com\/fr\/evacuation-des-eaux-pluviales\/gouttieres\/#primaryimage\"},\"image\":{\"@id\":\"https:\/\/www.nedzink.com\/fr\/evacuation-des-eaux-pluviales\/gouttieres\/#primaryimage\"},\"thumbnailUrl\":\"https:\/\/www.nedzink.com\/wp-content\/uploads\/2022\/02\/fr-evavuation-eaux-de-pluie1.png\",\"datePublished\":\"2019-06-04T12:58:30+00:00\",\"dateModified\":\"2022-02-22T11:34:48+00:00\",\"breadcrumb\":{\"@id\":\"https:\/\/www.nedzink.com\/fr\/evacuation-des-eaux-pluviales\/gouttieres\/#breadcrumb\"},\"inLanguage\":\"fr-FR\",\"potentialAction\":[{\"@type\":\"ReadAction\",\"target\":[\"https:\/\/www.nedzink.com\/fr\/evacuation-des-eaux-pluviales\/gouttieres\/\"]}]},{\"@type\":\"ImageObject\",\"inLanguage\":\"fr-FR\",\"@id\":\"https:\/\/www.nedzink.com\/fr\/evacuation-des-eaux-pluviales\/gouttieres\/#primaryimage\",\"url\":\"https:\/\/www.nedzink.com\/wp-content\/uploads\/2022\/02\/fr-evavuation-eaux-de-pluie1.png\",\"contentUrl\":\"https:\/\/www.nedzink.com\/wp-content\/uploads\/2022\/02\/fr-evavuation-eaux-de-pluie1.png\"},{\"@type\":\"BreadcrumbList\",\"@id\":\"https:\/\/www.nedzink.com\/fr\/evacuation-des-eaux-pluviales\/gouttieres\/#breadcrumb\",\"itemListElement\":[{\"@type\":\"ListItem\",\"position\":1,\"name\":\"Home\",\"item\":\"https:\/\/www.nedzink.com\/fr\/\"},{\"@type\":\"ListItem\",\"position\":2,\"name\":\"Evacuation des eaux pluviales\",\"item\":\"https:\/\/www.nedzink.com\/fr\/evacuation-des-eaux-pluviales\/\"},{\"@type\":\"ListItem\",\"position\":3,\"name\":\"Goutti\u00e8res d&#8217;\u00e9vier\"}]},{\"@type\":\"WebSite\",\"@id\":\"https:\/\/www.nedzink.com\/fr\/#website\",\"url\":\"https:\/\/www.nedzink.com\/fr\/\",\"name\":\"NedZink\",\"description\":\"Zink fabrikant\",\"publisher\":{\"@id\":\"https:\/\/www.nedzink.com\/fr\/#organization\"},\"potentialAction\":[{\"@type\":\"SearchAction\",\"target\":{\"@type\":\"EntryPoint\",\"urlTemplate\":\"https:\/\/www.nedzink.com\/fr\/?s={search_term_string}\"},\"query-input\":{\"@type\":\"PropertyValueSpecification\",\"valueRequired\":true,\"valueName\":\"search_term_string\"}}],\"inLanguage\":\"fr-FR\"},{\"@type\":\"Organization\",\"@id\":\"https:\/\/www.nedzink.com\/fr\/#organization\",\"name\":\"NedZink\",\"url\":\"https:\/\/www.nedzink.com\/fr\/\",\"logo\":{\"@type\":\"ImageObject\",\"inLanguage\":\"fr-FR\",\"@id\":\"https:\/\/www.nedzink.com\/fr\/#\/schema\/logo\/image\/\",\"url\":\"https:\/\/www.nedzink.com\/wp-content\/uploads\/2019\/08\/logo-nedzink_fc_zk.jpg\",\"contentUrl\":\"https:\/\/www.nedzink.com\/wp-content\/uploads\/2019\/08\/logo-nedzink_fc_zk.jpg\",\"width\":2160,\"height\":688,\"caption\":\"NedZink\"},\"image\":{\"@id\":\"https:\/\/www.nedzink.com\/fr\/#\/schema\/logo\/image\/\"}}]}<\/script>\n<!-- \/ Yoast SEO plugin. -->","yoast_head_json":{"title":"Goutti\u00e8res d'\u00e9vier &#8211; NedZink","robots":{"index":"index","follow":"follow","max-snippet":"max-snippet:-1","max-image-preview":"max-image-preview:large","max-video-preview":"max-video-preview:-1"},"canonical":"https:\/\/www.nedzink.com\/fr\/evacuation-des-eaux-pluviales\/gouttieres\/","og_locale":"fr_FR","og_type":"article","og_title":"Goutti\u00e8res d'\u00e9vier &#8211; NedZink","og_description":"[vc_row][vc_column][vc_column_text css=\u00a0\u00bb.vc_custom_1645529667499{margin-bottom: 0px !important;}\u00a0\u00bb] Sections des goutti\u00e8res et ch\u00e9neaux Les sections utiles de goutti\u00e8res et ch\u00e9neaux sont calcul\u00e9es en fonction : &#8211; de la surface de la projection horizontale de la couverture, &#8211; de la pente de la goutti\u00e8re ou du ch\u00e9neau. Pour assurer un \u00e9coulement rapide des eaux pluviales, la pente minimale des goutti\u00e8res [&hellip;]","og_url":"https:\/\/www.nedzink.com\/fr\/evacuation-des-eaux-pluviales\/gouttieres\/","og_site_name":"NedZink","article_modified_time":"2022-02-22T11:34:48+00:00","og_image":[{"url":"https:\/\/www.nedzink.com\/wp-content\/uploads\/2022\/02\/fr-evavuation-eaux-de-pluie1.png","type":"","width":"","height":""}],"twitter_card":"summary_large_image","twitter_misc":{"Dur\u00e9e de lecture estim\u00e9e":"1 minute"},"schema":{"@context":"https:\/\/schema.org","@graph":[{"@type":"WebPage","@id":"https:\/\/www.nedzink.com\/fr\/evacuation-des-eaux-pluviales\/gouttieres\/","url":"https:\/\/www.nedzink.com\/fr\/evacuation-des-eaux-pluviales\/gouttieres\/","name":"Goutti\u00e8res d'\u00e9vier &#8211; NedZink","isPartOf":{"@id":"https:\/\/www.nedzink.com\/fr\/#website"},"primaryImageOfPage":{"@id":"https:\/\/www.nedzink.com\/fr\/evacuation-des-eaux-pluviales\/gouttieres\/#primaryimage"},"image":{"@id":"https:\/\/www.nedzink.com\/fr\/evacuation-des-eaux-pluviales\/gouttieres\/#primaryimage"},"thumbnailUrl":"https:\/\/www.nedzink.com\/wp-content\/uploads\/2022\/02\/fr-evavuation-eaux-de-pluie1.png","datePublished":"2019-06-04T12:58:30+00:00","dateModified":"2022-02-22T11:34:48+00:00","breadcrumb":{"@id":"https:\/\/www.nedzink.com\/fr\/evacuation-des-eaux-pluviales\/gouttieres\/#breadcrumb"},"inLanguage":"fr-FR","potentialAction":[{"@type":"ReadAction","target":["https:\/\/www.nedzink.com\/fr\/evacuation-des-eaux-pluviales\/gouttieres\/"]}]},{"@type":"ImageObject","inLanguage":"fr-FR","@id":"https:\/\/www.nedzink.com\/fr\/evacuation-des-eaux-pluviales\/gouttieres\/#primaryimage","url":"https:\/\/www.nedzink.com\/wp-content\/uploads\/2022\/02\/fr-evavuation-eaux-de-pluie1.png","contentUrl":"https:\/\/www.nedzink.com\/wp-content\/uploads\/2022\/02\/fr-evavuation-eaux-de-pluie1.png"},{"@type":"BreadcrumbList","@id":"https:\/\/www.nedzink.com\/fr\/evacuation-des-eaux-pluviales\/gouttieres\/#breadcrumb","itemListElement":[{"@type":"ListItem","position":1,"name":"Home","item":"https:\/\/www.nedzink.com\/fr\/"},{"@type":"ListItem","position":2,"name":"Evacuation des eaux pluviales","item":"https:\/\/www.nedzink.com\/fr\/evacuation-des-eaux-pluviales\/"},{"@type":"ListItem","position":3,"name":"Goutti\u00e8res d&#8217;\u00e9vier"}]},{"@type":"WebSite","@id":"https:\/\/www.nedzink.com\/fr\/#website","url":"https:\/\/www.nedzink.com\/fr\/","name":"NedZink","description":"Zink fabrikant","publisher":{"@id":"https:\/\/www.nedzink.com\/fr\/#organization"},"potentialAction":[{"@type":"SearchAction","target":{"@type":"EntryPoint","urlTemplate":"https:\/\/www.nedzink.com\/fr\/?s={search_term_string}"},"query-input":{"@type":"PropertyValueSpecification","valueRequired":true,"valueName":"search_term_string"}}],"inLanguage":"fr-FR"},{"@type":"Organization","@id":"https:\/\/www.nedzink.com\/fr\/#organization","name":"NedZink","url":"https:\/\/www.nedzink.com\/fr\/","logo":{"@type":"ImageObject","inLanguage":"fr-FR","@id":"https:\/\/www.nedzink.com\/fr\/#\/schema\/logo\/image\/","url":"https:\/\/www.nedzink.com\/wp-content\/uploads\/2019\/08\/logo-nedzink_fc_zk.jpg","contentUrl":"https:\/\/www.nedzink.com\/wp-content\/uploads\/2019\/08\/logo-nedzink_fc_zk.jpg","width":2160,"height":688,"caption":"NedZink"},"image":{"@id":"https:\/\/www.nedzink.com\/fr\/#\/schema\/logo\/image\/"}}]}},"_links":{"self":[{"href":"https:\/\/www.nedzink.com\/fr\/wp-json\/wp\/v2\/pages\/31138","targetHints":{"allow":["GET"]}}],"collection":[{"href":"https:\/\/www.nedzink.com\/fr\/wp-json\/wp\/v2\/pages"}],"about":[{"href":"https:\/\/www.nedzink.com\/fr\/wp-json\/wp\/v2\/types\/page"}],"author":[{"embeddable":true,"href":"https:\/\/www.nedzink.com\/fr\/wp-json\/wp\/v2\/users\/9"}],"replies":[{"embeddable":true,"href":"https:\/\/www.nedzink.com\/fr\/wp-json\/wp\/v2\/comments?post=31138"}],"version-history":[{"count":0,"href":"https:\/\/www.nedzink.com\/fr\/wp-json\/wp\/v2\/pages\/31138\/revisions"}],"up":[{"embeddable":true,"href":"https:\/\/www.nedzink.com\/fr\/wp-json\/wp\/v2\/pages\/31104"}],"wp:attachment":[{"href":"https:\/\/www.nedzink.com\/fr\/wp-json\/wp\/v2\/media?parent=31138"}],"curies":[{"name":"wp","href":"https:\/\/api.w.org\/{rel}","templated":true}]}}