{"id":31114,"date":"2019-06-04T14:56:28","date_gmt":"2019-06-04T12:56:28","guid":{"rendered":"http:\/\/136.144.181.85\/~nedzink\/infos-conseils\/evacution-des-eaux-pluviales\/general\/"},"modified":"2019-08-22T14:15:34","modified_gmt":"2019-08-22T12:15:34","slug":"general","status":"publish","type":"page","link":"https:\/\/www.nedzink.com\/fr\/general\/","title":{"rendered":"G\u00e9n\u00e9ral"},"content":{"rendered":"<h3>Comment choisir le mat\u00e9riau?<\/h3>\n<p>Le choix de base se fait entre l\u2019acier galvanis\u00e9, l\u2019inox, le cuivre et l\u2019aluminium.<\/p>\n<p>Les crochets en acier subissent apr\u00e8s fabrication plusieurs immersions dans un bain de galvanisation \u00e0 chaud. Dans cette cat\u00e9gorie d\u2019<strong>acier galvanis\u00e9<\/strong>, vous pouvez en outre opter pour une finition en noir (coating 2 couches) ou pour une finition laqu\u00e9e noire (pour embellir et prot\u00e9ger).<\/p>\n<p>En <strong>inox<\/strong>, vous avez le choix entre l\u2019inox passiv\u00e9 et l\u2019inox poli par \u00e9lectrolyse : gr\u00e2ce au polissage par \u00e9lectrolyse, par lequel le fer et les impuret\u00e9s sont retir\u00e9s de la surface du m\u00e9tal, celle-ci prend une apparence brillante.<\/p>\n<p>En <strong>cuivre <\/strong>et en <strong>aluminium<\/strong>, Mopac propose exclusivement des mat\u00e9riaux non trait\u00e9s.<\/p>\n<table>\n<tbody>\n<tr>\n<td style=\"width: 129px;\"><img decoding=\"async\" style=\"width: 124px; height: 124px;\" src=\"https:\/\/www.nedzink.com\/wp-content\/uploads\/import\/cms\/userfiles\/images\/products\/p_0002_Laag 4.jpg\" alt=\"\" \/><\/td>\n<td style=\"width: 1242px;\">Ces crochets sont r\u00e9alis\u00e9s en acier galvanis\u00e9 d\u2019une excellente qualit\u00e9. Ces crochets en acier subissent apr\u00e8s fabrication plusieurs immersions dans un bain de galvanisation \u00e0 chaud (selon la norme NBN 657). Ils sont ainsi recouverts d\u2019une couche de zinc de 65 \u00e0 85 microns. les crochets ont un diam\u00e8tre de 30\/5 mm.<\/td>\n<\/tr>\n<tr>\n<td style=\"width: 129px;\"><img decoding=\"async\" style=\"width: 124px; height: 124px;\" src=\"https:\/\/www.nedzink.com\/wp-content\/uploads\/import\/cms\/userfiles\/images\/products\/p_0001_Laag 5.jpg\" alt=\"\" \/><\/td>\n<td style=\"width: 1242px;\">Ces crochets sont disponibles en une finition en noir. Cette finition est rendue possible gr\u00e2ce \u00e0 un r\u00e9cent proc\u00e9d\u00e9 qui permet l\u2019application d\u2019un coating en deux couches. Ce coating reprend la structure de la base. Ils forment une protection suppl\u00e9mentaire contre la corrosion<\/td>\n<\/tr>\n<tr>\n<td style=\"width: 129px;\"><img decoding=\"async\" style=\"width: 124px; height: 124px;\" src=\"https:\/\/www.nedzink.com\/wp-content\/uploads\/import\/cms\/userfiles\/images\/products\/p_0000_Laag 10.jpg\" alt=\"\" \/><\/td>\n<td style=\"width: 1242px;\">apr\u00e8s galvanisation, l\u2019acier est recouvert d\u2019une couche protectrice de mat\u00e9riau organique : ce poudrage noir \u00e9lectrostatique (ou laquage) rend le mat\u00e9riau plus joli et le prot\u00e8ge contre la corrosion. la laque est appos\u00e9e sans utilisation d\u2019\u00e9l\u00e9ments de dilution ou de solvants. r\u00e9sultat : un acier de parfaite qualit\u00e9, dur et r\u00e9sistant aux chocs et aux griffes.<\/td>\n<\/tr>\n<tr>\n<td style=\"width: 129px;\"><img decoding=\"async\" style=\"width: 124px; height: 124px;\" src=\"https:\/\/www.nedzink.com\/wp-content\/uploads\/import\/cms\/userfiles\/images\/products\/p_0005_Laag 9.jpg\" alt=\"\" \/><\/td>\n<td style=\"width: 1242px;\">Mopac propose un inox passiv\u00e9 de type aIsI 304 30\/5. la passivation donne un r\u00e9sultat pur, homog\u00e8ne, \u00e9tanche et esth\u00e9tique. la \u201ccouche de passivation\u201d, propre au m\u00e9tal, prot\u00e8ge en outre contre la rouille.<\/td>\n<\/tr>\n<tr>\n<td style=\"width: 129px;\"><img decoding=\"async\" style=\"width: 124px; height: 124px;\" src=\"https:\/\/www.nedzink.com\/wp-content\/uploads\/import\/cms\/userfiles\/images\/products\/p_0006_Laag 0.jpg\" alt=\"\" \/><\/td>\n<td style=\"width: 1242px;\">En polissant l\u2019inox par \u00e9lectrolyse, le pourcentage de chrome et de nickel \u00e0 la surface du m\u00e9tal augmente. l\u2019acier inoxydable devient plus tremp\u00e9, la couche sup\u00e9rieure devient 100 fois plus \u00e9paisse et \u00e9galement beaucoup plus \u00e9tanche. Cette couche sup\u00e9rieure ne donne pas seulement une apparence plus belle et plus brillante, elle offre \u00e9galement une meilleure protection contre la rouille.<\/td>\n<\/tr>\n<tr>\n<td style=\"width: 129px;\"><img decoding=\"async\" style=\"width: 124px; height: 124px;\" src=\"https:\/\/www.nedzink.com\/wp-content\/uploads\/import\/cms\/userfiles\/images\/products\/p_0003_Laag 7.jpg\" alt=\"\" \/><\/td>\n<td style=\"width: 1242px;\">Mopac utilise exclusivement du cuivre produit selon la norme EN1172.<\/td>\n<\/tr>\n<tr>\n<td style=\"width: 129px;\"><img decoding=\"async\" style=\"width: 124px; height: 124px;\" src=\"https:\/\/www.nedzink.com\/wp-content\/uploads\/import\/cms\/userfiles\/images\/products\/p_0004_Laag 8.jpg\" alt=\"\" \/><\/td>\n<td style=\"width: 1242px;\">Mopac n\u2019utilise l\u2019aluminium que pour de petits accessoires et choisit les sp\u00e9cifications de l\u2019aluminium en fonction de l\u2019application.<\/td>\n<\/tr>\n<\/tbody>\n<\/table>\n<h3>joint de dilatation<\/h3>\n<p>Tous les mat\u00e9riaux se dilatent et se contractent sous l\u2019effet des changements de temp\u00e9rature. Pour tenir compte des<br \/>\nmouvements r\u00e9sultants, vous devez pr\u00e9voir des joints de dilatation lors de la pose de goutti\u00e8res, de corniches ou de<br \/>\nch\u00e9neaux encastr\u00e9s.<br \/>\nDans l\u2019id\u00e9al, tenez compte des indications suivantes:<\/p>\n<ul>\n<li>Pour les angles int\u00e9rieurs et ext\u00e9rieurs, pr\u00e9voyez des joints de dilatation des deux c\u00f4t\u00e9s, au maximum tous les 3 m\u00e8tres.<\/li>\n<li>Lors de la pose de goutti\u00e8res atteignant 450 mm, les joints de dilatation ne doivent pas \u00eatre \u00e9loign\u00e9s de plus de 10 m\u00e8tres les uns des autres.<\/li>\n<li>Lors de la pose de corniches en zinc ou de ch\u00e9neaux encastr\u00e9s, l\u2019\u00e9cart ne doit pas d\u00e9passer 6 m\u00e8tres.<\/li>\n<\/ul>\n<p>Vous avez le choix entre des joints de dilatation en rouleau ou pr\u00e9form\u00e9s. Sur cette page vous trouverez les r\u00e9f\u00e9rences des<br \/>\njoints de dilatation en rouleau. Concernant les joints pr\u00e9form\u00e9s, nous vous invitons \u00e0 consulter la page correspondante.<\/p>\n<h3>bourrelet<\/h3>\n<p>Il existe de nombreuses variantes de pattes de fixation et chacun a ses pr\u00e9f\u00e9rences. le client \u00e9tant roi, nous vous offrons<br \/>\nun large choix de pattes classiques et larges, ainsi que les nouveaux supports bourrelets Mopac.<br \/>\nIls sont propos\u00e9s en acier galvanis\u00e9, en aluminium, en acier galvanis\u00e9 finition noire coating, en aluminium finition noire<br \/>\nepoxy, en inox et en cuivre.<\/p>\n","protected":false},"excerpt":{"rendered":"<p>Comment choisir le mat\u00e9riau? Le choix de base se fait entre l\u2019acier galvanis\u00e9, l\u2019inox, le cuivre et l\u2019aluminium. Les crochets en acier subissent apr\u00e8s fabrication plusieurs immersions dans un bain de galvanisation \u00e0 chaud. Dans cette cat\u00e9gorie d\u2019acier galvanis\u00e9, vous pouvez en outre opter pour une finition en noir (coating 2 couches) ou pour une [&hellip;]<\/p>\n","protected":false},"author":9,"featured_media":0,"parent":0,"menu_order":1100,"comment_status":"closed","ping_status":"closed","template":"template-import.php","meta":{"_acf_changed":false,"footnotes":""},"class_list":["post-31114","page","type-page","status-publish","hentry"],"acf":[],"yoast_head":"<!-- This site is optimized with the Yoast SEO plugin v26.8 - https:\/\/yoast.com\/product\/yoast-seo-wordpress\/ -->\n<title>G\u00e9n\u00e9ral \u2013 NedZink<\/title>\n<meta name=\"robots\" content=\"index, follow, max-snippet:-1, max-image-preview:large, max-video-preview:-1\" \/>\n<link rel=\"canonical\" href=\"https:\/\/www.nedzink.com\/fr\/general\/\" \/>\n<meta property=\"og:locale\" content=\"fr_FR\" \/>\n<meta property=\"og:type\" content=\"article\" \/>\n<meta property=\"og:title\" content=\"G\u00e9n\u00e9ral \u2013 NedZink\" \/>\n<meta property=\"og:description\" content=\"Comment choisir le mat\u00e9riau? Le choix de base se fait entre l\u2019acier galvanis\u00e9, l\u2019inox, le cuivre et l\u2019aluminium. Les crochets en acier subissent apr\u00e8s fabrication plusieurs immersions dans un bain de galvanisation \u00e0 chaud. Dans cette cat\u00e9gorie d\u2019acier galvanis\u00e9, vous pouvez en outre opter pour une finition en noir (coating 2 couches) ou pour une [&hellip;]\" \/>\n<meta property=\"og:url\" content=\"https:\/\/www.nedzink.com\/fr\/general\/\" \/>\n<meta property=\"og:site_name\" content=\"NedZink\" \/>\n<meta property=\"article:modified_time\" content=\"2019-08-22T12:15:34+00:00\" \/>\n<meta property=\"og:image\" content=\"https:\/\/www.nedzink.com\/wp-content\/uploads\/import\/cms\/userfiles\/images\/products\/p_0002_Laag%204.jpg\" \/>\n<meta name=\"twitter:card\" content=\"summary_large_image\" \/>\n<meta name=\"twitter:label1\" content=\"Dur\u00e9e de lecture estim\u00e9e\" \/>\n\t<meta name=\"twitter:data1\" content=\"3 minutes\" \/>\n<script type=\"application\/ld+json\" class=\"yoast-schema-graph\">{\"@context\":\"https:\/\/schema.org\",\"@graph\":[{\"@type\":\"WebPage\",\"@id\":\"https:\/\/www.nedzink.com\/fr\/general\/\",\"url\":\"https:\/\/www.nedzink.com\/fr\/general\/\",\"name\":\"G\u00e9n\u00e9ral \u2013 NedZink\",\"isPartOf\":{\"@id\":\"https:\/\/www.nedzink.com\/fr\/#website\"},\"datePublished\":\"2019-06-04T12:56:28+00:00\",\"dateModified\":\"2019-08-22T12:15:34+00:00\",\"breadcrumb\":{\"@id\":\"https:\/\/www.nedzink.com\/fr\/general\/#breadcrumb\"},\"inLanguage\":\"fr-FR\",\"potentialAction\":[{\"@type\":\"ReadAction\",\"target\":[\"https:\/\/www.nedzink.com\/fr\/general\/\"]}]},{\"@type\":\"BreadcrumbList\",\"@id\":\"https:\/\/www.nedzink.com\/fr\/general\/#breadcrumb\",\"itemListElement\":[{\"@type\":\"ListItem\",\"position\":1,\"name\":\"Home\",\"item\":\"https:\/\/www.nedzink.com\/fr\/\"},{\"@type\":\"ListItem\",\"position\":2,\"name\":\"G\u00e9n\u00e9ral\"}]},{\"@type\":\"WebSite\",\"@id\":\"https:\/\/www.nedzink.com\/fr\/#website\",\"url\":\"https:\/\/www.nedzink.com\/fr\/\",\"name\":\"NedZink\",\"description\":\"Zink fabrikant\",\"publisher\":{\"@id\":\"https:\/\/www.nedzink.com\/fr\/#organization\"},\"potentialAction\":[{\"@type\":\"SearchAction\",\"target\":{\"@type\":\"EntryPoint\",\"urlTemplate\":\"https:\/\/www.nedzink.com\/fr\/?s={search_term_string}\"},\"query-input\":{\"@type\":\"PropertyValueSpecification\",\"valueRequired\":true,\"valueName\":\"search_term_string\"}}],\"inLanguage\":\"fr-FR\"},{\"@type\":\"Organization\",\"@id\":\"https:\/\/www.nedzink.com\/fr\/#organization\",\"name\":\"NedZink\",\"url\":\"https:\/\/www.nedzink.com\/fr\/\",\"logo\":{\"@type\":\"ImageObject\",\"inLanguage\":\"fr-FR\",\"@id\":\"https:\/\/www.nedzink.com\/fr\/#\/schema\/logo\/image\/\",\"url\":\"https:\/\/www.nedzink.com\/wp-content\/uploads\/2019\/08\/logo-nedzink_fc_zk.jpg\",\"contentUrl\":\"https:\/\/www.nedzink.com\/wp-content\/uploads\/2019\/08\/logo-nedzink_fc_zk.jpg\",\"width\":2160,\"height\":688,\"caption\":\"NedZink\"},\"image\":{\"@id\":\"https:\/\/www.nedzink.com\/fr\/#\/schema\/logo\/image\/\"}}]}<\/script>\n<!-- \/ Yoast SEO plugin. -->","yoast_head_json":{"title":"G\u00e9n\u00e9ral \u2013 NedZink","robots":{"index":"index","follow":"follow","max-snippet":"max-snippet:-1","max-image-preview":"max-image-preview:large","max-video-preview":"max-video-preview:-1"},"canonical":"https:\/\/www.nedzink.com\/fr\/general\/","og_locale":"fr_FR","og_type":"article","og_title":"G\u00e9n\u00e9ral \u2013 NedZink","og_description":"Comment choisir le mat\u00e9riau? Le choix de base se fait entre l\u2019acier galvanis\u00e9, l\u2019inox, le cuivre et l\u2019aluminium. Les crochets en acier subissent apr\u00e8s fabrication plusieurs immersions dans un bain de galvanisation \u00e0 chaud. Dans cette cat\u00e9gorie d\u2019acier galvanis\u00e9, vous pouvez en outre opter pour une finition en noir (coating 2 couches) ou pour une [&hellip;]","og_url":"https:\/\/www.nedzink.com\/fr\/general\/","og_site_name":"NedZink","article_modified_time":"2019-08-22T12:15:34+00:00","og_image":[{"url":"https:\/\/www.nedzink.com\/wp-content\/uploads\/import\/cms\/userfiles\/images\/products\/p_0002_Laag 4.jpg","type":"","width":"","height":""}],"twitter_card":"summary_large_image","twitter_misc":{"Dur\u00e9e de lecture estim\u00e9e":"3 minutes"},"schema":{"@context":"https:\/\/schema.org","@graph":[{"@type":"WebPage","@id":"https:\/\/www.nedzink.com\/fr\/general\/","url":"https:\/\/www.nedzink.com\/fr\/general\/","name":"G\u00e9n\u00e9ral \u2013 NedZink","isPartOf":{"@id":"https:\/\/www.nedzink.com\/fr\/#website"},"datePublished":"2019-06-04T12:56:28+00:00","dateModified":"2019-08-22T12:15:34+00:00","breadcrumb":{"@id":"https:\/\/www.nedzink.com\/fr\/general\/#breadcrumb"},"inLanguage":"fr-FR","potentialAction":[{"@type":"ReadAction","target":["https:\/\/www.nedzink.com\/fr\/general\/"]}]},{"@type":"BreadcrumbList","@id":"https:\/\/www.nedzink.com\/fr\/general\/#breadcrumb","itemListElement":[{"@type":"ListItem","position":1,"name":"Home","item":"https:\/\/www.nedzink.com\/fr\/"},{"@type":"ListItem","position":2,"name":"G\u00e9n\u00e9ral"}]},{"@type":"WebSite","@id":"https:\/\/www.nedzink.com\/fr\/#website","url":"https:\/\/www.nedzink.com\/fr\/","name":"NedZink","description":"Zink fabrikant","publisher":{"@id":"https:\/\/www.nedzink.com\/fr\/#organization"},"potentialAction":[{"@type":"SearchAction","target":{"@type":"EntryPoint","urlTemplate":"https:\/\/www.nedzink.com\/fr\/?s={search_term_string}"},"query-input":{"@type":"PropertyValueSpecification","valueRequired":true,"valueName":"search_term_string"}}],"inLanguage":"fr-FR"},{"@type":"Organization","@id":"https:\/\/www.nedzink.com\/fr\/#organization","name":"NedZink","url":"https:\/\/www.nedzink.com\/fr\/","logo":{"@type":"ImageObject","inLanguage":"fr-FR","@id":"https:\/\/www.nedzink.com\/fr\/#\/schema\/logo\/image\/","url":"https:\/\/www.nedzink.com\/wp-content\/uploads\/2019\/08\/logo-nedzink_fc_zk.jpg","contentUrl":"https:\/\/www.nedzink.com\/wp-content\/uploads\/2019\/08\/logo-nedzink_fc_zk.jpg","width":2160,"height":688,"caption":"NedZink"},"image":{"@id":"https:\/\/www.nedzink.com\/fr\/#\/schema\/logo\/image\/"}}]}},"_links":{"self":[{"href":"https:\/\/www.nedzink.com\/fr\/wp-json\/wp\/v2\/pages\/31114","targetHints":{"allow":["GET"]}}],"collection":[{"href":"https:\/\/www.nedzink.com\/fr\/wp-json\/wp\/v2\/pages"}],"about":[{"href":"https:\/\/www.nedzink.com\/fr\/wp-json\/wp\/v2\/types\/page"}],"author":[{"embeddable":true,"href":"https:\/\/www.nedzink.com\/fr\/wp-json\/wp\/v2\/users\/9"}],"replies":[{"embeddable":true,"href":"https:\/\/www.nedzink.com\/fr\/wp-json\/wp\/v2\/comments?post=31114"}],"version-history":[{"count":0,"href":"https:\/\/www.nedzink.com\/fr\/wp-json\/wp\/v2\/pages\/31114\/revisions"}],"wp:attachment":[{"href":"https:\/\/www.nedzink.com\/fr\/wp-json\/wp\/v2\/media?parent=31114"}],"curies":[{"name":"wp","href":"https:\/\/api.w.org\/{rel}","templated":true}]}}