{"id":31024,"date":"2019-06-04T14:56:01","date_gmt":"2019-06-04T12:56:01","guid":{"rendered":"http:\/\/136.144.181.85\/~nedzink\/infos-conseils\/accessoires-de-toitures\/lucarnes\/"},"modified":"2021-02-08T12:02:30","modified_gmt":"2021-02-08T11:02:30","slug":"lucarnes","status":"publish","type":"page","link":"https:\/\/www.nedzink.com\/fr\/lucarnes\/","title":{"rendered":"Lucarnes"},"content":{"rendered":"<p>Lors du rev\u00eatement avec du zinc d\u2019une lucarne en bois dans une toiture en tuiles, il faut commencer par installer les goutti\u00e8res cach\u00e9es le long des c\u00f4t\u00e9s de la lucarne. Celles-ci sont raccord\u00e9es aux goutti\u00e8res cach\u00e9es d\u00e9j\u00e0 pr\u00e9sentes, elles-m\u00eames raccord\u00e9es \u00e0 la goutti\u00e8re de toit.<\/p>\n<p>La partie sup\u00e9rieure de la goutti\u00e8re cach\u00e9e est d\u00e9coup\u00e9e et pourvue d\u2019un c\u00f4t\u00e9 de fixation de 2\u00a0cm, qui permet le raccordement sur la plaque de la lucarne. Les goutti\u00e8res sont fix\u00e9es sur la paroi du toit et sur le c\u00f4t\u00e9 de la lucarne \u00e0 l\u2019aide de pattes. Les c\u00f4t\u00e9s sont ensuite coup\u00e9s et pourvus de c\u00f4t\u00e9s de fixation\u00a0: la partie inf\u00e9rieure vers l\u2019int\u00e9rieur et la partie sup\u00e9rieure vers l\u2019ext\u00e9rieur.<\/p>\n<p>Un double c\u00f4t\u00e9 transform\u00e9 est cr\u00e9\u00e9 pour le montant, il est plac\u00e9 sous une latte de rev\u00eatement profil\u00e9e, ce qui garantit un raccordement ajust\u00e9 et \u00e9tanche au niveau des boiseries. La rainure dans laquelle le c\u00f4t\u00e9 transform\u00e9 est plac\u00e9 permet au zinc de travailler.<\/p>\n<p>Le c\u00f4t\u00e9 est fix\u00e9 \u00e0 l\u2019aide de pattes, les pattes inf\u00e9rieures sont d\u00e9j\u00e0 install\u00e9es \u00e9tant donn\u00e9 qu\u2019elles ont servi \u00e0 fixer la goutti\u00e8re cach\u00e9e, les pattes sup\u00e9rieures sont install\u00e9es aussi haut que possible sous le surplomb du toit. Il est possible de couvrir la partie sup\u00e9rieure avec une bande de plomb.<\/p>\n<p>Les pattes doivent permettre une dilatation suffisante des c\u00f4t\u00e9s, faute de quoi des gonflements risquent d\u2019appara\u00eetre. Pour la m\u00eame raison, il vaut mieux ajouter des joints debout aux c\u00f4t\u00e9s qui ne peuvent \u00eatre fabriqu\u00e9s avec une seule feuille de zinc (plut\u00f4t que de les souder).<\/p>\n<p>La feuille est fabriqu\u00e9e apr\u00e8s dimensionnement, installation et d\u00e9coupe en onglet des cloisons non fix\u00e9es et soudage des bacs. Le raccordement \u00e0 la goutti\u00e8re cach\u00e9e n\u00e9cessite le d\u00e9versement de l\u2019eau. La partie arri\u00e8re de la feuille est pourvue d\u2019un c\u00f4t\u00e9 de fixation, pos\u00e9e sur une largeur de 20\u00a0cm minimum, puis recouverte d\u2019une bavette de plomb. Les toiles doivent suffisamment prot\u00e9ger la cloison de la pluie et de la neige et donc \u00eatre enfonc\u00e9es aussi loin que possible.<\/p>\n<p>Le seuil inf\u00e9rieur de la lucarne doit \u00eatre raccord\u00e9 de mani\u00e8re \u00e9tanche, \u00e0 l\u2019aide d\u2019une bavette de plomb, pos\u00e9e sur les tuiles. La cloison en zinc avec bavette de plomb du c\u00f4t\u00e9 du seuil et la bavette de plomb du c\u00f4t\u00e9 du seuil sont toutes les deux raccord\u00e9es de mani\u00e8re \u00e9tanche \u00e0 la goutti\u00e8re cach\u00e9e, ce qui permet d\u2019\u00e9viter les fuites dans les coins.<\/p>\n<p>Lors des travaux de raccordement, il faut veiller \u00e0 laisser suffisamment d\u2019espace pour permettre au zinc de travailler. Il est recommand\u00e9, surtout avec ce type de constructions, de fabriquer et modifier les pi\u00e8ces avant de passer \u00e0 la soudure et \u00e0 la fixation avec les pattes et les joints debout. Il est alors possible d\u2019obtenir un r\u00e9sultat ajust\u00e9 et surtout \u00e9tanche.<\/p>\n","protected":false},"excerpt":{"rendered":"<p>Lors du rev\u00eatement avec du zinc d\u2019une lucarne en bois dans une toiture en tuiles, il faut commencer par installer les goutti\u00e8res cach\u00e9es le long des c\u00f4t\u00e9s de la lucarne. Celles-ci sont raccord\u00e9es aux goutti\u00e8res cach\u00e9es d\u00e9j\u00e0 pr\u00e9sentes, elles-m\u00eames raccord\u00e9es \u00e0 la goutti\u00e8re de toit. La partie sup\u00e9rieure de la goutti\u00e8re cach\u00e9e est d\u00e9coup\u00e9e et [&hellip;]<\/p>\n","protected":false},"author":9,"featured_media":0,"parent":0,"menu_order":1010,"comment_status":"closed","ping_status":"closed","template":"template-import.php","meta":{"_acf_changed":false,"footnotes":""},"class_list":["post-31024","page","type-page","status-publish","hentry"],"acf":[],"yoast_head":"<!-- This site is optimized with the Yoast SEO plugin v26.8 - https:\/\/yoast.com\/product\/yoast-seo-wordpress\/ -->\n<title>Lucarnes &#8211; NedZink<\/title>\n<meta name=\"robots\" content=\"index, follow, max-snippet:-1, max-image-preview:large, max-video-preview:-1\" \/>\n<link rel=\"canonical\" href=\"https:\/\/www.nedzink.com\/fr\/lucarnes\/\" \/>\n<meta property=\"og:locale\" content=\"fr_FR\" \/>\n<meta property=\"og:type\" content=\"article\" \/>\n<meta property=\"og:title\" content=\"Lucarnes &#8211; NedZink\" \/>\n<meta property=\"og:description\" content=\"Lors du rev\u00eatement avec du zinc d\u2019une lucarne en bois dans une toiture en tuiles, il faut commencer par installer les goutti\u00e8res cach\u00e9es le long des c\u00f4t\u00e9s de la lucarne. Celles-ci sont raccord\u00e9es aux goutti\u00e8res cach\u00e9es d\u00e9j\u00e0 pr\u00e9sentes, elles-m\u00eames raccord\u00e9es \u00e0 la goutti\u00e8re de toit. La partie sup\u00e9rieure de la goutti\u00e8re cach\u00e9e est d\u00e9coup\u00e9e et [&hellip;]\" \/>\n<meta property=\"og:url\" content=\"https:\/\/www.nedzink.com\/fr\/lucarnes\/\" \/>\n<meta property=\"og:site_name\" content=\"NedZink\" \/>\n<meta property=\"article:modified_time\" content=\"2021-02-08T11:02:30+00:00\" \/>\n<meta name=\"twitter:card\" content=\"summary_large_image\" \/>\n<meta name=\"twitter:label1\" content=\"Dur\u00e9e de lecture estim\u00e9e\" \/>\n\t<meta name=\"twitter:data1\" content=\"3 minutes\" \/>\n<script type=\"application\/ld+json\" class=\"yoast-schema-graph\">{\"@context\":\"https:\/\/schema.org\",\"@graph\":[{\"@type\":\"WebPage\",\"@id\":\"https:\/\/www.nedzink.com\/fr\/lucarnes\/\",\"url\":\"https:\/\/www.nedzink.com\/fr\/lucarnes\/\",\"name\":\"Lucarnes &#8211; NedZink\",\"isPartOf\":{\"@id\":\"https:\/\/www.nedzink.com\/fr\/#website\"},\"datePublished\":\"2019-06-04T12:56:01+00:00\",\"dateModified\":\"2021-02-08T11:02:30+00:00\",\"breadcrumb\":{\"@id\":\"https:\/\/www.nedzink.com\/fr\/lucarnes\/#breadcrumb\"},\"inLanguage\":\"fr-FR\",\"potentialAction\":[{\"@type\":\"ReadAction\",\"target\":[\"https:\/\/www.nedzink.com\/fr\/lucarnes\/\"]}]},{\"@type\":\"BreadcrumbList\",\"@id\":\"https:\/\/www.nedzink.com\/fr\/lucarnes\/#breadcrumb\",\"itemListElement\":[{\"@type\":\"ListItem\",\"position\":1,\"name\":\"Home\",\"item\":\"https:\/\/www.nedzink.com\/fr\/\"},{\"@type\":\"ListItem\",\"position\":2,\"name\":\"Lucarnes\"}]},{\"@type\":\"WebSite\",\"@id\":\"https:\/\/www.nedzink.com\/fr\/#website\",\"url\":\"https:\/\/www.nedzink.com\/fr\/\",\"name\":\"NedZink\",\"description\":\"Zink fabrikant\",\"publisher\":{\"@id\":\"https:\/\/www.nedzink.com\/fr\/#organization\"},\"potentialAction\":[{\"@type\":\"SearchAction\",\"target\":{\"@type\":\"EntryPoint\",\"urlTemplate\":\"https:\/\/www.nedzink.com\/fr\/?s={search_term_string}\"},\"query-input\":{\"@type\":\"PropertyValueSpecification\",\"valueRequired\":true,\"valueName\":\"search_term_string\"}}],\"inLanguage\":\"fr-FR\"},{\"@type\":\"Organization\",\"@id\":\"https:\/\/www.nedzink.com\/fr\/#organization\",\"name\":\"NedZink\",\"url\":\"https:\/\/www.nedzink.com\/fr\/\",\"logo\":{\"@type\":\"ImageObject\",\"inLanguage\":\"fr-FR\",\"@id\":\"https:\/\/www.nedzink.com\/fr\/#\/schema\/logo\/image\/\",\"url\":\"https:\/\/www.nedzink.com\/wp-content\/uploads\/2019\/08\/logo-nedzink_fc_zk.jpg\",\"contentUrl\":\"https:\/\/www.nedzink.com\/wp-content\/uploads\/2019\/08\/logo-nedzink_fc_zk.jpg\",\"width\":2160,\"height\":688,\"caption\":\"NedZink\"},\"image\":{\"@id\":\"https:\/\/www.nedzink.com\/fr\/#\/schema\/logo\/image\/\"}}]}<\/script>\n<!-- \/ Yoast SEO plugin. -->","yoast_head_json":{"title":"Lucarnes &#8211; NedZink","robots":{"index":"index","follow":"follow","max-snippet":"max-snippet:-1","max-image-preview":"max-image-preview:large","max-video-preview":"max-video-preview:-1"},"canonical":"https:\/\/www.nedzink.com\/fr\/lucarnes\/","og_locale":"fr_FR","og_type":"article","og_title":"Lucarnes &#8211; NedZink","og_description":"Lors du rev\u00eatement avec du zinc d\u2019une lucarne en bois dans une toiture en tuiles, il faut commencer par installer les goutti\u00e8res cach\u00e9es le long des c\u00f4t\u00e9s de la lucarne. Celles-ci sont raccord\u00e9es aux goutti\u00e8res cach\u00e9es d\u00e9j\u00e0 pr\u00e9sentes, elles-m\u00eames raccord\u00e9es \u00e0 la goutti\u00e8re de toit. La partie sup\u00e9rieure de la goutti\u00e8re cach\u00e9e est d\u00e9coup\u00e9e et [&hellip;]","og_url":"https:\/\/www.nedzink.com\/fr\/lucarnes\/","og_site_name":"NedZink","article_modified_time":"2021-02-08T11:02:30+00:00","twitter_card":"summary_large_image","twitter_misc":{"Dur\u00e9e de lecture estim\u00e9e":"3 minutes"},"schema":{"@context":"https:\/\/schema.org","@graph":[{"@type":"WebPage","@id":"https:\/\/www.nedzink.com\/fr\/lucarnes\/","url":"https:\/\/www.nedzink.com\/fr\/lucarnes\/","name":"Lucarnes &#8211; NedZink","isPartOf":{"@id":"https:\/\/www.nedzink.com\/fr\/#website"},"datePublished":"2019-06-04T12:56:01+00:00","dateModified":"2021-02-08T11:02:30+00:00","breadcrumb":{"@id":"https:\/\/www.nedzink.com\/fr\/lucarnes\/#breadcrumb"},"inLanguage":"fr-FR","potentialAction":[{"@type":"ReadAction","target":["https:\/\/www.nedzink.com\/fr\/lucarnes\/"]}]},{"@type":"BreadcrumbList","@id":"https:\/\/www.nedzink.com\/fr\/lucarnes\/#breadcrumb","itemListElement":[{"@type":"ListItem","position":1,"name":"Home","item":"https:\/\/www.nedzink.com\/fr\/"},{"@type":"ListItem","position":2,"name":"Lucarnes"}]},{"@type":"WebSite","@id":"https:\/\/www.nedzink.com\/fr\/#website","url":"https:\/\/www.nedzink.com\/fr\/","name":"NedZink","description":"Zink fabrikant","publisher":{"@id":"https:\/\/www.nedzink.com\/fr\/#organization"},"potentialAction":[{"@type":"SearchAction","target":{"@type":"EntryPoint","urlTemplate":"https:\/\/www.nedzink.com\/fr\/?s={search_term_string}"},"query-input":{"@type":"PropertyValueSpecification","valueRequired":true,"valueName":"search_term_string"}}],"inLanguage":"fr-FR"},{"@type":"Organization","@id":"https:\/\/www.nedzink.com\/fr\/#organization","name":"NedZink","url":"https:\/\/www.nedzink.com\/fr\/","logo":{"@type":"ImageObject","inLanguage":"fr-FR","@id":"https:\/\/www.nedzink.com\/fr\/#\/schema\/logo\/image\/","url":"https:\/\/www.nedzink.com\/wp-content\/uploads\/2019\/08\/logo-nedzink_fc_zk.jpg","contentUrl":"https:\/\/www.nedzink.com\/wp-content\/uploads\/2019\/08\/logo-nedzink_fc_zk.jpg","width":2160,"height":688,"caption":"NedZink"},"image":{"@id":"https:\/\/www.nedzink.com\/fr\/#\/schema\/logo\/image\/"}}]}},"_links":{"self":[{"href":"https:\/\/www.nedzink.com\/fr\/wp-json\/wp\/v2\/pages\/31024","targetHints":{"allow":["GET"]}}],"collection":[{"href":"https:\/\/www.nedzink.com\/fr\/wp-json\/wp\/v2\/pages"}],"about":[{"href":"https:\/\/www.nedzink.com\/fr\/wp-json\/wp\/v2\/types\/page"}],"author":[{"embeddable":true,"href":"https:\/\/www.nedzink.com\/fr\/wp-json\/wp\/v2\/users\/9"}],"replies":[{"embeddable":true,"href":"https:\/\/www.nedzink.com\/fr\/wp-json\/wp\/v2\/comments?post=31024"}],"version-history":[{"count":0,"href":"https:\/\/www.nedzink.com\/fr\/wp-json\/wp\/v2\/pages\/31024\/revisions"}],"wp:attachment":[{"href":"https:\/\/www.nedzink.com\/fr\/wp-json\/wp\/v2\/media?parent=31024"}],"curies":[{"name":"wp","href":"https:\/\/api.w.org\/{rel}","templated":true}]}}