{"id":31004,"date":"2019-06-04T14:55:56","date_gmt":"2019-06-04T12:55:56","guid":{"rendered":"http:\/\/136.144.181.85\/~nedzink\/infos-conseils\/accessoires-de-toitures\/"},"modified":"2020-08-10T14:37:36","modified_gmt":"2020-08-10T12:37:36","slug":"accessoires-de-toitures","status":"publish","type":"page","link":"https:\/\/www.nedzink.com\/fr\/accessoires-de-toitures\/","title":{"rendered":"Accessoires de toitures"},"content":{"rendered":"<p>Les rev\u00eatements de toit et de fa\u00e7ade en zinc n\u2019incluent pas seulement des applications \u00e0 plat. Les ouvertures de toit, les murs et les fen\u00eatres peuvent \u00e9galement b\u00e9n\u00e9ficier de rev\u00eatements en zinc.<\/p>\n<p>Dans ce cadre, il ne faut pas perdre les propri\u00e9t\u00e9s du mat\u00e9riau de vue, de m\u00eame qu\u2019il faut \u00e9valuer de mani\u00e8re critique les mat\u00e9riaux de construction utilis\u00e9s \u00e0 proximit\u00e9 du zinc.<\/p>\n<p>Il faut accorder une grande importance \u00e0 l\u2019\u00e9tanch\u00e9it\u00e9 et aux raccords de dilatation du m\u00e9tal dans les descriptions d\u00e9taill\u00e9es des lucarnes et autres ouvertures de toit.<\/p>\n<div>\n<p>&nbsp;<\/p>\n<\/div>\n","protected":false},"excerpt":{"rendered":"<p>Les rev\u00eatements de toit et de fa\u00e7ade en zinc n\u2019incluent pas seulement des applications \u00e0 plat. Les ouvertures de toit, les murs et les fen\u00eatres peuvent \u00e9galement b\u00e9n\u00e9ficier de rev\u00eatements en zinc. Dans ce cadre, il ne faut pas perdre les propri\u00e9t\u00e9s du mat\u00e9riau de vue, de m\u00eame qu\u2019il faut \u00e9valuer de mani\u00e8re critique les [&hellip;]<\/p>\n","protected":false},"author":9,"featured_media":0,"parent":0,"menu_order":990,"comment_status":"closed","ping_status":"closed","template":"template-import.php","meta":{"_acf_changed":false,"footnotes":""},"class_list":["post-31004","page","type-page","status-publish","hentry"],"acf":[],"yoast_head":"<!-- This site is optimized with the Yoast SEO plugin v26.8 - https:\/\/yoast.com\/product\/yoast-seo-wordpress\/ -->\n<title>Accessoires de toitures &#8211; NedZink<\/title>\n<meta name=\"robots\" content=\"index, follow, max-snippet:-1, max-image-preview:large, max-video-preview:-1\" \/>\n<link rel=\"canonical\" href=\"https:\/\/www.nedzink.com\/fr\/accessoires-de-toitures\/\" \/>\n<meta property=\"og:locale\" content=\"fr_FR\" \/>\n<meta property=\"og:type\" content=\"article\" \/>\n<meta property=\"og:title\" content=\"Accessoires de toitures &#8211; NedZink\" \/>\n<meta property=\"og:description\" content=\"Les rev\u00eatements de toit et de fa\u00e7ade en zinc n\u2019incluent pas seulement des applications \u00e0 plat. Les ouvertures de toit, les murs et les fen\u00eatres peuvent \u00e9galement b\u00e9n\u00e9ficier de rev\u00eatements en zinc. Dans ce cadre, il ne faut pas perdre les propri\u00e9t\u00e9s du mat\u00e9riau de vue, de m\u00eame qu\u2019il faut \u00e9valuer de mani\u00e8re critique les [&hellip;]\" \/>\n<meta property=\"og:url\" content=\"https:\/\/www.nedzink.com\/fr\/accessoires-de-toitures\/\" \/>\n<meta property=\"og:site_name\" content=\"NedZink\" \/>\n<meta property=\"article:modified_time\" content=\"2020-08-10T12:37:36+00:00\" \/>\n<meta name=\"twitter:card\" content=\"summary_large_image\" \/>\n<meta name=\"twitter:label1\" content=\"Dur\u00e9e de lecture estim\u00e9e\" \/>\n\t<meta name=\"twitter:data1\" content=\"1 minute\" \/>\n<script type=\"application\/ld+json\" class=\"yoast-schema-graph\">{\"@context\":\"https:\/\/schema.org\",\"@graph\":[{\"@type\":\"WebPage\",\"@id\":\"https:\/\/www.nedzink.com\/fr\/accessoires-de-toitures\/\",\"url\":\"https:\/\/www.nedzink.com\/fr\/accessoires-de-toitures\/\",\"name\":\"Accessoires de toitures &#8211; NedZink\",\"isPartOf\":{\"@id\":\"https:\/\/www.nedzink.com\/fr\/#website\"},\"datePublished\":\"2019-06-04T12:55:56+00:00\",\"dateModified\":\"2020-08-10T12:37:36+00:00\",\"breadcrumb\":{\"@id\":\"https:\/\/www.nedzink.com\/fr\/accessoires-de-toitures\/#breadcrumb\"},\"inLanguage\":\"fr-FR\",\"potentialAction\":[{\"@type\":\"ReadAction\",\"target\":[\"https:\/\/www.nedzink.com\/fr\/accessoires-de-toitures\/\"]}]},{\"@type\":\"BreadcrumbList\",\"@id\":\"https:\/\/www.nedzink.com\/fr\/accessoires-de-toitures\/#breadcrumb\",\"itemListElement\":[{\"@type\":\"ListItem\",\"position\":1,\"name\":\"Home\",\"item\":\"https:\/\/www.nedzink.com\/fr\/\"},{\"@type\":\"ListItem\",\"position\":2,\"name\":\"Accessoires de toitures\"}]},{\"@type\":\"WebSite\",\"@id\":\"https:\/\/www.nedzink.com\/fr\/#website\",\"url\":\"https:\/\/www.nedzink.com\/fr\/\",\"name\":\"NedZink\",\"description\":\"Zink fabrikant\",\"publisher\":{\"@id\":\"https:\/\/www.nedzink.com\/fr\/#organization\"},\"potentialAction\":[{\"@type\":\"SearchAction\",\"target\":{\"@type\":\"EntryPoint\",\"urlTemplate\":\"https:\/\/www.nedzink.com\/fr\/?s={search_term_string}\"},\"query-input\":{\"@type\":\"PropertyValueSpecification\",\"valueRequired\":true,\"valueName\":\"search_term_string\"}}],\"inLanguage\":\"fr-FR\"},{\"@type\":\"Organization\",\"@id\":\"https:\/\/www.nedzink.com\/fr\/#organization\",\"name\":\"NedZink\",\"url\":\"https:\/\/www.nedzink.com\/fr\/\",\"logo\":{\"@type\":\"ImageObject\",\"inLanguage\":\"fr-FR\",\"@id\":\"https:\/\/www.nedzink.com\/fr\/#\/schema\/logo\/image\/\",\"url\":\"https:\/\/www.nedzink.com\/wp-content\/uploads\/2019\/08\/logo-nedzink_fc_zk.jpg\",\"contentUrl\":\"https:\/\/www.nedzink.com\/wp-content\/uploads\/2019\/08\/logo-nedzink_fc_zk.jpg\",\"width\":2160,\"height\":688,\"caption\":\"NedZink\"},\"image\":{\"@id\":\"https:\/\/www.nedzink.com\/fr\/#\/schema\/logo\/image\/\"}}]}<\/script>\n<!-- \/ Yoast SEO plugin. -->","yoast_head_json":{"title":"Accessoires de toitures &#8211; NedZink","robots":{"index":"index","follow":"follow","max-snippet":"max-snippet:-1","max-image-preview":"max-image-preview:large","max-video-preview":"max-video-preview:-1"},"canonical":"https:\/\/www.nedzink.com\/fr\/accessoires-de-toitures\/","og_locale":"fr_FR","og_type":"article","og_title":"Accessoires de toitures &#8211; NedZink","og_description":"Les rev\u00eatements de toit et de fa\u00e7ade en zinc n\u2019incluent pas seulement des applications \u00e0 plat. Les ouvertures de toit, les murs et les fen\u00eatres peuvent \u00e9galement b\u00e9n\u00e9ficier de rev\u00eatements en zinc. Dans ce cadre, il ne faut pas perdre les propri\u00e9t\u00e9s du mat\u00e9riau de vue, de m\u00eame qu\u2019il faut \u00e9valuer de mani\u00e8re critique les [&hellip;]","og_url":"https:\/\/www.nedzink.com\/fr\/accessoires-de-toitures\/","og_site_name":"NedZink","article_modified_time":"2020-08-10T12:37:36+00:00","twitter_card":"summary_large_image","twitter_misc":{"Dur\u00e9e de lecture estim\u00e9e":"1 minute"},"schema":{"@context":"https:\/\/schema.org","@graph":[{"@type":"WebPage","@id":"https:\/\/www.nedzink.com\/fr\/accessoires-de-toitures\/","url":"https:\/\/www.nedzink.com\/fr\/accessoires-de-toitures\/","name":"Accessoires de toitures &#8211; NedZink","isPartOf":{"@id":"https:\/\/www.nedzink.com\/fr\/#website"},"datePublished":"2019-06-04T12:55:56+00:00","dateModified":"2020-08-10T12:37:36+00:00","breadcrumb":{"@id":"https:\/\/www.nedzink.com\/fr\/accessoires-de-toitures\/#breadcrumb"},"inLanguage":"fr-FR","potentialAction":[{"@type":"ReadAction","target":["https:\/\/www.nedzink.com\/fr\/accessoires-de-toitures\/"]}]},{"@type":"BreadcrumbList","@id":"https:\/\/www.nedzink.com\/fr\/accessoires-de-toitures\/#breadcrumb","itemListElement":[{"@type":"ListItem","position":1,"name":"Home","item":"https:\/\/www.nedzink.com\/fr\/"},{"@type":"ListItem","position":2,"name":"Accessoires de toitures"}]},{"@type":"WebSite","@id":"https:\/\/www.nedzink.com\/fr\/#website","url":"https:\/\/www.nedzink.com\/fr\/","name":"NedZink","description":"Zink fabrikant","publisher":{"@id":"https:\/\/www.nedzink.com\/fr\/#organization"},"potentialAction":[{"@type":"SearchAction","target":{"@type":"EntryPoint","urlTemplate":"https:\/\/www.nedzink.com\/fr\/?s={search_term_string}"},"query-input":{"@type":"PropertyValueSpecification","valueRequired":true,"valueName":"search_term_string"}}],"inLanguage":"fr-FR"},{"@type":"Organization","@id":"https:\/\/www.nedzink.com\/fr\/#organization","name":"NedZink","url":"https:\/\/www.nedzink.com\/fr\/","logo":{"@type":"ImageObject","inLanguage":"fr-FR","@id":"https:\/\/www.nedzink.com\/fr\/#\/schema\/logo\/image\/","url":"https:\/\/www.nedzink.com\/wp-content\/uploads\/2019\/08\/logo-nedzink_fc_zk.jpg","contentUrl":"https:\/\/www.nedzink.com\/wp-content\/uploads\/2019\/08\/logo-nedzink_fc_zk.jpg","width":2160,"height":688,"caption":"NedZink"},"image":{"@id":"https:\/\/www.nedzink.com\/fr\/#\/schema\/logo\/image\/"}}]}},"_links":{"self":[{"href":"https:\/\/www.nedzink.com\/fr\/wp-json\/wp\/v2\/pages\/31004","targetHints":{"allow":["GET"]}}],"collection":[{"href":"https:\/\/www.nedzink.com\/fr\/wp-json\/wp\/v2\/pages"}],"about":[{"href":"https:\/\/www.nedzink.com\/fr\/wp-json\/wp\/v2\/types\/page"}],"author":[{"embeddable":true,"href":"https:\/\/www.nedzink.com\/fr\/wp-json\/wp\/v2\/users\/9"}],"replies":[{"embeddable":true,"href":"https:\/\/www.nedzink.com\/fr\/wp-json\/wp\/v2\/comments?post=31004"}],"version-history":[{"count":0,"href":"https:\/\/www.nedzink.com\/fr\/wp-json\/wp\/v2\/pages\/31004\/revisions"}],"wp:attachment":[{"href":"https:\/\/www.nedzink.com\/fr\/wp-json\/wp\/v2\/media?parent=31004"}],"curies":[{"name":"wp","href":"https:\/\/api.w.org\/{rel}","templated":true}]}}