{"id":30933,"date":"2019-06-04T14:55:31","date_gmt":"2019-06-04T12:55:31","guid":{"rendered":"http:\/\/136.144.181.85\/~nedzink\/infos-conseils\/systemes-de-facades\/systeme-a-tasseaux\/"},"modified":"2021-12-22T15:45:21","modified_gmt":"2021-12-22T14:45:21","slug":"systeme-a-tasseaux","status":"publish","type":"page","link":"https:\/\/www.nedzink.com\/fr\/systeme-a-tasseaux\/","title":{"rendered":"Syst\u00e8me \u00e0 tasseaux"},"content":{"rendered":"<h2>Mise en oeuvre en toiture et en fa\u00e7ade<\/h2>\n<p>Le syst\u00e8me \u00e0 tasseaux convient pour les grandes et petites toitures pr\u00e9sentant une inclinaison min. de 3\u00b0 (de pr\u00e9f\u00e9rence sup\u00e9rieure \u00e0 7\u00b0) ainsi que pour les rev\u00eatements de fa\u00e7ade. La couverture \u00e0 tasseaux nedZink standard se compose de bacs en zinc relev\u00e9s de chaque c\u00f4t\u00e9 et s\u00e9par\u00e9s par des tasseaux en bois trap\u00e9zo\u00efdaux. Les tasseaux sont recouverts de couvre-joints.<\/p>\n<p>Cela permet d\u2019obtenir l\u2019aspect caract\u00e9ristique et relativement rustique du toit \u00e0 tasseaux. L\u2019\u00e9paisseur du zinc-titane utilis\u00e9<br \/>\nd\u00e9pend de la largeur des bacs et de la hauteur du toit (voir tableau 6.1.).<\/p>\n<div style=\"float: left; width: 230px; padding: 0 8px; border: 1px solid #888; margin-right: 10px;\">\n<p><strong>Sp\u00e9cification des profils standard de couverture \u00e0 tasseaux<\/strong><\/p>\n<p><strong>Bac standard <\/strong>(fig. 6.1)<br \/>\nLargeur: au maximum 890 mm, avec relev\u00e9 de 55 mm.<br \/>\nLargeur d\u00e9velopp\u00e9e max. 1000 mm.<br \/>\n\u00c9paisseur du mat\u00e9riau: 0,80 mm ou 1,00 mm.<\/p>\n<p><strong>Couvre-joint standard<\/strong> (fig. 6.2)<br \/>\nSection: 65 mm x 25 mm<br \/>\n\u00c9paisseur du mat\u00e9riau: comme bac standard.<br \/>\nbavette<br \/>\nLargeur : 330 mm.<br \/>\n\u00c9paisseur du mat\u00e9riau: comme bac standard.<\/p>\n<p><strong>Pattes (fixes et coulissantes)<\/strong> (voir fig.6.3 et 6.4)<br \/>\nLargeur : 50 mm. Longueur: &gt; 220 mm.<br \/>\n\u00c9paisseur du mat\u00e9riau: comme bac standard.<br \/>\nLes pattes sont fabriqu\u00e9es par le couvreur. La longueur peut d\u00e9passer la mesure donn\u00e9e ; elle sera coup\u00e9e \u00e0 la pose. Les pattes fixes permettent de fixer le bac standard tandis que les pattes coulissantes permettent la dilatation longitudinale du bac en zinc.<\/p>\n<p><strong>Tasseau <\/strong>(fig. 6.4)<br \/>\nEn bois de bonne qualit\u00e9, minimum classe de qualit\u00e9 C conforme \u00e0 nen 5466 (KVh 2000). Le tasseau doit \u00eatre bien droit et pr\u00e9cis.<\/p>\n<\/div>\n<h3>La couverture \u00e0 tasseaux zinc<\/h3>\n<p>Un toit \u00e0 tasseaux est une couverture constitu\u00e9e de plaques de zinc pr\u00e9sentant dans leur longueur des bords relev\u00e9s droits.<\/p>\n<p>Des tasseaux sont pos\u00e9s entre les bacs sur le voligeage. Ces lattes pr\u00e9sentent une section trap\u00e9zo\u00efdale et une largeur de 40-50 mm pour une hauteur de 60-70 mm. La finition \u00e9tanche entre les bacs standard et les tasseaux est obtenue par une moulure de couverture (couvre-joint).<\/p>\n<p>Les toitures \u00e0 tasseau sont pos\u00e9es sur le voligeage \u00e0 l\u2019aide de pattes. La largeur minimum des pattes est de 50 mm; leur \u00e9paisseur minimum est de 0,65 mm. Les pattes sont fix\u00e9es sur ou sous le tasseau en fonction du syst\u00e8me de pose choisi. On travaille \u00e9galement avec des pattes fixes et coulissantes dans le cas des couvertures \u00e0 tasseaux. ces pattes sont fix\u00e9es aux m\u00eames endroits que pour une toiture \u00e0 joint debout.<\/p>\n<h3>Dilatation<\/h3>\n<p>En raison de la dilatation et de la contraction induites par les fluctuations de temp\u00e9rature, les longueurs des bacs ne peuvent pas d\u00e9passer 10 m. Si la longueur de toiture d\u00e9passe 10 m, un joint de dilatation doit \u00eatre pr\u00e9vu au niveau des soudures transversales. Son ex\u00e9cution d\u00e9pend de l\u2019inclinaison du toit (voir figure 6,7). Le recouvrement est n\u00e9cessaire pour assurer l\u2019\u00e9tanch\u00e9it\u00e9 de la construction.<\/p>\n<h3>Rev\u00eatement de zinc fa\u00e7ade<\/h3>\n<p>Pour assurer l\u2019\u00e9tanch\u00e9it\u00e9 \u00e0 la pluie de la fa\u00e7ade, on utilise des bacs sp\u00e9cialement profil\u00e9s avec les tasseaux horizontaux (voir figure 6.5). Lorsque l\u2019on utilise des tasseaux pour un rev\u00eatement de fa\u00e7ade vertical, le bord sur\u00e9lev\u00e9 du tasseau doit pr\u00e9senter un rebord (voir fig. 6.6)<\/p>\n<p><img decoding=\"async\" style=\"width: 654px; height: 1671px;\" src=\"https:\/\/www.nedzink.com\/wp-content\/uploads\/import\/cms\/userfiles\/images\/figures-fr\/p058.png\" alt=\"\" \/><\/p>\n","protected":false},"excerpt":{"rendered":"<p>Mise en oeuvre en toiture et en fa\u00e7ade Le syst\u00e8me \u00e0 tasseaux convient pour les grandes et petites toitures pr\u00e9sentant une inclinaison min. de 3\u00b0 (de pr\u00e9f\u00e9rence sup\u00e9rieure \u00e0 7\u00b0) ainsi que pour les rev\u00eatements de fa\u00e7ade. La couverture \u00e0 tasseaux nedZink standard se compose de bacs en zinc relev\u00e9s de chaque c\u00f4t\u00e9 et s\u00e9par\u00e9s [&hellip;]<\/p>\n","protected":false},"author":9,"featured_media":0,"parent":0,"menu_order":900,"comment_status":"closed","ping_status":"closed","template":"template-import.php","meta":{"_acf_changed":false,"footnotes":""},"class_list":["post-30933","page","type-page","status-publish","hentry"],"acf":[],"yoast_head":"<!-- This site is optimized with the Yoast SEO plugin v26.8 - https:\/\/yoast.com\/product\/yoast-seo-wordpress\/ -->\n<title>Syst\u00e8me \u00e0 tasseaux &#8211; NedZink<\/title>\n<meta name=\"description\" content=\"La couverture \u00e0 tasseaux nedZink standard se compose de bacs en zinc relev\u00e9s de chaque c\u00f4t\u00e9 et s\u00e9par\u00e9s par des tasseaux en bois trap\u00e9zo\u00efdaux.\" \/>\n<meta name=\"robots\" content=\"index, follow, max-snippet:-1, max-image-preview:large, max-video-preview:-1\" \/>\n<link rel=\"canonical\" href=\"https:\/\/www.nedzink.com\/fr\/systeme-a-tasseaux\/\" \/>\n<meta property=\"og:locale\" content=\"fr_FR\" \/>\n<meta property=\"og:type\" content=\"article\" \/>\n<meta property=\"og:title\" content=\"Syst\u00e8me \u00e0 tasseaux &#8211; NedZink\" \/>\n<meta property=\"og:description\" content=\"La couverture \u00e0 tasseaux nedZink standard se compose de bacs en zinc relev\u00e9s de chaque c\u00f4t\u00e9 et s\u00e9par\u00e9s par des tasseaux en bois trap\u00e9zo\u00efdaux.\" \/>\n<meta property=\"og:url\" content=\"https:\/\/www.nedzink.com\/fr\/systeme-a-tasseaux\/\" \/>\n<meta property=\"og:site_name\" content=\"NedZink\" \/>\n<meta property=\"article:modified_time\" content=\"2021-12-22T14:45:21+00:00\" \/>\n<meta property=\"og:image\" content=\"https:\/\/www.nedzink.com\/wp-content\/uploads\/import\/cms\/userfiles\/images\/figures-fr\/p058.png\" \/>\n<meta name=\"twitter:card\" content=\"summary_large_image\" \/>\n<meta name=\"twitter:label1\" content=\"Dur\u00e9e de lecture estim\u00e9e\" \/>\n\t<meta name=\"twitter:data1\" content=\"3 minutes\" \/>\n<script type=\"application\/ld+json\" class=\"yoast-schema-graph\">{\"@context\":\"https:\/\/schema.org\",\"@graph\":[{\"@type\":\"WebPage\",\"@id\":\"https:\/\/www.nedzink.com\/fr\/systeme-a-tasseaux\/\",\"url\":\"https:\/\/www.nedzink.com\/fr\/systeme-a-tasseaux\/\",\"name\":\"Syst\u00e8me \u00e0 tasseaux &#8211; NedZink\",\"isPartOf\":{\"@id\":\"https:\/\/www.nedzink.com\/fr\/#website\"},\"primaryImageOfPage\":{\"@id\":\"https:\/\/www.nedzink.com\/fr\/systeme-a-tasseaux\/#primaryimage\"},\"image\":{\"@id\":\"https:\/\/www.nedzink.com\/fr\/systeme-a-tasseaux\/#primaryimage\"},\"thumbnailUrl\":\"https:\/\/www.nedzink.com\/wp-content\/uploads\/import\/cms\/userfiles\/images\/figures-fr\/p058.png\",\"datePublished\":\"2019-06-04T12:55:31+00:00\",\"dateModified\":\"2021-12-22T14:45:21+00:00\",\"description\":\"La couverture \u00e0 tasseaux nedZink standard se compose de bacs en zinc relev\u00e9s de chaque c\u00f4t\u00e9 et s\u00e9par\u00e9s par des tasseaux en bois trap\u00e9zo\u00efdaux.\",\"breadcrumb\":{\"@id\":\"https:\/\/www.nedzink.com\/fr\/systeme-a-tasseaux\/#breadcrumb\"},\"inLanguage\":\"fr-FR\",\"potentialAction\":[{\"@type\":\"ReadAction\",\"target\":[\"https:\/\/www.nedzink.com\/fr\/systeme-a-tasseaux\/\"]}]},{\"@type\":\"ImageObject\",\"inLanguage\":\"fr-FR\",\"@id\":\"https:\/\/www.nedzink.com\/fr\/systeme-a-tasseaux\/#primaryimage\",\"url\":\"https:\/\/www.nedzink.com\/wp-content\/uploads\/import\/cms\/userfiles\/images\/figures-fr\/p058.png\",\"contentUrl\":\"https:\/\/www.nedzink.com\/wp-content\/uploads\/import\/cms\/userfiles\/images\/figures-fr\/p058.png\"},{\"@type\":\"BreadcrumbList\",\"@id\":\"https:\/\/www.nedzink.com\/fr\/systeme-a-tasseaux\/#breadcrumb\",\"itemListElement\":[{\"@type\":\"ListItem\",\"position\":1,\"name\":\"Home\",\"item\":\"https:\/\/www.nedzink.com\/fr\/\"},{\"@type\":\"ListItem\",\"position\":2,\"name\":\"Syst\u00e8me \u00e0 tasseaux\"}]},{\"@type\":\"WebSite\",\"@id\":\"https:\/\/www.nedzink.com\/fr\/#website\",\"url\":\"https:\/\/www.nedzink.com\/fr\/\",\"name\":\"NedZink\",\"description\":\"Zink fabrikant\",\"publisher\":{\"@id\":\"https:\/\/www.nedzink.com\/fr\/#organization\"},\"potentialAction\":[{\"@type\":\"SearchAction\",\"target\":{\"@type\":\"EntryPoint\",\"urlTemplate\":\"https:\/\/www.nedzink.com\/fr\/?s={search_term_string}\"},\"query-input\":{\"@type\":\"PropertyValueSpecification\",\"valueRequired\":true,\"valueName\":\"search_term_string\"}}],\"inLanguage\":\"fr-FR\"},{\"@type\":\"Organization\",\"@id\":\"https:\/\/www.nedzink.com\/fr\/#organization\",\"name\":\"NedZink\",\"url\":\"https:\/\/www.nedzink.com\/fr\/\",\"logo\":{\"@type\":\"ImageObject\",\"inLanguage\":\"fr-FR\",\"@id\":\"https:\/\/www.nedzink.com\/fr\/#\/schema\/logo\/image\/\",\"url\":\"https:\/\/www.nedzink.com\/wp-content\/uploads\/2019\/08\/logo-nedzink_fc_zk.jpg\",\"contentUrl\":\"https:\/\/www.nedzink.com\/wp-content\/uploads\/2019\/08\/logo-nedzink_fc_zk.jpg\",\"width\":2160,\"height\":688,\"caption\":\"NedZink\"},\"image\":{\"@id\":\"https:\/\/www.nedzink.com\/fr\/#\/schema\/logo\/image\/\"}}]}<\/script>\n<!-- \/ Yoast SEO plugin. -->","yoast_head_json":{"title":"Syst\u00e8me \u00e0 tasseaux &#8211; NedZink","description":"La couverture \u00e0 tasseaux nedZink standard se compose de bacs en zinc relev\u00e9s de chaque c\u00f4t\u00e9 et s\u00e9par\u00e9s par des tasseaux en bois trap\u00e9zo\u00efdaux.","robots":{"index":"index","follow":"follow","max-snippet":"max-snippet:-1","max-image-preview":"max-image-preview:large","max-video-preview":"max-video-preview:-1"},"canonical":"https:\/\/www.nedzink.com\/fr\/systeme-a-tasseaux\/","og_locale":"fr_FR","og_type":"article","og_title":"Syst\u00e8me \u00e0 tasseaux &#8211; NedZink","og_description":"La couverture \u00e0 tasseaux nedZink standard se compose de bacs en zinc relev\u00e9s de chaque c\u00f4t\u00e9 et s\u00e9par\u00e9s par des tasseaux en bois trap\u00e9zo\u00efdaux.","og_url":"https:\/\/www.nedzink.com\/fr\/systeme-a-tasseaux\/","og_site_name":"NedZink","article_modified_time":"2021-12-22T14:45:21+00:00","og_image":[{"url":"https:\/\/www.nedzink.com\/wp-content\/uploads\/import\/cms\/userfiles\/images\/figures-fr\/p058.png","type":"","width":"","height":""}],"twitter_card":"summary_large_image","twitter_misc":{"Dur\u00e9e de lecture estim\u00e9e":"3 minutes"},"schema":{"@context":"https:\/\/schema.org","@graph":[{"@type":"WebPage","@id":"https:\/\/www.nedzink.com\/fr\/systeme-a-tasseaux\/","url":"https:\/\/www.nedzink.com\/fr\/systeme-a-tasseaux\/","name":"Syst\u00e8me \u00e0 tasseaux &#8211; NedZink","isPartOf":{"@id":"https:\/\/www.nedzink.com\/fr\/#website"},"primaryImageOfPage":{"@id":"https:\/\/www.nedzink.com\/fr\/systeme-a-tasseaux\/#primaryimage"},"image":{"@id":"https:\/\/www.nedzink.com\/fr\/systeme-a-tasseaux\/#primaryimage"},"thumbnailUrl":"https:\/\/www.nedzink.com\/wp-content\/uploads\/import\/cms\/userfiles\/images\/figures-fr\/p058.png","datePublished":"2019-06-04T12:55:31+00:00","dateModified":"2021-12-22T14:45:21+00:00","description":"La couverture \u00e0 tasseaux nedZink standard se compose de bacs en zinc relev\u00e9s de chaque c\u00f4t\u00e9 et s\u00e9par\u00e9s par des tasseaux en bois trap\u00e9zo\u00efdaux.","breadcrumb":{"@id":"https:\/\/www.nedzink.com\/fr\/systeme-a-tasseaux\/#breadcrumb"},"inLanguage":"fr-FR","potentialAction":[{"@type":"ReadAction","target":["https:\/\/www.nedzink.com\/fr\/systeme-a-tasseaux\/"]}]},{"@type":"ImageObject","inLanguage":"fr-FR","@id":"https:\/\/www.nedzink.com\/fr\/systeme-a-tasseaux\/#primaryimage","url":"https:\/\/www.nedzink.com\/wp-content\/uploads\/import\/cms\/userfiles\/images\/figures-fr\/p058.png","contentUrl":"https:\/\/www.nedzink.com\/wp-content\/uploads\/import\/cms\/userfiles\/images\/figures-fr\/p058.png"},{"@type":"BreadcrumbList","@id":"https:\/\/www.nedzink.com\/fr\/systeme-a-tasseaux\/#breadcrumb","itemListElement":[{"@type":"ListItem","position":1,"name":"Home","item":"https:\/\/www.nedzink.com\/fr\/"},{"@type":"ListItem","position":2,"name":"Syst\u00e8me \u00e0 tasseaux"}]},{"@type":"WebSite","@id":"https:\/\/www.nedzink.com\/fr\/#website","url":"https:\/\/www.nedzink.com\/fr\/","name":"NedZink","description":"Zink fabrikant","publisher":{"@id":"https:\/\/www.nedzink.com\/fr\/#organization"},"potentialAction":[{"@type":"SearchAction","target":{"@type":"EntryPoint","urlTemplate":"https:\/\/www.nedzink.com\/fr\/?s={search_term_string}"},"query-input":{"@type":"PropertyValueSpecification","valueRequired":true,"valueName":"search_term_string"}}],"inLanguage":"fr-FR"},{"@type":"Organization","@id":"https:\/\/www.nedzink.com\/fr\/#organization","name":"NedZink","url":"https:\/\/www.nedzink.com\/fr\/","logo":{"@type":"ImageObject","inLanguage":"fr-FR","@id":"https:\/\/www.nedzink.com\/fr\/#\/schema\/logo\/image\/","url":"https:\/\/www.nedzink.com\/wp-content\/uploads\/2019\/08\/logo-nedzink_fc_zk.jpg","contentUrl":"https:\/\/www.nedzink.com\/wp-content\/uploads\/2019\/08\/logo-nedzink_fc_zk.jpg","width":2160,"height":688,"caption":"NedZink"},"image":{"@id":"https:\/\/www.nedzink.com\/fr\/#\/schema\/logo\/image\/"}}]}},"_links":{"self":[{"href":"https:\/\/www.nedzink.com\/fr\/wp-json\/wp\/v2\/pages\/30933","targetHints":{"allow":["GET"]}}],"collection":[{"href":"https:\/\/www.nedzink.com\/fr\/wp-json\/wp\/v2\/pages"}],"about":[{"href":"https:\/\/www.nedzink.com\/fr\/wp-json\/wp\/v2\/types\/page"}],"author":[{"embeddable":true,"href":"https:\/\/www.nedzink.com\/fr\/wp-json\/wp\/v2\/users\/9"}],"replies":[{"embeddable":true,"href":"https:\/\/www.nedzink.com\/fr\/wp-json\/wp\/v2\/comments?post=30933"}],"version-history":[{"count":0,"href":"https:\/\/www.nedzink.com\/fr\/wp-json\/wp\/v2\/pages\/30933\/revisions"}],"wp:attachment":[{"href":"https:\/\/www.nedzink.com\/fr\/wp-json\/wp\/v2\/media?parent=30933"}],"curies":[{"name":"wp","href":"https:\/\/api.w.org\/{rel}","templated":true}]}}