{"id":30871,"date":"2019-06-04T14:55:05","date_gmt":"2019-06-04T12:55:05","guid":{"rendered":"http:\/\/136.144.181.85\/~nedzink\/infos-conseils\/systemes-de-toiture\/systeme-a-joint-debout\/"},"modified":"2021-12-22T15:34:19","modified_gmt":"2021-12-22T14:34:19","slug":"systeme-a-joint-debout","status":"publish","type":"page","link":"https:\/\/www.nedzink.com\/fr\/systeme-a-joint-debout\/","title":{"rendered":"Syst\u00e8me \u00e0 zinc joint debout"},"content":{"rendered":"<h2><img decoding=\"async\" style=\"width: 321px; height: 578px; float: left; margin-left: 3px; margin-right: 3px;\" src=\"https:\/\/www.nedzink.com\/wp-content\/uploads\/import\/cms\/userfiles\/images\/figures-fr\/p054.png\" alt=\"\" \/>G\u00e9n\u00e9ralit\u00e9s<\/h2>\n<p>Le syst\u00e8me \u00e0 zinc joint debout permet de r\u00e9aliser un rev\u00eatement \u00e9tanche pour les toitures et fa\u00e7ades pr\u00e9sentant une inclinaison de minimum 3\u00b0 (de pr\u00e9f\u00e9rence plus de 7\u00b0). L\u2019agrafage simple est utilis\u00e9 pour les toits pr\u00e9sentant une inclinaison \u00e0 partir de 25\u00b0 ainsi que pour les fa\u00e7ades. un double agrafage debout sera utilis\u00e9 pour les toits pr\u00e9sentant une pente inf\u00e9rieure \u00e0 25\u00b0.<\/p>\n<p>Ce syst\u00e8me permet de rev\u00eatir rapidement et de fa\u00e7on<br \/>\n\u00e9conomique un toit ou une fa\u00e7ade en zinc-titane. Ces avantages sont dus \u00e0 la possibilit\u00e9 de travailler avec des bacs pr\u00e9fabriqu\u00e9s et de r\u00e9aliser les agrafes \u00e0 la machine, ce qui r\u00e9duit au minimum le travail \u00e0 la main.<\/p>\n<p>Les bacs pr\u00e9profil\u00e9s sont livr\u00e9s standard d\u2019usine. L\u2019agrafage simple ou double est r\u00e9alis\u00e9 sur le chantier, \u00e0 la machine ou \u00e0 la main. hormis les bacs droits, il est \u00e9galement parfaitement possible de produire des bacs cintr\u00e9s (convexes ou concaves) et des bacs coniques. Les bacs se fixent au voligeage par des pattes fixes ou coulissantes (voir figure 5.1).<\/p>\n<h2>Le toit \u00e0 zinc joint debout<\/h2>\n<p>Sur un toit \u00e0 joint debout, les bacs en zinc sont fix\u00e9s les uns aux autres avec des raccords dits \u00e0 joint debout. L\u2019\u00e9paisseur du mat\u00e9riau est de 0,80 mm. La largeur de bac admissible est d\u00e9termin\u00e9e par la charge au vent et la hauteur du toit. Les largeurs standard varient de 330 mm \u00e0 530 mm. La longueur de bac maximum est de 10 m\u00e8tres (plage de service thermique : 20 mm). Tenez compte des \u00e9ventuels probl\u00e8mes de manipulation quand vous effectuez votre choix.<\/p>\n<p>Le raccord agraf\u00e9 peut se composer d\u2019un raccord simple ou double. L\u2019\u00e9tanch\u00e9it\u00e9 d\u2019un raccord simple est moindre, et ce dernier ne peut d\u00e8s lors \u00eatre utilis\u00e9 que sur les toits pr\u00e9sentant une inclinaison sup\u00e9rieure \u00e0 25\u00b0. Les pattes fixes permettent de fixer le rev\u00eatement sur une longueur d\u2019un m\u00e8tre. des pattes coulissantes sont utilis\u00e9es pour la longueur restante.<\/p>\n<p>L\u2019emplacement des pattes fixes d\u00e9pend de la pente du toit. La figure 5.2 ci-contre repr\u00e9sente le rapport entre l\u2019emplacement de la patte fixe et l\u2019angle d\u2019inclinaison. Les pattes fixes permettent d\u2019\u00e9viter aux bacs de glisser. Les bacs jusqu\u2019\u00e0 3 m\u00e8tres peuvent \u00eatre enti\u00e8rement fix\u00e9s avec des pattes fixes. Si la longueur d\u00e9passe 3 m\u00e8tres, le bac est fix\u00e9 sur une longueur d\u2019un m\u00e8tre avec des pattes fixes, le reste l\u2019\u00e9tant avec des pattes coulissantes.<\/p>\n<h2>Rev\u00eatement de zinc fa\u00e7ade<\/h2>\n<p>Sur une fa\u00e7ade \u00e0 joint debout, les bacs en zinc sont fix\u00e9s les uns aux autres avec des raccords dits \u00e0 joint debout. L\u2019\u00e9paisseur du mat\u00e9riau est de 0,80 mm. La largeur de bac admissible est d\u00e9termin\u00e9e par la charge au vent et la hauteur de la fa\u00e7ade.<\/p>\n<h3>Fa\u00e7ade \u00e0 zinc joint debout horizontal et vertical<\/h3>\n<p>Si les bacs sont plac\u00e9s de mani\u00e8re horizontale, nous recommandons de limiter id\u00e9alement la largeur des bacs \u00e0 300 \u00e0 430 mm et leur longueur \u00e0 environ 5 m\u00e8tres pour en faciliter la manipulation.<\/p>\n<p>Si les bacs sont plac\u00e9s de mani\u00e8re verticale, nous recommandons de limiter la largeur des bacs \u00e0 500 mm et leur longueur \u00e0 environ 6 m\u00e8tres pour en faciliter la manipulation.<\/p>\n<p>Le syst\u00e8me \u00e0 joint debout utilis\u00e9 en rev\u00eatement de fa\u00e7ade n\u00e9cessite \u00e9galement une nappe d\u2019air de ventilation derri\u00e8re le zinc-titane. La m\u00e9thode de travail pour une fa\u00e7ade est identique \u00e0 celle d\u2019une couverture de toit.<\/p>\n<h2>Support<\/h2>\n<p>Le syst\u00e8me \u00e0 joint debout repose enti\u00e8rement sur un voligeage de bois d\u2019une \u00e9paisseur d\u2019au minimum 23 mm. ce dernier est r\u00e9alis\u00e9 en liteaux d\u2019au minimum 23 mm d\u2019\u00e9paisseur, non rabot\u00e9s, non rainur\u00e9s, non crant\u00e9s et plac\u00e9s avec des joints d\u2019au moins 5 mm. cet espace entre les liteaux peut \u00eatre<br \/>\naugment\u00e9 en fonction de l\u2019inclinaison du toit:<\/p>\n<ul>\n<li>inclinaison jusqu\u2019\u00e0 45\u00ba 5 &#8211; 10 mm<\/li>\n<li>inclinaison entre 45\u00ba et 70\u00ba 5 &#8211; 50 mm<\/li>\n<li>inclinaison entre 70\u00ba et 90\u00ba 5 &#8211; 100 mm<\/li>\n<\/ul>\n<p>Les exigences en mati\u00e8re de construction sont \u00e9galement importantes ici.<\/p>\n<p>Pour r\u00e9aliser une fa\u00e7ade, il faut positionner les \u00e9l\u00e9ments en bois en fonction de l\u2019emplacement o\u00f9 les pattes doivent \u00eatre mont\u00e9es. La fixation se fait avec des pointes galvanis\u00e9es pr\u00e9sentant une couche de zinc d\u2019au moins 20 microns ou avec des pointes en inox AiSi 304.<\/p>\n<h3>Fixation des pattes<\/h3>\n<p>La fixation des bacs sur le voligeage se fait \u00e0 l\u2019aide de pattes. Les pattes fixes permettent de fixer le bac standard, tandis que les pattes coulissantes permettent la dilatation longitudinale du bac en zinc. La patte est fix\u00e9e sur le bac inf\u00e9rieur et sur le voligeage. ensuite, le bac suivant est pos\u00e9 par-dessus et immobilis\u00e9 par agrafage. Se reporter \u00e0 la figure 5.2 pour le positionnement correct des pattes fixes. Les pattes sont fix\u00e9es sur le voligeage. Le nombre de pattes \u00e0 utiliser doit \u00eatre conforme aux indications fournies au tableau suivant.<\/p>\n<p>Tableau 5.1 nombre de pattes par m\u00b2 et leur \u00e9cartement en fonction de la largeur des bacs et de la hauteur du toit.<\/p>\n<table style=\"width: 500px;\" border=\"1\" cellspacing=\"0\" cellpadding=\"1\">\n<colgroup>\n<col \/>\n<col \/>\n<col span=\"2\" \/> <\/colgroup>\n<tbody>\n<tr>\n<td rowspan=\"4\">Hauteur du toit<\/td>\n<td rowspan=\"4\">Partie du toit<\/td>\n<td colspan=\"2\">Largeur des bacs*<\/td>\n<\/tr>\n<tr>\n<td>500 mm<\/td>\n<td>530 mm<\/td>\n<\/tr>\n<tr>\n<td colspan=\"2\">Nombre de pattes par m2 et leur entraxe en mm<\/td>\n<\/tr>\n<tr>\n<td>Nombre \u2013 \u00e9cartement<\/td>\n<td>Nombre \u2013 \u00e9cartement<\/td>\n<\/tr>\n<tr>\n<td>20 &#8211; 100 m<\/td>\n<td>plan central<\/td>\n<td>8 &#8211; 250<\/td>\n<td>8 &#8211; 210<\/td>\n<\/tr>\n<tr>\n<td><\/td>\n<td>bacs lat\u00e9raux<\/td>\n<td>8 &#8211; 250<\/td>\n<td>8 &#8211; 210<\/td>\n<\/tr>\n<tr>\n<td>8 &#8211; 20 m<\/td>\n<td>plan central<\/td>\n<td>5 &#8211; 400<\/td>\n<td>5 &#8211; 330<\/td>\n<\/tr>\n<tr>\n<td><\/td>\n<td>bacs lat\u00e9raux<\/td>\n<td>6 &#8211; 330<\/td>\n<td>6 &#8211; 280<\/td>\n<\/tr>\n<tr>\n<td>0 &#8211; 8 m<\/td>\n<td>plan central<\/td>\n<td>5 &#8211; 400<\/td>\n<td>5 &#8211; 330<\/td>\n<\/tr>\n<tr>\n<td><\/td>\n<td>bacs lat\u00e9raux<\/td>\n<td>5 &#8211; 400<\/td>\n<td>5 &#8211; 330<\/td>\n<\/tr>\n<\/tbody>\n<\/table>\n<p>*) \u00e9paisseur minimum du zinc-titane 0,80 mm;<br \/>\nle tableau est valable pour les zones de vent i (zone c\u00f4ti\u00e8re), ii et iii (voir nen 6702).<\/p>\n<h2><img decoding=\"async\" style=\"width: 269px; height: 832px; margin: 9px 3px; float: left;\" src=\"https:\/\/www.nedzink.com\/wp-content\/uploads\/import\/cms\/userfiles\/images\/figures-fr\/p055.png\" alt=\"\" \/>Pose de la couverture en zinc<\/h2>\n<h3>Tra\u00e7age du toit<\/h3>\n<p>Le tra\u00e7age se fait \u00e0 partir de l\u2019axe de la toiture ou de la fa\u00e7ade.<br \/>\nLes bacs sont ensuite trac\u00e9s de part et d\u2019autre de cet axe.<br \/>\nil est conseill\u00e9 de d\u00e9terminer le jeu de lignes d\u2019un commun accord avec le ma\u00eetre d\u2019ouvrage.<\/p>\n<h3>Dilatation<\/h3>\n<p>en raison de la dilatation et de la contraction induites par les fluctuations de temp\u00e9rature, les longueurs des bacs ne peuvent pas d\u00e9passer 10 m. Si la longueur de la toiture d\u00e9passe 10 m, un ressaut destin\u00e9 \u00e0 absorber la dilatation doit \u00eatre intercal\u00e9. Son ex\u00e9cution d\u00e9pend de l\u2019inclinaison du toit (voir figure 5.6). Le recouvrement est n\u00e9cessaire pour assurer l\u2019\u00e9tanch\u00e9it\u00e9 de la construction. \u00c0 l\u2019emplacement du ressaut de dilatation, une partie du profilage est d\u00e9coup\u00e9e pour \u00e9viter d\u2019avoir un agrafage trop \u00e9pais (voir figure 5.7).<\/p>\n<h3>Pose des bacs verticaux<\/h3>\n<p>Le montage des bacs se fait de gauche \u00e0 droite ou inversement selon le trac\u00e9 sur le voligeage. Avant de poser le premier bac, le raccord \u00e0 l\u2019\u00e9gout doit toutefois \u00eatre r\u00e9alis\u00e9. La figure 5.3 montre un exemple de raccord \u00e0 l\u2019\u00e9gout avec bavette. Le premier bac est pos\u00e9 par-dessus la bavette avec un chevauchement d\u2019au moins 25 mm.<\/p>\n<p>Comme le premier bac doit servir de raccord de rive, il n\u2019aura g\u00e9n\u00e9ralement pas la largeur utile standard. d\u00e8s qu\u2019il est en place, on pose les pattes fixes et coulissantes. L\u2019emplacement de ces pattes fixes d\u00e9pend de la pente du toit (voir figure 5.2). On se reportera au tableau 5.1 pour calculer la distance entre les pattes des diff\u00e9rentes largeurs de bacs et hauteurs de toit.<\/p>\n<p>Une fois le premier bac plac\u00e9 et les pattes fix\u00e9es, on pose le deuxi\u00e8me bac sans exercer de pression lat\u00e9rale et en m\u00e9nageant un chevauchement suffisant. Si le pan de toiture est tr\u00e8s long et qu\u2019il faut plusieurs bacs, on pose et fixe d\u2019abord tout le bac de l\u2019\u00e9gout au fa\u00eete avant de poser le bac suivant (voir figure 5.6.). Le deuxi\u00e8me bac est ensuite pos\u00e9 depuis l\u2019\u00e9gout. d\u00e8s que le deuxi\u00e8me bac est en place, les pattes fixes et coulissantes sont pos\u00e9es comme d\u00e9crit pr\u00e9c\u00e9demment. On referme ensuite les agrafes \u00e0 la main ou \u00e0 la machine \u00e0 plier.<\/p>\n<p>Pour finir le raccord \u00e0 l\u2019\u00e9gout la face inf\u00e9rieure du bac doit \u00eatre entaill\u00e9e et pli\u00e9e. Voici la marche \u00e0 suivre: pour obtenir une ligne d\u2019\u00e9gout rectiligne, tracer le bas de pente sur le zinc. Entailler ensuite la feuille comme indiqu\u00e9 \u00e0 la figure 5.11.<\/p>\n<p>Une premi\u00e8re entaille verticale est pratiqu\u00e9e le long de la ligne avec une pince \u00e0 larmier droite. elle est ensuite referm\u00e9e \u00e0 l\u2019aide d\u2019une pince \u00e0 larmier coud\u00e9e.<\/p>\n<h2>Pose d\u2019un rev\u00eatement de zinc fa\u00e7ade<\/h2>\n<p>Le rev\u00eatement de fa\u00e7ade est r\u00e9alis\u00e9 avec des bacs horizontaux et des bacs verticaux. Seul l\u2019agrafage simple peut \u00eatre utilis\u00e9e pour poser un rev\u00eatement de fa\u00e7ade.<br \/>\nLe montage des bacs verticaux contre la fa\u00e7ade se fait de la m\u00eame fa\u00e7on que la pose d\u2019une toiture, \u00e0 la diff\u00e9rence pr\u00e8s que l\u2019on utilise des pattes fixes (voir figure 5.2) pour le m\u00e8tre sup\u00e9rieur du bac. Le nombre de pattes \u00e0 utiliser doit \u00eatre conforme aux indications fournies au tableau 5.1. Les bacs horizontaux d\u2019une longueur inf\u00e9rieure ou \u00e9gale \u00e0 3 m\u00e8tres sont enti\u00e8rement fix\u00e9s avec des pattes fixes. Les bacs plus longs que 3 m\u00e8tres sont fix\u00e9s sur une zone d\u2019un m\u00e8tre au centre des bacs. Le reste est pos\u00e9 avec des pattes coulissantes.<\/p>\n<h3>Outillage<\/h3>\n<p>hormis l\u2019outillage \u00e0 zinc classique, on aura besoin notamment d\u2019une pince \u00e0 joint debout, d\u2019une pince plieuse \u00e0 larmier droite et d\u2019une pince plieuse \u00e0 larmier coud\u00e9e.<\/p>\n<h2><img decoding=\"async\" style=\"width: 264px; height: 829px; margin-left: 3px; margin-right: 3px; float: left;\" src=\"https:\/\/www.nedzink.com\/wp-content\/uploads\/import\/cms\/userfiles\/images\/figures-fr\/p056.png\" alt=\"\" \/>Raccords<\/h2>\n<h3>Fa\u00eetage<\/h3>\n<p>Pour ex\u00e9cuter le fa\u00eetage, coucher le joint avec avec l\u2019ouverture en dessous comme illustr\u00e9 \u00e0 la figure 5.8. dans ce cas, le profil d\u2019agrafage pr\u00e9form\u00e9 est pli\u00e9 localement pour former un rebord droit.<\/p>\n<h3>Rive<\/h3>\n<p>Pour la finition lat\u00e9rale, le zinc du premier et du dernier bac est relev\u00e9 contre un rebord en bois, par exemple un tasseau. ces bacs p\u00e9riph\u00e9riques peuvent \u00eatre pos\u00e9s au pr\u00e9alable sur le toit \u00e0 la largeur souhait\u00e9e et modifi\u00e9s pour assurer le raccord contre le rebord en bois. Le bord sur\u00e9lev\u00e9 doit mesurer au minimum 55 mm de hauteur. La construction est repr\u00e9sent\u00e9e \u00e0 la figure 5.9.<\/p>\n<p>Le tasseau est recouvert d\u2019un profil au choix. tant la moulure de couverture que le rebord en bois et le rebord du bac sont fix\u00e9s avec trois pattes par m\u00e8tre.<\/p>\n<h3>Raccord frontal au mur<\/h3>\n<p>La figure 5.10 repr\u00e9sente un exemple de raccord frontal au mur dans la longueur du toit. ici aussi, il faut pr\u00e9voir une lame d\u2019air de ventilation.<\/p>\n<h3>Travers\u00e9es<\/h3>\n<p>Elles se r\u00e9alisent comme les raccords \u00e0 l\u2019\u00e9gout, \u00e0 la rive ou au fa\u00eetage. Le zinc ne doit jamais coller contre la travers\u00e9e. il faut toujours m\u00e9nager un jeu pour la dilatation et la contraction de la toiture. Les figures 5.14 et 5.15 illustrent des exemples de chemin\u00e9es traversant un toit.<\/p>\n<h3>ar\u00eatier<\/h3>\n<p>Un tasseau constitue la s\u00e9paration entre les deux pans du toit. La fixation du tasseau sur l\u2019ar\u00eatier doit \u00eatre suffisamment bien ancr\u00e9e avec les \u00e9l\u00e9ments de fixation ad\u00e9quats. Le raccord oblique du bac sur le tasseau co\u00efncide avec le raccord de fa\u00eete repr\u00e9sent\u00e9 \u00e0 la figure 5.9. un couvre-joint recouvre le tasseau. La hauteur du bord relev\u00e9 contre le couvre-joint est d\u2019au moins 55 mm, mesur\u00e9 \u00e0 la verticale sur la ligne de l\u2019ar\u00eatier (voir figure 5.16).<\/p>\n<p><img decoding=\"async\" style=\"width: 564px; height: 829px; margin: 3px;\" src=\"https:\/\/www.nedzink.com\/wp-content\/uploads\/import\/cms\/userfiles\/images\/figures-fr\/p057.png\" alt=\"\" \/><\/p>\n<h3><img decoding=\"async\" style=\"width: 264px; height: 599px; float: right; margin: 3px;\" src=\"https:\/\/www.nedzink.com\/wp-content\/uploads\/import\/cms\/userfiles\/images\/figures-fr\/p058.png\" alt=\"\" \/>Noue<\/h3>\n<p>La noue est l\u2019angle rentrant entre les deux pans de toit. L\u2019extr\u00e9mit\u00e9 inf\u00e9rieure du bac est coup\u00e9e en biais et repli\u00e9e selon la figure 5.11 du raccord \u00e0 l\u2019\u00e9gout. ce repli s\u2019accroche \u00e0 la double agrafe soud\u00e9e sur la noue en longueur de 1 m par exemple.<\/p>\n<p>La noue est fix\u00e9e au voligeage par des pattes. Voir figure 5.13. La distance \u2019a\u2019 entre les fixations d\u00e9pend de la pente du toit \u03b1 et r\u00e9sulte de l\u2019\u00e9quation:<\/p>\n<p>\u03b1 = 55\/sin \u03b1<br \/>\n15\u00b0 &#8212;&#8211; a = 200 mm<br \/>\n20\u00b0 &#8212;&#8211; a = 160 mm<br \/>\n25\u00b0 &#8212;&#8211; a = 130 mm<br \/>\n30\u00b0 &#8212;&#8211; a = 110 mm<br \/>\n35\u00b0 &#8212;&#8211; a = 100 mm<br \/>\n40\u00b0 &#8212;&#8211; a = 90 mm<br \/>\n45\u00b0 &#8212;&#8211; a = 80 mm<\/p>\n<p>Quand la pente du toit est inf\u00e9rieure \u00e0 15\u00b0, il faut encastrer la noue comme la montre la figure 5.12. Sa profondeur minimum est de 120 mm.<\/p>\n<p><img decoding=\"async\" style=\"width: 564px; height: 229px;\" src=\"https:\/\/www.nedzink.com\/wp-content\/uploads\/import\/cms\/userfiles\/images\/figures-fr\/p59.png\" alt=\"\" \/><\/p>\n","protected":false},"excerpt":{"rendered":"<p>G\u00e9n\u00e9ralit\u00e9s Le syst\u00e8me \u00e0 zinc joint debout permet de r\u00e9aliser un rev\u00eatement \u00e9tanche pour les toitures et fa\u00e7ades pr\u00e9sentant une inclinaison de minimum 3\u00b0 (de pr\u00e9f\u00e9rence plus de 7\u00b0). L\u2019agrafage simple est utilis\u00e9 pour les toits pr\u00e9sentant une inclinaison \u00e0 partir de 25\u00b0 ainsi que pour les fa\u00e7ades. un double agrafage debout sera utilis\u00e9 pour [&hellip;]<\/p>\n","protected":false},"author":9,"featured_media":0,"parent":0,"menu_order":810,"comment_status":"closed","ping_status":"closed","template":"template-import.php","meta":{"_acf_changed":false,"footnotes":""},"class_list":["post-30871","page","type-page","status-publish","hentry"],"acf":[],"yoast_head":"<!-- This site is optimized with the Yoast SEO plugin v26.8 - https:\/\/yoast.com\/product\/yoast-seo-wordpress\/ -->\n<title>Syst\u00e8me \u00e0 zinc joint debout \u2013 NedZink<\/title>\n<meta name=\"description\" content=\"Le syst\u00e8me \u00e0 zinc joint debout permet de r\u00e9aliser un rev\u00eatement \u00e9tanche pour les toitures et fa\u00e7ades pr\u00e9sentant une inclinaison de minimum 3\u00b0.\" \/>\n<meta name=\"robots\" content=\"index, follow, max-snippet:-1, max-image-preview:large, max-video-preview:-1\" \/>\n<link rel=\"canonical\" href=\"https:\/\/www.nedzink.com\/fr\/systeme-a-joint-debout\/\" \/>\n<meta property=\"og:locale\" content=\"fr_FR\" \/>\n<meta property=\"og:type\" content=\"article\" \/>\n<meta property=\"og:title\" content=\"Syst\u00e8me \u00e0 zinc joint debout \u2013 NedZink\" \/>\n<meta property=\"og:description\" content=\"Le syst\u00e8me \u00e0 zinc joint debout permet de r\u00e9aliser un rev\u00eatement \u00e9tanche pour les toitures et fa\u00e7ades pr\u00e9sentant une inclinaison de minimum 3\u00b0.\" \/>\n<meta property=\"og:url\" content=\"https:\/\/www.nedzink.com\/fr\/systeme-a-joint-debout\/\" \/>\n<meta property=\"og:site_name\" content=\"NedZink\" \/>\n<meta property=\"article:modified_time\" content=\"2021-12-22T14:34:19+00:00\" \/>\n<meta property=\"og:image\" content=\"https:\/\/www.nedzink.com\/wp-content\/uploads\/import\/cms\/userfiles\/images\/figures-fr\/p054.png\" \/>\n<meta name=\"twitter:card\" content=\"summary_large_image\" \/>\n<meta name=\"twitter:label1\" content=\"Dur\u00e9e de lecture estim\u00e9e\" \/>\n\t<meta name=\"twitter:data1\" content=\"11 minutes\" \/>\n<script type=\"application\/ld+json\" class=\"yoast-schema-graph\">{\"@context\":\"https:\/\/schema.org\",\"@graph\":[{\"@type\":\"WebPage\",\"@id\":\"https:\/\/www.nedzink.com\/fr\/systeme-a-joint-debout\/\",\"url\":\"https:\/\/www.nedzink.com\/fr\/systeme-a-joint-debout\/\",\"name\":\"Syst\u00e8me \u00e0 zinc joint debout \u2013 NedZink\",\"isPartOf\":{\"@id\":\"https:\/\/www.nedzink.com\/fr\/#website\"},\"primaryImageOfPage\":{\"@id\":\"https:\/\/www.nedzink.com\/fr\/systeme-a-joint-debout\/#primaryimage\"},\"image\":{\"@id\":\"https:\/\/www.nedzink.com\/fr\/systeme-a-joint-debout\/#primaryimage\"},\"thumbnailUrl\":\"https:\/\/www.nedzink.com\/wp-content\/uploads\/import\/cms\/userfiles\/images\/figures-fr\/p054.png\",\"datePublished\":\"2019-06-04T12:55:05+00:00\",\"dateModified\":\"2021-12-22T14:34:19+00:00\",\"description\":\"Le syst\u00e8me \u00e0 zinc joint debout permet de r\u00e9aliser un rev\u00eatement \u00e9tanche pour les toitures et fa\u00e7ades pr\u00e9sentant une inclinaison de minimum 3\u00b0.\",\"breadcrumb\":{\"@id\":\"https:\/\/www.nedzink.com\/fr\/systeme-a-joint-debout\/#breadcrumb\"},\"inLanguage\":\"fr-FR\",\"potentialAction\":[{\"@type\":\"ReadAction\",\"target\":[\"https:\/\/www.nedzink.com\/fr\/systeme-a-joint-debout\/\"]}]},{\"@type\":\"ImageObject\",\"inLanguage\":\"fr-FR\",\"@id\":\"https:\/\/www.nedzink.com\/fr\/systeme-a-joint-debout\/#primaryimage\",\"url\":\"https:\/\/www.nedzink.com\/wp-content\/uploads\/import\/cms\/userfiles\/images\/figures-fr\/p054.png\",\"contentUrl\":\"https:\/\/www.nedzink.com\/wp-content\/uploads\/import\/cms\/userfiles\/images\/figures-fr\/p054.png\"},{\"@type\":\"BreadcrumbList\",\"@id\":\"https:\/\/www.nedzink.com\/fr\/systeme-a-joint-debout\/#breadcrumb\",\"itemListElement\":[{\"@type\":\"ListItem\",\"position\":1,\"name\":\"Home\",\"item\":\"https:\/\/www.nedzink.com\/fr\/\"},{\"@type\":\"ListItem\",\"position\":2,\"name\":\"Syst\u00e8me \u00e0 zinc joint debout\"}]},{\"@type\":\"WebSite\",\"@id\":\"https:\/\/www.nedzink.com\/fr\/#website\",\"url\":\"https:\/\/www.nedzink.com\/fr\/\",\"name\":\"NedZink\",\"description\":\"Zink fabrikant\",\"publisher\":{\"@id\":\"https:\/\/www.nedzink.com\/fr\/#organization\"},\"potentialAction\":[{\"@type\":\"SearchAction\",\"target\":{\"@type\":\"EntryPoint\",\"urlTemplate\":\"https:\/\/www.nedzink.com\/fr\/?s={search_term_string}\"},\"query-input\":{\"@type\":\"PropertyValueSpecification\",\"valueRequired\":true,\"valueName\":\"search_term_string\"}}],\"inLanguage\":\"fr-FR\"},{\"@type\":\"Organization\",\"@id\":\"https:\/\/www.nedzink.com\/fr\/#organization\",\"name\":\"NedZink\",\"url\":\"https:\/\/www.nedzink.com\/fr\/\",\"logo\":{\"@type\":\"ImageObject\",\"inLanguage\":\"fr-FR\",\"@id\":\"https:\/\/www.nedzink.com\/fr\/#\/schema\/logo\/image\/\",\"url\":\"https:\/\/www.nedzink.com\/wp-content\/uploads\/2019\/08\/logo-nedzink_fc_zk.jpg\",\"contentUrl\":\"https:\/\/www.nedzink.com\/wp-content\/uploads\/2019\/08\/logo-nedzink_fc_zk.jpg\",\"width\":2160,\"height\":688,\"caption\":\"NedZink\"},\"image\":{\"@id\":\"https:\/\/www.nedzink.com\/fr\/#\/schema\/logo\/image\/\"}}]}<\/script>\n<!-- \/ Yoast SEO plugin. -->","yoast_head_json":{"title":"Syst\u00e8me \u00e0 zinc joint debout \u2013 NedZink","description":"Le syst\u00e8me \u00e0 zinc joint debout permet de r\u00e9aliser un rev\u00eatement \u00e9tanche pour les toitures et fa\u00e7ades pr\u00e9sentant une inclinaison de minimum 3\u00b0.","robots":{"index":"index","follow":"follow","max-snippet":"max-snippet:-1","max-image-preview":"max-image-preview:large","max-video-preview":"max-video-preview:-1"},"canonical":"https:\/\/www.nedzink.com\/fr\/systeme-a-joint-debout\/","og_locale":"fr_FR","og_type":"article","og_title":"Syst\u00e8me \u00e0 zinc joint debout \u2013 NedZink","og_description":"Le syst\u00e8me \u00e0 zinc joint debout permet de r\u00e9aliser un rev\u00eatement \u00e9tanche pour les toitures et fa\u00e7ades pr\u00e9sentant une inclinaison de minimum 3\u00b0.","og_url":"https:\/\/www.nedzink.com\/fr\/systeme-a-joint-debout\/","og_site_name":"NedZink","article_modified_time":"2021-12-22T14:34:19+00:00","og_image":[{"url":"https:\/\/www.nedzink.com\/wp-content\/uploads\/import\/cms\/userfiles\/images\/figures-fr\/p054.png","type":"","width":"","height":""}],"twitter_card":"summary_large_image","twitter_misc":{"Dur\u00e9e de lecture estim\u00e9e":"11 minutes"},"schema":{"@context":"https:\/\/schema.org","@graph":[{"@type":"WebPage","@id":"https:\/\/www.nedzink.com\/fr\/systeme-a-joint-debout\/","url":"https:\/\/www.nedzink.com\/fr\/systeme-a-joint-debout\/","name":"Syst\u00e8me \u00e0 zinc joint debout \u2013 NedZink","isPartOf":{"@id":"https:\/\/www.nedzink.com\/fr\/#website"},"primaryImageOfPage":{"@id":"https:\/\/www.nedzink.com\/fr\/systeme-a-joint-debout\/#primaryimage"},"image":{"@id":"https:\/\/www.nedzink.com\/fr\/systeme-a-joint-debout\/#primaryimage"},"thumbnailUrl":"https:\/\/www.nedzink.com\/wp-content\/uploads\/import\/cms\/userfiles\/images\/figures-fr\/p054.png","datePublished":"2019-06-04T12:55:05+00:00","dateModified":"2021-12-22T14:34:19+00:00","description":"Le syst\u00e8me \u00e0 zinc joint debout permet de r\u00e9aliser un rev\u00eatement \u00e9tanche pour les toitures et fa\u00e7ades pr\u00e9sentant une inclinaison de minimum 3\u00b0.","breadcrumb":{"@id":"https:\/\/www.nedzink.com\/fr\/systeme-a-joint-debout\/#breadcrumb"},"inLanguage":"fr-FR","potentialAction":[{"@type":"ReadAction","target":["https:\/\/www.nedzink.com\/fr\/systeme-a-joint-debout\/"]}]},{"@type":"ImageObject","inLanguage":"fr-FR","@id":"https:\/\/www.nedzink.com\/fr\/systeme-a-joint-debout\/#primaryimage","url":"https:\/\/www.nedzink.com\/wp-content\/uploads\/import\/cms\/userfiles\/images\/figures-fr\/p054.png","contentUrl":"https:\/\/www.nedzink.com\/wp-content\/uploads\/import\/cms\/userfiles\/images\/figures-fr\/p054.png"},{"@type":"BreadcrumbList","@id":"https:\/\/www.nedzink.com\/fr\/systeme-a-joint-debout\/#breadcrumb","itemListElement":[{"@type":"ListItem","position":1,"name":"Home","item":"https:\/\/www.nedzink.com\/fr\/"},{"@type":"ListItem","position":2,"name":"Syst\u00e8me \u00e0 zinc joint debout"}]},{"@type":"WebSite","@id":"https:\/\/www.nedzink.com\/fr\/#website","url":"https:\/\/www.nedzink.com\/fr\/","name":"NedZink","description":"Zink fabrikant","publisher":{"@id":"https:\/\/www.nedzink.com\/fr\/#organization"},"potentialAction":[{"@type":"SearchAction","target":{"@type":"EntryPoint","urlTemplate":"https:\/\/www.nedzink.com\/fr\/?s={search_term_string}"},"query-input":{"@type":"PropertyValueSpecification","valueRequired":true,"valueName":"search_term_string"}}],"inLanguage":"fr-FR"},{"@type":"Organization","@id":"https:\/\/www.nedzink.com\/fr\/#organization","name":"NedZink","url":"https:\/\/www.nedzink.com\/fr\/","logo":{"@type":"ImageObject","inLanguage":"fr-FR","@id":"https:\/\/www.nedzink.com\/fr\/#\/schema\/logo\/image\/","url":"https:\/\/www.nedzink.com\/wp-content\/uploads\/2019\/08\/logo-nedzink_fc_zk.jpg","contentUrl":"https:\/\/www.nedzink.com\/wp-content\/uploads\/2019\/08\/logo-nedzink_fc_zk.jpg","width":2160,"height":688,"caption":"NedZink"},"image":{"@id":"https:\/\/www.nedzink.com\/fr\/#\/schema\/logo\/image\/"}}]}},"_links":{"self":[{"href":"https:\/\/www.nedzink.com\/fr\/wp-json\/wp\/v2\/pages\/30871","targetHints":{"allow":["GET"]}}],"collection":[{"href":"https:\/\/www.nedzink.com\/fr\/wp-json\/wp\/v2\/pages"}],"about":[{"href":"https:\/\/www.nedzink.com\/fr\/wp-json\/wp\/v2\/types\/page"}],"author":[{"embeddable":true,"href":"https:\/\/www.nedzink.com\/fr\/wp-json\/wp\/v2\/users\/9"}],"replies":[{"embeddable":true,"href":"https:\/\/www.nedzink.com\/fr\/wp-json\/wp\/v2\/comments?post=30871"}],"version-history":[{"count":0,"href":"https:\/\/www.nedzink.com\/fr\/wp-json\/wp\/v2\/pages\/30871\/revisions"}],"wp:attachment":[{"href":"https:\/\/www.nedzink.com\/fr\/wp-json\/wp\/v2\/media?parent=30871"}],"curies":[{"name":"wp","href":"https:\/\/api.w.org\/{rel}","templated":true}]}}