{"id":27925,"date":"2019-05-07T15:56:55","date_gmt":"2019-05-07T13:56:55","guid":{"rendered":"http:\/\/136.144.181.85\/~nedzink\/transport-et-stockage\/"},"modified":"2024-04-26T08:15:49","modified_gmt":"2024-04-26T06:15:49","slug":"transport-et-stockage","status":"publish","type":"page","link":"https:\/\/www.nedzink.com\/fr\/transport-et-stockage\/","title":{"rendered":"Transport et stockage"},"content":{"rendered":"[vc_row][vc_column][vc_column_text css=\u00a0\u00bb.vc_custom_1714112121106{margin-bottom: 0px !important;}\u00a0\u00bb]\n<table style=\"width: 450px;\" border=\"0\" cellspacing=\"1\" cellpadding=\"1\">\n<tbody>\n<tr>\n<td style=\"width: 121px;\">\n<p align=\"right\"><img decoding=\"async\" style=\"width: 109px; height: 78px; border: 0px solid;\" src=\"https:\/\/www.nedzink.com\/wp-content\/uploads\/import\/cms\/userfiles\/images\/stapeling.gif\" \/><\/p>\n<\/td>\n<td style=\"vertical-align: middle; width: 324px;\">\n<h3>Empilage:<\/h3>\n<h3>-Max. 10 palettes superpos\u00e9es<\/h3>\n<\/td>\n<\/tr>\n<tr>\n<td style=\"width: 121px;\">\n<h3 align=\"right\"><img decoding=\"async\" style=\"width: 109px; height: 80px; border: 0px solid;\" src=\"https:\/\/www.nedzink.com\/wp-content\/uploads\/import\/cms\/userfiles\/images\/transport.gif\" \/><\/h3>\n<\/td>\n<td style=\"vertical-align: middle; width: 324px;\">\n<h3>Transport:<\/h3>\n<h3>-Max.\u00a04 palettes superpos\u00e9es<\/h3>\n<\/td>\n<\/tr>\n<tr>\n<td style=\"width: 121px;\">\n<h3 align=\"right\"><img decoding=\"async\" style=\"border: 0px solid;\" src=\"https:\/\/www.nedzink.com\/wp-content\/uploads\/import\/cms\/userfiles\/images\/vocht.gif\" \/><\/h3>\n<\/td>\n<td style=\"vertical-align: middle; width: 324px;\">\n<h3>&#8211; Prot\u00e9ger le zinc contre l&rsquo;humidit\u00e9 et la pluie<\/h3>\n<\/td>\n<\/tr>\n<tr>\n<td style=\"width: 121px;\">\n<h3 align=\"right\"><img decoding=\"async\" style=\"border: 0px solid;\" src=\"https:\/\/www.nedzink.com\/wp-content\/uploads\/import\/cms\/userfiles\/images\/belucht.gif\" \/><\/h3>\n<\/td>\n<td style=\"vertical-align: middle; width: 324px;\">\n<h3>&#8211; Entreposer au sec et a\u00e9r\u00e9<\/h3>\n<h3>&#8211; Eviter la condensation<\/h3>\n<\/td>\n<\/tr>\n<tr>\n<td style=\"width: 121px;\">\n<h3 align=\"right\"><img decoding=\"async\" style=\"border: 0px solid;\" src=\"https:\/\/www.nedzink.com\/wp-content\/uploads\/import\/cms\/userfiles\/images\/recyclebaar.gif\" \/><\/h3>\n<\/td>\n<td style=\"vertical-align: middle; width: 324px;\">\n<h3>\u00a0-NedZink est 100% recyclable<\/h3>\n<\/td>\n<\/tr>\n<\/tbody>\n<\/table>\n<p>NedZink conseille un taux d&rsquo;humidit\u00e9 de max. 60-70% et un temp\u00e9rature constante de 12-14\u00ba Celsius.<\/p>\n<p>Eviter les endommagements du mat\u00e9riel.[\/vc_column_text][\/vc_column][\/vc_row]\n","protected":false},"excerpt":{"rendered":"<p>[vc_row][vc_column][vc_column_text css=\u00a0\u00bb.vc_custom_1714112121106{margin-bottom: 0px !important;}\u00a0\u00bb] Empilage: -Max. 10 palettes superpos\u00e9es Transport: -Max.\u00a04 palettes superpos\u00e9es &#8211; Prot\u00e9ger le zinc contre l&rsquo;humidit\u00e9 et la pluie &#8211; Entreposer au sec et a\u00e9r\u00e9 &#8211; Eviter la condensation \u00a0-NedZink est 100% recyclable NedZink conseille un taux d&rsquo;humidit\u00e9 de max. 60-70% et un temp\u00e9rature constante de 12-14\u00ba Celsius. Eviter les endommagements du [&hellip;]<\/p>\n","protected":false},"author":9,"featured_media":0,"parent":0,"menu_order":1180,"comment_status":"closed","ping_status":"closed","template":"template-import.php","meta":{"_acf_changed":false,"footnotes":""},"class_list":["post-27925","page","type-page","status-publish","hentry"],"acf":[],"yoast_head":"<!-- This site is optimized with the Yoast SEO plugin v26.8 - https:\/\/yoast.com\/product\/yoast-seo-wordpress\/ -->\n<title>Transport et stockage \u2013 NedZink<\/title>\n<meta name=\"description\" content=\"Het transport en de opslag van zink moet altijd droog en belucht plaatsvinden. Afdekking en verpakking die condens veroorzaken moet u vermijden. Lees meer!\" \/>\n<meta name=\"robots\" content=\"index, follow, max-snippet:-1, max-image-preview:large, max-video-preview:-1\" \/>\n<link rel=\"canonical\" href=\"https:\/\/www.nedzink.com\/fr\/transport-et-stockage\/\" \/>\n<meta property=\"og:locale\" content=\"fr_FR\" \/>\n<meta property=\"og:type\" content=\"article\" \/>\n<meta property=\"og:title\" content=\"Transport et stockage \u2013 NedZink\" \/>\n<meta property=\"og:description\" content=\"Het transport en de opslag van zink moet altijd droog en belucht plaatsvinden. Afdekking en verpakking die condens veroorzaken moet u vermijden. Lees meer!\" \/>\n<meta property=\"og:url\" content=\"https:\/\/www.nedzink.com\/fr\/transport-et-stockage\/\" \/>\n<meta property=\"og:site_name\" content=\"NedZink\" \/>\n<meta property=\"article:modified_time\" content=\"2024-04-26T06:15:49+00:00\" \/>\n<meta property=\"og:image\" content=\"https:\/\/www.nedzink.com\/wp-content\/uploads\/import\/cms\/userfiles\/images\/stapeling.gif\" \/>\n<meta name=\"twitter:card\" content=\"summary_large_image\" \/>\n<meta name=\"twitter:label1\" content=\"Dur\u00e9e de lecture estim\u00e9e\" \/>\n\t<meta name=\"twitter:data1\" content=\"2 minutes\" \/>\n<script type=\"application\/ld+json\" class=\"yoast-schema-graph\">{\"@context\":\"https:\/\/schema.org\",\"@graph\":[{\"@type\":\"WebPage\",\"@id\":\"https:\/\/www.nedzink.com\/fr\/transport-et-stockage\/\",\"url\":\"https:\/\/www.nedzink.com\/fr\/transport-et-stockage\/\",\"name\":\"Transport et stockage \u2013 NedZink\",\"isPartOf\":{\"@id\":\"https:\/\/www.nedzink.com\/fr\/#website\"},\"primaryImageOfPage\":{\"@id\":\"https:\/\/www.nedzink.com\/fr\/transport-et-stockage\/#primaryimage\"},\"image\":{\"@id\":\"https:\/\/www.nedzink.com\/fr\/transport-et-stockage\/#primaryimage\"},\"thumbnailUrl\":\"https:\/\/www.nedzink.com\/wp-content\/uploads\/import\/cms\/userfiles\/images\/stapeling.gif\",\"datePublished\":\"2019-05-07T13:56:55+00:00\",\"dateModified\":\"2024-04-26T06:15:49+00:00\",\"description\":\"Het transport en de opslag van zink moet altijd droog en belucht plaatsvinden. Afdekking en verpakking die condens veroorzaken moet u vermijden. Lees meer!\",\"breadcrumb\":{\"@id\":\"https:\/\/www.nedzink.com\/fr\/transport-et-stockage\/#breadcrumb\"},\"inLanguage\":\"fr-FR\",\"potentialAction\":[{\"@type\":\"ReadAction\",\"target\":[\"https:\/\/www.nedzink.com\/fr\/transport-et-stockage\/\"]}]},{\"@type\":\"ImageObject\",\"inLanguage\":\"fr-FR\",\"@id\":\"https:\/\/www.nedzink.com\/fr\/transport-et-stockage\/#primaryimage\",\"url\":\"https:\/\/www.nedzink.com\/wp-content\/uploads\/import\/cms\/userfiles\/images\/stapeling.gif\",\"contentUrl\":\"https:\/\/www.nedzink.com\/wp-content\/uploads\/import\/cms\/userfiles\/images\/stapeling.gif\"},{\"@type\":\"BreadcrumbList\",\"@id\":\"https:\/\/www.nedzink.com\/fr\/transport-et-stockage\/#breadcrumb\",\"itemListElement\":[{\"@type\":\"ListItem\",\"position\":1,\"name\":\"Home\",\"item\":\"https:\/\/www.nedzink.com\/fr\/\"},{\"@type\":\"ListItem\",\"position\":2,\"name\":\"Transport et stockage\"}]},{\"@type\":\"WebSite\",\"@id\":\"https:\/\/www.nedzink.com\/fr\/#website\",\"url\":\"https:\/\/www.nedzink.com\/fr\/\",\"name\":\"NedZink\",\"description\":\"Zink fabrikant\",\"publisher\":{\"@id\":\"https:\/\/www.nedzink.com\/fr\/#organization\"},\"potentialAction\":[{\"@type\":\"SearchAction\",\"target\":{\"@type\":\"EntryPoint\",\"urlTemplate\":\"https:\/\/www.nedzink.com\/fr\/?s={search_term_string}\"},\"query-input\":{\"@type\":\"PropertyValueSpecification\",\"valueRequired\":true,\"valueName\":\"search_term_string\"}}],\"inLanguage\":\"fr-FR\"},{\"@type\":\"Organization\",\"@id\":\"https:\/\/www.nedzink.com\/fr\/#organization\",\"name\":\"NedZink\",\"url\":\"https:\/\/www.nedzink.com\/fr\/\",\"logo\":{\"@type\":\"ImageObject\",\"inLanguage\":\"fr-FR\",\"@id\":\"https:\/\/www.nedzink.com\/fr\/#\/schema\/logo\/image\/\",\"url\":\"https:\/\/www.nedzink.com\/wp-content\/uploads\/2019\/08\/logo-nedzink_fc_zk.jpg\",\"contentUrl\":\"https:\/\/www.nedzink.com\/wp-content\/uploads\/2019\/08\/logo-nedzink_fc_zk.jpg\",\"width\":2160,\"height\":688,\"caption\":\"NedZink\"},\"image\":{\"@id\":\"https:\/\/www.nedzink.com\/fr\/#\/schema\/logo\/image\/\"}}]}<\/script>\n<!-- \/ Yoast SEO plugin. -->","yoast_head_json":{"title":"Transport et stockage \u2013 NedZink","description":"Het transport en de opslag van zink moet altijd droog en belucht plaatsvinden. Afdekking en verpakking die condens veroorzaken moet u vermijden. Lees meer!","robots":{"index":"index","follow":"follow","max-snippet":"max-snippet:-1","max-image-preview":"max-image-preview:large","max-video-preview":"max-video-preview:-1"},"canonical":"https:\/\/www.nedzink.com\/fr\/transport-et-stockage\/","og_locale":"fr_FR","og_type":"article","og_title":"Transport et stockage \u2013 NedZink","og_description":"Het transport en de opslag van zink moet altijd droog en belucht plaatsvinden. Afdekking en verpakking die condens veroorzaken moet u vermijden. Lees meer!","og_url":"https:\/\/www.nedzink.com\/fr\/transport-et-stockage\/","og_site_name":"NedZink","article_modified_time":"2024-04-26T06:15:49+00:00","og_image":[{"url":"https:\/\/www.nedzink.com\/wp-content\/uploads\/import\/cms\/userfiles\/images\/stapeling.gif","type":"","width":"","height":""}],"twitter_card":"summary_large_image","twitter_misc":{"Dur\u00e9e de lecture estim\u00e9e":"2 minutes"},"schema":{"@context":"https:\/\/schema.org","@graph":[{"@type":"WebPage","@id":"https:\/\/www.nedzink.com\/fr\/transport-et-stockage\/","url":"https:\/\/www.nedzink.com\/fr\/transport-et-stockage\/","name":"Transport et stockage \u2013 NedZink","isPartOf":{"@id":"https:\/\/www.nedzink.com\/fr\/#website"},"primaryImageOfPage":{"@id":"https:\/\/www.nedzink.com\/fr\/transport-et-stockage\/#primaryimage"},"image":{"@id":"https:\/\/www.nedzink.com\/fr\/transport-et-stockage\/#primaryimage"},"thumbnailUrl":"https:\/\/www.nedzink.com\/wp-content\/uploads\/import\/cms\/userfiles\/images\/stapeling.gif","datePublished":"2019-05-07T13:56:55+00:00","dateModified":"2024-04-26T06:15:49+00:00","description":"Het transport en de opslag van zink moet altijd droog en belucht plaatsvinden. Afdekking en verpakking die condens veroorzaken moet u vermijden. Lees meer!","breadcrumb":{"@id":"https:\/\/www.nedzink.com\/fr\/transport-et-stockage\/#breadcrumb"},"inLanguage":"fr-FR","potentialAction":[{"@type":"ReadAction","target":["https:\/\/www.nedzink.com\/fr\/transport-et-stockage\/"]}]},{"@type":"ImageObject","inLanguage":"fr-FR","@id":"https:\/\/www.nedzink.com\/fr\/transport-et-stockage\/#primaryimage","url":"https:\/\/www.nedzink.com\/wp-content\/uploads\/import\/cms\/userfiles\/images\/stapeling.gif","contentUrl":"https:\/\/www.nedzink.com\/wp-content\/uploads\/import\/cms\/userfiles\/images\/stapeling.gif"},{"@type":"BreadcrumbList","@id":"https:\/\/www.nedzink.com\/fr\/transport-et-stockage\/#breadcrumb","itemListElement":[{"@type":"ListItem","position":1,"name":"Home","item":"https:\/\/www.nedzink.com\/fr\/"},{"@type":"ListItem","position":2,"name":"Transport et stockage"}]},{"@type":"WebSite","@id":"https:\/\/www.nedzink.com\/fr\/#website","url":"https:\/\/www.nedzink.com\/fr\/","name":"NedZink","description":"Zink fabrikant","publisher":{"@id":"https:\/\/www.nedzink.com\/fr\/#organization"},"potentialAction":[{"@type":"SearchAction","target":{"@type":"EntryPoint","urlTemplate":"https:\/\/www.nedzink.com\/fr\/?s={search_term_string}"},"query-input":{"@type":"PropertyValueSpecification","valueRequired":true,"valueName":"search_term_string"}}],"inLanguage":"fr-FR"},{"@type":"Organization","@id":"https:\/\/www.nedzink.com\/fr\/#organization","name":"NedZink","url":"https:\/\/www.nedzink.com\/fr\/","logo":{"@type":"ImageObject","inLanguage":"fr-FR","@id":"https:\/\/www.nedzink.com\/fr\/#\/schema\/logo\/image\/","url":"https:\/\/www.nedzink.com\/wp-content\/uploads\/2019\/08\/logo-nedzink_fc_zk.jpg","contentUrl":"https:\/\/www.nedzink.com\/wp-content\/uploads\/2019\/08\/logo-nedzink_fc_zk.jpg","width":2160,"height":688,"caption":"NedZink"},"image":{"@id":"https:\/\/www.nedzink.com\/fr\/#\/schema\/logo\/image\/"}}]}},"_links":{"self":[{"href":"https:\/\/www.nedzink.com\/fr\/wp-json\/wp\/v2\/pages\/27925","targetHints":{"allow":["GET"]}}],"collection":[{"href":"https:\/\/www.nedzink.com\/fr\/wp-json\/wp\/v2\/pages"}],"about":[{"href":"https:\/\/www.nedzink.com\/fr\/wp-json\/wp\/v2\/types\/page"}],"author":[{"embeddable":true,"href":"https:\/\/www.nedzink.com\/fr\/wp-json\/wp\/v2\/users\/9"}],"replies":[{"embeddable":true,"href":"https:\/\/www.nedzink.com\/fr\/wp-json\/wp\/v2\/comments?post=27925"}],"version-history":[{"count":2,"href":"https:\/\/www.nedzink.com\/fr\/wp-json\/wp\/v2\/pages\/27925\/revisions"}],"predecessor-version":[{"id":130506,"href":"https:\/\/www.nedzink.com\/fr\/wp-json\/wp\/v2\/pages\/27925\/revisions\/130506"}],"wp:attachment":[{"href":"https:\/\/www.nedzink.com\/fr\/wp-json\/wp\/v2\/media?parent=27925"}],"curies":[{"name":"wp","href":"https:\/\/api.w.org\/{rel}","templated":true}]}}