{"id":24928,"date":"2019-05-06T16:26:17","date_gmt":"2019-05-06T14:26:17","guid":{"rendered":"http:\/\/136.144.181.85\/~nedzink\/caracteristiques-du-zinc-titane\/la-dilatation\/"},"modified":"2022-03-23T14:20:56","modified_gmt":"2022-03-23T13:20:56","slug":"la-dilatation","status":"publish","type":"page","link":"https:\/\/www.nedzink.com\/fr\/caracteristiques-du-zinc-titane\/la-dilatation\/","title":{"rendered":"La dilatation"},"content":{"rendered":"[vc_row][vc_column][vc_column_text css=\u00a0\u00bb.vc_custom_1644927524616{margin-bottom: 0px !important;}\u00a0\u00bb]<strong>Coefficient de dilatation<\/strong><br \/>\nLe zinc-titane a un coefficient de dilatation lin\u00e9aire de 2,2mm pour 100\u00b0C. Avec les changements de temp\u00e9rature, le zinc est soumis \u00e0 un ph\u00e9nom\u00e8ne constant de dilatation et de retrait.<\/p>\n<p><strong>Syst\u00e8me de dilatation<br \/>\n<\/strong>Pour les goutti\u00e8res et ch\u00e9neaux, la longueur maximale est de 12 m\u00e8tres \u00e0 partir du point fixe. Au-del\u00e0 de ces 12 m\u00e8tres de longueur, il convient de mettre en \u0153uvre un syst\u00e8me de dilatation : joint n\u00e9opr\u00e8ne, ressaut ou besace de dilatation.[\/vc_column_text][\/vc_column][\/vc_row]\n","protected":false},"excerpt":{"rendered":"<p>[vc_row][vc_column][vc_column_text css=\u00a0\u00bb.vc_custom_1644927524616{margin-bottom: 0px !important;}\u00a0\u00bb]Coefficient de dilatation Le zinc-titane a un coefficient de dilatation lin\u00e9aire de 2,2mm pour 100\u00b0C. Avec les changements de temp\u00e9rature, le zinc est soumis \u00e0 un ph\u00e9nom\u00e8ne constant de dilatation et de retrait. Syst\u00e8me de dilatation Pour les goutti\u00e8res et ch\u00e9neaux, la longueur maximale est de 12 m\u00e8tres \u00e0 partir du point [&hellip;]<\/p>\n","protected":false},"author":9,"featured_media":0,"parent":24858,"menu_order":490,"comment_status":"closed","ping_status":"closed","template":"template-import.php","meta":{"_acf_changed":false,"footnotes":""},"class_list":["post-24928","page","type-page","status-publish","hentry"],"acf":[],"yoast_head":"<!-- This site is optimized with the Yoast SEO plugin v27.5 - https:\/\/yoast.com\/product\/yoast-seo-wordpress\/ -->\n<title>La dilatation \u2013 NedZink<\/title>\n<meta name=\"description\" content=\"Pour en savoir plus sur le coefficient d&#039;expansion du zinc-titane et l&#039;utilisation (\u00e9ventuelle) d&#039;un dispositif d&#039;expansion, consultez notre site Web.\" \/>\n<meta name=\"robots\" content=\"index, follow, max-snippet:-1, max-image-preview:large, max-video-preview:-1\" \/>\n<link rel=\"canonical\" href=\"https:\/\/www.nedzink.com\/fr\/caracteristiques-du-zinc-titane\/la-dilatation\/\" \/>\n<meta property=\"og:locale\" content=\"fr_FR\" \/>\n<meta property=\"og:type\" content=\"article\" \/>\n<meta property=\"og:title\" content=\"La dilatation \u2013 NedZink\" \/>\n<meta property=\"og:description\" content=\"Pour en savoir plus sur le coefficient d&#039;expansion du zinc-titane et l&#039;utilisation (\u00e9ventuelle) d&#039;un dispositif d&#039;expansion, consultez notre site Web.\" \/>\n<meta property=\"og:url\" content=\"https:\/\/www.nedzink.com\/fr\/caracteristiques-du-zinc-titane\/la-dilatation\/\" \/>\n<meta property=\"og:site_name\" content=\"NedZink\" \/>\n<meta property=\"article:modified_time\" content=\"2022-03-23T13:20:56+00:00\" \/>\n<meta name=\"twitter:card\" content=\"summary_large_image\" \/>\n<meta name=\"twitter:label1\" content=\"Dur\u00e9e de lecture estim\u00e9e\" \/>\n\t<meta name=\"twitter:data1\" content=\"1 minute\" \/>\n<script type=\"application\/ld+json\" class=\"yoast-schema-graph\">{\"@context\":\"https:\\\/\\\/schema.org\",\"@graph\":[{\"@type\":\"WebPage\",\"@id\":\"https:\\\/\\\/www.nedzink.com\\\/fr\\\/caracteristiques-du-zinc-titane\\\/la-dilatation\\\/\",\"url\":\"https:\\\/\\\/www.nedzink.com\\\/fr\\\/caracteristiques-du-zinc-titane\\\/la-dilatation\\\/\",\"name\":\"La dilatation \u2013 NedZink\",\"isPartOf\":{\"@id\":\"https:\\\/\\\/www.nedzink.com\\\/fr\\\/#website\"},\"datePublished\":\"2019-05-06T14:26:17+00:00\",\"dateModified\":\"2022-03-23T13:20:56+00:00\",\"description\":\"Pour en savoir plus sur le coefficient d'expansion du zinc-titane et l'utilisation (\u00e9ventuelle) d'un dispositif d'expansion, consultez notre site Web.\",\"breadcrumb\":{\"@id\":\"https:\\\/\\\/www.nedzink.com\\\/fr\\\/caracteristiques-du-zinc-titane\\\/la-dilatation\\\/#breadcrumb\"},\"inLanguage\":\"fr-FR\",\"potentialAction\":[{\"@type\":\"ReadAction\",\"target\":[\"https:\\\/\\\/www.nedzink.com\\\/fr\\\/caracteristiques-du-zinc-titane\\\/la-dilatation\\\/\"]}]},{\"@type\":\"BreadcrumbList\",\"@id\":\"https:\\\/\\\/www.nedzink.com\\\/fr\\\/caracteristiques-du-zinc-titane\\\/la-dilatation\\\/#breadcrumb\",\"itemListElement\":[{\"@type\":\"ListItem\",\"position\":1,\"name\":\"Home\",\"item\":\"https:\\\/\\\/www.nedzink.com\\\/fr\\\/\"},{\"@type\":\"ListItem\",\"position\":2,\"name\":\"Caract\u00e9ristiques du zinc-titane\",\"item\":\"https:\\\/\\\/www.nedzink.com\\\/fr\\\/caracteristiques-du-zinc-titane\\\/\"},{\"@type\":\"ListItem\",\"position\":3,\"name\":\"La dilatation\"}]},{\"@type\":\"WebSite\",\"@id\":\"https:\\\/\\\/www.nedzink.com\\\/fr\\\/#website\",\"url\":\"https:\\\/\\\/www.nedzink.com\\\/fr\\\/\",\"name\":\"NedZink\",\"description\":\"Zink fabrikant\",\"publisher\":{\"@id\":\"https:\\\/\\\/www.nedzink.com\\\/fr\\\/#organization\"},\"potentialAction\":[{\"@type\":\"SearchAction\",\"target\":{\"@type\":\"EntryPoint\",\"urlTemplate\":\"https:\\\/\\\/www.nedzink.com\\\/fr\\\/?s={search_term_string}\"},\"query-input\":{\"@type\":\"PropertyValueSpecification\",\"valueRequired\":true,\"valueName\":\"search_term_string\"}}],\"inLanguage\":\"fr-FR\"},{\"@type\":\"Organization\",\"@id\":\"https:\\\/\\\/www.nedzink.com\\\/fr\\\/#organization\",\"name\":\"NedZink\",\"url\":\"https:\\\/\\\/www.nedzink.com\\\/fr\\\/\",\"logo\":{\"@type\":\"ImageObject\",\"inLanguage\":\"fr-FR\",\"@id\":\"https:\\\/\\\/www.nedzink.com\\\/fr\\\/#\\\/schema\\\/logo\\\/image\\\/\",\"url\":\"https:\\\/\\\/www.nedzink.com\\\/wp-content\\\/uploads\\\/2019\\\/08\\\/logo-nedzink_fc_zk.jpg\",\"contentUrl\":\"https:\\\/\\\/www.nedzink.com\\\/wp-content\\\/uploads\\\/2019\\\/08\\\/logo-nedzink_fc_zk.jpg\",\"width\":2160,\"height\":688,\"caption\":\"NedZink\"},\"image\":{\"@id\":\"https:\\\/\\\/www.nedzink.com\\\/fr\\\/#\\\/schema\\\/logo\\\/image\\\/\"}}]}<\/script>\n<!-- \/ Yoast SEO plugin. -->","yoast_head_json":{"title":"La dilatation \u2013 NedZink","description":"Pour en savoir plus sur le coefficient d'expansion du zinc-titane et l'utilisation (\u00e9ventuelle) d'un dispositif d'expansion, consultez notre site Web.","robots":{"index":"index","follow":"follow","max-snippet":"max-snippet:-1","max-image-preview":"max-image-preview:large","max-video-preview":"max-video-preview:-1"},"canonical":"https:\/\/www.nedzink.com\/fr\/caracteristiques-du-zinc-titane\/la-dilatation\/","og_locale":"fr_FR","og_type":"article","og_title":"La dilatation \u2013 NedZink","og_description":"Pour en savoir plus sur le coefficient d'expansion du zinc-titane et l'utilisation (\u00e9ventuelle) d'un dispositif d'expansion, consultez notre site Web.","og_url":"https:\/\/www.nedzink.com\/fr\/caracteristiques-du-zinc-titane\/la-dilatation\/","og_site_name":"NedZink","article_modified_time":"2022-03-23T13:20:56+00:00","twitter_card":"summary_large_image","twitter_misc":{"Dur\u00e9e de lecture estim\u00e9e":"1 minute"},"schema":{"@context":"https:\/\/schema.org","@graph":[{"@type":"WebPage","@id":"https:\/\/www.nedzink.com\/fr\/caracteristiques-du-zinc-titane\/la-dilatation\/","url":"https:\/\/www.nedzink.com\/fr\/caracteristiques-du-zinc-titane\/la-dilatation\/","name":"La dilatation \u2013 NedZink","isPartOf":{"@id":"https:\/\/www.nedzink.com\/fr\/#website"},"datePublished":"2019-05-06T14:26:17+00:00","dateModified":"2022-03-23T13:20:56+00:00","description":"Pour en savoir plus sur le coefficient d'expansion du zinc-titane et l'utilisation (\u00e9ventuelle) d'un dispositif d'expansion, consultez notre site Web.","breadcrumb":{"@id":"https:\/\/www.nedzink.com\/fr\/caracteristiques-du-zinc-titane\/la-dilatation\/#breadcrumb"},"inLanguage":"fr-FR","potentialAction":[{"@type":"ReadAction","target":["https:\/\/www.nedzink.com\/fr\/caracteristiques-du-zinc-titane\/la-dilatation\/"]}]},{"@type":"BreadcrumbList","@id":"https:\/\/www.nedzink.com\/fr\/caracteristiques-du-zinc-titane\/la-dilatation\/#breadcrumb","itemListElement":[{"@type":"ListItem","position":1,"name":"Home","item":"https:\/\/www.nedzink.com\/fr\/"},{"@type":"ListItem","position":2,"name":"Caract\u00e9ristiques du zinc-titane","item":"https:\/\/www.nedzink.com\/fr\/caracteristiques-du-zinc-titane\/"},{"@type":"ListItem","position":3,"name":"La dilatation"}]},{"@type":"WebSite","@id":"https:\/\/www.nedzink.com\/fr\/#website","url":"https:\/\/www.nedzink.com\/fr\/","name":"NedZink","description":"Zink fabrikant","publisher":{"@id":"https:\/\/www.nedzink.com\/fr\/#organization"},"potentialAction":[{"@type":"SearchAction","target":{"@type":"EntryPoint","urlTemplate":"https:\/\/www.nedzink.com\/fr\/?s={search_term_string}"},"query-input":{"@type":"PropertyValueSpecification","valueRequired":true,"valueName":"search_term_string"}}],"inLanguage":"fr-FR"},{"@type":"Organization","@id":"https:\/\/www.nedzink.com\/fr\/#organization","name":"NedZink","url":"https:\/\/www.nedzink.com\/fr\/","logo":{"@type":"ImageObject","inLanguage":"fr-FR","@id":"https:\/\/www.nedzink.com\/fr\/#\/schema\/logo\/image\/","url":"https:\/\/www.nedzink.com\/wp-content\/uploads\/2019\/08\/logo-nedzink_fc_zk.jpg","contentUrl":"https:\/\/www.nedzink.com\/wp-content\/uploads\/2019\/08\/logo-nedzink_fc_zk.jpg","width":2160,"height":688,"caption":"NedZink"},"image":{"@id":"https:\/\/www.nedzink.com\/fr\/#\/schema\/logo\/image\/"}}]}},"_links":{"self":[{"href":"https:\/\/www.nedzink.com\/fr\/wp-json\/wp\/v2\/pages\/24928","targetHints":{"allow":["GET"]}}],"collection":[{"href":"https:\/\/www.nedzink.com\/fr\/wp-json\/wp\/v2\/pages"}],"about":[{"href":"https:\/\/www.nedzink.com\/fr\/wp-json\/wp\/v2\/types\/page"}],"author":[{"embeddable":true,"href":"https:\/\/www.nedzink.com\/fr\/wp-json\/wp\/v2\/users\/9"}],"replies":[{"embeddable":true,"href":"https:\/\/www.nedzink.com\/fr\/wp-json\/wp\/v2\/comments?post=24928"}],"version-history":[{"count":0,"href":"https:\/\/www.nedzink.com\/fr\/wp-json\/wp\/v2\/pages\/24928\/revisions"}],"up":[{"embeddable":true,"href":"https:\/\/www.nedzink.com\/fr\/wp-json\/wp\/v2\/pages\/24858"}],"wp:attachment":[{"href":"https:\/\/www.nedzink.com\/fr\/wp-json\/wp\/v2\/media?parent=24928"}],"curies":[{"name":"wp","href":"https:\/\/api.w.org\/{rel}","templated":true}]}}