{"id":24918,"date":"2019-05-06T16:26:15","date_gmt":"2019-05-06T14:26:15","guid":{"rendered":"http:\/\/136.144.181.85\/~nedzink\/caracteristiques-du-zinc-titane\/la-formation-de-patine-la-condensation\/"},"modified":"2022-03-23T13:45:16","modified_gmt":"2022-03-23T12:45:16","slug":"la-formation-de-patine-la-condensation","status":"publish","type":"page","link":"https:\/\/www.nedzink.com\/fr\/caracteristiques-du-zinc-titane\/la-formation-de-patine-la-condensation\/","title":{"rendered":"la formation de patine\/ la condensation"},"content":{"rendered":"<h2>La formation de patine\/la condensation\/l\u2019utilisation avec des ardoises en fibrociment<\/h2>\n<h3>Naturel<\/h3>\n<p>Le zinc-titane doit son excellente r\u00e9sistance \u00e0 la corrosion \u00e0 la formation spontan\u00e9e d\u2019une couche superficielle non soluble dans l\u2019eau. Cette couche est constitu\u00e9e d\u2019un complexe chimique de zinc, d\u2019eau, d\u2019oxyg\u00e8ne, d\u2019hydrog\u00e8ne et d\u2019acide carbonique. Ce complexe est appel\u00e9 \u00ab\u00a0carbonate de zinc basique\u00a0\u00bb. Cette couche de patine n\u2019est pas une couche d\u2019oxyde\u00a0: pour former cette couche de patine, tous les \u00e9l\u00e9ments constitutifs doivent \u00eatre pr\u00e9sents :<\/p>\n<ul>\n<li>Zn + O<sub>2\u00a0<\/sub>\u00a0\u00a0\u00a0\u00a0\u00a0\u00a0\u00a0=&gt;\u00a0\u00a0\u00a0\u00a0\u00a0 \u00a0ZnO\u00a0 \u00a0 +\u00a0 H<sub>2<\/sub>O\u00a0 \u00a0=&gt;\u00a0\u00a0\u00a0\u00a0\u00a0\u00a0 Zn(OH)<sub>2\u00a0<\/sub>\u00a0\u00a0 +\u00a0 CO<sub>2<\/sub>\u00a0\u00a0\u00a0\u00a0\u00a0\u00a0\u00a0\u00a0\u00a0\u00a0=&gt;\u00a0 ZnCO<sub>3<\/sub><\/li>\n<li>zinc + oxyg\u00e8ne =&gt;\u00a0 oxyde de zinc + eau\u00a0 =&gt;\u00a0 hydroxyde de zinc + dioxyde de carbone =&gt;\u00a0 carbonate de zinc<\/li>\n<\/ul>\n<p>La composition exacte de cette couche de patine d\u00e9pend en partie du milieu dans lequel se forme cette couche. \u00c0 l\u2019air libre \u00ab\u00a0normal\u00a0\u00bb, il faut tenir compte d\u2019une s\u00e9rie de facteurs additionnels, par exemple :<\/p>\n<p>&#8211; les pr\u00e9cipitations :\u00a0pluie, neige, gr\u00eale, brouillard, condensation<\/p>\n<p>&#8211; la pollution atmosph\u00e9rique :<\/p>\n<ul>\n<li>\u00e9missions d\u2019une grande diversit\u00e9 de substances chimiques, caus\u00e9es par l\u2019industrie, le trafic, etc.<\/li>\n<li>sel marin dans les zones c\u00f4ti\u00e8res<\/li>\n<li>sable et poussi\u00e8res emport\u00e9es par les vents violents<\/li>\n<\/ul>\n<p>Suivant la localisation g\u00e9ographique, tous ces facteurs sont pr\u00e9sents dans une mesure diverse dans notre atmosph\u00e8re et se combinent entre eux pour avoir un impact plus ou moins important sur le degr\u00e9 de corrosion ou d\u2019usure. La r\u00e9duction d\u2019\u00e9paisseur du mat\u00e9riau d\u00e9pend du milieu : rural, urbain, industriel, c\u00f4tier, ou ses combinaisons.<\/p>\n<p><strong>\u00c0 la c\u00f4te<\/strong><\/p>\n<p>Lorsque le zinc est utilis\u00e9 dans une r\u00e9gion c\u00f4ti\u00e8re, la surface est expos\u00e9e \u00e0 de l\u2019air salin. S\u2019il s\u2019agit de zinc pr\u00e9patin\u00e9, la couche de patine se formera normalement s\u2019il y a suffisamment d\u2019eau pr\u00e9sente. Pour les parties qui ne sont pas soumises aux pr\u00e9cipitations directes et sont donc d\u00e9pendantes de l\u2019hygrom\u00e9trie, le processus de patinage sera plus lent. On observe d\u00e8s lors une d\u00e9coloration irr\u00e9guli\u00e8re du mat\u00e9riau et un d\u00e9lai plus long de formation de la patine et d\u2019apparition d\u2019une teinte gris clair unie. La combinaison d\u2019air salin et d\u2019un manque d\u2019eau de pr\u00e9cipitation directe produit des d\u00e9colorations de la surface. Ces effets visuels sont in\u00e9vitables et irr\u00e9versibles.<\/p>\n<h3>NOVA (pr\u00e9patin\u00e9)<\/h3>\n<p>L\u2019aspect gris moyen mat uniforme du NedZink NOVA est obtenu par un traitement de la surface dans notre site de production moderne.Cela permet d\u2019obtenir, sur le NedZink NTZ naturel, une couche de patine avec toutes les propri\u00e9t\u00e9s naturelles lors du processus qui suit le laminage. Il ne s\u2019agit pas d\u2019une couche de laque ou de peinture.Cela permet d\u2019obtenir une totale adh\u00e9rence avec le m\u00e9tal de base. La couche naturelle de patine de zinc est \u00e9tudi\u00e9e de tr\u00e8s pr\u00e8s.<\/p>\n<p>Les propri\u00e9t\u00e9s du zinc en tant que mat\u00e9riau de construction restent les m\u00eames. Le soudage reste possible. Les d\u00e9t\u00e9riorations minimes au niveau de la surface pr\u00e9patin\u00e9e qui surviennent lors du montage, par exemple, disparaissent d\u2019elle-m\u00eame lors de la restauration naturelle de la couche de patine.<\/p>\n<p><strong>Une protection suppl\u00e9mentaire de la surface<\/strong><br \/>\nNedZink NOVA \u00e9tant essentiellement utilis\u00e9 pour des applications particuli\u00e8rement esth\u00e9tiques et pour des fa\u00e7ades notamment, les produits sont dot\u00e9s d\u2019une couche de protection temporaire contre les traces de doigts.<\/p>\n<p><strong>Film de protection pour un montage impeccable<\/strong><br \/>\nIl est possible de commander, dans le cadre d\u2019applications sp\u00e9ciales, le mat\u00e9riau avec un film de protection. NedZink NOVA est alors pourvu d\u2019un film\u00a0qui offre une protection suppl\u00e9mentaire \u00e0 la surface lors de l\u2019installation du zinc. Ce film prot\u00e8ge la surface des d\u00e9t\u00e9riorations et de la salet\u00e9 pendant le montage et lors des travaux ult\u00e9rieurs. La protection n\u2019est efficace que lorsque le film est intact. Le film peut s\u2019av\u00e9rer plus adh\u00e9rent pendant les mois les plus froids de l\u2019ann\u00e9e. Le film doit \u00eatre retir\u00e9 imm\u00e9diatement apr\u00e8s le montage. Le temp\u00e9rature du zinc doit \u00eatre 7\u00b0C au minimum. En dessous de 7\u00b0 C, le film ne peut pas \u00eatre retir\u00e9.\u00a0Il ne r\u00e9siste pas aux rayons ultraviolets et est uniquement destin\u00e9 \u00e0 une protection temporaire. Le non-retrait du film augmente le risque de formation de rouille blanche. Le risque de combustion est \u00e9galement pr\u00e9sent, surtout en cas d\u2019exposition \u00e0 la lumi\u00e8re du soleil et de temp\u00e9rature \u00e9lev\u00e9e du m\u00e9tal. Le film ne doit pas \u00eatre int\u00e9gr\u00e9 aux raccords (les joints, par exemple).<\/p>\n<h3>La condensation\/l\u2019effet de l\u2019humidit\u00e9<\/h3>\n<p>Diff\u00e9rents \u00e9l\u00e9ments peuvent entra\u00eener la corrosion ou la dissolution de la couche de patine du zinc. Lorsque la couche de patine dispara\u00eet, le m\u00e9tal situ\u00e9 en-dessous est attaqu\u00e9. La couche de patine peut parfois \u00eatre rong\u00e9e par de la corrosion de condensation. Cette forme de corrosion appara\u00eet surtout sur la partie inf\u00e9rieure des couvertures en zinc. La p\u00e9n\u00e9tration des vapeurs d\u2019eau dans un toit entra\u00eene l\u2019apparition d\u2019humidit\u00e9 et de condensation sur la partie inf\u00e9rieure des couvertures en zinc. Une pr\u00e9sence excessive de condensation entra\u00eene une corrosion importante du zinc (corrosion par piq\u00fbres) si celui-ci n\u2019est pas dot\u00e9 d&rsquo;une couche de patine. La partie inf\u00e9rieure du rev\u00eatement doit donc \u00e9galement \u00eatre pourvue d\u2019une couche de patine. Cela est uniquement possible si la construction inf\u00e9rieure est a\u00e9r\u00e9e. Si un rev\u00eatement en zinc est appliqu\u00e9 sur un toit chaud, le toit doit r\u00e9pondre \u00e0 des exigences sp\u00e9cifiques.<\/p>\n<h3>Ardoises en fibrociment<\/h3>\n<p>Lors de l\u2019utilisation du zinc en combinaison avec des ardoises en fibrociment,\u00a0l\u2019utilisation de zinc en dessous des ardoises peut entra\u00eener des probl\u00e8mes. La pratique indique que les ardoises (en losange) en fibrociment et les accessoires correspondants peuvent lib\u00e9rer des substances qui attaquent tout particuli\u00e8rement les rev\u00eatements NedZink NOVA et NedZink NOIR pr\u00e9patin\u00e9s.<\/p>\n<div>\n<p>Nous vous conseillons donc de\u00a0contacter le fabricant des ardoises en fibrociment pour v\u00e9rifier s&rsquo;il y compatibilit\u00e9 avec le zinc. En \u00e9liminant des possibles effets n\u00e9gatifs, la long\u00e9vit\u00e9 du zinc peut \u00eatre garanti.<\/p>\n<\/div>\n","protected":false},"excerpt":{"rendered":"<p>La formation de patine\/la condensation\/l\u2019utilisation avec des ardoises en fibrociment Naturel Le zinc-titane doit son excellente r\u00e9sistance \u00e0 la corrosion \u00e0 la formation spontan\u00e9e d\u2019une couche superficielle non soluble dans l\u2019eau. Cette couche est constitu\u00e9e d\u2019un complexe chimique de zinc, d\u2019eau, d\u2019oxyg\u00e8ne, d\u2019hydrog\u00e8ne et d\u2019acide carbonique. Ce complexe est appel\u00e9 \u00ab\u00a0carbonate de zinc basique\u00a0\u00bb. Cette [&hellip;]<\/p>\n","protected":false},"author":9,"featured_media":0,"parent":24858,"menu_order":480,"comment_status":"closed","ping_status":"closed","template":"template-import.php","meta":{"_acf_changed":false,"footnotes":""},"class_list":["post-24918","page","type-page","status-publish","hentry"],"acf":[],"yoast_head":"<!-- This site is optimized with the Yoast SEO plugin v26.8 - https:\/\/yoast.com\/product\/yoast-seo-wordpress\/ -->\n<title>la formation de patine\/ la condensation \u2013 NedZink<\/title>\n<meta name=\"description\" content=\"Le zinc-titane doit son excellente r\u00e9sistance \u00e0 la corrosion \u00e0 la formation spontan\u00e9e d&#039;une couche insoluble \u00e0 la surface. Lisez la suite sur notre site web !\" \/>\n<meta name=\"robots\" content=\"index, follow, max-snippet:-1, max-image-preview:large, max-video-preview:-1\" \/>\n<link rel=\"canonical\" href=\"https:\/\/www.nedzink.com\/fr\/caracteristiques-du-zinc-titane\/la-formation-de-patine-la-condensation\/\" \/>\n<meta property=\"og:locale\" content=\"fr_FR\" \/>\n<meta property=\"og:type\" content=\"article\" \/>\n<meta property=\"og:title\" content=\"la formation de patine\/ la condensation \u2013 NedZink\" \/>\n<meta property=\"og:description\" content=\"Le zinc-titane doit son excellente r\u00e9sistance \u00e0 la corrosion \u00e0 la formation spontan\u00e9e d&#039;une couche insoluble \u00e0 la surface. Lisez la suite sur notre site web !\" \/>\n<meta property=\"og:url\" content=\"https:\/\/www.nedzink.com\/fr\/caracteristiques-du-zinc-titane\/la-formation-de-patine-la-condensation\/\" \/>\n<meta property=\"og:site_name\" content=\"NedZink\" \/>\n<meta property=\"article:modified_time\" content=\"2022-03-23T12:45:16+00:00\" \/>\n<meta name=\"twitter:card\" content=\"summary_large_image\" \/>\n<meta name=\"twitter:label1\" content=\"Dur\u00e9e de lecture estim\u00e9e\" \/>\n\t<meta name=\"twitter:data1\" content=\"5 minutes\" \/>\n<script type=\"application\/ld+json\" class=\"yoast-schema-graph\">{\"@context\":\"https:\/\/schema.org\",\"@graph\":[{\"@type\":\"WebPage\",\"@id\":\"https:\/\/www.nedzink.com\/fr\/caracteristiques-du-zinc-titane\/la-formation-de-patine-la-condensation\/\",\"url\":\"https:\/\/www.nedzink.com\/fr\/caracteristiques-du-zinc-titane\/la-formation-de-patine-la-condensation\/\",\"name\":\"la formation de patine\/ la condensation \u2013 NedZink\",\"isPartOf\":{\"@id\":\"https:\/\/www.nedzink.com\/fr\/#website\"},\"datePublished\":\"2019-05-06T14:26:15+00:00\",\"dateModified\":\"2022-03-23T12:45:16+00:00\",\"description\":\"Le zinc-titane doit son excellente r\u00e9sistance \u00e0 la corrosion \u00e0 la formation spontan\u00e9e d'une couche insoluble \u00e0 la surface. Lisez la suite sur notre site web !\",\"breadcrumb\":{\"@id\":\"https:\/\/www.nedzink.com\/fr\/caracteristiques-du-zinc-titane\/la-formation-de-patine-la-condensation\/#breadcrumb\"},\"inLanguage\":\"fr-FR\",\"potentialAction\":[{\"@type\":\"ReadAction\",\"target\":[\"https:\/\/www.nedzink.com\/fr\/caracteristiques-du-zinc-titane\/la-formation-de-patine-la-condensation\/\"]}]},{\"@type\":\"BreadcrumbList\",\"@id\":\"https:\/\/www.nedzink.com\/fr\/caracteristiques-du-zinc-titane\/la-formation-de-patine-la-condensation\/#breadcrumb\",\"itemListElement\":[{\"@type\":\"ListItem\",\"position\":1,\"name\":\"Home\",\"item\":\"https:\/\/www.nedzink.com\/fr\/\"},{\"@type\":\"ListItem\",\"position\":2,\"name\":\"Caract\u00e9ristiques du zinc-titane\",\"item\":\"https:\/\/www.nedzink.com\/fr\/caracteristiques-du-zinc-titane\/\"},{\"@type\":\"ListItem\",\"position\":3,\"name\":\"la formation de patine\/ la condensation\"}]},{\"@type\":\"WebSite\",\"@id\":\"https:\/\/www.nedzink.com\/fr\/#website\",\"url\":\"https:\/\/www.nedzink.com\/fr\/\",\"name\":\"NedZink\",\"description\":\"Zink fabrikant\",\"publisher\":{\"@id\":\"https:\/\/www.nedzink.com\/fr\/#organization\"},\"potentialAction\":[{\"@type\":\"SearchAction\",\"target\":{\"@type\":\"EntryPoint\",\"urlTemplate\":\"https:\/\/www.nedzink.com\/fr\/?s={search_term_string}\"},\"query-input\":{\"@type\":\"PropertyValueSpecification\",\"valueRequired\":true,\"valueName\":\"search_term_string\"}}],\"inLanguage\":\"fr-FR\"},{\"@type\":\"Organization\",\"@id\":\"https:\/\/www.nedzink.com\/fr\/#organization\",\"name\":\"NedZink\",\"url\":\"https:\/\/www.nedzink.com\/fr\/\",\"logo\":{\"@type\":\"ImageObject\",\"inLanguage\":\"fr-FR\",\"@id\":\"https:\/\/www.nedzink.com\/fr\/#\/schema\/logo\/image\/\",\"url\":\"https:\/\/www.nedzink.com\/wp-content\/uploads\/2019\/08\/logo-nedzink_fc_zk.jpg\",\"contentUrl\":\"https:\/\/www.nedzink.com\/wp-content\/uploads\/2019\/08\/logo-nedzink_fc_zk.jpg\",\"width\":2160,\"height\":688,\"caption\":\"NedZink\"},\"image\":{\"@id\":\"https:\/\/www.nedzink.com\/fr\/#\/schema\/logo\/image\/\"}}]}<\/script>\n<!-- \/ Yoast SEO plugin. -->","yoast_head_json":{"title":"la formation de patine\/ la condensation \u2013 NedZink","description":"Le zinc-titane doit son excellente r\u00e9sistance \u00e0 la corrosion \u00e0 la formation spontan\u00e9e d'une couche insoluble \u00e0 la surface. Lisez la suite sur notre site web !","robots":{"index":"index","follow":"follow","max-snippet":"max-snippet:-1","max-image-preview":"max-image-preview:large","max-video-preview":"max-video-preview:-1"},"canonical":"https:\/\/www.nedzink.com\/fr\/caracteristiques-du-zinc-titane\/la-formation-de-patine-la-condensation\/","og_locale":"fr_FR","og_type":"article","og_title":"la formation de patine\/ la condensation \u2013 NedZink","og_description":"Le zinc-titane doit son excellente r\u00e9sistance \u00e0 la corrosion \u00e0 la formation spontan\u00e9e d'une couche insoluble \u00e0 la surface. Lisez la suite sur notre site web !","og_url":"https:\/\/www.nedzink.com\/fr\/caracteristiques-du-zinc-titane\/la-formation-de-patine-la-condensation\/","og_site_name":"NedZink","article_modified_time":"2022-03-23T12:45:16+00:00","twitter_card":"summary_large_image","twitter_misc":{"Dur\u00e9e de lecture estim\u00e9e":"5 minutes"},"schema":{"@context":"https:\/\/schema.org","@graph":[{"@type":"WebPage","@id":"https:\/\/www.nedzink.com\/fr\/caracteristiques-du-zinc-titane\/la-formation-de-patine-la-condensation\/","url":"https:\/\/www.nedzink.com\/fr\/caracteristiques-du-zinc-titane\/la-formation-de-patine-la-condensation\/","name":"la formation de patine\/ la condensation \u2013 NedZink","isPartOf":{"@id":"https:\/\/www.nedzink.com\/fr\/#website"},"datePublished":"2019-05-06T14:26:15+00:00","dateModified":"2022-03-23T12:45:16+00:00","description":"Le zinc-titane doit son excellente r\u00e9sistance \u00e0 la corrosion \u00e0 la formation spontan\u00e9e d'une couche insoluble \u00e0 la surface. Lisez la suite sur notre site web !","breadcrumb":{"@id":"https:\/\/www.nedzink.com\/fr\/caracteristiques-du-zinc-titane\/la-formation-de-patine-la-condensation\/#breadcrumb"},"inLanguage":"fr-FR","potentialAction":[{"@type":"ReadAction","target":["https:\/\/www.nedzink.com\/fr\/caracteristiques-du-zinc-titane\/la-formation-de-patine-la-condensation\/"]}]},{"@type":"BreadcrumbList","@id":"https:\/\/www.nedzink.com\/fr\/caracteristiques-du-zinc-titane\/la-formation-de-patine-la-condensation\/#breadcrumb","itemListElement":[{"@type":"ListItem","position":1,"name":"Home","item":"https:\/\/www.nedzink.com\/fr\/"},{"@type":"ListItem","position":2,"name":"Caract\u00e9ristiques du zinc-titane","item":"https:\/\/www.nedzink.com\/fr\/caracteristiques-du-zinc-titane\/"},{"@type":"ListItem","position":3,"name":"la formation de patine\/ la condensation"}]},{"@type":"WebSite","@id":"https:\/\/www.nedzink.com\/fr\/#website","url":"https:\/\/www.nedzink.com\/fr\/","name":"NedZink","description":"Zink fabrikant","publisher":{"@id":"https:\/\/www.nedzink.com\/fr\/#organization"},"potentialAction":[{"@type":"SearchAction","target":{"@type":"EntryPoint","urlTemplate":"https:\/\/www.nedzink.com\/fr\/?s={search_term_string}"},"query-input":{"@type":"PropertyValueSpecification","valueRequired":true,"valueName":"search_term_string"}}],"inLanguage":"fr-FR"},{"@type":"Organization","@id":"https:\/\/www.nedzink.com\/fr\/#organization","name":"NedZink","url":"https:\/\/www.nedzink.com\/fr\/","logo":{"@type":"ImageObject","inLanguage":"fr-FR","@id":"https:\/\/www.nedzink.com\/fr\/#\/schema\/logo\/image\/","url":"https:\/\/www.nedzink.com\/wp-content\/uploads\/2019\/08\/logo-nedzink_fc_zk.jpg","contentUrl":"https:\/\/www.nedzink.com\/wp-content\/uploads\/2019\/08\/logo-nedzink_fc_zk.jpg","width":2160,"height":688,"caption":"NedZink"},"image":{"@id":"https:\/\/www.nedzink.com\/fr\/#\/schema\/logo\/image\/"}}]}},"_links":{"self":[{"href":"https:\/\/www.nedzink.com\/fr\/wp-json\/wp\/v2\/pages\/24918","targetHints":{"allow":["GET"]}}],"collection":[{"href":"https:\/\/www.nedzink.com\/fr\/wp-json\/wp\/v2\/pages"}],"about":[{"href":"https:\/\/www.nedzink.com\/fr\/wp-json\/wp\/v2\/types\/page"}],"author":[{"embeddable":true,"href":"https:\/\/www.nedzink.com\/fr\/wp-json\/wp\/v2\/users\/9"}],"replies":[{"embeddable":true,"href":"https:\/\/www.nedzink.com\/fr\/wp-json\/wp\/v2\/comments?post=24918"}],"version-history":[{"count":0,"href":"https:\/\/www.nedzink.com\/fr\/wp-json\/wp\/v2\/pages\/24918\/revisions"}],"up":[{"embeddable":true,"href":"https:\/\/www.nedzink.com\/fr\/wp-json\/wp\/v2\/pages\/24858"}],"wp:attachment":[{"href":"https:\/\/www.nedzink.com\/fr\/wp-json\/wp\/v2\/media?parent=24918"}],"curies":[{"name":"wp","href":"https:\/\/api.w.org\/{rel}","templated":true}]}}