{"id":24878,"date":"2019-05-06T16:26:07","date_gmt":"2019-05-06T14:26:07","guid":{"rendered":"http:\/\/136.144.181.85\/~nedzink\/caracteristiques-du-zinc-titane\/les-specifications-techniques\/nedzink-naturel\/"},"modified":"2024-09-05T12:43:52","modified_gmt":"2024-09-05T10:43:52","slug":"nedzink-naturel","status":"publish","type":"page","link":"https:\/\/www.nedzink.com\/fr\/caracteristiques-du-zinc-titane\/les-specifications-techniques\/nedzink-naturel\/","title":{"rendered":"NedZink NATUREL"},"content":{"rendered":"[vc_row][vc_column][vc_column_text css=\u00a0\u00bb.vc_custom_1721125797636{margin-bottom: 0px !important;}\u00a0\u00bb]\n<h3>Description du produit<\/h3>\n<table style=\"width: 95%;\" border=\"0\" cellspacing=\"0\" cellpadding=\"0\">\n<tbody>\n<tr>\n<td style=\"width: 23.2061%;\">\n<p><img decoding=\"async\" style=\"margin: 10px; width: 250px; height: 250px; border: 0px solid;\" src=\"https:\/\/www.nedzink.com\/wp-content\/uploads\/import\/cms\/userfiles\/images\/lab.jpg\" alt=\"\" \/><\/p>\n<p align=\"center\"><em>Contr\u00f4le de qualit\u00e9 au laboratoire <\/em><br \/>\n<em>de NedZink<\/em><\/td>\n<td style=\"width: 76.6413%;\">\n<p align=\"left\"><strong style=\"font-family: inherit; font-size: inherit;\">NedZink NATUREL est un alliage \u00e0 base de zinc \u00e9lectrolytique pur (99,995% Zn, Z1 conform\u00e9ment \u00e0 la norme EN 1179) avec ajout de cuivre, de titane et d\u2019aluminium.\u00a0 Sa composition chimique, ses propri\u00e9t\u00e9s physiques et m\u00e9caniques, ainsi que ses tol\u00e9rances dimensionnelles sont d\u00e9finies dans EN 988.<\/strong><\/p>\n<p>Le certificat ISO 9001 obtenu par le syst\u00e8me d\u2019assurance qualit\u00e9 de NedZink est la garantit un niveau de qualit\u00e9 \u00e9lev\u00e9 et constant des exigences d\u00e9finies par EN 988.<\/p>\n<p>NedZink NATUREL a une surface lisse et brillante. En le contact de l\u2019air ext\u00e9rieur et des intemp\u00e9ries, une patine<br \/>\nde zinc insoluble, d\u2019aspect irr\u00e9gulier appara\u00eet rapidement.<\/p>\n<p>NedZink NATUREL est essentiellement utilis\u00e9 pour l\u2019enveloppe du b\u00e2timent : toiture, fa\u00e7ades et syst\u00e8mes<br \/>\nd\u2019\u00e9vacuation des eaux pluviales.<\/p>\n<p align=\"left\">\n<\/td>\n<\/tr>\n<\/tbody>\n<\/table>\n<h3><\/h3>\n<h3>Composition chimique<\/h3>\n<table style=\"width: 95%;\" border=\"1\" cellspacing=\"1\" cellpadding=\"1\">\n<tbody>\n<tr>\n<td><strong>Exigences produit\u00a0\u00a0\u00a0\u00a0\u00a0\u00a0\u00a0\u00a0<\/strong><\/td>\n<td><strong>Zinc-titane NedZink\u00a0\u00a0\u00a0\u00a0\u00a0 <\/strong><\/td>\n<td>\n<p><strong>Exigences produit<\/strong><\/p>\n<p><strong>selon\u00a0DIN EN 988<\/strong><\/td>\n<\/tr>\n<tr>\n<td><span class=\" h4r\">Zinc<\/span><\/td>\n<td><span class=\" h4r\">Zn 99,995%<\/span><\/td>\n<td><span class=\" h4r\">Zn 99,995%<\/span><\/td>\n<\/tr>\n<tr>\n<td><span class=\" h4r\">Cuivre<\/span><\/td>\n<td><span class=\" h4r\">Cu 0,08 &#8211; 0,17%<\/span><\/td>\n<td><span class=\" h4r\">Cu 0,08 &#8211; 1,0%<\/span><\/td>\n<\/tr>\n<tr>\n<td><span class=\" h4r\">Titane<\/span><\/td>\n<td><span class=\" h4r\">Ti 0,07 &#8211; 0,12%<\/span><\/td>\n<td><span class=\" h4r\">Ti 0,06 &#8211; 0,2%<\/span><\/td>\n<\/tr>\n<tr>\n<td><span class=\" h4r\">Aluminium<\/span><\/td>\n<td><span class=\" h4r\">Al <u>&lt;<\/u> 0,015%<\/span><\/td>\n<td><span class=\" h4r\">Al <u>&lt;<\/u> 0,015%<\/span><\/td>\n<\/tr>\n<\/tbody>\n<\/table>\n<h3><\/h3>\n<h3>Tol\u00e9rances dimensionnelles pour produits standard<\/h3>\n<table style=\"width: 95%;\" border=\"1\" cellspacing=\"1\" cellpadding=\"1\">\n<tbody>\n<tr>\n<td><strong>Exigences produit\u00a0\u00a0\u00a0\u00a0\u00a0\u00a0\u00a0\u00a0\u00a0\u00a0<\/strong><\/td>\n<td><strong>Zinc-titane NedZink\u00a0\u00a0\u00a0\u00a0\u00a0\u00a0\u00a0\u00a0\u00a0 <\/strong><\/td>\n<td>\n<p><strong><strong>Exigences produit<\/strong><\/strong><\/p>\n<p><strong><strong>selon\u00a0DIN EN 988<\/strong><\/strong><\/td>\n<\/tr>\n<tr>\n<td><span class=\" h4r\">Epaisseur<\/span><\/td>\n<td><span class=\" h4r\">\u00b1\u00a00,025 mm<\/span><\/td>\n<td><span class=\" h4r\">\u00b1\u00a00,03 mm<\/span><\/td>\n<\/tr>\n<tr>\n<td><span class=\" h4r\">Largeur<\/span><\/td>\n<td><span class=\" h4r\">+ 2\/-0 mm<\/span><\/td>\n<td><span class=\" h4r\">+ 2\/-0 mm<\/span><\/td>\n<\/tr>\n<tr>\n<td><span class=\" h4r\">Longeur des feuilles<\/span><\/td>\n<td><span class=\" h4r\">+ 2\/-0 mm<\/span><\/td>\n<td><span class=\" h4r\">+ 10\/-0 mm<\/span><\/td>\n<\/tr>\n<\/tbody>\n<\/table>\n<h3><\/h3>\n<h3>Propri\u00e9t\u00e9s m\u00e9caniques et technologiques<\/h3>\n<table style=\"width: 95%;\" border=\"1\" cellspacing=\"1\" cellpadding=\"1\">\n<tbody>\n<tr>\n<td><strong>Exigences produit<\/strong><\/td>\n<td><strong>Zinc-titane NedZink\u00a0\u00a0\u00a0\u00a0\u00a0 <\/strong><\/td>\n<td>\n<p><strong><strong>Exigences produit<\/strong><\/strong><\/p>\n<p><strong><strong>selon\u00a0DIN EN 988<\/strong><\/strong><\/td>\n<\/tr>\n<tr>\n<td><span class=\" h4r\">Limite \u00e9lastique (Rp 0,2)<\/span><\/td>\n<td><span class=\" h4r\">min. 110N\/mm2<\/span><\/td>\n<td><span class=\" h4r\">min. 100N\/mm2<\/span><\/td>\n<\/tr>\n<tr>\n<td><span class=\" h4r\">R\u00e9sistance \u00e0 la traction\u00a0(Rm)<\/span><\/td>\n<td><span class=\" h4r\">min. 150 N\/mm2<\/span><\/td>\n<td><span class=\" h4r\">min. 150 N\/mm2<\/span><\/td>\n<\/tr>\n<tr>\n<td><span class=\" h4r\">Allongement \u00e0 la rupture\u00a0(A50)<\/span><\/td>\n<td><span class=\" h4r\">min 40%<\/span><\/td>\n<td><span class=\" h4r\">min 35%<\/span><\/td>\n<\/tr>\n<tr>\n<td><span class=\" h4r\">Duret\u00e9 Vickers (HV3)<\/span><\/td>\n<td><span class=\" h4r\">min. 40<\/span><\/td>\n<td>&#8211;<\/td>\n<\/tr>\n<tr>\n<td><span class=\" h4r\">Essai de pliage<\/span><\/td>\n<td><span class=\" h4r\">1.\u00a0aucune fissure sur le pli<\/span><br \/>\n<span class=\" h4r\">2. aucune rupture<\/span><br \/>\n<span class=\" h4r\">3.\u00a0r\u00e9sistance relative \u00e0 la traction<\/span><br \/>\n<span class=\" h4r\">\u00a0\u00a0\u00a0 D &gt; 0,7 x r\u00e9sistance initiale<\/span><br \/>\n<span class=\" h4r\">\u00a0\u00a0\u00a0 \u00e0 la traction<\/span><\/td>\n<td><span class=\" h4r\">aucune fissure sur le pli<\/span><\/td>\n<\/tr>\n<tr>\n<td><span class=\" h4r\">Dilatation restante apr\u00e8s effets<\/span><\/td>\n<td><span class=\" h4r\">max. 0,1%<\/span><\/td>\n<td><span class=\" h4r\">max. 0,1%<\/span><\/td>\n<\/tr>\n<tr>\n<td><span class=\" h4r\">Fl\u00e8che<\/span><\/td>\n<td><span class=\" h4r\">max. 1,5mm\/m<\/span><\/td>\n<td><span class=\" h4r\">max. 1,5mm\/m<\/span><\/td>\n<\/tr>\n<tr>\n<td><span class=\" h4r\">Plan\u00e9t\u00e9-ondulation<\/span><\/td>\n<td><span class=\" h4r\">max. 2mm<\/span><\/td>\n<td><span class=\" h4r\">max. 2mm<\/span><\/td>\n<\/tr>\n<tr>\n<td><span class=\" h4r\">Contr\u00f4le du produit ind\u00e9pendant<\/span><\/td>\n<td><\/td>\n<td><span class=\" h4r\">&#8211;<\/span><\/td>\n<\/tr>\n<tr>\n<td><span class=\" h4r\">Garantie<\/span><\/td>\n<td><span class=\" h4r\">10 ans<\/span><\/td>\n<td><span class=\" h4r\">&#8211;<\/span><\/td>\n<\/tr>\n<tr>\n<td><span class=\" h4r\">Syst\u00e8me de contr\u00f4le qualit\u00e9<\/span><\/td>\n<td><span class=\" h4r\">DIN EN ISO 9001-2015<\/span><\/td>\n<td><\/td>\n<\/tr>\n<\/tbody>\n<\/table>\n<h3><\/h3>\n<h3>Propri\u00e9t\u00e9s physiques<\/h3>\n<table style=\"width: 95%;\" border=\"1\" cellspacing=\"1\" cellpadding=\"1\">\n<tbody>\n<tr>\n<td><span class=\" h4r\">Densit\u00e9<\/span><\/td>\n<td><span class=\" h4r\">7,2 g\/cm3<\/span><\/td>\n<\/tr>\n<tr>\n<td><span class=\" h4r\">Point de fusion<\/span><\/td>\n<td><span class=\" h4r\">420 \u00b0C<\/span><\/td>\n<\/tr>\n<tr>\n<td><span class=\" h4r\">Temp\u00e9rature de recristallisation<\/span><\/td>\n<td><span class=\" h4r\">&gt; 300 \u00b0C<\/span><\/td>\n<\/tr>\n<tr>\n<td><span class=\" h4r\">Coefficient de dilatation longitudinal<\/span><\/td>\n<td><span class=\" h4r\">0,022 mm\/(mK)<\/span><\/td>\n<\/tr>\n<\/tbody>\n<\/table>\n[\/vc_column_text][\/vc_column][\/vc_row][vc_row][vc_column width=\u00a0\u00bb1\/4&Prime;][mk_padding_divider size=\u00a0\u00bb20&Prime;][vc_single_image image=\u00a0\u00bb108025&Prime; img_size=\u00a0\u00bb200&#215;286&Prime; alignment=\u00a0\u00bbcenter\u00a0\u00bb onclick=\u00a0\u00bbcustom_link\u00a0\u00bb img_link_target=\u00a0\u00bb_blank\u00a0\u00bb link=\u00a0\u00bbhttps:\/\/www.nedzink.com\/wp-content\/uploads\/2022\/03\/0023998-qms-frafr-rva.pdf\u00a0\u00bb][mk_padding_divider size=\u00a0\u00bb20&Prime;][\/vc_column][vc_column width=\u00a0\u00bb3\/4&Prime;][mk_padding_divider size=\u00a0\u00bb20&Prime;][vc_column_text css=\u00a0\u00bb.vc_custom_1714116686887{margin-bottom: 0px !important;}\u00a0\u00bb]Les mat\u00e9riaux sont pourvus d&rsquo;un marquage continu avec un label conform\u00e9ment \u00e0 la norme NEN-EN 988 et mentionnant le producteur, la description du produit en allemand, n\u00e9erlandais, anglais et fran\u00e7ais, la norme EN 988, l&rsquo;\u00e9paisseur nominale, le num\u00e9ro de charge, l&rsquo;ann\u00e9e de production et le logo de KOMO (K7054).<\/p>\n<p>Le certificat ISO 9001 obtenu par le syst\u00e8me d\u2019assurance qualit\u00e9 de NedZink est la garantit un niveau de qualit\u00e9 \u00e9lev\u00e9 et constant des exigences d\u00e9finies par EN 988.<\/p>\n<p>Le zinc-titane NedZink est caract\u00e9ris\u00e9 par une dur\u00e9e de vie \u00e9lev\u00e9e et d&rsquo;excellentes propri\u00e9t\u00e9s de d\u00e9formation. Il est particuli\u00e8rement r\u00e9sistant aux intemp\u00e9ries et ne n\u00e9cessite aucun entretien.[\/vc_column_text][\/vc_column][\/vc_row]\n","protected":false},"excerpt":{"rendered":"<p>[vc_row][vc_column][vc_column_text css=\u00a0\u00bb.vc_custom_1721125797636{margin-bottom: 0px !important;}\u00a0\u00bb] Description du produit Contr\u00f4le de qualit\u00e9 au laboratoire de NedZink NedZink NATUREL est un alliage \u00e0 base de zinc \u00e9lectrolytique pur (99,995% Zn, Z1 conform\u00e9ment \u00e0 la norme EN 1179) avec ajout de cuivre, de titane et d\u2019aluminium.\u00a0 Sa composition chimique, ses propri\u00e9t\u00e9s physiques et m\u00e9caniques, ainsi que ses tol\u00e9rances dimensionnelles [&hellip;]<\/p>\n","protected":false},"author":9,"featured_media":0,"parent":24868,"menu_order":440,"comment_status":"closed","ping_status":"closed","template":"template-import.php","meta":{"_acf_changed":false,"footnotes":""},"class_list":["post-24878","page","type-page","status-publish","hentry"],"acf":[],"yoast_head":"<!-- This site is optimized with the Yoast SEO plugin v26.8 - https:\/\/yoast.com\/product\/yoast-seo-wordpress\/ -->\n<title>NedZink NATUREL \u2013 NedZink<\/title>\n<meta name=\"robots\" content=\"index, follow, max-snippet:-1, max-image-preview:large, max-video-preview:-1\" \/>\n<link rel=\"canonical\" href=\"https:\/\/www.nedzink.com\/fr\/caracteristiques-du-zinc-titane\/les-specifications-techniques\/nedzink-naturel\/\" \/>\n<meta property=\"og:locale\" content=\"fr_FR\" \/>\n<meta property=\"og:type\" content=\"article\" \/>\n<meta property=\"og:title\" content=\"NedZink NATUREL \u2013 NedZink\" \/>\n<meta property=\"og:description\" content=\"[vc_row][vc_column][vc_column_text css=\u00a0\u00bb.vc_custom_1721125797636{margin-bottom: 0px !important;}\u00a0\u00bb] Description du produit Contr\u00f4le de qualit\u00e9 au laboratoire de NedZink NedZink NATUREL est un alliage \u00e0 base de zinc \u00e9lectrolytique pur (99,995% Zn, Z1 conform\u00e9ment \u00e0 la norme EN 1179) avec ajout de cuivre, de titane et d\u2019aluminium.\u00a0 Sa composition chimique, ses propri\u00e9t\u00e9s physiques et m\u00e9caniques, ainsi que ses tol\u00e9rances dimensionnelles [&hellip;]\" \/>\n<meta property=\"og:url\" content=\"https:\/\/www.nedzink.com\/fr\/caracteristiques-du-zinc-titane\/les-specifications-techniques\/nedzink-naturel\/\" \/>\n<meta property=\"og:site_name\" content=\"NedZink\" \/>\n<meta property=\"article:modified_time\" content=\"2024-09-05T10:43:52+00:00\" \/>\n<meta property=\"og:image\" content=\"https:\/\/www.nedzink.com\/wp-content\/uploads\/import\/cms\/userfiles\/images\/lab.jpg\" \/>\n<meta name=\"twitter:card\" content=\"summary_large_image\" \/>\n<meta name=\"twitter:label1\" content=\"Dur\u00e9e de lecture estim\u00e9e\" \/>\n\t<meta name=\"twitter:data1\" content=\"3 minutes\" \/>\n<script type=\"application\/ld+json\" class=\"yoast-schema-graph\">{\"@context\":\"https:\/\/schema.org\",\"@graph\":[{\"@type\":\"WebPage\",\"@id\":\"https:\/\/www.nedzink.com\/fr\/caracteristiques-du-zinc-titane\/les-specifications-techniques\/nedzink-naturel\/\",\"url\":\"https:\/\/www.nedzink.com\/fr\/caracteristiques-du-zinc-titane\/les-specifications-techniques\/nedzink-naturel\/\",\"name\":\"NedZink NATUREL \u2013 NedZink\",\"isPartOf\":{\"@id\":\"https:\/\/www.nedzink.com\/fr\/#website\"},\"primaryImageOfPage\":{\"@id\":\"https:\/\/www.nedzink.com\/fr\/caracteristiques-du-zinc-titane\/les-specifications-techniques\/nedzink-naturel\/#primaryimage\"},\"image\":{\"@id\":\"https:\/\/www.nedzink.com\/fr\/caracteristiques-du-zinc-titane\/les-specifications-techniques\/nedzink-naturel\/#primaryimage\"},\"thumbnailUrl\":\"https:\/\/www.nedzink.com\/wp-content\/uploads\/import\/cms\/userfiles\/images\/lab.jpg\",\"datePublished\":\"2019-05-06T14:26:07+00:00\",\"dateModified\":\"2024-09-05T10:43:52+00:00\",\"breadcrumb\":{\"@id\":\"https:\/\/www.nedzink.com\/fr\/caracteristiques-du-zinc-titane\/les-specifications-techniques\/nedzink-naturel\/#breadcrumb\"},\"inLanguage\":\"fr-FR\",\"potentialAction\":[{\"@type\":\"ReadAction\",\"target\":[\"https:\/\/www.nedzink.com\/fr\/caracteristiques-du-zinc-titane\/les-specifications-techniques\/nedzink-naturel\/\"]}]},{\"@type\":\"ImageObject\",\"inLanguage\":\"fr-FR\",\"@id\":\"https:\/\/www.nedzink.com\/fr\/caracteristiques-du-zinc-titane\/les-specifications-techniques\/nedzink-naturel\/#primaryimage\",\"url\":\"https:\/\/www.nedzink.com\/wp-content\/uploads\/import\/cms\/userfiles\/images\/lab.jpg\",\"contentUrl\":\"https:\/\/www.nedzink.com\/wp-content\/uploads\/import\/cms\/userfiles\/images\/lab.jpg\"},{\"@type\":\"BreadcrumbList\",\"@id\":\"https:\/\/www.nedzink.com\/fr\/caracteristiques-du-zinc-titane\/les-specifications-techniques\/nedzink-naturel\/#breadcrumb\",\"itemListElement\":[{\"@type\":\"ListItem\",\"position\":1,\"name\":\"Home\",\"item\":\"https:\/\/www.nedzink.com\/fr\/\"},{\"@type\":\"ListItem\",\"position\":2,\"name\":\"Caract\u00e9ristiques du zinc-titane\",\"item\":\"https:\/\/www.nedzink.com\/fr\/caracteristiques-du-zinc-titane\/\"},{\"@type\":\"ListItem\",\"position\":3,\"name\":\"Les sp\u00e9cifications techniques\",\"item\":\"https:\/\/www.nedzink.com\/fr\/caracteristiques-du-zinc-titane\/les-specifications-techniques\/\"},{\"@type\":\"ListItem\",\"position\":4,\"name\":\"NedZink NATUREL\"}]},{\"@type\":\"WebSite\",\"@id\":\"https:\/\/www.nedzink.com\/fr\/#website\",\"url\":\"https:\/\/www.nedzink.com\/fr\/\",\"name\":\"NedZink\",\"description\":\"Zink fabrikant\",\"publisher\":{\"@id\":\"https:\/\/www.nedzink.com\/fr\/#organization\"},\"potentialAction\":[{\"@type\":\"SearchAction\",\"target\":{\"@type\":\"EntryPoint\",\"urlTemplate\":\"https:\/\/www.nedzink.com\/fr\/?s={search_term_string}\"},\"query-input\":{\"@type\":\"PropertyValueSpecification\",\"valueRequired\":true,\"valueName\":\"search_term_string\"}}],\"inLanguage\":\"fr-FR\"},{\"@type\":\"Organization\",\"@id\":\"https:\/\/www.nedzink.com\/fr\/#organization\",\"name\":\"NedZink\",\"url\":\"https:\/\/www.nedzink.com\/fr\/\",\"logo\":{\"@type\":\"ImageObject\",\"inLanguage\":\"fr-FR\",\"@id\":\"https:\/\/www.nedzink.com\/fr\/#\/schema\/logo\/image\/\",\"url\":\"https:\/\/www.nedzink.com\/wp-content\/uploads\/2019\/08\/logo-nedzink_fc_zk.jpg\",\"contentUrl\":\"https:\/\/www.nedzink.com\/wp-content\/uploads\/2019\/08\/logo-nedzink_fc_zk.jpg\",\"width\":2160,\"height\":688,\"caption\":\"NedZink\"},\"image\":{\"@id\":\"https:\/\/www.nedzink.com\/fr\/#\/schema\/logo\/image\/\"}}]}<\/script>\n<!-- \/ Yoast SEO plugin. -->","yoast_head_json":{"title":"NedZink NATUREL \u2013 NedZink","robots":{"index":"index","follow":"follow","max-snippet":"max-snippet:-1","max-image-preview":"max-image-preview:large","max-video-preview":"max-video-preview:-1"},"canonical":"https:\/\/www.nedzink.com\/fr\/caracteristiques-du-zinc-titane\/les-specifications-techniques\/nedzink-naturel\/","og_locale":"fr_FR","og_type":"article","og_title":"NedZink NATUREL \u2013 NedZink","og_description":"[vc_row][vc_column][vc_column_text css=\u00a0\u00bb.vc_custom_1721125797636{margin-bottom: 0px !important;}\u00a0\u00bb] Description du produit Contr\u00f4le de qualit\u00e9 au laboratoire de NedZink NedZink NATUREL est un alliage \u00e0 base de zinc \u00e9lectrolytique pur (99,995% Zn, Z1 conform\u00e9ment \u00e0 la norme EN 1179) avec ajout de cuivre, de titane et d\u2019aluminium.\u00a0 Sa composition chimique, ses propri\u00e9t\u00e9s physiques et m\u00e9caniques, ainsi que ses tol\u00e9rances dimensionnelles [&hellip;]","og_url":"https:\/\/www.nedzink.com\/fr\/caracteristiques-du-zinc-titane\/les-specifications-techniques\/nedzink-naturel\/","og_site_name":"NedZink","article_modified_time":"2024-09-05T10:43:52+00:00","og_image":[{"url":"https:\/\/www.nedzink.com\/wp-content\/uploads\/import\/cms\/userfiles\/images\/lab.jpg","type":"","width":"","height":""}],"twitter_card":"summary_large_image","twitter_misc":{"Dur\u00e9e de lecture estim\u00e9e":"3 minutes"},"schema":{"@context":"https:\/\/schema.org","@graph":[{"@type":"WebPage","@id":"https:\/\/www.nedzink.com\/fr\/caracteristiques-du-zinc-titane\/les-specifications-techniques\/nedzink-naturel\/","url":"https:\/\/www.nedzink.com\/fr\/caracteristiques-du-zinc-titane\/les-specifications-techniques\/nedzink-naturel\/","name":"NedZink NATUREL \u2013 NedZink","isPartOf":{"@id":"https:\/\/www.nedzink.com\/fr\/#website"},"primaryImageOfPage":{"@id":"https:\/\/www.nedzink.com\/fr\/caracteristiques-du-zinc-titane\/les-specifications-techniques\/nedzink-naturel\/#primaryimage"},"image":{"@id":"https:\/\/www.nedzink.com\/fr\/caracteristiques-du-zinc-titane\/les-specifications-techniques\/nedzink-naturel\/#primaryimage"},"thumbnailUrl":"https:\/\/www.nedzink.com\/wp-content\/uploads\/import\/cms\/userfiles\/images\/lab.jpg","datePublished":"2019-05-06T14:26:07+00:00","dateModified":"2024-09-05T10:43:52+00:00","breadcrumb":{"@id":"https:\/\/www.nedzink.com\/fr\/caracteristiques-du-zinc-titane\/les-specifications-techniques\/nedzink-naturel\/#breadcrumb"},"inLanguage":"fr-FR","potentialAction":[{"@type":"ReadAction","target":["https:\/\/www.nedzink.com\/fr\/caracteristiques-du-zinc-titane\/les-specifications-techniques\/nedzink-naturel\/"]}]},{"@type":"ImageObject","inLanguage":"fr-FR","@id":"https:\/\/www.nedzink.com\/fr\/caracteristiques-du-zinc-titane\/les-specifications-techniques\/nedzink-naturel\/#primaryimage","url":"https:\/\/www.nedzink.com\/wp-content\/uploads\/import\/cms\/userfiles\/images\/lab.jpg","contentUrl":"https:\/\/www.nedzink.com\/wp-content\/uploads\/import\/cms\/userfiles\/images\/lab.jpg"},{"@type":"BreadcrumbList","@id":"https:\/\/www.nedzink.com\/fr\/caracteristiques-du-zinc-titane\/les-specifications-techniques\/nedzink-naturel\/#breadcrumb","itemListElement":[{"@type":"ListItem","position":1,"name":"Home","item":"https:\/\/www.nedzink.com\/fr\/"},{"@type":"ListItem","position":2,"name":"Caract\u00e9ristiques du zinc-titane","item":"https:\/\/www.nedzink.com\/fr\/caracteristiques-du-zinc-titane\/"},{"@type":"ListItem","position":3,"name":"Les sp\u00e9cifications techniques","item":"https:\/\/www.nedzink.com\/fr\/caracteristiques-du-zinc-titane\/les-specifications-techniques\/"},{"@type":"ListItem","position":4,"name":"NedZink NATUREL"}]},{"@type":"WebSite","@id":"https:\/\/www.nedzink.com\/fr\/#website","url":"https:\/\/www.nedzink.com\/fr\/","name":"NedZink","description":"Zink fabrikant","publisher":{"@id":"https:\/\/www.nedzink.com\/fr\/#organization"},"potentialAction":[{"@type":"SearchAction","target":{"@type":"EntryPoint","urlTemplate":"https:\/\/www.nedzink.com\/fr\/?s={search_term_string}"},"query-input":{"@type":"PropertyValueSpecification","valueRequired":true,"valueName":"search_term_string"}}],"inLanguage":"fr-FR"},{"@type":"Organization","@id":"https:\/\/www.nedzink.com\/fr\/#organization","name":"NedZink","url":"https:\/\/www.nedzink.com\/fr\/","logo":{"@type":"ImageObject","inLanguage":"fr-FR","@id":"https:\/\/www.nedzink.com\/fr\/#\/schema\/logo\/image\/","url":"https:\/\/www.nedzink.com\/wp-content\/uploads\/2019\/08\/logo-nedzink_fc_zk.jpg","contentUrl":"https:\/\/www.nedzink.com\/wp-content\/uploads\/2019\/08\/logo-nedzink_fc_zk.jpg","width":2160,"height":688,"caption":"NedZink"},"image":{"@id":"https:\/\/www.nedzink.com\/fr\/#\/schema\/logo\/image\/"}}]}},"_links":{"self":[{"href":"https:\/\/www.nedzink.com\/fr\/wp-json\/wp\/v2\/pages\/24878","targetHints":{"allow":["GET"]}}],"collection":[{"href":"https:\/\/www.nedzink.com\/fr\/wp-json\/wp\/v2\/pages"}],"about":[{"href":"https:\/\/www.nedzink.com\/fr\/wp-json\/wp\/v2\/types\/page"}],"author":[{"embeddable":true,"href":"https:\/\/www.nedzink.com\/fr\/wp-json\/wp\/v2\/users\/9"}],"replies":[{"embeddable":true,"href":"https:\/\/www.nedzink.com\/fr\/wp-json\/wp\/v2\/comments?post=24878"}],"version-history":[{"count":7,"href":"https:\/\/www.nedzink.com\/fr\/wp-json\/wp\/v2\/pages\/24878\/revisions"}],"predecessor-version":[{"id":131860,"href":"https:\/\/www.nedzink.com\/fr\/wp-json\/wp\/v2\/pages\/24878\/revisions\/131860"}],"up":[{"embeddable":true,"href":"https:\/\/www.nedzink.com\/fr\/wp-json\/wp\/v2\/pages\/24868"}],"wp:attachment":[{"href":"https:\/\/www.nedzink.com\/fr\/wp-json\/wp\/v2\/media?parent=24878"}],"curies":[{"name":"wp","href":"https:\/\/api.w.org\/{rel}","templated":true}]}}