{"id":12350,"date":"2019-06-20T14:52:58","date_gmt":"2019-06-20T12:52:58","guid":{"rendered":"http:\/\/136.144.181.85\/~nedzink\/?page_id=12350"},"modified":"2024-09-02T14:13:54","modified_gmt":"2024-09-02T12:13:54","slug":"travailler-chez-nedzink","status":"publish","type":"page","link":"https:\/\/www.nedzink.com\/fr\/sur-nedzink\/travailler-chez-nedzink\/","title":{"rendered":"Travailler chez NedZink"},"content":{"rendered":"[vc_row][vc_column width=\u00a0\u00bb2\/3&Prime;][vc_column_text css=\u00a0\u00bb.vc_custom_1714115219755{margin-bottom: 0px !important;}\u00a0\u00bb]NedZink compte parmi les fabricants europ\u00e9ens majeurs de zinc lamin\u00e9 pour l\u2019enveloppe du b\u00e2timent. Actif depuis 1892 aux Pays-Bas et sur d\u2019autres march\u00e9s, notre travail quotidien avec la fili\u00e8re \u2013architectes, bureaux d\u2019\u00e9tudes, installateurs et distributeurs- a inspir\u00e9 NedZink au fil du temps. Cette solide exp\u00e9rience permet de pr\u00e9senter des solutions adapt\u00e9es aux attentes de nos utilisateurs. Le mat\u00e9riau NedZink prend pleinement sa place parmi les mat\u00e9riaux durables du march\u00e9.<br \/>\nNedZink connait une croissance soutenue. Nous investissons continuellement dans nos \u00e9quipes et dans des techniques industrielles de pointe pour mieux servir nos partenaires. Nos produits phares, les pr\u00e9patin\u00e9s NedZink sont issus \u00e0 100% de notre usine N\u00e9erlandaise.<\/p>\n<p>Nous vous invitons \u00e0 venir rejoindre une \u00e9quipe agile, r\u00e9active et passionn\u00e9e. Nous serons heureux de vous rencontrer pour les postes recherch\u00e9s.<\/p>\n[\/vc_column_text][\/vc_column][vc_column width=\u00a0\u00bb1\/3&Prime;][mk_image src=\u00a0\u00bbhttps:\/\/www.nedzink.com\/wp-content\/uploads\/2020\/12\/nedzink-recrute-fr-min.jpg\u00a0\u00bb image_size=\u00a0\u00bbfull\u00a0\u00bb][\/vc_column][\/vc_row]\n","protected":false},"excerpt":{"rendered":"<p>[vc_row][vc_column width=\u00a0\u00bb2\/3&Prime;][vc_column_text css=\u00a0\u00bb.vc_custom_1714115219755{margin-bottom: 0px !important;}\u00a0\u00bb]NedZink compte parmi les fabricants europ\u00e9ens majeurs de zinc lamin\u00e9 pour l\u2019enveloppe du b\u00e2timent. Actif depuis 1892 aux Pays-Bas et sur d\u2019autres march\u00e9s, notre travail quotidien avec la fili\u00e8re \u2013architectes, bureaux d\u2019\u00e9tudes, installateurs et distributeurs- a inspir\u00e9 NedZink au fil du temps. Cette solide exp\u00e9rience permet de pr\u00e9senter des solutions adapt\u00e9es [&hellip;]<\/p>\n","protected":false},"author":9,"featured_media":0,"parent":12340,"menu_order":120,"comment_status":"closed","ping_status":"closed","template":"template-import.php","meta":{"_acf_changed":false,"footnotes":""},"class_list":["post-12350","page","type-page","status-publish","hentry"],"acf":[],"yoast_head":"<!-- This site is optimized with the Yoast SEO plugin v26.8 - https:\/\/yoast.com\/product\/yoast-seo-wordpress\/ -->\n<title>Travailler chez NedZink \u2013 NedZink<\/title>\n<meta name=\"description\" content=\"Vacatures bij NedZink. Kom werken bij NedZink. Wij bieden een goed salaris, pensioenregelingen, een eindejaarsuitkering en goede studiefaciliteiten\" \/>\n<meta name=\"robots\" content=\"index, follow, max-snippet:-1, max-image-preview:large, max-video-preview:-1\" \/>\n<link rel=\"canonical\" href=\"https:\/\/www.nedzink.com\/fr\/sur-nedzink\/travailler-chez-nedzink\/\" \/>\n<meta property=\"og:locale\" content=\"fr_FR\" \/>\n<meta property=\"og:type\" content=\"article\" \/>\n<meta property=\"og:title\" content=\"Travailler chez NedZink \u2013 NedZink\" \/>\n<meta property=\"og:description\" content=\"Vacatures bij NedZink. Kom werken bij NedZink. Wij bieden een goed salaris, pensioenregelingen, een eindejaarsuitkering en goede studiefaciliteiten\" \/>\n<meta property=\"og:url\" content=\"https:\/\/www.nedzink.com\/fr\/sur-nedzink\/travailler-chez-nedzink\/\" \/>\n<meta property=\"og:site_name\" content=\"NedZink\" \/>\n<meta property=\"article:modified_time\" content=\"2024-09-02T12:13:54+00:00\" \/>\n<meta name=\"twitter:card\" content=\"summary_large_image\" \/>\n<meta name=\"twitter:label1\" content=\"Dur\u00e9e de lecture estim\u00e9e\" \/>\n\t<meta name=\"twitter:data1\" content=\"1 minute\" \/>\n<script type=\"application\/ld+json\" class=\"yoast-schema-graph\">{\"@context\":\"https:\/\/schema.org\",\"@graph\":[{\"@type\":\"WebPage\",\"@id\":\"https:\/\/www.nedzink.com\/fr\/sur-nedzink\/travailler-chez-nedzink\/\",\"url\":\"https:\/\/www.nedzink.com\/fr\/sur-nedzink\/travailler-chez-nedzink\/\",\"name\":\"Travailler chez NedZink \u2013 NedZink\",\"isPartOf\":{\"@id\":\"https:\/\/www.nedzink.com\/fr\/#website\"},\"datePublished\":\"2019-06-20T12:52:58+00:00\",\"dateModified\":\"2024-09-02T12:13:54+00:00\",\"description\":\"Vacatures bij NedZink. Kom werken bij NedZink. Wij bieden een goed salaris, pensioenregelingen, een eindejaarsuitkering en goede studiefaciliteiten\",\"breadcrumb\":{\"@id\":\"https:\/\/www.nedzink.com\/fr\/sur-nedzink\/travailler-chez-nedzink\/#breadcrumb\"},\"inLanguage\":\"fr-FR\",\"potentialAction\":[{\"@type\":\"ReadAction\",\"target\":[\"https:\/\/www.nedzink.com\/fr\/sur-nedzink\/travailler-chez-nedzink\/\"]}]},{\"@type\":\"BreadcrumbList\",\"@id\":\"https:\/\/www.nedzink.com\/fr\/sur-nedzink\/travailler-chez-nedzink\/#breadcrumb\",\"itemListElement\":[{\"@type\":\"ListItem\",\"position\":1,\"name\":\"Home\",\"item\":\"https:\/\/www.nedzink.com\/fr\/\"},{\"@type\":\"ListItem\",\"position\":2,\"name\":\"Qui sommes nous\",\"item\":\"https:\/\/www.nedzink.com\/fr\/sur-nedzink\/\"},{\"@type\":\"ListItem\",\"position\":3,\"name\":\"Travailler chez NedZink\"}]},{\"@type\":\"WebSite\",\"@id\":\"https:\/\/www.nedzink.com\/fr\/#website\",\"url\":\"https:\/\/www.nedzink.com\/fr\/\",\"name\":\"NedZink\",\"description\":\"Zink fabrikant\",\"publisher\":{\"@id\":\"https:\/\/www.nedzink.com\/fr\/#organization\"},\"potentialAction\":[{\"@type\":\"SearchAction\",\"target\":{\"@type\":\"EntryPoint\",\"urlTemplate\":\"https:\/\/www.nedzink.com\/fr\/?s={search_term_string}\"},\"query-input\":{\"@type\":\"PropertyValueSpecification\",\"valueRequired\":true,\"valueName\":\"search_term_string\"}}],\"inLanguage\":\"fr-FR\"},{\"@type\":\"Organization\",\"@id\":\"https:\/\/www.nedzink.com\/fr\/#organization\",\"name\":\"NedZink\",\"url\":\"https:\/\/www.nedzink.com\/fr\/\",\"logo\":{\"@type\":\"ImageObject\",\"inLanguage\":\"fr-FR\",\"@id\":\"https:\/\/www.nedzink.com\/fr\/#\/schema\/logo\/image\/\",\"url\":\"https:\/\/www.nedzink.com\/wp-content\/uploads\/2019\/08\/logo-nedzink_fc_zk.jpg\",\"contentUrl\":\"https:\/\/www.nedzink.com\/wp-content\/uploads\/2019\/08\/logo-nedzink_fc_zk.jpg\",\"width\":2160,\"height\":688,\"caption\":\"NedZink\"},\"image\":{\"@id\":\"https:\/\/www.nedzink.com\/fr\/#\/schema\/logo\/image\/\"}}]}<\/script>\n<!-- \/ Yoast SEO plugin. -->","yoast_head_json":{"title":"Travailler chez NedZink \u2013 NedZink","description":"Vacatures bij NedZink. Kom werken bij NedZink. Wij bieden een goed salaris, pensioenregelingen, een eindejaarsuitkering en goede studiefaciliteiten","robots":{"index":"index","follow":"follow","max-snippet":"max-snippet:-1","max-image-preview":"max-image-preview:large","max-video-preview":"max-video-preview:-1"},"canonical":"https:\/\/www.nedzink.com\/fr\/sur-nedzink\/travailler-chez-nedzink\/","og_locale":"fr_FR","og_type":"article","og_title":"Travailler chez NedZink \u2013 NedZink","og_description":"Vacatures bij NedZink. Kom werken bij NedZink. Wij bieden een goed salaris, pensioenregelingen, een eindejaarsuitkering en goede studiefaciliteiten","og_url":"https:\/\/www.nedzink.com\/fr\/sur-nedzink\/travailler-chez-nedzink\/","og_site_name":"NedZink","article_modified_time":"2024-09-02T12:13:54+00:00","twitter_card":"summary_large_image","twitter_misc":{"Dur\u00e9e de lecture estim\u00e9e":"1 minute"},"schema":{"@context":"https:\/\/schema.org","@graph":[{"@type":"WebPage","@id":"https:\/\/www.nedzink.com\/fr\/sur-nedzink\/travailler-chez-nedzink\/","url":"https:\/\/www.nedzink.com\/fr\/sur-nedzink\/travailler-chez-nedzink\/","name":"Travailler chez NedZink \u2013 NedZink","isPartOf":{"@id":"https:\/\/www.nedzink.com\/fr\/#website"},"datePublished":"2019-06-20T12:52:58+00:00","dateModified":"2024-09-02T12:13:54+00:00","description":"Vacatures bij NedZink. Kom werken bij NedZink. Wij bieden een goed salaris, pensioenregelingen, een eindejaarsuitkering en goede studiefaciliteiten","breadcrumb":{"@id":"https:\/\/www.nedzink.com\/fr\/sur-nedzink\/travailler-chez-nedzink\/#breadcrumb"},"inLanguage":"fr-FR","potentialAction":[{"@type":"ReadAction","target":["https:\/\/www.nedzink.com\/fr\/sur-nedzink\/travailler-chez-nedzink\/"]}]},{"@type":"BreadcrumbList","@id":"https:\/\/www.nedzink.com\/fr\/sur-nedzink\/travailler-chez-nedzink\/#breadcrumb","itemListElement":[{"@type":"ListItem","position":1,"name":"Home","item":"https:\/\/www.nedzink.com\/fr\/"},{"@type":"ListItem","position":2,"name":"Qui sommes nous","item":"https:\/\/www.nedzink.com\/fr\/sur-nedzink\/"},{"@type":"ListItem","position":3,"name":"Travailler chez NedZink"}]},{"@type":"WebSite","@id":"https:\/\/www.nedzink.com\/fr\/#website","url":"https:\/\/www.nedzink.com\/fr\/","name":"NedZink","description":"Zink fabrikant","publisher":{"@id":"https:\/\/www.nedzink.com\/fr\/#organization"},"potentialAction":[{"@type":"SearchAction","target":{"@type":"EntryPoint","urlTemplate":"https:\/\/www.nedzink.com\/fr\/?s={search_term_string}"},"query-input":{"@type":"PropertyValueSpecification","valueRequired":true,"valueName":"search_term_string"}}],"inLanguage":"fr-FR"},{"@type":"Organization","@id":"https:\/\/www.nedzink.com\/fr\/#organization","name":"NedZink","url":"https:\/\/www.nedzink.com\/fr\/","logo":{"@type":"ImageObject","inLanguage":"fr-FR","@id":"https:\/\/www.nedzink.com\/fr\/#\/schema\/logo\/image\/","url":"https:\/\/www.nedzink.com\/wp-content\/uploads\/2019\/08\/logo-nedzink_fc_zk.jpg","contentUrl":"https:\/\/www.nedzink.com\/wp-content\/uploads\/2019\/08\/logo-nedzink_fc_zk.jpg","width":2160,"height":688,"caption":"NedZink"},"image":{"@id":"https:\/\/www.nedzink.com\/fr\/#\/schema\/logo\/image\/"}}]}},"_links":{"self":[{"href":"https:\/\/www.nedzink.com\/fr\/wp-json\/wp\/v2\/pages\/12350","targetHints":{"allow":["GET"]}}],"collection":[{"href":"https:\/\/www.nedzink.com\/fr\/wp-json\/wp\/v2\/pages"}],"about":[{"href":"https:\/\/www.nedzink.com\/fr\/wp-json\/wp\/v2\/types\/page"}],"author":[{"embeddable":true,"href":"https:\/\/www.nedzink.com\/fr\/wp-json\/wp\/v2\/users\/9"}],"replies":[{"embeddable":true,"href":"https:\/\/www.nedzink.com\/fr\/wp-json\/wp\/v2\/comments?post=12350"}],"version-history":[{"count":2,"href":"https:\/\/www.nedzink.com\/fr\/wp-json\/wp\/v2\/pages\/12350\/revisions"}],"predecessor-version":[{"id":130529,"href":"https:\/\/www.nedzink.com\/fr\/wp-json\/wp\/v2\/pages\/12350\/revisions\/130529"}],"up":[{"embeddable":true,"href":"https:\/\/www.nedzink.com\/fr\/wp-json\/wp\/v2\/pages\/12340"}],"wp:attachment":[{"href":"https:\/\/www.nedzink.com\/fr\/wp-json\/wp\/v2\/media?parent=12350"}],"curies":[{"name":"wp","href":"https:\/\/api.w.org\/{rel}","templated":true}]}}