{"id":12340,"date":"2019-04-10T09:29:43","date_gmt":"2019-04-10T07:29:43","guid":{"rendered":"http:\/\/136.144.181.85\/~nedzink\/over-nedzink-2\/"},"modified":"2024-11-12T10:08:41","modified_gmt":"2024-11-12T09:08:41","slug":"sur-nedzink","status":"publish","type":"page","link":"https:\/\/www.nedzink.com\/fr\/sur-nedzink\/","title":{"rendered":"Qui sommes nous"},"content":{"rendered":"[vc_row visibility=\u00a0\u00bbvisible-dt-v2&Prime;][vc_column][mk_padding_divider][\/vc_column][\/vc_row][vc_row][vc_column el_class=\u00a0\u00bbrij-wit-schaduw\u00a0\u00bb offset=\u00a0\u00bbvc_col-xs-12&Prime;][mk_padding_divider size=\u00a0\u00bb30&Prime;][vc_column_text css=\u00a0\u00bb.vc_custom_1600343373337{margin-bottom: 0px !important;}\u00a0\u00bb]\n<h1>Qui sommes nous<\/h1>\n[\/vc_column_text][vc_column_text css=\u00a0\u00bb.vc_custom_1713788074161{margin-bottom: 0px !important;}\u00a0\u00bb]\n<h6><strong>NedZink: plus de 130 ans d&rsquo;exp\u00e9rience, qualit\u00e9 et flexibilit\u00e9!<\/strong><\/h6>\n[\/vc_column_text][vc_column_text css=\u00a0\u00bb.vc_custom_1731402441990{margin-bottom: 0px !important;}\u00a0\u00bb]<a href=\"https:\/\/www.nedzink.com\/wp-content\/uploads\/2024\/11\/nyr_1566-300x200.jpg\"><img loading=\"lazy\" decoding=\"async\" class=\"alignright wp-image-132503 size-medium\" src=\"https:\/\/www.nedzink.com\/wp-content\/uploads\/2024\/11\/nyr_1566-300x200.jpg\" alt=\"\" width=\"300\" height=\"200\" srcset=\"https:\/\/www.nedzink.com\/wp-content\/uploads\/2024\/11\/nyr_1566-300x200.jpg 300w, https:\/\/www.nedzink.com\/wp-content\/uploads\/2024\/11\/nyr_1566-131x87.jpg 131w, https:\/\/www.nedzink.com\/wp-content\/uploads\/2024\/11\/nyr_1566-272x181.jpg 272w, https:\/\/www.nedzink.com\/wp-content\/uploads\/2024\/11\/nyr_1566-54x36.jpg 54w, https:\/\/www.nedzink.com\/wp-content\/uploads\/2024\/11\/nyr_1566-212x141.jpg 212w, https:\/\/www.nedzink.com\/wp-content\/uploads\/2024\/11\/nyr_1566.jpg 1024w\" sizes=\"auto, (max-width: 300px) 100vw, 300px\" \/><\/a><\/p>\n<p>En 1892 la \u201cKempensche Zink Maatschappij\u201d est cr\u00e9\u00e9 par la famille Dor, originaire de Belgique. En 1956 NedZink d\u00e9marre le laminage du zinc et la production d\u2019accessoires. En 1968 le groupe minier Billiton prend une participation de 50%. En 1970 Billiton devient une part du groupe Shell. La producton du zinc-titane (d\u2019un proc\u00e9d\u00e9 thermique \u00e0 un proc\u00e9d\u00e9 \u00e9lectrolitique 99,995% puret\u00e9) d\u00e9marre en 1973.<\/p>\n<p>En 1995 la soci\u00e9t\u00e9 Koramic Investment Group \u2013 holding international r\u00e9put\u00e9 \u2013 rach\u00e8te la production de zinc-titane et change le nom en NedZink BV. D\u00e9but 2018 Koramic et ElvalHalcor ont sign\u00e9 un accord de joint-venture par lequel ElvalHalcor acquiert une participation de 50% dans NedZink BV par le biais d&rsquo;une augmentation de capital. ElvalHalcor et Koramic vont unir leurs forces chez NedZink sur base d&rsquo;un 50% \/ 50%. Son site de production est situ\u00e9 \u00e0 Budel-Dorplein, aux Pays-Bas. L&rsquo;entreprise poss\u00e8de des antennes commerciales aux Pays-Bas, en Belgique, en Allemagne et en France.<\/p>\n<p>Premier producteur de zinc lamin\u00e9 destin\u00e9 \u00e0 la construction labellis\u00e9 NEN-EN-ISO 9001:2015, NedZink promeut le d\u00e9veloppement d&rsquo;applications du zinc durables et \u00e0 la pointe du progr\u00e8s. Partenaire commercial, NedZink fournit \u00e0 ses clients savoir-faire, qualit\u00e9 et service irr\u00e9prochable. Num\u00e9ro un sur le march\u00e9 n\u00e9erlandais, NedZink est un promoteur inlassable de la diversit\u00e9 cr\u00e9ative du zinc.<\/p>\n<p>La force de NedZink r\u00e9side dans la qualit\u00e9 A et la durabilit\u00e9 du zinc produit ainsi que dans une tr\u00e8s longue tradition respectueuse de l\u2019homme et de l\u2019environnement. Une gestion d\u2019entreprise tourn\u00e9e vers l\u2019avenir et des investissements dans des techniques de production modernes permettent de consolider la position de l\u2019entreprise sur le march\u00e9 et de cr\u00e9er des opportunit\u00e9s de nouveaux d\u00e9veloppements.[\/vc_column_text][vc_column_text css=\u00a0\u00bb.vc_custom_1731402235329{margin-bottom: 0px !important;}\u00a0\u00bb]\n<h6><strong>Together shaping the future with sustainable beauty<\/strong><\/h6>\n[\/vc_column_text][vc_column_text css=\u00a0\u00bb.vc_custom_1731402308547{margin-bottom: 0px !important;}\u00a0\u00bb]Depuis d\u00e9j\u00e0 plus de 130 ans, NedZink fabrique des produits qualitatifs \u00e0 base de zinc d\u2019un niveau in\u00e9gal\u00e9, qui sont appliqu\u00e9s mondialement dans les projets les plus diversifi\u00e9s, du plus gigantesque au plus modeste. \u00c0 ce titre, NedZink fait partie des quatre premiers producteurs de zinc au monde. Dans son usine hypermoderne bas\u00e9e \u00e0 Budel-Dorplein (Pays-Bas), NedZink produit et fabrique du zinc-titane lamin\u00e9 destin\u00e9 aux rev\u00eatements de fa\u00e7ade, couvertures de toitures, goutti\u00e8res et syst\u00e8mes d\u2019\u00e9vacuation des eaux pluviales.<\/p>\n<p>En produisant et en transformant les produits en zinc naturel de mani\u00e8re durable, NedZink contribue \u00e0 une \u00e9conomie \u00e9coresponsables orient\u00e9e vers le futur. De plus, le zinc est un r\u00e9gal pour les yeux et symbolise la mission de NedZink: Together shaping the future with sustainable beauty.[\/vc_column_text][vc_single_image image=\u00a0\u00bb132515&Prime; img_size=\u00a0\u00bbfull\u00a0\u00bb][mk_padding_divider size=\u00a0\u00bb20&Prime;][vc_column_text css=\u00a0\u00bb.vc_custom_1713788086698{margin-bottom: 0px !important;}\u00a0\u00bb]NedZink: plus de 130 ans d&rsquo;exp\u00e9rience, qualit\u00e9 et flexibilit\u00e9![\/vc_column_text][mk_padding_divider size=\u00a0\u00bb50&Prime;][vc_column_text css=\u00a0\u00bb.vc_custom_1698047712893{margin-bottom: 0px !important;}\u00a0\u00bb]<a href=\"https:\/\/www.koramic.be\/\"><img loading=\"lazy\" decoding=\"async\" class=\"alignnone size-medium wp-image-128357\" src=\"https:\/\/www.nedzink.com\/wp-content\/uploads\/2023\/10\/koramic-holding-300x77.png\" alt=\"\" width=\"300\" height=\"77\" srcset=\"https:\/\/www.nedzink.com\/wp-content\/uploads\/2023\/10\/koramic-holding-300x77.png 300w, https:\/\/www.nedzink.com\/wp-content\/uploads\/2023\/10\/koramic-holding-1024x263.png 1024w, https:\/\/www.nedzink.com\/wp-content\/uploads\/2023\/10\/koramic-holding-1536x395.png 1536w, https:\/\/www.nedzink.com\/wp-content\/uploads\/2023\/10\/koramic-holding-2048x526.png 2048w, https:\/\/www.nedzink.com\/wp-content\/uploads\/2023\/10\/koramic-holding-339x87.png 339w, https:\/\/www.nedzink.com\/wp-content\/uploads\/2023\/10\/koramic-holding-56x14.png 56w, https:\/\/www.nedzink.com\/wp-content\/uploads\/2023\/10\/koramic-holding-212x54.png 212w\" sizes=\"auto, (max-width: 300px) 100vw, 300px\" \/><\/a> \u00a0 \u00a0 \u00a0 \u00a0 \u00a0 \u00a0 \u00a0 \u00a0 \u00a0 \u00a0 \u00a0 \u00a0 \u00a0 \u00a0 \u00a0 \u00a0 \u00a0 \u00a0 <a href=\"https:\/\/www.elvalhalcor.com\/\"><img loading=\"lazy\" decoding=\"async\" class=\"alignnone wp-image-57327 size-medium\" src=\"https:\/\/www.nedzink.com\/wp-content\/uploads\/2020\/08\/logo-elvalhalcor-300x142.png\" alt=\"Logo ElvalHalcor\" width=\"300\" height=\"142\" srcset=\"https:\/\/www.nedzink.com\/wp-content\/uploads\/2020\/08\/logo-elvalhalcor-300x142.png 300w, https:\/\/www.nedzink.com\/wp-content\/uploads\/2020\/08\/logo-elvalhalcor-184x87.png 184w, https:\/\/www.nedzink.com\/wp-content\/uploads\/2020\/08\/logo-elvalhalcor-56x27.png 56w, https:\/\/www.nedzink.com\/wp-content\/uploads\/2020\/08\/logo-elvalhalcor-212x100.png 212w, https:\/\/www.nedzink.com\/wp-content\/uploads\/2020\/08\/logo-elvalhalcor.png 560w\" sizes=\"auto, (max-width: 300px) 100vw, 300px\" \/><\/a>[\/vc_column_text][\/vc_column][\/vc_row]\n","protected":false},"excerpt":{"rendered":"<p>[vc_row visibility=\u00a0\u00bbvisible-dt-v2&Prime;][vc_column][mk_padding_divider][\/vc_column][\/vc_row][vc_row][vc_column el_class=\u00a0\u00bbrij-wit-schaduw\u00a0\u00bb offset=\u00a0\u00bbvc_col-xs-12&Prime;][mk_padding_divider size=\u00a0\u00bb30&Prime;][vc_column_text css=\u00a0\u00bb.vc_custom_1600343373337{margin-bottom: 0px !important;}\u00a0\u00bb] Qui sommes nous [\/vc_column_text][vc_column_text css=\u00a0\u00bb.vc_custom_1713788074161{margin-bottom: 0px !important;}\u00a0\u00bb] NedZink: plus de 130 ans d&rsquo;exp\u00e9rience, qualit\u00e9 et flexibilit\u00e9! [\/vc_column_text][vc_column_text css=\u00a0\u00bb.vc_custom_1731402441990{margin-bottom: 0px !important;}\u00a0\u00bb] En 1892 la \u201cKempensche Zink Maatschappij\u201d est cr\u00e9\u00e9 par la famille Dor, originaire de Belgique. En 1956 NedZink d\u00e9marre le laminage du zinc et la production d\u2019accessoires. [&hellip;]<\/p>\n","protected":false},"author":9,"featured_media":0,"parent":0,"menu_order":1000,"comment_status":"closed","ping_status":"closed","template":"","meta":{"_acf_changed":false,"footnotes":""},"class_list":["post-12340","page","type-page","status-publish","hentry"],"acf":[],"yoast_head":"<!-- This site is optimized with the Yoast SEO plugin v26.8 - https:\/\/yoast.com\/product\/yoast-seo-wordpress\/ -->\n<title>Sur NedZink \u2013 NedZink<\/title>\n<meta name=\"description\" content=\"Als handelspartner is NedZink een inspirator door betrouwbare levering van kennis, kwaliteit en dienstverlening. Lees meer over NedZink op onze site\" \/>\n<meta name=\"robots\" content=\"index, follow, max-snippet:-1, max-image-preview:large, max-video-preview:-1\" \/>\n<link rel=\"canonical\" href=\"https:\/\/www.nedzink.com\/fr\/sur-nedzink\/\" \/>\n<meta property=\"og:locale\" content=\"fr_FR\" \/>\n<meta property=\"og:type\" content=\"article\" \/>\n<meta property=\"og:title\" content=\"Sur NedZink \u2013 NedZink\" \/>\n<meta property=\"og:description\" content=\"Als handelspartner is NedZink een inspirator door betrouwbare levering van kennis, kwaliteit en dienstverlening. Lees meer over NedZink op onze site\" \/>\n<meta property=\"og:url\" content=\"https:\/\/www.nedzink.com\/fr\/sur-nedzink\/\" \/>\n<meta property=\"og:site_name\" content=\"NedZink\" \/>\n<meta property=\"article:modified_time\" content=\"2024-11-12T09:08:41+00:00\" \/>\n<meta property=\"og:image\" content=\"https:\/\/www.nedzink.com\/wp-content\/uploads\/2024\/11\/nyr_1566.jpg\" \/>\n\t<meta property=\"og:image:width\" content=\"1024\" \/>\n\t<meta property=\"og:image:height\" content=\"682\" \/>\n\t<meta property=\"og:image:type\" content=\"image\/jpeg\" \/>\n<meta name=\"twitter:card\" content=\"summary_large_image\" \/>\n<meta name=\"twitter:label1\" content=\"Dur\u00e9e de lecture estim\u00e9e\" \/>\n\t<meta name=\"twitter:data1\" content=\"3 minutes\" \/>\n<script type=\"application\/ld+json\" class=\"yoast-schema-graph\">{\"@context\":\"https:\/\/schema.org\",\"@graph\":[{\"@type\":\"WebPage\",\"@id\":\"https:\/\/www.nedzink.com\/fr\/sur-nedzink\/\",\"url\":\"https:\/\/www.nedzink.com\/fr\/sur-nedzink\/\",\"name\":\"Sur NedZink \u2013 NedZink\",\"isPartOf\":{\"@id\":\"https:\/\/www.nedzink.com\/fr\/#website\"},\"primaryImageOfPage\":{\"@id\":\"https:\/\/www.nedzink.com\/fr\/sur-nedzink\/#primaryimage\"},\"image\":{\"@id\":\"https:\/\/www.nedzink.com\/fr\/sur-nedzink\/#primaryimage\"},\"thumbnailUrl\":\"https:\/\/www.nedzink.com\/wp-content\/uploads\/2024\/11\/nyr_1566-300x200.jpg\",\"datePublished\":\"2019-04-10T07:29:43+00:00\",\"dateModified\":\"2024-11-12T09:08:41+00:00\",\"description\":\"Als handelspartner is NedZink een inspirator door betrouwbare levering van kennis, kwaliteit en dienstverlening. Lees meer over NedZink op onze site\",\"breadcrumb\":{\"@id\":\"https:\/\/www.nedzink.com\/fr\/sur-nedzink\/#breadcrumb\"},\"inLanguage\":\"fr-FR\",\"potentialAction\":[{\"@type\":\"ReadAction\",\"target\":[\"https:\/\/www.nedzink.com\/fr\/sur-nedzink\/\"]}]},{\"@type\":\"ImageObject\",\"inLanguage\":\"fr-FR\",\"@id\":\"https:\/\/www.nedzink.com\/fr\/sur-nedzink\/#primaryimage\",\"url\":\"https:\/\/www.nedzink.com\/wp-content\/uploads\/2024\/11\/nyr_1566-300x200.jpg\",\"contentUrl\":\"https:\/\/www.nedzink.com\/wp-content\/uploads\/2024\/11\/nyr_1566-300x200.jpg\"},{\"@type\":\"BreadcrumbList\",\"@id\":\"https:\/\/www.nedzink.com\/fr\/sur-nedzink\/#breadcrumb\",\"itemListElement\":[{\"@type\":\"ListItem\",\"position\":1,\"name\":\"Home\",\"item\":\"https:\/\/www.nedzink.com\/fr\/\"},{\"@type\":\"ListItem\",\"position\":2,\"name\":\"Qui sommes nous\"}]},{\"@type\":\"WebSite\",\"@id\":\"https:\/\/www.nedzink.com\/fr\/#website\",\"url\":\"https:\/\/www.nedzink.com\/fr\/\",\"name\":\"NedZink\",\"description\":\"Zink fabrikant\",\"publisher\":{\"@id\":\"https:\/\/www.nedzink.com\/fr\/#organization\"},\"potentialAction\":[{\"@type\":\"SearchAction\",\"target\":{\"@type\":\"EntryPoint\",\"urlTemplate\":\"https:\/\/www.nedzink.com\/fr\/?s={search_term_string}\"},\"query-input\":{\"@type\":\"PropertyValueSpecification\",\"valueRequired\":true,\"valueName\":\"search_term_string\"}}],\"inLanguage\":\"fr-FR\"},{\"@type\":\"Organization\",\"@id\":\"https:\/\/www.nedzink.com\/fr\/#organization\",\"name\":\"NedZink\",\"url\":\"https:\/\/www.nedzink.com\/fr\/\",\"logo\":{\"@type\":\"ImageObject\",\"inLanguage\":\"fr-FR\",\"@id\":\"https:\/\/www.nedzink.com\/fr\/#\/schema\/logo\/image\/\",\"url\":\"https:\/\/www.nedzink.com\/wp-content\/uploads\/2019\/08\/logo-nedzink_fc_zk.jpg\",\"contentUrl\":\"https:\/\/www.nedzink.com\/wp-content\/uploads\/2019\/08\/logo-nedzink_fc_zk.jpg\",\"width\":2160,\"height\":688,\"caption\":\"NedZink\"},\"image\":{\"@id\":\"https:\/\/www.nedzink.com\/fr\/#\/schema\/logo\/image\/\"}}]}<\/script>\n<!-- \/ Yoast SEO plugin. -->","yoast_head_json":{"title":"Sur NedZink \u2013 NedZink","description":"Als handelspartner is NedZink een inspirator door betrouwbare levering van kennis, kwaliteit en dienstverlening. Lees meer over NedZink op onze site","robots":{"index":"index","follow":"follow","max-snippet":"max-snippet:-1","max-image-preview":"max-image-preview:large","max-video-preview":"max-video-preview:-1"},"canonical":"https:\/\/www.nedzink.com\/fr\/sur-nedzink\/","og_locale":"fr_FR","og_type":"article","og_title":"Sur NedZink \u2013 NedZink","og_description":"Als handelspartner is NedZink een inspirator door betrouwbare levering van kennis, kwaliteit en dienstverlening. Lees meer over NedZink op onze site","og_url":"https:\/\/www.nedzink.com\/fr\/sur-nedzink\/","og_site_name":"NedZink","article_modified_time":"2024-11-12T09:08:41+00:00","og_image":[{"width":1024,"height":682,"url":"https:\/\/www.nedzink.com\/wp-content\/uploads\/2024\/11\/nyr_1566.jpg","type":"image\/jpeg"}],"twitter_card":"summary_large_image","twitter_misc":{"Dur\u00e9e de lecture estim\u00e9e":"3 minutes"},"schema":{"@context":"https:\/\/schema.org","@graph":[{"@type":"WebPage","@id":"https:\/\/www.nedzink.com\/fr\/sur-nedzink\/","url":"https:\/\/www.nedzink.com\/fr\/sur-nedzink\/","name":"Sur NedZink \u2013 NedZink","isPartOf":{"@id":"https:\/\/www.nedzink.com\/fr\/#website"},"primaryImageOfPage":{"@id":"https:\/\/www.nedzink.com\/fr\/sur-nedzink\/#primaryimage"},"image":{"@id":"https:\/\/www.nedzink.com\/fr\/sur-nedzink\/#primaryimage"},"thumbnailUrl":"https:\/\/www.nedzink.com\/wp-content\/uploads\/2024\/11\/nyr_1566-300x200.jpg","datePublished":"2019-04-10T07:29:43+00:00","dateModified":"2024-11-12T09:08:41+00:00","description":"Als handelspartner is NedZink een inspirator door betrouwbare levering van kennis, kwaliteit en dienstverlening. Lees meer over NedZink op onze site","breadcrumb":{"@id":"https:\/\/www.nedzink.com\/fr\/sur-nedzink\/#breadcrumb"},"inLanguage":"fr-FR","potentialAction":[{"@type":"ReadAction","target":["https:\/\/www.nedzink.com\/fr\/sur-nedzink\/"]}]},{"@type":"ImageObject","inLanguage":"fr-FR","@id":"https:\/\/www.nedzink.com\/fr\/sur-nedzink\/#primaryimage","url":"https:\/\/www.nedzink.com\/wp-content\/uploads\/2024\/11\/nyr_1566-300x200.jpg","contentUrl":"https:\/\/www.nedzink.com\/wp-content\/uploads\/2024\/11\/nyr_1566-300x200.jpg"},{"@type":"BreadcrumbList","@id":"https:\/\/www.nedzink.com\/fr\/sur-nedzink\/#breadcrumb","itemListElement":[{"@type":"ListItem","position":1,"name":"Home","item":"https:\/\/www.nedzink.com\/fr\/"},{"@type":"ListItem","position":2,"name":"Qui sommes nous"}]},{"@type":"WebSite","@id":"https:\/\/www.nedzink.com\/fr\/#website","url":"https:\/\/www.nedzink.com\/fr\/","name":"NedZink","description":"Zink fabrikant","publisher":{"@id":"https:\/\/www.nedzink.com\/fr\/#organization"},"potentialAction":[{"@type":"SearchAction","target":{"@type":"EntryPoint","urlTemplate":"https:\/\/www.nedzink.com\/fr\/?s={search_term_string}"},"query-input":{"@type":"PropertyValueSpecification","valueRequired":true,"valueName":"search_term_string"}}],"inLanguage":"fr-FR"},{"@type":"Organization","@id":"https:\/\/www.nedzink.com\/fr\/#organization","name":"NedZink","url":"https:\/\/www.nedzink.com\/fr\/","logo":{"@type":"ImageObject","inLanguage":"fr-FR","@id":"https:\/\/www.nedzink.com\/fr\/#\/schema\/logo\/image\/","url":"https:\/\/www.nedzink.com\/wp-content\/uploads\/2019\/08\/logo-nedzink_fc_zk.jpg","contentUrl":"https:\/\/www.nedzink.com\/wp-content\/uploads\/2019\/08\/logo-nedzink_fc_zk.jpg","width":2160,"height":688,"caption":"NedZink"},"image":{"@id":"https:\/\/www.nedzink.com\/fr\/#\/schema\/logo\/image\/"}}]}},"_links":{"self":[{"href":"https:\/\/www.nedzink.com\/fr\/wp-json\/wp\/v2\/pages\/12340","targetHints":{"allow":["GET"]}}],"collection":[{"href":"https:\/\/www.nedzink.com\/fr\/wp-json\/wp\/v2\/pages"}],"about":[{"href":"https:\/\/www.nedzink.com\/fr\/wp-json\/wp\/v2\/types\/page"}],"author":[{"embeddable":true,"href":"https:\/\/www.nedzink.com\/fr\/wp-json\/wp\/v2\/users\/9"}],"replies":[{"embeddable":true,"href":"https:\/\/www.nedzink.com\/fr\/wp-json\/wp\/v2\/comments?post=12340"}],"version-history":[{"count":4,"href":"https:\/\/www.nedzink.com\/fr\/wp-json\/wp\/v2\/pages\/12340\/revisions"}],"predecessor-version":[{"id":132528,"href":"https:\/\/www.nedzink.com\/fr\/wp-json\/wp\/v2\/pages\/12340\/revisions\/132528"}],"wp:attachment":[{"href":"https:\/\/www.nedzink.com\/fr\/wp-json\/wp\/v2\/media?parent=12340"}],"curies":[{"name":"wp","href":"https:\/\/api.w.org\/{rel}","templated":true}]}}