{"id":12309,"date":"2019-04-09T14:30:42","date_gmt":"2019-04-09T12:30:42","guid":{"rendered":"http:\/\/136.144.181.85\/~nedzink\/environnement\/certification-environnementale-dep\/"},"modified":"2021-06-16T14:59:39","modified_gmt":"2021-06-16T12:59:39","slug":"certification-environnementale-dep","status":"publish","type":"page","link":"https:\/\/www.nedzink.com\/fr\/environnement\/certification-environnementale-dep\/","title":{"rendered":"Certification environnementale &#8211; DEP"},"content":{"rendered":"<h3>Choix \u00e9cologique des produits grandement facilit\u00e9 par la comparaison des DEP<\/h3>\n<p style=\"text-align: justify;\">NedZink s\u2019est vu attribuer des DEP (D\u00e9claration Environnementale Produit) pour les produits NedZink NATUREL, NedZink NOVA, NedZink NEO et NedZink NOIR par l\u2019Institut ind\u00e9pendant allemand Bauen und Umwelt e.V. (IBU). Ces DEP, qui ont \u00e9galement obtenu le label de la plate-forme ECO, offrent des informations concernant les donn\u00e9es environnementales du produit sur la base de l\u2019analyse du cycle de vie, autrement dit concernant son empreinte \u00e9cologique. La comparaison des diff\u00e9rentes DEP permet de r\u00e9aliser plus facilement un choix (\u00e9cologique) parmi les produits. Gr\u00e2ce \u00e0 cette attribution importante, NedZink a franchi un nouveau pas dans sa recherche de durabilit\u00e9 et de qualit\u00e9<span style=\"font-size: 10pt; font-family: 'Arial',sans-serif; mso-fareast-font-family: Cambria; mso-ansi-language: NL; mso-fareast-language: EN-US; mso-bidi-language: AR-SA;\">.<\/span><\/p>\n<p><span style=\"font-size: 10pt; font-family: 'Arial',sans-serif; mso-fareast-font-family: Cambria; mso-ansi-language: NL; mso-fareast-language: EN-US; mso-bidi-language: AR-SA;\">\u00a0 \u00a0 \u00a0 <a href=\"https:\/\/www.nedzink.com\/wp-content\/uploads\/2021\/06\/nedzink-epd-2021-samen-min.jpg\"><img loading=\"lazy\" decoding=\"async\" class=\"alignleft size-medium wp-image-64122\" src=\"https:\/\/www.nedzink.com\/wp-content\/uploads\/2021\/06\/nedzink-epd-2021-samen-min-300x228.jpg\" alt=\"\" width=\"300\" height=\"228\" srcset=\"https:\/\/www.nedzink.com\/wp-content\/uploads\/2021\/06\/nedzink-epd-2021-samen-min-300x228.jpg 300w, https:\/\/www.nedzink.com\/wp-content\/uploads\/2021\/06\/nedzink-epd-2021-samen-min-1024x778.jpg 1024w, https:\/\/www.nedzink.com\/wp-content\/uploads\/2021\/06\/nedzink-epd-2021-samen-min-1536x1167.jpg 1536w, https:\/\/www.nedzink.com\/wp-content\/uploads\/2021\/06\/nedzink-epd-2021-samen-min-2048x1556.jpg 2048w, https:\/\/www.nedzink.com\/wp-content\/uploads\/2021\/06\/nedzink-epd-2021-samen-min-114x87.jpg 114w, https:\/\/www.nedzink.com\/wp-content\/uploads\/2021\/06\/nedzink-epd-2021-samen-min-47x36.jpg 47w, https:\/\/www.nedzink.com\/wp-content\/uploads\/2021\/06\/nedzink-epd-2021-samen-min-212x161.jpg 212w\" sizes=\"auto, (max-width: 300px) 100vw, 300px\" \/><\/a>\u00a0 \u00a0\u00a0<a href=\"http:\/\/construction-environment.com\/hp426\/Metals-for-buildings.htm\"><img decoding=\"async\" style=\"height: 143px; width: 300px;\" src=\"https:\/\/www.nedzink.com\/wp-content\/uploads\/import\/cms\/userfiles\/images\/news\/2014\/EPD_BV_RGB.jpg\" alt=\"\" \/><\/a><\/span><\/p>\n<p>&nbsp;<\/p>\n<p>&nbsp;<\/p>\n<p>&nbsp;<\/p>\n<p>&nbsp;<\/p>\n<p><strong>Analyse du cycle de vie<\/strong><\/p>\n<p style=\"text-align: justify;\">Les DEP forment la base de l\u2019\u00e9valuation des b\u00e2timents au niveau \u00e9cologique, telle qu\u2019elle est d\u00e9finie dans le cadre du nouveau projet europ\u00e9en \u00ab Durabilit\u00e9 des b\u00e2timents \u00bb. En vue d\u2019offrir un crit\u00e8re objectif et comparable, l\u2019impact environnemental des produits NedZink NATUREL, NedZink NOVA, NedZink NEO et NedZink NOIR a \u00e9t\u00e9 compar\u00e9 aux normes ISO 14025, 14040 et 15804 par l\u2019institut ind\u00e9pendant IBU et ensuite valid\u00e9. Dans ce cadre, il a \u00e9t\u00e9 tenu compte de l\u2019analyse du cycle de vie (LCA ou Life Cycle Assessment) des trois produits \u00e0 base de zinc. La LCA est une m\u00e9thode scientifique \u00e9prouv\u00e9e permettant d\u2019\u00e9valuer et de quantifier tous les effets environnementaux \u00e0 toutes les phases de vie du produit, comme les \u00e9missions de CO2, la consommation d\u2019\u00e9nergie et d\u2019eau et la pollution atmosph\u00e9rique. Sur la base de ces chiffres, il est possible de comparer les DEP entre elles, facilitant ainsi un choix (\u00e9cologique) parmi les diff\u00e9rents produits.<\/p>\n","protected":false},"excerpt":{"rendered":"<p>Choix \u00e9cologique des produits grandement facilit\u00e9 par la comparaison des DEP NedZink s\u2019est vu attribuer des DEP (D\u00e9claration Environnementale Produit) pour les produits NedZink NATUREL, NedZink NOVA, NedZink NEO et NedZink NOIR par l\u2019Institut ind\u00e9pendant allemand Bauen und Umwelt e.V. (IBU). Ces DEP, qui ont \u00e9galement obtenu le label de la plate-forme ECO, offrent des [&hellip;]<\/p>\n","protected":false},"author":9,"featured_media":0,"parent":12299,"menu_order":10,"comment_status":"closed","ping_status":"closed","template":"template-import.php","meta":{"_acf_changed":false,"footnotes":""},"class_list":["post-12309","page","type-page","status-publish","hentry"],"acf":[],"yoast_head":"<!-- This site is optimized with the Yoast SEO plugin v26.8 - https:\/\/yoast.com\/product\/yoast-seo-wordpress\/ -->\n<title>Certification environnementale - DEP &#8211; NedZink<\/title>\n<meta name=\"robots\" content=\"index, follow, max-snippet:-1, max-image-preview:large, max-video-preview:-1\" \/>\n<link rel=\"canonical\" href=\"https:\/\/www.nedzink.com\/fr\/environnement\/certification-environnementale-dep\/\" \/>\n<meta property=\"og:locale\" content=\"fr_FR\" \/>\n<meta property=\"og:type\" content=\"article\" \/>\n<meta property=\"og:title\" content=\"Certification environnementale - DEP &#8211; NedZink\" \/>\n<meta property=\"og:description\" content=\"Choix \u00e9cologique des produits grandement facilit\u00e9 par la comparaison des DEP NedZink s\u2019est vu attribuer des DEP (D\u00e9claration Environnementale Produit) pour les produits NedZink NATUREL, NedZink NOVA, NedZink NEO et NedZink NOIR par l\u2019Institut ind\u00e9pendant allemand Bauen und Umwelt e.V. (IBU). Ces DEP, qui ont \u00e9galement obtenu le label de la plate-forme ECO, offrent des [&hellip;]\" \/>\n<meta property=\"og:url\" content=\"https:\/\/www.nedzink.com\/fr\/environnement\/certification-environnementale-dep\/\" \/>\n<meta property=\"og:site_name\" content=\"NedZink\" \/>\n<meta property=\"article:modified_time\" content=\"2021-06-16T12:59:39+00:00\" \/>\n<meta property=\"og:image\" content=\"https:\/\/www.nedzink.com\/wp-content\/uploads\/2021\/06\/nedzink-epd-2021-samen-min-300x228.jpg\" \/>\n<meta name=\"twitter:card\" content=\"summary_large_image\" \/>\n<meta name=\"twitter:label1\" content=\"Dur\u00e9e de lecture estim\u00e9e\" \/>\n\t<meta name=\"twitter:data1\" content=\"2 minutes\" \/>\n<script type=\"application\/ld+json\" class=\"yoast-schema-graph\">{\"@context\":\"https:\/\/schema.org\",\"@graph\":[{\"@type\":\"WebPage\",\"@id\":\"https:\/\/www.nedzink.com\/fr\/environnement\/certification-environnementale-dep\/\",\"url\":\"https:\/\/www.nedzink.com\/fr\/environnement\/certification-environnementale-dep\/\",\"name\":\"Certification environnementale - DEP &#8211; NedZink\",\"isPartOf\":{\"@id\":\"https:\/\/www.nedzink.com\/fr\/#website\"},\"primaryImageOfPage\":{\"@id\":\"https:\/\/www.nedzink.com\/fr\/environnement\/certification-environnementale-dep\/#primaryimage\"},\"image\":{\"@id\":\"https:\/\/www.nedzink.com\/fr\/environnement\/certification-environnementale-dep\/#primaryimage\"},\"thumbnailUrl\":\"https:\/\/www.nedzink.com\/wp-content\/uploads\/2021\/06\/nedzink-epd-2021-samen-min-300x228.jpg\",\"datePublished\":\"2019-04-09T12:30:42+00:00\",\"dateModified\":\"2021-06-16T12:59:39+00:00\",\"breadcrumb\":{\"@id\":\"https:\/\/www.nedzink.com\/fr\/environnement\/certification-environnementale-dep\/#breadcrumb\"},\"inLanguage\":\"fr-FR\",\"potentialAction\":[{\"@type\":\"ReadAction\",\"target\":[\"https:\/\/www.nedzink.com\/fr\/environnement\/certification-environnementale-dep\/\"]}]},{\"@type\":\"ImageObject\",\"inLanguage\":\"fr-FR\",\"@id\":\"https:\/\/www.nedzink.com\/fr\/environnement\/certification-environnementale-dep\/#primaryimage\",\"url\":\"https:\/\/www.nedzink.com\/wp-content\/uploads\/2021\/06\/nedzink-epd-2021-samen-min-300x228.jpg\",\"contentUrl\":\"https:\/\/www.nedzink.com\/wp-content\/uploads\/2021\/06\/nedzink-epd-2021-samen-min-300x228.jpg\"},{\"@type\":\"BreadcrumbList\",\"@id\":\"https:\/\/www.nedzink.com\/fr\/environnement\/certification-environnementale-dep\/#breadcrumb\",\"itemListElement\":[{\"@type\":\"ListItem\",\"position\":1,\"name\":\"Home\",\"item\":\"https:\/\/www.nedzink.com\/fr\/\"},{\"@type\":\"ListItem\",\"position\":2,\"name\":\"Environnement\",\"item\":\"https:\/\/www.nedzink.com\/fr\/environnement\/\"},{\"@type\":\"ListItem\",\"position\":3,\"name\":\"Certification environnementale &#8211; DEP\"}]},{\"@type\":\"WebSite\",\"@id\":\"https:\/\/www.nedzink.com\/fr\/#website\",\"url\":\"https:\/\/www.nedzink.com\/fr\/\",\"name\":\"NedZink\",\"description\":\"Zink fabrikant\",\"publisher\":{\"@id\":\"https:\/\/www.nedzink.com\/fr\/#organization\"},\"potentialAction\":[{\"@type\":\"SearchAction\",\"target\":{\"@type\":\"EntryPoint\",\"urlTemplate\":\"https:\/\/www.nedzink.com\/fr\/?s={search_term_string}\"},\"query-input\":{\"@type\":\"PropertyValueSpecification\",\"valueRequired\":true,\"valueName\":\"search_term_string\"}}],\"inLanguage\":\"fr-FR\"},{\"@type\":\"Organization\",\"@id\":\"https:\/\/www.nedzink.com\/fr\/#organization\",\"name\":\"NedZink\",\"url\":\"https:\/\/www.nedzink.com\/fr\/\",\"logo\":{\"@type\":\"ImageObject\",\"inLanguage\":\"fr-FR\",\"@id\":\"https:\/\/www.nedzink.com\/fr\/#\/schema\/logo\/image\/\",\"url\":\"https:\/\/www.nedzink.com\/wp-content\/uploads\/2019\/08\/logo-nedzink_fc_zk.jpg\",\"contentUrl\":\"https:\/\/www.nedzink.com\/wp-content\/uploads\/2019\/08\/logo-nedzink_fc_zk.jpg\",\"width\":2160,\"height\":688,\"caption\":\"NedZink\"},\"image\":{\"@id\":\"https:\/\/www.nedzink.com\/fr\/#\/schema\/logo\/image\/\"}}]}<\/script>\n<!-- \/ Yoast SEO plugin. -->","yoast_head_json":{"title":"Certification environnementale - DEP &#8211; NedZink","robots":{"index":"index","follow":"follow","max-snippet":"max-snippet:-1","max-image-preview":"max-image-preview:large","max-video-preview":"max-video-preview:-1"},"canonical":"https:\/\/www.nedzink.com\/fr\/environnement\/certification-environnementale-dep\/","og_locale":"fr_FR","og_type":"article","og_title":"Certification environnementale - DEP &#8211; NedZink","og_description":"Choix \u00e9cologique des produits grandement facilit\u00e9 par la comparaison des DEP NedZink s\u2019est vu attribuer des DEP (D\u00e9claration Environnementale Produit) pour les produits NedZink NATUREL, NedZink NOVA, NedZink NEO et NedZink NOIR par l\u2019Institut ind\u00e9pendant allemand Bauen und Umwelt e.V. (IBU). Ces DEP, qui ont \u00e9galement obtenu le label de la plate-forme ECO, offrent des [&hellip;]","og_url":"https:\/\/www.nedzink.com\/fr\/environnement\/certification-environnementale-dep\/","og_site_name":"NedZink","article_modified_time":"2021-06-16T12:59:39+00:00","og_image":[{"url":"https:\/\/www.nedzink.com\/wp-content\/uploads\/2021\/06\/nedzink-epd-2021-samen-min-300x228.jpg","type":"","width":"","height":""}],"twitter_card":"summary_large_image","twitter_misc":{"Dur\u00e9e de lecture estim\u00e9e":"2 minutes"},"schema":{"@context":"https:\/\/schema.org","@graph":[{"@type":"WebPage","@id":"https:\/\/www.nedzink.com\/fr\/environnement\/certification-environnementale-dep\/","url":"https:\/\/www.nedzink.com\/fr\/environnement\/certification-environnementale-dep\/","name":"Certification environnementale - DEP &#8211; NedZink","isPartOf":{"@id":"https:\/\/www.nedzink.com\/fr\/#website"},"primaryImageOfPage":{"@id":"https:\/\/www.nedzink.com\/fr\/environnement\/certification-environnementale-dep\/#primaryimage"},"image":{"@id":"https:\/\/www.nedzink.com\/fr\/environnement\/certification-environnementale-dep\/#primaryimage"},"thumbnailUrl":"https:\/\/www.nedzink.com\/wp-content\/uploads\/2021\/06\/nedzink-epd-2021-samen-min-300x228.jpg","datePublished":"2019-04-09T12:30:42+00:00","dateModified":"2021-06-16T12:59:39+00:00","breadcrumb":{"@id":"https:\/\/www.nedzink.com\/fr\/environnement\/certification-environnementale-dep\/#breadcrumb"},"inLanguage":"fr-FR","potentialAction":[{"@type":"ReadAction","target":["https:\/\/www.nedzink.com\/fr\/environnement\/certification-environnementale-dep\/"]}]},{"@type":"ImageObject","inLanguage":"fr-FR","@id":"https:\/\/www.nedzink.com\/fr\/environnement\/certification-environnementale-dep\/#primaryimage","url":"https:\/\/www.nedzink.com\/wp-content\/uploads\/2021\/06\/nedzink-epd-2021-samen-min-300x228.jpg","contentUrl":"https:\/\/www.nedzink.com\/wp-content\/uploads\/2021\/06\/nedzink-epd-2021-samen-min-300x228.jpg"},{"@type":"BreadcrumbList","@id":"https:\/\/www.nedzink.com\/fr\/environnement\/certification-environnementale-dep\/#breadcrumb","itemListElement":[{"@type":"ListItem","position":1,"name":"Home","item":"https:\/\/www.nedzink.com\/fr\/"},{"@type":"ListItem","position":2,"name":"Environnement","item":"https:\/\/www.nedzink.com\/fr\/environnement\/"},{"@type":"ListItem","position":3,"name":"Certification environnementale &#8211; DEP"}]},{"@type":"WebSite","@id":"https:\/\/www.nedzink.com\/fr\/#website","url":"https:\/\/www.nedzink.com\/fr\/","name":"NedZink","description":"Zink fabrikant","publisher":{"@id":"https:\/\/www.nedzink.com\/fr\/#organization"},"potentialAction":[{"@type":"SearchAction","target":{"@type":"EntryPoint","urlTemplate":"https:\/\/www.nedzink.com\/fr\/?s={search_term_string}"},"query-input":{"@type":"PropertyValueSpecification","valueRequired":true,"valueName":"search_term_string"}}],"inLanguage":"fr-FR"},{"@type":"Organization","@id":"https:\/\/www.nedzink.com\/fr\/#organization","name":"NedZink","url":"https:\/\/www.nedzink.com\/fr\/","logo":{"@type":"ImageObject","inLanguage":"fr-FR","@id":"https:\/\/www.nedzink.com\/fr\/#\/schema\/logo\/image\/","url":"https:\/\/www.nedzink.com\/wp-content\/uploads\/2019\/08\/logo-nedzink_fc_zk.jpg","contentUrl":"https:\/\/www.nedzink.com\/wp-content\/uploads\/2019\/08\/logo-nedzink_fc_zk.jpg","width":2160,"height":688,"caption":"NedZink"},"image":{"@id":"https:\/\/www.nedzink.com\/fr\/#\/schema\/logo\/image\/"}}]}},"_links":{"self":[{"href":"https:\/\/www.nedzink.com\/fr\/wp-json\/wp\/v2\/pages\/12309","targetHints":{"allow":["GET"]}}],"collection":[{"href":"https:\/\/www.nedzink.com\/fr\/wp-json\/wp\/v2\/pages"}],"about":[{"href":"https:\/\/www.nedzink.com\/fr\/wp-json\/wp\/v2\/types\/page"}],"author":[{"embeddable":true,"href":"https:\/\/www.nedzink.com\/fr\/wp-json\/wp\/v2\/users\/9"}],"replies":[{"embeddable":true,"href":"https:\/\/www.nedzink.com\/fr\/wp-json\/wp\/v2\/comments?post=12309"}],"version-history":[{"count":0,"href":"https:\/\/www.nedzink.com\/fr\/wp-json\/wp\/v2\/pages\/12309\/revisions"}],"up":[{"embeddable":true,"href":"https:\/\/www.nedzink.com\/fr\/wp-json\/wp\/v2\/pages\/12299"}],"wp:attachment":[{"href":"https:\/\/www.nedzink.com\/fr\/wp-json\/wp\/v2\/media?parent=12309"}],"curies":[{"name":"wp","href":"https:\/\/api.w.org\/{rel}","templated":true}]}}