{"id":12218,"date":"2019-04-09T14:29:57","date_gmt":"2019-04-09T12:29:57","guid":{"rendered":"http:\/\/136.144.181.85\/~nedzink\/produits\/feuilles\/"},"modified":"2024-02-23T14:50:51","modified_gmt":"2024-02-23T13:50:51","slug":"feuilles","status":"publish","type":"page","link":"https:\/\/www.nedzink.com\/fr\/produits\/feuilles\/","title":{"rendered":"NedZink Feuilles"},"content":{"rendered":"[vc_row][vc_column width=\u00a0\u00bb1\/2&Prime;][vc_column_text css=\u00a0\u00bb.vc_custom_1708696198809{margin-bottom: 0px !important;}\u00a0\u00bb]\n<table border=\"0\" cellspacing=\"1\" cellpadding=\"1\">\n<tbody>\n<tr>\n<td>Formats standard:<\/td>\n<td>1000&#215;2000 mm<br \/>\n1000&#215;2250 mm<br \/>\n1000&#215;3000 mm<\/td>\n<\/tr>\n<tr>\n<td>Epaisseur:<\/td>\n<td>\u00a00,60 &#8211; 0,65 &#8211; 0,70 &#8211; 0,80 &#8211; 1,00 mm<\/td>\n<\/tr>\n<tr>\n<td>Conditionnement:<\/td>\n<td>sur palettes d&rsquo;environ 1000 kg<\/td>\n<\/tr>\n<\/tbody>\n<\/table>\n<p><span style=\"font-size: 10px;\"><em>D&rsquo;autres formats et \u00e9paisseurs sont sur demande.<\/em><\/span>[\/vc_column_text][\/vc_column][vc_column width=\u00a0\u00bb1\/2&Prime;][vc_single_image image=\u00a0\u00bb35401&Prime; img_size=\u00a0\u00bbfull\u00a0\u00bb][\/vc_column][\/vc_row]\n","protected":false},"excerpt":{"rendered":"<p>[vc_row][vc_column width=\u00a0\u00bb1\/2&Prime;][vc_column_text css=\u00a0\u00bb.vc_custom_1708696198809{margin-bottom: 0px !important;}\u00a0\u00bb] Formats standard: 1000&#215;2000 mm 1000&#215;2250 mm 1000&#215;3000 mm Epaisseur: \u00a00,60 &#8211; 0,65 &#8211; 0,70 &#8211; 0,80 &#8211; 1,00 mm Conditionnement: sur palettes d&rsquo;environ 1000 kg D&rsquo;autres formats et \u00e9paisseurs sont sur demande.[\/vc_column_text][\/vc_column][vc_column width=\u00a0\u00bb1\/2&Prime;][vc_single_image image=\u00a0\u00bb35401&Prime; img_size=\u00a0\u00bbfull\u00a0\u00bb][\/vc_column][\/vc_row]<\/p>\n","protected":false},"author":9,"featured_media":0,"parent":12198,"menu_order":270,"comment_status":"closed","ping_status":"closed","template":"template-import.php","meta":{"_acf_changed":false,"footnotes":""},"class_list":["post-12218","page","type-page","status-publish","hentry"],"acf":[],"yoast_head":"<!-- This site is optimized with the Yoast SEO plugin v26.8 - https:\/\/yoast.com\/product\/yoast-seo-wordpress\/ -->\n<title>Feuilles \u2013 NedZink<\/title>\n<meta name=\"description\" content=\"\u2022 Handelsafmetingen: 1000\u00d72000 mm - 1000\u00d72250 mm - 1000\u00d73000 mm \u2022 Materiaaldikte: 0,65 \u2013 0,70 \u2013 0,80 \u2013 1,00 mm \u2022 Overige maten en diktes zijn op aanvraag.\" \/>\n<meta name=\"robots\" content=\"index, follow, max-snippet:-1, max-image-preview:large, max-video-preview:-1\" \/>\n<link rel=\"canonical\" href=\"https:\/\/www.nedzink.com\/fr\/produits\/feuilles\/\" \/>\n<meta property=\"og:locale\" content=\"fr_FR\" \/>\n<meta property=\"og:type\" content=\"article\" \/>\n<meta property=\"og:title\" content=\"Feuilles \u2013 NedZink\" \/>\n<meta property=\"og:description\" content=\"\u2022 Handelsafmetingen: 1000\u00d72000 mm - 1000\u00d72250 mm - 1000\u00d73000 mm \u2022 Materiaaldikte: 0,65 \u2013 0,70 \u2013 0,80 \u2013 1,00 mm \u2022 Overige maten en diktes zijn op aanvraag.\" \/>\n<meta property=\"og:url\" content=\"https:\/\/www.nedzink.com\/fr\/produits\/feuilles\/\" \/>\n<meta property=\"og:site_name\" content=\"NedZink\" \/>\n<meta property=\"article:modified_time\" content=\"2024-02-23T13:50:51+00:00\" \/>\n<meta name=\"twitter:card\" content=\"summary_large_image\" \/>\n<meta name=\"twitter:label1\" content=\"Dur\u00e9e de lecture estim\u00e9e\" \/>\n\t<meta name=\"twitter:data1\" content=\"1 minute\" \/>\n<script type=\"application\/ld+json\" class=\"yoast-schema-graph\">{\"@context\":\"https:\/\/schema.org\",\"@graph\":[{\"@type\":\"WebPage\",\"@id\":\"https:\/\/www.nedzink.com\/fr\/produits\/feuilles\/\",\"url\":\"https:\/\/www.nedzink.com\/fr\/produits\/feuilles\/\",\"name\":\"Feuilles \u2013 NedZink\",\"isPartOf\":{\"@id\":\"https:\/\/www.nedzink.com\/fr\/#website\"},\"datePublished\":\"2019-04-09T12:29:57+00:00\",\"dateModified\":\"2024-02-23T13:50:51+00:00\",\"description\":\"\u2022 Handelsafmetingen: 1000\u00d72000 mm - 1000\u00d72250 mm - 1000\u00d73000 mm \u2022 Materiaaldikte: 0,65 \u2013 0,70 \u2013 0,80 \u2013 1,00 mm \u2022 Overige maten en diktes zijn op aanvraag.\",\"breadcrumb\":{\"@id\":\"https:\/\/www.nedzink.com\/fr\/produits\/feuilles\/#breadcrumb\"},\"inLanguage\":\"fr-FR\",\"potentialAction\":[{\"@type\":\"ReadAction\",\"target\":[\"https:\/\/www.nedzink.com\/fr\/produits\/feuilles\/\"]}]},{\"@type\":\"BreadcrumbList\",\"@id\":\"https:\/\/www.nedzink.com\/fr\/produits\/feuilles\/#breadcrumb\",\"itemListElement\":[{\"@type\":\"ListItem\",\"position\":1,\"name\":\"Home\",\"item\":\"https:\/\/www.nedzink.com\/fr\/\"},{\"@type\":\"ListItem\",\"position\":2,\"name\":\"Produits\",\"item\":\"https:\/\/www.nedzink.com\/fr\/produits\/\"},{\"@type\":\"ListItem\",\"position\":3,\"name\":\"NedZink Feuilles\"}]},{\"@type\":\"WebSite\",\"@id\":\"https:\/\/www.nedzink.com\/fr\/#website\",\"url\":\"https:\/\/www.nedzink.com\/fr\/\",\"name\":\"NedZink\",\"description\":\"Zink fabrikant\",\"publisher\":{\"@id\":\"https:\/\/www.nedzink.com\/fr\/#organization\"},\"potentialAction\":[{\"@type\":\"SearchAction\",\"target\":{\"@type\":\"EntryPoint\",\"urlTemplate\":\"https:\/\/www.nedzink.com\/fr\/?s={search_term_string}\"},\"query-input\":{\"@type\":\"PropertyValueSpecification\",\"valueRequired\":true,\"valueName\":\"search_term_string\"}}],\"inLanguage\":\"fr-FR\"},{\"@type\":\"Organization\",\"@id\":\"https:\/\/www.nedzink.com\/fr\/#organization\",\"name\":\"NedZink\",\"url\":\"https:\/\/www.nedzink.com\/fr\/\",\"logo\":{\"@type\":\"ImageObject\",\"inLanguage\":\"fr-FR\",\"@id\":\"https:\/\/www.nedzink.com\/fr\/#\/schema\/logo\/image\/\",\"url\":\"https:\/\/www.nedzink.com\/wp-content\/uploads\/2019\/08\/logo-nedzink_fc_zk.jpg\",\"contentUrl\":\"https:\/\/www.nedzink.com\/wp-content\/uploads\/2019\/08\/logo-nedzink_fc_zk.jpg\",\"width\":2160,\"height\":688,\"caption\":\"NedZink\"},\"image\":{\"@id\":\"https:\/\/www.nedzink.com\/fr\/#\/schema\/logo\/image\/\"}}]}<\/script>\n<!-- \/ Yoast SEO plugin. -->","yoast_head_json":{"title":"Feuilles \u2013 NedZink","description":"\u2022 Handelsafmetingen: 1000\u00d72000 mm - 1000\u00d72250 mm - 1000\u00d73000 mm \u2022 Materiaaldikte: 0,65 \u2013 0,70 \u2013 0,80 \u2013 1,00 mm \u2022 Overige maten en diktes zijn op aanvraag.","robots":{"index":"index","follow":"follow","max-snippet":"max-snippet:-1","max-image-preview":"max-image-preview:large","max-video-preview":"max-video-preview:-1"},"canonical":"https:\/\/www.nedzink.com\/fr\/produits\/feuilles\/","og_locale":"fr_FR","og_type":"article","og_title":"Feuilles \u2013 NedZink","og_description":"\u2022 Handelsafmetingen: 1000\u00d72000 mm - 1000\u00d72250 mm - 1000\u00d73000 mm \u2022 Materiaaldikte: 0,65 \u2013 0,70 \u2013 0,80 \u2013 1,00 mm \u2022 Overige maten en diktes zijn op aanvraag.","og_url":"https:\/\/www.nedzink.com\/fr\/produits\/feuilles\/","og_site_name":"NedZink","article_modified_time":"2024-02-23T13:50:51+00:00","twitter_card":"summary_large_image","twitter_misc":{"Dur\u00e9e de lecture estim\u00e9e":"1 minute"},"schema":{"@context":"https:\/\/schema.org","@graph":[{"@type":"WebPage","@id":"https:\/\/www.nedzink.com\/fr\/produits\/feuilles\/","url":"https:\/\/www.nedzink.com\/fr\/produits\/feuilles\/","name":"Feuilles \u2013 NedZink","isPartOf":{"@id":"https:\/\/www.nedzink.com\/fr\/#website"},"datePublished":"2019-04-09T12:29:57+00:00","dateModified":"2024-02-23T13:50:51+00:00","description":"\u2022 Handelsafmetingen: 1000\u00d72000 mm - 1000\u00d72250 mm - 1000\u00d73000 mm \u2022 Materiaaldikte: 0,65 \u2013 0,70 \u2013 0,80 \u2013 1,00 mm \u2022 Overige maten en diktes zijn op aanvraag.","breadcrumb":{"@id":"https:\/\/www.nedzink.com\/fr\/produits\/feuilles\/#breadcrumb"},"inLanguage":"fr-FR","potentialAction":[{"@type":"ReadAction","target":["https:\/\/www.nedzink.com\/fr\/produits\/feuilles\/"]}]},{"@type":"BreadcrumbList","@id":"https:\/\/www.nedzink.com\/fr\/produits\/feuilles\/#breadcrumb","itemListElement":[{"@type":"ListItem","position":1,"name":"Home","item":"https:\/\/www.nedzink.com\/fr\/"},{"@type":"ListItem","position":2,"name":"Produits","item":"https:\/\/www.nedzink.com\/fr\/produits\/"},{"@type":"ListItem","position":3,"name":"NedZink Feuilles"}]},{"@type":"WebSite","@id":"https:\/\/www.nedzink.com\/fr\/#website","url":"https:\/\/www.nedzink.com\/fr\/","name":"NedZink","description":"Zink fabrikant","publisher":{"@id":"https:\/\/www.nedzink.com\/fr\/#organization"},"potentialAction":[{"@type":"SearchAction","target":{"@type":"EntryPoint","urlTemplate":"https:\/\/www.nedzink.com\/fr\/?s={search_term_string}"},"query-input":{"@type":"PropertyValueSpecification","valueRequired":true,"valueName":"search_term_string"}}],"inLanguage":"fr-FR"},{"@type":"Organization","@id":"https:\/\/www.nedzink.com\/fr\/#organization","name":"NedZink","url":"https:\/\/www.nedzink.com\/fr\/","logo":{"@type":"ImageObject","inLanguage":"fr-FR","@id":"https:\/\/www.nedzink.com\/fr\/#\/schema\/logo\/image\/","url":"https:\/\/www.nedzink.com\/wp-content\/uploads\/2019\/08\/logo-nedzink_fc_zk.jpg","contentUrl":"https:\/\/www.nedzink.com\/wp-content\/uploads\/2019\/08\/logo-nedzink_fc_zk.jpg","width":2160,"height":688,"caption":"NedZink"},"image":{"@id":"https:\/\/www.nedzink.com\/fr\/#\/schema\/logo\/image\/"}}]}},"_links":{"self":[{"href":"https:\/\/www.nedzink.com\/fr\/wp-json\/wp\/v2\/pages\/12218","targetHints":{"allow":["GET"]}}],"collection":[{"href":"https:\/\/www.nedzink.com\/fr\/wp-json\/wp\/v2\/pages"}],"about":[{"href":"https:\/\/www.nedzink.com\/fr\/wp-json\/wp\/v2\/types\/page"}],"author":[{"embeddable":true,"href":"https:\/\/www.nedzink.com\/fr\/wp-json\/wp\/v2\/users\/9"}],"replies":[{"embeddable":true,"href":"https:\/\/www.nedzink.com\/fr\/wp-json\/wp\/v2\/comments?post=12218"}],"version-history":[{"count":2,"href":"https:\/\/www.nedzink.com\/fr\/wp-json\/wp\/v2\/pages\/12218\/revisions"}],"predecessor-version":[{"id":129605,"href":"https:\/\/www.nedzink.com\/fr\/wp-json\/wp\/v2\/pages\/12218\/revisions\/129605"}],"up":[{"embeddable":true,"href":"https:\/\/www.nedzink.com\/fr\/wp-json\/wp\/v2\/pages\/12198"}],"wp:attachment":[{"href":"https:\/\/www.nedzink.com\/fr\/wp-json\/wp\/v2\/media?parent=12218"}],"curies":[{"name":"wp","href":"https:\/\/api.w.org\/{rel}","templated":true}]}}