{"id":84103,"date":"2021-09-23T08:07:13","date_gmt":"2021-09-23T06:07:13","guid":{"rendered":"https:\/\/www.nedzink.com\/?page_id=84103"},"modified":"2021-09-23T08:58:31","modified_gmt":"2021-09-23T06:58:31","slug":"nedzink-is-shaping-the-future","status":"publish","type":"page","link":"https:\/\/www.nedzink.com\/fr-be\/nedzink-is-shaping-the-future\/","title":{"rendered":"NedZink is Shaping the Future"},"content":{"rendered":"[vc_row fullwidth=\u00a0\u00bbtrue\u00a0\u00bb visibility=\u00a0\u00bbhidden-sm\u00a0\u00bb el_class=\u00a0\u00bbnietbedekken\u00a0\u00bb][vc_column] AAAAAAAAAA\n<div id=\"rev_slider_59_1_wrapper\" class=\"rev_slider_wrapper fullwidthbanner-container\" data-source=\"gallery\" style=\"margin:0px auto;background:transparent;padding:0px;margin-top:0px;margin-bottom:0px;\">\n<!-- START REVOLUTION SLIDER 5.4.8 auto mode -->\n\t<div id=\"rev_slider_59_1\" class=\"rev_slider fullwidthabanner tp-overflow-hidden\" style=\"display:none;\" data-version=\"5.4.8\">\n<ul>\t<!-- SLIDE  -->\n\t<li data-index=\"rs-170\" data-transition=\"fade\" data-slotamount=\"default\" data-hideafterloop=\"0\" data-hideslideonmobile=\"off\"  data-easein=\"default\" data-easeout=\"default\" data-masterspeed=\"300\"  data-rotate=\"0\"  data-saveperformance=\"off\"  data-title=\"Slide\" data-param1=\"\" data-param2=\"\" data-param3=\"\" data-param4=\"\" data-param5=\"\" data-param6=\"\" data-param7=\"\" data-param8=\"\" data-param9=\"\" data-param10=\"\" data-description=\"\">\n\t\t<!-- MAIN IMAGE -->\n\t\t<img loading=\"lazy\" decoding=\"async\" src=\"https:\/\/www.nedzink.com\/wp-content\/uploads\/2021\/09\/zonnepanelen-header-press-release-full-2160x686-v1.jpg\"  alt=\"\" title=\"zonnepanelen-header-press-release-full-2160&#215;686-v1\"  width=\"2160\" height=\"686\" data-bgposition=\"center center\" data-bgfit=\"cover\" data-bgrepeat=\"no-repeat\" class=\"rev-slidebg\" data-no-retina>\n\t\t<!-- LAYERS -->\n\t<\/li>\n<\/ul>\n<div style=\"\" class=\"tp-static-layers\">\n\n\t\t<!-- LAYER NR. 1 -->\n\t\t<div class=\"tp-caption tp-shape tp-shapewrapper tp-layer-selectable  tp-resizeme tp-static-layer\" \n\t\t\t id=\"slider-59-layer-14\" \n\t\t\t data-x=\"right\" data-hoffset=\"\" \n\t\t\t data-y=\"-1\" \n\t\t\t\t\t\tdata-width=\"['558']\"\n\t\t\tdata-height=\"['611']\"\n \n\t\t\tdata-type=\"shape\" \n\t\t\tdata-responsive_offset=\"on\" \n\n\t\t\tdata-startslide=\"0\" \n\t\t\tdata-endslide=\"0\" \n\t\t\tdata-frames='[{\"delay\":10,\"speed\":300,\"frame\":\"0\",\"from\":\"opacity:0;\",\"to\":\"o:1;\",\"ease\":\"Power3.easeInOut\"},{\"delay\":\"+3190\",\"speed\":300,\"frame\":\"999\",\"to\":\"opacity:0;\",\"ease\":\"Power3.easeInOut\"}]'\n\t\t\tdata-textAlign=\"['inherit','inherit','inherit','inherit']\"\n\t\t\tdata-paddingtop=\"[0,0,0,0]\"\n\t\t\tdata-paddingright=\"[0,0,0,0]\"\n\t\t\tdata-paddingbottom=\"[0,0,0,0]\"\n\t\t\tdata-paddingleft=\"[0,0,0,0]\"\n\n\t\t\tstyle=\"z-index: 5;background-color:rgba(255,255,255,0.26);\"> <\/div>\n\n\t\t<!-- LAYER NR. 2 -->\n\t\t<div class=\"tp-caption tp-shape tp-shapewrapper tp-layer-selectable  tp-resizeme tp-static-layer\" \n\t\t\t id=\"slider-59-layer-12\" \n\t\t\t data-x=\"1418\" \n\t\t\t data-y=\"491\" \n\t\t\t\t\t\tdata-width=\"['454']\"\n\t\t\tdata-height=\"['73']\"\n \n\t\t\tdata-type=\"shape\" \n\t\t\tdata-responsive_offset=\"on\" \n\n\t\t\tdata-startslide=\"0\" \n\t\t\tdata-endslide=\"0\" \n\t\t\tdata-frames='[{\"delay\":10,\"speed\":300,\"frame\":\"0\",\"from\":\"opacity:0;\",\"to\":\"o:1;\",\"ease\":\"Power3.easeInOut\"},{\"delay\":\"+3190\",\"speed\":300,\"frame\":\"999\",\"to\":\"opacity:0;\",\"ease\":\"Power3.easeInOut\"}]'\n\t\t\tdata-textAlign=\"['inherit','inherit','inherit','inherit']\"\n\t\t\tdata-paddingtop=\"[0,0,0,0]\"\n\t\t\tdata-paddingright=\"[0,0,0,0]\"\n\t\t\tdata-paddingbottom=\"[0,0,0,0]\"\n\t\t\tdata-paddingleft=\"[0,0,0,0]\"\n\n\t\t\tstyle=\"z-index: 6;font-family:Arial;background-color:rgba(0,0,0,0);border-color:rgb(255,255,255);border-style:solid;border-width:4px 4px 4px 4px;\"> <\/div>\n\n\t\t<!-- LAYER NR. 3 -->\n\t\t<div class=\"tp-caption tp-layer-selectable  tp-resizeme tp-static-layer\" \n\t\t\t id=\"slider-59-layer-13\" \n\t\t\t data-x=\"1445\" \n\t\t\t data-y=\"506\" \n\t\t\t\t\t\tdata-width=\"['auto']\"\n\t\t\tdata-height=\"['auto']\"\n \n\t\t\tdata-type=\"text\" \n\t\t\tdata-responsive_offset=\"on\" \n\n\t\t\tdata-startslide=\"0\" \n\t\t\tdata-endslide=\"0\" \n\t\t\tdata-frames='[{\"delay\":360,\"speed\":300,\"frame\":\"0\",\"from\":\"opacity:0;\",\"to\":\"o:1;\",\"ease\":\"Power3.easeInOut\"},{\"delay\":\"+2840\",\"speed\":300,\"frame\":\"999\",\"to\":\"opacity:0;\",\"ease\":\"Power3.easeInOut\"}]'\n\t\t\tdata-textAlign=\"['inherit','inherit','inherit','inherit']\"\n\t\t\tdata-paddingtop=\"[0,0,0,0]\"\n\t\t\tdata-paddingright=\"[0,0,0,0]\"\n\t\t\tdata-paddingbottom=\"[0,0,0,0]\"\n\t\t\tdata-paddingleft=\"[0,0,0,0]\"\n\n\t\t\tstyle=\"z-index: 7; white-space: nowrap; font-size: 36px; line-height: 36px; font-weight: 600; color: #ffffff; letter-spacing: 0px;font-family:Arial;text-shadow:0px 1px 4px rgba(79, 79, 79, 0.75);\">SHAPING THE FUTURE <\/div>\n<\/div>\n<div class=\"tp-bannertimer tp-bottom\" style=\"visibility: hidden !important;\"><\/div>\t<\/div>\n<script>\n\t\t\t\t\tvar htmlDivCss = ' #rev_slider_59_1_wrapper .tp-loader.spinner2{ background-color: #b0b0b0 !important; } ';\n\t\t\t\t\tvar htmlDiv = document.getElementById('rs-plugin-settings-inline-css');\n\t\t\t\t\tif(htmlDiv) {\n\t\t\t\t\t\thtmlDiv.innerHTML = htmlDiv.innerHTML + htmlDivCss;\n\t\t\t\t\t}\n\t\t\t\t\telse{\n\t\t\t\t\t\tvar htmlDiv = document.createElement('div');\n\t\t\t\t\t\thtmlDiv.innerHTML = '<style>' + htmlDivCss + '<\/style>';\n\t\t\t\t\t\tdocument.getElementsByTagName('head')[0].appendChild(htmlDiv.childNodes[0]);\n\t\t\t\t\t}\n\t\t\t\t\t<\/script>\n\t\t\t\t\t<\/div><!-- END REVOLUTION SLIDER -->[\/vc_column][\/vc_row][vc_row][vc_column][mk_padding_divider size=\u00a0\u00bb50&Prime;][\/vc_column][\/vc_row][vc_row el_class=\u00a0\u00bbhome-intro rij-wit-schaduw nietbedekken\u00a0\u00bb][vc_column][mk_padding_divider size=\u00a0\u00bb18&Prime;][vc_column_text css=\u00a0\u00bb.vc_custom_1632217684388{margin-bottom: 0px !important;}\u00a0\u00bb]\n<h1 style=\"text-align: left;\">Press Release: Shaping the Future<\/h1>\n[\/vc_column_text][vc_column_text css=\u00a0\u00bb.vc_custom_1632380302059{margin-bottom: 0px !important;}\u00a0\u00bb]Aujourd&rsquo;hui, sous l&rsquo;\u0153il attentif du maire Van Kessel, de la commissaire de la Reine Mme Adema et du commissaire M. Satijn, nous avons coul\u00e9 le premier zinc d&rsquo;une pi\u00e8ce comm\u00e9morative sp\u00e9ciale. Cette pi\u00e8ce comm\u00e9morative est la derni\u00e8re \u00e9tape de la construction de notre nouvelle usine et marque \u00e9galement le d\u00e9but d&rsquo;une nouvelle \u00e8re pour NedZink. Une \u00e8re qui prendra forme dans le cadre d&rsquo;une nouvelle strat\u00e9gie et de son slogan \u00ab\u00a0Shaping the Future\u00a0\u00bb.<\/p>\n<p><a href=\"https:\/\/www.nedzink.com\/wp-content\/uploads\/2021\/09\/nedzink-pers-1-cropped.jpg\"><img loading=\"lazy\" decoding=\"async\" class=\"alignleft wp-image-84690\" src=\"https:\/\/www.nedzink.com\/wp-content\/uploads\/2021\/09\/nedzink-pers-1-cropped-300x149.jpg\" alt=\"\" width=\"350\" height=\"174\" srcset=\"https:\/\/www.nedzink.com\/wp-content\/uploads\/2021\/09\/nedzink-pers-1-cropped-300x149.jpg 300w, https:\/\/www.nedzink.com\/wp-content\/uploads\/2021\/09\/nedzink-pers-1-cropped-175x87.jpg 175w, https:\/\/www.nedzink.com\/wp-content\/uploads\/2021\/09\/nedzink-pers-1-cropped-56x28.jpg 56w, https:\/\/www.nedzink.com\/wp-content\/uploads\/2021\/09\/nedzink-pers-1-cropped-212x106.jpg 212w, https:\/\/www.nedzink.com\/wp-content\/uploads\/2021\/09\/nedzink-pers-1-cropped.jpg 500w\" sizes=\"auto, (max-width: 350px) 100vw, 350px\" \/><\/a><a href=\"https:\/\/www.nedzink.com\/wp-content\/uploads\/2021\/09\/nedzink-pers-2-cropped.jpg\"><img loading=\"lazy\" decoding=\"async\" class=\"alignleft wp-image-84704\" src=\"https:\/\/www.nedzink.com\/wp-content\/uploads\/2021\/09\/nedzink-pers-2-cropped-300x149.jpg\" alt=\"\" width=\"350\" height=\"174\" srcset=\"https:\/\/www.nedzink.com\/wp-content\/uploads\/2021\/09\/nedzink-pers-2-cropped-300x149.jpg 300w, https:\/\/www.nedzink.com\/wp-content\/uploads\/2021\/09\/nedzink-pers-2-cropped-175x87.jpg 175w, https:\/\/www.nedzink.com\/wp-content\/uploads\/2021\/09\/nedzink-pers-2-cropped-56x28.jpg 56w, https:\/\/www.nedzink.com\/wp-content\/uploads\/2021\/09\/nedzink-pers-2-cropped-212x106.jpg 212w, https:\/\/www.nedzink.com\/wp-content\/uploads\/2021\/09\/nedzink-pers-2-cropped.jpg 500w\" sizes=\"auto, (max-width: 350px) 100vw, 350px\" \/><\/a><a href=\"https:\/\/www.nedzink.com\/wp-content\/uploads\/2021\/09\/nedzink-pers-3-cropped.jpg\"><img loading=\"lazy\" decoding=\"async\" class=\"alignleft wp-image-84716\" src=\"https:\/\/www.nedzink.com\/wp-content\/uploads\/2021\/09\/nedzink-pers-3-cropped-300x149.jpg\" alt=\"\" width=\"350\" height=\"174\" srcset=\"https:\/\/www.nedzink.com\/wp-content\/uploads\/2021\/09\/nedzink-pers-3-cropped-300x149.jpg 300w, https:\/\/www.nedzink.com\/wp-content\/uploads\/2021\/09\/nedzink-pers-3-cropped-175x87.jpg 175w, https:\/\/www.nedzink.com\/wp-content\/uploads\/2021\/09\/nedzink-pers-3-cropped-56x28.jpg 56w, https:\/\/www.nedzink.com\/wp-content\/uploads\/2021\/09\/nedzink-pers-3-cropped-212x106.jpg 212w, https:\/\/www.nedzink.com\/wp-content\/uploads\/2021\/09\/nedzink-pers-3-cropped.jpg 500w\" sizes=\"auto, (max-width: 350px) 100vw, 350px\" \/><\/a><\/p>\n<p>&nbsp;<\/p>\n<p>&nbsp;<\/p>\n<p>&nbsp;<\/p>\n<p>&nbsp;<\/p>\n<p>&nbsp;<\/p>\n<p><em><br \/>\nPhoto 1 de gauche \u00e0 droite : Commissaire M. Satijn, CEO NedZink M. Derks, Commissaire du Roi Mme Adema, Maire M. Van Kessel.<br \/>\nPhoto 2 de gauche \u00e0 droite : Maire M. Van Kessel, Commissaire M. Satijn, CEO NedZink M. Derks, Commissaire du Roi Mme Adema.<br \/>\nPhoto 3 de gauche \u00e0 droite : CEO NedZink M. Derks, Maire M. Van Kessel, ma\u00eetre du zinc M. Slenders.<br \/>\n<\/em>[\/vc_column_text][\/vc_column][\/vc_row][vc_row el_class=\u00a0\u00bbhome-intro rij-wit-schaduw nietbedekken\u00a0\u00bb][vc_column][mk_padding_divider size=\u00a0\u00bb18&Prime;][vc_column_text css=\u00a0\u00bb.vc_custom_1632235072724{margin-bottom: 0px !important;}\u00a0\u00bb]<strong>Entreprises durables et responsables<\/strong><br \/>\nAvec l&rsquo;ouverture de notre nouvelle usine durable, nous montrons que notre position de leader du march\u00e9 aux Pays-Bas implique \u00e9galement une responsabilit\u00e9 sociale. La responsabilit\u00e9 de g\u00e9rer durablement les ressources naturelles. R\u00e9duire les \u00e9missions et organiser la production de zinc de la mani\u00e8re la plus \u00e9conomique possible. Le projet Olympus, dont la r\u00e9alisation a pris plus de trois ans, est \u00e9galement une r\u00e9f\u00e9rence \u00e0 l&rsquo;excellente coop\u00e9ration technique avec notre actionnaire grec ElvalHalcor. Avec cette nouvelle usine, notre production va augmenter de mani\u00e8re significative et nous pourrons \u00e9tendre notre position actuelle dans le monde.[\/vc_column_text][\/vc_column][vc_column width=\u00a0\u00bb1\/4&Prime;][mk_padding_divider size=\u00a0\u00bb18&Prime;][vc_video link=\u00a0\u00bbhttps:\/\/youtu.be\/kLp4g8cGGWc\u00a0\u00bb][mk_padding_divider size=\u00a0\u00bb18&Prime;][\/vc_column][\/vc_row][vc_row el_class=\u00a0\u00bbhome-intro rij-wit-schaduw nietbedekken\u00a0\u00bb][vc_column][mk_padding_divider size=\u00a0\u00bb18&Prime;][vc_column_text css=\u00a0\u00bb.vc_custom_1632235090055{margin-bottom: 0px !important;}\u00a0\u00bb]<strong>L&rsquo;avenir est \u00e0 la beaut\u00e9 durable<\/strong><br \/>\nLe zinc est un produit naturel. Le zinc est \u00e9galement plus que le zinc que nous connaissons gr\u00e2ce aux goutti\u00e8res et aux tuyaux de descente. Le portefeuille de produits d&rsquo;aujourd&rsquo;hui est plus riche que la couleur traditionnelle du zinc que nous connaissons. Le zinc pr\u00e9patin\u00e9, en particulier, permet d&rsquo;obtenir des produits architecturaux de haute qualit\u00e9 qui sont non seulement durables mais aussi agr\u00e9ables \u00e0 l&rsquo;\u0153il. Nous continuons \u00e0 d\u00e9velopper notre portefeuille et, en collaboration avec nos clients et nos architectes, nous continuerons \u00e0 surveiller et, si possible, \u00e0 r\u00e9pondre \u00e0 l&rsquo;\u00e9volution de la demande. Dans notre domaine, nous devrons toujours chercher \u00e0 nous d\u00e9marquer des autres sur un march\u00e9 o\u00f9 les mat\u00e9riaux de construction alternatifs tentent de s&rsquo;imposer.[\/vc_column_text][\/vc_column][vc_column width=\u00a0\u00bb1\/4&Prime;][mk_padding_divider size=\u00a0\u00bb18&Prime;][vc_video link=\u00a0\u00bbhttps:\/\/youtu.be\/168m9gBzRmA\u00a0\u00bb][mk_padding_divider size=\u00a0\u00bb18&Prime;][\/vc_column][\/vc_row][vc_row el_class=\u00a0\u00bbhome-intro rij-wit-schaduw nietbedekken\u00a0\u00bb][vc_column][mk_padding_divider size=\u00a0\u00bb18&Prime;][vc_column_text css=\u00a0\u00bb.vc_custom_1632235109921{margin-bottom: 0px !important;}\u00a0\u00bb]<strong>Les g\u00e9n\u00e9rations suivantes \u00e0 Budel<br \/>\n<\/strong>Depuis plus de 125 ans, nous faisons appel \u00e0 des artisans de la r\u00e9gion, mais aussi d&rsquo;ailleurs. Nos beaux produits sont fabriqu\u00e9s par nos employ\u00e9s qualifi\u00e9s qui accordent une grande importance \u00e0 la qualit\u00e9. Gr\u00e2ce \u00e0 nos programmes internes, nous nous concentrons sur le d\u00e9veloppement de notre personnel et continuons \u00e0 investir dans la formation, la s\u00e9curit\u00e9 et la croissance. Sans ces professionnels, il n&rsquo;y aurait pas de NedZink. Nous en sommes conscients, nous le ch\u00e9rissons et nous le propageons.<br \/>\nNous sommes NedZink.[\/vc_column_text][\/vc_column][vc_column width=\u00a0\u00bb1\/4&Prime;][mk_padding_divider size=\u00a0\u00bb18&Prime;][mk_image src=\u00a0\u00bbhttps:\/\/www.nedzink.com\/wp-content\/uploads\/2021\/09\/personeel.jpg\u00a0\u00bb image_size=\u00a0\u00bbfull\u00a0\u00bb][mk_padding_divider size=\u00a0\u00bb18&Prime;][\/vc_column][\/vc_row][vc_row el_class=\u00a0\u00bbhome-intro rij-wit-schaduw nietbedekken\u00a0\u00bb][vc_column][mk_padding_divider size=\u00a0\u00bb18&Prime;][vc_column_text css=\u00a0\u00bb.vc_custom_1632235128409{margin-bottom: 0px !important;}\u00a0\u00bb]Ensemble, nous construisons un avenir sain, durable et beau.<\/p>\n<p><strong>Ensemble, nous fa\u00e7onnons l&rsquo;avenir.<\/strong><\/p>\n<p>Gijs Derks<br \/>\nCEO[\/vc_column_text][\/vc_column][\/vc_row][vc_row][vc_column][mk_padding_divider size=\u00a0\u00bb50&Prime;][\/vc_column][\/vc_row]\n","protected":false},"excerpt":{"rendered":"<p>[vc_row fullwidth=\u00a0\u00bbtrue\u00a0\u00bb visibility=\u00a0\u00bbhidden-sm\u00a0\u00bb el_class=\u00a0\u00bbnietbedekken\u00a0\u00bb][vc_column][\/vc_column][\/vc_row][vc_row][vc_column][mk_padding_divider size=\u00a0\u00bb50&Prime;][\/vc_column][\/vc_row][vc_row el_class=\u00a0\u00bbhome-intro rij-wit-schaduw nietbedekken\u00a0\u00bb][vc_column][mk_padding_divider size=\u00a0\u00bb18&Prime;][vc_column_text css=\u00a0\u00bb.vc_custom_1632217684388{margin-bottom: 0px !important;}\u00a0\u00bb] Press Release: Shaping the Future [\/vc_column_text][vc_column_text css=\u00a0\u00bb.vc_custom_1632380302059{margin-bottom: 0px !important;}\u00a0\u00bb]Aujourd&rsquo;hui, sous l&rsquo;\u0153il attentif du maire Van Kessel, de la commissaire de la Reine Mme Adema et du commissaire M. Satijn, nous avons coul\u00e9 le premier zinc d&rsquo;une pi\u00e8ce comm\u00e9morative sp\u00e9ciale. Cette pi\u00e8ce comm\u00e9morative est [&hellip;]<\/p>\n","protected":false},"author":4,"featured_media":0,"parent":0,"menu_order":0,"comment_status":"closed","ping_status":"closed","template":"","meta":{"_acf_changed":false,"footnotes":""},"class_list":["post-84103","page","type-page","status-publish","hentry"],"acf":[],"yoast_head":"<!-- This site is optimized with the Yoast SEO plugin v26.8 - https:\/\/yoast.com\/product\/yoast-seo-wordpress\/ -->\n<title>NedZink is Shaping the Future &#8211; NedZink<\/title>\n<meta name=\"robots\" content=\"index, follow, max-snippet:-1, max-image-preview:large, max-video-preview:-1\" \/>\n<link rel=\"canonical\" href=\"https:\/\/www.nedzink.com\/fr-be\/nedzink-is-shaping-the-future\/\" \/>\n<meta property=\"og:locale\" content=\"fr_FR\" \/>\n<meta property=\"og:type\" content=\"article\" \/>\n<meta property=\"og:title\" content=\"NedZink is Shaping the Future &#8211; NedZink\" \/>\n<meta property=\"og:description\" content=\"[vc_row fullwidth=\u00a0\u00bbtrue\u00a0\u00bb visibility=\u00a0\u00bbhidden-sm\u00a0\u00bb el_class=\u00a0\u00bbnietbedekken\u00a0\u00bb][vc_column][\/vc_column][\/vc_row][vc_row][vc_column][mk_padding_divider size=\u00a0\u00bb50&Prime;][\/vc_column][\/vc_row][vc_row el_class=\u00a0\u00bbhome-intro rij-wit-schaduw nietbedekken\u00a0\u00bb][vc_column][mk_padding_divider size=\u00a0\u00bb18&Prime;][vc_column_text css=\u00a0\u00bb.vc_custom_1632217684388{margin-bottom: 0px !important;}\u00a0\u00bb] Press Release: Shaping the Future [\/vc_column_text][vc_column_text css=\u00a0\u00bb.vc_custom_1632380302059{margin-bottom: 0px !important;}\u00a0\u00bb]Aujourd&rsquo;hui, sous l&rsquo;\u0153il attentif du maire Van Kessel, de la commissaire de la Reine Mme Adema et du commissaire M. Satijn, nous avons coul\u00e9 le premier zinc d&rsquo;une pi\u00e8ce comm\u00e9morative sp\u00e9ciale. Cette pi\u00e8ce comm\u00e9morative est [&hellip;]\" \/>\n<meta property=\"og:url\" content=\"https:\/\/www.nedzink.com\/fr-be\/nedzink-is-shaping-the-future\/\" \/>\n<meta property=\"og:site_name\" content=\"NedZink\" \/>\n<meta property=\"article:modified_time\" content=\"2021-09-23T06:58:31+00:00\" \/>\n<meta property=\"og:image\" content=\"https:\/\/www.nedzink.com\/wp-content\/uploads\/2021\/09\/nedzink-pers-1-cropped-300x149.jpg\" \/>\n<meta name=\"twitter:card\" content=\"summary_large_image\" \/>\n<meta name=\"twitter:label1\" content=\"Dur\u00e9e de lecture est.\" \/>\n\t<meta name=\"twitter:data1\" content=\"3 minutes\" \/>\n<script type=\"application\/ld+json\" class=\"yoast-schema-graph\">{\"@context\":\"https:\/\/schema.org\",\"@graph\":[{\"@type\":\"WebPage\",\"@id\":\"https:\/\/www.nedzink.com\/fr-be\/nedzink-is-shaping-the-future\/\",\"url\":\"https:\/\/www.nedzink.com\/fr-be\/nedzink-is-shaping-the-future\/\",\"name\":\"NedZink is Shaping the Future &#8211; NedZink\",\"isPartOf\":{\"@id\":\"https:\/\/www.nedzink.com\/fr-be\/#website\"},\"primaryImageOfPage\":{\"@id\":\"https:\/\/www.nedzink.com\/fr-be\/nedzink-is-shaping-the-future\/#primaryimage\"},\"image\":{\"@id\":\"https:\/\/www.nedzink.com\/fr-be\/nedzink-is-shaping-the-future\/#primaryimage\"},\"thumbnailUrl\":\"https:\/\/www.nedzink.com\/wp-content\/uploads\/2021\/09\/nedzink-pers-1-cropped-300x149.jpg\",\"datePublished\":\"2021-09-23T06:07:13+00:00\",\"dateModified\":\"2021-09-23T06:58:31+00:00\",\"breadcrumb\":{\"@id\":\"https:\/\/www.nedzink.com\/fr-be\/nedzink-is-shaping-the-future\/#breadcrumb\"},\"inLanguage\":\"fr-BE\",\"potentialAction\":[{\"@type\":\"ReadAction\",\"target\":[\"https:\/\/www.nedzink.com\/fr-be\/nedzink-is-shaping-the-future\/\"]}]},{\"@type\":\"ImageObject\",\"inLanguage\":\"fr-BE\",\"@id\":\"https:\/\/www.nedzink.com\/fr-be\/nedzink-is-shaping-the-future\/#primaryimage\",\"url\":\"https:\/\/www.nedzink.com\/wp-content\/uploads\/2021\/09\/nedzink-pers-1-cropped-300x149.jpg\",\"contentUrl\":\"https:\/\/www.nedzink.com\/wp-content\/uploads\/2021\/09\/nedzink-pers-1-cropped-300x149.jpg\"},{\"@type\":\"BreadcrumbList\",\"@id\":\"https:\/\/www.nedzink.com\/fr-be\/nedzink-is-shaping-the-future\/#breadcrumb\",\"itemListElement\":[{\"@type\":\"ListItem\",\"position\":1,\"name\":\"Home\",\"item\":\"https:\/\/www.nedzink.com\/fr-be\/\"},{\"@type\":\"ListItem\",\"position\":2,\"name\":\"NedZink is Shaping the Future\"}]},{\"@type\":\"WebSite\",\"@id\":\"https:\/\/www.nedzink.com\/fr-be\/#website\",\"url\":\"https:\/\/www.nedzink.com\/fr-be\/\",\"name\":\"NedZink\",\"description\":\"Zink fabrikant\",\"publisher\":{\"@id\":\"https:\/\/www.nedzink.com\/fr-be\/#organization\"},\"potentialAction\":[{\"@type\":\"SearchAction\",\"target\":{\"@type\":\"EntryPoint\",\"urlTemplate\":\"https:\/\/www.nedzink.com\/fr-be\/?s={search_term_string}\"},\"query-input\":{\"@type\":\"PropertyValueSpecification\",\"valueRequired\":true,\"valueName\":\"search_term_string\"}}],\"inLanguage\":\"fr-BE\"},{\"@type\":\"Organization\",\"@id\":\"https:\/\/www.nedzink.com\/fr-be\/#organization\",\"name\":\"NedZink\",\"url\":\"https:\/\/www.nedzink.com\/fr-be\/\",\"logo\":{\"@type\":\"ImageObject\",\"inLanguage\":\"fr-BE\",\"@id\":\"https:\/\/www.nedzink.com\/fr-be\/#\/schema\/logo\/image\/\",\"url\":\"https:\/\/www.nedzink.com\/wp-content\/uploads\/2019\/08\/logo-nedzink_fc_zk.jpg\",\"contentUrl\":\"https:\/\/www.nedzink.com\/wp-content\/uploads\/2019\/08\/logo-nedzink_fc_zk.jpg\",\"width\":2160,\"height\":688,\"caption\":\"NedZink\"},\"image\":{\"@id\":\"https:\/\/www.nedzink.com\/fr-be\/#\/schema\/logo\/image\/\"}}]}<\/script>\n<!-- \/ Yoast SEO plugin. -->","yoast_head_json":{"title":"NedZink is Shaping the Future &#8211; NedZink","robots":{"index":"index","follow":"follow","max-snippet":"max-snippet:-1","max-image-preview":"max-image-preview:large","max-video-preview":"max-video-preview:-1"},"canonical":"https:\/\/www.nedzink.com\/fr-be\/nedzink-is-shaping-the-future\/","og_locale":"fr_FR","og_type":"article","og_title":"NedZink is Shaping the Future &#8211; NedZink","og_description":"[vc_row fullwidth=\u00a0\u00bbtrue\u00a0\u00bb visibility=\u00a0\u00bbhidden-sm\u00a0\u00bb el_class=\u00a0\u00bbnietbedekken\u00a0\u00bb][vc_column][\/vc_column][\/vc_row][vc_row][vc_column][mk_padding_divider size=\u00a0\u00bb50&Prime;][\/vc_column][\/vc_row][vc_row el_class=\u00a0\u00bbhome-intro rij-wit-schaduw nietbedekken\u00a0\u00bb][vc_column][mk_padding_divider size=\u00a0\u00bb18&Prime;][vc_column_text css=\u00a0\u00bb.vc_custom_1632217684388{margin-bottom: 0px !important;}\u00a0\u00bb] Press Release: Shaping the Future [\/vc_column_text][vc_column_text css=\u00a0\u00bb.vc_custom_1632380302059{margin-bottom: 0px !important;}\u00a0\u00bb]Aujourd&rsquo;hui, sous l&rsquo;\u0153il attentif du maire Van Kessel, de la commissaire de la Reine Mme Adema et du commissaire M. Satijn, nous avons coul\u00e9 le premier zinc d&rsquo;une pi\u00e8ce comm\u00e9morative sp\u00e9ciale. Cette pi\u00e8ce comm\u00e9morative est [&hellip;]","og_url":"https:\/\/www.nedzink.com\/fr-be\/nedzink-is-shaping-the-future\/","og_site_name":"NedZink","article_modified_time":"2021-09-23T06:58:31+00:00","og_image":[{"url":"https:\/\/www.nedzink.com\/wp-content\/uploads\/2021\/09\/nedzink-pers-1-cropped-300x149.jpg","type":"","width":"","height":""}],"twitter_card":"summary_large_image","twitter_misc":{"Dur\u00e9e de lecture est.":"3 minutes"},"schema":{"@context":"https:\/\/schema.org","@graph":[{"@type":"WebPage","@id":"https:\/\/www.nedzink.com\/fr-be\/nedzink-is-shaping-the-future\/","url":"https:\/\/www.nedzink.com\/fr-be\/nedzink-is-shaping-the-future\/","name":"NedZink is Shaping the Future &#8211; NedZink","isPartOf":{"@id":"https:\/\/www.nedzink.com\/fr-be\/#website"},"primaryImageOfPage":{"@id":"https:\/\/www.nedzink.com\/fr-be\/nedzink-is-shaping-the-future\/#primaryimage"},"image":{"@id":"https:\/\/www.nedzink.com\/fr-be\/nedzink-is-shaping-the-future\/#primaryimage"},"thumbnailUrl":"https:\/\/www.nedzink.com\/wp-content\/uploads\/2021\/09\/nedzink-pers-1-cropped-300x149.jpg","datePublished":"2021-09-23T06:07:13+00:00","dateModified":"2021-09-23T06:58:31+00:00","breadcrumb":{"@id":"https:\/\/www.nedzink.com\/fr-be\/nedzink-is-shaping-the-future\/#breadcrumb"},"inLanguage":"fr-BE","potentialAction":[{"@type":"ReadAction","target":["https:\/\/www.nedzink.com\/fr-be\/nedzink-is-shaping-the-future\/"]}]},{"@type":"ImageObject","inLanguage":"fr-BE","@id":"https:\/\/www.nedzink.com\/fr-be\/nedzink-is-shaping-the-future\/#primaryimage","url":"https:\/\/www.nedzink.com\/wp-content\/uploads\/2021\/09\/nedzink-pers-1-cropped-300x149.jpg","contentUrl":"https:\/\/www.nedzink.com\/wp-content\/uploads\/2021\/09\/nedzink-pers-1-cropped-300x149.jpg"},{"@type":"BreadcrumbList","@id":"https:\/\/www.nedzink.com\/fr-be\/nedzink-is-shaping-the-future\/#breadcrumb","itemListElement":[{"@type":"ListItem","position":1,"name":"Home","item":"https:\/\/www.nedzink.com\/fr-be\/"},{"@type":"ListItem","position":2,"name":"NedZink is Shaping the Future"}]},{"@type":"WebSite","@id":"https:\/\/www.nedzink.com\/fr-be\/#website","url":"https:\/\/www.nedzink.com\/fr-be\/","name":"NedZink","description":"Zink fabrikant","publisher":{"@id":"https:\/\/www.nedzink.com\/fr-be\/#organization"},"potentialAction":[{"@type":"SearchAction","target":{"@type":"EntryPoint","urlTemplate":"https:\/\/www.nedzink.com\/fr-be\/?s={search_term_string}"},"query-input":{"@type":"PropertyValueSpecification","valueRequired":true,"valueName":"search_term_string"}}],"inLanguage":"fr-BE"},{"@type":"Organization","@id":"https:\/\/www.nedzink.com\/fr-be\/#organization","name":"NedZink","url":"https:\/\/www.nedzink.com\/fr-be\/","logo":{"@type":"ImageObject","inLanguage":"fr-BE","@id":"https:\/\/www.nedzink.com\/fr-be\/#\/schema\/logo\/image\/","url":"https:\/\/www.nedzink.com\/wp-content\/uploads\/2019\/08\/logo-nedzink_fc_zk.jpg","contentUrl":"https:\/\/www.nedzink.com\/wp-content\/uploads\/2019\/08\/logo-nedzink_fc_zk.jpg","width":2160,"height":688,"caption":"NedZink"},"image":{"@id":"https:\/\/www.nedzink.com\/fr-be\/#\/schema\/logo\/image\/"}}]}},"_links":{"self":[{"href":"https:\/\/www.nedzink.com\/fr-be\/wp-json\/wp\/v2\/pages\/84103","targetHints":{"allow":["GET"]}}],"collection":[{"href":"https:\/\/www.nedzink.com\/fr-be\/wp-json\/wp\/v2\/pages"}],"about":[{"href":"https:\/\/www.nedzink.com\/fr-be\/wp-json\/wp\/v2\/types\/page"}],"author":[{"embeddable":true,"href":"https:\/\/www.nedzink.com\/fr-be\/wp-json\/wp\/v2\/users\/4"}],"replies":[{"embeddable":true,"href":"https:\/\/www.nedzink.com\/fr-be\/wp-json\/wp\/v2\/comments?post=84103"}],"version-history":[{"count":0,"href":"https:\/\/www.nedzink.com\/fr-be\/wp-json\/wp\/v2\/pages\/84103\/revisions"}],"wp:attachment":[{"href":"https:\/\/www.nedzink.com\/fr-be\/wp-json\/wp\/v2\/media?parent=84103"}],"curies":[{"name":"wp","href":"https:\/\/api.w.org\/{rel}","templated":true}]}}