{"id":49394,"date":"2019-09-04T14:39:59","date_gmt":"2019-09-04T12:39:59","guid":{"rendered":"http:\/\/136.144.181.85\/~nedzink\/?page_id=49394"},"modified":"2020-09-25T14:31:50","modified_gmt":"2020-09-25T12:31:50","slug":"environnement-durabilite","status":"publish","type":"page","link":"https:\/\/www.nedzink.com\/fr-be\/environnement-durabilite\/","title":{"rendered":"Environnement &#038; Durabilit\u00e9"},"content":{"rendered":"[vc_row][vc_column][mk_padding_divider][\/vc_column][\/vc_row][vc_row el_class=\u00a0\u00bbhome-waarom-nedzink rij-wit-schaduw\u00a0\u00bb][vc_column][mk_padding_divider size=\u00a0\u00bb20&Prime;][vc_column_text css=\u00a0\u00bb.vc_custom_1601036971951{margin-bottom: 0px !important;}\u00a0\u00bb]\n<h1>Environnement &amp; Durabilit\u00e9<\/h1>\n[\/vc_column_text][mk_padding_divider size=\u00a0\u00bb20&Prime;][vc_row_inner][vc_column_inner width=\u00a0\u00bb1\/2&Prime;][vc_column_text css=\u00a0\u00bb.vc_custom_1601036957323{margin-bottom: 0px !important;}\u00a0\u00bb]\n<h5>Environnement<\/h5>\n<p>Le zinc est l\u2019un des m\u00e9taux les plus fiables et est utilis\u00e9 depuis des si\u00e8cles dans la construction. Ses applications vont l\u2019\u00e9vacuation des eaux pluviales (goutti\u00e8res, tuyaux et accessoires) aux rev\u00eatement de toitures et de murs. Avec une dur\u00e9e de vie de 75 ans et plus, le zinc n\u2019est pas seulement un choix esth\u00e9tique, mais \u00e9galement un choix durable. Outre une longue dur\u00e9e de vie, plus de 95% sont collect\u00e9s et recycl\u00e9s apr\u00e8s usage. Il r\u00e9pond donc \u00e0 l\u2019\u00e9conomie circulaire. Il y a peu de mat\u00e9riaux de construction dont le bilan environnemental global est aussi positif que pour le zinc.<\/p>\n<p>Le zinc est non seulement appr\u00e9ci\u00e9 en raison de son apparence unique, mais il est \u00e9galement tr\u00e8s fonctionnel : il assure une \u00e9vacuation fiable des eaux de pluie. Les fuites pouvant causer des dommages tr\u00e8s importants, ceci n\u2019est pas sans importance.[\/vc_column_text][mk_padding_divider][\/vc_column_inner][vc_column_inner width=\u00a0\u00bb1\/2&Prime;][vc_single_image image=\u00a0\u00bb22983&Prime; img_size=\u00a0\u00bbfull\u00a0\u00bb][mk_padding_divider][\/vc_column_inner][\/vc_row_inner][\/vc_column][\/vc_row][vc_row][vc_column][mk_padding_divider][\/vc_column][\/vc_row][vc_row el_class=\u00a0\u00bbhome-waarom-nedzink rij-wit-schaduw\u00a0\u00bb][vc_column][mk_padding_divider size=\u00a0\u00bb20&Prime;][\/vc_column][vc_column][vc_column_text css=\u00a0\u00bb.vc_custom_1601036998230{margin-bottom: 0px !important;}\u00a0\u00bb]\n<h5>La durabilit\u00e9<\/h5>\n<p>Le zinc est un \u00e9l\u00e9ment r\u00e9sistant, naturellement pr\u00e9sent dans l\u2019environnement, comme les roches, le sol et l\u2019eau. Il s\u2019int\u00e8gre donc parfaitement dans une soci\u00e9t\u00e9 durable. En outre, le zinc joue \u00e9galement un r\u00f4le tr\u00e8s important dans les processus biologiques de l\u2019homme, des animaux et des plantes.<\/p>\n<p>Fiable, longue dur\u00e9e de vie et recyclable sont trois propri\u00e9t\u00e9s importantes du zinc. En outre, il ne n\u00e9cessite aucun entretien et garantit un drainage sans probl\u00e8mes de l\u2019eau de pluie.[\/vc_column_text][\/vc_column][\/vc_row][vc_row][vc_column][mk_padding_divider][\/vc_column][\/vc_row][vc_row el_class=\u00a0\u00bbhome-waarom-nedzink rij-wit-schaduw\u00a0\u00bb][vc_column width=\u00a0\u00bb2\/3&Prime;][mk_padding_divider size=\u00a0\u00bb20&Prime;][vc_column_text css=\u00a0\u00bb.vc_custom_1601037019204{margin-bottom: 0px !important;}\u00a0\u00bb]\n<h5>Infographic: Les 7 advantages de NedZink<\/h5>\n<p>Lorsque vous recouvrez un toit ou une fa\u00e7ade, vous voulez vous assurer que le mat\u00e9riau utilis\u00e9 est durable, a une belle apparence et, surtout, dure longtemps et ne n\u00e9cessite aucun entretien.<br \/>\nLe zinc poss\u00e8de tous ces avantages. Si vous comparez le produit naturel avec d\u2019autres m\u00e9taux, vous obtenez m\u00eame sept avantages.<br \/>\nNous avons mis en \u00e9vidence tous ces avantages dans une infographie avec le titre \u201cLes sept avantages de NedZink\u201d[\/vc_column_text][\/vc_column][vc_column width=\u00a0\u00bb1\/3&Prime;][mk_padding_divider size=\u00a0\u00bb20&Prime;][mk_image src=\u00a0\u00bbhttps:\/\/www.nedzink.com\/wp-content\/uploads\/2020\/09\/28507-nz-infographic-zeven-zink-zekerheden-fr.jpg\u00a0\u00bb image_size=\u00a0\u00bbfull\u00a0\u00bb link=\u00a0\u00bbhttps:\/\/www.nedzink.com\/wp-content\/uploads\/2020\/05\/28507-nz-infographic-zeven-zink-zekerheden-fr-1.pdf\u00a0\u00bb target=\u00a0\u00bb_blank\u00a0\u00bb][\/vc_column][\/vc_row][vc_row][vc_column][mk_padding_divider][\/vc_column][\/vc_row][vc_row el_class=\u00a0\u00bbhome-waarom-nedzink rij-wit-schaduw\u00a0\u00bb][vc_column width=\u00a0\u00bb2\/3&Prime;][mk_padding_divider size=\u00a0\u00bb20&Prime;][vc_column_text css=\u00a0\u00bb.vc_custom_1601037041031{margin-bottom: 0px !important;}\u00a0\u00bb]\n<h5>Infographic: Construire durablement avec NedZink<\/h5>\n<p>Du point de vue de la durabilit\u00e9, NedZink est un choix excellent et responsable. Nous avons rassembl\u00e9 les arguments scientifiquement justifi\u00e9s qui le d\u00e9montrent dans l\u2019infographie ci-dessous \u00abConstruire durablement avec NedZink\u00bb.[\/vc_column_text][\/vc_column][vc_column width=\u00a0\u00bb1\/3&Prime;][mk_padding_divider size=\u00a0\u00bb20&Prime;][mk_image src=\u00a0\u00bbhttps:\/\/www.nedzink.com\/wp-content\/uploads\/2020\/06\/infographic_duurzaamheid_fr_1024x736.jpg\u00a0\u00bb image_size=\u00a0\u00bbfull\u00a0\u00bb link=\u00a0\u00bbhttps:\/\/www.nedzink.com\/wp-content\/uploads\/2020\/05\/29265-nz-infographic-duurzaamheid-fr.pdf\u00a0\u00bb target=\u00a0\u00bb_blank\u00a0\u00bb][\/vc_column][\/vc_row][vc_row][vc_column][mk_padding_divider][\/vc_column][\/vc_row]\n","protected":false},"excerpt":{"rendered":"<p>[vc_row][vc_column][mk_padding_divider][\/vc_column][\/vc_row][vc_row el_class=\u00a0\u00bbhome-waarom-nedzink rij-wit-schaduw\u00a0\u00bb][vc_column][mk_padding_divider size=\u00a0\u00bb20&Prime;][vc_column_text css=\u00a0\u00bb.vc_custom_1601036971951{margin-bottom: 0px !important;}\u00a0\u00bb] Environnement &amp; Durabilit\u00e9 [\/vc_column_text][mk_padding_divider size=\u00a0\u00bb20&Prime;][vc_row_inner][vc_column_inner width=\u00a0\u00bb1\/2&Prime;][vc_column_text css=\u00a0\u00bb.vc_custom_1601036957323{margin-bottom: 0px !important;}\u00a0\u00bb] Environnement Le zinc est l\u2019un des m\u00e9taux les plus fiables et est utilis\u00e9 depuis des si\u00e8cles dans la construction. Ses applications vont l\u2019\u00e9vacuation des eaux pluviales (goutti\u00e8res, tuyaux et accessoires) aux rev\u00eatement de toitures et de murs. Avec une [&hellip;]<\/p>\n","protected":false},"author":4,"featured_media":0,"parent":0,"menu_order":0,"comment_status":"closed","ping_status":"closed","template":"","meta":{"_acf_changed":false,"footnotes":""},"class_list":["post-49394","page","type-page","status-publish","hentry"],"acf":[],"yoast_head":"<!-- This site is optimized with the Yoast SEO plugin v26.8 - https:\/\/yoast.com\/product\/yoast-seo-wordpress\/ -->\n<title>Environnement &amp; Durabilit\u00e9 \u2013 NedZink<\/title>\n<meta name=\"robots\" content=\"index, follow, max-snippet:-1, max-image-preview:large, max-video-preview:-1\" \/>\n<link rel=\"canonical\" href=\"https:\/\/www.nedzink.com\/fr-be\/environnement-durabilite\/\" \/>\n<meta property=\"og:locale\" content=\"fr_FR\" \/>\n<meta property=\"og:type\" content=\"article\" \/>\n<meta property=\"og:title\" content=\"Environnement &amp; Durabilit\u00e9 \u2013 NedZink\" \/>\n<meta property=\"og:description\" content=\"[vc_row][vc_column][mk_padding_divider][\/vc_column][\/vc_row][vc_row el_class=\u00a0\u00bbhome-waarom-nedzink rij-wit-schaduw\u00a0\u00bb][vc_column][mk_padding_divider size=\u00a0\u00bb20&Prime;][vc_column_text css=\u00a0\u00bb.vc_custom_1601036971951{margin-bottom: 0px !important;}\u00a0\u00bb] Environnement &amp; Durabilit\u00e9 [\/vc_column_text][mk_padding_divider size=\u00a0\u00bb20&Prime;][vc_row_inner][vc_column_inner width=\u00a0\u00bb1\/2&Prime;][vc_column_text css=\u00a0\u00bb.vc_custom_1601036957323{margin-bottom: 0px !important;}\u00a0\u00bb] Environnement Le zinc est l\u2019un des m\u00e9taux les plus fiables et est utilis\u00e9 depuis des si\u00e8cles dans la construction. Ses applications vont l\u2019\u00e9vacuation des eaux pluviales (goutti\u00e8res, tuyaux et accessoires) aux rev\u00eatement de toitures et de murs. Avec une [&hellip;]\" \/>\n<meta property=\"og:url\" content=\"https:\/\/www.nedzink.com\/fr-be\/environnement-durabilite\/\" \/>\n<meta property=\"og:site_name\" content=\"NedZink\" \/>\n<meta property=\"article:modified_time\" content=\"2020-09-25T12:31:50+00:00\" \/>\n<meta name=\"twitter:card\" content=\"summary_large_image\" \/>\n<meta name=\"twitter:label1\" content=\"Dur\u00e9e de lecture est.\" \/>\n\t<meta name=\"twitter:data1\" content=\"3 minutes\" \/>\n<script type=\"application\/ld+json\" class=\"yoast-schema-graph\">{\"@context\":\"https:\/\/schema.org\",\"@graph\":[{\"@type\":\"WebPage\",\"@id\":\"https:\/\/www.nedzink.com\/fr-be\/environnement-durabilite\/\",\"url\":\"https:\/\/www.nedzink.com\/fr-be\/environnement-durabilite\/\",\"name\":\"Environnement & Durabilit\u00e9 \u2013 NedZink\",\"isPartOf\":{\"@id\":\"https:\/\/www.nedzink.com\/fr-be\/#website\"},\"datePublished\":\"2019-09-04T12:39:59+00:00\",\"dateModified\":\"2020-09-25T12:31:50+00:00\",\"breadcrumb\":{\"@id\":\"https:\/\/www.nedzink.com\/fr-be\/environnement-durabilite\/#breadcrumb\"},\"inLanguage\":\"fr-BE\",\"potentialAction\":[{\"@type\":\"ReadAction\",\"target\":[\"https:\/\/www.nedzink.com\/fr-be\/environnement-durabilite\/\"]}]},{\"@type\":\"BreadcrumbList\",\"@id\":\"https:\/\/www.nedzink.com\/fr-be\/environnement-durabilite\/#breadcrumb\",\"itemListElement\":[{\"@type\":\"ListItem\",\"position\":1,\"name\":\"Home\",\"item\":\"https:\/\/www.nedzink.com\/fr-be\/\"},{\"@type\":\"ListItem\",\"position\":2,\"name\":\"Environnement &#038; Durabilit\u00e9\"}]},{\"@type\":\"WebSite\",\"@id\":\"https:\/\/www.nedzink.com\/fr-be\/#website\",\"url\":\"https:\/\/www.nedzink.com\/fr-be\/\",\"name\":\"NedZink\",\"description\":\"Zink fabrikant\",\"publisher\":{\"@id\":\"https:\/\/www.nedzink.com\/fr-be\/#organization\"},\"potentialAction\":[{\"@type\":\"SearchAction\",\"target\":{\"@type\":\"EntryPoint\",\"urlTemplate\":\"https:\/\/www.nedzink.com\/fr-be\/?s={search_term_string}\"},\"query-input\":{\"@type\":\"PropertyValueSpecification\",\"valueRequired\":true,\"valueName\":\"search_term_string\"}}],\"inLanguage\":\"fr-BE\"},{\"@type\":\"Organization\",\"@id\":\"https:\/\/www.nedzink.com\/fr-be\/#organization\",\"name\":\"NedZink\",\"url\":\"https:\/\/www.nedzink.com\/fr-be\/\",\"logo\":{\"@type\":\"ImageObject\",\"inLanguage\":\"fr-BE\",\"@id\":\"https:\/\/www.nedzink.com\/fr-be\/#\/schema\/logo\/image\/\",\"url\":\"https:\/\/www.nedzink.com\/wp-content\/uploads\/2019\/08\/logo-nedzink_fc_zk.jpg\",\"contentUrl\":\"https:\/\/www.nedzink.com\/wp-content\/uploads\/2019\/08\/logo-nedzink_fc_zk.jpg\",\"width\":2160,\"height\":688,\"caption\":\"NedZink\"},\"image\":{\"@id\":\"https:\/\/www.nedzink.com\/fr-be\/#\/schema\/logo\/image\/\"}}]}<\/script>\n<!-- \/ Yoast SEO plugin. -->","yoast_head_json":{"title":"Environnement & Durabilit\u00e9 \u2013 NedZink","robots":{"index":"index","follow":"follow","max-snippet":"max-snippet:-1","max-image-preview":"max-image-preview:large","max-video-preview":"max-video-preview:-1"},"canonical":"https:\/\/www.nedzink.com\/fr-be\/environnement-durabilite\/","og_locale":"fr_FR","og_type":"article","og_title":"Environnement & Durabilit\u00e9 \u2013 NedZink","og_description":"[vc_row][vc_column][mk_padding_divider][\/vc_column][\/vc_row][vc_row el_class=\u00a0\u00bbhome-waarom-nedzink rij-wit-schaduw\u00a0\u00bb][vc_column][mk_padding_divider size=\u00a0\u00bb20&Prime;][vc_column_text css=\u00a0\u00bb.vc_custom_1601036971951{margin-bottom: 0px !important;}\u00a0\u00bb] Environnement &amp; Durabilit\u00e9 [\/vc_column_text][mk_padding_divider size=\u00a0\u00bb20&Prime;][vc_row_inner][vc_column_inner width=\u00a0\u00bb1\/2&Prime;][vc_column_text css=\u00a0\u00bb.vc_custom_1601036957323{margin-bottom: 0px !important;}\u00a0\u00bb] Environnement Le zinc est l\u2019un des m\u00e9taux les plus fiables et est utilis\u00e9 depuis des si\u00e8cles dans la construction. Ses applications vont l\u2019\u00e9vacuation des eaux pluviales (goutti\u00e8res, tuyaux et accessoires) aux rev\u00eatement de toitures et de murs. Avec une [&hellip;]","og_url":"https:\/\/www.nedzink.com\/fr-be\/environnement-durabilite\/","og_site_name":"NedZink","article_modified_time":"2020-09-25T12:31:50+00:00","twitter_card":"summary_large_image","twitter_misc":{"Dur\u00e9e de lecture est.":"3 minutes"},"schema":{"@context":"https:\/\/schema.org","@graph":[{"@type":"WebPage","@id":"https:\/\/www.nedzink.com\/fr-be\/environnement-durabilite\/","url":"https:\/\/www.nedzink.com\/fr-be\/environnement-durabilite\/","name":"Environnement & Durabilit\u00e9 \u2013 NedZink","isPartOf":{"@id":"https:\/\/www.nedzink.com\/fr-be\/#website"},"datePublished":"2019-09-04T12:39:59+00:00","dateModified":"2020-09-25T12:31:50+00:00","breadcrumb":{"@id":"https:\/\/www.nedzink.com\/fr-be\/environnement-durabilite\/#breadcrumb"},"inLanguage":"fr-BE","potentialAction":[{"@type":"ReadAction","target":["https:\/\/www.nedzink.com\/fr-be\/environnement-durabilite\/"]}]},{"@type":"BreadcrumbList","@id":"https:\/\/www.nedzink.com\/fr-be\/environnement-durabilite\/#breadcrumb","itemListElement":[{"@type":"ListItem","position":1,"name":"Home","item":"https:\/\/www.nedzink.com\/fr-be\/"},{"@type":"ListItem","position":2,"name":"Environnement &#038; Durabilit\u00e9"}]},{"@type":"WebSite","@id":"https:\/\/www.nedzink.com\/fr-be\/#website","url":"https:\/\/www.nedzink.com\/fr-be\/","name":"NedZink","description":"Zink fabrikant","publisher":{"@id":"https:\/\/www.nedzink.com\/fr-be\/#organization"},"potentialAction":[{"@type":"SearchAction","target":{"@type":"EntryPoint","urlTemplate":"https:\/\/www.nedzink.com\/fr-be\/?s={search_term_string}"},"query-input":{"@type":"PropertyValueSpecification","valueRequired":true,"valueName":"search_term_string"}}],"inLanguage":"fr-BE"},{"@type":"Organization","@id":"https:\/\/www.nedzink.com\/fr-be\/#organization","name":"NedZink","url":"https:\/\/www.nedzink.com\/fr-be\/","logo":{"@type":"ImageObject","inLanguage":"fr-BE","@id":"https:\/\/www.nedzink.com\/fr-be\/#\/schema\/logo\/image\/","url":"https:\/\/www.nedzink.com\/wp-content\/uploads\/2019\/08\/logo-nedzink_fc_zk.jpg","contentUrl":"https:\/\/www.nedzink.com\/wp-content\/uploads\/2019\/08\/logo-nedzink_fc_zk.jpg","width":2160,"height":688,"caption":"NedZink"},"image":{"@id":"https:\/\/www.nedzink.com\/fr-be\/#\/schema\/logo\/image\/"}}]}},"_links":{"self":[{"href":"https:\/\/www.nedzink.com\/fr-be\/wp-json\/wp\/v2\/pages\/49394","targetHints":{"allow":["GET"]}}],"collection":[{"href":"https:\/\/www.nedzink.com\/fr-be\/wp-json\/wp\/v2\/pages"}],"about":[{"href":"https:\/\/www.nedzink.com\/fr-be\/wp-json\/wp\/v2\/types\/page"}],"author":[{"embeddable":true,"href":"https:\/\/www.nedzink.com\/fr-be\/wp-json\/wp\/v2\/users\/4"}],"replies":[{"embeddable":true,"href":"https:\/\/www.nedzink.com\/fr-be\/wp-json\/wp\/v2\/comments?post=49394"}],"version-history":[{"count":0,"href":"https:\/\/www.nedzink.com\/fr-be\/wp-json\/wp\/v2\/pages\/49394\/revisions"}],"wp:attachment":[{"href":"https:\/\/www.nedzink.com\/fr-be\/wp-json\/wp\/v2\/media?parent=49394"}],"curies":[{"name":"wp","href":"https:\/\/api.w.org\/{rel}","templated":true}]}}